{"id":95,"date":"2019-09-16T22:00:00","date_gmt":"2019-09-17T12:12:05","guid":{"rendered":"http:\/\/asso.unilim.fr\/rerdh\/?page_id=95"},"modified":"2019-09-24T19:07:57","modified_gmt":"2019-09-24T17:07:57","slug":"page-daccueil","status":"publish","type":"page","link":"https:\/\/asso.unilim.fr\/rerdh\/","title":{"rendered":"Page d&rsquo;accueil"},"content":{"rendered":"        <div class=\"container-fluid bg-primary \" style=\"\">\n                      <div class=\"container\">\n                <div class=\"row \" style=\"margin-top: 10px;margin-bottom: 10px\">        <div class=\"col-sm-12 \">\n            <div style=\"padding:10px 30px;\" class=\"bg-primary\">                                <div style=\"height:380px;overflow: hidden;\" id=\"carousel-255667358\" class=\"carousel slide ul-element-post-slider \" data-ride=\"carousel\" data-interval=\"5000\">\n\n                                            <ol style=\"\" class=\"carousel-indicators left\">\n                                                            <li data-target=\"#carousel-255667358\" data-slide-to=\"0\" class=\"active\"><\/li>\n                                                            <li data-target=\"#carousel-255667358\" data-slide-to=\"1\" class=\"\"><\/li>\n                                                            <li data-target=\"#carousel-255667358\" data-slide-to=\"2\" class=\"\"><\/li>\n                                                            <li data-target=\"#carousel-255667358\" data-slide-to=\"3\" class=\"\"><\/li>\n                                                            <li data-target=\"#carousel-255667358\" data-slide-to=\"4\" class=\"\"><\/li>\n                                                    <\/ol>\n                    \n\n                    <div class=\"carousel-inner\">\n                                                    <div class=\"ul-element-post-slider-item item active\" >\n                                <a class=\"text-light\" href=\"https:\/\/asso.unilim.fr\/rerdh\/2021\/09\/10\/appel-a-contribution-les-cahiers-du-r-e-r-d-h\/\">\n\n                                                                            <img data-src=\"holder.js\/1200x400\/auto\/text: \" class=\"img-responsive\" style=\"max-width:inherit;\">\n                                                                        \n\n                                    <div style=\"\" class=\"carousel-caption left bg-black bg-black-a-6\">\n                                                                                    <h4 class=\"bg-black\" style=\"text-align: left;margin: 0;padding: 15px;\">\n                                                Actualit\u00e9                                            <\/h4>\n                                                                                <div>\n\n                                            <h3 class=\"ul-uppercase ul-bold\">Appel \u00e0 contribution | Les cahiers du R.E.R.D.H.<\/h3>\n                                            \n                                            \n\n                                                                                            <p><em>Les Cahiers du R\u00e9seau Europ\u00e9en de Recherche en Droits de l\u2019Homme &#8211; nouveau format de la Revue europ\u00e9enne des Droits de l&rsquo;Homme <a href='https:\/\/asso.unilim.fr\/rerdh\/2021\/09\/10\/appel-a-contribution-les-cahiers-du-r-e-r-d-h\/' alt='Lire la suite' class='text-readmore-arrow'>[...]<\/a><\/em><\/p>\n                                            \n                                                                                            <a class=\"text-light btn-action pull-right\" href=\"https:\/\/asso.unilim.fr\/rerdh\/2021\/09\/10\/appel-a-contribution-les-cahiers-du-r-e-r-d-h\/\">Lire la suite<\/a>\n                                            \n                                        <\/div>\n                                    <\/div>\n\n                                <\/a>\n\n\n                            <\/div>\n\n\n                                                    <div class=\"ul-element-post-slider-item item \" >\n                                <a class=\"text-light\" href=\"https:\/\/asso.unilim.fr\/rerdh\/2021\/06\/27\/en-route-pour-2021-2022\/\">\n\n                                                                            <img loading=\"lazy\" decoding=\"async\" width=\"913\" height=\"400\" src=\"https:\/\/asso.unilim.fr\/rerdh\/wp-content\/uploads\/sites\/11\/2019\/07\/Declaration_des_droits_de_lhomme_...Laurent_L_btv1b69480451_1-e1564038078634-913x400.jpeg\" class=\" wp-post-image\" alt=\"\" style=\"max-width:inherit;\" \/>                                                                        \n\n                                    <div style=\"\" class=\"carousel-caption left bg-black bg-black-a-6\">\n                                                                                    <h4 class=\"bg-black\" style=\"text-align: left;margin: 0;padding: 15px;\">\n                                                Actualit\u00e9                                            <\/h4>\n                                                                                <div>\n\n                                            <h3 class=\"ul-uppercase ul-bold\">En route pour 2021 &amp; 2022 !<\/h3>\n                                            \n                                            \n\n                                                                                            <p><em>La crise sanitaire a ralenti l&rsquo;ann\u00e9e du R.E.R.D.H., en apparence seulement ! Le Bureau a profit\u00e9 de cette ann\u00e9e de \u00ab\u00a0transition\u00a0\u00bb pour <a href='https:\/\/asso.unilim.fr\/rerdh\/2021\/06\/27\/en-route-pour-2021-2022\/' alt='Lire la suite' class='text-readmore-arrow'>[...]<\/a><\/em><\/p>\n                                            \n                                                                                            <a class=\"text-light btn-action pull-right\" href=\"https:\/\/asso.unilim.fr\/rerdh\/2021\/06\/27\/en-route-pour-2021-2022\/\">Lire la suite<\/a>\n                                            \n                                        <\/div>\n                                    <\/div>\n\n                                <\/a>\n\n\n                            <\/div>\n\n\n                                                    <div class=\"ul-element-post-slider-item item \" >\n                                <a class=\"text-light\" href=\"https:\/\/asso.unilim.fr\/rerdh\/2021\/04\/09\/la-recherche-nattend-pas\/\">\n\n                                                                            <img loading=\"lazy\" decoding=\"async\" width=\"1200\" height=\"400\" src=\"https:\/\/asso.unilim.fr\/rerdh\/wp-content\/uploads\/sites\/11\/2021\/04\/FACEBOOK_COUVERTURE-1-e1617961230783-1200x400.jpg\" class=\" wp-post-image\" alt=\"\" style=\"max-width:inherit;\" \/>                                                                        \n\n                                    <div style=\"\" class=\"carousel-caption left bg-black bg-black-a-6\">\n                                                                                    <h4 class=\"bg-black\" style=\"text-align: left;margin: 0;padding: 15px;\">\n                                                Actualit\u00e9                                            <\/h4>\n                                                                                <div>\n\n                                            <h3 class=\"ul-uppercase ul-bold\">La recherche n&rsquo;attend pas !<\/h3>\n                                            \n                                            \n\n                                                                                            <p><em>En d\u00e9pit du climat sanitaire actuel, qui retarde n\u00e9cessairement les projets de colloque, le R\u00e9seau Europ\u00e9en de Recherche en Droits de <a href='https:\/\/asso.unilim.fr\/rerdh\/2021\/04\/09\/la-recherche-nattend-pas\/' alt='Lire la suite' class='text-readmore-arrow'>[...]<\/a><\/em><\/p>\n                                            \n                                                                                            <a class=\"text-light btn-action pull-right\" href=\"https:\/\/asso.unilim.fr\/rerdh\/2021\/04\/09\/la-recherche-nattend-pas\/\">Lire la suite<\/a>\n                                            \n                                        <\/div>\n                                    <\/div>\n\n                                <\/a>\n\n\n                            <\/div>\n\n\n                                                    <div class=\"ul-element-post-slider-item item \" >\n                                <a class=\"text-light\" href=\"https:\/\/asso.unilim.fr\/rerdh\/2020\/10\/15\/ouverture-de-la-nouvelle-campagne-dadhesion-2020-2021\/\">\n\n                                                                            <img data-src=\"holder.js\/1200x400\/auto\/text: \" class=\"img-responsive\" style=\"max-width:inherit;\">\n                                                                        \n\n                                    <div style=\"\" class=\"carousel-caption left bg-black bg-black-a-6\">\n                                                                                    <h4 class=\"bg-black\" style=\"text-align: left;margin: 0;padding: 15px;\">\n                                                Actualit\u00e9                                            <\/h4>\n                                                                                <div>\n\n                                            <h3 class=\"ul-uppercase ul-bold\">Ouverture de la nouvelle campagne d&rsquo;adh\u00e9sion 2020-2021 !<\/h3>\n                                            \n                                            \n\n                                                                                            <p><em>Vous pouvez d\u00e8s \u00e0 pr\u00e9sent adh\u00e9rer au R.E.R.D.H. en qualit\u00e9 de membre observateur, membre adh\u00e9rent ou membre bienfaiteur. La proc\u00e9dure \u00e0 <a href='https:\/\/asso.unilim.fr\/rerdh\/2020\/10\/15\/ouverture-de-la-nouvelle-campagne-dadhesion-2020-2021\/' alt='Lire la suite' class='text-readmore-arrow'>[...]<\/a><\/em><\/p>\n                                            \n                                                                                            <a class=\"text-light btn-action pull-right\" href=\"https:\/\/asso.unilim.fr\/rerdh\/2020\/10\/15\/ouverture-de-la-nouvelle-campagne-dadhesion-2020-2021\/\">Lire la suite<\/a>\n                                            \n                                        <\/div>\n                                    <\/div>\n\n                                <\/a>\n\n\n                            <\/div>\n\n\n                                                    <div class=\"ul-element-post-slider-item item \" >\n                                <a class=\"text-light\" href=\"https:\/\/asso.unilim.fr\/rerdh\/2020\/10\/15\/publication-du-premier-numero-de-la-revue-du-rerdh\/\">\n\n                                                                            <img loading=\"lazy\" decoding=\"async\" width=\"1200\" height=\"400\" src=\"https:\/\/asso.unilim.fr\/rerdh\/wp-content\/uploads\/sites\/11\/2020\/10\/Capture-1200x400.png\" class=\" wp-post-image\" alt=\"\" style=\"max-width:inherit;\" \/>                                                                        \n\n                                    <div style=\"\" class=\"carousel-caption left bg-black bg-black-a-6\">\n                                                                                    <h4 class=\"bg-black\" style=\"text-align: left;margin: 0;padding: 15px;\">\n                                                Recherche                                            <\/h4>\n                                                                                <div>\n\n                                            <h3 class=\"ul-uppercase ul-bold\">Publication du premier num\u00e9ro de la Revue du RERDH !<\/h3>\n                                            \n                                            \n\n                                                                                            <p><em>Le 8\u00e8me bureau du RERDH est heureux de vous annoncer la publication du premier num\u00e9ro de sa revue juridique en ligne : La Revue Europ\u00e9enne <a href='https:\/\/asso.unilim.fr\/rerdh\/2020\/10\/15\/publication-du-premier-numero-de-la-revue-du-rerdh\/' alt='Lire la suite' class='text-readmore-arrow'>[...]<\/a><\/em><\/p>\n                                            \n                                                                                            <a class=\"text-light btn-action pull-right\" href=\"https:\/\/asso.unilim.fr\/rerdh\/2020\/10\/15\/publication-du-premier-numero-de-la-revue-du-rerdh\/\">Lire la suite<\/a>\n                                            \n                                        <\/div>\n                                    <\/div>\n\n                                <\/a>\n\n\n                            <\/div>\n\n\n                                            <\/div>\n\n\n\n                                            <a style=\"width:10%;\" class=\"left carousel-control\" href=\"#carousel-255667358\" role=\"button\" data-slide=\"prev\">\n                            <span class=\"glyphicon glyphicon-chevron-left fa fa-chevron-left\"><\/span>\n                        <\/a>\n                        <a style=\"width:10%;\" class=\"right carousel-control\" href=\"#carousel-255667358\" role=\"button\" data-slide=\"next\">\n                            <span class=\"glyphicon glyphicon-chevron-right fa fa-chevron-right\"><\/span>\n                        <\/a>\n                                    <\/div>\n                <style>\n                .ul-element-post-slider .carousel-caption div {\n                    padding: 0 20px;\n                }\n                .ul-element-post-slider .carousel-caption.left {\n                    height:100%;\n                    width: 380px;\n                    text-align: left;\n                    padding: 0;\n                    left: 0;\n                    top: 0;\n                    z-index: 0;\n                    margin-left: 80px\n                }\n                .carousel-indicators.left{\n                    left: 25%;\n                }\n                .ul-element-post-slider .carousel-caption.right {\n                    height:100%;\n                    width: 380px;\n                    text-align: left;\n                    padding: 0;\n                    left: calc(100% - 380px);\n                    top: 0;\n                    z-index: 0;\n                }\n                .carousel-indicators.right{\n                    left: 75%;\n                }\n                .ul-element-post-slider .carousel-control {\n                    opacity: 0.1;\n                }\n                .ul-element-post-slider:hover .carousel-control,\n                .ul-element-post-slider .carousel-indicators > li {\n                    opacity: 0.5;\n                }\n                .ul-element-post-slider .carousel-control:hover {\n                    opacity: 0.9;\n                }\n                <\/style>\n\n                <\/div>        <\/div>\n        <\/div>\n            <\/div>\n                  <\/div>\n                <div class=\"container-fluid bg-white \" style=\"\">\n                      <div class=\"container\">\n                <div class=\"row \" style=\"margin-top: 20px;margin-bottom: 20px\">        <div class=\"col-sm-6 \">\n            <div style=\"padding:10px 30px;\" class=\"bg-white\">\n        \n        <div class=\"ul-element-header text-left  \">\n\n            <h2 class=\"ul-bold  \" style=\"\">\n                                Un r\u00e9seau et une revue au coeur des Droits de l'Homme !                            <\/h2>\n        <\/div>\n                <div class=\"clearfix ul-element-text \">\n            \n<p style=\"text-align: justify\">\n<p style=\"text-align: justify\">Le R\u00e9seau Europ\u00e9en de Recherche en Droits de l&rsquo;Homme (R.E.R.D.H.) fut cr\u00e9\u00e9 en 2009 \u00e0 l&rsquo;initiative de doctorants en Droit de l&rsquo;Universit\u00e9 de Limoges.<\/p>\n<p style=\"text-align: justify\">Depuis lors, ses actions tant scientifiques qu&rsquo;universitaires fleurissent. Engag\u00e9 pour valoriser la recherche aupr\u00e8s de la communaut\u00e9 \u00e9tudiante et universitaire, le R.E.R.D.H. est aujourd&rsquo;hui une association qui jouit d&rsquo;une certaine renomm\u00e9e. Ses colloques pluridisciplinaires et internationaux connaissent de franc succ\u00e8s et sont tous suivis de publication. Son implication dans la vie universitaire promeut le doctorat et le m\u00e9tier d&rsquo;enseignant-chercheur.<\/p>\n<p style=\"text-align: justify\">Apr\u00e8s une d\u00e9cennie de succ\u00e8s, le R.E.R.D.H. entend poursuivre ses missions par le d\u00e9veloppement de nouveaux projets et par l&rsquo;accroissement de son r\u00e9seau.<\/p>\n        <\/div>\n                <div class=\"ul-element-image \">\n            <a href=\"http:\/\/www.unilim.fr\/rerdh\/wp-content\/uploads\/sites\/11\/2019\/07\/rerdh-logo-e1563959649427.jpg\" target=\"\"  rel=\"lightbox\">\n                <img decoding=\"async\" class=\"img-responsive\" src=\"http:\/\/www.unilim.fr\/rerdh\/wp-content\/uploads\/sites\/11\/2019\/07\/rerdh-logo-e1563959649427.jpg\"\/>\n            <\/a>\n        <\/div>\n        <\/div>        <\/div>\n                <div class=\"col-sm-6 \">\n                                                <h2 class=\"text-gray\" style=\"margin-top:0; padding: 10px 0; border-top: 10px solid;\">Agenda<\/h2>\n                                    <div style=\"height:380px;overflow: hidden;\" id=\"carousel-1105962180\" class=\"carousel slide ul-element-post-slider \" data-ride=\"carousel\" data-interval=\"5000\">\n\n                                                <ol style=\"\" class=\"carousel-indicators left\">\n                                                        <\/ol>\n                      \n\n                      <div class=\"carousel-inner\">\n                                                <\/div>\n\n\n\n                                                <a style=\"width:10%;\" class=\"left carousel-control\" href=\"#carousel-1105962180\" role=\"button\" data-slide=\"prev\">\n                              <span class=\"glyphicon glyphicon-chevron-left fa fa-chevron-left\"><\/span>\n                          <\/a>\n                          <a style=\"width:10%;\" class=\"right carousel-control\" href=\"#carousel-1105962180\" role=\"button\" data-slide=\"next\">\n                              <span class=\"glyphicon glyphicon-chevron-right fa fa-chevron-right\"><\/span>\n                          <\/a>\n                                        <\/div>\n                  <style>\n                  .ul-element-post-slider .carousel-caption div {\n                      padding: 0 20px;\n                  }\n                  .ul-element-post-slider .carousel-caption.left {\n                      height:100%;\n                      width: 380px;\n                      text-align: left;\n                      padding: 0;\n                      left: 0;\n                      top: 0;\n                      z-index: 0;\n                  }\n                  .carousel-indicators.left{\n                      left: 25%;\n                  }\n                  .ul-element-post-slider .carousel-caption.right {\n                      height:100%;\n                      width: 380px;\n                      text-align: left;\n                      padding: 0;\n                      left: calc(100% - 380px);\n                      top: 0;\n                      z-index: 0;\n                  }\n                  .carousel-indicators.right{\n                      left: 75%;\n                  }\n\n                  <\/style>\n\n                          <\/div>\n        <\/div>\n            <\/div>\n                  <\/div>\n                <div class=\"container-fluid bg-gray-lighter \" style=\"\">\n                      <div class=\"container\">\n                <div class=\"row \" style=\"margin-top: 30px;margin-bottom: 30px\">        <div class=\"col-sm-12 \">\n            <div style=\"padding:10px 30px;\" class=\"bg-gray-lighter\"><\/div>        <\/div>\n        <\/div>\n            <\/div>\n                  <\/div>\n        \n","protected":false},"excerpt":{"rendered":"","protected":false},"author":99,"featured_media":0,"parent":0,"menu_order":0,"comment_status":"closed","ping_status":"closed","template":"page-le.php","meta":{"footnotes":""},"class_list":["post-95","page","type-page","status-publish","hentry"],"yoast_head":"<!-- This site is optimized with the Yoast SEO plugin v26.3 - https:\/\/yoast.com\/wordpress\/plugins\/seo\/ -->\n<title>Page d&#039;accueil - R\u00e9seau Europ\u00e9en de Recherche en Droits de l&#039;Homme (R.E.R.D.H.)<\/title>\n<meta name=\"robots\" content=\"index, follow, max-snippet:-1, max-image-preview:large, max-video-preview:-1\" \/>\n<link rel=\"canonical\" href=\"https:\/\/asso.unilim.fr\/rerdh\/\" \/>\n<meta property=\"og:locale\" content=\"fr_FR\" \/>\n<meta property=\"og:type\" content=\"article\" \/>\n<meta property=\"og:title\" content=\"Page d&#039;accueil - R\u00e9seau Europ\u00e9en de Recherche en Droits de l&#039;Homme (R.E.R.D.H.)\" \/>\n<meta property=\"og:url\" content=\"https:\/\/asso.unilim.fr\/rerdh\/\" \/>\n<meta property=\"og:site_name\" content=\"R\u00e9seau Europ\u00e9en de Recherche en Droits de l&#039;Homme (R.E.R.D.H.)\" \/>\n<meta property=\"article:modified_time\" content=\"2019-09-24T17:07:57+00:00\" \/>\n<meta name=\"twitter:card\" content=\"summary_large_image\" \/>\n<meta name=\"twitter:label1\" content=\"Dur\u00e9e de lecture estim\u00e9e\" \/>\n\t<meta name=\"twitter:data1\" content=\"2 minutes\" \/>\n<script type=\"application\/ld+json\" class=\"yoast-schema-graph\">{\"@context\":\"https:\/\/schema.org\",\"@graph\":[{\"@type\":\"WebPage\",\"@id\":\"https:\/\/asso.unilim.fr\/rerdh\/\",\"url\":\"https:\/\/asso.unilim.fr\/rerdh\/\",\"name\":\"Page d'accueil - R\u00e9seau Europ\u00e9en de Recherche en Droits de l&#039;Homme (R.E.R.D.H.)\",\"isPartOf\":{\"@id\":\"https:\/\/asso.unilim.fr\/rerdh\/#website\"},\"datePublished\":\"2019-09-17T12:12:05+00:00\",\"dateModified\":\"2019-09-24T17:07:57+00:00\",\"breadcrumb\":{\"@id\":\"https:\/\/asso.unilim.fr\/rerdh\/#breadcrumb\"},\"inLanguage\":\"fr-FR\",\"potentialAction\":[{\"@type\":\"ReadAction\",\"target\":[\"https:\/\/asso.unilim.fr\/rerdh\/\"]}]},{\"@type\":\"BreadcrumbList\",\"@id\":\"https:\/\/asso.unilim.fr\/rerdh\/#breadcrumb\",\"itemListElement\":[{\"@type\":\"ListItem\",\"position\":1,\"name\":\"Accueil\",\"item\":\"https:\/\/asso.unilim.fr\/rerdh\/\"},{\"@type\":\"ListItem\",\"position\":2,\"name\":\"Page d&rsquo;accueil\"}]},{\"@type\":\"WebSite\",\"@id\":\"https:\/\/asso.unilim.fr\/rerdh\/#website\",\"url\":\"https:\/\/asso.unilim.fr\/rerdh\/\",\"name\":\"R\u00e9seau Europ\u00e9en de Recherche en Droits de l&#039;Homme (R.E.R.D.H.)\",\"description\":\"universit\u00e9 ouverte source de r\u00e9ussites\",\"potentialAction\":[{\"@type\":\"SearchAction\",\"target\":{\"@type\":\"EntryPoint\",\"urlTemplate\":\"https:\/\/asso.unilim.fr\/rerdh\/?s={search_term_string}\"},\"query-input\":{\"@type\":\"PropertyValueSpecification\",\"valueRequired\":true,\"valueName\":\"search_term_string\"}}],\"inLanguage\":\"fr-FR\"}]}<\/script>\n<!-- \/ Yoast SEO plugin. -->","yoast_head_json":{"title":"Page d'accueil - R\u00e9seau Europ\u00e9en de Recherche en Droits de l&#039;Homme (R.E.R.D.H.)","robots":{"index":"index","follow":"follow","max-snippet":"max-snippet:-1","max-image-preview":"max-image-preview:large","max-video-preview":"max-video-preview:-1"},"canonical":"https:\/\/asso.unilim.fr\/rerdh\/","og_locale":"fr_FR","og_type":"article","og_title":"Page d'accueil - R\u00e9seau Europ\u00e9en de Recherche en Droits de l&#039;Homme (R.E.R.D.H.)","og_url":"https:\/\/asso.unilim.fr\/rerdh\/","og_site_name":"R\u00e9seau Europ\u00e9en de Recherche en Droits de l&#039;Homme (R.E.R.D.H.)","article_modified_time":"2019-09-24T17:07:57+00:00","twitter_card":"summary_large_image","twitter_misc":{"Dur\u00e9e de lecture estim\u00e9e":"2 minutes"},"schema":{"@context":"https:\/\/schema.org","@graph":[{"@type":"WebPage","@id":"https:\/\/asso.unilim.fr\/rerdh\/","url":"https:\/\/asso.unilim.fr\/rerdh\/","name":"Page d'accueil - R\u00e9seau Europ\u00e9en de Recherche en Droits de l&#039;Homme (R.E.R.D.H.)","isPartOf":{"@id":"https:\/\/asso.unilim.fr\/rerdh\/#website"},"datePublished":"2019-09-17T12:12:05+00:00","dateModified":"2019-09-24T17:07:57+00:00","breadcrumb":{"@id":"https:\/\/asso.unilim.fr\/rerdh\/#breadcrumb"},"inLanguage":"fr-FR","potentialAction":[{"@type":"ReadAction","target":["https:\/\/asso.unilim.fr\/rerdh\/"]}]},{"@type":"BreadcrumbList","@id":"https:\/\/asso.unilim.fr\/rerdh\/#breadcrumb","itemListElement":[{"@type":"ListItem","position":1,"name":"Accueil","item":"https:\/\/asso.unilim.fr\/rerdh\/"},{"@type":"ListItem","position":2,"name":"Page d&rsquo;accueil"}]},{"@type":"WebSite","@id":"https:\/\/asso.unilim.fr\/rerdh\/#website","url":"https:\/\/asso.unilim.fr\/rerdh\/","name":"R\u00e9seau Europ\u00e9en de Recherche en Droits de l&#039;Homme (R.E.R.D.H.)","description":"universit\u00e9 ouverte source de r\u00e9ussites","potentialAction":[{"@type":"SearchAction","target":{"@type":"EntryPoint","urlTemplate":"https:\/\/asso.unilim.fr\/rerdh\/?s={search_term_string}"},"query-input":{"@type":"PropertyValueSpecification","valueRequired":true,"valueName":"search_term_string"}}],"inLanguage":"fr-FR"}]}},"_links":{"self":[{"href":"https:\/\/asso.unilim.fr\/rerdh\/wp-json\/wp\/v2\/pages\/95","targetHints":{"allow":["GET"]}}],"collection":[{"href":"https:\/\/asso.unilim.fr\/rerdh\/wp-json\/wp\/v2\/pages"}],"about":[{"href":"https:\/\/asso.unilim.fr\/rerdh\/wp-json\/wp\/v2\/types\/page"}],"author":[{"embeddable":true,"href":"https:\/\/asso.unilim.fr\/rerdh\/wp-json\/wp\/v2\/users\/99"}],"replies":[{"embeddable":true,"href":"https:\/\/asso.unilim.fr\/rerdh\/wp-json\/wp\/v2\/comments?post=95"}],"version-history":[{"count":0,"href":"https:\/\/asso.unilim.fr\/rerdh\/wp-json\/wp\/v2\/pages\/95\/revisions"}],"wp:attachment":[{"href":"https:\/\/asso.unilim.fr\/rerdh\/wp-json\/wp\/v2\/media?parent=95"}],"curies":[{"name":"wp","href":"https:\/\/api.w.org\/{rel}","templated":true}]}}