{"id":57,"date":"2019-07-23T19:46:35","date_gmt":"2019-07-23T17:46:35","guid":{"rendered":"http:\/\/asso.unilim.fr\/rerdh\/?page_id=57"},"modified":"2020-10-07T11:45:00","modified_gmt":"2020-10-07T09:45:00","slug":"adhesion","status":"publish","type":"page","link":"https:\/\/asso.unilim.fr\/rerdh\/adhesion\/","title":{"rendered":"Adh\u00e9sion"},"content":{"rendered":"<p style=\"text-align: justify\">L&rsquo;adh\u00e9sion au R.E.R.D.H. est <strong>valable un an<\/strong> et peut \u00eatre r\u00e9alis\u00e9e en cours d&rsquo;ann\u00e9e universitaire. Elle permet \u00e0 chaque adh\u00e9rent d&rsquo;\u00eatre tenu inform\u00e9 des actualit\u00e9s du r\u00e9seau, d&rsquo;\u00eatre convi\u00e9 aux assembl\u00e9es g\u00e9n\u00e9rales et de recevoir les proc\u00e8s-verbaux des assembl\u00e9es g\u00e9n\u00e9rales et des conseils d&rsquo;administration.<\/p>\n<p>L&rsquo;adh\u00e9sion peut \u00eatre r\u00e9alis\u00e9e en qualit\u00e9 de :<\/p>\n<ul>\n<li><span style=\"color: #c21717\">Membre observateur<\/span> : ce statut ne permet pas de disposer d&rsquo;une voix aux assembl\u00e9es g\u00e9n\u00e9rales ;<\/li>\n<li><span style=\"color: #c21717\">Membre adh\u00e9rent<\/span> : ce statut permet de disposer d&rsquo;une voix aux assembl\u00e9es g\u00e9n\u00e9rales ;<\/li>\n<li><span style=\"color: #c21717\">Membre bienfaiteur<\/span> : ce statut permet de disposer d&rsquo;une voix aux assembl\u00e9es g\u00e9n\u00e9rales.<\/li>\n<\/ul>\n<p style=\"text-align: justify\">Les enseignants-chercheurs, les docteurs, les doctorants et les acteurs de la place juridique peuvent adh\u00e9rer en qualit\u00e9 de membre observateur, adh\u00e9rent ou bienfaiteur.<\/p>\n<p>Les <span style=\"text-decoration: underline\">\u00e9tudiants de Master II Recherche<\/span> ne peuvent adh\u00e9rer \u00e0 l&rsquo;association qu&rsquo;en qualit\u00e9 de membre observateur.<\/p>\n<p style=\"text-align: justify\">Tout adh\u00e9rent doit faire parvenir au Bureau du R.E.R.D.H. le <a href=\"https:\/\/asso.unilim.fr\/rerdh\/wp-content\/uploads\/sites\/11\/2020\/10\/Bulletin-adhesion.pdf\" target=\"_blank\" rel=\"noopener noreferrer\">bulletin adh\u00e9sion 2020-2021<\/a>\u00a0d\u00fbment compl\u00e9t\u00e9. La cotisation peut \u00eatre acquitt\u00e9e par virement bancaire (<a href=\"http:\/\/www.unilim.fr\/rerdh\/wp-content\/uploads\/sites\/11\/2019\/12\/RIB-RERDH.pdf\">RIB<\/a>), par ch\u00e8que (\u00e0 l&rsquo;ordre du R.E.R.D.H.) ou en esp\u00e8ce (remise en mains propres).<\/p>\n<p>Toute adh\u00e9sion donne lieu \u00e0 la d\u00e9livrance d&rsquo;un re\u00e7u de cotisation et d&rsquo;adh\u00e9sion.<\/p>\n<p>&nbsp;<\/p>\n<p>&nbsp;<\/p>\n","protected":false},"excerpt":{"rendered":"<p>L&rsquo;adh\u00e9sion au R.E.R.D.H. est valable un an et peut \u00eatre r\u00e9alis\u00e9e en cours d&rsquo;ann\u00e9e universitaire. Elle permet \u00e0 chaque adh\u00e9rent d&rsquo;\u00eatre tenu inform\u00e9 des actualit\u00e9s du r\u00e9seau, d&rsquo;\u00eatre convi\u00e9 aux assembl\u00e9es g\u00e9n\u00e9rales et de recevoir les proc\u00e8s-verbaux des assembl\u00e9es g\u00e9n\u00e9rales et des conseils d&rsquo;administration. L&rsquo;adh\u00e9sion peut \u00eatre r\u00e9alis\u00e9e en qualit\u00e9 de : Membre observateur : [&hellip;]<\/p>\n","protected":false},"author":99,"featured_media":0,"parent":0,"menu_order":0,"comment_status":"closed","ping_status":"closed","template":"","meta":{"footnotes":""},"class_list":["post-57","page","type-page","status-publish","hentry"],"yoast_head":"<!-- This site is optimized with the Yoast SEO plugin v26.3 - https:\/\/yoast.com\/wordpress\/plugins\/seo\/ -->\n<title>Adh\u00e9sion - R\u00e9seau Europ\u00e9en de Recherche en Droits de l&#039;Homme (R.E.R.D.H.)<\/title>\n<meta name=\"robots\" content=\"index, follow, max-snippet:-1, max-image-preview:large, max-video-preview:-1\" \/>\n<link rel=\"canonical\" href=\"https:\/\/asso.unilim.fr\/rerdh\/adhesion\/\" \/>\n<meta property=\"og:locale\" content=\"fr_FR\" \/>\n<meta property=\"og:type\" content=\"article\" \/>\n<meta property=\"og:title\" content=\"Adh\u00e9sion - R\u00e9seau Europ\u00e9en de Recherche en Droits de l&#039;Homme (R.E.R.D.H.)\" \/>\n<meta property=\"og:description\" content=\"L&rsquo;adh\u00e9sion au R.E.R.D.H. est valable un an et peut \u00eatre r\u00e9alis\u00e9e en cours d&rsquo;ann\u00e9e universitaire. Elle permet \u00e0 chaque adh\u00e9rent d&rsquo;\u00eatre tenu inform\u00e9 des actualit\u00e9s du r\u00e9seau, d&rsquo;\u00eatre convi\u00e9 aux assembl\u00e9es g\u00e9n\u00e9rales et de recevoir les proc\u00e8s-verbaux des assembl\u00e9es g\u00e9n\u00e9rales et des conseils d&rsquo;administration. L&rsquo;adh\u00e9sion peut \u00eatre r\u00e9alis\u00e9e en qualit\u00e9 de : Membre observateur : [&hellip;]\" \/>\n<meta property=\"og:url\" content=\"https:\/\/asso.unilim.fr\/rerdh\/adhesion\/\" \/>\n<meta property=\"og:site_name\" content=\"R\u00e9seau Europ\u00e9en de Recherche en Droits de l&#039;Homme (R.E.R.D.H.)\" \/>\n<meta property=\"article:modified_time\" content=\"2020-10-07T09:45:00+00:00\" \/>\n<meta name=\"twitter:card\" content=\"summary_large_image\" \/>\n<meta name=\"twitter:label1\" content=\"Dur\u00e9e de lecture estim\u00e9e\" \/>\n\t<meta name=\"twitter:data1\" content=\"1 minute\" \/>\n<script type=\"application\/ld+json\" class=\"yoast-schema-graph\">{\"@context\":\"https:\/\/schema.org\",\"@graph\":[{\"@type\":\"WebPage\",\"@id\":\"https:\/\/asso.unilim.fr\/rerdh\/adhesion\/\",\"url\":\"https:\/\/asso.unilim.fr\/rerdh\/adhesion\/\",\"name\":\"Adh\u00e9sion - R\u00e9seau Europ\u00e9en de Recherche en Droits de l&#039;Homme (R.E.R.D.H.)\",\"isPartOf\":{\"@id\":\"https:\/\/asso.unilim.fr\/rerdh\/#website\"},\"datePublished\":\"2019-07-23T17:46:35+00:00\",\"dateModified\":\"2020-10-07T09:45:00+00:00\",\"breadcrumb\":{\"@id\":\"https:\/\/asso.unilim.fr\/rerdh\/adhesion\/#breadcrumb\"},\"inLanguage\":\"fr-FR\",\"potentialAction\":[{\"@type\":\"ReadAction\",\"target\":[\"https:\/\/asso.unilim.fr\/rerdh\/adhesion\/\"]}]},{\"@type\":\"BreadcrumbList\",\"@id\":\"https:\/\/asso.unilim.fr\/rerdh\/adhesion\/#breadcrumb\",\"itemListElement\":[{\"@type\":\"ListItem\",\"position\":1,\"name\":\"Accueil\",\"item\":\"https:\/\/asso.unilim.fr\/rerdh\/\"},{\"@type\":\"ListItem\",\"position\":2,\"name\":\"Adh\u00e9sion\"}]},{\"@type\":\"WebSite\",\"@id\":\"https:\/\/asso.unilim.fr\/rerdh\/#website\",\"url\":\"https:\/\/asso.unilim.fr\/rerdh\/\",\"name\":\"R\u00e9seau Europ\u00e9en de Recherche en Droits de l&#039;Homme (R.E.R.D.H.)\",\"description\":\"universit\u00e9 ouverte source de r\u00e9ussites\",\"potentialAction\":[{\"@type\":\"SearchAction\",\"target\":{\"@type\":\"EntryPoint\",\"urlTemplate\":\"https:\/\/asso.unilim.fr\/rerdh\/?s={search_term_string}\"},\"query-input\":{\"@type\":\"PropertyValueSpecification\",\"valueRequired\":true,\"valueName\":\"search_term_string\"}}],\"inLanguage\":\"fr-FR\"}]}<\/script>\n<!-- \/ Yoast SEO plugin. -->","yoast_head_json":{"title":"Adh\u00e9sion - R\u00e9seau Europ\u00e9en de Recherche en Droits de l&#039;Homme (R.E.R.D.H.)","robots":{"index":"index","follow":"follow","max-snippet":"max-snippet:-1","max-image-preview":"max-image-preview:large","max-video-preview":"max-video-preview:-1"},"canonical":"https:\/\/asso.unilim.fr\/rerdh\/adhesion\/","og_locale":"fr_FR","og_type":"article","og_title":"Adh\u00e9sion - R\u00e9seau Europ\u00e9en de Recherche en Droits de l&#039;Homme (R.E.R.D.H.)","og_description":"L&rsquo;adh\u00e9sion au R.E.R.D.H. est valable un an et peut \u00eatre r\u00e9alis\u00e9e en cours d&rsquo;ann\u00e9e universitaire. Elle permet \u00e0 chaque adh\u00e9rent d&rsquo;\u00eatre tenu inform\u00e9 des actualit\u00e9s du r\u00e9seau, d&rsquo;\u00eatre convi\u00e9 aux assembl\u00e9es g\u00e9n\u00e9rales et de recevoir les proc\u00e8s-verbaux des assembl\u00e9es g\u00e9n\u00e9rales et des conseils d&rsquo;administration. L&rsquo;adh\u00e9sion peut \u00eatre r\u00e9alis\u00e9e en qualit\u00e9 de : Membre observateur : [&hellip;]","og_url":"https:\/\/asso.unilim.fr\/rerdh\/adhesion\/","og_site_name":"R\u00e9seau Europ\u00e9en de Recherche en Droits de l&#039;Homme (R.E.R.D.H.)","article_modified_time":"2020-10-07T09:45:00+00:00","twitter_card":"summary_large_image","twitter_misc":{"Dur\u00e9e de lecture estim\u00e9e":"1 minute"},"schema":{"@context":"https:\/\/schema.org","@graph":[{"@type":"WebPage","@id":"https:\/\/asso.unilim.fr\/rerdh\/adhesion\/","url":"https:\/\/asso.unilim.fr\/rerdh\/adhesion\/","name":"Adh\u00e9sion - R\u00e9seau Europ\u00e9en de Recherche en Droits de l&#039;Homme (R.E.R.D.H.)","isPartOf":{"@id":"https:\/\/asso.unilim.fr\/rerdh\/#website"},"datePublished":"2019-07-23T17:46:35+00:00","dateModified":"2020-10-07T09:45:00+00:00","breadcrumb":{"@id":"https:\/\/asso.unilim.fr\/rerdh\/adhesion\/#breadcrumb"},"inLanguage":"fr-FR","potentialAction":[{"@type":"ReadAction","target":["https:\/\/asso.unilim.fr\/rerdh\/adhesion\/"]}]},{"@type":"BreadcrumbList","@id":"https:\/\/asso.unilim.fr\/rerdh\/adhesion\/#breadcrumb","itemListElement":[{"@type":"ListItem","position":1,"name":"Accueil","item":"https:\/\/asso.unilim.fr\/rerdh\/"},{"@type":"ListItem","position":2,"name":"Adh\u00e9sion"}]},{"@type":"WebSite","@id":"https:\/\/asso.unilim.fr\/rerdh\/#website","url":"https:\/\/asso.unilim.fr\/rerdh\/","name":"R\u00e9seau Europ\u00e9en de Recherche en Droits de l&#039;Homme (R.E.R.D.H.)","description":"universit\u00e9 ouverte source de r\u00e9ussites","potentialAction":[{"@type":"SearchAction","target":{"@type":"EntryPoint","urlTemplate":"https:\/\/asso.unilim.fr\/rerdh\/?s={search_term_string}"},"query-input":{"@type":"PropertyValueSpecification","valueRequired":true,"valueName":"search_term_string"}}],"inLanguage":"fr-FR"}]}},"_links":{"self":[{"href":"https:\/\/asso.unilim.fr\/rerdh\/wp-json\/wp\/v2\/pages\/57","targetHints":{"allow":["GET"]}}],"collection":[{"href":"https:\/\/asso.unilim.fr\/rerdh\/wp-json\/wp\/v2\/pages"}],"about":[{"href":"https:\/\/asso.unilim.fr\/rerdh\/wp-json\/wp\/v2\/types\/page"}],"author":[{"embeddable":true,"href":"https:\/\/asso.unilim.fr\/rerdh\/wp-json\/wp\/v2\/users\/99"}],"replies":[{"embeddable":true,"href":"https:\/\/asso.unilim.fr\/rerdh\/wp-json\/wp\/v2\/comments?post=57"}],"version-history":[{"count":0,"href":"https:\/\/asso.unilim.fr\/rerdh\/wp-json\/wp\/v2\/pages\/57\/revisions"}],"wp:attachment":[{"href":"https:\/\/asso.unilim.fr\/rerdh\/wp-json\/wp\/v2\/media?parent=57"}],"curies":[{"name":"wp","href":"https:\/\/api.w.org\/{rel}","templated":true}]}}