{"id":55,"date":"2019-07-24T22:00:00","date_gmt":"2019-07-23T17:46:14","guid":{"rendered":"http:\/\/asso.unilim.fr\/rerdh\/?page_id=55"},"modified":"2019-07-25T11:59:40","modified_gmt":"2019-07-25T09:59:40","slug":"nos-projets-de-vie-universitaire","status":"publish","type":"page","link":"https:\/\/asso.unilim.fr\/rerdh\/nos-projets-de-vie-universitaire\/","title":{"rendered":"Nos actions universitaires"},"content":{"rendered":"        <div class=\"container-fluid  \" style=\"\">\n                      <div class=\"container\">\n                <div class=\"row \" style=\"margin-top: 30px;margin-bottom: 30px\">        <div class=\"col-sm-9 \">\n            \n        \n        <div class=\"ul-element-header text-left  \">\n\n            <h2 class=\"ul-bold  \" style=\"\">\n                                L'initiation \u00e0 la recherche                            <\/h2>\n        <\/div>\n                <div class=\"clearfix ul-element-text \">\n            \n<p style=\"text-align: justify\" data-mce-style=\"text-align: justify;\"><br data-mce-bogus=\"1\"><\/p>\n<p style=\"text-align: justify\" data-mce-style=\"text-align: justify;\">Fort d&rsquo;une volont\u00e9 de valoriser la recherche, le R.E.R.D.H. s&rsquo;est engag\u00e9 en 2019 dans la cr\u00e9ation d&rsquo;un Projet personnel et professionnel \u00ab\u00a0Enseignant-chercheur\u00a0\u00bb. L&rsquo;objectif est de faire d\u00e9couvrir aux \u00e9tudiants de deuxi\u00e8me ann\u00e9e en droit la&nbsp;<strong>r\u00e9alit\u00e9 du m\u00e9tier.&nbsp; <\/strong>C&rsquo;est notamment&nbsp; l&rsquo;aspect&nbsp;<span style=\"text-decoration: underline\" data-mce-style=\"text-decoration: underline;\">Recherche<\/span> de la profession qui est au coeur du projet. <\/p>\n<p style=\"text-align: justify\" data-mce-style=\"text-align: justify;\">Les \u00e9tudiants ont pour enjeu de monter de toute pi\u00e8ce une conf\u00e9rence et de se confronter aux difficult\u00e9s scientifiques, techniques et mat\u00e9rielles que cela g\u00e9n\u00e8re. Tout en les guidant et les orientant, le R.E.R.D.H. laisse les \u00e9tudiants g\u00e9rer la d\u00e9termination de la th\u00e9matique et de la probl\u00e9matique, la prise de contact avec les intervenants, la communication et les aspects logistiques. De quoi d\u00e9mystifier la profession et, potentiellement, cr\u00e9er des vocations.<\/p>\n        <\/div>\n                <\/div>\n                <div class=\"col-sm-3 \">\n                    <div class=\"ul-element-image \">\n            <a href=\"http:\/\/www.unilim.fr\/rerdh\/wp-content\/uploads\/sites\/11\/2019\/07\/PPP-204x300.jpg\" target=\"\"  rel=\"lightbox\">\n                <img decoding=\"async\" class=\"img-responsive\" src=\"http:\/\/www.unilim.fr\/rerdh\/wp-content\/uploads\/sites\/11\/2019\/07\/PPP-204x300.jpg\"\/>\n            <\/a>\n        <\/div>\n                <\/div>\n        <\/div>\n            <\/div>\n                  <\/div>\n                <div class=\"container-fluid  \" style=\"\">\n                      <div class=\"container\">\n                <div class=\"row \" style=\"margin-top: 30px;margin-bottom: 30px\">        <div class=\"col-md-12 \">\n            \n        \n        <div class=\"ul-element-header text-left  \">\n\n            <h2 class=\"ul-bold  \" style=\"\">\n                                Du projet de th\u00e8se au doctorat : le R.E.R.D.H. accompagne.                            <\/h2>\n        <\/div>\n                <div class=\"clearfix ul-element-text \">\n            \n<p>Sa mission d&rsquo;accompagnement des \u00e9tudiants conduit le R.E.R.D.H. \u00e0 soutenir les \u00e9tudiants de Master II dans leur projet de r\u00e9alisation d&rsquo;un doctorat.<\/p>\n<p>Deux&nbsp;<strong>r\u00e9unions d&rsquo;information<\/strong> sont, \u00e0 ce titre, r\u00e9alis\u00e9s au cours de l&rsquo;ann\u00e9e universitaire :<\/p>\n<ul>\n<li>Une r\u00e9union d&rsquo;information sur le doctorat : elle se destine, d\u00e8s octobre, \u00e0 pr\u00e9senter les conditions de travail du doctorant, l&rsquo;objetif de la th\u00e8se et ses d\u00e9bouch\u00e9s pour laisser murir le projet dans l&rsquo;esprit des \u00e9tudiants ;<\/li>\n<li style=\"text-align: justify\" data-mce-style=\"text-align: justify;\">Une r\u00e9union d&rsquo;information sur le financement de la th\u00e8se : courant mai, le Bureau pr\u00e9sente aux \u00e9tudiants qui sont certains de vouloir s&rsquo;engager dans un doctorat les diff\u00e9rentes possibilit\u00e9s de financement (contrat doctoral, convention CIFRE, etc.).<\/li>\n<\/ul>\n<p>D\u00e8s juin, les membres du r\u00e9seau accompagnent ensuite les \u00e9tudiants dans la constitution de leur dossier de th\u00e8se (projet, lettre de motivation) et les pr\u00e9parent \u00e0 l&rsquo;oral de s\u00e9lection.&nbsp;<\/p>\n<p style=\"text-align: justify\" data-mce-style=\"text-align: justify;\">Les&nbsp;<strong>nouveaux doctorants<\/strong> sont chaleueusement accueillis par l&rsquo;association. Celle-ci met en place plusieures actions pour faciliter leur int\u00e9gration. Notamment, lorsque ces nouveaux arrivants se destinent \u00e0 l&rsquo;enseignement, le R.E.R.D.H. organise une r\u00e9union d&rsquo;information sur la r\u00e9alisation des travaux dirig\u00e9s pour r\u00e9pondre aux questions et aux doutes. Un projet de tutorat est \u00e9galement en cours de d\u00e9veloppement.<\/p>\n        <\/div>\n                <\/div>\n        <\/div>\n            <\/div>\n                  <\/div>\n                <div class=\"container-fluid  \" style=\"\">\n                      <div class=\"container\">\n                <div class=\"row \" style=\"margin-top: 30px;margin-bottom: 30px\">        <div class=\"col-sm-5 \">\n                    <div class=\"ul-element-image \">\n            <a href=\"http:\/\/www.unilim.fr\/rerdh\/wp-content\/uploads\/sites\/11\/2019\/07\/53664138_398979920648232_865126118447906816_n-354x200.jpg\" target=\"\"  rel=\"lightbox\">\n                <img decoding=\"async\" class=\"img-responsive\" src=\"http:\/\/www.unilim.fr\/rerdh\/wp-content\/uploads\/sites\/11\/2019\/07\/53664138_398979920648232_865126118447906816_n-354x200.jpg\"\/>\n            <\/a>\n        <\/div>\n                <\/div>\n                <div class=\"col-sm-7 \">\n            \n        \n        <div class=\"ul-element-header text-left  \">\n\n            <h2 class=\"ul-bold  \" style=\"\">\n                                La valorisation de la recherche                            <\/h2>\n        <\/div>\n                <div class=\"clearfix ul-element-text \">\n            \n<p style=\"text-align: justify\" data-mce-style=\"text-align: justify;\">Le R.E.R.D.H. a vocation \u00e0 sensibiliser aux m\u00e9tiers de la recherche, victimes de pr\u00e9jug\u00e9s qu&rsquo;il faut sans cesse combattre. Aussi l&rsquo;association s&rsquo;est-elle engag\u00e9e dans un processus de valorisation quotidienne de la recherche.<\/p>\n<h3 data-mce-style=\"text-align: justify;\" style=\"text-align: justify\" class=\"ul-bold\">Sensibiliser t\u00f4t : les JPO<\/h3>\n<p style=\"text-align: justify\" data-mce-style=\"text-align: justify;\">Le R.E.R.D.H. est pr\u00e9sent aux journ\u00e9es portes ouvertes de la Facult\u00e9 de Droit et des Sciences \u00e9conomiques de Limoges.&nbsp; En 2019, une conf\u00e9rence sur les \u00e9tudes de droit et le doctorat fut orchestr\u00e9e par les membres du Bureau, sur l&rsquo;initiative de Johanna Gauduffe, pour faire taire les&nbsp;<em>a priori<\/em> et motiver les vocations.<\/p>\n<h3 data-mce-style=\"text-align: justify;\" style=\"text-align: justify\" class=\"ul-bold\">Renouverler l&rsquo;image du doctorant<\/h3>\n<p>Le doctorant souffre de son image de rat de biblioth\u00e8que. Le doctorat est, pourtant, beaucoup plus riche. Cette exp\u00e9rience se nourrit des projets port\u00e9s par l&rsquo;\u00e9quipe p\u00e9dagigue. Aussi, pour valoriser les personnels de l&rsquo;Universit\u00e9, le R.E.R.D.H. a organis\u00e9, en collaboration avec la Corpo DEA, un quiz \u00ab\u00a0Affronte ton prof !\u00a0\u00bb. L&rsquo;occasion de d\u00e9montrer la pluralit\u00e9 des actions et des projets men\u00e9s par le doctorant au cours de son cursus.<\/p>\n        <\/div>\n                <\/div>\n        <\/div>\n            <\/div>\n                  <\/div>\n        \n","protected":false},"excerpt":{"rendered":"","protected":false},"author":99,"featured_media":0,"parent":0,"menu_order":0,"comment_status":"closed","ping_status":"closed","template":"page-le.php","meta":{"footnotes":""},"class_list":["post-55","page","type-page","status-publish","hentry"],"yoast_head":"<!-- This site is optimized with the Yoast SEO plugin v26.3 - https:\/\/yoast.com\/wordpress\/plugins\/seo\/ -->\n<title>Nos actions universitaires - R\u00e9seau Europ\u00e9en de Recherche en Droits de l&#039;Homme (R.E.R.D.H.)<\/title>\n<meta name=\"robots\" content=\"index, follow, max-snippet:-1, max-image-preview:large, max-video-preview:-1\" \/>\n<link rel=\"canonical\" href=\"https:\/\/asso.unilim.fr\/rerdh\/nos-projets-de-vie-universitaire\/\" \/>\n<meta property=\"og:locale\" content=\"fr_FR\" \/>\n<meta property=\"og:type\" content=\"article\" \/>\n<meta property=\"og:title\" content=\"Nos actions universitaires - R\u00e9seau Europ\u00e9en de Recherche en Droits de l&#039;Homme (R.E.R.D.H.)\" \/>\n<meta property=\"og:url\" content=\"https:\/\/asso.unilim.fr\/rerdh\/nos-projets-de-vie-universitaire\/\" \/>\n<meta property=\"og:site_name\" content=\"R\u00e9seau Europ\u00e9en de Recherche en Droits de l&#039;Homme (R.E.R.D.H.)\" \/>\n<meta property=\"article:modified_time\" content=\"2019-07-25T09:59:40+00:00\" \/>\n<meta name=\"twitter:card\" content=\"summary_large_image\" \/>\n<meta name=\"twitter:label1\" content=\"Dur\u00e9e de lecture estim\u00e9e\" \/>\n\t<meta name=\"twitter:data1\" content=\"4 minutes\" \/>\n<script type=\"application\/ld+json\" class=\"yoast-schema-graph\">{\"@context\":\"https:\/\/schema.org\",\"@graph\":[{\"@type\":\"WebPage\",\"@id\":\"https:\/\/asso.unilim.fr\/rerdh\/nos-projets-de-vie-universitaire\/\",\"url\":\"https:\/\/asso.unilim.fr\/rerdh\/nos-projets-de-vie-universitaire\/\",\"name\":\"Nos actions universitaires - R\u00e9seau Europ\u00e9en de Recherche en Droits de l&#039;Homme (R.E.R.D.H.)\",\"isPartOf\":{\"@id\":\"https:\/\/asso.unilim.fr\/rerdh\/#website\"},\"datePublished\":\"2019-07-23T17:46:14+00:00\",\"dateModified\":\"2019-07-25T09:59:40+00:00\",\"breadcrumb\":{\"@id\":\"https:\/\/asso.unilim.fr\/rerdh\/nos-projets-de-vie-universitaire\/#breadcrumb\"},\"inLanguage\":\"fr-FR\",\"potentialAction\":[{\"@type\":\"ReadAction\",\"target\":[\"https:\/\/asso.unilim.fr\/rerdh\/nos-projets-de-vie-universitaire\/\"]}]},{\"@type\":\"BreadcrumbList\",\"@id\":\"https:\/\/asso.unilim.fr\/rerdh\/nos-projets-de-vie-universitaire\/#breadcrumb\",\"itemListElement\":[{\"@type\":\"ListItem\",\"position\":1,\"name\":\"Accueil\",\"item\":\"https:\/\/asso.unilim.fr\/rerdh\/\"},{\"@type\":\"ListItem\",\"position\":2,\"name\":\"Nos actions universitaires\"}]},{\"@type\":\"WebSite\",\"@id\":\"https:\/\/asso.unilim.fr\/rerdh\/#website\",\"url\":\"https:\/\/asso.unilim.fr\/rerdh\/\",\"name\":\"R\u00e9seau Europ\u00e9en de Recherche en Droits de l&#039;Homme (R.E.R.D.H.)\",\"description\":\"universit\u00e9 ouverte source de r\u00e9ussites\",\"potentialAction\":[{\"@type\":\"SearchAction\",\"target\":{\"@type\":\"EntryPoint\",\"urlTemplate\":\"https:\/\/asso.unilim.fr\/rerdh\/?s={search_term_string}\"},\"query-input\":{\"@type\":\"PropertyValueSpecification\",\"valueRequired\":true,\"valueName\":\"search_term_string\"}}],\"inLanguage\":\"fr-FR\"}]}<\/script>\n<!-- \/ Yoast SEO plugin. -->","yoast_head_json":{"title":"Nos actions universitaires - R\u00e9seau Europ\u00e9en de Recherche en Droits de l&#039;Homme (R.E.R.D.H.)","robots":{"index":"index","follow":"follow","max-snippet":"max-snippet:-1","max-image-preview":"max-image-preview:large","max-video-preview":"max-video-preview:-1"},"canonical":"https:\/\/asso.unilim.fr\/rerdh\/nos-projets-de-vie-universitaire\/","og_locale":"fr_FR","og_type":"article","og_title":"Nos actions universitaires - R\u00e9seau Europ\u00e9en de Recherche en Droits de l&#039;Homme (R.E.R.D.H.)","og_url":"https:\/\/asso.unilim.fr\/rerdh\/nos-projets-de-vie-universitaire\/","og_site_name":"R\u00e9seau Europ\u00e9en de Recherche en Droits de l&#039;Homme (R.E.R.D.H.)","article_modified_time":"2019-07-25T09:59:40+00:00","twitter_card":"summary_large_image","twitter_misc":{"Dur\u00e9e de lecture estim\u00e9e":"4 minutes"},"schema":{"@context":"https:\/\/schema.org","@graph":[{"@type":"WebPage","@id":"https:\/\/asso.unilim.fr\/rerdh\/nos-projets-de-vie-universitaire\/","url":"https:\/\/asso.unilim.fr\/rerdh\/nos-projets-de-vie-universitaire\/","name":"Nos actions universitaires - R\u00e9seau Europ\u00e9en de Recherche en Droits de l&#039;Homme (R.E.R.D.H.)","isPartOf":{"@id":"https:\/\/asso.unilim.fr\/rerdh\/#website"},"datePublished":"2019-07-23T17:46:14+00:00","dateModified":"2019-07-25T09:59:40+00:00","breadcrumb":{"@id":"https:\/\/asso.unilim.fr\/rerdh\/nos-projets-de-vie-universitaire\/#breadcrumb"},"inLanguage":"fr-FR","potentialAction":[{"@type":"ReadAction","target":["https:\/\/asso.unilim.fr\/rerdh\/nos-projets-de-vie-universitaire\/"]}]},{"@type":"BreadcrumbList","@id":"https:\/\/asso.unilim.fr\/rerdh\/nos-projets-de-vie-universitaire\/#breadcrumb","itemListElement":[{"@type":"ListItem","position":1,"name":"Accueil","item":"https:\/\/asso.unilim.fr\/rerdh\/"},{"@type":"ListItem","position":2,"name":"Nos actions universitaires"}]},{"@type":"WebSite","@id":"https:\/\/asso.unilim.fr\/rerdh\/#website","url":"https:\/\/asso.unilim.fr\/rerdh\/","name":"R\u00e9seau Europ\u00e9en de Recherche en Droits de l&#039;Homme (R.E.R.D.H.)","description":"universit\u00e9 ouverte source de r\u00e9ussites","potentialAction":[{"@type":"SearchAction","target":{"@type":"EntryPoint","urlTemplate":"https:\/\/asso.unilim.fr\/rerdh\/?s={search_term_string}"},"query-input":{"@type":"PropertyValueSpecification","valueRequired":true,"valueName":"search_term_string"}}],"inLanguage":"fr-FR"}]}},"_links":{"self":[{"href":"https:\/\/asso.unilim.fr\/rerdh\/wp-json\/wp\/v2\/pages\/55","targetHints":{"allow":["GET"]}}],"collection":[{"href":"https:\/\/asso.unilim.fr\/rerdh\/wp-json\/wp\/v2\/pages"}],"about":[{"href":"https:\/\/asso.unilim.fr\/rerdh\/wp-json\/wp\/v2\/types\/page"}],"author":[{"embeddable":true,"href":"https:\/\/asso.unilim.fr\/rerdh\/wp-json\/wp\/v2\/users\/99"}],"replies":[{"embeddable":true,"href":"https:\/\/asso.unilim.fr\/rerdh\/wp-json\/wp\/v2\/comments?post=55"}],"version-history":[{"count":0,"href":"https:\/\/asso.unilim.fr\/rerdh\/wp-json\/wp\/v2\/pages\/55\/revisions"}],"wp:attachment":[{"href":"https:\/\/asso.unilim.fr\/rerdh\/wp-json\/wp\/v2\/media?parent=55"}],"curies":[{"name":"wp","href":"https:\/\/api.w.org\/{rel}","templated":true}]}}