{"id":51,"date":"2019-07-23T19:44:58","date_gmt":"2019-07-23T17:44:58","guid":{"rendered":"http:\/\/asso.unilim.fr\/rerdh\/?page_id=51"},"modified":"2020-01-06T08:59:21","modified_gmt":"2020-01-06T07:59:21","slug":"les-colloques","status":"publish","type":"page","link":"https:\/\/asso.unilim.fr\/rerdh\/les-colloques\/","title":{"rendered":"2019 | Dura lex sed lex ?"},"content":{"rendered":"<p><img loading=\"lazy\" decoding=\"async\" class=\"size-full wp-image-220 aligncenter\" src=\"http:\/\/www.unilim.fr\/rerdh\/wp-content\/uploads\/sites\/11\/2019\/09\/Bandeau-colloque.jpg\" alt=\"\" width=\"825\" height=\"315\" srcset=\"https:\/\/asso.unilim.fr\/rerdh\/wp-content\/uploads\/sites\/11\/2019\/09\/Bandeau-colloque.jpg 825w, https:\/\/asso.unilim.fr\/rerdh\/wp-content\/uploads\/sites\/11\/2019\/09\/Bandeau-colloque-300x115.jpg 300w, https:\/\/asso.unilim.fr\/rerdh\/wp-content\/uploads\/sites\/11\/2019\/09\/Bandeau-colloque-768x293.jpg 768w\" sizes=\"auto, (max-width: 825px) 100vw, 825px\" \/><\/p>\n<p style=\"text-align: justify\">Tous les dix-huit mois, l&rsquo;association organise un<strong> colloque pluridisciplinaire<\/strong>, \u00e0 destination de la communaut\u00e9 \u00e9tudiante et scientifique, sur une th\u00e9matique originale. Ces \u00e9v\u00e9nements accueillent des professeurs, ma\u00eetres de conf\u00e9rence, docteurs et doctorants d&rsquo;universit\u00e9s fran\u00e7aises et \u00e9trang\u00e8res. Leur vocation pluridisciplinaire a un double int\u00e9r\u00eat : la vulgarisation du droit d&rsquo;une part, la valorisation du rayonnement extra-juridique de la mati\u00e8re d&rsquo;autre part.<\/p>\n<p style=\"text-align: justify\">Chaque colloque fait l&rsquo;objet d&rsquo;une publication chez de grands \u00e9diteurs ce qui v\u00e9rifie la qualit\u00e9 de l&rsquo;\u00e9v\u00e9nement scientifique d&rsquo;un c\u00f4t\u00e9, et promeut les travaux de recherche de l&rsquo;association d&rsquo;un autre c\u00f4t\u00e9.<\/p>\n<h2>Le projet de colloque : \u00ab\u00a0<em>Dura lex sed lex ?\u00a0\u00bb<\/em><\/h2>\n<p style=\"text-align: justify\">Dans la lign\u00e9e des pr\u00e9c\u00e9dentes manifestations scientifiques, le projet port\u00e9 par l\u2019association R.E.R.D.H. s\u2019engage dans une th\u00e9matique de recherche originale \u2013 \u00ab <em>Dura lex, sed lex ?<\/em> \u00bb &#8211; et s\u2019inscrit dans une <strong>approche ouverte et pluridisciplinaire<\/strong>. La forme retenue pour ce projet assure son dynamisme.<\/p>\n<h3>Les 17 et 18 octobre 2019 \u00e0 la FDSE de Limoges.<\/h3>\n<p style=\"text-align: justify\">La th\u00e9matique du\u00a0 colloque est issue d\u2019une r\u00e9flexion sur l\u2019existence d\u2019une forme de sensibilit\u00e9 dans le droit. Plus pr\u00e9cis\u00e9ment, elle vise \u00e0 interroger l\u2019adage Dura lex sed lex (\u00ab la loi est dure, mais c\u2019est la loi \u00bb) et \u00e0 se questionner sur son origine, son r\u00f4le et sa port\u00e9e face \u00e0 des situations dans lesquelles le droit peut appara\u00eetre d\u00e9sarm\u00e9 ou peu adapt\u00e9. Le droit doit-il pr\u00e9valoir, m\u00eame lorsque sa mise en \u0153uvre risque d\u2019avoir des cons\u00e9quences dramatiques ou de cr\u00e9er des situations humainement peu satisfaisantes ? Existe-t-il des principes juridiques permettant de pallier la froideur et la brutalit\u00e9 d\u2019un droit qui, par son caract\u00e8re obligatoire, serait exon\u00e9r\u00e9 de toute forme de remise en question ? Autant de questions qui am\u00e8nent \u00e0 s\u2019interroger sur la place de la sensibilit\u00e9 dans les processus juridiques, qu\u2019elle intervienne en amont, comme principe directeur du droit au moment de la cr\u00e9ation ou en aval, comme principe correcteur quand il s\u2019agit d\u2019appliquer le droit ou de le recevoir en tant que sujet de droit.<\/p>\n<p>Les d\u00e9bats s\u2019articuleront donc autour de deux axes, chacun contenant deux sous-axes :<\/p>\n<h3 style=\"padding-left: 120px\">Partie I &#8211; DURA LEX ?<\/h3>\n<blockquote>\n<p style=\"padding-left: 80px\">La sensibilit\u00e9 est-elle un principe directeur du droit ?<\/p>\n<\/blockquote>\n<p style=\"padding-left: 120px;text-align: justify\">Dans un premier temps, la<strong> sensibilit\u00e9 du droit<\/strong> sera envisag\u00e9e sous la prisme de la science juridique, dans son r\u00f4le et son principe. Il s&rsquo;agira de d\u00e9terminer si le concept m\u00eame de sensibilit\u00e9 n&rsquo;est pas incompatible avec le cadre juridique.<\/p>\n<p style=\"padding-left: 120px;text-align: justify\">Dans un second temps, la\u00a0<strong>sensibilit\u00e9 dans la cr\u00e9ation du droit<\/strong> sera consid\u00e9r\u00e9e. Lecolloque aura ici pour objet de caract\u00e9riser la place de la sensibilit\u00e9 dans le processus de naissance du droit en s\u2019int\u00e9ressant \u00e0 la fa\u00e7on dont les autorit\u00e9s publiques, le l\u00e9gislateur comme le juge dans son office jurisprudentiel, int\u00e8grent ou non la sensibilit\u00e9 dans leur mode de raisonnement en vue de cr\u00e9er du droit.<\/p>\n<h3 style=\"padding-left: 120px\">Partie II &#8211; SED LEX ?<\/h3>\n<blockquote>\n<p style=\"padding-left: 80px\">La sensibilit\u00e9 est-elle un principe correcteur du droit ?<\/p>\n<\/blockquote>\n<p style=\"padding-left: 120px;text-align: justify\">Dans un premier temps, la recherche d&rsquo;une <strong>sensibilit\u00e9 dans l&rsquo;application du droit<\/strong> guidera les interventions. Celles-ci tenteront de d\u00e9gager la fa\u00e7on dont les autorit\u00e9s (juridictionnelles mais aussi administratives) charg\u00e9es de l\u2019application de la norme de droit cherchent ou non \u00e0 pallier les carences des normes de droit dont l\u2019application litt\u00e9rale am\u00e8nerait \u00e0 cr\u00e9er des situations qui manqueraient d\u2019humanit\u00e9.<\/p>\n<p style=\"text-align: justify;padding-left: 120px\">Dans un second et dernier temps, les interventions porteront sur\u00a0<strong>la sensibilit\u00e9 dans la r\u00e9ception du droit<\/strong>. Cette derni\u00e8re partie visera \u00e0 identifier les situations dans lesquelles la r\u00e9ception de la norme de droit va se heurter \u00e0 son destinataire et la fa\u00e7on dont le droit int\u00e8gre cette donn\u00e9e.<\/p>\n<p><a href=\"http:\/\/www.unilim.fr\/rerdh\/wp-content\/uploads\/sites\/11\/2019\/08\/COLLOQUE-DURA-LEX-SED-LEX-PROGRAMME.pdf\">Cliquez ici pour d\u00e9couvrir le programme complet !<\/a><\/p>\n","protected":false},"excerpt":{"rendered":"<p>Tous les dix-huit mois, l&rsquo;association organise un colloque pluridisciplinaire, \u00e0 destination de la communaut\u00e9 \u00e9tudiante et scientifique, sur une th\u00e9matique originale. Ces \u00e9v\u00e9nements accueillent des professeurs, ma\u00eetres de conf\u00e9rence, docteurs et doctorants d&rsquo;universit\u00e9s fran\u00e7aises et \u00e9trang\u00e8res. Leur vocation pluridisciplinaire a un double int\u00e9r\u00eat : la vulgarisation du droit d&rsquo;une part, la valorisation du rayonnement extra-juridique [&hellip;]<\/p>\n","protected":false},"author":99,"featured_media":0,"parent":0,"menu_order":0,"comment_status":"closed","ping_status":"closed","template":"","meta":{"footnotes":""},"class_list":["post-51","page","type-page","status-publish","hentry"],"yoast_head":"<!-- This site is optimized with the Yoast SEO plugin v26.3 - https:\/\/yoast.com\/wordpress\/plugins\/seo\/ -->\n<title>2019 | Dura lex sed lex ? - R\u00e9seau Europ\u00e9en de Recherche en Droits de l&#039;Homme (R.E.R.D.H.)<\/title>\n<meta name=\"robots\" content=\"index, follow, max-snippet:-1, max-image-preview:large, max-video-preview:-1\" \/>\n<link rel=\"canonical\" href=\"https:\/\/asso.unilim.fr\/rerdh\/les-colloques\/\" \/>\n<meta property=\"og:locale\" content=\"fr_FR\" \/>\n<meta property=\"og:type\" content=\"article\" \/>\n<meta property=\"og:title\" content=\"2019 | Dura lex sed lex ? - R\u00e9seau Europ\u00e9en de Recherche en Droits de l&#039;Homme (R.E.R.D.H.)\" \/>\n<meta property=\"og:description\" content=\"Tous les dix-huit mois, l&rsquo;association organise un colloque pluridisciplinaire, \u00e0 destination de la communaut\u00e9 \u00e9tudiante et scientifique, sur une th\u00e9matique originale. Ces \u00e9v\u00e9nements accueillent des professeurs, ma\u00eetres de conf\u00e9rence, docteurs et doctorants d&rsquo;universit\u00e9s fran\u00e7aises et \u00e9trang\u00e8res. Leur vocation pluridisciplinaire a un double int\u00e9r\u00eat : la vulgarisation du droit d&rsquo;une part, la valorisation du rayonnement extra-juridique [&hellip;]\" \/>\n<meta property=\"og:url\" content=\"https:\/\/asso.unilim.fr\/rerdh\/les-colloques\/\" \/>\n<meta property=\"og:site_name\" content=\"R\u00e9seau Europ\u00e9en de Recherche en Droits de l&#039;Homme (R.E.R.D.H.)\" \/>\n<meta property=\"article:modified_time\" content=\"2020-01-06T07:59:21+00:00\" \/>\n<meta property=\"og:image\" content=\"http:\/\/www.unilim.fr\/rerdh\/wp-content\/uploads\/sites\/11\/2019\/09\/Bandeau-colloque.jpg\" \/>\n<meta name=\"twitter:card\" content=\"summary_large_image\" \/>\n<meta name=\"twitter:label1\" content=\"Dur\u00e9e de lecture estim\u00e9e\" \/>\n\t<meta name=\"twitter:data1\" content=\"3 minutes\" \/>\n<script type=\"application\/ld+json\" class=\"yoast-schema-graph\">{\"@context\":\"https:\/\/schema.org\",\"@graph\":[{\"@type\":\"WebPage\",\"@id\":\"https:\/\/asso.unilim.fr\/rerdh\/les-colloques\/\",\"url\":\"https:\/\/asso.unilim.fr\/rerdh\/les-colloques\/\",\"name\":\"2019 | Dura lex sed lex ? - R\u00e9seau Europ\u00e9en de Recherche en Droits de l&#039;Homme (R.E.R.D.H.)\",\"isPartOf\":{\"@id\":\"https:\/\/asso.unilim.fr\/rerdh\/#website\"},\"primaryImageOfPage\":{\"@id\":\"https:\/\/asso.unilim.fr\/rerdh\/les-colloques\/#primaryimage\"},\"image\":{\"@id\":\"https:\/\/asso.unilim.fr\/rerdh\/les-colloques\/#primaryimage\"},\"thumbnailUrl\":\"http:\/\/www.unilim.fr\/rerdh\/wp-content\/uploads\/sites\/11\/2019\/09\/Bandeau-colloque.jpg\",\"datePublished\":\"2019-07-23T17:44:58+00:00\",\"dateModified\":\"2020-01-06T07:59:21+00:00\",\"breadcrumb\":{\"@id\":\"https:\/\/asso.unilim.fr\/rerdh\/les-colloques\/#breadcrumb\"},\"inLanguage\":\"fr-FR\",\"potentialAction\":[{\"@type\":\"ReadAction\",\"target\":[\"https:\/\/asso.unilim.fr\/rerdh\/les-colloques\/\"]}]},{\"@type\":\"ImageObject\",\"inLanguage\":\"fr-FR\",\"@id\":\"https:\/\/asso.unilim.fr\/rerdh\/les-colloques\/#primaryimage\",\"url\":\"http:\/\/www.unilim.fr\/rerdh\/wp-content\/uploads\/sites\/11\/2019\/09\/Bandeau-colloque.jpg\",\"contentUrl\":\"http:\/\/www.unilim.fr\/rerdh\/wp-content\/uploads\/sites\/11\/2019\/09\/Bandeau-colloque.jpg\"},{\"@type\":\"BreadcrumbList\",\"@id\":\"https:\/\/asso.unilim.fr\/rerdh\/les-colloques\/#breadcrumb\",\"itemListElement\":[{\"@type\":\"ListItem\",\"position\":1,\"name\":\"Accueil\",\"item\":\"https:\/\/asso.unilim.fr\/rerdh\/\"},{\"@type\":\"ListItem\",\"position\":2,\"name\":\"2019 | Dura lex sed lex ?\"}]},{\"@type\":\"WebSite\",\"@id\":\"https:\/\/asso.unilim.fr\/rerdh\/#website\",\"url\":\"https:\/\/asso.unilim.fr\/rerdh\/\",\"name\":\"R\u00e9seau Europ\u00e9en de Recherche en Droits de l&#039;Homme (R.E.R.D.H.)\",\"description\":\"universit\u00e9 ouverte source de r\u00e9ussites\",\"potentialAction\":[{\"@type\":\"SearchAction\",\"target\":{\"@type\":\"EntryPoint\",\"urlTemplate\":\"https:\/\/asso.unilim.fr\/rerdh\/?s={search_term_string}\"},\"query-input\":{\"@type\":\"PropertyValueSpecification\",\"valueRequired\":true,\"valueName\":\"search_term_string\"}}],\"inLanguage\":\"fr-FR\"}]}<\/script>\n<!-- \/ Yoast SEO plugin. -->","yoast_head_json":{"title":"2019 | Dura lex sed lex ? - R\u00e9seau Europ\u00e9en de Recherche en Droits de l&#039;Homme (R.E.R.D.H.)","robots":{"index":"index","follow":"follow","max-snippet":"max-snippet:-1","max-image-preview":"max-image-preview:large","max-video-preview":"max-video-preview:-1"},"canonical":"https:\/\/asso.unilim.fr\/rerdh\/les-colloques\/","og_locale":"fr_FR","og_type":"article","og_title":"2019 | Dura lex sed lex ? - R\u00e9seau Europ\u00e9en de Recherche en Droits de l&#039;Homme (R.E.R.D.H.)","og_description":"Tous les dix-huit mois, l&rsquo;association organise un colloque pluridisciplinaire, \u00e0 destination de la communaut\u00e9 \u00e9tudiante et scientifique, sur une th\u00e9matique originale. Ces \u00e9v\u00e9nements accueillent des professeurs, ma\u00eetres de conf\u00e9rence, docteurs et doctorants d&rsquo;universit\u00e9s fran\u00e7aises et \u00e9trang\u00e8res. Leur vocation pluridisciplinaire a un double int\u00e9r\u00eat : la vulgarisation du droit d&rsquo;une part, la valorisation du rayonnement extra-juridique [&hellip;]","og_url":"https:\/\/asso.unilim.fr\/rerdh\/les-colloques\/","og_site_name":"R\u00e9seau Europ\u00e9en de Recherche en Droits de l&#039;Homme (R.E.R.D.H.)","article_modified_time":"2020-01-06T07:59:21+00:00","og_image":[{"url":"http:\/\/www.unilim.fr\/rerdh\/wp-content\/uploads\/sites\/11\/2019\/09\/Bandeau-colloque.jpg","type":"","width":"","height":""}],"twitter_card":"summary_large_image","twitter_misc":{"Dur\u00e9e de lecture estim\u00e9e":"3 minutes"},"schema":{"@context":"https:\/\/schema.org","@graph":[{"@type":"WebPage","@id":"https:\/\/asso.unilim.fr\/rerdh\/les-colloques\/","url":"https:\/\/asso.unilim.fr\/rerdh\/les-colloques\/","name":"2019 | Dura lex sed lex ? - R\u00e9seau Europ\u00e9en de Recherche en Droits de l&#039;Homme (R.E.R.D.H.)","isPartOf":{"@id":"https:\/\/asso.unilim.fr\/rerdh\/#website"},"primaryImageOfPage":{"@id":"https:\/\/asso.unilim.fr\/rerdh\/les-colloques\/#primaryimage"},"image":{"@id":"https:\/\/asso.unilim.fr\/rerdh\/les-colloques\/#primaryimage"},"thumbnailUrl":"http:\/\/www.unilim.fr\/rerdh\/wp-content\/uploads\/sites\/11\/2019\/09\/Bandeau-colloque.jpg","datePublished":"2019-07-23T17:44:58+00:00","dateModified":"2020-01-06T07:59:21+00:00","breadcrumb":{"@id":"https:\/\/asso.unilim.fr\/rerdh\/les-colloques\/#breadcrumb"},"inLanguage":"fr-FR","potentialAction":[{"@type":"ReadAction","target":["https:\/\/asso.unilim.fr\/rerdh\/les-colloques\/"]}]},{"@type":"ImageObject","inLanguage":"fr-FR","@id":"https:\/\/asso.unilim.fr\/rerdh\/les-colloques\/#primaryimage","url":"http:\/\/www.unilim.fr\/rerdh\/wp-content\/uploads\/sites\/11\/2019\/09\/Bandeau-colloque.jpg","contentUrl":"http:\/\/www.unilim.fr\/rerdh\/wp-content\/uploads\/sites\/11\/2019\/09\/Bandeau-colloque.jpg"},{"@type":"BreadcrumbList","@id":"https:\/\/asso.unilim.fr\/rerdh\/les-colloques\/#breadcrumb","itemListElement":[{"@type":"ListItem","position":1,"name":"Accueil","item":"https:\/\/asso.unilim.fr\/rerdh\/"},{"@type":"ListItem","position":2,"name":"2019 | Dura lex sed lex ?"}]},{"@type":"WebSite","@id":"https:\/\/asso.unilim.fr\/rerdh\/#website","url":"https:\/\/asso.unilim.fr\/rerdh\/","name":"R\u00e9seau Europ\u00e9en de Recherche en Droits de l&#039;Homme (R.E.R.D.H.)","description":"universit\u00e9 ouverte source de r\u00e9ussites","potentialAction":[{"@type":"SearchAction","target":{"@type":"EntryPoint","urlTemplate":"https:\/\/asso.unilim.fr\/rerdh\/?s={search_term_string}"},"query-input":{"@type":"PropertyValueSpecification","valueRequired":true,"valueName":"search_term_string"}}],"inLanguage":"fr-FR"}]}},"_links":{"self":[{"href":"https:\/\/asso.unilim.fr\/rerdh\/wp-json\/wp\/v2\/pages\/51","targetHints":{"allow":["GET"]}}],"collection":[{"href":"https:\/\/asso.unilim.fr\/rerdh\/wp-json\/wp\/v2\/pages"}],"about":[{"href":"https:\/\/asso.unilim.fr\/rerdh\/wp-json\/wp\/v2\/types\/page"}],"author":[{"embeddable":true,"href":"https:\/\/asso.unilim.fr\/rerdh\/wp-json\/wp\/v2\/users\/99"}],"replies":[{"embeddable":true,"href":"https:\/\/asso.unilim.fr\/rerdh\/wp-json\/wp\/v2\/comments?post=51"}],"version-history":[{"count":0,"href":"https:\/\/asso.unilim.fr\/rerdh\/wp-json\/wp\/v2\/pages\/51\/revisions"}],"wp:attachment":[{"href":"https:\/\/asso.unilim.fr\/rerdh\/wp-json\/wp\/v2\/media?parent=51"}],"curies":[{"name":"wp","href":"https:\/\/api.w.org\/{rel}","templated":true}]}}