{"id":49,"date":"2019-07-23T19:44:43","date_gmt":"2019-07-23T17:44:43","guid":{"rendered":"http:\/\/asso.unilim.fr\/rerdh\/?page_id=49"},"modified":"2019-09-15T11:37:41","modified_gmt":"2019-09-15T09:37:41","slug":"les-conferences","status":"publish","type":"page","link":"https:\/\/asso.unilim.fr\/rerdh\/les-conferences\/","title":{"rendered":"Les conf\u00e9rences"},"content":{"rendered":"<p>Le R.E.R.D.H.<strong> dynamise la recherche<\/strong> dans les locaux de la Facult\u00e9 de Droit et des Sciences \u00e9conomiques de Limoges tout au long de l&rsquo;ann\u00e9e universitaire.<\/p>\n<p style=\"text-align: justify\">\u00c0 ce titre, des conf\u00e9rences sont r\u00e9guli\u00e8rement organis\u00e9es sur <span style=\"color: #a81111\">l&rsquo;actualit\u00e9 juridique<\/span> ou sur des<span style=\"color: #a81111\"> th\u00e9matiques originales.<\/span> D&rsquo;une dur\u00e9e moyenne de deux heures, ces soir\u00e9es d&rsquo;\u00e9tudes accueillent des interventions de doctorants, de docteurs et d&rsquo;enseignants-chercheurs de l&rsquo;Universit\u00e9 de Limoges. Elles unissent ainsi l&rsquo;\u00e9quipe p\u00e9dagogique autour d&rsquo;un projet commun. Elles permettent encore aux jeunes doctorants d&rsquo;avoir une premi\u00e8re exp\u00e9rience de prise de parole en public.<\/p>\n<p>L&rsquo;entr\u00e9e \u00e0 ces manifestations scientifiques est libre et gratuite. En ce qu&rsquo;elles se destinent au grand public, aux \u00e9tudiants en droit mais \u00e9galement aux \u00e9tudiants d&rsquo;autres composantes, les interventions sont accessibles pour de jeunes \u00e9tudiants ou pour des profanes.<\/p>\n<h2 style=\"text-align: center\">Le cycle de conf\u00e9rences sp\u00e9cial 10 ans<\/h2>\n<figure id=\"attachment_137\" aria-describedby=\"caption-attachment-137\" style=\"width: 606px\" class=\"wp-caption aligncenter\"><img loading=\"lazy\" decoding=\"async\" class=\" wp-image-137\" src=\"http:\/\/www.unilim.fr\/rerdh\/wp-content\/uploads\/sites\/11\/2019\/07\/49657243_369890476890510_8452489866091954176_o-354x200.png\" alt=\"\" width=\"606\" height=\"342\" srcset=\"https:\/\/asso.unilim.fr\/rerdh\/wp-content\/uploads\/sites\/11\/2019\/07\/49657243_369890476890510_8452489866091954176_o-354x200.png 354w, https:\/\/asso.unilim.fr\/rerdh\/wp-content\/uploads\/sites\/11\/2019\/07\/49657243_369890476890510_8452489866091954176_o-640x360.png 640w\" sizes=\"auto, (max-width: 606px) 100vw, 606px\" \/><figcaption id=\"caption-attachment-137\" class=\"wp-caption-text\">Photo de classe &#8211; Dessin r\u00e9alis\u00e9 par Ana\u00efs VANEL<\/figcaption><\/figure>\n<p style=\"text-align: justify\">Pour les dix ans du R.E.R.D.H., le Bureau en place a r\u00e9alis\u00e9 un cycle de conf\u00e9rences sp\u00e9cial reprenant les th\u00e9matiques des pr\u00e9c\u00e9dents colloques. L&rsquo;occasion de rendre hommage aux travaux des pr\u00e9c\u00e9dentes \u00e9quipes et de saluer l&rsquo;originalit\u00e9 des th\u00e9matiques choisies. Tout au long de l&rsquo;ann\u00e9e 2019, chacun aura l&rsquo;occasion de vivre, ou de revivre, ces th\u00e8mes qui ont fait la gloire du r\u00e9seau.<\/p>\n<p>La singularit\u00e9 de l&rsquo;association consistant dans l&rsquo;originalit\u00e9 des sujets \u00e9tudi\u00e9s, ces \u00ab\u00a0remakes\u00a0\u00bb furent toutefois destin\u00e9s \u00e0 r\u00e9pondre \u00e0 une question d&rsquo;actualit\u00e9 :<\/p>\n<ul>\n<li><span style=\"color: #bd2020\">Le droit au bonheur est-il un droit au non-malheur ?<\/span><\/li>\n<li><span style=\"color: #bd2020\">Voyager : pour ou contre ses droits ?<\/span><\/li>\n<li><span style=\"color: #bd2020\">La fraternit\u00e9 : ce qu&rsquo;elle \u00e9tait, ce qu&rsquo;elle est, ce qu&rsquo;elle sera&#8230;<\/span><\/li>\n<li><span style=\"color: #bd2020\">Pornographie et droit : sc\u00e8nes coup\u00e9es !<\/span><\/li>\n<\/ul>\n<p>Par ailleurs, deux conf\u00e9rences de ce cycle furent organis\u00e9es par des \u00e9tudiantes en droit de deuxi\u00e8me ann\u00e9e dans le cadre du P.P.P. \u00ab\u00a0Enseignant-chercheur\u00a0\u00bb :<\/p>\n<ul>\n<li><span style=\"color: #bd2020\">La justice pour chacun : un combat sans fin.<\/span><\/li>\n<li><span style=\"color: #bd2020\">La fin du monde peut-elle \u00eatre r\u00e9par\u00e9e ?<\/span><\/li>\n<\/ul>\n<p>&nbsp;<\/p>\n","protected":false},"excerpt":{"rendered":"<p>Le R.E.R.D.H. dynamise la recherche dans les locaux de la Facult\u00e9 de Droit et des Sciences \u00e9conomiques de Limoges tout au long de l&rsquo;ann\u00e9e universitaire. \u00c0 ce titre, des conf\u00e9rences sont r\u00e9guli\u00e8rement organis\u00e9es sur l&rsquo;actualit\u00e9 juridique ou sur des th\u00e9matiques originales. D&rsquo;une dur\u00e9e moyenne de deux heures, ces soir\u00e9es d&rsquo;\u00e9tudes accueillent des interventions de doctorants, [&hellip;]<\/p>\n","protected":false},"author":99,"featured_media":0,"parent":0,"menu_order":0,"comment_status":"closed","ping_status":"closed","template":"","meta":{"footnotes":""},"class_list":["post-49","page","type-page","status-publish","hentry"],"yoast_head":"<!-- This site is optimized with the Yoast SEO plugin v26.3 - https:\/\/yoast.com\/wordpress\/plugins\/seo\/ -->\n<title>Les conf\u00e9rences - R\u00e9seau Europ\u00e9en de Recherche en Droits de l&#039;Homme (R.E.R.D.H.)<\/title>\n<meta name=\"robots\" content=\"index, follow, max-snippet:-1, max-image-preview:large, max-video-preview:-1\" \/>\n<link rel=\"canonical\" href=\"https:\/\/asso.unilim.fr\/rerdh\/les-conferences\/\" \/>\n<meta property=\"og:locale\" content=\"fr_FR\" \/>\n<meta property=\"og:type\" content=\"article\" \/>\n<meta property=\"og:title\" content=\"Les conf\u00e9rences - R\u00e9seau Europ\u00e9en de Recherche en Droits de l&#039;Homme (R.E.R.D.H.)\" \/>\n<meta property=\"og:description\" content=\"Le R.E.R.D.H. dynamise la recherche dans les locaux de la Facult\u00e9 de Droit et des Sciences \u00e9conomiques de Limoges tout au long de l&rsquo;ann\u00e9e universitaire. \u00c0 ce titre, des conf\u00e9rences sont r\u00e9guli\u00e8rement organis\u00e9es sur l&rsquo;actualit\u00e9 juridique ou sur des th\u00e9matiques originales. D&rsquo;une dur\u00e9e moyenne de deux heures, ces soir\u00e9es d&rsquo;\u00e9tudes accueillent des interventions de doctorants, [&hellip;]\" \/>\n<meta property=\"og:url\" content=\"https:\/\/asso.unilim.fr\/rerdh\/les-conferences\/\" \/>\n<meta property=\"og:site_name\" content=\"R\u00e9seau Europ\u00e9en de Recherche en Droits de l&#039;Homme (R.E.R.D.H.)\" \/>\n<meta property=\"article:modified_time\" content=\"2019-09-15T09:37:41+00:00\" \/>\n<meta property=\"og:image\" content=\"http:\/\/www.unilim.fr\/rerdh\/wp-content\/uploads\/sites\/11\/2019\/07\/49657243_369890476890510_8452489866091954176_o-354x200.png\" \/>\n<meta name=\"twitter:card\" content=\"summary_large_image\" \/>\n<meta name=\"twitter:label1\" content=\"Dur\u00e9e de lecture estim\u00e9e\" \/>\n\t<meta name=\"twitter:data1\" content=\"2 minutes\" \/>\n<script type=\"application\/ld+json\" class=\"yoast-schema-graph\">{\"@context\":\"https:\/\/schema.org\",\"@graph\":[{\"@type\":\"WebPage\",\"@id\":\"https:\/\/asso.unilim.fr\/rerdh\/les-conferences\/\",\"url\":\"https:\/\/asso.unilim.fr\/rerdh\/les-conferences\/\",\"name\":\"Les conf\u00e9rences - R\u00e9seau Europ\u00e9en de Recherche en Droits de l&#039;Homme (R.E.R.D.H.)\",\"isPartOf\":{\"@id\":\"https:\/\/asso.unilim.fr\/rerdh\/#website\"},\"primaryImageOfPage\":{\"@id\":\"https:\/\/asso.unilim.fr\/rerdh\/les-conferences\/#primaryimage\"},\"image\":{\"@id\":\"https:\/\/asso.unilim.fr\/rerdh\/les-conferences\/#primaryimage\"},\"thumbnailUrl\":\"http:\/\/www.unilim.fr\/rerdh\/wp-content\/uploads\/sites\/11\/2019\/07\/49657243_369890476890510_8452489866091954176_o-354x200.png\",\"datePublished\":\"2019-07-23T17:44:43+00:00\",\"dateModified\":\"2019-09-15T09:37:41+00:00\",\"breadcrumb\":{\"@id\":\"https:\/\/asso.unilim.fr\/rerdh\/les-conferences\/#breadcrumb\"},\"inLanguage\":\"fr-FR\",\"potentialAction\":[{\"@type\":\"ReadAction\",\"target\":[\"https:\/\/asso.unilim.fr\/rerdh\/les-conferences\/\"]}]},{\"@type\":\"ImageObject\",\"inLanguage\":\"fr-FR\",\"@id\":\"https:\/\/asso.unilim.fr\/rerdh\/les-conferences\/#primaryimage\",\"url\":\"http:\/\/www.unilim.fr\/rerdh\/wp-content\/uploads\/sites\/11\/2019\/07\/49657243_369890476890510_8452489866091954176_o-354x200.png\",\"contentUrl\":\"http:\/\/www.unilim.fr\/rerdh\/wp-content\/uploads\/sites\/11\/2019\/07\/49657243_369890476890510_8452489866091954176_o-354x200.png\"},{\"@type\":\"BreadcrumbList\",\"@id\":\"https:\/\/asso.unilim.fr\/rerdh\/les-conferences\/#breadcrumb\",\"itemListElement\":[{\"@type\":\"ListItem\",\"position\":1,\"name\":\"Accueil\",\"item\":\"https:\/\/asso.unilim.fr\/rerdh\/\"},{\"@type\":\"ListItem\",\"position\":2,\"name\":\"Les conf\u00e9rences\"}]},{\"@type\":\"WebSite\",\"@id\":\"https:\/\/asso.unilim.fr\/rerdh\/#website\",\"url\":\"https:\/\/asso.unilim.fr\/rerdh\/\",\"name\":\"R\u00e9seau Europ\u00e9en de Recherche en Droits de l&#039;Homme (R.E.R.D.H.)\",\"description\":\"universit\u00e9 ouverte source de r\u00e9ussites\",\"potentialAction\":[{\"@type\":\"SearchAction\",\"target\":{\"@type\":\"EntryPoint\",\"urlTemplate\":\"https:\/\/asso.unilim.fr\/rerdh\/?s={search_term_string}\"},\"query-input\":{\"@type\":\"PropertyValueSpecification\",\"valueRequired\":true,\"valueName\":\"search_term_string\"}}],\"inLanguage\":\"fr-FR\"}]}<\/script>\n<!-- \/ Yoast SEO plugin. -->","yoast_head_json":{"title":"Les conf\u00e9rences - R\u00e9seau Europ\u00e9en de Recherche en Droits de l&#039;Homme (R.E.R.D.H.)","robots":{"index":"index","follow":"follow","max-snippet":"max-snippet:-1","max-image-preview":"max-image-preview:large","max-video-preview":"max-video-preview:-1"},"canonical":"https:\/\/asso.unilim.fr\/rerdh\/les-conferences\/","og_locale":"fr_FR","og_type":"article","og_title":"Les conf\u00e9rences - R\u00e9seau Europ\u00e9en de Recherche en Droits de l&#039;Homme (R.E.R.D.H.)","og_description":"Le R.E.R.D.H. dynamise la recherche dans les locaux de la Facult\u00e9 de Droit et des Sciences \u00e9conomiques de Limoges tout au long de l&rsquo;ann\u00e9e universitaire. \u00c0 ce titre, des conf\u00e9rences sont r\u00e9guli\u00e8rement organis\u00e9es sur l&rsquo;actualit\u00e9 juridique ou sur des th\u00e9matiques originales. D&rsquo;une dur\u00e9e moyenne de deux heures, ces soir\u00e9es d&rsquo;\u00e9tudes accueillent des interventions de doctorants, [&hellip;]","og_url":"https:\/\/asso.unilim.fr\/rerdh\/les-conferences\/","og_site_name":"R\u00e9seau Europ\u00e9en de Recherche en Droits de l&#039;Homme (R.E.R.D.H.)","article_modified_time":"2019-09-15T09:37:41+00:00","og_image":[{"url":"http:\/\/www.unilim.fr\/rerdh\/wp-content\/uploads\/sites\/11\/2019\/07\/49657243_369890476890510_8452489866091954176_o-354x200.png","type":"","width":"","height":""}],"twitter_card":"summary_large_image","twitter_misc":{"Dur\u00e9e de lecture estim\u00e9e":"2 minutes"},"schema":{"@context":"https:\/\/schema.org","@graph":[{"@type":"WebPage","@id":"https:\/\/asso.unilim.fr\/rerdh\/les-conferences\/","url":"https:\/\/asso.unilim.fr\/rerdh\/les-conferences\/","name":"Les conf\u00e9rences - R\u00e9seau Europ\u00e9en de Recherche en Droits de l&#039;Homme (R.E.R.D.H.)","isPartOf":{"@id":"https:\/\/asso.unilim.fr\/rerdh\/#website"},"primaryImageOfPage":{"@id":"https:\/\/asso.unilim.fr\/rerdh\/les-conferences\/#primaryimage"},"image":{"@id":"https:\/\/asso.unilim.fr\/rerdh\/les-conferences\/#primaryimage"},"thumbnailUrl":"http:\/\/www.unilim.fr\/rerdh\/wp-content\/uploads\/sites\/11\/2019\/07\/49657243_369890476890510_8452489866091954176_o-354x200.png","datePublished":"2019-07-23T17:44:43+00:00","dateModified":"2019-09-15T09:37:41+00:00","breadcrumb":{"@id":"https:\/\/asso.unilim.fr\/rerdh\/les-conferences\/#breadcrumb"},"inLanguage":"fr-FR","potentialAction":[{"@type":"ReadAction","target":["https:\/\/asso.unilim.fr\/rerdh\/les-conferences\/"]}]},{"@type":"ImageObject","inLanguage":"fr-FR","@id":"https:\/\/asso.unilim.fr\/rerdh\/les-conferences\/#primaryimage","url":"http:\/\/www.unilim.fr\/rerdh\/wp-content\/uploads\/sites\/11\/2019\/07\/49657243_369890476890510_8452489866091954176_o-354x200.png","contentUrl":"http:\/\/www.unilim.fr\/rerdh\/wp-content\/uploads\/sites\/11\/2019\/07\/49657243_369890476890510_8452489866091954176_o-354x200.png"},{"@type":"BreadcrumbList","@id":"https:\/\/asso.unilim.fr\/rerdh\/les-conferences\/#breadcrumb","itemListElement":[{"@type":"ListItem","position":1,"name":"Accueil","item":"https:\/\/asso.unilim.fr\/rerdh\/"},{"@type":"ListItem","position":2,"name":"Les conf\u00e9rences"}]},{"@type":"WebSite","@id":"https:\/\/asso.unilim.fr\/rerdh\/#website","url":"https:\/\/asso.unilim.fr\/rerdh\/","name":"R\u00e9seau Europ\u00e9en de Recherche en Droits de l&#039;Homme (R.E.R.D.H.)","description":"universit\u00e9 ouverte source de r\u00e9ussites","potentialAction":[{"@type":"SearchAction","target":{"@type":"EntryPoint","urlTemplate":"https:\/\/asso.unilim.fr\/rerdh\/?s={search_term_string}"},"query-input":{"@type":"PropertyValueSpecification","valueRequired":true,"valueName":"search_term_string"}}],"inLanguage":"fr-FR"}]}},"_links":{"self":[{"href":"https:\/\/asso.unilim.fr\/rerdh\/wp-json\/wp\/v2\/pages\/49","targetHints":{"allow":["GET"]}}],"collection":[{"href":"https:\/\/asso.unilim.fr\/rerdh\/wp-json\/wp\/v2\/pages"}],"about":[{"href":"https:\/\/asso.unilim.fr\/rerdh\/wp-json\/wp\/v2\/types\/page"}],"author":[{"embeddable":true,"href":"https:\/\/asso.unilim.fr\/rerdh\/wp-json\/wp\/v2\/users\/99"}],"replies":[{"embeddable":true,"href":"https:\/\/asso.unilim.fr\/rerdh\/wp-json\/wp\/v2\/comments?post=49"}],"version-history":[{"count":0,"href":"https:\/\/asso.unilim.fr\/rerdh\/wp-json\/wp\/v2\/pages\/49\/revisions"}],"wp:attachment":[{"href":"https:\/\/asso.unilim.fr\/rerdh\/wp-json\/wp\/v2\/media?parent=49"}],"curies":[{"name":"wp","href":"https:\/\/api.w.org\/{rel}","templated":true}]}}