{"id":47,"date":"2019-07-23T19:44:22","date_gmt":"2019-07-23T17:44:22","guid":{"rendered":"http:\/\/asso.unilim.fr\/rerdh\/?page_id=47"},"modified":"2021-09-10T08:13:48","modified_gmt":"2021-09-10T06:13:48","slug":"notre-revue","status":"publish","type":"page","link":"https:\/\/asso.unilim.fr\/rerdh\/notre-revue\/","title":{"rendered":"Notre revue"},"content":{"rendered":"<p style=\"text-align: justify\">L&rsquo;association ambitionne de d\u00e9velopper et de diversifier son activit\u00e9 de recherche par la cr\u00e9ation d\u2019une revue juridique en ligne : la <span style=\"color: #ba2020\"><strong>Revue europ\u00e9enne de recherche en droits de l\u2019Homme, <\/strong><span style=\"color: #000000\">renomm\u00e9e dans sa nouvelle formule<\/span><strong> Les Cahiers du R\u00e9seau Europ\u00e9en de Recherche en Droits de l&rsquo;Homme.<\/strong><\/span><\/p>\n<p style=\"text-align: justify\">Cette revue a pour objectif de s\u2019int\u00e9resser autant \u00e0 l\u2019actualit\u00e9 des droits fondamentaux qu\u2019\u00e0 leurs \u00e9volutions profondes. <span style=\"color: #ba2020\">Revue annuelle<\/span>, son contenu \u00e9ditorial est d\u00e9termin\u00e9 par un comit\u00e9 \u00e9ditorial int\u00e9grant les membres de l\u2019association, soutenu par un comit\u00e9 de lecture compos\u00e9 de professeurs et de ma\u00eetres de conf\u00e9rence de tous horizons. Chaque num\u00e9ro consacrera un dossier portant sur un th\u00e8me en particulier, choisi pour son int\u00e9r\u00eat scientifique et son originalit\u00e9. Il sera publi\u00e9 <strong>en ligne<\/strong> et aux <strong>Presses universitaires de Limoges<\/strong> (Pulim).<\/p>\n<h3>Le num\u00e9ro 1 : \u00ab\u00a0Dix ans de Droits de l&rsquo;Homme\u00a0\u00bb<\/h3>\n<p style=\"text-align: justify\">Ce premier num\u00e9ro est consacr\u00e9 aux \u00e9volutions des droits de l\u2019Homme sur la d\u00e9cennie 2010. Il s\u2019interroge sur les principales avanc\u00e9es ou r\u00e9gressions qu\u2019ont connues les droits de l\u2019Homme au cours des dix derni\u00e8res ann\u00e9es, que ce soit au regard du droit interne ou du droit international, europ\u00e9en notamment. La th\u00e9matique g\u00e9n\u00e9rale de la revue permet aux contributeurs d\u2019explorer tous les champs du droit, qu\u2019il s\u2019agisse de droit public ou priv\u00e9, de droit positif, de th\u00e9orie du droit ou d\u2019histoire du droit, de questions de fond ou de proc\u00e9dure, sous r\u00e9serve que leurs contributions aient un lien plus ou moins \u00e9troit avec les droits de l\u2019Homme.<\/p>\n<h5>T\u00e9l\u00e9chargez le num\u00e9ro en int\u00e9gralit\u00e9 : <a href=\"https:\/\/asso.unilim.fr\/rerdh\/wp-content\/uploads\/sites\/11\/2020\/10\/Numero-1.pdf\" target=\"_blank\" rel=\"noopener noreferrer\">Num\u00e9ro 1 | 2020<\/a><\/h5>\n<h5>T\u00e9l\u00e9chargez un article en particulier :<\/h5>\n<ul>\n<li>\u00ab\u00a0<em><a href=\"https:\/\/asso.unilim.fr\/rerdh\/wp-content\/uploads\/sites\/11\/2020\/10\/RERDH_N1-MAGNE-1.pdf\">Vers la reconnaissance d\u2019un droit \u00e0 la r\u00e9insertion sociale des condamn\u00e9s ?<\/a><\/em>\u00a0\u00bb par Amandine MAGNE<\/li>\n<li>\u00ab\u00a0<em><a href=\"https:\/\/asso.unilim.fr\/rerdh\/wp-content\/uploads\/sites\/11\/2020\/10\/RERDH_N1-FONTAINE.pdf\" target=\"_blank\" rel=\"noopener noreferrer\">De l\u2019asile d\u2019ali\u00e9n\u00e9s criminels \u00e0 la prison : la prise en charge des troubles psychiatriques en milieu carc\u00e9ral<\/a><\/em>\u00a0\u00bb par Clotilde FONTAINE<\/li>\n<li>\u00ab\u00a0<em><a href=\"https:\/\/asso.unilim.fr\/rerdh\/wp-content\/uploads\/sites\/11\/2020\/10\/RERDH_N1-VILLAR.pdf\" target=\"_blank\" rel=\"noopener noreferrer\">La personnification de la Nature<\/a><\/em>\u00a0\u00bb par Marion VILLAR<\/li>\n<\/ul>\n<h3>Le num\u00e9ro 2 : \u00ab\u00a0Organisation internationale et \u00c9tat : compl\u00e9mentarit\u00e9 et\/ou subsidiarit\u00e9\u00a0\u00bb | Appel \u00e0 contribution<\/h3>\n<p style=\"text-align: justify\">La th\u00e9matique g\u00e9n\u00e9rale de la revue permet aux contributeurs d\u2019explorer tous les champs du droit, qu\u2019il s\u2019agisse de droit public ou priv\u00e9, de droit positif, de th\u00e9orie du droit ou d\u2019histoire du droit, de questions de fond ou de proc\u00e9dure, sous r\u00e9serve que leurs contributions aient un lien avec les droits de l\u2019Homme.<\/p>\n<p>Les propositions de contribution devront \u00eatre adress\u00e9es au Bureau du R.E.R.D.H. selon les conditions pr\u00e9cis\u00e9es dans l&rsquo;appel \u00e0 contribution disponible <a href=\"https:\/\/asso.unilim.fr\/rerdh\/wp-content\/uploads\/sites\/11\/2021\/09\/Cahiers-du-RERDH.pdf\" target=\"_blank\" rel=\"noopener noreferrer\">ici<\/a>.<\/p>\n<p>&nbsp;<\/p>\n","protected":false},"excerpt":{"rendered":"<p>L&rsquo;association ambitionne de d\u00e9velopper et de diversifier son activit\u00e9 de recherche par la cr\u00e9ation d\u2019une revue juridique en ligne : la Revue europ\u00e9enne de recherche en droits de l\u2019Homme, renomm\u00e9e dans sa nouvelle formule Les Cahiers du R\u00e9seau Europ\u00e9en de Recherche en Droits de l&rsquo;Homme. Cette revue a pour objectif de s\u2019int\u00e9resser autant \u00e0 l\u2019actualit\u00e9 [&hellip;]<\/p>\n","protected":false},"author":99,"featured_media":0,"parent":0,"menu_order":0,"comment_status":"closed","ping_status":"closed","template":"","meta":{"footnotes":""},"class_list":["post-47","page","type-page","status-publish","hentry"],"yoast_head":"<!-- This site is optimized with the Yoast SEO plugin v26.3 - https:\/\/yoast.com\/wordpress\/plugins\/seo\/ -->\n<title>Notre revue - R\u00e9seau Europ\u00e9en de Recherche en Droits de l&#039;Homme (R.E.R.D.H.)<\/title>\n<meta name=\"robots\" content=\"index, follow, max-snippet:-1, max-image-preview:large, max-video-preview:-1\" \/>\n<link rel=\"canonical\" href=\"https:\/\/asso.unilim.fr\/rerdh\/notre-revue\/\" \/>\n<meta property=\"og:locale\" content=\"fr_FR\" \/>\n<meta property=\"og:type\" content=\"article\" \/>\n<meta property=\"og:title\" content=\"Notre revue - R\u00e9seau Europ\u00e9en de Recherche en Droits de l&#039;Homme (R.E.R.D.H.)\" \/>\n<meta property=\"og:description\" content=\"L&rsquo;association ambitionne de d\u00e9velopper et de diversifier son activit\u00e9 de recherche par la cr\u00e9ation d\u2019une revue juridique en ligne : la Revue europ\u00e9enne de recherche en droits de l\u2019Homme, renomm\u00e9e dans sa nouvelle formule Les Cahiers du R\u00e9seau Europ\u00e9en de Recherche en Droits de l&rsquo;Homme. Cette revue a pour objectif de s\u2019int\u00e9resser autant \u00e0 l\u2019actualit\u00e9 [&hellip;]\" \/>\n<meta property=\"og:url\" content=\"https:\/\/asso.unilim.fr\/rerdh\/notre-revue\/\" \/>\n<meta property=\"og:site_name\" content=\"R\u00e9seau Europ\u00e9en de Recherche en Droits de l&#039;Homme (R.E.R.D.H.)\" \/>\n<meta property=\"article:modified_time\" content=\"2021-09-10T06:13:48+00:00\" \/>\n<meta name=\"twitter:card\" content=\"summary_large_image\" \/>\n<meta name=\"twitter:label1\" content=\"Dur\u00e9e de lecture estim\u00e9e\" \/>\n\t<meta name=\"twitter:data1\" content=\"2 minutes\" \/>\n<script type=\"application\/ld+json\" class=\"yoast-schema-graph\">{\"@context\":\"https:\/\/schema.org\",\"@graph\":[{\"@type\":\"WebPage\",\"@id\":\"https:\/\/asso.unilim.fr\/rerdh\/notre-revue\/\",\"url\":\"https:\/\/asso.unilim.fr\/rerdh\/notre-revue\/\",\"name\":\"Notre revue - R\u00e9seau Europ\u00e9en de Recherche en Droits de l&#039;Homme (R.E.R.D.H.)\",\"isPartOf\":{\"@id\":\"https:\/\/asso.unilim.fr\/rerdh\/#website\"},\"datePublished\":\"2019-07-23T17:44:22+00:00\",\"dateModified\":\"2021-09-10T06:13:48+00:00\",\"breadcrumb\":{\"@id\":\"https:\/\/asso.unilim.fr\/rerdh\/notre-revue\/#breadcrumb\"},\"inLanguage\":\"fr-FR\",\"potentialAction\":[{\"@type\":\"ReadAction\",\"target\":[\"https:\/\/asso.unilim.fr\/rerdh\/notre-revue\/\"]}]},{\"@type\":\"BreadcrumbList\",\"@id\":\"https:\/\/asso.unilim.fr\/rerdh\/notre-revue\/#breadcrumb\",\"itemListElement\":[{\"@type\":\"ListItem\",\"position\":1,\"name\":\"Accueil\",\"item\":\"https:\/\/asso.unilim.fr\/rerdh\/\"},{\"@type\":\"ListItem\",\"position\":2,\"name\":\"Notre revue\"}]},{\"@type\":\"WebSite\",\"@id\":\"https:\/\/asso.unilim.fr\/rerdh\/#website\",\"url\":\"https:\/\/asso.unilim.fr\/rerdh\/\",\"name\":\"R\u00e9seau Europ\u00e9en de Recherche en Droits de l&#039;Homme (R.E.R.D.H.)\",\"description\":\"universit\u00e9 ouverte source de r\u00e9ussites\",\"potentialAction\":[{\"@type\":\"SearchAction\",\"target\":{\"@type\":\"EntryPoint\",\"urlTemplate\":\"https:\/\/asso.unilim.fr\/rerdh\/?s={search_term_string}\"},\"query-input\":{\"@type\":\"PropertyValueSpecification\",\"valueRequired\":true,\"valueName\":\"search_term_string\"}}],\"inLanguage\":\"fr-FR\"}]}<\/script>\n<!-- \/ Yoast SEO plugin. -->","yoast_head_json":{"title":"Notre revue - R\u00e9seau Europ\u00e9en de Recherche en Droits de l&#039;Homme (R.E.R.D.H.)","robots":{"index":"index","follow":"follow","max-snippet":"max-snippet:-1","max-image-preview":"max-image-preview:large","max-video-preview":"max-video-preview:-1"},"canonical":"https:\/\/asso.unilim.fr\/rerdh\/notre-revue\/","og_locale":"fr_FR","og_type":"article","og_title":"Notre revue - R\u00e9seau Europ\u00e9en de Recherche en Droits de l&#039;Homme (R.E.R.D.H.)","og_description":"L&rsquo;association ambitionne de d\u00e9velopper et de diversifier son activit\u00e9 de recherche par la cr\u00e9ation d\u2019une revue juridique en ligne : la Revue europ\u00e9enne de recherche en droits de l\u2019Homme, renomm\u00e9e dans sa nouvelle formule Les Cahiers du R\u00e9seau Europ\u00e9en de Recherche en Droits de l&rsquo;Homme. Cette revue a pour objectif de s\u2019int\u00e9resser autant \u00e0 l\u2019actualit\u00e9 [&hellip;]","og_url":"https:\/\/asso.unilim.fr\/rerdh\/notre-revue\/","og_site_name":"R\u00e9seau Europ\u00e9en de Recherche en Droits de l&#039;Homme (R.E.R.D.H.)","article_modified_time":"2021-09-10T06:13:48+00:00","twitter_card":"summary_large_image","twitter_misc":{"Dur\u00e9e de lecture estim\u00e9e":"2 minutes"},"schema":{"@context":"https:\/\/schema.org","@graph":[{"@type":"WebPage","@id":"https:\/\/asso.unilim.fr\/rerdh\/notre-revue\/","url":"https:\/\/asso.unilim.fr\/rerdh\/notre-revue\/","name":"Notre revue - R\u00e9seau Europ\u00e9en de Recherche en Droits de l&#039;Homme (R.E.R.D.H.)","isPartOf":{"@id":"https:\/\/asso.unilim.fr\/rerdh\/#website"},"datePublished":"2019-07-23T17:44:22+00:00","dateModified":"2021-09-10T06:13:48+00:00","breadcrumb":{"@id":"https:\/\/asso.unilim.fr\/rerdh\/notre-revue\/#breadcrumb"},"inLanguage":"fr-FR","potentialAction":[{"@type":"ReadAction","target":["https:\/\/asso.unilim.fr\/rerdh\/notre-revue\/"]}]},{"@type":"BreadcrumbList","@id":"https:\/\/asso.unilim.fr\/rerdh\/notre-revue\/#breadcrumb","itemListElement":[{"@type":"ListItem","position":1,"name":"Accueil","item":"https:\/\/asso.unilim.fr\/rerdh\/"},{"@type":"ListItem","position":2,"name":"Notre revue"}]},{"@type":"WebSite","@id":"https:\/\/asso.unilim.fr\/rerdh\/#website","url":"https:\/\/asso.unilim.fr\/rerdh\/","name":"R\u00e9seau Europ\u00e9en de Recherche en Droits de l&#039;Homme (R.E.R.D.H.)","description":"universit\u00e9 ouverte source de r\u00e9ussites","potentialAction":[{"@type":"SearchAction","target":{"@type":"EntryPoint","urlTemplate":"https:\/\/asso.unilim.fr\/rerdh\/?s={search_term_string}"},"query-input":{"@type":"PropertyValueSpecification","valueRequired":true,"valueName":"search_term_string"}}],"inLanguage":"fr-FR"}]}},"_links":{"self":[{"href":"https:\/\/asso.unilim.fr\/rerdh\/wp-json\/wp\/v2\/pages\/47","targetHints":{"allow":["GET"]}}],"collection":[{"href":"https:\/\/asso.unilim.fr\/rerdh\/wp-json\/wp\/v2\/pages"}],"about":[{"href":"https:\/\/asso.unilim.fr\/rerdh\/wp-json\/wp\/v2\/types\/page"}],"author":[{"embeddable":true,"href":"https:\/\/asso.unilim.fr\/rerdh\/wp-json\/wp\/v2\/users\/99"}],"replies":[{"embeddable":true,"href":"https:\/\/asso.unilim.fr\/rerdh\/wp-json\/wp\/v2\/comments?post=47"}],"version-history":[{"count":0,"href":"https:\/\/asso.unilim.fr\/rerdh\/wp-json\/wp\/v2\/pages\/47\/revisions"}],"wp:attachment":[{"href":"https:\/\/asso.unilim.fr\/rerdh\/wp-json\/wp\/v2\/media?parent=47"}],"curies":[{"name":"wp","href":"https:\/\/api.w.org\/{rel}","templated":true}]}}