{"id":43,"date":"2019-07-23T19:43:27","date_gmt":"2019-07-23T17:43:27","guid":{"rendered":"http:\/\/asso.unilim.fr\/rerdh\/?page_id=43"},"modified":"2021-06-27T14:50:51","modified_gmt":"2021-06-27T12:50:51","slug":"le-conseil-dadministration","status":"publish","type":"page","link":"https:\/\/asso.unilim.fr\/rerdh\/le-conseil-dadministration\/","title":{"rendered":"Le Conseil d&rsquo;administration"},"content":{"rendered":"<h3>Les fonctions du Conseil d&rsquo;administration<\/h3>\n<p>Conform\u00e9ment \u00e0 <span style=\"color: #a61e1e\">l&rsquo;article 11 des statuts de l&rsquo;association<\/span>, le Conseil d&rsquo;administration se r\u00e9unit <strong>au moins quatre fois par an<\/strong> sur convocation du Pr\u00e9sident de l&rsquo;association ou sur la demande du quart de ses membres. Les d\u00e9cisions sont prises \u00e0 la <strong>majorit\u00e9<\/strong> des voix. En cas de partage, la voix du pr\u00e9sident est pr\u00e9pond\u00e9rante.<\/p>\n<p style=\"text-align: justify\">Conform\u00e9ment \u00e0 <span style=\"color: #a61e1e\">l&rsquo;article 12 des statuts de l&rsquo;association<\/span>, le Conseil d&rsquo;administration <strong>soutient<\/strong> administrativement l\u2019action de l\u2019association. Il peut notamment <strong>autoriser<\/strong> tout acte ou op\u00e9ration qui ne rel\u00e8ve pas de la comp\u00e9tence exclusive de l&rsquo;Assembl\u00e9e g\u00e9n\u00e9rale. Il <strong>contr\u00f4le<\/strong> la gestion des membres du bureau qui doivent lui rendre compte de son activit\u00e9.<\/p>\n<h3>La composition du Conseil d&rsquo;administration<\/h3>\n<p>Les membres actuels du Conseil d&rsquo;administration sont :<\/p>\n<ul>\n<li>Aur\u00e9lien FADERNE (Doctorant en Droit public &#8211; OMIJ) ;<\/li>\n<li>Ana\u00efs VANEL (Doctorante en Droit priv\u00e9 &#8211; CREOP) ;<\/li>\n<li>Sylvestre AUJOL ( Doctorant en Droit priv\u00e9 &#8211; OMIJ) ;<\/li>\n<li>Quentin RICORDEL (Doctorant en Droit public &#8211; OMIJ) ;<\/li>\n<li>Romain VILLENEUVE (Doctorant en Histoire du droit &#8211; OMIJ) ;<\/li>\n<li>Yann MOCAER (Doctorant en Droit priv\u00e9 &#8211; OMIJ) ;<\/li>\n<li>C\u00e9cile CHASSAGNE (Doctorante en Droit public &#8211; OMIJ) ;<\/li>\n<li>Camille DOLMAIRE (Doctorante en Droit public &#8211; OMIJ) ;<\/li>\n<li>R\u00e9mi DELMAS (Doctorant en Droit public &#8211; OMIJ) ;<\/li>\n<li>Marion VILLAR (Doctorante en Droit priv\u00e9 &#8211; OMIJ) ;<\/li>\n<li>Thomas BESSE (Docteur en Droit priv\u00e9 &#8211; OMIJ) ;<\/li>\n<li>Omar KAFI-CHERRAT (Doctorant en Droit priv\u00e9 &#8211; CREOP) ;<\/li>\n<li>Florian VILLALONGA (Doctorant en Droit priv\u00e9 &#8211; OMIJ).<\/li>\n<\/ul>\n<p>Ils sont \u00e9lus pour la dur\u00e9e du mandat du Bureau.<\/p>\n<h3>Les proc\u00e8s-verbaux<\/h3>\n<p><a href=\"https:\/\/asso.unilim.fr\/rerdh\/wp-content\/uploads\/sites\/11\/2021\/06\/2021.06.09-PV-CA.pdf\" target=\"_blank\" rel=\"noopener noreferrer\">Conseil d&rsquo;administration du 9 juin 2021<\/a><\/p>\n<p><a href=\"http:\/\/www.unilim.fr\/rerdh\/wp-content\/uploads\/sites\/11\/2019\/12\/CA-PV-du-4.12.2019.pdf\" target=\"_blank\" rel=\"noopener noreferrer\">Conseil d&rsquo;administration du 4 d\u00e9cembre 2019<\/a><\/p>\n<p><a href=\"http:\/\/www.unilim.fr\/rerdh\/wp-content\/uploads\/sites\/11\/2019\/11\/CA-PV-du-22.11.2019.pdf\" target=\"_blank\" rel=\"noopener noreferrer\">Conseil d&rsquo;administration du 22 novembre 2019<\/a><\/p>\n<p><a href=\"http:\/\/www.unilim.fr\/rerdh\/wp-content\/uploads\/sites\/11\/2019\/09\/CA-PV-du-12.09.2019.pdf\" target=\"_blank\" rel=\"noopener noreferrer\">Conseil d&rsquo;administration du 12 septembre 2019<\/a><\/p>\n<p><a href=\"http:\/\/www.unilim.fr\/rerdh\/wp-content\/uploads\/sites\/11\/2019\/09\/CA-PV-du-10.01.2019.pdf\" target=\"_blank\" rel=\"noopener noreferrer\">Conseil d&rsquo;administration du 10 janvier 2019<\/a><\/p>\n<p><a href=\"http:\/\/www.unilim.fr\/rerdh\/wp-content\/uploads\/sites\/11\/2019\/09\/CA-PV-du-20.09.2018.pdf\" target=\"_blank\" rel=\"noopener noreferrer\">Conseil d&rsquo;administration du 20 septembre 2018<\/a><\/p>\n<p><a href=\"http:\/\/www.unilim.fr\/rerdh\/wp-content\/uploads\/sites\/11\/2019\/09\/CA-PV-du-7.03.2018.pdf\" target=\"_blank\" rel=\"noopener noreferrer\">Conseil d&rsquo;administration du 7 mars 2018<\/a><\/p>\n<p><a href=\"http:\/\/www.unilim.fr\/rerdh\/wp-content\/uploads\/sites\/11\/2019\/09\/PV-CA-RERDH-02.02.2018.pdf\" target=\"_blank\" rel=\"noopener noreferrer\">Conseil d&rsquo;administration du 2 f\u00e9vrier 2018<\/a><\/p>\n<p><a href=\"http:\/\/www.unilim.fr\/rerdh\/wp-content\/uploads\/sites\/11\/2019\/09\/PV-CA-RERDH-24.01.2018.pdf\" target=\"_blank\" rel=\"noopener noreferrer\">Conseil d&rsquo;administration du 24 janvier 2018<\/a><\/p>\n","protected":false},"excerpt":{"rendered":"<p>Les fonctions du Conseil d&rsquo;administration Conform\u00e9ment \u00e0 l&rsquo;article 11 des statuts de l&rsquo;association, le Conseil d&rsquo;administration se r\u00e9unit au moins quatre fois par an sur convocation du Pr\u00e9sident de l&rsquo;association ou sur la demande du quart de ses membres. Les d\u00e9cisions sont prises \u00e0 la majorit\u00e9 des voix. En cas de partage, la voix du [&hellip;]<\/p>\n","protected":false},"author":99,"featured_media":0,"parent":0,"menu_order":0,"comment_status":"closed","ping_status":"closed","template":"","meta":{"footnotes":""},"class_list":["post-43","page","type-page","status-publish","hentry"],"yoast_head":"<!-- This site is optimized with the Yoast SEO plugin v26.3 - https:\/\/yoast.com\/wordpress\/plugins\/seo\/ -->\n<title>Le Conseil d&#039;administration - R\u00e9seau Europ\u00e9en de Recherche en Droits de l&#039;Homme (R.E.R.D.H.)<\/title>\n<meta name=\"robots\" content=\"index, follow, max-snippet:-1, max-image-preview:large, max-video-preview:-1\" \/>\n<link rel=\"canonical\" href=\"https:\/\/asso.unilim.fr\/rerdh\/le-conseil-dadministration\/\" \/>\n<meta property=\"og:locale\" content=\"fr_FR\" \/>\n<meta property=\"og:type\" content=\"article\" \/>\n<meta property=\"og:title\" content=\"Le Conseil d&#039;administration - R\u00e9seau Europ\u00e9en de Recherche en Droits de l&#039;Homme (R.E.R.D.H.)\" \/>\n<meta property=\"og:description\" content=\"Les fonctions du Conseil d&rsquo;administration Conform\u00e9ment \u00e0 l&rsquo;article 11 des statuts de l&rsquo;association, le Conseil d&rsquo;administration se r\u00e9unit au moins quatre fois par an sur convocation du Pr\u00e9sident de l&rsquo;association ou sur la demande du quart de ses membres. Les d\u00e9cisions sont prises \u00e0 la majorit\u00e9 des voix. En cas de partage, la voix du [&hellip;]\" \/>\n<meta property=\"og:url\" content=\"https:\/\/asso.unilim.fr\/rerdh\/le-conseil-dadministration\/\" \/>\n<meta property=\"og:site_name\" content=\"R\u00e9seau Europ\u00e9en de Recherche en Droits de l&#039;Homme (R.E.R.D.H.)\" \/>\n<meta property=\"article:modified_time\" content=\"2021-06-27T12:50:51+00:00\" \/>\n<meta name=\"twitter:card\" content=\"summary_large_image\" \/>\n<meta name=\"twitter:label1\" content=\"Dur\u00e9e de lecture estim\u00e9e\" \/>\n\t<meta name=\"twitter:data1\" content=\"1 minute\" \/>\n<script type=\"application\/ld+json\" class=\"yoast-schema-graph\">{\"@context\":\"https:\/\/schema.org\",\"@graph\":[{\"@type\":\"WebPage\",\"@id\":\"https:\/\/asso.unilim.fr\/rerdh\/le-conseil-dadministration\/\",\"url\":\"https:\/\/asso.unilim.fr\/rerdh\/le-conseil-dadministration\/\",\"name\":\"Le Conseil d'administration - R\u00e9seau Europ\u00e9en de Recherche en Droits de l&#039;Homme (R.E.R.D.H.)\",\"isPartOf\":{\"@id\":\"https:\/\/asso.unilim.fr\/rerdh\/#website\"},\"datePublished\":\"2019-07-23T17:43:27+00:00\",\"dateModified\":\"2021-06-27T12:50:51+00:00\",\"breadcrumb\":{\"@id\":\"https:\/\/asso.unilim.fr\/rerdh\/le-conseil-dadministration\/#breadcrumb\"},\"inLanguage\":\"fr-FR\",\"potentialAction\":[{\"@type\":\"ReadAction\",\"target\":[\"https:\/\/asso.unilim.fr\/rerdh\/le-conseil-dadministration\/\"]}]},{\"@type\":\"BreadcrumbList\",\"@id\":\"https:\/\/asso.unilim.fr\/rerdh\/le-conseil-dadministration\/#breadcrumb\",\"itemListElement\":[{\"@type\":\"ListItem\",\"position\":1,\"name\":\"Accueil\",\"item\":\"https:\/\/asso.unilim.fr\/rerdh\/\"},{\"@type\":\"ListItem\",\"position\":2,\"name\":\"Le Conseil d&rsquo;administration\"}]},{\"@type\":\"WebSite\",\"@id\":\"https:\/\/asso.unilim.fr\/rerdh\/#website\",\"url\":\"https:\/\/asso.unilim.fr\/rerdh\/\",\"name\":\"R\u00e9seau Europ\u00e9en de Recherche en Droits de l&#039;Homme (R.E.R.D.H.)\",\"description\":\"universit\u00e9 ouverte source de r\u00e9ussites\",\"potentialAction\":[{\"@type\":\"SearchAction\",\"target\":{\"@type\":\"EntryPoint\",\"urlTemplate\":\"https:\/\/asso.unilim.fr\/rerdh\/?s={search_term_string}\"},\"query-input\":{\"@type\":\"PropertyValueSpecification\",\"valueRequired\":true,\"valueName\":\"search_term_string\"}}],\"inLanguage\":\"fr-FR\"}]}<\/script>\n<!-- \/ Yoast SEO plugin. -->","yoast_head_json":{"title":"Le Conseil d'administration - R\u00e9seau Europ\u00e9en de Recherche en Droits de l&#039;Homme (R.E.R.D.H.)","robots":{"index":"index","follow":"follow","max-snippet":"max-snippet:-1","max-image-preview":"max-image-preview:large","max-video-preview":"max-video-preview:-1"},"canonical":"https:\/\/asso.unilim.fr\/rerdh\/le-conseil-dadministration\/","og_locale":"fr_FR","og_type":"article","og_title":"Le Conseil d'administration - R\u00e9seau Europ\u00e9en de Recherche en Droits de l&#039;Homme (R.E.R.D.H.)","og_description":"Les fonctions du Conseil d&rsquo;administration Conform\u00e9ment \u00e0 l&rsquo;article 11 des statuts de l&rsquo;association, le Conseil d&rsquo;administration se r\u00e9unit au moins quatre fois par an sur convocation du Pr\u00e9sident de l&rsquo;association ou sur la demande du quart de ses membres. Les d\u00e9cisions sont prises \u00e0 la majorit\u00e9 des voix. En cas de partage, la voix du [&hellip;]","og_url":"https:\/\/asso.unilim.fr\/rerdh\/le-conseil-dadministration\/","og_site_name":"R\u00e9seau Europ\u00e9en de Recherche en Droits de l&#039;Homme (R.E.R.D.H.)","article_modified_time":"2021-06-27T12:50:51+00:00","twitter_card":"summary_large_image","twitter_misc":{"Dur\u00e9e de lecture estim\u00e9e":"1 minute"},"schema":{"@context":"https:\/\/schema.org","@graph":[{"@type":"WebPage","@id":"https:\/\/asso.unilim.fr\/rerdh\/le-conseil-dadministration\/","url":"https:\/\/asso.unilim.fr\/rerdh\/le-conseil-dadministration\/","name":"Le Conseil d'administration - R\u00e9seau Europ\u00e9en de Recherche en Droits de l&#039;Homme (R.E.R.D.H.)","isPartOf":{"@id":"https:\/\/asso.unilim.fr\/rerdh\/#website"},"datePublished":"2019-07-23T17:43:27+00:00","dateModified":"2021-06-27T12:50:51+00:00","breadcrumb":{"@id":"https:\/\/asso.unilim.fr\/rerdh\/le-conseil-dadministration\/#breadcrumb"},"inLanguage":"fr-FR","potentialAction":[{"@type":"ReadAction","target":["https:\/\/asso.unilim.fr\/rerdh\/le-conseil-dadministration\/"]}]},{"@type":"BreadcrumbList","@id":"https:\/\/asso.unilim.fr\/rerdh\/le-conseil-dadministration\/#breadcrumb","itemListElement":[{"@type":"ListItem","position":1,"name":"Accueil","item":"https:\/\/asso.unilim.fr\/rerdh\/"},{"@type":"ListItem","position":2,"name":"Le Conseil d&rsquo;administration"}]},{"@type":"WebSite","@id":"https:\/\/asso.unilim.fr\/rerdh\/#website","url":"https:\/\/asso.unilim.fr\/rerdh\/","name":"R\u00e9seau Europ\u00e9en de Recherche en Droits de l&#039;Homme (R.E.R.D.H.)","description":"universit\u00e9 ouverte source de r\u00e9ussites","potentialAction":[{"@type":"SearchAction","target":{"@type":"EntryPoint","urlTemplate":"https:\/\/asso.unilim.fr\/rerdh\/?s={search_term_string}"},"query-input":{"@type":"PropertyValueSpecification","valueRequired":true,"valueName":"search_term_string"}}],"inLanguage":"fr-FR"}]}},"_links":{"self":[{"href":"https:\/\/asso.unilim.fr\/rerdh\/wp-json\/wp\/v2\/pages\/43","targetHints":{"allow":["GET"]}}],"collection":[{"href":"https:\/\/asso.unilim.fr\/rerdh\/wp-json\/wp\/v2\/pages"}],"about":[{"href":"https:\/\/asso.unilim.fr\/rerdh\/wp-json\/wp\/v2\/types\/page"}],"author":[{"embeddable":true,"href":"https:\/\/asso.unilim.fr\/rerdh\/wp-json\/wp\/v2\/users\/99"}],"replies":[{"embeddable":true,"href":"https:\/\/asso.unilim.fr\/rerdh\/wp-json\/wp\/v2\/comments?post=43"}],"version-history":[{"count":0,"href":"https:\/\/asso.unilim.fr\/rerdh\/wp-json\/wp\/v2\/pages\/43\/revisions"}],"wp:attachment":[{"href":"https:\/\/asso.unilim.fr\/rerdh\/wp-json\/wp\/v2\/media?parent=43"}],"curies":[{"name":"wp","href":"https:\/\/api.w.org\/{rel}","templated":true}]}}