{"id":41,"date":"2019-07-22T22:00:00","date_gmt":"2019-07-23T17:41:36","guid":{"rendered":"http:\/\/asso.unilim.fr\/rerdh\/?page_id=41"},"modified":"2019-07-25T10:45:35","modified_gmt":"2019-07-25T08:45:35","slug":"nos-partenaires","status":"publish","type":"page","link":"https:\/\/asso.unilim.fr\/rerdh\/nos-partenaires\/","title":{"rendered":"Nos partenaires"},"content":{"rendered":"        <div class=\"container-fluid bg-grad-left-gray-lighter \" style=\"\">\n                      <div class=\"container\">\n                <div class=\"row \" style=\"margin-top: 30px;margin-bottom: 30px\">        <div class=\"col-sm-12 \">\n            \n        \n        <div class=\"ul-element-header text-center  \">\n\n            <h2 class=\"ul-bold  \" style=\"\">\n                                Le R.E.R.D.H. remercie tous ses partenaires.                <span><br\/><\/span><small> Sans eux, rien n'est possible. Avec eux, tout est r\u00e9alisable.<\/small>            <\/h2>\n        <\/div>\n                <\/div>\n        <\/div>\n            <\/div>\n                  <\/div>\n                <div class=\"container-fluid  \" style=\"\">\n                      <div class=\"container\">\n                <div class=\"row \" style=\"margin-top: 30px;margin-bottom: 30px\">        <div class=\"col-sm-4 \">\n                    <div class=\"ul-element-image \">\n            <a href=\"http:\/\/www.unilim.fr\/omij\/\" target=\"_blank\"  rel=\"\">\n                <img decoding=\"async\" class=\"img-responsive\" src=\"http:\/\/www.unilim.fr\/rerdh\/wp-content\/uploads\/sites\/11\/2019\/07\/omij-300x108.png\"\/>\n            <\/a>\n        <\/div>\n                <\/div>\n                <div class=\"col-sm-4 \">\n                    <div class=\"ul-element-image \">\n            <a href=\"https:\/\/www.unilim.fr\/\" target=\"_blank\"  rel=\"\">\n                <img decoding=\"async\" class=\"img-responsive\" src=\"http:\/\/www.unilim.fr\/rerdh\/wp-content\/uploads\/sites\/11\/2019\/07\/logounilim-300x98.png\"\/>\n            <\/a>\n        <\/div>\n                <\/div>\n                <div class=\"col-sm-4 \">\n                    <div class=\"row\">\n                    <div class=\"col-sm-6\">\n                    <div class=\"ul-element-image \">\n            <a href=\"https:\/\/www.nouvelle-aquitaine.fr\/\" target=\"_blank\"  rel=\"\">\n                <img decoding=\"async\" class=\"img-responsive\" src=\"http:\/\/www.unilim.fr\/rerdh\/wp-content\/uploads\/sites\/11\/2019\/07\/Logo_Nouvelle_Region_Aquitaine_2016_01-300x169.jpg\"\/>\n            <\/a>\n        <\/div>\n                <\/div>\n                <div class=\"col-sm-6\">\n                    <div class=\"ul-element-image \">\n            <a href=\"https:\/\/www.crous-limoges.fr\/?lang=fr\" target=\"_blank\"  rel=\"\">\n                <img decoding=\"async\" class=\"img-responsive\" src=\"http:\/\/www.unilim.fr\/rerdh\/wp-content\/uploads\/sites\/11\/2019\/07\/Crous-logo-limoges-300x300.png\"\/>\n            <\/a>\n        <\/div>\n                <\/div>\n                <\/div>\n                <\/div>\n        <\/div>\n            <\/div>\n                  <\/div>\n                <div class=\"container-fluid  \" style=\"\">\n                      <div class=\"container\">\n                <div class=\"row \" style=\"margin-top: 30px;margin-bottom: 30px\">        <div class=\"col-sm-4 \">\n                    <div class=\"ul-element-image \">\n            <a href=\"http:\/\/www.unilim.fr\/creop\/\" target=\"_blank\"  rel=\"\">\n                <img decoding=\"async\" class=\"img-responsive\" src=\"http:\/\/www.unilim.fr\/rerdh\/wp-content\/uploads\/sites\/11\/2019\/07\/creop_1-300x80.png\"\/>\n            <\/a>\n        <\/div>\n                <\/div>\n                <div class=\"col-sm-4 \">\n                    <div class=\"ul-element-image \">\n            <a href=\"http:\/\/www.u-ldevinci.fr\/fr\/home\/\" target=\"_blank\"  rel=\"\">\n                <img decoding=\"async\" class=\"img-responsive\" src=\"http:\/\/www.unilim.fr\/rerdh\/wp-content\/uploads\/sites\/11\/2019\/07\/logo-comue-inline-300x56.png\"\/>\n            <\/a>\n        <\/div>\n                <\/div>\n                <div class=\"col-sm-4 \">\n                    <div class=\"row\">\n                    <div class=\"col-sm-6\">\n                    <div class=\"ul-element-image \">\n            <a href=\"http:\/\/www.u-ldevinci.fr\/dsp\/\" target=\"_blank\"  rel=\"\">\n                <img decoding=\"async\" class=\"img-responsive\" src=\"http:\/\/www.unilim.fr\/rerdh\/wp-content\/uploads\/sites\/11\/2019\/07\/logo-ed88-250x200.jpg\"\/>\n            <\/a>\n        <\/div>\n                <\/div>\n                <div class=\"col-sm-6\">\n                    <div class=\"ul-element-image \">\n            <a href=\"http:\/\/www.unilim.fr\/canalsup\/\" target=\"_blank\"  rel=\"\">\n                <img decoding=\"async\" class=\"img-responsive\" src=\"http:\/\/www.unilim.fr\/rerdh\/wp-content\/uploads\/sites\/11\/2019\/07\/Canalsup1-300x169.png\"\/>\n            <\/a>\n        <\/div>\n                <\/div>\n                <\/div>\n                <\/div>\n        <\/div>\n            <\/div>\n                  <\/div>\n                <div class=\"container-fluid  \" style=\"\">\n                      <div class=\"container\">\n                <div class=\"row \" style=\"margin-top: 30px;margin-bottom: 30px\">        <div class=\"col-sm-4 \">\n                    <div class=\"ul-element-image \">\n            <a href=\"http:\/\/www.fdse.unilim.fr\/\" target=\"_blank\"  rel=\"\">\n                <img decoding=\"async\" class=\"img-responsive\" src=\"http:\/\/www.unilim.fr\/rerdh\/wp-content\/uploads\/sites\/11\/2019\/07\/fdse2017-300x68.png\"\/>\n            <\/a>\n        <\/div>\n                <\/div>\n                <div class=\"col-sm-4 \">\n                    <div class=\"ul-element-image \">\n            <a href=\"http:\/\/www.iae.unilim.fr\/\" target=\"_blank\"  rel=\"\">\n                <img decoding=\"async\" class=\"img-responsive\" src=\"http:\/\/www.unilim.fr\/rerdh\/wp-content\/uploads\/sites\/11\/2019\/07\/telechargement-300x80.jpg\"\/>\n            <\/a>\n        <\/div>\n                <\/div>\n                <div class=\"col-sm-4 \">\n                    <\/div>\n        <\/div>\n            <\/div>\n                  <\/div>\n        \n","protected":false},"excerpt":{"rendered":"","protected":false},"author":99,"featured_media":0,"parent":0,"menu_order":0,"comment_status":"closed","ping_status":"closed","template":"page-le.php","meta":{"footnotes":""},"class_list":["post-41","page","type-page","status-publish","hentry"],"yoast_head":"<!-- This site is optimized with the Yoast SEO plugin v26.3 - https:\/\/yoast.com\/wordpress\/plugins\/seo\/ -->\n<title>Nos partenaires - R\u00e9seau Europ\u00e9en de Recherche en Droits de l&#039;Homme (R.E.R.D.H.)<\/title>\n<meta name=\"robots\" content=\"index, follow, max-snippet:-1, max-image-preview:large, max-video-preview:-1\" \/>\n<link rel=\"canonical\" href=\"https:\/\/asso.unilim.fr\/rerdh\/nos-partenaires\/\" \/>\n<meta property=\"og:locale\" content=\"fr_FR\" \/>\n<meta property=\"og:type\" content=\"article\" \/>\n<meta property=\"og:title\" content=\"Nos partenaires - R\u00e9seau Europ\u00e9en de Recherche en Droits de l&#039;Homme (R.E.R.D.H.)\" \/>\n<meta property=\"og:url\" content=\"https:\/\/asso.unilim.fr\/rerdh\/nos-partenaires\/\" \/>\n<meta property=\"og:site_name\" content=\"R\u00e9seau Europ\u00e9en de Recherche en Droits de l&#039;Homme (R.E.R.D.H.)\" \/>\n<meta property=\"article:modified_time\" content=\"2019-07-25T08:45:35+00:00\" \/>\n<meta name=\"twitter:card\" content=\"summary_large_image\" \/>\n<meta name=\"twitter:label1\" content=\"Dur\u00e9e de lecture estim\u00e9e\" \/>\n\t<meta name=\"twitter:data1\" content=\"2 minutes\" \/>\n<script type=\"application\/ld+json\" class=\"yoast-schema-graph\">{\"@context\":\"https:\/\/schema.org\",\"@graph\":[{\"@type\":\"WebPage\",\"@id\":\"https:\/\/asso.unilim.fr\/rerdh\/nos-partenaires\/\",\"url\":\"https:\/\/asso.unilim.fr\/rerdh\/nos-partenaires\/\",\"name\":\"Nos partenaires - R\u00e9seau Europ\u00e9en de Recherche en Droits de l&#039;Homme (R.E.R.D.H.)\",\"isPartOf\":{\"@id\":\"https:\/\/asso.unilim.fr\/rerdh\/#website\"},\"datePublished\":\"2019-07-23T17:41:36+00:00\",\"dateModified\":\"2019-07-25T08:45:35+00:00\",\"breadcrumb\":{\"@id\":\"https:\/\/asso.unilim.fr\/rerdh\/nos-partenaires\/#breadcrumb\"},\"inLanguage\":\"fr-FR\",\"potentialAction\":[{\"@type\":\"ReadAction\",\"target\":[\"https:\/\/asso.unilim.fr\/rerdh\/nos-partenaires\/\"]}]},{\"@type\":\"BreadcrumbList\",\"@id\":\"https:\/\/asso.unilim.fr\/rerdh\/nos-partenaires\/#breadcrumb\",\"itemListElement\":[{\"@type\":\"ListItem\",\"position\":1,\"name\":\"Accueil\",\"item\":\"https:\/\/asso.unilim.fr\/rerdh\/\"},{\"@type\":\"ListItem\",\"position\":2,\"name\":\"Nos partenaires\"}]},{\"@type\":\"WebSite\",\"@id\":\"https:\/\/asso.unilim.fr\/rerdh\/#website\",\"url\":\"https:\/\/asso.unilim.fr\/rerdh\/\",\"name\":\"R\u00e9seau Europ\u00e9en de Recherche en Droits de l&#039;Homme (R.E.R.D.H.)\",\"description\":\"universit\u00e9 ouverte source de r\u00e9ussites\",\"potentialAction\":[{\"@type\":\"SearchAction\",\"target\":{\"@type\":\"EntryPoint\",\"urlTemplate\":\"https:\/\/asso.unilim.fr\/rerdh\/?s={search_term_string}\"},\"query-input\":{\"@type\":\"PropertyValueSpecification\",\"valueRequired\":true,\"valueName\":\"search_term_string\"}}],\"inLanguage\":\"fr-FR\"}]}<\/script>\n<!-- \/ Yoast SEO plugin. -->","yoast_head_json":{"title":"Nos partenaires - R\u00e9seau Europ\u00e9en de Recherche en Droits de l&#039;Homme (R.E.R.D.H.)","robots":{"index":"index","follow":"follow","max-snippet":"max-snippet:-1","max-image-preview":"max-image-preview:large","max-video-preview":"max-video-preview:-1"},"canonical":"https:\/\/asso.unilim.fr\/rerdh\/nos-partenaires\/","og_locale":"fr_FR","og_type":"article","og_title":"Nos partenaires - R\u00e9seau Europ\u00e9en de Recherche en Droits de l&#039;Homme (R.E.R.D.H.)","og_url":"https:\/\/asso.unilim.fr\/rerdh\/nos-partenaires\/","og_site_name":"R\u00e9seau Europ\u00e9en de Recherche en Droits de l&#039;Homme (R.E.R.D.H.)","article_modified_time":"2019-07-25T08:45:35+00:00","twitter_card":"summary_large_image","twitter_misc":{"Dur\u00e9e de lecture estim\u00e9e":"2 minutes"},"schema":{"@context":"https:\/\/schema.org","@graph":[{"@type":"WebPage","@id":"https:\/\/asso.unilim.fr\/rerdh\/nos-partenaires\/","url":"https:\/\/asso.unilim.fr\/rerdh\/nos-partenaires\/","name":"Nos partenaires - R\u00e9seau Europ\u00e9en de Recherche en Droits de l&#039;Homme (R.E.R.D.H.)","isPartOf":{"@id":"https:\/\/asso.unilim.fr\/rerdh\/#website"},"datePublished":"2019-07-23T17:41:36+00:00","dateModified":"2019-07-25T08:45:35+00:00","breadcrumb":{"@id":"https:\/\/asso.unilim.fr\/rerdh\/nos-partenaires\/#breadcrumb"},"inLanguage":"fr-FR","potentialAction":[{"@type":"ReadAction","target":["https:\/\/asso.unilim.fr\/rerdh\/nos-partenaires\/"]}]},{"@type":"BreadcrumbList","@id":"https:\/\/asso.unilim.fr\/rerdh\/nos-partenaires\/#breadcrumb","itemListElement":[{"@type":"ListItem","position":1,"name":"Accueil","item":"https:\/\/asso.unilim.fr\/rerdh\/"},{"@type":"ListItem","position":2,"name":"Nos partenaires"}]},{"@type":"WebSite","@id":"https:\/\/asso.unilim.fr\/rerdh\/#website","url":"https:\/\/asso.unilim.fr\/rerdh\/","name":"R\u00e9seau Europ\u00e9en de Recherche en Droits de l&#039;Homme (R.E.R.D.H.)","description":"universit\u00e9 ouverte source de r\u00e9ussites","potentialAction":[{"@type":"SearchAction","target":{"@type":"EntryPoint","urlTemplate":"https:\/\/asso.unilim.fr\/rerdh\/?s={search_term_string}"},"query-input":{"@type":"PropertyValueSpecification","valueRequired":true,"valueName":"search_term_string"}}],"inLanguage":"fr-FR"}]}},"_links":{"self":[{"href":"https:\/\/asso.unilim.fr\/rerdh\/wp-json\/wp\/v2\/pages\/41","targetHints":{"allow":["GET"]}}],"collection":[{"href":"https:\/\/asso.unilim.fr\/rerdh\/wp-json\/wp\/v2\/pages"}],"about":[{"href":"https:\/\/asso.unilim.fr\/rerdh\/wp-json\/wp\/v2\/types\/page"}],"author":[{"embeddable":true,"href":"https:\/\/asso.unilim.fr\/rerdh\/wp-json\/wp\/v2\/users\/99"}],"replies":[{"embeddable":true,"href":"https:\/\/asso.unilim.fr\/rerdh\/wp-json\/wp\/v2\/comments?post=41"}],"version-history":[{"count":0,"href":"https:\/\/asso.unilim.fr\/rerdh\/wp-json\/wp\/v2\/pages\/41\/revisions"}],"wp:attachment":[{"href":"https:\/\/asso.unilim.fr\/rerdh\/wp-json\/wp\/v2\/media?parent=41"}],"curies":[{"name":"wp","href":"https:\/\/api.w.org\/{rel}","templated":true}]}}