{"id":32,"date":"2019-07-23T19:30:08","date_gmt":"2019-07-23T17:30:08","guid":{"rendered":"http:\/\/asso.unilim.fr\/rerdh\/?page_id=32"},"modified":"2023-05-04T16:10:53","modified_gmt":"2023-05-04T14:10:53","slug":"le-bureau","status":"publish","type":"page","link":"https:\/\/asso.unilim.fr\/rerdh\/le-bureau\/","title":{"rendered":"Le Bureau"},"content":{"rendered":"<p style=\"text-align: left;padding-left: 200px\">Le Bureau est compos\u00e9 de<strong> six membres permanents<\/strong>, \u00e9lus parmi les membres du Conseil d&rsquo;administration.<\/p>\n<p style=\"text-align: left;padding-left: 200px\">Chacun occupe un des six postes cl\u00e9s de l&rsquo;association :<\/p>\n<ul>\n<li style=\"list-style-type: none\">\n<ul>\n<li style=\"list-style-type: none\">\n<ul>\n<li style=\"list-style-type: none\">\n<ul>\n<li style=\"list-style-type: none\">\n<ul>\n<li style=\"list-style-type: none\">\n<ul>\n<li style=\"list-style-type: none\">\n<ul>\n<li style=\"list-style-type: none\">\n<ul>\n<li>Pr\u00e9sident : Sylvestre AUJOL (Doctorant en Droit priv\u00e9 &#8211; OMIJ\/CDES) ;<\/li>\n<li>Vice-pr\u00e9sident : Aur\u00e9lien FADERNE (Docteur en Droit public &#8211; OMIJ) ;<\/li>\n<li>Secr\u00e9taire g\u00e9n\u00e9ral : Sam BOUVIER (Doctorant en Droit priv\u00e9 &#8211; OMIJ) ;<\/li>\n<li>Tr\u00e9sorier : Romain VILLENEUVE (Doctorant en Histoire du Droit &#8211; OMIJ) ;<\/li>\n<li>Secr\u00e9taire g\u00e9n\u00e9ral adjoint : Quentin RICORDEL (Docteur en Droit public &#8211; OMIJ) ;<\/li>\n<li>Tr\u00e9sorier adjoint : Julien MONGROLLE (Doctorant en Droit public &#8211; OMIJ).<\/li>\n<\/ul>\n<\/li>\n<\/ul>\n<\/li>\n<\/ul>\n<\/li>\n<\/ul>\n<\/li>\n<\/ul>\n<\/li>\n<\/ul>\n<\/li>\n<\/ul>\n<\/li>\n<\/ul>\n<p style=\"padding-left: 200px;text-align: justify\">Le Bureau d\u00e9termine et conduit la politique de l\u2019association, sous le contr\u00f4le du conseil d\u2019administration. Il se r\u00e9unit au moins six fois par an sur proposition du Pr\u00e9sident. Chaque Bureau a pour principale mission de r\u00e9aliser un colloque sur une th\u00e9matique originale. Son mandat expire au terme d\u2019un d\u00e9lai de deux mois apr\u00e8s la fin de cette manifestation scientifique ou, \u00e0 d\u00e9faut, de deux ann\u00e9es.<\/p>\n<h3 style=\"text-align: left;padding-left: 200px\">Les bureaux pr\u00e9c\u00e9dents<\/h3>\n<p style=\"padding-left: 200px\">Les membres des pr\u00e9c\u00e9dents bureaux sont vis\u00e9s selon leur qualit\u00e9 au moment de leurs fonctions.<\/p>\n<h5 style=\"padding-left: 200px\">Mandat \u00ab\u00a0Libert\u00e9(s) vestimentaire(s)\u00a0\u00bb (2022)<\/h5>\n<ul>\n<li style=\"list-style-type: none\">\n<ul>\n<li style=\"list-style-type: none\">\n<ul>\n<li style=\"list-style-type: none\">\n<ul>\n<li style=\"list-style-type: none\">\n<ul>\n<li style=\"list-style-type: none\">\n<ul>\n<li style=\"list-style-type: none\">\n<ul>\n<li style=\"list-style-type: none\">\n<ul>\n<li>Pr\u00e9sident : Aur\u00e9lien FADERNE (Doctorant en Droit public &#8211; OMIJ) ;<\/li>\n<li>Vice-pr\u00e9sidente : Ana\u00efs VANEL (Doctorante en Droit priv\u00e9 &#8211; CREOP) ;<\/li>\n<li>Secr\u00e9taire g\u00e9n\u00e9ral : Sylvestre AUJOL (Doctorant en Droit priv\u00e9 &#8211; OMIJ) ;<\/li>\n<li>Tr\u00e9sorier : Romain VILLENEUVE (Doctorant en Histoire du Droit &#8211; OMIJ) ;<\/li>\n<li>Secr\u00e9taire g\u00e9n\u00e9ral adjoint : Quentin RICORDEL (Doctorant en Droit public &#8211; OMIJ) ;<\/li>\n<li>Tr\u00e9sorier adjoint : Yann MOCAER (Doctorant en Droit priv\u00e9 &#8211; OMIJ).<\/li>\n<\/ul>\n<\/li>\n<\/ul>\n<\/li>\n<\/ul>\n<\/li>\n<\/ul>\n<\/li>\n<\/ul>\n<\/li>\n<\/ul>\n<\/li>\n<\/ul>\n<\/li>\n<\/ul>\n<ul>\n<li style=\"list-style-type: none\">\n<ul>\n<li style=\"list-style-type: none\">\n<ul>\n<li style=\"list-style-type: none\">\n<ul>\n<li style=\"list-style-type: none\">\n<ul>\n<li style=\"list-style-type: none\">\n<ul>\n<li style=\"list-style-type: none\">\n<ul>\n<li style=\"list-style-type: none\"><\/li>\n<\/ul>\n<\/li>\n<\/ul>\n<\/li>\n<\/ul>\n<\/li>\n<\/ul>\n<\/li>\n<\/ul>\n<\/li>\n<\/ul>\n<\/li>\n<\/ul>\n<h5 style=\"padding-left: 200px\">Mandat \u00ab\u00a0Dura lex sed lex ?\u00a0\u00bb (2019)<\/h5>\n<ul>\n<li style=\"list-style-type: none\">\n<ul>\n<li style=\"list-style-type: none\">\n<ul>\n<li style=\"list-style-type: none\">\n<ul>\n<li style=\"list-style-type: none\">\n<ul>\n<li style=\"list-style-type: none\">\n<ul>\n<li style=\"list-style-type: none\">\n<ul>\n<li style=\"list-style-type: none\">\n<ul>\n<li>Pr\u00e9sident : Quentin RICORDEL (Doctorant en Droit public &#8211; OMIJ) ;<\/li>\n<li>Vice-Pr\u00e9sident : Aur\u00e9lien FADERNE (Doctorant en Droit public &#8211; OMIJ) ;<\/li>\n<li>Secr\u00e9taire g\u00e9n\u00e9rale : Ana\u00efs VANEL (Doctorante en Droit priv\u00e9 &#8211; CREOP) ;<\/li>\n<li>Tr\u00e9sorier : Romain VILLENEUVE (Doctorant en Histoire du Droit &#8211; OMIJ) ;<\/li>\n<li>Secr\u00e9taire g\u00e9n\u00e9ral adjoint : Charles DESFARGES (Doctorant en Droit priv\u00e9 &#8211; CREOP) ;<\/li>\n<li>Tr\u00e9sori\u00e8re adjointe : Alice BRITES OSORIO DE OLIVEIRA (Doctorante en Histoire du Droit &#8211; OMIJ).<\/li>\n<\/ul>\n<\/li>\n<\/ul>\n<\/li>\n<\/ul>\n<\/li>\n<\/ul>\n<\/li>\n<\/ul>\n<\/li>\n<\/ul>\n<\/li>\n<\/ul>\n<\/li>\n<\/ul>\n<h5 style=\"padding-left: 200px\">Mandat \u00ab\u00a0Pornographie et Droit\u00a0\u00bb (2017)<\/h5>\n<ul>\n<li style=\"list-style-type: none\">\n<ul>\n<li style=\"list-style-type: none\">\n<ul>\n<li style=\"list-style-type: none\">\n<ul>\n<li style=\"list-style-type: none\">\n<ul>\n<li style=\"list-style-type: none\">\n<ul>\n<li style=\"list-style-type: none\">\n<ul>\n<li style=\"list-style-type: none\">\n<ul>\n<li>Pr\u00e9sident : R\u00e9mi DELMAS (Doctorant en Droit public &#8211; OMIJ) ;<\/li>\n<li>Vice-Pr\u00e9sidente : Camille DOLMAIRE (Doctorante en Droit public &#8211; OMIJ) ;<\/li>\n<li>Secr\u00e9taire g\u00e9n\u00e9ral : Quentin RICORDEL (Doctorant en Droit public- OMIJ) ;<\/li>\n<li>Tr\u00e9sori\u00e8re : Marion WUJEK-MOREAU (Doctorante en Droit public &#8211; OMIJ) ;<\/li>\n<li>Secr\u00e9taire g\u00e9n\u00e9ral adjoint : Thomas BESSE (Doctorant en Droit priv\u00e9 &#8211; OMIJ) ;<\/li>\n<li>Tr\u00e9sori\u00e8re adjointe : Marion VILLAR (Doctorante en Droit priv\u00e9 &#8211; OMIJ).<\/li>\n<\/ul>\n<\/li>\n<\/ul>\n<\/li>\n<\/ul>\n<\/li>\n<\/ul>\n<\/li>\n<\/ul>\n<\/li>\n<\/ul>\n<\/li>\n<\/ul>\n<\/li>\n<\/ul>\n<h5 style=\"padding-left: 200px\">Mandat \u00ab\u00a0La Fraternit\u00e9\u00a0\u00bb (2016)<\/h5>\n<ul>\n<li style=\"list-style-type: none\">\n<ul>\n<li style=\"list-style-type: none\">\n<ul>\n<li style=\"list-style-type: none\">\n<ul>\n<li style=\"list-style-type: none\">\n<ul>\n<li style=\"list-style-type: none\">\n<ul>\n<li style=\"list-style-type: none\">\n<ul>\n<li style=\"list-style-type: none\">\n<ul>\n<li>Pr\u00e9sidente : C\u00e9cile CHASSAGNE (Doctorante en Droit public &#8211; OMIJ) ;<\/li>\n<li>Vice-Pr\u00e9sidente : Charlotte TOUZOT (Doctorante en Droit public &#8211; CRIDEAU-OMIJ) ;<\/li>\n<li>Secr\u00e9taire g\u00e9n\u00e9ral : R\u00e9mi DELMAS (Doctorant en Droit public- OMIJ) ;<\/li>\n<li>Tr\u00e9sorier : Alexandre EST\u00c8VE (Doctorant en Droit public &#8211; OMIJ) ;<\/li>\n<li>Secr\u00e9taire g\u00e9n\u00e9rale adjointe : Camille DOLMAIRE (Doctorante en Droit public &#8211; OMIJ) ;<\/li>\n<li>Tr\u00e9sori\u00e8re adjointe : Aline TREILLARD (Doctorante en Droit public- CRIDEAU-OMIJ).<\/li>\n<\/ul>\n<\/li>\n<\/ul>\n<\/li>\n<\/ul>\n<\/li>\n<\/ul>\n<\/li>\n<\/ul>\n<\/li>\n<\/ul>\n<\/li>\n<\/ul>\n<\/li>\n<\/ul>\n<h5 style=\"padding-left: 200px\">Mandat \u00ab\u00a0Le droit au bonheur\u00a0\u00bb (2014)<\/h5>\n<ul>\n<li style=\"list-style-type: none\">\n<ul>\n<li style=\"list-style-type: none\">\n<ul>\n<li style=\"list-style-type: none\">\n<ul>\n<li style=\"list-style-type: none\">\n<ul>\n<li style=\"list-style-type: none\">\n<ul>\n<li style=\"list-style-type: none\">\n<ul>\n<li style=\"list-style-type: none\">\n<ul>\n<li>Pr\u00e9sident : Ludovic PAILLER (Doctorant en Droit priv\u00e9- OMIJ) ;<\/li>\n<li>Vice-Pr\u00e9sident : David CHARBONNEL (Doctorant en Droit public &#8211; OMIJ) ;<\/li>\n<li>Secr\u00e9taire g\u00e9n\u00e9rale : C\u00e9cile CHASSAGNE (Doctorante en Droit public- OMIJ) ;<\/li>\n<li>Tr\u00e9sorier : Alexandre EST\u00c8VE (Doctorant en Droit public &#8211; OMIJ) ;<\/li>\n<li>Secr\u00e9taire g\u00e9n\u00e9rale adjointe : Laure LAREF (Doctorante en Droit priv\u00e9 &#8211; OMIJ) ;<\/li>\n<li>Tr\u00e9sori\u00e8re adjointe : Florence DEGARDIN (Doctorante en Droit priv\u00e9 &#8211; OMIJ).<\/li>\n<\/ul>\n<\/li>\n<\/ul>\n<\/li>\n<\/ul>\n<\/li>\n<\/ul>\n<\/li>\n<\/ul>\n<\/li>\n<\/ul>\n<\/li>\n<\/ul>\n<\/li>\n<\/ul>\n<h5 style=\"padding-left: 200px\">Mandat \u00ab\u00a0H\u00e9ro\u00efsme et Droit\u00a0\u00bb (2013)<\/h5>\n<ul>\n<li style=\"list-style-type: none\">\n<ul>\n<li style=\"list-style-type: none\">\n<ul>\n<li style=\"list-style-type: none\">\n<ul>\n<li style=\"list-style-type: none\">\n<ul>\n<li style=\"list-style-type: none\">\n<ul>\n<li style=\"list-style-type: none\">\n<ul>\n<li style=\"list-style-type: none\">\n<ul>\n<li>Pr\u00e9sidente : Sophie DEMONFORT (Doctorante en Droit public &#8211; OMIJ) ;<\/li>\n<li>Vice-Pr\u00e9sident : Ibrahima DIA (Doctorant en Droit priv\u00e9 &#8211; OMIJ) ;<\/li>\n<li>Secr\u00e9taire g\u00e9n\u00e9ral : Laurent BERTHIER (Doctorant en Droit public &#8211; OMIJ) ;<\/li>\n<li>Tr\u00e9sori\u00e8re : Pauline LAGARDE (Doctorante en Droit public &#8211; OMIJ) ;<\/li>\n<li>Secr\u00e9taire g\u00e9n\u00e9ral adjoint : David CHARBONNEL (Doctorant en Droit public &#8211; OMIJ) ;<\/li>\n<li>Tr\u00e9sori\u00e8re adjointe : Marie PROKOPIAK (Doctorante en Droit public &#8211; OMIJ).<\/li>\n<\/ul>\n<\/li>\n<\/ul>\n<\/li>\n<\/ul>\n<\/li>\n<\/ul>\n<\/li>\n<\/ul>\n<\/li>\n<\/ul>\n<\/li>\n<\/ul>\n<\/li>\n<\/ul>\n<h5 style=\"padding-left: 200px\">Mandat \u00ab\u00a0Science-fiction et science juridique\u00a0\u00bb (2011)<\/h5>\n<ul>\n<li style=\"list-style-type: none\">\n<ul>\n<li style=\"list-style-type: none\">\n<ul>\n<li style=\"list-style-type: none\">\n<ul>\n<li style=\"list-style-type: none\">\n<ul>\n<li style=\"list-style-type: none\">\n<ul>\n<li style=\"list-style-type: none\">\n<ul>\n<li style=\"list-style-type: none\">\n<ul>\n<li>Pr\u00e9sident : Pierre-J\u00e9r\u00f4me DELAGE (Doctorant en Droit priv\u00e9- OMIJ) ;<\/li>\n<li>Vice-Pr\u00e9sident : Romuald PIERRE (Doctorant en Droit priv\u00e9 &#8211; OMIJ) ;<\/li>\n<li>D\u00e9l\u00e9gu\u00e9 g\u00e9n\u00e9ral : Laurent BERTHIER (Doctorant en Droit public &#8211; OMIJ) ;<\/li>\n<li>Secr\u00e9taire g\u00e9n\u00e9rale : Marion CHABASSIER (Doctorante en Droit public &#8211; OMIJ ) ;<\/li>\n<li>Tr\u00e9sorier : J\u00e9r\u00f4me VERLHAC (Doctorant en Droit priv\u00e9 &#8211; OMIJ) ;<\/li>\n<li>Secr\u00e9taire g\u00e9n\u00e9rale adjointe : Sophie DEMONFORT (Doctorante en Droit public &#8211; OMIJ).<\/li>\n<\/ul>\n<\/li>\n<\/ul>\n<\/li>\n<\/ul>\n<\/li>\n<\/ul>\n<\/li>\n<\/ul>\n<\/li>\n<\/ul>\n<\/li>\n<\/ul>\n<\/li>\n<\/ul>\n<h5 style=\"padding-left: 200px\">Mandat \u00ab\u00a0Technique et Droits humains\u00a0\u00bb (2010)<\/h5>\n<ul>\n<li style=\"list-style-type: none\">\n<ul>\n<li style=\"list-style-type: none\">\n<ul>\n<li style=\"list-style-type: none\">\n<ul>\n<li style=\"list-style-type: none\">\n<ul>\n<li style=\"list-style-type: none\">\n<ul>\n<li style=\"list-style-type: none\">\n<ul>\n<li style=\"list-style-type: none\">\n<ul>\n<li>Pr\u00e9sidente : S\u00e9verine NADAUD (Doctorante en Droit priv\u00e9 &#8211; OMIJ) ;<\/li>\n<li>Vice-Pr\u00e9sident : Romuald PIERRE (Doctorant en Droit priv\u00e9 &#8211; OMIJ) ;<\/li>\n<li>D\u00e9l\u00e9gu\u00e9 g\u00e9n\u00e9ral : Laurent BERTHIER (Doctorant en Droit public &#8211; OMIJ) ;<\/li>\n<li>Secr\u00e9taire g\u00e9n\u00e9rale : Marion CHABASSIER (Doctorante en Droit public &#8211; OMIJ ) ;<\/li>\n<li>Tr\u00e9sorier : J\u00e9r\u00f4me VERLHAC (Doctorant en Droit priv\u00e9 &#8211; OMIJ) ;<\/li>\n<li>Secr\u00e9taire g\u00e9n\u00e9rale adjointe : Sophie DEMONFORT (Doctorante en Droit public &#8211; OMIJ).<\/li>\n<\/ul>\n<\/li>\n<\/ul>\n<\/li>\n<\/ul>\n<\/li>\n<\/ul>\n<\/li>\n<\/ul>\n<\/li>\n<\/ul>\n<\/li>\n<\/ul>\n<\/li>\n<\/ul>\n","protected":false},"excerpt":{"rendered":"<p>Le Bureau est compos\u00e9 de six membres permanents, \u00e9lus parmi les membres du Conseil d&rsquo;administration. Chacun occupe un des six postes cl\u00e9s de l&rsquo;association : Pr\u00e9sident : Sylvestre AUJOL (Doctorant en Droit priv\u00e9 &#8211; OMIJ\/CDES) ; Vice-pr\u00e9sident : Aur\u00e9lien FADERNE (Docteur en Droit public &#8211; OMIJ) ; Secr\u00e9taire g\u00e9n\u00e9ral : Sam BOUVIER (Doctorant en Droit [&hellip;]<\/p>\n","protected":false},"author":99,"featured_media":0,"parent":0,"menu_order":0,"comment_status":"closed","ping_status":"closed","template":"","meta":{"footnotes":""},"class_list":["post-32","page","type-page","status-publish","hentry"],"yoast_head":"<!-- This site is optimized with the Yoast SEO plugin v26.3 - https:\/\/yoast.com\/wordpress\/plugins\/seo\/ -->\n<title>Le Bureau - R\u00e9seau Europ\u00e9en de Recherche en Droits de l&#039;Homme (R.E.R.D.H.)<\/title>\n<meta name=\"robots\" content=\"index, follow, max-snippet:-1, max-image-preview:large, max-video-preview:-1\" \/>\n<link rel=\"canonical\" href=\"https:\/\/asso.unilim.fr\/rerdh\/le-bureau\/\" \/>\n<meta property=\"og:locale\" content=\"fr_FR\" \/>\n<meta property=\"og:type\" content=\"article\" \/>\n<meta property=\"og:title\" content=\"Le Bureau - R\u00e9seau Europ\u00e9en de Recherche en Droits de l&#039;Homme (R.E.R.D.H.)\" \/>\n<meta property=\"og:description\" content=\"Le Bureau est compos\u00e9 de six membres permanents, \u00e9lus parmi les membres du Conseil d&rsquo;administration. Chacun occupe un des six postes cl\u00e9s de l&rsquo;association : Pr\u00e9sident : Sylvestre AUJOL (Doctorant en Droit priv\u00e9 &#8211; OMIJ\/CDES) ; Vice-pr\u00e9sident : Aur\u00e9lien FADERNE (Docteur en Droit public &#8211; OMIJ) ; Secr\u00e9taire g\u00e9n\u00e9ral : Sam BOUVIER (Doctorant en Droit [&hellip;]\" \/>\n<meta property=\"og:url\" content=\"https:\/\/asso.unilim.fr\/rerdh\/le-bureau\/\" \/>\n<meta property=\"og:site_name\" content=\"R\u00e9seau Europ\u00e9en de Recherche en Droits de l&#039;Homme (R.E.R.D.H.)\" \/>\n<meta property=\"article:modified_time\" content=\"2023-05-04T14:10:53+00:00\" \/>\n<meta name=\"twitter:card\" content=\"summary_large_image\" \/>\n<meta name=\"twitter:label1\" content=\"Dur\u00e9e de lecture estim\u00e9e\" \/>\n\t<meta name=\"twitter:data1\" content=\"4 minutes\" \/>\n<script type=\"application\/ld+json\" class=\"yoast-schema-graph\">{\"@context\":\"https:\/\/schema.org\",\"@graph\":[{\"@type\":\"WebPage\",\"@id\":\"https:\/\/asso.unilim.fr\/rerdh\/le-bureau\/\",\"url\":\"https:\/\/asso.unilim.fr\/rerdh\/le-bureau\/\",\"name\":\"Le Bureau - R\u00e9seau Europ\u00e9en de Recherche en Droits de l&#039;Homme (R.E.R.D.H.)\",\"isPartOf\":{\"@id\":\"https:\/\/asso.unilim.fr\/rerdh\/#website\"},\"datePublished\":\"2019-07-23T17:30:08+00:00\",\"dateModified\":\"2023-05-04T14:10:53+00:00\",\"breadcrumb\":{\"@id\":\"https:\/\/asso.unilim.fr\/rerdh\/le-bureau\/#breadcrumb\"},\"inLanguage\":\"fr-FR\",\"potentialAction\":[{\"@type\":\"ReadAction\",\"target\":[\"https:\/\/asso.unilim.fr\/rerdh\/le-bureau\/\"]}]},{\"@type\":\"BreadcrumbList\",\"@id\":\"https:\/\/asso.unilim.fr\/rerdh\/le-bureau\/#breadcrumb\",\"itemListElement\":[{\"@type\":\"ListItem\",\"position\":1,\"name\":\"Accueil\",\"item\":\"https:\/\/asso.unilim.fr\/rerdh\/\"},{\"@type\":\"ListItem\",\"position\":2,\"name\":\"Le Bureau\"}]},{\"@type\":\"WebSite\",\"@id\":\"https:\/\/asso.unilim.fr\/rerdh\/#website\",\"url\":\"https:\/\/asso.unilim.fr\/rerdh\/\",\"name\":\"R\u00e9seau Europ\u00e9en de Recherche en Droits de l&#039;Homme (R.E.R.D.H.)\",\"description\":\"universit\u00e9 ouverte source de r\u00e9ussites\",\"potentialAction\":[{\"@type\":\"SearchAction\",\"target\":{\"@type\":\"EntryPoint\",\"urlTemplate\":\"https:\/\/asso.unilim.fr\/rerdh\/?s={search_term_string}\"},\"query-input\":{\"@type\":\"PropertyValueSpecification\",\"valueRequired\":true,\"valueName\":\"search_term_string\"}}],\"inLanguage\":\"fr-FR\"}]}<\/script>\n<!-- \/ Yoast SEO plugin. -->","yoast_head_json":{"title":"Le Bureau - R\u00e9seau Europ\u00e9en de Recherche en Droits de l&#039;Homme (R.E.R.D.H.)","robots":{"index":"index","follow":"follow","max-snippet":"max-snippet:-1","max-image-preview":"max-image-preview:large","max-video-preview":"max-video-preview:-1"},"canonical":"https:\/\/asso.unilim.fr\/rerdh\/le-bureau\/","og_locale":"fr_FR","og_type":"article","og_title":"Le Bureau - R\u00e9seau Europ\u00e9en de Recherche en Droits de l&#039;Homme (R.E.R.D.H.)","og_description":"Le Bureau est compos\u00e9 de six membres permanents, \u00e9lus parmi les membres du Conseil d&rsquo;administration. Chacun occupe un des six postes cl\u00e9s de l&rsquo;association : Pr\u00e9sident : Sylvestre AUJOL (Doctorant en Droit priv\u00e9 &#8211; OMIJ\/CDES) ; Vice-pr\u00e9sident : Aur\u00e9lien FADERNE (Docteur en Droit public &#8211; OMIJ) ; Secr\u00e9taire g\u00e9n\u00e9ral : Sam BOUVIER (Doctorant en Droit [&hellip;]","og_url":"https:\/\/asso.unilim.fr\/rerdh\/le-bureau\/","og_site_name":"R\u00e9seau Europ\u00e9en de Recherche en Droits de l&#039;Homme (R.E.R.D.H.)","article_modified_time":"2023-05-04T14:10:53+00:00","twitter_card":"summary_large_image","twitter_misc":{"Dur\u00e9e de lecture estim\u00e9e":"4 minutes"},"schema":{"@context":"https:\/\/schema.org","@graph":[{"@type":"WebPage","@id":"https:\/\/asso.unilim.fr\/rerdh\/le-bureau\/","url":"https:\/\/asso.unilim.fr\/rerdh\/le-bureau\/","name":"Le Bureau - R\u00e9seau Europ\u00e9en de Recherche en Droits de l&#039;Homme (R.E.R.D.H.)","isPartOf":{"@id":"https:\/\/asso.unilim.fr\/rerdh\/#website"},"datePublished":"2019-07-23T17:30:08+00:00","dateModified":"2023-05-04T14:10:53+00:00","breadcrumb":{"@id":"https:\/\/asso.unilim.fr\/rerdh\/le-bureau\/#breadcrumb"},"inLanguage":"fr-FR","potentialAction":[{"@type":"ReadAction","target":["https:\/\/asso.unilim.fr\/rerdh\/le-bureau\/"]}]},{"@type":"BreadcrumbList","@id":"https:\/\/asso.unilim.fr\/rerdh\/le-bureau\/#breadcrumb","itemListElement":[{"@type":"ListItem","position":1,"name":"Accueil","item":"https:\/\/asso.unilim.fr\/rerdh\/"},{"@type":"ListItem","position":2,"name":"Le Bureau"}]},{"@type":"WebSite","@id":"https:\/\/asso.unilim.fr\/rerdh\/#website","url":"https:\/\/asso.unilim.fr\/rerdh\/","name":"R\u00e9seau Europ\u00e9en de Recherche en Droits de l&#039;Homme (R.E.R.D.H.)","description":"universit\u00e9 ouverte source de r\u00e9ussites","potentialAction":[{"@type":"SearchAction","target":{"@type":"EntryPoint","urlTemplate":"https:\/\/asso.unilim.fr\/rerdh\/?s={search_term_string}"},"query-input":{"@type":"PropertyValueSpecification","valueRequired":true,"valueName":"search_term_string"}}],"inLanguage":"fr-FR"}]}},"_links":{"self":[{"href":"https:\/\/asso.unilim.fr\/rerdh\/wp-json\/wp\/v2\/pages\/32","targetHints":{"allow":["GET"]}}],"collection":[{"href":"https:\/\/asso.unilim.fr\/rerdh\/wp-json\/wp\/v2\/pages"}],"about":[{"href":"https:\/\/asso.unilim.fr\/rerdh\/wp-json\/wp\/v2\/types\/page"}],"author":[{"embeddable":true,"href":"https:\/\/asso.unilim.fr\/rerdh\/wp-json\/wp\/v2\/users\/99"}],"replies":[{"embeddable":true,"href":"https:\/\/asso.unilim.fr\/rerdh\/wp-json\/wp\/v2\/comments?post=32"}],"version-history":[{"count":0,"href":"https:\/\/asso.unilim.fr\/rerdh\/wp-json\/wp\/v2\/pages\/32\/revisions"}],"wp:attachment":[{"href":"https:\/\/asso.unilim.fr\/rerdh\/wp-json\/wp\/v2\/media?parent=32"}],"curies":[{"name":"wp","href":"https:\/\/api.w.org\/{rel}","templated":true}]}}