{"id":29,"date":"2019-07-23T19:27:32","date_gmt":"2019-07-23T17:27:32","guid":{"rendered":"http:\/\/asso.unilim.fr\/rerdh\/?page_id=29"},"modified":"2019-09-15T11:35:18","modified_gmt":"2019-09-15T09:35:18","slug":"les-missions-du-reseau","status":"publish","type":"page","link":"https:\/\/asso.unilim.fr\/rerdh\/les-missions-du-reseau\/","title":{"rendered":"Les missions du r\u00e9seau"},"content":{"rendered":"<h1>Une mission de recherche<\/h1>\n<h3>Des colloques et des conf\u00e9rences<\/h3>\n<p style=\"text-align: justify\">Depuis sa cr\u00e9ation,<strong> six colloques<\/strong> sur des th\u00e8mes originaux ont \u00e9t\u00e9 organis\u00e9s et ont tous fait l\u2019objet d\u2019une publication chez diff\u00e9rents \u00e9diteurs juridique, gage de la <span style=\"color: #ad1111\">qualit\u00e9<\/span> et de la <span style=\"color: #ad1111\">pertinence<\/span> des projets port\u00e9s par l\u2019association.<\/p>\n<p style=\"text-align: justify\">Le premier colloque, \u00ab <em>Technique et droits humains<\/em> \u00bb, s\u2019est ainsi d\u00e9roul\u00e9 sur quatre jours en avril 2010, rassemblant plus d\u2019une soixantaine d\u2019intervenants, et a \u00e9t\u00e9 publi\u00e9 par l\u2019\u00e9diteur Lextenso. Les colloques suivants, organis\u00e9s \u00e0 intervalle r\u00e9gulier de dix-huit mois dans un format plus resserr\u00e9 de deux jours, ont connu le m\u00eame succ\u00e8s et ont permis de rassembler \u00e0 Limoges des chercheurs de diff\u00e9rentes universit\u00e9s autour de th\u00e8mes innovants et audacieux : \u00ab <em>Science-fiction et science juridique<\/em> \u00bb (2011, publi\u00e9 aux \u00e9ditions I.R.J.S \u00e0 la collection \u00ab Les voies du droit \u00bb), \u00ab <em>H\u00e9ro\u00efsme et Droit<\/em> \u00bb (2013, publi\u00e9 par Dalloz \u00e0 la collection \u00ab Th\u00e8mes et commentaires \u00bb), \u00ab <em>Le Droit au Bonheur<\/em> \u00bb (2014, publi\u00e9 par l\u2019Institut Universitaire Varennes), \u00ab <em>La Fraternit\u00e9<\/em> \u00bb (2016, publi\u00e9 par l\u2019Institut Universitaire Varennes), \u00ab <em>Pornographie et Droit<\/em> \u00bb (2017, publi\u00e9 par Mare et Martin).<\/p>\n<p style=\"text-align: justify\">Le succ\u00e8s de ces projets a permis \u00e0 l\u2019association de d\u00e9velopper ses missions. Notre but originel, valoriser le travail scientifique fourni \u00e0 travers l\u2019organisation d\u2019un colloque et la publication de ses actes, est toujours pr\u00e9sent : nos activit\u00e9s associatives conduisent les doctorants \u00e0 travailler en \u00e9quipe, sur des th\u00e8mes diff\u00e9rents de ceux de leurs th\u00e8ses ; par ailleurs, elles les initient aux pratiques du m\u00e9tier d\u2019enseignant-chercheur, \u00e9tendent leur r\u00e9seau et leur permettent de prendre conscience du processus de publication d\u2019un ouvrage.<\/p>\n<h3>Une revue<\/h3>\n<p style=\"text-align: justify\">Si ces colloques constituent le point d\u2019orgue du travail du R.E.R.D.H., ils ne constituent toutefois que la vitrine de l\u2019activit\u00e9 de ses membres. En effet, l\u2019association \u0153uvre aujourd\u2019hui pour l\u2019accompagnement des jeunes chercheurs et leur permet de prendre en main de mani\u00e8re autonome le rayonnement de leurs propres travaux. Elle a notamment d\u00e9cid\u00e9 de lancer cette ann\u00e9e sa propre revue scientifique, la <span style=\"color: #ad1111\"><strong>revue<\/strong> <strong>europ\u00e9enne de recherche en droits de l\u2019Homme<\/strong><\/span>, afin d\u2019exporter son activit\u00e9 de recherche hors de son si\u00e8ge natal, Limoges, et de la valoriser plus activement.<\/p>\n<h1>Une mission d&rsquo;accompagnement<\/h1>\n<p style=\"text-align: justify\">Le R.E.R.D.H. continue de s\u2019ouvrir \u00e0 la communaut\u00e9 \u00e9tudiante. L\u2019association profite notamment du statut particulier de ses membres doctorants pour s\u2019ouvrir aux \u00e9tudiants et leur faire <strong><span style=\"color: #ad1111\">d\u00e9couvrir la recherche<\/span><\/strong> : soit en tant que simple spectateur, soit en tant qu\u2019organisateur. Ainsi, les manifestations scientifiques organis\u00e9es jusque-l\u00e0 ont t\u00e9moign\u00e9 du souci de retenir des th\u00e8mes <span style=\"color: #ad1111\">originaux<\/span> et <span style=\"color: #ad1111\">inattendus<\/span> pour d\u00e9montrer aux \u00e9tudiants que la recherche en droit et dans les sciences humaines est vivante et dynamique. Nos colloques sont, \u00e0 ce titre, parmi les premiers auxquels les \u00e9tudiants de la FDSE assistent dans leur cursus. Leurs sujets innovants leur permettent ainsi de mesurer l\u2019\u00e9tendue parfois insoup\u00e7onn\u00e9e de leur domaine d\u2019\u00e9tude.<\/p>\n<p style=\"text-align: justify\">Pour aller plus loin dans cette voie, l\u2019association a inaugur\u00e9 en 2019 la tenue d\u2019un cycle de conf\u00e9rences reprenant les th\u00e8mes de ses pr\u00e9c\u00e9dents colloques et a confi\u00e9 l\u2019organisation de certaines d\u2019entre elles \u00e0 des \u00e9tudiants de deuxi\u00e8me ann\u00e9e afin de leur faire d\u00e9couvrir de l\u2019int\u00e9rieur, par une participation directe, le m\u00e9tier d\u2019enseignant-chercheur (dans le cadre des P.P.P. : projets personnels et professionnels).<\/p>\n<p style=\"text-align: justify\">Le dynamisme de la d\u00e9marche du R.E.R.D.H. s\u2019inscrit \u00e9galement dans une voie diff\u00e9rente de celle emprunt\u00e9e par les colloques plus acad\u00e9miques, et repr\u00e9sente une<strong><span style=\"color: #ad1111\"> action culturelle accessible<\/span><\/strong> pour un public large et nullement restreint aux seuls \u00e9tudiants. L\u2019association s\u2019ouvre par ailleurs \u00e0 l\u2019ensemble du domaine des sciences humaines et sociales. Les th\u00e8mes des colloques port\u00e9s par l\u2019association sont toujours d\u00e9termin\u00e9s pour permettre d\u2019adopter une approche pluridisciplinaire et int\u00e9grer histoire, philosophie, \u00e9conomie, sociologie ou encore litt\u00e9rature, afin de d\u00e9cloisonner la mati\u00e8re juridique. Enfin, l\u2019association a vocation \u00e0 s\u2019ouvrir au monde extra-universitaire. \u00c0 cet \u00e9gard, elle poursuit un objectif de <strong><span style=\"color: #ad1111\">vulgarisation du droit<\/span><\/strong>, notamment \u00e0 travers des animations organis\u00e9es dans l\u2019enceinte de la Facult\u00e9 \u00e0 destination des \u00e9tudiants et des lyc\u00e9ens de passage lors des journ\u00e9es d\u2019accueil.<\/p>\n","protected":false},"excerpt":{"rendered":"<p>Une mission de recherche Des colloques et des conf\u00e9rences Depuis sa cr\u00e9ation, six colloques sur des th\u00e8mes originaux ont \u00e9t\u00e9 organis\u00e9s et ont tous fait l\u2019objet d\u2019une publication chez diff\u00e9rents \u00e9diteurs juridique, gage de la qualit\u00e9 et de la pertinence des projets port\u00e9s par l\u2019association. Le premier colloque, \u00ab Technique et droits humains \u00bb, s\u2019est [&hellip;]<\/p>\n","protected":false},"author":99,"featured_media":0,"parent":0,"menu_order":0,"comment_status":"closed","ping_status":"closed","template":"","meta":{"footnotes":""},"class_list":["post-29","page","type-page","status-publish","hentry"],"yoast_head":"<!-- This site is optimized with the Yoast SEO plugin v26.3 - https:\/\/yoast.com\/wordpress\/plugins\/seo\/ -->\n<title>Les missions du r\u00e9seau - R\u00e9seau Europ\u00e9en de Recherche en Droits de l&#039;Homme (R.E.R.D.H.)<\/title>\n<meta name=\"robots\" content=\"index, follow, max-snippet:-1, max-image-preview:large, max-video-preview:-1\" \/>\n<link rel=\"canonical\" href=\"https:\/\/asso.unilim.fr\/rerdh\/les-missions-du-reseau\/\" \/>\n<meta property=\"og:locale\" content=\"fr_FR\" \/>\n<meta property=\"og:type\" content=\"article\" \/>\n<meta property=\"og:title\" content=\"Les missions du r\u00e9seau - R\u00e9seau Europ\u00e9en de Recherche en Droits de l&#039;Homme (R.E.R.D.H.)\" \/>\n<meta property=\"og:description\" content=\"Une mission de recherche Des colloques et des conf\u00e9rences Depuis sa cr\u00e9ation, six colloques sur des th\u00e8mes originaux ont \u00e9t\u00e9 organis\u00e9s et ont tous fait l\u2019objet d\u2019une publication chez diff\u00e9rents \u00e9diteurs juridique, gage de la qualit\u00e9 et de la pertinence des projets port\u00e9s par l\u2019association. Le premier colloque, \u00ab Technique et droits humains \u00bb, s\u2019est [&hellip;]\" \/>\n<meta property=\"og:url\" content=\"https:\/\/asso.unilim.fr\/rerdh\/les-missions-du-reseau\/\" \/>\n<meta property=\"og:site_name\" content=\"R\u00e9seau Europ\u00e9en de Recherche en Droits de l&#039;Homme (R.E.R.D.H.)\" \/>\n<meta property=\"article:modified_time\" content=\"2019-09-15T09:35:18+00:00\" \/>\n<meta name=\"twitter:card\" content=\"summary_large_image\" \/>\n<meta name=\"twitter:label1\" content=\"Dur\u00e9e de lecture estim\u00e9e\" \/>\n\t<meta name=\"twitter:data1\" content=\"4 minutes\" \/>\n<script type=\"application\/ld+json\" class=\"yoast-schema-graph\">{\"@context\":\"https:\/\/schema.org\",\"@graph\":[{\"@type\":\"WebPage\",\"@id\":\"https:\/\/asso.unilim.fr\/rerdh\/les-missions-du-reseau\/\",\"url\":\"https:\/\/asso.unilim.fr\/rerdh\/les-missions-du-reseau\/\",\"name\":\"Les missions du r\u00e9seau - R\u00e9seau Europ\u00e9en de Recherche en Droits de l&#039;Homme (R.E.R.D.H.)\",\"isPartOf\":{\"@id\":\"https:\/\/asso.unilim.fr\/rerdh\/#website\"},\"datePublished\":\"2019-07-23T17:27:32+00:00\",\"dateModified\":\"2019-09-15T09:35:18+00:00\",\"breadcrumb\":{\"@id\":\"https:\/\/asso.unilim.fr\/rerdh\/les-missions-du-reseau\/#breadcrumb\"},\"inLanguage\":\"fr-FR\",\"potentialAction\":[{\"@type\":\"ReadAction\",\"target\":[\"https:\/\/asso.unilim.fr\/rerdh\/les-missions-du-reseau\/\"]}]},{\"@type\":\"BreadcrumbList\",\"@id\":\"https:\/\/asso.unilim.fr\/rerdh\/les-missions-du-reseau\/#breadcrumb\",\"itemListElement\":[{\"@type\":\"ListItem\",\"position\":1,\"name\":\"Accueil\",\"item\":\"https:\/\/asso.unilim.fr\/rerdh\/\"},{\"@type\":\"ListItem\",\"position\":2,\"name\":\"Les missions du r\u00e9seau\"}]},{\"@type\":\"WebSite\",\"@id\":\"https:\/\/asso.unilim.fr\/rerdh\/#website\",\"url\":\"https:\/\/asso.unilim.fr\/rerdh\/\",\"name\":\"R\u00e9seau Europ\u00e9en de Recherche en Droits de l&#039;Homme (R.E.R.D.H.)\",\"description\":\"universit\u00e9 ouverte source de r\u00e9ussites\",\"potentialAction\":[{\"@type\":\"SearchAction\",\"target\":{\"@type\":\"EntryPoint\",\"urlTemplate\":\"https:\/\/asso.unilim.fr\/rerdh\/?s={search_term_string}\"},\"query-input\":{\"@type\":\"PropertyValueSpecification\",\"valueRequired\":true,\"valueName\":\"search_term_string\"}}],\"inLanguage\":\"fr-FR\"}]}<\/script>\n<!-- \/ Yoast SEO plugin. -->","yoast_head_json":{"title":"Les missions du r\u00e9seau - R\u00e9seau Europ\u00e9en de Recherche en Droits de l&#039;Homme (R.E.R.D.H.)","robots":{"index":"index","follow":"follow","max-snippet":"max-snippet:-1","max-image-preview":"max-image-preview:large","max-video-preview":"max-video-preview:-1"},"canonical":"https:\/\/asso.unilim.fr\/rerdh\/les-missions-du-reseau\/","og_locale":"fr_FR","og_type":"article","og_title":"Les missions du r\u00e9seau - R\u00e9seau Europ\u00e9en de Recherche en Droits de l&#039;Homme (R.E.R.D.H.)","og_description":"Une mission de recherche Des colloques et des conf\u00e9rences Depuis sa cr\u00e9ation, six colloques sur des th\u00e8mes originaux ont \u00e9t\u00e9 organis\u00e9s et ont tous fait l\u2019objet d\u2019une publication chez diff\u00e9rents \u00e9diteurs juridique, gage de la qualit\u00e9 et de la pertinence des projets port\u00e9s par l\u2019association. Le premier colloque, \u00ab Technique et droits humains \u00bb, s\u2019est [&hellip;]","og_url":"https:\/\/asso.unilim.fr\/rerdh\/les-missions-du-reseau\/","og_site_name":"R\u00e9seau Europ\u00e9en de Recherche en Droits de l&#039;Homme (R.E.R.D.H.)","article_modified_time":"2019-09-15T09:35:18+00:00","twitter_card":"summary_large_image","twitter_misc":{"Dur\u00e9e de lecture estim\u00e9e":"4 minutes"},"schema":{"@context":"https:\/\/schema.org","@graph":[{"@type":"WebPage","@id":"https:\/\/asso.unilim.fr\/rerdh\/les-missions-du-reseau\/","url":"https:\/\/asso.unilim.fr\/rerdh\/les-missions-du-reseau\/","name":"Les missions du r\u00e9seau - R\u00e9seau Europ\u00e9en de Recherche en Droits de l&#039;Homme (R.E.R.D.H.)","isPartOf":{"@id":"https:\/\/asso.unilim.fr\/rerdh\/#website"},"datePublished":"2019-07-23T17:27:32+00:00","dateModified":"2019-09-15T09:35:18+00:00","breadcrumb":{"@id":"https:\/\/asso.unilim.fr\/rerdh\/les-missions-du-reseau\/#breadcrumb"},"inLanguage":"fr-FR","potentialAction":[{"@type":"ReadAction","target":["https:\/\/asso.unilim.fr\/rerdh\/les-missions-du-reseau\/"]}]},{"@type":"BreadcrumbList","@id":"https:\/\/asso.unilim.fr\/rerdh\/les-missions-du-reseau\/#breadcrumb","itemListElement":[{"@type":"ListItem","position":1,"name":"Accueil","item":"https:\/\/asso.unilim.fr\/rerdh\/"},{"@type":"ListItem","position":2,"name":"Les missions du r\u00e9seau"}]},{"@type":"WebSite","@id":"https:\/\/asso.unilim.fr\/rerdh\/#website","url":"https:\/\/asso.unilim.fr\/rerdh\/","name":"R\u00e9seau Europ\u00e9en de Recherche en Droits de l&#039;Homme (R.E.R.D.H.)","description":"universit\u00e9 ouverte source de r\u00e9ussites","potentialAction":[{"@type":"SearchAction","target":{"@type":"EntryPoint","urlTemplate":"https:\/\/asso.unilim.fr\/rerdh\/?s={search_term_string}"},"query-input":{"@type":"PropertyValueSpecification","valueRequired":true,"valueName":"search_term_string"}}],"inLanguage":"fr-FR"}]}},"_links":{"self":[{"href":"https:\/\/asso.unilim.fr\/rerdh\/wp-json\/wp\/v2\/pages\/29","targetHints":{"allow":["GET"]}}],"collection":[{"href":"https:\/\/asso.unilim.fr\/rerdh\/wp-json\/wp\/v2\/pages"}],"about":[{"href":"https:\/\/asso.unilim.fr\/rerdh\/wp-json\/wp\/v2\/types\/page"}],"author":[{"embeddable":true,"href":"https:\/\/asso.unilim.fr\/rerdh\/wp-json\/wp\/v2\/users\/99"}],"replies":[{"embeddable":true,"href":"https:\/\/asso.unilim.fr\/rerdh\/wp-json\/wp\/v2\/comments?post=29"}],"version-history":[{"count":0,"href":"https:\/\/asso.unilim.fr\/rerdh\/wp-json\/wp\/v2\/pages\/29\/revisions"}],"wp:attachment":[{"href":"https:\/\/asso.unilim.fr\/rerdh\/wp-json\/wp\/v2\/media?parent=29"}],"curies":[{"name":"wp","href":"https:\/\/api.w.org\/{rel}","templated":true}]}}