{"id":240,"date":"2019-09-08T18:44:12","date_gmt":"2019-09-08T16:44:12","guid":{"rendered":"http:\/\/asso.unilim.fr\/rerdh\/?page_id=240"},"modified":"2019-09-15T11:04:36","modified_gmt":"2019-09-15T09:04:36","slug":"2010-technique-et-droits-humains","status":"publish","type":"page","link":"https:\/\/asso.unilim.fr\/rerdh\/2010-technique-et-droits-humains\/","title":{"rendered":"2010 | Technique et droits humains"},"content":{"rendered":"<blockquote><p><em>Technique et Droits humains<\/em>, coll. Grands colloques, Lextenso, 2011, 534 pages.<\/p><\/blockquote>\n<p><img loading=\"lazy\" decoding=\"async\" class=\"wp-image-84 aligncenter\" src=\"http:\/\/www.unilim.fr\/rerdh\/wp-content\/uploads\/sites\/11\/2019\/07\/Affiche-journees.jpg\" alt=\"\" width=\"452\" height=\"603\" srcset=\"https:\/\/asso.unilim.fr\/rerdh\/wp-content\/uploads\/sites\/11\/2019\/07\/Affiche-journees.jpg 720w, https:\/\/asso.unilim.fr\/rerdh\/wp-content\/uploads\/sites\/11\/2019\/07\/Affiche-journees-225x300.jpg 225w, https:\/\/asso.unilim.fr\/rerdh\/wp-content\/uploads\/sites\/11\/2019\/07\/Affiche-journees-480x640.jpg 480w\" sizes=\"auto, (max-width: 452px) 100vw, 452px\" \/><\/p>\n<h1>Pr\u00e9sentation<\/h1>\n<p style=\"text-align: justify\">Le premier colloque du R.E.R.D.H. s\u2019est d\u00e9roul\u00e9 sur quatre jours en avril 2010. Il a rassembl\u00e9 plus d\u2019une soixantaine d\u2019intervenants et a connu un franc succ\u00e8s. Outre son sujet original, ce colloque fut bi-site : les interventions se d\u00e9roulant sur le site tant de Limoges que de Poitiers. Le titre originel de cette manifestation \u00e9tait \u00ab Les techniques ou technologies nouvelles et les droits ou principes fondamentaux \u00bb. L\u2019intitul\u00e9 est devenu, avec plus de clart\u00e9 et de souplesse, \u00ab Technique et droits humains \u00bb.<\/p>\n<h1>Programme<\/h1>\n<h2>Matin\u00e9e du mardi 20 avril : Bio\u00e9thique<\/h2>\n<p>Sous la pr\u00e9sidence de Brigitte Feuillet-Liger, Professeur \u00e0 l&rsquo;Universit\u00e9 de Rennes I, membre de l&rsquo;Institut universitaire de France.<\/p>\n<p><strong>Premi\u00e8re approche des rapports entre biom\u00e9decine et droits fondamentaux <\/strong><br \/>\nG\u00e9rard M\u00e9meteau, Professeur \u00e0 l&rsquo;Universit\u00e9 de Poitiers.<\/p>\n<p><strong>R\u00e9flexions philosophiques et juridiques autour de l&rsquo;assistance m\u00e9dicale \u00e0 la procr\u00e9ation<\/strong><br \/>\nPhilippe Descamps, docteur en philosophie de l&rsquo;Universit\u00e9 Paris IV &#8211; Sorbonne, journaliste scientifique ;<br \/>\nLaurence Brunet, chercheur au Centre de Recherches Droits, Sciences et Techniques (CRDST), Universit\u00e9 Paris I &#8211; Panth\u00e9on-Sorbonne.<\/p>\n<p><strong>Les recherches sur la personne : un cadre technique respectueux des enjeux \u00e9thiques <\/strong><br \/>\nMarie-Catherine Chemtob-Conc\u00e9, Ma\u00eetre de conf\u00e9rences \u00e0 l&rsquo;Universit\u00e9 de Rouen.<\/p>\n<p><strong>Les biobanques <\/strong><br \/>\nXavier Bioy, Professeur \u00e0 l&rsquo;Universit\u00e9 de Toulouse I &#8211; Capitole.<\/p>\n<h2>Apr\u00e8s-midi du 20 avril : Vie priv\u00e9e<\/h2>\n<p>Sous la pr\u00e9sidence de Jean Hauser, Professeur \u00e0 l&rsquo;Universit\u00e9 Montesquieu &#8211; Bordeaux IV<\/p>\n<p><strong>R\u00e9seaux sociaux et vie priv\u00e9e <\/strong><br \/>\nFabien Marchadier, Professeur \u00e0 l&rsquo;Universit\u00e9 de Poitiers ;<\/p>\n<p><strong>La vie priv\u00e9e du salari\u00e9 recompos\u00e9e ou d\u00e9compos\u00e9e par les nouvelles technologies ? <\/strong><br \/>\nJean-Philippe Lhernould, Professeur \u00e0 l&rsquo;Universit\u00e9 de Poitiers ;<\/p>\n<p><strong>Intervention de C\u00e9dric Manara, Professeur \u00e0 l&rsquo;EDHEC Business School ;<\/strong><\/p>\n<p><strong>L&rsquo;inadaptation de la loi de 1881 sur la presse \u00e0 la vie priv\u00e9e et aux nouvelles techniques ? <\/strong><br \/>\nDominique Breillat, Professeur \u00e9m\u00e9rite de l&rsquo;Universit\u00e9 de Poitiers.<\/p>\n<h2>Matin\u00e9e du 21 avril : Propri\u00e9t\u00e9 intellectuelle<\/h2>\n<p>Sous la pr\u00e9sidence de Henri-Jacques Lucas, Professeur \u00e9m\u00e9rite de l&rsquo;Universit\u00e9 de Poitiers<\/p>\n<p><strong>L&rsquo;adaptation du droit d&rsquo;auteur fran\u00e7ais \u00e0 l&rsquo;univers num\u00e9rique, quels risques pour les droits de l&rsquo;Homme ? <\/strong><br \/>\nAlexandre Zollinger, Ma\u00eetre de conf\u00e9rences \u00e0 l&rsquo;Universit\u00e9 de Poitiers ;<\/p>\n<p><strong>La lutte contre le piratage en Europe&#8230; dans le tourbillon des droits fondamentaux <\/strong><br \/>\nLaure Marino, Professeur \u00e0 l&rsquo;Universit\u00e9 de Nancy II ;<\/p>\n<p><strong>Inventions biotechnologiques et droits de l&rsquo;Homme <\/strong><br \/>\nC\u00e9line Castets-Renad, Ma\u00eetre de conf\u00e9rences \u00e0 l&rsquo;Universit\u00e9 de Toulouse I &#8211; Capitole ;<\/p>\n<p><strong>Les nanotechnologies, pour ou contre les droits de l&rsquo;Homme ? <\/strong><br \/>\nGhislaine Jeannot-Pag\u00e8s, Ma\u00eetre de conf\u00e9rences \u00e0 l&rsquo;Universit\u00e9 de Limoges.<\/p>\n<h2>Apr\u00e8s-midi du 21 avril 2010 : S\u00e9minaires<\/h2>\n<h3>S\u00e9minaire \u00ab\u00a0Propri\u00e9t\u00e9 intellectuelle\u00a0\u00bb<\/h3>\n<h4>S\u00e9minaire 1 mod\u00e9r\u00e9 par Lyn Fran\u00e7ois, Ma\u00eetre de conf\u00e9rences \u00e0 l&rsquo;Universit\u00e9 de Limoges<\/h4>\n<p><strong>Le droit d&rsquo;acc\u00e8s et la r\u00e9utilisation des informations publiques. La Cour EDH peut-elle jouer un r\u00f4le ? <\/strong><br \/>\nCorrado Druetta, Chercheur \u00e0 l&rsquo;\u00c9cole polytechnique de Turin ;<\/p>\n<p><strong>La protection du droit d&rsquo;auteur contre l&rsquo;assaut du \u00ab\u00a0droit du public \u00e0 l&rsquo;information\u00a0\u00bb, ou les vertus du droit subjectif, <\/strong><br \/>\nCaroline Colin, docteur en droit, chercheur \u00e0 l&rsquo;Universit\u00e9 de Namur.<\/p>\n<h4>S\u00e9minaire 2 mod\u00e9r\u00e9 par Jacques Christen et Youssef Boughlem, AVRUL<\/h4>\n<p><strong>Internet : propri\u00e9t\u00e9 intellectuelle et libert\u00e9s fondamentales, perspectives fran\u00e7aise et am\u00e9ricaine <\/strong><br \/>\nMagali Di\u00e9ny, Avocate au barreau de New-York ;<\/p>\n<p><strong>L&rsquo;ad\u00e9quation des dispositions r\u00e9pressives des lois HADOPI au t\u00e9l\u00e9chargement ill\u00e9gal sur la toile <\/strong><br \/>\nAur\u00e9lien Lemasson, doctorant en droit p\u00e9nal et sciences criminelles \u00e0 l&rsquo;Universit\u00e9 de Limoges.<\/p>\n<h4>S\u00e9minaire 3 mod\u00e9r\u00e9 par Vincent Gloaguen et Youssef Boughlem, AVRUL<\/h4>\n<p><strong>La conciliation entre le droit europ\u00e9en des droits de l&rsquo;homme et les blogs et Google books. La question des droits d&rsquo;auteur <\/strong><br \/>\nLiliana Haquin et Mari Boutros, doctorantes \u00e0 l&rsquo;Universit\u00e9 Lyon III ;<\/p>\n<p><strong>Le statut du cr\u00e9ateur dans les jeux vid\u00e9os : enjeux \u00e9conomiques, artistiques et juridiques <\/strong><br \/>\nS\u00e9bastien Genvo, Ma\u00eetre de conf\u00e9r\u00e9nces \u00e0 l&rsquo;Universit\u00e9 de Limoges.<\/p>\n<h3>S\u00e9minaire \u00ab\u00a0Bio\u00e9thique\u00a0\u00bb<\/h3>\n<h4>S\u00e9minaire 1 mod\u00e9r\u00e9 par Jean Morange, Professeur \u00e0 l&rsquo;Universit\u00e9 de Limoges<\/h4>\n<p><strong>Le droit \u00e0 la vie face aux nouvelles technologies m\u00e9dicales <\/strong><br \/>\nSalwa Hamrouni, Ma\u00eetre de conf\u00e9rences \u00e0 l&rsquo;Universit\u00e9 de Tunis ;<\/p>\n<p><strong>Du droit \u00e0 mourir au droit \u00e0 vivre <\/strong><br \/>\nMarie-Christine Steckel, Ma\u00eetre de conf\u00e9rences \u00e0 l&rsquo;Universit\u00e9 de Limoges.<\/p>\n<h4>S\u00e9minaire 2 mod\u00e9\u00e9 par Christian Moulinard, Ma\u00eetre de conf\u00e9rences \u00e0 l&rsquo;Universit\u00e9 de Limoges<\/h4>\n<p><strong>Libert\u00e9 n&rsquo;\u00e9gale pas dignit\u00e9 <\/strong><br \/>\nPierre-J\u00e9r\u00f4me Delage, doctorant \u00e0 l&rsquo;Universit\u00e9 de Poitiers ;<\/p>\n<p><strong>Science sans conscience&#8230; Quelques r\u00e9flexions sur les relations entre libert\u00e9 scientifique et bio\u00e9thique <\/strong><br \/>\nEmilie Chevalier, doctorante \u00e0 l&rsquo;Universit\u00e9 de Limoges.<\/p>\n<h3>S\u00e9minaire \u00ab\u00a0Vie priv\u00e9e\u00a0\u00bb<\/h3>\n<h4>S\u00e9minaire 1 mod\u00e9r\u00e9 par Lyn Fran\u00e7ois, Ma\u00eetre de conf\u00e9rences \u00e0 l&rsquo;Universit\u00e9 de Limoges<\/h4>\n<p><b>Les NTIC comme vecteur de clarification des interactions entre droit au respect de la vie priv\u00e9e et droit \u00e0 l&rsquo;image <\/b><br \/>\nWalter Jean-Baptiste, Docteur en droit de l&rsquo;Universit\u00e9 de Limoges ;<\/p>\n<p><strong>La duplicit\u00e9 des NTIC face \u00e0 l&rsquo;interdiction des discriminations. Entre renouveaux et traitement du fait discriminatoire <\/strong><br \/>\nMa\u00eblle Dreano, Doctorante \u00e0 l&rsquo;Universit\u00e9 de Poitiers.<\/p>\n<h4>S\u00e9minaire 2 mod\u00e9r\u00e9 par Damien Roets, Ma\u00eetre de conf\u00e9rencs \u00e0 l&rsquo;Universit\u00e9 de Limoges<\/h4>\n<p><strong>Les mutations de la notion de la vie priv\u00e9e sous l&#8217;emprise des nouvelles technologies <\/strong><br \/>\nPiotr Korzec, Doctorant \u00e0 l&rsquo;Universit\u00e9 de Paris I ;<\/p>\n<p><strong>La lutte contre les contenus odieux sur internet <\/strong><br \/>\nQuentin Aoustin, AFA.<\/p>\n<h4>S\u00e9minaire 3 mod\u00e9r\u00e9 par Virginie Saint-James, Ma\u00eetre de conf\u00e9rences \u00e0 l&rsquo;Universit\u00e9 de Limoges<\/h4>\n<p><strong>Traitement des donn\u00e9s \u00e0 caract\u00e8re personnel et article 8 Conv. EDH <\/strong><br \/>\nNathalie Deffains, Ma\u00eetre de conf\u00e9rences \u00e0 l&rsquo;Universit\u00e9 de Nancy II ;<\/p>\n<p><strong>La communication des informations relatives \u00e0 la vie priv\u00e9e<\/strong><br \/>\nKiteri Garcia, Ma\u00eetre de conf\u00e9rences \u00e0 l&rsquo;Universit\u00e9 de Limoges.<\/p>\n<h2>Matin\u00e9e du jeudi 22 avril : Justice<\/h2>\n<p>Sous la pr\u00e9sidence de Genevi\u00e8ve Giudicelli-Delage, Professeur \u00e0 l&rsquo;Universit\u00e9 Paris I &#8211; Panth\u00e9on-Sorbonne<\/p>\n<p><strong>Entre rituel et management, r\u00e9flexions sur la pratique de la visioconf\u00e9rence dans le proc\u00e8s p\u00e9nal <\/strong><br \/>\nJean Danet, Ma\u00eetre de conf\u00e9rences \u00e0 l&rsquo;Universit\u00e9 de Nantes ;<\/p>\n<p><strong>D\u00e9mat\u00e9rialisation et num\u00e9risation des proc\u00e9dures juridictionnelles <\/strong><br \/>\n\u00c9ric N\u00e9gron, Pr\u00e9sident du TGI de Limoges et Fran\u00e7ois Faug\u00e8re, Avocat, ancien B\u00e2tonnier du barreau du Lot, membre du bureau du Conseil national des barreaux ;<\/p>\n<p><strong>Nouvelles technologies et droit p\u00e9nal : r\u00e9flexions sur la recherche de la preuve et l&rsquo;ex\u00e9cution de la sanction <\/strong><br \/>\nBernadette Aubert, Ma\u00eetre de conf\u00e9rences \u00e0 l&rsquo;Universit\u00e9 de Poitiers<br \/>\nMarc Poupart, doctorant \u00e0 l&rsquo;Universit\u00e9 de Poitiers.<\/p>\n<h2>Apr\u00e8s-midi du jeudi 22 avril : S\u00e9minaires sur la justice<\/h2>\n<h4>S\u00e9minaire 1 mod\u00e9r\u00e9 par Rose-No\u00eblle Sch\u00fctz, Professeur \u00e0 l&rsquo;Universit\u00e9 de Poitiers<\/h4>\n<p><strong>Ici et l\u00e0. La visiophonie dans l&rsquo;exercice de la justice <\/strong><br \/>\nLaurence Dumoulin, Chercheur au CNRS.<\/p>\n<h4>S\u00e9minaire 2 mod\u00e9r\u00e9 par J\u00e9r\u00f4me Bossan, Ma\u00eetre de conf\u00e9rences \u00e0 l&rsquo;Universit\u00e9 de Poitiers<\/h4>\n<p><strong>D\u00e9mat\u00e9rialisation et droits fondamentaux devant la justice <\/strong><br \/>\nCaroline Foulquier, post-doctorante \u00e0 l&rsquo;Universit\u00e9 de Limoges ;<br \/>\nGuillaume Beaussonie, docteur en droit de l&rsquo;Universit\u00e9 de Toulouse I ;<br \/>\nG\u00e9rald Delabre, doctorant \u00e0 l&rsquo;Universit\u00e9 de Lyon II.<\/p>\n<h4>S\u00e9minaire 3 mod\u00e9r\u00e9 par Michel Mass\u00e9, Professeur \u00e0 l&rsquo;Universit\u00e9 de Poitiers<\/h4>\n<p><strong>L&rsquo;utilisation des nouvelles technologies de captation de l&rsquo;image et la proc\u00e9dure p\u00e9nale. R\u00e9flxions de droit fran\u00e7ais et de droit europ\u00e9en <\/strong><br \/>\nIsabell B\u00fcshel et R\u00e9my Prouv\u00e8ze, chercheurs au Centre d&rsquo;\u00c9tudes et de Recherches Internationales et Communautaires (CERIC), Universit\u00e9 Paul C\u00e9zanne &#8211; Aix-Marseille.<\/p>\n","protected":false},"excerpt":{"rendered":"<p>Technique et Droits humains, coll. Grands colloques, Lextenso, 2011, 534 pages. Pr\u00e9sentation Le premier colloque du R.E.R.D.H. s\u2019est d\u00e9roul\u00e9 sur quatre jours en avril 2010. Il a rassembl\u00e9 plus d\u2019une soixantaine d\u2019intervenants et a connu un franc succ\u00e8s. Outre son sujet original, ce colloque fut bi-site : les interventions se d\u00e9roulant sur le site tant [&hellip;]<\/p>\n","protected":false},"author":99,"featured_media":0,"parent":0,"menu_order":0,"comment_status":"closed","ping_status":"closed","template":"","meta":{"footnotes":""},"class_list":["post-240","page","type-page","status-publish","hentry"],"yoast_head":"<!-- This site is optimized with the Yoast SEO plugin v26.3 - https:\/\/yoast.com\/wordpress\/plugins\/seo\/ -->\n<title>2010 | Technique et droits humains - R\u00e9seau Europ\u00e9en de Recherche en Droits de l&#039;Homme (R.E.R.D.H.)<\/title>\n<meta name=\"robots\" content=\"index, follow, max-snippet:-1, max-image-preview:large, max-video-preview:-1\" \/>\n<link rel=\"canonical\" href=\"https:\/\/asso.unilim.fr\/rerdh\/2010-technique-et-droits-humains\/\" \/>\n<meta property=\"og:locale\" content=\"fr_FR\" \/>\n<meta property=\"og:type\" content=\"article\" \/>\n<meta property=\"og:title\" content=\"2010 | Technique et droits humains - R\u00e9seau Europ\u00e9en de Recherche en Droits de l&#039;Homme (R.E.R.D.H.)\" \/>\n<meta property=\"og:description\" content=\"Technique et Droits humains, coll. Grands colloques, Lextenso, 2011, 534 pages. Pr\u00e9sentation Le premier colloque du R.E.R.D.H. s\u2019est d\u00e9roul\u00e9 sur quatre jours en avril 2010. Il a rassembl\u00e9 plus d\u2019une soixantaine d\u2019intervenants et a connu un franc succ\u00e8s. Outre son sujet original, ce colloque fut bi-site : les interventions se d\u00e9roulant sur le site tant [&hellip;]\" \/>\n<meta property=\"og:url\" content=\"https:\/\/asso.unilim.fr\/rerdh\/2010-technique-et-droits-humains\/\" \/>\n<meta property=\"og:site_name\" content=\"R\u00e9seau Europ\u00e9en de Recherche en Droits de l&#039;Homme (R.E.R.D.H.)\" \/>\n<meta property=\"article:modified_time\" content=\"2019-09-15T09:04:36+00:00\" \/>\n<meta property=\"og:image\" content=\"http:\/\/www.unilim.fr\/rerdh\/wp-content\/uploads\/sites\/11\/2019\/07\/Affiche-journees.jpg\" \/>\n<meta name=\"twitter:card\" content=\"summary_large_image\" \/>\n<meta name=\"twitter:label1\" content=\"Dur\u00e9e de lecture estim\u00e9e\" \/>\n\t<meta name=\"twitter:data1\" content=\"6 minutes\" \/>\n<script type=\"application\/ld+json\" class=\"yoast-schema-graph\">{\"@context\":\"https:\/\/schema.org\",\"@graph\":[{\"@type\":\"WebPage\",\"@id\":\"https:\/\/asso.unilim.fr\/rerdh\/2010-technique-et-droits-humains\/\",\"url\":\"https:\/\/asso.unilim.fr\/rerdh\/2010-technique-et-droits-humains\/\",\"name\":\"2010 | Technique et droits humains - R\u00e9seau Europ\u00e9en de Recherche en Droits de l&#039;Homme (R.E.R.D.H.)\",\"isPartOf\":{\"@id\":\"https:\/\/asso.unilim.fr\/rerdh\/#website\"},\"primaryImageOfPage\":{\"@id\":\"https:\/\/asso.unilim.fr\/rerdh\/2010-technique-et-droits-humains\/#primaryimage\"},\"image\":{\"@id\":\"https:\/\/asso.unilim.fr\/rerdh\/2010-technique-et-droits-humains\/#primaryimage\"},\"thumbnailUrl\":\"http:\/\/www.unilim.fr\/rerdh\/wp-content\/uploads\/sites\/11\/2019\/07\/Affiche-journees.jpg\",\"datePublished\":\"2019-09-08T16:44:12+00:00\",\"dateModified\":\"2019-09-15T09:04:36+00:00\",\"breadcrumb\":{\"@id\":\"https:\/\/asso.unilim.fr\/rerdh\/2010-technique-et-droits-humains\/#breadcrumb\"},\"inLanguage\":\"fr-FR\",\"potentialAction\":[{\"@type\":\"ReadAction\",\"target\":[\"https:\/\/asso.unilim.fr\/rerdh\/2010-technique-et-droits-humains\/\"]}]},{\"@type\":\"ImageObject\",\"inLanguage\":\"fr-FR\",\"@id\":\"https:\/\/asso.unilim.fr\/rerdh\/2010-technique-et-droits-humains\/#primaryimage\",\"url\":\"http:\/\/www.unilim.fr\/rerdh\/wp-content\/uploads\/sites\/11\/2019\/07\/Affiche-journees.jpg\",\"contentUrl\":\"http:\/\/www.unilim.fr\/rerdh\/wp-content\/uploads\/sites\/11\/2019\/07\/Affiche-journees.jpg\"},{\"@type\":\"BreadcrumbList\",\"@id\":\"https:\/\/asso.unilim.fr\/rerdh\/2010-technique-et-droits-humains\/#breadcrumb\",\"itemListElement\":[{\"@type\":\"ListItem\",\"position\":1,\"name\":\"Accueil\",\"item\":\"https:\/\/asso.unilim.fr\/rerdh\/\"},{\"@type\":\"ListItem\",\"position\":2,\"name\":\"2010 | Technique et droits humains\"}]},{\"@type\":\"WebSite\",\"@id\":\"https:\/\/asso.unilim.fr\/rerdh\/#website\",\"url\":\"https:\/\/asso.unilim.fr\/rerdh\/\",\"name\":\"R\u00e9seau Europ\u00e9en de Recherche en Droits de l&#039;Homme (R.E.R.D.H.)\",\"description\":\"universit\u00e9 ouverte source de r\u00e9ussites\",\"potentialAction\":[{\"@type\":\"SearchAction\",\"target\":{\"@type\":\"EntryPoint\",\"urlTemplate\":\"https:\/\/asso.unilim.fr\/rerdh\/?s={search_term_string}\"},\"query-input\":{\"@type\":\"PropertyValueSpecification\",\"valueRequired\":true,\"valueName\":\"search_term_string\"}}],\"inLanguage\":\"fr-FR\"}]}<\/script>\n<!-- \/ Yoast SEO plugin. -->","yoast_head_json":{"title":"2010 | Technique et droits humains - R\u00e9seau Europ\u00e9en de Recherche en Droits de l&#039;Homme (R.E.R.D.H.)","robots":{"index":"index","follow":"follow","max-snippet":"max-snippet:-1","max-image-preview":"max-image-preview:large","max-video-preview":"max-video-preview:-1"},"canonical":"https:\/\/asso.unilim.fr\/rerdh\/2010-technique-et-droits-humains\/","og_locale":"fr_FR","og_type":"article","og_title":"2010 | Technique et droits humains - R\u00e9seau Europ\u00e9en de Recherche en Droits de l&#039;Homme (R.E.R.D.H.)","og_description":"Technique et Droits humains, coll. Grands colloques, Lextenso, 2011, 534 pages. Pr\u00e9sentation Le premier colloque du R.E.R.D.H. s\u2019est d\u00e9roul\u00e9 sur quatre jours en avril 2010. Il a rassembl\u00e9 plus d\u2019une soixantaine d\u2019intervenants et a connu un franc succ\u00e8s. Outre son sujet original, ce colloque fut bi-site : les interventions se d\u00e9roulant sur le site tant [&hellip;]","og_url":"https:\/\/asso.unilim.fr\/rerdh\/2010-technique-et-droits-humains\/","og_site_name":"R\u00e9seau Europ\u00e9en de Recherche en Droits de l&#039;Homme (R.E.R.D.H.)","article_modified_time":"2019-09-15T09:04:36+00:00","og_image":[{"url":"http:\/\/www.unilim.fr\/rerdh\/wp-content\/uploads\/sites\/11\/2019\/07\/Affiche-journees.jpg","type":"","width":"","height":""}],"twitter_card":"summary_large_image","twitter_misc":{"Dur\u00e9e de lecture estim\u00e9e":"6 minutes"},"schema":{"@context":"https:\/\/schema.org","@graph":[{"@type":"WebPage","@id":"https:\/\/asso.unilim.fr\/rerdh\/2010-technique-et-droits-humains\/","url":"https:\/\/asso.unilim.fr\/rerdh\/2010-technique-et-droits-humains\/","name":"2010 | Technique et droits humains - R\u00e9seau Europ\u00e9en de Recherche en Droits de l&#039;Homme (R.E.R.D.H.)","isPartOf":{"@id":"https:\/\/asso.unilim.fr\/rerdh\/#website"},"primaryImageOfPage":{"@id":"https:\/\/asso.unilim.fr\/rerdh\/2010-technique-et-droits-humains\/#primaryimage"},"image":{"@id":"https:\/\/asso.unilim.fr\/rerdh\/2010-technique-et-droits-humains\/#primaryimage"},"thumbnailUrl":"http:\/\/www.unilim.fr\/rerdh\/wp-content\/uploads\/sites\/11\/2019\/07\/Affiche-journees.jpg","datePublished":"2019-09-08T16:44:12+00:00","dateModified":"2019-09-15T09:04:36+00:00","breadcrumb":{"@id":"https:\/\/asso.unilim.fr\/rerdh\/2010-technique-et-droits-humains\/#breadcrumb"},"inLanguage":"fr-FR","potentialAction":[{"@type":"ReadAction","target":["https:\/\/asso.unilim.fr\/rerdh\/2010-technique-et-droits-humains\/"]}]},{"@type":"ImageObject","inLanguage":"fr-FR","@id":"https:\/\/asso.unilim.fr\/rerdh\/2010-technique-et-droits-humains\/#primaryimage","url":"http:\/\/www.unilim.fr\/rerdh\/wp-content\/uploads\/sites\/11\/2019\/07\/Affiche-journees.jpg","contentUrl":"http:\/\/www.unilim.fr\/rerdh\/wp-content\/uploads\/sites\/11\/2019\/07\/Affiche-journees.jpg"},{"@type":"BreadcrumbList","@id":"https:\/\/asso.unilim.fr\/rerdh\/2010-technique-et-droits-humains\/#breadcrumb","itemListElement":[{"@type":"ListItem","position":1,"name":"Accueil","item":"https:\/\/asso.unilim.fr\/rerdh\/"},{"@type":"ListItem","position":2,"name":"2010 | Technique et droits humains"}]},{"@type":"WebSite","@id":"https:\/\/asso.unilim.fr\/rerdh\/#website","url":"https:\/\/asso.unilim.fr\/rerdh\/","name":"R\u00e9seau Europ\u00e9en de Recherche en Droits de l&#039;Homme (R.E.R.D.H.)","description":"universit\u00e9 ouverte source de r\u00e9ussites","potentialAction":[{"@type":"SearchAction","target":{"@type":"EntryPoint","urlTemplate":"https:\/\/asso.unilim.fr\/rerdh\/?s={search_term_string}"},"query-input":{"@type":"PropertyValueSpecification","valueRequired":true,"valueName":"search_term_string"}}],"inLanguage":"fr-FR"}]}},"_links":{"self":[{"href":"https:\/\/asso.unilim.fr\/rerdh\/wp-json\/wp\/v2\/pages\/240","targetHints":{"allow":["GET"]}}],"collection":[{"href":"https:\/\/asso.unilim.fr\/rerdh\/wp-json\/wp\/v2\/pages"}],"about":[{"href":"https:\/\/asso.unilim.fr\/rerdh\/wp-json\/wp\/v2\/types\/page"}],"author":[{"embeddable":true,"href":"https:\/\/asso.unilim.fr\/rerdh\/wp-json\/wp\/v2\/users\/99"}],"replies":[{"embeddable":true,"href":"https:\/\/asso.unilim.fr\/rerdh\/wp-json\/wp\/v2\/comments?post=240"}],"version-history":[{"count":0,"href":"https:\/\/asso.unilim.fr\/rerdh\/wp-json\/wp\/v2\/pages\/240\/revisions"}],"wp:attachment":[{"href":"https:\/\/asso.unilim.fr\/rerdh\/wp-json\/wp\/v2\/media?parent=240"}],"curies":[{"name":"wp","href":"https:\/\/api.w.org\/{rel}","templated":true}]}}