{"id":238,"date":"2019-09-08T17:48:22","date_gmt":"2019-09-08T15:48:22","guid":{"rendered":"http:\/\/asso.unilim.fr\/rerdh\/?page_id=238"},"modified":"2019-09-15T11:06:59","modified_gmt":"2019-09-15T09:06:59","slug":"2011-science-fiction-et-science-juridique","status":"publish","type":"page","link":"https:\/\/asso.unilim.fr\/rerdh\/2011-science-fiction-et-science-juridique\/","title":{"rendered":"2011 | Science-fiction et science juridique"},"content":{"rendered":"<blockquote><p><em>Science-fiction et science juridique<\/em>, coll. Les voies du droit, I.R.J.S. \u00c9ditions, 2013, 380 pages.<\/p><\/blockquote>\n<p><img loading=\"lazy\" decoding=\"async\" class=\" wp-image-86 aligncenter\" src=\"http:\/\/www.unilim.fr\/rerdh\/wp-content\/uploads\/sites\/11\/2019\/07\/SF-SJ.jpg\" alt=\"\" width=\"358\" height=\"507\" \/><\/p>\n<h1>Pr\u00e9sentation :<\/h1>\n<p>\u00c0 partir de l\u2019entr\u00e9e en mati\u00e8re in\u00e9dite et originale de la science-fiction, les deux journ\u00e9es d\u2019\u00e9tude \u00ab Science-fiction &amp; science juridique \u00bb furent notamment l\u2019occasion :<\/p>\n<ul>\n<li>de s\u2019interroger sur la condition juridique des enfants issus d\u2019un ut\u00e9rus artificiel, des clones et des cyborgs ;<\/li>\n<li>d\u2019envisager la n\u00e9cessit\u00e9 de reconna\u00eetre la personnalit\u00e9 juridique aux extraterrestres et aux robots ;<\/li>\n<li>d\u2019appr\u00e9hender les difficult\u00e9s juridiques que pourraient susciter les proc\u00e9d\u00e9s de cryog\u00e9nisation et de voyage dans le temps ;<\/li>\n<li>de s\u2019interroger sur la protection \u00e0 offrir \u00e0 la Terre et aux autres corps c\u00e9lestes, et sur les implications juridiques de la colonisation de l\u2019espace ;<\/li>\n<li>de se demander comment juger les auteurs d\u2019un crime d\u2019agression interplan\u00e9taire, et comment f\u00e9d\u00e9rer les peuples appartenant \u00e0 diverses plan\u00e8tes ou galaxies.<\/li>\n<\/ul>\n<h1>Programme:<\/h1>\n<h2>Le 13 octobre 2011 : Le m\u00eame, l&rsquo;autre<\/h2>\n<h3>L&rsquo;humanit\u00e9 fragile sous la\u00a0pr\u00e9sidence d\u2019Andr\u00e9 Giudicelli, Professeur, Doyen de la Facult\u00e9 de droit de La Rochelle<\/h3>\n<p style=\"text-align: justify\">\u00ab <strong>L\u2019ectog\u00e9n\u00e8se<\/strong> \u00bb, par Laurence Brunet, Chercheuse associ\u00e9e au R\u00e9seau \u00ab Droit, sciences et techniques \u00bb, Ecole de droit de la Sorbonne ;<br \/>\n\u00ab<strong> Les clones<\/strong> \u00bb, par Rapha\u00eble Parizot, Professeur \u00e0 l\u2019Universit\u00e9 de Poitiers, et Julie Alix, Ma\u00eetre de conf\u00e9rences \u00e0 l\u2019Universit\u00e9 du Maine ;<br \/>\n\u00ab <strong>Les cyborgs<\/strong> \u00bb, par Xavier Labb\u00e9e, Professeur \u00e0 l\u2019Universit\u00e9 de Lille 2, Avocat ;<br \/>\n\u00ab <strong>Le criminel anticip\u00e9<\/strong> \u00bb, par Genevi\u00e8ve Giudicelli-Delage, Professeur \u00e0 l\u2019Ecole de droit de la Sorbonne, et Haritini Matsopolou, Professeur \u00e0 l\u2019Universit\u00e9 Paris Sud 11 ;<br \/>\n\u00ab <strong>Le libre penseur<\/strong> \u00bb, par Nicolas Jeanne, Doctorant \u00e0 l\u2019Ecole de droit de la Sorbonne.<\/p>\n<h3 style=\"text-align: justify\">La non-humanit\u00e9 (13 oct., apr\u00e8s-midi)Sous la pr\u00e9sidence d\u2019Herv\u00e9 Croze, Professeur \u00e0 l\u2019Universit\u00e9 Jean Moulin \u2013 Lyon 3, Avocat<\/h3>\n<p style=\"text-align: justify\">\u00ab <strong>Variations sur quelques th\u00e8mes de science-fiction<\/strong> \u00bb, par Pierre Bordage, Ecrivain ;<br \/>\n\u00ab <strong>Les grands singes<\/strong> \u00bb, par Jacques Leroy, Professeur \u00e0 l\u2019Universit\u00e9 d\u2019Orl\u00e9ans ;<br \/>\n\u00ab <strong>La viande <em>in vitro<\/em><\/strong> \u00bb, par Florence Burgat, Philosophe, INRA ;<br \/>\n\u00ab <strong>Les robots<\/strong> \u00bb, par Pierre-J\u00e9r\u00f4me Delage, Doctorant, ATER \u00e0 l\u2019Universit\u00e9 de Limoges ;<br \/>\n\u00ab <strong>Les extraterrestres<\/strong> \u00bb, par Jean-Pierre Margu\u00e9naud, Professeur \u00e0 l\u2019Universit\u00e9 de Limoges.<\/p>\n<h2 style=\"text-align: justify\">Le 14 octobre 2011 : L\u2019ici, l\u2019ailleurs<\/h2>\n<h3 style=\"text-align: justify\">Le temps sous la pr\u00e9sidence d\u2019Ugo Bellagamba, Ma\u00eetre de conf\u00e9rences \u00e0 l\u2019Universit\u00e9 de Nice Sophia \u2013 Antipolis, Auteur de science-fiction<\/h3>\n<p style=\"text-align: justify\">\u00ab <strong>La cryog\u00e9nisation<\/strong> \u00bb, par Anne-Blandine Caire, Ma\u00eetre de conf\u00e9rences \u00e0 l\u2019Universit\u00e9 de Bretagne occidentale ;<br \/>\n\u00ab <strong>Le voyage dans un autre temps<\/strong> \u00bb, par Marie-Laure Mathieu, Professeur \u00e0 l\u2019Universit\u00e9 de Montpellier 1 ;<br \/>\n\u00ab <strong>Les g\u00e9n\u00e9rations futures<\/strong> \u00bb, par Emilie Gaillard, Docteur en droit de l\u2019Universit\u00e9 d\u2019Orl\u00e9ans ;<br \/>\n\u00ab <strong>Les services publics du futur<\/strong> \u00bb, par Laurent Berthier, Doctorant \u00e0 l\u2019Universit\u00e9 de Limoges.<br \/>\n\u00ab <strong>Science et science-fiction : inspirations et influences r\u00e9ciproques<\/strong> \u00bb, par Roland Lehoucq, Astrophysicien, Commissariat \u00e0 l\u2019Energie Atomique de Saclay, Professeur \u00e0 l\u2019Ecole Polytechnique.<\/p>\n<h3 style=\"text-align: justify\">L\u2019espace sous la pr\u00e9sidence d\u2019H\u00e9l\u00e8ne Pauliat, Professeur \u00e0 l\u2019Universit\u00e9 de Limoges, Doyen honoraire<\/h3>\n<p style=\"text-align: justify\">\u00ab<strong> La Terre<\/strong> \u00bb, par Fabien Marchadier, Professeur \u00e0 l\u2019Universit\u00e9 de Poitiers ;<br \/>\n\u00ab <strong>La Lune<\/strong> \u00bb, par Mathieu Jacquelin, Docteur en droit de l\u2019Ecole de droit de la Sorbonne, Post-doctorant \u00e0 l\u2019Universit\u00e9 de Limoges ;<br \/>\n\u00ab <strong>Le terraformage<\/strong> \u00bb, par Laurent Neyret, Professeur \u00e0 l\u2019Universit\u00e9 d\u2019Artois ;<br \/>\n\u00ab <strong>Le crime d\u2019agression interplan\u00e9taire<\/strong> \u00bb, par Damien Roets, Ma\u00eetre de conf\u00e9rences \u00e0 l\u2019Universit\u00e9 de Limoges ;<br \/>\n\u00ab <strong>La Constitution galactique<\/strong> \u00bb, par Dominique Rousseau, Professeur \u00e0 l\u2019Ecole de droit de la Sorbonne.<\/p>\n","protected":false},"excerpt":{"rendered":"<p>Science-fiction et science juridique, coll. Les voies du droit, I.R.J.S. \u00c9ditions, 2013, 380 pages. Pr\u00e9sentation : \u00c0 partir de l\u2019entr\u00e9e en mati\u00e8re in\u00e9dite et originale de la science-fiction, les deux journ\u00e9es d\u2019\u00e9tude \u00ab Science-fiction &amp; science juridique \u00bb furent notamment l\u2019occasion : de s\u2019interroger sur la condition juridique des enfants issus d\u2019un ut\u00e9rus artificiel, des [&hellip;]<\/p>\n","protected":false},"author":99,"featured_media":0,"parent":0,"menu_order":0,"comment_status":"closed","ping_status":"closed","template":"","meta":{"footnotes":""},"class_list":["post-238","page","type-page","status-publish","hentry"],"yoast_head":"<!-- This site is optimized with the Yoast SEO plugin v26.3 - https:\/\/yoast.com\/wordpress\/plugins\/seo\/ -->\n<title>2011 | Science-fiction et science juridique - R\u00e9seau Europ\u00e9en de Recherche en Droits de l&#039;Homme (R.E.R.D.H.)<\/title>\n<meta name=\"robots\" content=\"index, follow, max-snippet:-1, max-image-preview:large, max-video-preview:-1\" \/>\n<link rel=\"canonical\" href=\"https:\/\/asso.unilim.fr\/rerdh\/2011-science-fiction-et-science-juridique\/\" \/>\n<meta property=\"og:locale\" content=\"fr_FR\" \/>\n<meta property=\"og:type\" content=\"article\" \/>\n<meta property=\"og:title\" content=\"2011 | Science-fiction et science juridique - R\u00e9seau Europ\u00e9en de Recherche en Droits de l&#039;Homme (R.E.R.D.H.)\" \/>\n<meta property=\"og:description\" content=\"Science-fiction et science juridique, coll. Les voies du droit, I.R.J.S. \u00c9ditions, 2013, 380 pages. Pr\u00e9sentation : \u00c0 partir de l\u2019entr\u00e9e en mati\u00e8re in\u00e9dite et originale de la science-fiction, les deux journ\u00e9es d\u2019\u00e9tude \u00ab Science-fiction &amp; science juridique \u00bb furent notamment l\u2019occasion : de s\u2019interroger sur la condition juridique des enfants issus d\u2019un ut\u00e9rus artificiel, des [&hellip;]\" \/>\n<meta property=\"og:url\" content=\"https:\/\/asso.unilim.fr\/rerdh\/2011-science-fiction-et-science-juridique\/\" \/>\n<meta property=\"og:site_name\" content=\"R\u00e9seau Europ\u00e9en de Recherche en Droits de l&#039;Homme (R.E.R.D.H.)\" \/>\n<meta property=\"article:modified_time\" content=\"2019-09-15T09:06:59+00:00\" \/>\n<meta property=\"og:image\" content=\"http:\/\/www.unilim.fr\/rerdh\/wp-content\/uploads\/sites\/11\/2019\/07\/SF-SJ.jpg\" \/>\n<meta name=\"twitter:card\" content=\"summary_large_image\" \/>\n<meta name=\"twitter:label1\" content=\"Dur\u00e9e de lecture estim\u00e9e\" \/>\n\t<meta name=\"twitter:data1\" content=\"3 minutes\" \/>\n<script type=\"application\/ld+json\" class=\"yoast-schema-graph\">{\"@context\":\"https:\/\/schema.org\",\"@graph\":[{\"@type\":\"WebPage\",\"@id\":\"https:\/\/asso.unilim.fr\/rerdh\/2011-science-fiction-et-science-juridique\/\",\"url\":\"https:\/\/asso.unilim.fr\/rerdh\/2011-science-fiction-et-science-juridique\/\",\"name\":\"2011 | Science-fiction et science juridique - R\u00e9seau Europ\u00e9en de Recherche en Droits de l&#039;Homme (R.E.R.D.H.)\",\"isPartOf\":{\"@id\":\"https:\/\/asso.unilim.fr\/rerdh\/#website\"},\"primaryImageOfPage\":{\"@id\":\"https:\/\/asso.unilim.fr\/rerdh\/2011-science-fiction-et-science-juridique\/#primaryimage\"},\"image\":{\"@id\":\"https:\/\/asso.unilim.fr\/rerdh\/2011-science-fiction-et-science-juridique\/#primaryimage\"},\"thumbnailUrl\":\"http:\/\/www.unilim.fr\/rerdh\/wp-content\/uploads\/sites\/11\/2019\/07\/SF-SJ.jpg\",\"datePublished\":\"2019-09-08T15:48:22+00:00\",\"dateModified\":\"2019-09-15T09:06:59+00:00\",\"breadcrumb\":{\"@id\":\"https:\/\/asso.unilim.fr\/rerdh\/2011-science-fiction-et-science-juridique\/#breadcrumb\"},\"inLanguage\":\"fr-FR\",\"potentialAction\":[{\"@type\":\"ReadAction\",\"target\":[\"https:\/\/asso.unilim.fr\/rerdh\/2011-science-fiction-et-science-juridique\/\"]}]},{\"@type\":\"ImageObject\",\"inLanguage\":\"fr-FR\",\"@id\":\"https:\/\/asso.unilim.fr\/rerdh\/2011-science-fiction-et-science-juridique\/#primaryimage\",\"url\":\"http:\/\/www.unilim.fr\/rerdh\/wp-content\/uploads\/sites\/11\/2019\/07\/SF-SJ.jpg\",\"contentUrl\":\"http:\/\/www.unilim.fr\/rerdh\/wp-content\/uploads\/sites\/11\/2019\/07\/SF-SJ.jpg\"},{\"@type\":\"BreadcrumbList\",\"@id\":\"https:\/\/asso.unilim.fr\/rerdh\/2011-science-fiction-et-science-juridique\/#breadcrumb\",\"itemListElement\":[{\"@type\":\"ListItem\",\"position\":1,\"name\":\"Accueil\",\"item\":\"https:\/\/asso.unilim.fr\/rerdh\/\"},{\"@type\":\"ListItem\",\"position\":2,\"name\":\"2011 | Science-fiction et science juridique\"}]},{\"@type\":\"WebSite\",\"@id\":\"https:\/\/asso.unilim.fr\/rerdh\/#website\",\"url\":\"https:\/\/asso.unilim.fr\/rerdh\/\",\"name\":\"R\u00e9seau Europ\u00e9en de Recherche en Droits de l&#039;Homme (R.E.R.D.H.)\",\"description\":\"universit\u00e9 ouverte source de r\u00e9ussites\",\"potentialAction\":[{\"@type\":\"SearchAction\",\"target\":{\"@type\":\"EntryPoint\",\"urlTemplate\":\"https:\/\/asso.unilim.fr\/rerdh\/?s={search_term_string}\"},\"query-input\":{\"@type\":\"PropertyValueSpecification\",\"valueRequired\":true,\"valueName\":\"search_term_string\"}}],\"inLanguage\":\"fr-FR\"}]}<\/script>\n<!-- \/ Yoast SEO plugin. -->","yoast_head_json":{"title":"2011 | Science-fiction et science juridique - R\u00e9seau Europ\u00e9en de Recherche en Droits de l&#039;Homme (R.E.R.D.H.)","robots":{"index":"index","follow":"follow","max-snippet":"max-snippet:-1","max-image-preview":"max-image-preview:large","max-video-preview":"max-video-preview:-1"},"canonical":"https:\/\/asso.unilim.fr\/rerdh\/2011-science-fiction-et-science-juridique\/","og_locale":"fr_FR","og_type":"article","og_title":"2011 | Science-fiction et science juridique - R\u00e9seau Europ\u00e9en de Recherche en Droits de l&#039;Homme (R.E.R.D.H.)","og_description":"Science-fiction et science juridique, coll. Les voies du droit, I.R.J.S. \u00c9ditions, 2013, 380 pages. Pr\u00e9sentation : \u00c0 partir de l\u2019entr\u00e9e en mati\u00e8re in\u00e9dite et originale de la science-fiction, les deux journ\u00e9es d\u2019\u00e9tude \u00ab Science-fiction &amp; science juridique \u00bb furent notamment l\u2019occasion : de s\u2019interroger sur la condition juridique des enfants issus d\u2019un ut\u00e9rus artificiel, des [&hellip;]","og_url":"https:\/\/asso.unilim.fr\/rerdh\/2011-science-fiction-et-science-juridique\/","og_site_name":"R\u00e9seau Europ\u00e9en de Recherche en Droits de l&#039;Homme (R.E.R.D.H.)","article_modified_time":"2019-09-15T09:06:59+00:00","og_image":[{"url":"http:\/\/www.unilim.fr\/rerdh\/wp-content\/uploads\/sites\/11\/2019\/07\/SF-SJ.jpg","type":"","width":"","height":""}],"twitter_card":"summary_large_image","twitter_misc":{"Dur\u00e9e de lecture estim\u00e9e":"3 minutes"},"schema":{"@context":"https:\/\/schema.org","@graph":[{"@type":"WebPage","@id":"https:\/\/asso.unilim.fr\/rerdh\/2011-science-fiction-et-science-juridique\/","url":"https:\/\/asso.unilim.fr\/rerdh\/2011-science-fiction-et-science-juridique\/","name":"2011 | Science-fiction et science juridique - R\u00e9seau Europ\u00e9en de Recherche en Droits de l&#039;Homme (R.E.R.D.H.)","isPartOf":{"@id":"https:\/\/asso.unilim.fr\/rerdh\/#website"},"primaryImageOfPage":{"@id":"https:\/\/asso.unilim.fr\/rerdh\/2011-science-fiction-et-science-juridique\/#primaryimage"},"image":{"@id":"https:\/\/asso.unilim.fr\/rerdh\/2011-science-fiction-et-science-juridique\/#primaryimage"},"thumbnailUrl":"http:\/\/www.unilim.fr\/rerdh\/wp-content\/uploads\/sites\/11\/2019\/07\/SF-SJ.jpg","datePublished":"2019-09-08T15:48:22+00:00","dateModified":"2019-09-15T09:06:59+00:00","breadcrumb":{"@id":"https:\/\/asso.unilim.fr\/rerdh\/2011-science-fiction-et-science-juridique\/#breadcrumb"},"inLanguage":"fr-FR","potentialAction":[{"@type":"ReadAction","target":["https:\/\/asso.unilim.fr\/rerdh\/2011-science-fiction-et-science-juridique\/"]}]},{"@type":"ImageObject","inLanguage":"fr-FR","@id":"https:\/\/asso.unilim.fr\/rerdh\/2011-science-fiction-et-science-juridique\/#primaryimage","url":"http:\/\/www.unilim.fr\/rerdh\/wp-content\/uploads\/sites\/11\/2019\/07\/SF-SJ.jpg","contentUrl":"http:\/\/www.unilim.fr\/rerdh\/wp-content\/uploads\/sites\/11\/2019\/07\/SF-SJ.jpg"},{"@type":"BreadcrumbList","@id":"https:\/\/asso.unilim.fr\/rerdh\/2011-science-fiction-et-science-juridique\/#breadcrumb","itemListElement":[{"@type":"ListItem","position":1,"name":"Accueil","item":"https:\/\/asso.unilim.fr\/rerdh\/"},{"@type":"ListItem","position":2,"name":"2011 | Science-fiction et science juridique"}]},{"@type":"WebSite","@id":"https:\/\/asso.unilim.fr\/rerdh\/#website","url":"https:\/\/asso.unilim.fr\/rerdh\/","name":"R\u00e9seau Europ\u00e9en de Recherche en Droits de l&#039;Homme (R.E.R.D.H.)","description":"universit\u00e9 ouverte source de r\u00e9ussites","potentialAction":[{"@type":"SearchAction","target":{"@type":"EntryPoint","urlTemplate":"https:\/\/asso.unilim.fr\/rerdh\/?s={search_term_string}"},"query-input":{"@type":"PropertyValueSpecification","valueRequired":true,"valueName":"search_term_string"}}],"inLanguage":"fr-FR"}]}},"_links":{"self":[{"href":"https:\/\/asso.unilim.fr\/rerdh\/wp-json\/wp\/v2\/pages\/238","targetHints":{"allow":["GET"]}}],"collection":[{"href":"https:\/\/asso.unilim.fr\/rerdh\/wp-json\/wp\/v2\/pages"}],"about":[{"href":"https:\/\/asso.unilim.fr\/rerdh\/wp-json\/wp\/v2\/types\/page"}],"author":[{"embeddable":true,"href":"https:\/\/asso.unilim.fr\/rerdh\/wp-json\/wp\/v2\/users\/99"}],"replies":[{"embeddable":true,"href":"https:\/\/asso.unilim.fr\/rerdh\/wp-json\/wp\/v2\/comments?post=238"}],"version-history":[{"count":0,"href":"https:\/\/asso.unilim.fr\/rerdh\/wp-json\/wp\/v2\/pages\/238\/revisions"}],"wp:attachment":[{"href":"https:\/\/asso.unilim.fr\/rerdh\/wp-json\/wp\/v2\/media?parent=238"}],"curies":[{"name":"wp","href":"https:\/\/api.w.org\/{rel}","templated":true}]}}