{"id":232,"date":"2019-09-08T17:35:56","date_gmt":"2019-09-08T15:35:56","guid":{"rendered":"http:\/\/asso.unilim.fr\/rerdh\/?page_id=232"},"modified":"2019-09-15T11:16:48","modified_gmt":"2019-09-15T09:16:48","slug":"2014-le-droit-au-bonheur","status":"publish","type":"page","link":"https:\/\/asso.unilim.fr\/rerdh\/2014-le-droit-au-bonheur\/","title":{"rendered":"2014 | Le droit au Bonheur"},"content":{"rendered":"<blockquote>\n<blockquote><p><em>Le droit au bonheur<\/em>, coll. Colloques &amp; Essais, Institut Universitaire Varenne, 2016, 360 pages.<\/p><\/blockquote>\n<\/blockquote>\n<figure id=\"attachment_87\" aria-describedby=\"caption-attachment-87\" style=\"width: 500px\" class=\"wp-caption aligncenter\"><img loading=\"lazy\" decoding=\"async\" class=\"size-full wp-image-87\" src=\"http:\/\/www.unilim.fr\/rerdh\/wp-content\/uploads\/sites\/11\/2019\/07\/bonheur.jpg\" alt=\"\" width=\"500\" height=\"707\" srcset=\"https:\/\/asso.unilim.fr\/rerdh\/wp-content\/uploads\/sites\/11\/2019\/07\/bonheur.jpg 500w, https:\/\/asso.unilim.fr\/rerdh\/wp-content\/uploads\/sites\/11\/2019\/07\/bonheur-212x300.jpg 212w\" sizes=\"auto, (max-width: 500px) 100vw, 500px\" \/><figcaption id=\"caption-attachment-87\" class=\"wp-caption-text\">Dessin r\u00e9alit\u00e9 par Florance DEGARDIN<\/figcaption><\/figure>\n<h1>Pr\u00e9sentation<\/h1>\n<p>Deux jours de colloque ont permis de d\u00e9battre du contenu de cette notion n\u00e9buleuse : \u00ab\u00a0le bonheur\u00a0\u00bb, en essayant de d\u00e9finir ses diff\u00e9rents aspects juridiques ou non, individuel ou collectif, avant de s\u2019interroger sur sa valeur, ses fondements, et sa possible utilisation.<\/p>\n<p style=\"text-align: justify\">La premi\u00e8re journ\u00e9e de cette manifestation fut consacr\u00e9e au contenu que pourrait rev\u00eatir ce droit au bonheur. La premi\u00e8re matin\u00e9e a permis de poser un regard crois\u00e9 sur la d\u00e9finition du bonheur et de confronter divers points de vue, notamment sociologiques, \u00e9conomiques ou encore philosophique. L\u2019apr\u00e8s-midi compos\u00e9e de deux tables-rondes a trait\u00e9 du bonheur dans son acception individuel d\u2019une part, et du bonheur du groupe d\u2019autre part.<\/p>\n<p style=\"text-align: justify\">La deuxi\u00e8me journ\u00e9e fut l\u2019occasion de s\u2019interroger sur la valeur du droit au bonheur. Au cours de la matin\u00e9e, la fondamentalit\u00e9 de ce droit fut envisag\u00e9e, en se demandant s\u2019il est opportun de le consacrer et quels seraient les risques d\u2019une telle cons\u00e9cration. La derni\u00e8re demi-journ\u00e9e a vu les d\u00e9bats s\u2019ouvrir vers une possible justiciabilit\u00e9 du droit au bonheur, est-il r\u00e9ellement invocable ? Quels sont ses fondements ?<\/p>\n<h1>Programme<\/h1>\n<h2>Mercredi 3 d\u00e9cembre : Le contenu du droit au bonheur<\/h2>\n<p><strong>Ouverture du colloque et propos introductifs <\/strong><br \/>\nLudovic Pailler, Doctorant en droit priv\u00e9, Universit\u00e9 de Limoges, Pr\u00e9sident du RERDH ;<br \/>\nH\u00e9l\u00e8ne Pauliat, Professeur de droit public, Pr\u00e9sidente de l\u2019Universit\u00e9 de Limoges ;<br \/>\nJacques P\u00e9ricard, Professeur d\u2019histoire du droit, Assesseur du Doyen de la Facult\u00e9 de droit et des sciences \u00e9conomiques de Limoges.<\/p>\n<h3>UN CONCEPT DE BONHEUR N\u00c9BULEUX<\/h3>\n<p>Sous la pr\u00e9sidence de Jean-Pierre Margu\u00e9naud, Professeur de droit priv\u00e9, Universit\u00e9 de Limoges<\/p>\n<p><strong>Propos introductifs <\/strong><br \/>\nJean-Pierre Margu\u00e9naud, Professeur de droit priv\u00e9, Universit\u00e9 de Limoges<\/p>\n<h4>REGARDS CROIS\u00c9S SUR LE CONCEPT DE BONHEUR<\/h4>\n<p><strong>Le concept de bonheur au Bhoutan <\/strong><br \/>\n\u00c9milie Chevallier, MCF en droit public, Universit\u00e9 de Poitiers<\/p>\n<p><strong>L\u2019approche \u00e9conomique du concept de bonheur <\/strong><br \/>\nDenis Malabou, MCF en sciences \u00e9conomiques, Universit\u00e9 de Limoges<\/p>\n<p><strong>Vers une mesure et une d\u00e9finition du bonheur <\/strong><br \/>\nR\u00e9mi Pawin, Docteur en histoire contemporaine, Universit\u00e9 Paris 1<\/p>\n<p><strong>L\u2019approche philosophique du concept de bonheur <\/strong><br \/>\nG\u00e9raldine A\u00efdan, Charg\u00e9e de recherche CNRS-CERSA<\/p>\n<h4>PREMI\u00c8RES APPROCHES JURIDIQUES<\/h4>\n<p><strong>Le droit \u00e0 l\u2019orgasme ? L\u2019orgasme entre paradis sur terre et petite mort <\/strong><br \/>\nBruno Py, Professeur de droit priv\u00e9, Universit\u00e9 de Poitiers<\/p>\n<p><strong>L\u2019animal sensible, un \u00ab agent susceptible de bonheur \u00bb ? Approche (critique) de l\u2019utilitarisme juridique appliqu\u00e9 aux animaux <\/strong><br \/>\nPierre-J\u00e9r\u00f4me Delage, Docteur en droit priv\u00e9, Universit\u00e9 de Limoges<\/p>\n<h3>DES TRADUCTIONS PROT\u00c9IFORMES D\u2019UN DROIT AU BONHEUR<\/h3>\n<p>Sous la pr\u00e9sidence de Fabien Marchadier, Professeur de droit priv\u00e9, Universit\u00e9 de Poitiers<\/p>\n<p><strong>Propos introductifs <\/strong><br \/>\nFabien Marchadier, Professeur de droit priv\u00e9, Universit\u00e9 de Poitiers<\/p>\n<h4>REGARDS CROIS\u00c9S SUR L\u2019AUTONOMIE ET LE D\u00c9VELOPPEMENT PERSONNELS<\/h4>\n<p><strong>Le droit m\u00e9dical : inhibiteur du droit au bonheur ? <\/strong><br \/>\nAmbre Laplaud, Doctorante en droit public, Universit\u00e9 de Limoges<\/p>\n<p><strong>Bonheur et identit\u00e9 <\/strong><br \/>\nTatiana Dailler, Doctorante en droit priv\u00e9, Universit\u00e9 de Limoges<\/p>\n<p><strong>Du vieux pain sur son balcon : la notion d\u2019\u00e9panouissement personnel en droit allemand <\/strong><br \/>\nThomas Hochmann, Professeur de droit public, Universit\u00e9 de Reims Champagne-Ardenne<\/p>\n<h4>REGARDS CROIS\u00c9S SUR LE BONHEUR DU GROUPE<\/h4>\n<p><strong>Diversit\u00e9 des conceptions du bonheur familial <\/strong><br \/>\nDriss Ghounbaj, Doctorant en droit priv\u00e9, Universit\u00e9 de Limoges<\/p>\n<p><strong>Bonheur et Environnement <\/strong><br \/>\nCharlotte Touzot, Doctorante en droit public, Universit\u00e9 de Limoges<\/p>\n<p><strong>Participation citoyenne et droit au bonheur <\/strong><br \/>\nC\u00e9cile Chassagne, Doctorante en droit public, Universit\u00e9 de Limoges<\/p>\n<p><strong>Coop\u00e9ratives et droit au bonheur <\/strong><br \/>\nDaniel Kuri, MCF en droit priv\u00e9, Universit\u00e9 de Limoges<\/p>\n<h2>Jeudi 4 d\u00e9cembre : La valeur du droit au bonheur<\/h2>\n<h3>UNE FONDAMENTALIT\u00c9 INCERTAINE<\/h3>\n<p>Sous la pr\u00e9sidence de Jean Morange, Professeur de droit public, Universit\u00e9 de Limoges<\/p>\n<p><strong>Propos introductifs <\/strong><br \/>\nJean Morange, Professeur de droit public,Universit\u00e9 de Limoges<\/p>\n<h4>DE L\u2019OPPORTUNIT\u00c9 D\u2019UN DROIT FONDAMENTAL AUBONHEUR<\/h4>\n<p><strong>Le bonheur a-t-il la substance d\u2019un droit fondamental ? <\/strong><br \/>\nNicolas Chifflot, Professeur de droit public, Universit\u00e9 de Limoges<\/p>\n<p><strong>Le bonheur dans les dictatures <\/strong><br \/>\nFran\u00e7ois Jankowiak, Professeur d\u2019Histoire du droit, Universit\u00e9 de Paris Sud<\/p>\n<p><strong>La figure du tyran <\/strong><br \/>\nPascal Plas, Directeur de la Chaire d\u2019excellence Gestion du conflit et de l\u2019apr\u00e8s-conflit, Fondation partenariale de l\u2019Universit\u00e9 de Limoges<\/p>\n<h4>DE QUELQUES ANTAGONISMES D\u2019UN DROIT FONDAMENTAL AU BONHEUR<\/h4>\n<p><strong>Garantie des libert\u00e9s individuelles et \u00c9tat-providence, bonheur contre l\u2019\u00c9tat et bonheur par l\u2019\u00c9tat <\/strong><br \/>\nCaroline Boyer-Capelle, MCF en droit public, Universit\u00e9 de Limoges<\/p>\n<p><strong>Int\u00e9r\u00eats individuels et int\u00e9r\u00eats collectifs en droit priv\u00e9 <\/strong><br \/>\nMa\u00efa Gouguet, Doctorante en droit priv\u00e9, Universit\u00e9 de Limoges<\/p>\n<p><strong>Le droit au bonheur est-il juridiquement concevable au sein d\u2019un \u00c9tat de droit ? <\/strong><br \/>\n\u00c9tienne Picard, Professeur de droit public, Universit\u00e9 Paris 1<\/p>\n<h3>UNE JUSTICIABILIT\u00c9 ENVISAGEABLE<\/h3>\n<p>Sous la pr\u00e9sidence de Marc Pichard, Professeur de droit priv\u00e9, Universit\u00e9 de Paris-Ouest Nanterre La D\u00e9fense<\/p>\n<p><strong>Propos introductifs <\/strong><br \/>\nMarc Pichard, Professeur de droit priv\u00e9, Universit\u00e9 de Paris-Ouest Nanterre La D\u00e9fense<\/p>\n<p><strong>De l\u2019hypoth\u00e8se d\u2019une justiciabilit\u00e9 du droit au bonheur <\/strong><br \/>\nAnneBlandine Caire, Professeur de droit priv\u00e9, Universit\u00e9 d\u2019Auvergne<\/p>\n<p><strong>Les fondements constitutionnels du droit au bonheur et leur justiciabilit\u00e9, approche compar\u00e9e <\/strong><br \/>\nMarthe Fatin-Rouge St\u00e9fanini et Laurence Gay, CNRS<\/p>\n<p><strong>Les fondements internationaux du droit au bonheur et leur justiciabilit\u00e9 <\/strong><br \/>\nCarole Nivard, MCF en droit public, Universit\u00e9 de Rouen<\/p>\n<p><strong>RAPPORT DE SYNTH\u00c8SE <\/strong><br \/>\nAur\u00e9lien Lemasson, Professeur de droit priv\u00e9, Universit\u00e9 du Littoral C\u00f4te d\u2019Opale<\/p>\n","protected":false},"excerpt":{"rendered":"<p>Le droit au bonheur, coll. Colloques &amp; Essais, Institut Universitaire Varenne, 2016, 360 pages. Pr\u00e9sentation Deux jours de colloque ont permis de d\u00e9battre du contenu de cette notion n\u00e9buleuse : \u00ab\u00a0le bonheur\u00a0\u00bb, en essayant de d\u00e9finir ses diff\u00e9rents aspects juridiques ou non, individuel ou collectif, avant de s\u2019interroger sur sa valeur, ses fondements, et sa [&hellip;]<\/p>\n","protected":false},"author":99,"featured_media":0,"parent":0,"menu_order":0,"comment_status":"closed","ping_status":"closed","template":"","meta":{"footnotes":""},"class_list":["post-232","page","type-page","status-publish","hentry"],"yoast_head":"<!-- This site is optimized with the Yoast SEO plugin v26.3 - https:\/\/yoast.com\/wordpress\/plugins\/seo\/ -->\n<title>2014 | Le droit au Bonheur - R\u00e9seau Europ\u00e9en de Recherche en Droits de l&#039;Homme (R.E.R.D.H.)<\/title>\n<meta name=\"robots\" content=\"index, follow, max-snippet:-1, max-image-preview:large, max-video-preview:-1\" \/>\n<link rel=\"canonical\" href=\"https:\/\/asso.unilim.fr\/rerdh\/2014-le-droit-au-bonheur\/\" \/>\n<meta property=\"og:locale\" content=\"fr_FR\" \/>\n<meta property=\"og:type\" content=\"article\" \/>\n<meta property=\"og:title\" content=\"2014 | Le droit au Bonheur - R\u00e9seau Europ\u00e9en de Recherche en Droits de l&#039;Homme (R.E.R.D.H.)\" \/>\n<meta property=\"og:description\" content=\"Le droit au bonheur, coll. Colloques &amp; Essais, Institut Universitaire Varenne, 2016, 360 pages. Pr\u00e9sentation Deux jours de colloque ont permis de d\u00e9battre du contenu de cette notion n\u00e9buleuse : \u00ab\u00a0le bonheur\u00a0\u00bb, en essayant de d\u00e9finir ses diff\u00e9rents aspects juridiques ou non, individuel ou collectif, avant de s\u2019interroger sur sa valeur, ses fondements, et sa [&hellip;]\" \/>\n<meta property=\"og:url\" content=\"https:\/\/asso.unilim.fr\/rerdh\/2014-le-droit-au-bonheur\/\" \/>\n<meta property=\"og:site_name\" content=\"R\u00e9seau Europ\u00e9en de Recherche en Droits de l&#039;Homme (R.E.R.D.H.)\" \/>\n<meta property=\"article:modified_time\" content=\"2019-09-15T09:16:48+00:00\" \/>\n<meta property=\"og:image\" content=\"http:\/\/www.unilim.fr\/rerdh\/wp-content\/uploads\/sites\/11\/2019\/07\/bonheur.jpg\" \/>\n<meta name=\"twitter:card\" content=\"summary_large_image\" \/>\n<meta name=\"twitter:label1\" content=\"Dur\u00e9e de lecture estim\u00e9e\" \/>\n\t<meta name=\"twitter:data1\" content=\"5 minutes\" \/>\n<script type=\"application\/ld+json\" class=\"yoast-schema-graph\">{\"@context\":\"https:\/\/schema.org\",\"@graph\":[{\"@type\":\"WebPage\",\"@id\":\"https:\/\/asso.unilim.fr\/rerdh\/2014-le-droit-au-bonheur\/\",\"url\":\"https:\/\/asso.unilim.fr\/rerdh\/2014-le-droit-au-bonheur\/\",\"name\":\"2014 | Le droit au Bonheur - R\u00e9seau Europ\u00e9en de Recherche en Droits de l&#039;Homme (R.E.R.D.H.)\",\"isPartOf\":{\"@id\":\"https:\/\/asso.unilim.fr\/rerdh\/#website\"},\"primaryImageOfPage\":{\"@id\":\"https:\/\/asso.unilim.fr\/rerdh\/2014-le-droit-au-bonheur\/#primaryimage\"},\"image\":{\"@id\":\"https:\/\/asso.unilim.fr\/rerdh\/2014-le-droit-au-bonheur\/#primaryimage\"},\"thumbnailUrl\":\"http:\/\/www.unilim.fr\/rerdh\/wp-content\/uploads\/sites\/11\/2019\/07\/bonheur.jpg\",\"datePublished\":\"2019-09-08T15:35:56+00:00\",\"dateModified\":\"2019-09-15T09:16:48+00:00\",\"breadcrumb\":{\"@id\":\"https:\/\/asso.unilim.fr\/rerdh\/2014-le-droit-au-bonheur\/#breadcrumb\"},\"inLanguage\":\"fr-FR\",\"potentialAction\":[{\"@type\":\"ReadAction\",\"target\":[\"https:\/\/asso.unilim.fr\/rerdh\/2014-le-droit-au-bonheur\/\"]}]},{\"@type\":\"ImageObject\",\"inLanguage\":\"fr-FR\",\"@id\":\"https:\/\/asso.unilim.fr\/rerdh\/2014-le-droit-au-bonheur\/#primaryimage\",\"url\":\"http:\/\/www.unilim.fr\/rerdh\/wp-content\/uploads\/sites\/11\/2019\/07\/bonheur.jpg\",\"contentUrl\":\"http:\/\/www.unilim.fr\/rerdh\/wp-content\/uploads\/sites\/11\/2019\/07\/bonheur.jpg\"},{\"@type\":\"BreadcrumbList\",\"@id\":\"https:\/\/asso.unilim.fr\/rerdh\/2014-le-droit-au-bonheur\/#breadcrumb\",\"itemListElement\":[{\"@type\":\"ListItem\",\"position\":1,\"name\":\"Accueil\",\"item\":\"https:\/\/asso.unilim.fr\/rerdh\/\"},{\"@type\":\"ListItem\",\"position\":2,\"name\":\"2014 | Le droit au Bonheur\"}]},{\"@type\":\"WebSite\",\"@id\":\"https:\/\/asso.unilim.fr\/rerdh\/#website\",\"url\":\"https:\/\/asso.unilim.fr\/rerdh\/\",\"name\":\"R\u00e9seau Europ\u00e9en de Recherche en Droits de l&#039;Homme (R.E.R.D.H.)\",\"description\":\"universit\u00e9 ouverte source de r\u00e9ussites\",\"potentialAction\":[{\"@type\":\"SearchAction\",\"target\":{\"@type\":\"EntryPoint\",\"urlTemplate\":\"https:\/\/asso.unilim.fr\/rerdh\/?s={search_term_string}\"},\"query-input\":{\"@type\":\"PropertyValueSpecification\",\"valueRequired\":true,\"valueName\":\"search_term_string\"}}],\"inLanguage\":\"fr-FR\"}]}<\/script>\n<!-- \/ Yoast SEO plugin. -->","yoast_head_json":{"title":"2014 | Le droit au Bonheur - R\u00e9seau Europ\u00e9en de Recherche en Droits de l&#039;Homme (R.E.R.D.H.)","robots":{"index":"index","follow":"follow","max-snippet":"max-snippet:-1","max-image-preview":"max-image-preview:large","max-video-preview":"max-video-preview:-1"},"canonical":"https:\/\/asso.unilim.fr\/rerdh\/2014-le-droit-au-bonheur\/","og_locale":"fr_FR","og_type":"article","og_title":"2014 | Le droit au Bonheur - R\u00e9seau Europ\u00e9en de Recherche en Droits de l&#039;Homme (R.E.R.D.H.)","og_description":"Le droit au bonheur, coll. Colloques &amp; Essais, Institut Universitaire Varenne, 2016, 360 pages. Pr\u00e9sentation Deux jours de colloque ont permis de d\u00e9battre du contenu de cette notion n\u00e9buleuse : \u00ab\u00a0le bonheur\u00a0\u00bb, en essayant de d\u00e9finir ses diff\u00e9rents aspects juridiques ou non, individuel ou collectif, avant de s\u2019interroger sur sa valeur, ses fondements, et sa [&hellip;]","og_url":"https:\/\/asso.unilim.fr\/rerdh\/2014-le-droit-au-bonheur\/","og_site_name":"R\u00e9seau Europ\u00e9en de Recherche en Droits de l&#039;Homme (R.E.R.D.H.)","article_modified_time":"2019-09-15T09:16:48+00:00","og_image":[{"url":"http:\/\/www.unilim.fr\/rerdh\/wp-content\/uploads\/sites\/11\/2019\/07\/bonheur.jpg","type":"","width":"","height":""}],"twitter_card":"summary_large_image","twitter_misc":{"Dur\u00e9e de lecture estim\u00e9e":"5 minutes"},"schema":{"@context":"https:\/\/schema.org","@graph":[{"@type":"WebPage","@id":"https:\/\/asso.unilim.fr\/rerdh\/2014-le-droit-au-bonheur\/","url":"https:\/\/asso.unilim.fr\/rerdh\/2014-le-droit-au-bonheur\/","name":"2014 | Le droit au Bonheur - R\u00e9seau Europ\u00e9en de Recherche en Droits de l&#039;Homme (R.E.R.D.H.)","isPartOf":{"@id":"https:\/\/asso.unilim.fr\/rerdh\/#website"},"primaryImageOfPage":{"@id":"https:\/\/asso.unilim.fr\/rerdh\/2014-le-droit-au-bonheur\/#primaryimage"},"image":{"@id":"https:\/\/asso.unilim.fr\/rerdh\/2014-le-droit-au-bonheur\/#primaryimage"},"thumbnailUrl":"http:\/\/www.unilim.fr\/rerdh\/wp-content\/uploads\/sites\/11\/2019\/07\/bonheur.jpg","datePublished":"2019-09-08T15:35:56+00:00","dateModified":"2019-09-15T09:16:48+00:00","breadcrumb":{"@id":"https:\/\/asso.unilim.fr\/rerdh\/2014-le-droit-au-bonheur\/#breadcrumb"},"inLanguage":"fr-FR","potentialAction":[{"@type":"ReadAction","target":["https:\/\/asso.unilim.fr\/rerdh\/2014-le-droit-au-bonheur\/"]}]},{"@type":"ImageObject","inLanguage":"fr-FR","@id":"https:\/\/asso.unilim.fr\/rerdh\/2014-le-droit-au-bonheur\/#primaryimage","url":"http:\/\/www.unilim.fr\/rerdh\/wp-content\/uploads\/sites\/11\/2019\/07\/bonheur.jpg","contentUrl":"http:\/\/www.unilim.fr\/rerdh\/wp-content\/uploads\/sites\/11\/2019\/07\/bonheur.jpg"},{"@type":"BreadcrumbList","@id":"https:\/\/asso.unilim.fr\/rerdh\/2014-le-droit-au-bonheur\/#breadcrumb","itemListElement":[{"@type":"ListItem","position":1,"name":"Accueil","item":"https:\/\/asso.unilim.fr\/rerdh\/"},{"@type":"ListItem","position":2,"name":"2014 | Le droit au Bonheur"}]},{"@type":"WebSite","@id":"https:\/\/asso.unilim.fr\/rerdh\/#website","url":"https:\/\/asso.unilim.fr\/rerdh\/","name":"R\u00e9seau Europ\u00e9en de Recherche en Droits de l&#039;Homme (R.E.R.D.H.)","description":"universit\u00e9 ouverte source de r\u00e9ussites","potentialAction":[{"@type":"SearchAction","target":{"@type":"EntryPoint","urlTemplate":"https:\/\/asso.unilim.fr\/rerdh\/?s={search_term_string}"},"query-input":{"@type":"PropertyValueSpecification","valueRequired":true,"valueName":"search_term_string"}}],"inLanguage":"fr-FR"}]}},"_links":{"self":[{"href":"https:\/\/asso.unilim.fr\/rerdh\/wp-json\/wp\/v2\/pages\/232","targetHints":{"allow":["GET"]}}],"collection":[{"href":"https:\/\/asso.unilim.fr\/rerdh\/wp-json\/wp\/v2\/pages"}],"about":[{"href":"https:\/\/asso.unilim.fr\/rerdh\/wp-json\/wp\/v2\/types\/page"}],"author":[{"embeddable":true,"href":"https:\/\/asso.unilim.fr\/rerdh\/wp-json\/wp\/v2\/users\/99"}],"replies":[{"embeddable":true,"href":"https:\/\/asso.unilim.fr\/rerdh\/wp-json\/wp\/v2\/comments?post=232"}],"version-history":[{"count":0,"href":"https:\/\/asso.unilim.fr\/rerdh\/wp-json\/wp\/v2\/pages\/232\/revisions"}],"wp:attachment":[{"href":"https:\/\/asso.unilim.fr\/rerdh\/wp-json\/wp\/v2\/media?parent=232"}],"curies":[{"name":"wp","href":"https:\/\/api.w.org\/{rel}","templated":true}]}}