{"id":229,"date":"2019-09-08T17:27:49","date_gmt":"2019-09-08T15:27:49","guid":{"rendered":"http:\/\/asso.unilim.fr\/rerdh\/?page_id=229"},"modified":"2019-09-15T11:21:33","modified_gmt":"2019-09-15T09:21:33","slug":"2016-la-fraternite","status":"publish","type":"page","link":"https:\/\/asso.unilim.fr\/rerdh\/2016-la-fraternite\/","title":{"rendered":"2016 | La fraternit\u00e9"},"content":{"rendered":"<blockquote><p><em>La fraternit\u00e9<\/em>, coll. Colloques &amp; Essais, Institut Universitaire Varenne, 2018, 232 pages.<\/p><\/blockquote>\n<p><img loading=\"lazy\" decoding=\"async\" class=\" wp-image-88 aligncenter\" src=\"http:\/\/www.unilim.fr\/rerdh\/wp-content\/uploads\/sites\/11\/2019\/07\/Fraternite.jpg\" alt=\"\" width=\"606\" height=\"606\" srcset=\"https:\/\/asso.unilim.fr\/rerdh\/wp-content\/uploads\/sites\/11\/2019\/07\/Fraternite.jpg 600w, https:\/\/asso.unilim.fr\/rerdh\/wp-content\/uploads\/sites\/11\/2019\/07\/Fraternite-300x300.jpg 300w\" sizes=\"auto, (max-width: 606px) 100vw, 606px\" \/><\/p>\n<h1>Programme :<\/h1>\n<h2>Apr\u00e8s-midi du 5 avril 2016<\/h2>\n<p><strong>Ouverture du colloque<\/strong><br \/>\nH\u00e9l\u00e8ne Pauliat, Pr\u00e9sidente de l\u2019Universit\u00e9 de Limoges,<br \/>\nC\u00e9cile Chassagne, Doctorante en droit public, Universit\u00e9 de Limoges, Pr\u00e9sidente du RERDH.<\/p>\n<p><strong>Propos introductifs <\/strong><br \/>\nPascal Texier, Professeur \u00e9m\u00e9rite d\u2019histoire du droit, Universit\u00e9 de Limoges<\/p>\n<h3>LA FRATERNIT\u00c9 SPONTAN\u00c9E<\/h3>\n<p>Sous la pr\u00e9sidence de Pascal Texier, Professeur \u00e9m\u00e9rite d\u2019histoire du droit, Universit\u00e9 de Limoges<\/p>\n<p><strong>Le besoin moral de solidarit\u00e9, ou la fraternit\u00e9 comme id\u00e9al anomique <\/strong><br \/>\nLaurent Muller, Docteur en philosophie, Universit\u00e9 Paris Ouest Nanterre La D\u00e9fense<\/p>\n<p><strong>La fraternit\u00e9, obligation naturelle <\/strong><br \/>\n\u00c9milie Tabaraud, Docteur en droit priv\u00e9, Universit\u00e9 de Limoges<\/p>\n<p><strong>Fraternit\u00e9 et milieux ferm\u00e9s <\/strong><br \/>\nLaure Laref, Doctorante en droit priv\u00e9, Universit\u00e9 de Limoges<\/p>\n<p><strong>La protection des liens fraternels dans l\u2019Arm\u00e9e<\/strong><br \/>\nLieutenant-colonel Philippe Cuenca, D\u00e9l\u00e9gu\u00e9 militaire d\u00e9partemental, Haute-Vienne<\/p>\n<p><strong>La franc-ma\u00e7onnerie, la fraternit\u00e9 et le droit <\/strong><br \/>\nJean-Pierre Margu\u00e9naud, Professeur de droit priv\u00e9, Universit\u00e9 de Limoges<\/p>\n<h1>Mercredi 6 avril 2016<\/h1>\n<h3>LA FRATERNIT\u00c9 ORGANIS\u00c9E<\/h3>\n<p>Sous la pr\u00e9sidence de Aur\u00e9lien Lemasson, Professeur de droit priv\u00e9, Universit\u00e9 du Littoral C\u00f4te d\u2019Opale<\/p>\n<p><strong>Propos introductifs <\/strong><br \/>\nAur\u00e9lien Lemasson, Professeur de droit priv\u00e9, Universit\u00e9 du Littoral C\u00f4te d\u2019Opale<\/p>\n<p><strong>Le solidarisme contractuel en droit public <\/strong><br \/>\nPauline Lagarde, Docteur en droit public, Universit\u00e9 de Limoges<\/p>\n<p><strong>L\u2019affectio societatis, jus fraternitatis <\/strong><br \/>\n\u00c9ric Garaud, Professeur de droit priv\u00e9, Universit\u00e9 de Limoges<\/p>\n<p><strong>La fraternit\u00e9 en droit public italien <\/strong><br \/>\nFilippo Pizzolato, Professeur de droit public, Universit\u00e9 de Milan<\/p>\n<p><strong>La fraternit\u00e9 est-elle une condition essentielle du vivre-ensemble ? <\/strong><br \/>\nPaul Martens, Pr\u00e9sident \u00e9m\u00e9rite de la Cour constitutionnelle de Belgique, Docteur Honoris Causa de l\u2019Universit\u00e9 de Limoges<\/p>\n<p><strong>La fraternit\u00e9 devant les juridictions p\u00e9nales internationales<\/strong><br \/>\nNelly Assamoi, Doctorante en droit priv\u00e9, Universit\u00e9 de Limoges<\/p>\n<p><strong>La fraternit\u00e9 mise \u00e0 l\u2019\u00e9preuve : l\u2019Europe, la crise des migrants et le d\u00e9voiement du droit d\u2019asile <\/strong><br \/>\nFran\u00e7ois Julien-Laferri\u00e8re, Professeur \u00e9m\u00e9rite de droit public, Universit\u00e9 Paris Sud-XI<\/p>\n<h3>LA FRATERNIT\u00c9 CONTRAINTE<\/h3>\n<p>Sous la pr\u00e9sidence de H\u00e9l\u00e8ne Pauliat, Professeur de droit public, Universit\u00e9 de Limoges<\/p>\n<p><strong>Propos introductifs <\/strong><br \/>\nH\u00e9l\u00e8ne Pauliat, Professeur de droit public, Universit\u00e9 de Limoges<\/p>\n<p><strong>La fraternit\u00e9 par-del\u00e0 les contraintes spatiales <\/strong><br \/>\nPierre-Marie Martin, Professeur \u00e9m\u00e9rite de droit public, Universit\u00e9 de Toulouse<\/p>\n<p><strong>La fraternit\u00e9 est-elle un devoir moral sanctionn\u00e9 p\u00e9nalement ? <\/strong><br \/>\nJ\u00e9r\u00e9my Bourgais, Doctorant en droit priv\u00e9 (EPRED), Universit\u00e9 de Poitiers<\/p>\n<p><strong>La solidarit\u00e9 entre \u00c9tats de l\u2019Union Europ\u00e9enne est-elle une forme de fraternit\u00e9 contrainte ? <\/strong><br \/>\nMarion Chabassier, Docteur en droit public, Universit\u00e9 de Limoges<\/p>\n<p><strong>La fraternit\u00e9 est-elle transg\u00e9n\u00e9rationnelle ? <\/strong><br \/>\nJean-Marc Lavieille, Ancien responsable du master de droit international et compar\u00e9 de l\u2019environnement, Universit\u00e9 de Limoges<\/p>\n<p><strong>Rapport de synth\u00e8se <\/strong><br \/>\nDelphine Tharaud, Ma\u00eetre de conf\u00e9rences en droit priv\u00e9, Universit\u00e9 de Limoges<\/p>\n","protected":false},"excerpt":{"rendered":"<p>La fraternit\u00e9, coll. Colloques &amp; Essais, Institut Universitaire Varenne, 2018, 232 pages. Programme : Apr\u00e8s-midi du 5 avril 2016 Ouverture du colloque H\u00e9l\u00e8ne Pauliat, Pr\u00e9sidente de l\u2019Universit\u00e9 de Limoges, C\u00e9cile Chassagne, Doctorante en droit public, Universit\u00e9 de Limoges, Pr\u00e9sidente du RERDH. Propos introductifs Pascal Texier, Professeur \u00e9m\u00e9rite d\u2019histoire du droit, Universit\u00e9 de Limoges LA FRATERNIT\u00c9 [&hellip;]<\/p>\n","protected":false},"author":99,"featured_media":0,"parent":0,"menu_order":0,"comment_status":"closed","ping_status":"closed","template":"","meta":{"footnotes":""},"class_list":["post-229","page","type-page","status-publish","hentry"],"yoast_head":"<!-- This site is optimized with the Yoast SEO plugin v26.3 - https:\/\/yoast.com\/wordpress\/plugins\/seo\/ -->\n<title>2016 | La fraternit\u00e9 - R\u00e9seau Europ\u00e9en de Recherche en Droits de l&#039;Homme (R.E.R.D.H.)<\/title>\n<meta name=\"robots\" content=\"index, follow, max-snippet:-1, max-image-preview:large, max-video-preview:-1\" \/>\n<link rel=\"canonical\" href=\"https:\/\/asso.unilim.fr\/rerdh\/2016-la-fraternite\/\" \/>\n<meta property=\"og:locale\" content=\"fr_FR\" \/>\n<meta property=\"og:type\" content=\"article\" \/>\n<meta property=\"og:title\" content=\"2016 | La fraternit\u00e9 - R\u00e9seau Europ\u00e9en de Recherche en Droits de l&#039;Homme (R.E.R.D.H.)\" \/>\n<meta property=\"og:description\" content=\"La fraternit\u00e9, coll. Colloques &amp; Essais, Institut Universitaire Varenne, 2018, 232 pages. Programme : Apr\u00e8s-midi du 5 avril 2016 Ouverture du colloque H\u00e9l\u00e8ne Pauliat, Pr\u00e9sidente de l\u2019Universit\u00e9 de Limoges, C\u00e9cile Chassagne, Doctorante en droit public, Universit\u00e9 de Limoges, Pr\u00e9sidente du RERDH. Propos introductifs Pascal Texier, Professeur \u00e9m\u00e9rite d\u2019histoire du droit, Universit\u00e9 de Limoges LA FRATERNIT\u00c9 [&hellip;]\" \/>\n<meta property=\"og:url\" content=\"https:\/\/asso.unilim.fr\/rerdh\/2016-la-fraternite\/\" \/>\n<meta property=\"og:site_name\" content=\"R\u00e9seau Europ\u00e9en de Recherche en Droits de l&#039;Homme (R.E.R.D.H.)\" \/>\n<meta property=\"article:modified_time\" content=\"2019-09-15T09:21:33+00:00\" \/>\n<meta property=\"og:image\" content=\"http:\/\/www.unilim.fr\/rerdh\/wp-content\/uploads\/sites\/11\/2019\/07\/Fraternite.jpg\" \/>\n<meta name=\"twitter:card\" content=\"summary_large_image\" \/>\n<meta name=\"twitter:label1\" content=\"Dur\u00e9e de lecture estim\u00e9e\" \/>\n\t<meta name=\"twitter:data1\" content=\"2 minutes\" \/>\n<script type=\"application\/ld+json\" class=\"yoast-schema-graph\">{\"@context\":\"https:\/\/schema.org\",\"@graph\":[{\"@type\":\"WebPage\",\"@id\":\"https:\/\/asso.unilim.fr\/rerdh\/2016-la-fraternite\/\",\"url\":\"https:\/\/asso.unilim.fr\/rerdh\/2016-la-fraternite\/\",\"name\":\"2016 | La fraternit\u00e9 - R\u00e9seau Europ\u00e9en de Recherche en Droits de l&#039;Homme (R.E.R.D.H.)\",\"isPartOf\":{\"@id\":\"https:\/\/asso.unilim.fr\/rerdh\/#website\"},\"primaryImageOfPage\":{\"@id\":\"https:\/\/asso.unilim.fr\/rerdh\/2016-la-fraternite\/#primaryimage\"},\"image\":{\"@id\":\"https:\/\/asso.unilim.fr\/rerdh\/2016-la-fraternite\/#primaryimage\"},\"thumbnailUrl\":\"http:\/\/www.unilim.fr\/rerdh\/wp-content\/uploads\/sites\/11\/2019\/07\/Fraternite.jpg\",\"datePublished\":\"2019-09-08T15:27:49+00:00\",\"dateModified\":\"2019-09-15T09:21:33+00:00\",\"breadcrumb\":{\"@id\":\"https:\/\/asso.unilim.fr\/rerdh\/2016-la-fraternite\/#breadcrumb\"},\"inLanguage\":\"fr-FR\",\"potentialAction\":[{\"@type\":\"ReadAction\",\"target\":[\"https:\/\/asso.unilim.fr\/rerdh\/2016-la-fraternite\/\"]}]},{\"@type\":\"ImageObject\",\"inLanguage\":\"fr-FR\",\"@id\":\"https:\/\/asso.unilim.fr\/rerdh\/2016-la-fraternite\/#primaryimage\",\"url\":\"http:\/\/www.unilim.fr\/rerdh\/wp-content\/uploads\/sites\/11\/2019\/07\/Fraternite.jpg\",\"contentUrl\":\"http:\/\/www.unilim.fr\/rerdh\/wp-content\/uploads\/sites\/11\/2019\/07\/Fraternite.jpg\"},{\"@type\":\"BreadcrumbList\",\"@id\":\"https:\/\/asso.unilim.fr\/rerdh\/2016-la-fraternite\/#breadcrumb\",\"itemListElement\":[{\"@type\":\"ListItem\",\"position\":1,\"name\":\"Accueil\",\"item\":\"https:\/\/asso.unilim.fr\/rerdh\/\"},{\"@type\":\"ListItem\",\"position\":2,\"name\":\"2016 | La fraternit\u00e9\"}]},{\"@type\":\"WebSite\",\"@id\":\"https:\/\/asso.unilim.fr\/rerdh\/#website\",\"url\":\"https:\/\/asso.unilim.fr\/rerdh\/\",\"name\":\"R\u00e9seau Europ\u00e9en de Recherche en Droits de l&#039;Homme (R.E.R.D.H.)\",\"description\":\"universit\u00e9 ouverte source de r\u00e9ussites\",\"potentialAction\":[{\"@type\":\"SearchAction\",\"target\":{\"@type\":\"EntryPoint\",\"urlTemplate\":\"https:\/\/asso.unilim.fr\/rerdh\/?s={search_term_string}\"},\"query-input\":{\"@type\":\"PropertyValueSpecification\",\"valueRequired\":true,\"valueName\":\"search_term_string\"}}],\"inLanguage\":\"fr-FR\"}]}<\/script>\n<!-- \/ Yoast SEO plugin. -->","yoast_head_json":{"title":"2016 | La fraternit\u00e9 - R\u00e9seau Europ\u00e9en de Recherche en Droits de l&#039;Homme (R.E.R.D.H.)","robots":{"index":"index","follow":"follow","max-snippet":"max-snippet:-1","max-image-preview":"max-image-preview:large","max-video-preview":"max-video-preview:-1"},"canonical":"https:\/\/asso.unilim.fr\/rerdh\/2016-la-fraternite\/","og_locale":"fr_FR","og_type":"article","og_title":"2016 | La fraternit\u00e9 - R\u00e9seau Europ\u00e9en de Recherche en Droits de l&#039;Homme (R.E.R.D.H.)","og_description":"La fraternit\u00e9, coll. Colloques &amp; Essais, Institut Universitaire Varenne, 2018, 232 pages. Programme : Apr\u00e8s-midi du 5 avril 2016 Ouverture du colloque H\u00e9l\u00e8ne Pauliat, Pr\u00e9sidente de l\u2019Universit\u00e9 de Limoges, C\u00e9cile Chassagne, Doctorante en droit public, Universit\u00e9 de Limoges, Pr\u00e9sidente du RERDH. Propos introductifs Pascal Texier, Professeur \u00e9m\u00e9rite d\u2019histoire du droit, Universit\u00e9 de Limoges LA FRATERNIT\u00c9 [&hellip;]","og_url":"https:\/\/asso.unilim.fr\/rerdh\/2016-la-fraternite\/","og_site_name":"R\u00e9seau Europ\u00e9en de Recherche en Droits de l&#039;Homme (R.E.R.D.H.)","article_modified_time":"2019-09-15T09:21:33+00:00","og_image":[{"url":"http:\/\/www.unilim.fr\/rerdh\/wp-content\/uploads\/sites\/11\/2019\/07\/Fraternite.jpg","type":"","width":"","height":""}],"twitter_card":"summary_large_image","twitter_misc":{"Dur\u00e9e de lecture estim\u00e9e":"2 minutes"},"schema":{"@context":"https:\/\/schema.org","@graph":[{"@type":"WebPage","@id":"https:\/\/asso.unilim.fr\/rerdh\/2016-la-fraternite\/","url":"https:\/\/asso.unilim.fr\/rerdh\/2016-la-fraternite\/","name":"2016 | La fraternit\u00e9 - R\u00e9seau Europ\u00e9en de Recherche en Droits de l&#039;Homme (R.E.R.D.H.)","isPartOf":{"@id":"https:\/\/asso.unilim.fr\/rerdh\/#website"},"primaryImageOfPage":{"@id":"https:\/\/asso.unilim.fr\/rerdh\/2016-la-fraternite\/#primaryimage"},"image":{"@id":"https:\/\/asso.unilim.fr\/rerdh\/2016-la-fraternite\/#primaryimage"},"thumbnailUrl":"http:\/\/www.unilim.fr\/rerdh\/wp-content\/uploads\/sites\/11\/2019\/07\/Fraternite.jpg","datePublished":"2019-09-08T15:27:49+00:00","dateModified":"2019-09-15T09:21:33+00:00","breadcrumb":{"@id":"https:\/\/asso.unilim.fr\/rerdh\/2016-la-fraternite\/#breadcrumb"},"inLanguage":"fr-FR","potentialAction":[{"@type":"ReadAction","target":["https:\/\/asso.unilim.fr\/rerdh\/2016-la-fraternite\/"]}]},{"@type":"ImageObject","inLanguage":"fr-FR","@id":"https:\/\/asso.unilim.fr\/rerdh\/2016-la-fraternite\/#primaryimage","url":"http:\/\/www.unilim.fr\/rerdh\/wp-content\/uploads\/sites\/11\/2019\/07\/Fraternite.jpg","contentUrl":"http:\/\/www.unilim.fr\/rerdh\/wp-content\/uploads\/sites\/11\/2019\/07\/Fraternite.jpg"},{"@type":"BreadcrumbList","@id":"https:\/\/asso.unilim.fr\/rerdh\/2016-la-fraternite\/#breadcrumb","itemListElement":[{"@type":"ListItem","position":1,"name":"Accueil","item":"https:\/\/asso.unilim.fr\/rerdh\/"},{"@type":"ListItem","position":2,"name":"2016 | La fraternit\u00e9"}]},{"@type":"WebSite","@id":"https:\/\/asso.unilim.fr\/rerdh\/#website","url":"https:\/\/asso.unilim.fr\/rerdh\/","name":"R\u00e9seau Europ\u00e9en de Recherche en Droits de l&#039;Homme (R.E.R.D.H.)","description":"universit\u00e9 ouverte source de r\u00e9ussites","potentialAction":[{"@type":"SearchAction","target":{"@type":"EntryPoint","urlTemplate":"https:\/\/asso.unilim.fr\/rerdh\/?s={search_term_string}"},"query-input":{"@type":"PropertyValueSpecification","valueRequired":true,"valueName":"search_term_string"}}],"inLanguage":"fr-FR"}]}},"_links":{"self":[{"href":"https:\/\/asso.unilim.fr\/rerdh\/wp-json\/wp\/v2\/pages\/229","targetHints":{"allow":["GET"]}}],"collection":[{"href":"https:\/\/asso.unilim.fr\/rerdh\/wp-json\/wp\/v2\/pages"}],"about":[{"href":"https:\/\/asso.unilim.fr\/rerdh\/wp-json\/wp\/v2\/types\/page"}],"author":[{"embeddable":true,"href":"https:\/\/asso.unilim.fr\/rerdh\/wp-json\/wp\/v2\/users\/99"}],"replies":[{"embeddable":true,"href":"https:\/\/asso.unilim.fr\/rerdh\/wp-json\/wp\/v2\/comments?post=229"}],"version-history":[{"count":0,"href":"https:\/\/asso.unilim.fr\/rerdh\/wp-json\/wp\/v2\/pages\/229\/revisions"}],"wp:attachment":[{"href":"https:\/\/asso.unilim.fr\/rerdh\/wp-json\/wp\/v2\/media?parent=229"}],"curies":[{"name":"wp","href":"https:\/\/api.w.org\/{rel}","templated":true}]}}