{"id":224,"date":"2019-09-08T17:22:12","date_gmt":"2019-09-08T15:22:12","guid":{"rendered":"http:\/\/asso.unilim.fr\/rerdh\/?page_id=224"},"modified":"2019-09-15T10:59:04","modified_gmt":"2019-09-15T08:59:04","slug":"2017-pornographie-et-droit","status":"publish","type":"page","link":"https:\/\/asso.unilim.fr\/rerdh\/2017-pornographie-et-droit\/","title":{"rendered":"2017 | Pornographie et Droit"},"content":{"rendered":"<blockquote><p>En cours de publication aux \u00e9ditions Mare &amp; Martin.<\/p><\/blockquote>\n<h2><img loading=\"lazy\" decoding=\"async\" class=\" wp-image-89 aligncenter\" style=\"font-size: 16px\" src=\"http:\/\/www.unilim.fr\/rerdh\/wp-content\/uploads\/sites\/11\/2019\/07\/Affiche-Pornographie-Droit.jpg\" alt=\"\" width=\"619\" height=\"826\" srcset=\"https:\/\/asso.unilim.fr\/rerdh\/wp-content\/uploads\/sites\/11\/2019\/07\/Affiche-Pornographie-Droit.jpg 1535w, https:\/\/asso.unilim.fr\/rerdh\/wp-content\/uploads\/sites\/11\/2019\/07\/Affiche-Pornographie-Droit-225x300.jpg 225w, https:\/\/asso.unilim.fr\/rerdh\/wp-content\/uploads\/sites\/11\/2019\/07\/Affiche-Pornographie-Droit-768x1024.jpg 768w, https:\/\/asso.unilim.fr\/rerdh\/wp-content\/uploads\/sites\/11\/2019\/07\/Affiche-Pornographie-Droit-480x640.jpg 480w\" sizes=\"auto, (max-width: 619px) 100vw, 619px\" \/><\/h2>\n<h1>Pr\u00e9sentation:<\/h1>\n<p>La th\u00e9matique de ce colloque s\u2019inspire du constat d\u2019un r\u00e9el paradoxe entre l\u2019omnipr\u00e9sence de la pornographie dans la soci\u00e9t\u00e9 et les m\u00e9dias et l\u2019absence de traitement juridique dont elle fait l\u2019objet.<\/p>\n<p>En effet, alors que de nombreuses disciplines scientifiques (sociologie, litt\u00e9rature, philosophie, etc) ont d\u2019ores et d\u00e9j\u00e0 trait\u00e9 cette th\u00e9matique sous bien des aspects, la science juridique est toujours demeur\u00e9e \u00e0 l\u2019\u00e9cart d\u2019une analyse compl\u00e8te, dont elle ne saurait plus longtemps s\u2019exon\u00e9rer.<\/p>\n<p>Pourtant, la pornographie soul\u00e8ve nombre de probl\u00e9matiques juridiques, parfois fondamentales, et m\u00e9rite d\u2019\u00eatre abord\u00e9e. En tant qu\u2019activit\u00e9 n\u00e9e des relations entre personnes, que le droit a vocation \u00e0 r\u00e9gir, elle n\u2019\u00e9chappe pas \u00e0 l\u2019emprise de ce dernier. \u00c0 ce titre, si elle est saisie par le droit, ce n\u2019est que de mani\u00e8re casuistique, \u00e0 croire que le l\u00e9gislateur n\u2019ose pas s\u2019immiscer dans ce domaine du fait de sa r\u00e9putation sulfureuse, au risque de laisser subsister de nombreux flous juridiques. De ce fait, force est de constater un manque de protection des personnes, qu\u2019elles soient cr\u00e9atrices, actrices ou spectatrices. La principale question que fait na\u00eetre l\u2019analyse de la pornographie en droit est donc celle du degr\u00e9 de protection que ce dernier accorde, aux personnes mais aussi, de fa\u00e7on plus g\u00e9n\u00e9rale, \u00e0 la notion m\u00eame de pornographie.<\/p>\n<h1>Programme :<\/h1>\n<h2>Apr\u00e8s-midi du 30 novembre : La qualification de la pornographie<\/h2>\n<p>Sous la pr\u00e9sidence de Karine Favro, MCF en droit public, Universit\u00e9 de Haute-Alsace.<\/p>\n<h3>#1 La qualification extra-juridique de la pornographie<\/h3>\n<p><strong>Psychologie et pornographie<\/strong><br \/>\nJean Motte Dit Fallisse, Docteur en criminologie et psychologue ;<br \/>\nVincent Fourgeaud, Doctorant et psychologue clinicien.<\/p>\n<p><strong>La pornographie dans l\u2019histoire de l\u2019art<\/strong><br \/>\nClaire Maingon, MCF en histoire de l\u2019art, Universit\u00e9 de Rouen.<\/p>\n<p><strong>Porn studies : du probl\u00e8me social \u00e0 la forme culturelle complexe<\/strong><br \/>\nFlorien V\u00f6ros, Docteur en sociologie.<\/p>\n<h3>#2 La qualification juridique de la pornographie<\/h3>\n<p><strong>Table ronde anim\u00e9e par Karine Favro<\/strong><\/p>\n<p>Avec la participation de :<br \/>\nJulie Leonhard, MCF en droit priv\u00e9, Universit\u00e9 de Lorraine ;<br \/>\nAdrien Lauba, MCF en histoire du droit, Universit\u00e9 de Poitiers ;<br \/>\nMika\u00ebl Benillouche, MCF en droit priv\u00e9, Universit\u00e9 de Picardie Jules Verne.<\/p>\n<h2>Matin\u00e9e du 1er D\u00e9cembre 2017 : La cr\u00e9ation de la pornographie<\/h2>\n<p>Sous la pr\u00e9sidence de Laurent Berthier, MCF en droit public, Universit\u00e9 de Limoges.<\/p>\n<h3>#1 la mise en \u0153uvre de la libert\u00e9 de cr\u00e9ation du pornographe<\/h3>\n<p><strong>La pornographie alternative comme outil de revendications<\/strong><br \/>\nDenis Ramond, Docteur en sciences politiques.<\/p>\n<p><strong>Pornographie et droit du travail : une \u00ab mise en sc\u00e8ne \u00bb bien imparfaite<\/strong><br \/>\nFran\u00e7ois-Xavier Raducanou, Doctorant en droit priv\u00e9, Universit\u00e9 de Poitiers.<\/p>\n<p><strong>Les camgirls<\/strong><br \/>\nCl\u00e9mence Renaud, Doctorante en droit priv\u00e9, Universit\u00e9 de Poitiers.<\/p>\n<h3>#2 L\u2019encadrement de la libert\u00e9 de cr\u00e9ation du pornographe<\/h3>\n<p><strong>Pornographie et politiques de sant\u00e9 publique<\/strong><br \/>\nCaroline Boyer-Capelle, MCF en droit public, Universit\u00e9 de Limoges.<\/p>\n<p><strong>Pornographie et dignit\u00e9 de la personne humaine<\/strong><br \/>\nMarion Wujek-Moreau, Doctorante en droit public, Universit\u00e9 de Limoges.<\/p>\n<p>&nbsp;<\/p>\n<h2>Apr\u00e8s-midi du 1er D\u00e9cembre 2017 : La diffusion de la pornographie<\/h2>\n<p>Sous la pr\u00e9sidence d\u2019H\u00e9l\u00e8ne Pauliat, Professeur de droit public, Universit\u00e9 de Limoges.<\/p>\n<h3>#1 L\u2019\u00e9mission du contenu pornographique<\/h3>\n<p><strong>La fiscalit\u00e9 comme outil de dissuasion de la diffusion de la pornographie<\/strong><br \/>\nJulien Sordet, Doctorant en droit public, Universit\u00e9 d\u2019Orl\u00e9ans.<\/p>\n<p><strong>Quelle censure pour quel support ?<\/strong><br \/>\nChristos Giannopoulos, Doctorant en droit public, Universit\u00e9 de Strasbourg.<\/p>\n<p><strong>La multiplication de \u00ab tubes \u00bb et la protection des droits moraux sur internet<\/strong><br \/>\nBaptiste Nicaud, MCF en droit priv\u00e9, Universit\u00e9 de Limoges.<\/p>\n<p><strong>Pornographie et neutralit\u00e9 du net<\/strong><br \/>\nAlexandre Tourette, Docteur en droit priv\u00e9.<\/p>\n<h3>#2 La r\u00e9ception du contenu pornographique<\/h3>\n<p><strong>Le droit au respect de la vie priv\u00e9e et la protection du consommateur de contenu pornographique<\/strong><br \/>\nJean-Christophe Barbato, Professeur en droit public, Universit\u00e9 de Nantes.<\/p>\n<p><strong>Diffusion de la pornographie et protection de la jeunesse<\/strong><br \/>\nJean Morange, Professeur \u00e9m\u00e9rite en droit public, Universit\u00e9 de Limoges.<\/p>\n<p><strong>La libert\u00e9 sexuelle : fondement d\u2019un droit d\u2019acc\u00e9der \u00e0 la pornographie ?<\/strong><br \/>\nDaniel Borrillo, MCF en droit priv\u00e9, Paris X Nanterre.<\/p>\n<p><strong>Rapport de synth\u00e8se<\/strong><br \/>\nXavier Daverat, Professeur de droit priv\u00e9, Universit\u00e9 de Bordeaux.<\/p>\n<blockquote><p>Le dessin de l&rsquo;affiche fut r\u00e9alis\u00e9 par Florence Deguardin.<\/p><\/blockquote>\n","protected":false},"excerpt":{"rendered":"<p>En cours de publication aux \u00e9ditions Mare &amp; Martin. Pr\u00e9sentation: La th\u00e9matique de ce colloque s\u2019inspire du constat d\u2019un r\u00e9el paradoxe entre l\u2019omnipr\u00e9sence de la pornographie dans la soci\u00e9t\u00e9 et les m\u00e9dias et l\u2019absence de traitement juridique dont elle fait l\u2019objet. En effet, alors que de nombreuses disciplines scientifiques (sociologie, litt\u00e9rature, philosophie, etc) ont d\u2019ores [&hellip;]<\/p>\n","protected":false},"author":99,"featured_media":0,"parent":0,"menu_order":0,"comment_status":"closed","ping_status":"closed","template":"","meta":{"footnotes":""},"class_list":["post-224","page","type-page","status-publish","hentry"],"yoast_head":"<!-- This site is optimized with the Yoast SEO plugin v26.3 - https:\/\/yoast.com\/wordpress\/plugins\/seo\/ -->\n<title>2017 | Pornographie et Droit - R\u00e9seau Europ\u00e9en de Recherche en Droits de l&#039;Homme (R.E.R.D.H.)<\/title>\n<meta name=\"robots\" content=\"index, follow, max-snippet:-1, max-image-preview:large, max-video-preview:-1\" \/>\n<link rel=\"canonical\" href=\"https:\/\/asso.unilim.fr\/rerdh\/2017-pornographie-et-droit\/\" \/>\n<meta property=\"og:locale\" content=\"fr_FR\" \/>\n<meta property=\"og:type\" content=\"article\" \/>\n<meta property=\"og:title\" content=\"2017 | Pornographie et Droit - R\u00e9seau Europ\u00e9en de Recherche en Droits de l&#039;Homme (R.E.R.D.H.)\" \/>\n<meta property=\"og:description\" content=\"En cours de publication aux \u00e9ditions Mare &amp; Martin. Pr\u00e9sentation: La th\u00e9matique de ce colloque s\u2019inspire du constat d\u2019un r\u00e9el paradoxe entre l\u2019omnipr\u00e9sence de la pornographie dans la soci\u00e9t\u00e9 et les m\u00e9dias et l\u2019absence de traitement juridique dont elle fait l\u2019objet. En effet, alors que de nombreuses disciplines scientifiques (sociologie, litt\u00e9rature, philosophie, etc) ont d\u2019ores [&hellip;]\" \/>\n<meta property=\"og:url\" content=\"https:\/\/asso.unilim.fr\/rerdh\/2017-pornographie-et-droit\/\" \/>\n<meta property=\"og:site_name\" content=\"R\u00e9seau Europ\u00e9en de Recherche en Droits de l&#039;Homme (R.E.R.D.H.)\" \/>\n<meta property=\"article:modified_time\" content=\"2019-09-15T08:59:04+00:00\" \/>\n<meta property=\"og:image\" content=\"http:\/\/www.unilim.fr\/rerdh\/wp-content\/uploads\/sites\/11\/2019\/07\/Affiche-Pornographie-Droit.jpg\" \/>\n<meta name=\"twitter:card\" content=\"summary_large_image\" \/>\n<meta name=\"twitter:label1\" content=\"Dur\u00e9e de lecture estim\u00e9e\" \/>\n\t<meta name=\"twitter:data1\" content=\"4 minutes\" \/>\n<script type=\"application\/ld+json\" class=\"yoast-schema-graph\">{\"@context\":\"https:\/\/schema.org\",\"@graph\":[{\"@type\":\"WebPage\",\"@id\":\"https:\/\/asso.unilim.fr\/rerdh\/2017-pornographie-et-droit\/\",\"url\":\"https:\/\/asso.unilim.fr\/rerdh\/2017-pornographie-et-droit\/\",\"name\":\"2017 | Pornographie et Droit - R\u00e9seau Europ\u00e9en de Recherche en Droits de l&#039;Homme (R.E.R.D.H.)\",\"isPartOf\":{\"@id\":\"https:\/\/asso.unilim.fr\/rerdh\/#website\"},\"primaryImageOfPage\":{\"@id\":\"https:\/\/asso.unilim.fr\/rerdh\/2017-pornographie-et-droit\/#primaryimage\"},\"image\":{\"@id\":\"https:\/\/asso.unilim.fr\/rerdh\/2017-pornographie-et-droit\/#primaryimage\"},\"thumbnailUrl\":\"http:\/\/www.unilim.fr\/rerdh\/wp-content\/uploads\/sites\/11\/2019\/07\/Affiche-Pornographie-Droit.jpg\",\"datePublished\":\"2019-09-08T15:22:12+00:00\",\"dateModified\":\"2019-09-15T08:59:04+00:00\",\"breadcrumb\":{\"@id\":\"https:\/\/asso.unilim.fr\/rerdh\/2017-pornographie-et-droit\/#breadcrumb\"},\"inLanguage\":\"fr-FR\",\"potentialAction\":[{\"@type\":\"ReadAction\",\"target\":[\"https:\/\/asso.unilim.fr\/rerdh\/2017-pornographie-et-droit\/\"]}]},{\"@type\":\"ImageObject\",\"inLanguage\":\"fr-FR\",\"@id\":\"https:\/\/asso.unilim.fr\/rerdh\/2017-pornographie-et-droit\/#primaryimage\",\"url\":\"http:\/\/www.unilim.fr\/rerdh\/wp-content\/uploads\/sites\/11\/2019\/07\/Affiche-Pornographie-Droit.jpg\",\"contentUrl\":\"http:\/\/www.unilim.fr\/rerdh\/wp-content\/uploads\/sites\/11\/2019\/07\/Affiche-Pornographie-Droit.jpg\"},{\"@type\":\"BreadcrumbList\",\"@id\":\"https:\/\/asso.unilim.fr\/rerdh\/2017-pornographie-et-droit\/#breadcrumb\",\"itemListElement\":[{\"@type\":\"ListItem\",\"position\":1,\"name\":\"Accueil\",\"item\":\"https:\/\/asso.unilim.fr\/rerdh\/\"},{\"@type\":\"ListItem\",\"position\":2,\"name\":\"2017 | Pornographie et Droit\"}]},{\"@type\":\"WebSite\",\"@id\":\"https:\/\/asso.unilim.fr\/rerdh\/#website\",\"url\":\"https:\/\/asso.unilim.fr\/rerdh\/\",\"name\":\"R\u00e9seau Europ\u00e9en de Recherche en Droits de l&#039;Homme (R.E.R.D.H.)\",\"description\":\"universit\u00e9 ouverte source de r\u00e9ussites\",\"potentialAction\":[{\"@type\":\"SearchAction\",\"target\":{\"@type\":\"EntryPoint\",\"urlTemplate\":\"https:\/\/asso.unilim.fr\/rerdh\/?s={search_term_string}\"},\"query-input\":{\"@type\":\"PropertyValueSpecification\",\"valueRequired\":true,\"valueName\":\"search_term_string\"}}],\"inLanguage\":\"fr-FR\"}]}<\/script>\n<!-- \/ Yoast SEO plugin. -->","yoast_head_json":{"title":"2017 | Pornographie et Droit - R\u00e9seau Europ\u00e9en de Recherche en Droits de l&#039;Homme (R.E.R.D.H.)","robots":{"index":"index","follow":"follow","max-snippet":"max-snippet:-1","max-image-preview":"max-image-preview:large","max-video-preview":"max-video-preview:-1"},"canonical":"https:\/\/asso.unilim.fr\/rerdh\/2017-pornographie-et-droit\/","og_locale":"fr_FR","og_type":"article","og_title":"2017 | Pornographie et Droit - R\u00e9seau Europ\u00e9en de Recherche en Droits de l&#039;Homme (R.E.R.D.H.)","og_description":"En cours de publication aux \u00e9ditions Mare &amp; Martin. Pr\u00e9sentation: La th\u00e9matique de ce colloque s\u2019inspire du constat d\u2019un r\u00e9el paradoxe entre l\u2019omnipr\u00e9sence de la pornographie dans la soci\u00e9t\u00e9 et les m\u00e9dias et l\u2019absence de traitement juridique dont elle fait l\u2019objet. En effet, alors que de nombreuses disciplines scientifiques (sociologie, litt\u00e9rature, philosophie, etc) ont d\u2019ores [&hellip;]","og_url":"https:\/\/asso.unilim.fr\/rerdh\/2017-pornographie-et-droit\/","og_site_name":"R\u00e9seau Europ\u00e9en de Recherche en Droits de l&#039;Homme (R.E.R.D.H.)","article_modified_time":"2019-09-15T08:59:04+00:00","og_image":[{"url":"http:\/\/www.unilim.fr\/rerdh\/wp-content\/uploads\/sites\/11\/2019\/07\/Affiche-Pornographie-Droit.jpg","type":"","width":"","height":""}],"twitter_card":"summary_large_image","twitter_misc":{"Dur\u00e9e de lecture estim\u00e9e":"4 minutes"},"schema":{"@context":"https:\/\/schema.org","@graph":[{"@type":"WebPage","@id":"https:\/\/asso.unilim.fr\/rerdh\/2017-pornographie-et-droit\/","url":"https:\/\/asso.unilim.fr\/rerdh\/2017-pornographie-et-droit\/","name":"2017 | Pornographie et Droit - R\u00e9seau Europ\u00e9en de Recherche en Droits de l&#039;Homme (R.E.R.D.H.)","isPartOf":{"@id":"https:\/\/asso.unilim.fr\/rerdh\/#website"},"primaryImageOfPage":{"@id":"https:\/\/asso.unilim.fr\/rerdh\/2017-pornographie-et-droit\/#primaryimage"},"image":{"@id":"https:\/\/asso.unilim.fr\/rerdh\/2017-pornographie-et-droit\/#primaryimage"},"thumbnailUrl":"http:\/\/www.unilim.fr\/rerdh\/wp-content\/uploads\/sites\/11\/2019\/07\/Affiche-Pornographie-Droit.jpg","datePublished":"2019-09-08T15:22:12+00:00","dateModified":"2019-09-15T08:59:04+00:00","breadcrumb":{"@id":"https:\/\/asso.unilim.fr\/rerdh\/2017-pornographie-et-droit\/#breadcrumb"},"inLanguage":"fr-FR","potentialAction":[{"@type":"ReadAction","target":["https:\/\/asso.unilim.fr\/rerdh\/2017-pornographie-et-droit\/"]}]},{"@type":"ImageObject","inLanguage":"fr-FR","@id":"https:\/\/asso.unilim.fr\/rerdh\/2017-pornographie-et-droit\/#primaryimage","url":"http:\/\/www.unilim.fr\/rerdh\/wp-content\/uploads\/sites\/11\/2019\/07\/Affiche-Pornographie-Droit.jpg","contentUrl":"http:\/\/www.unilim.fr\/rerdh\/wp-content\/uploads\/sites\/11\/2019\/07\/Affiche-Pornographie-Droit.jpg"},{"@type":"BreadcrumbList","@id":"https:\/\/asso.unilim.fr\/rerdh\/2017-pornographie-et-droit\/#breadcrumb","itemListElement":[{"@type":"ListItem","position":1,"name":"Accueil","item":"https:\/\/asso.unilim.fr\/rerdh\/"},{"@type":"ListItem","position":2,"name":"2017 | Pornographie et Droit"}]},{"@type":"WebSite","@id":"https:\/\/asso.unilim.fr\/rerdh\/#website","url":"https:\/\/asso.unilim.fr\/rerdh\/","name":"R\u00e9seau Europ\u00e9en de Recherche en Droits de l&#039;Homme (R.E.R.D.H.)","description":"universit\u00e9 ouverte source de r\u00e9ussites","potentialAction":[{"@type":"SearchAction","target":{"@type":"EntryPoint","urlTemplate":"https:\/\/asso.unilim.fr\/rerdh\/?s={search_term_string}"},"query-input":{"@type":"PropertyValueSpecification","valueRequired":true,"valueName":"search_term_string"}}],"inLanguage":"fr-FR"}]}},"_links":{"self":[{"href":"https:\/\/asso.unilim.fr\/rerdh\/wp-json\/wp\/v2\/pages\/224","targetHints":{"allow":["GET"]}}],"collection":[{"href":"https:\/\/asso.unilim.fr\/rerdh\/wp-json\/wp\/v2\/pages"}],"about":[{"href":"https:\/\/asso.unilim.fr\/rerdh\/wp-json\/wp\/v2\/types\/page"}],"author":[{"embeddable":true,"href":"https:\/\/asso.unilim.fr\/rerdh\/wp-json\/wp\/v2\/users\/99"}],"replies":[{"embeddable":true,"href":"https:\/\/asso.unilim.fr\/rerdh\/wp-json\/wp\/v2\/comments?post=224"}],"version-history":[{"count":0,"href":"https:\/\/asso.unilim.fr\/rerdh\/wp-json\/wp\/v2\/pages\/224\/revisions"}],"wp:attachment":[{"href":"https:\/\/asso.unilim.fr\/rerdh\/wp-json\/wp\/v2\/media?parent=224"}],"curies":[{"name":"wp","href":"https:\/\/api.w.org\/{rel}","templated":true}]}}