{"id":929,"date":"2020-05-13T03:00:00","date_gmt":"2019-12-03T15:45:08","guid":{"rendered":"http:\/\/asso.unilim.fr\/fedros\/mentions-legales-2\/"},"modified":"2020-06-03T16:24:18","modified_gmt":"2020-06-03T14:24:18","slug":"mencoes-legais","status":"publish","type":"page","link":"https:\/\/asso.unilim.fr\/fedros\/pt-br\/mencoes-legais\/","title":{"rendered":"Men\u00e7\u00f5es legais"},"content":{"rendered":"        <div class=\"container-fluid  \" style=\"\">\n                      <div class=\"container\">\n                <div class=\"row \" style=\"margin-top: 30px;margin-bottom: 30px\">        <div class=\"col-md-12 \">\n                    <div class=\"clearfix ul-element-text \">\n            \n<h3>Editor respons\u00e1vel da publica\u00e7\u00e3o<\/h3>\n<p>Este \u00e9 o site oficial da&nbsp;Federa\u00e7\u00e3o Rom\u00e2nica de Semi\u00f3tica<\/p>\n<h3>Diretor da publica\u00e7\u00e3o<\/h3>\n<p>Alain C\u00e9l\u00e9rier , Pr\u00e9sident de l&#8217;Universit\u00e9. Contact : <a title=\"presidence@unilim.fr\" href=\"mailto:presidence@unilim.fr\" target=\"_blank\" rel=\"noopener noreferrer\" data-mce-href=\"mailto:presidence@unilim.fr\">presidence@unilim.fr<\/a><\/p>\n<h3>Editor respons\u00e1vel<\/h3>\n<p>Federa\u00e7\u00e3o&nbsp;Rom\u00e2nica de Semi\u00f3tica&nbsp;Contact :&nbsp;lasemioromane@gmail.com<\/p>\n<h3>Realiza\u00e7\u00e3o<br \/><\/h3>\n<p>Alexandre Provin Sbabo<\/p>\n<h3>Hospedagem<br \/><\/h3>\n<address><strong>Direction du Syst\u00e8me d&#8217;Information de l&#8217;Universit\u00e9 de Limoges<\/strong><br \/> 123 Av. Albert Thomas<br \/> 87060 Limoges Cedex<br \/> <abbr title=\"T\u00e9l\u00e9phone\">T\u00e9l :<\/abbr> 05 87 08 08 00 <abbr title=\"T\u00e9l\u00e9copie\">Fax :<\/abbr> 05 55 45 75 95 <strong>Courriel<\/strong><br \/> <a href=\"mailto:webmaster@unilim.fr\" target=\"_blank\" rel=\"noopener noreferrer\" data-mce-href=\"mailto:webmaster@unilim.fr\">webmaster@unilim.fr<\/a><\/address>\n<h3>Acesso ao site<br \/><\/h3>\n<p>O utilizador do site: https:\/\/asso.unilim.fr\/fedros\/pt-br\/ reconhece dispor da compet\u00eancia e dos meios necess\u00e1rios para acessar e utilizar este site.<\/p>\n<h3>Direito do autor \u2013 Copyright<\/h3>\n<p>O conjunto deste site abrange a legisla\u00e7\u00e3o francesa e internacional sobre o direito do autor e da propriedade intelectual. Todos os direitos de reprodu\u00e7\u00e3o s\u00e3o reservados, incluindo os documentos que podem ser transferidos e as representa\u00e7\u00f5es iconogr\u00e1ficas e fotogr\u00e1ficas. A reprodu\u00e7\u00e3o do todo ou de parte deste site em suporte eletr\u00f4nico qualquer que seja \u00e9 formalmente proibida, exceto em caso de autoriza\u00e7\u00e3o expressa do Presidente da Universidade que \u00e9 igualmente diretor da publica\u00e7\u00e3o. Voc\u00ea poder\u00e1 escrever ao Servi\u00e7o de Comunica\u00e7\u00e3o que se encarregar\u00e1 de transmitir seu pedido e lhe encaminhar\u00e1 a resposta do diretor da publica\u00e7\u00e3o. A reprodu\u00e7\u00e3o dos textos deste site em um suporte papel est\u00e1 autorizada dentro do escopo pedag\u00f3gico, sob condi\u00e7\u00f5es de respeito dos tr\u00eas requisitos seguintes:<\/p>\n<ul>\n<li>Gratuidade da difus\u00e3o,<\/li>\n<li>Respeito da integridade dos documentos reproduzidos: Sem nenhuma modifica\u00e7\u00e3o e\/ou altera\u00e7\u00e3o de nenhuma forma,<\/li>\n<li>Cita\u00e7\u00e3o clara e leg\u00edvel da fonte respeitando a seguinte forma: \u201cEste documento prov\u00e9m do site: https:\/\/asso.unilim.fr\/fedros\/pt-br\/. Os direitos de reprodu\u00e7\u00e3o s\u00e3o reservados e estritamente limitados\u201d. O endere\u00e7o eletr\u00f4nico do site da Federa\u00e7\u00e3o&nbsp;Rom\u00e2nica de Semi\u00f3tica deve imperativamente figurar na refer\u00eancia.<\/li>\n<\/ul>\n<p>Para outras utiliza\u00e7\u00f5es, consultar o servi\u00e7o de comunica\u00e7\u00e3o. Os links presentes neste site que redirecionam a outras fontes existentes na rede de internet n\u00e3o podem se comprometer com a responsabilidade da Universidade de Limoges. Os utilizadores e visitantes do site n\u00e3o podem colocar um hyperlink em dire\u00e7\u00e3o a este site sem a autoriza\u00e7\u00e3o escrita expressa e pr\u00e9via do Presidente da Universidade de Limoges. Para isso, favor se endere\u00e7ar ao e-mail com@unilim.fr, ou escrever para:<\/p>\n<address><strong>Monsieur le Pr\u00e9sident<\/strong><br \/> 33,Rue Fran\u00e7ois Mitterrand BP 23204<br \/> 87032 Limoges CEDEX 01<br \/><\/address>\n<h3>Publica\u00e7\u00f5es \u2013 Atualidades<\/h3>\n<p>Os documentos divulgados em vers\u00e3o eletr\u00f4nica neste site podem ter sido atualizados entre o momento de sua transfer\u00eancia e o momento de sua leitura. Em consequ\u00eancia, n\u00f3s recomendamos verificar sua validade.<\/p>\n<h3>Conte\u00fado do site<\/h3>\n<p>A Federa\u00e7\u00e3o&nbsp;Rom\u00e2nica de Semi\u00f3tica coloca \u00e0 disposi\u00e7\u00e3o dos utilizadores do site https:\/\/asso.unilim.fr\/fedros\/pt-br\/, informa\u00e7\u00f5es e ferramentas dispon\u00edveis e verificadas, mas n\u00e3o ser\u00e1 considerado como respons\u00e1vel por erros ou indisponibilidades de algumas informa\u00e7\u00f5es. N\u00f3s agradecemos os utilizadores do site de nos comunicarem eventuais omiss\u00f5es, erros ou corre\u00e7\u00f5es \u00e0 efetuar, enviando um e-mail ao webmaster do site pelo endere\u00e7o lasemioromane@gmail.com.<\/p>\n        <\/div>\n                <\/div>\n        <\/div>\n            <\/div>\n                  <\/div>\n        \n","protected":false},"excerpt":{"rendered":"","protected":false},"author":1,"featured_media":0,"parent":0,"menu_order":0,"comment_status":"closed","ping_status":"closed","template":"page-le.php","meta":{"footnotes":""},"class_list":["post-929","page","type-page","status-publish","hentry"],"yoast_head":"<!-- This site is optimized with the Yoast SEO plugin v26.3 - https:\/\/yoast.com\/wordpress\/plugins\/seo\/ -->\n<title>Men\u00e7\u00f5es legais - F\u00e9d\u00e9ration Romane de S\u00e9miotique<\/title>\n<meta name=\"robots\" content=\"index, follow, max-snippet:-1, max-image-preview:large, max-video-preview:-1\" \/>\n<link rel=\"canonical\" href=\"https:\/\/asso.unilim.fr\/fedros\/pt-br\/mencoes-legais\/\" \/>\n<meta property=\"og:locale\" content=\"pt_BR\" \/>\n<meta property=\"og:type\" content=\"article\" \/>\n<meta property=\"og:title\" content=\"Men\u00e7\u00f5es legais - F\u00e9d\u00e9ration Romane de S\u00e9miotique\" \/>\n<meta property=\"og:url\" content=\"https:\/\/asso.unilim.fr\/fedros\/pt-br\/mencoes-legais\/\" \/>\n<meta property=\"og:site_name\" content=\"F\u00e9d\u00e9ration Romane de S\u00e9miotique\" \/>\n<meta property=\"article:publisher\" content=\"https:\/\/www.facebook.com\/fedrosemioticaromanza\" \/>\n<meta property=\"article:modified_time\" content=\"2020-06-03T14:24:18+00:00\" \/>\n<meta name=\"twitter:card\" content=\"summary_large_image\" \/>\n<meta name=\"twitter:label1\" content=\"Est. reading time\" \/>\n\t<meta name=\"twitter:data1\" content=\"3 minutes\" \/>\n<script type=\"application\/ld+json\" class=\"yoast-schema-graph\">{\"@context\":\"https:\/\/schema.org\",\"@graph\":[{\"@type\":\"WebPage\",\"@id\":\"https:\/\/asso.unilim.fr\/fedros\/pt-br\/mencoes-legais\/\",\"url\":\"https:\/\/asso.unilim.fr\/fedros\/pt-br\/mencoes-legais\/\",\"name\":\"Men\u00e7\u00f5es legais - F\u00e9d\u00e9ration Romane de S\u00e9miotique\",\"isPartOf\":{\"@id\":\"https:\/\/asso.unilim.fr\/fedros\/es\/#website\"},\"datePublished\":\"2019-12-03T15:45:08+00:00\",\"dateModified\":\"2020-06-03T14:24:18+00:00\",\"breadcrumb\":{\"@id\":\"https:\/\/asso.unilim.fr\/fedros\/pt-br\/mencoes-legais\/#breadcrumb\"},\"inLanguage\":\"pt-BR\",\"potentialAction\":[{\"@type\":\"ReadAction\",\"target\":[\"https:\/\/asso.unilim.fr\/fedros\/pt-br\/mencoes-legais\/\"]}]},{\"@type\":\"BreadcrumbList\",\"@id\":\"https:\/\/asso.unilim.fr\/fedros\/pt-br\/mencoes-legais\/#breadcrumb\",\"itemListElement\":[{\"@type\":\"ListItem\",\"position\":1,\"name\":\"Accueil\",\"item\":\"https:\/\/asso.unilim.fr\/fedros\/\"},{\"@type\":\"ListItem\",\"position\":2,\"name\":\"Men\u00e7\u00f5es legais\"}]},{\"@type\":\"WebSite\",\"@id\":\"https:\/\/asso.unilim.fr\/fedros\/es\/#website\",\"url\":\"https:\/\/asso.unilim.fr\/fedros\/es\/\",\"name\":\"F\u00e9d\u00e9ration Romane de S\u00e9miotique\",\"description\":\"\",\"publisher\":{\"@id\":\"https:\/\/asso.unilim.fr\/fedros\/es\/#organization\"},\"potentialAction\":[{\"@type\":\"SearchAction\",\"target\":{\"@type\":\"EntryPoint\",\"urlTemplate\":\"https:\/\/asso.unilim.fr\/fedros\/es\/?s={search_term_string}\"},\"query-input\":{\"@type\":\"PropertyValueSpecification\",\"valueRequired\":true,\"valueName\":\"search_term_string\"}}],\"inLanguage\":\"pt-BR\"},{\"@type\":\"Organization\",\"@id\":\"https:\/\/asso.unilim.fr\/fedros\/es\/#organization\",\"name\":\"F\u00e9d\u00e9ration Romane de S\u00e9miotique\",\"url\":\"https:\/\/asso.unilim.fr\/fedros\/es\/\",\"logo\":{\"@type\":\"ImageObject\",\"inLanguage\":\"pt-BR\",\"@id\":\"https:\/\/asso.unilim.fr\/fedros\/es\/#\/schema\/logo\/image\/\",\"url\":\"https:\/\/asso.unilim.fr\/fedros\/wp-content\/uploads\/sites\/12\/2020\/04\/FRSLOGO-sans-nom.png\",\"contentUrl\":\"https:\/\/asso.unilim.fr\/fedros\/wp-content\/uploads\/sites\/12\/2020\/04\/FRSLOGO-sans-nom.png\",\"width\":624,\"height\":624,\"caption\":\"F\u00e9d\u00e9ration Romane de S\u00e9miotique\"},\"image\":{\"@id\":\"https:\/\/asso.unilim.fr\/fedros\/es\/#\/schema\/logo\/image\/\"},\"sameAs\":[\"https:\/\/www.facebook.com\/fedrosemioticaromanza\",\"https:\/\/www.youtube.com\/channel\/UCaCtzbiSKoIKaZlc9DErntA\"]}]}<\/script>\n<!-- \/ Yoast SEO plugin. -->","yoast_head_json":{"title":"Men\u00e7\u00f5es legais - F\u00e9d\u00e9ration Romane de S\u00e9miotique","robots":{"index":"index","follow":"follow","max-snippet":"max-snippet:-1","max-image-preview":"max-image-preview:large","max-video-preview":"max-video-preview:-1"},"canonical":"https:\/\/asso.unilim.fr\/fedros\/pt-br\/mencoes-legais\/","og_locale":"pt_BR","og_type":"article","og_title":"Men\u00e7\u00f5es legais - F\u00e9d\u00e9ration Romane de S\u00e9miotique","og_url":"https:\/\/asso.unilim.fr\/fedros\/pt-br\/mencoes-legais\/","og_site_name":"F\u00e9d\u00e9ration Romane de S\u00e9miotique","article_publisher":"https:\/\/www.facebook.com\/fedrosemioticaromanza","article_modified_time":"2020-06-03T14:24:18+00:00","twitter_card":"summary_large_image","twitter_misc":{"Est. reading time":"3 minutes"},"schema":{"@context":"https:\/\/schema.org","@graph":[{"@type":"WebPage","@id":"https:\/\/asso.unilim.fr\/fedros\/pt-br\/mencoes-legais\/","url":"https:\/\/asso.unilim.fr\/fedros\/pt-br\/mencoes-legais\/","name":"Men\u00e7\u00f5es legais - F\u00e9d\u00e9ration Romane de S\u00e9miotique","isPartOf":{"@id":"https:\/\/asso.unilim.fr\/fedros\/es\/#website"},"datePublished":"2019-12-03T15:45:08+00:00","dateModified":"2020-06-03T14:24:18+00:00","breadcrumb":{"@id":"https:\/\/asso.unilim.fr\/fedros\/pt-br\/mencoes-legais\/#breadcrumb"},"inLanguage":"pt-BR","potentialAction":[{"@type":"ReadAction","target":["https:\/\/asso.unilim.fr\/fedros\/pt-br\/mencoes-legais\/"]}]},{"@type":"BreadcrumbList","@id":"https:\/\/asso.unilim.fr\/fedros\/pt-br\/mencoes-legais\/#breadcrumb","itemListElement":[{"@type":"ListItem","position":1,"name":"Accueil","item":"https:\/\/asso.unilim.fr\/fedros\/"},{"@type":"ListItem","position":2,"name":"Men\u00e7\u00f5es legais"}]},{"@type":"WebSite","@id":"https:\/\/asso.unilim.fr\/fedros\/es\/#website","url":"https:\/\/asso.unilim.fr\/fedros\/es\/","name":"F\u00e9d\u00e9ration Romane de S\u00e9miotique","description":"","publisher":{"@id":"https:\/\/asso.unilim.fr\/fedros\/es\/#organization"},"potentialAction":[{"@type":"SearchAction","target":{"@type":"EntryPoint","urlTemplate":"https:\/\/asso.unilim.fr\/fedros\/es\/?s={search_term_string}"},"query-input":{"@type":"PropertyValueSpecification","valueRequired":true,"valueName":"search_term_string"}}],"inLanguage":"pt-BR"},{"@type":"Organization","@id":"https:\/\/asso.unilim.fr\/fedros\/es\/#organization","name":"F\u00e9d\u00e9ration Romane de S\u00e9miotique","url":"https:\/\/asso.unilim.fr\/fedros\/es\/","logo":{"@type":"ImageObject","inLanguage":"pt-BR","@id":"https:\/\/asso.unilim.fr\/fedros\/es\/#\/schema\/logo\/image\/","url":"https:\/\/asso.unilim.fr\/fedros\/wp-content\/uploads\/sites\/12\/2020\/04\/FRSLOGO-sans-nom.png","contentUrl":"https:\/\/asso.unilim.fr\/fedros\/wp-content\/uploads\/sites\/12\/2020\/04\/FRSLOGO-sans-nom.png","width":624,"height":624,"caption":"F\u00e9d\u00e9ration Romane de S\u00e9miotique"},"image":{"@id":"https:\/\/asso.unilim.fr\/fedros\/es\/#\/schema\/logo\/image\/"},"sameAs":["https:\/\/www.facebook.com\/fedrosemioticaromanza","https:\/\/www.youtube.com\/channel\/UCaCtzbiSKoIKaZlc9DErntA"]}]}},"_links":{"self":[{"href":"https:\/\/asso.unilim.fr\/fedros\/pt-br\/wp-json\/wp\/v2\/pages\/929","targetHints":{"allow":["GET"]}}],"collection":[{"href":"https:\/\/asso.unilim.fr\/fedros\/pt-br\/wp-json\/wp\/v2\/pages"}],"about":[{"href":"https:\/\/asso.unilim.fr\/fedros\/pt-br\/wp-json\/wp\/v2\/types\/page"}],"author":[{"embeddable":true,"href":"https:\/\/asso.unilim.fr\/fedros\/pt-br\/wp-json\/wp\/v2\/users\/1"}],"replies":[{"embeddable":true,"href":"https:\/\/asso.unilim.fr\/fedros\/pt-br\/wp-json\/wp\/v2\/comments?post=929"}],"version-history":[{"count":0,"href":"https:\/\/asso.unilim.fr\/fedros\/pt-br\/wp-json\/wp\/v2\/pages\/929\/revisions"}],"wp:attachment":[{"href":"https:\/\/asso.unilim.fr\/fedros\/pt-br\/wp-json\/wp\/v2\/media?parent=929"}],"curies":[{"name":"wp","href":"https:\/\/api.w.org\/{rel}","templated":true}]}}