{"id":466,"date":"2020-06-03T03:00:00","date_gmt":"2020-03-17T19:16:00","guid":{"rendered":"http:\/\/asso.unilim.fr\/fedros\/?page_id=466"},"modified":"2020-06-11T22:49:04","modified_gmt":"2020-06-11T20:49:04","slug":"sobre-a-fedros","status":"publish","type":"page","link":"https:\/\/asso.unilim.fr\/fedros\/pt-br\/sobre-a-fedros\/","title":{"rendered":"SOBRE A FEDROS"},"content":{"rendered":"                        <div class=\"container-fluid bg-grad-right-gray-lighter ul-element-page-header \">\n                            <div class=\"container\">\n                                <div class=\"row\">\n                                    <div class=\"col-xs-12 hidden-xs text-dark\">\n                                                                            <\/div>\n                                    <div class=\"col-xs-0 hidden-xs\">\n                                                                            <\/div>\n\n                                                                            <div class=\"col-sm-12 text-dark\">\n\n                                                                                                    <h1 class=\"blog-title text-primary ul-bold\">SOBRE A FEDROS                                                                                                            <\/h1>\n\n                                                    <br\/>\n                                                \n\n\n                                                \n                                                                                        <\/div>\n                                    \n                                <\/div>\n                            <\/div>\n                        <\/div>\n                                <div class=\"container-fluid  \" style=\"\">\n                      <div class=\"container\">\n                <div class=\"row \" style=\"margin-top: 30px;margin-bottom: 30px\">        <div class=\"col-sm-10 \">\n                    <div class=\"clearfix ul-element-text \">\n            \n<p style=\"text-align: justify\">O papel da Federa\u00e7\u00e3o Rom\u00e2nica de Semi\u00f3tica (FedRoS) \u00e9 promover a pesquisa internacional em semi\u00f3tica, reunindo centros e grupos de pesquisa que desenvolvem seu trabalho utilizando, principalmente ou ocasionalmente, as l\u00ednguas rom\u00e2nicas.<\/p>\n<p style=\"text-align: justify\">A semi\u00f3tica praticada nesta \u00e1rea cultural integra os movimentos intelectuais desenvolvidos nas ci\u00eancias humanas e sociais durante os s\u00e9culos XX e XXI nos campos lingu\u00edstico, antropol\u00f3gico e filos\u00f3fico, sem com isso excluir outros campos disciplinares. O compartilhamento dessas refer\u00eancias funda uma base epistemol\u00f3gica comum de origem estrutural, assegura a intercompreens\u00e3o do discurso e garante a comunicabilidade das pesquisas. A partir dessas bases compartilhadas, a FedRoS prop\u00f5e lan\u00e7ar pesquisas e\/ou responder a editais e\/ou apoiar, ap\u00f3s parecer favor\u00e1vel de seu Conselho Consultivo Cient\u00edfico, respostas a editais de um ou de v\u00e1rios de seus membros.<\/p>\n<p style=\"text-align: justify\">Para isso, \u00e9 necess\u00e1rio, em primeiro lugar, promover encontros entre semioticistas, sendo o objetivo dessas colabora\u00e7\u00f5es o desenvolvimento e a divulga\u00e7\u00e3o de estudos semi\u00f3ticos, a promo\u00e7\u00e3o de pesquisas te\u00f3ricas e aplicadas e tamb\u00e9m a reflex\u00e3o sobre a did\u00e1tica da disciplina.<\/p>\n        <\/div>\n                <\/div>\n                <div class=\"col-sm-1 \">\n                    <div class=\"clearfix ul-element-text \">\n            \n<table style=\"height: 200px\" border=\"1\" width=\"248\">\n<tbody>\n<tr>\n<td bgcolor=\"#4b575f\">\n<h4 class=\"ul-bold\" style=\"text-align: center;color: white\">Saiba mais sobre a FedRoS<\/h4>\n<\/td>\n<\/tr>\n<tr>\n<td>\n<h4 class=\"ul-bold\"><a href=\"http:\/\/asso.unilim.fr\/fedros\/pt-br\/a-diretoria\/\"><strong>\u00a0 A Diretoria<\/strong><\/a><\/h4>\n<\/td>\n<\/tr>\n<tr>\n<td>\n<h4 class=\"ul-bold\"><a href=\"http:\/\/asso.unilim.fr\/fedros\/pt-br\/o-conselho\/\"><strong>\u00a0 O Conselho<\/strong><\/a><\/h4>\n<\/td>\n<\/tr>\n<tr>\n<td scope=\"row\">\n<h4 class=\"ul-bold\"><strong><a href=\"http:\/\/asso.unilim.fr\/fedros\/pt-br\/contato\/\">\u00a0 Contato<\/a><\/strong><\/h4>\n<\/td>\n<\/tr>\n<\/tbody>\n<\/table>\n        <\/div>\n                <\/div>\n        <\/div>\n            <\/div>\n                  <\/div>\n        \n","protected":false},"excerpt":{"rendered":"","protected":false},"author":104,"featured_media":0,"parent":0,"menu_order":0,"comment_status":"closed","ping_status":"closed","template":"page-le.php","meta":{"footnotes":""},"class_list":["post-466","page","type-page","status-publish","hentry"],"yoast_head":"<!-- This site is optimized with the Yoast SEO plugin v26.3 - https:\/\/yoast.com\/wordpress\/plugins\/seo\/ -->\n<title>SOBRE A FEDROS - F\u00e9d\u00e9ration Romane de S\u00e9miotique<\/title>\n<meta name=\"robots\" content=\"index, follow, max-snippet:-1, max-image-preview:large, max-video-preview:-1\" \/>\n<link rel=\"canonical\" href=\"https:\/\/asso.unilim.fr\/fedros\/pt-br\/sobre-a-fedros\/\" \/>\n<meta property=\"og:locale\" content=\"pt_BR\" \/>\n<meta property=\"og:type\" content=\"article\" \/>\n<meta property=\"og:title\" content=\"SOBRE A FEDROS - F\u00e9d\u00e9ration Romane de S\u00e9miotique\" \/>\n<meta property=\"og:url\" content=\"https:\/\/asso.unilim.fr\/fedros\/pt-br\/sobre-a-fedros\/\" \/>\n<meta property=\"og:site_name\" content=\"F\u00e9d\u00e9ration Romane de S\u00e9miotique\" \/>\n<meta property=\"article:publisher\" content=\"https:\/\/www.facebook.com\/fedrosemioticaromanza\" \/>\n<meta property=\"article:modified_time\" content=\"2020-06-11T20:49:04+00:00\" \/>\n<meta name=\"twitter:card\" content=\"summary_large_image\" \/>\n<meta name=\"twitter:label1\" content=\"Est. reading time\" \/>\n\t<meta name=\"twitter:data1\" content=\"1 minute\" \/>\n<script type=\"application\/ld+json\" class=\"yoast-schema-graph\">{\"@context\":\"https:\/\/schema.org\",\"@graph\":[{\"@type\":\"WebPage\",\"@id\":\"https:\/\/asso.unilim.fr\/fedros\/pt-br\/sobre-a-fedros\/\",\"url\":\"https:\/\/asso.unilim.fr\/fedros\/pt-br\/sobre-a-fedros\/\",\"name\":\"SOBRE A FEDROS - F\u00e9d\u00e9ration Romane de S\u00e9miotique\",\"isPartOf\":{\"@id\":\"https:\/\/asso.unilim.fr\/fedros\/es\/#website\"},\"datePublished\":\"2020-03-17T19:16:00+00:00\",\"dateModified\":\"2020-06-11T20:49:04+00:00\",\"breadcrumb\":{\"@id\":\"https:\/\/asso.unilim.fr\/fedros\/pt-br\/sobre-a-fedros\/#breadcrumb\"},\"inLanguage\":\"pt-BR\",\"potentialAction\":[{\"@type\":\"ReadAction\",\"target\":[\"https:\/\/asso.unilim.fr\/fedros\/pt-br\/sobre-a-fedros\/\"]}]},{\"@type\":\"BreadcrumbList\",\"@id\":\"https:\/\/asso.unilim.fr\/fedros\/pt-br\/sobre-a-fedros\/#breadcrumb\",\"itemListElement\":[{\"@type\":\"ListItem\",\"position\":1,\"name\":\"Accueil\",\"item\":\"https:\/\/asso.unilim.fr\/fedros\/\"},{\"@type\":\"ListItem\",\"position\":2,\"name\":\"SOBRE A FEDROS\"}]},{\"@type\":\"WebSite\",\"@id\":\"https:\/\/asso.unilim.fr\/fedros\/es\/#website\",\"url\":\"https:\/\/asso.unilim.fr\/fedros\/es\/\",\"name\":\"F\u00e9d\u00e9ration Romane de S\u00e9miotique\",\"description\":\"\",\"publisher\":{\"@id\":\"https:\/\/asso.unilim.fr\/fedros\/es\/#organization\"},\"potentialAction\":[{\"@type\":\"SearchAction\",\"target\":{\"@type\":\"EntryPoint\",\"urlTemplate\":\"https:\/\/asso.unilim.fr\/fedros\/es\/?s={search_term_string}\"},\"query-input\":{\"@type\":\"PropertyValueSpecification\",\"valueRequired\":true,\"valueName\":\"search_term_string\"}}],\"inLanguage\":\"pt-BR\"},{\"@type\":\"Organization\",\"@id\":\"https:\/\/asso.unilim.fr\/fedros\/es\/#organization\",\"name\":\"F\u00e9d\u00e9ration Romane de S\u00e9miotique\",\"url\":\"https:\/\/asso.unilim.fr\/fedros\/es\/\",\"logo\":{\"@type\":\"ImageObject\",\"inLanguage\":\"pt-BR\",\"@id\":\"https:\/\/asso.unilim.fr\/fedros\/es\/#\/schema\/logo\/image\/\",\"url\":\"https:\/\/asso.unilim.fr\/fedros\/wp-content\/uploads\/sites\/12\/2020\/04\/FRSLOGO-sans-nom.png\",\"contentUrl\":\"https:\/\/asso.unilim.fr\/fedros\/wp-content\/uploads\/sites\/12\/2020\/04\/FRSLOGO-sans-nom.png\",\"width\":624,\"height\":624,\"caption\":\"F\u00e9d\u00e9ration Romane de S\u00e9miotique\"},\"image\":{\"@id\":\"https:\/\/asso.unilim.fr\/fedros\/es\/#\/schema\/logo\/image\/\"},\"sameAs\":[\"https:\/\/www.facebook.com\/fedrosemioticaromanza\",\"https:\/\/www.youtube.com\/channel\/UCaCtzbiSKoIKaZlc9DErntA\"]}]}<\/script>\n<!-- \/ Yoast SEO plugin. -->","yoast_head_json":{"title":"SOBRE A FEDROS - F\u00e9d\u00e9ration Romane de S\u00e9miotique","robots":{"index":"index","follow":"follow","max-snippet":"max-snippet:-1","max-image-preview":"max-image-preview:large","max-video-preview":"max-video-preview:-1"},"canonical":"https:\/\/asso.unilim.fr\/fedros\/pt-br\/sobre-a-fedros\/","og_locale":"pt_BR","og_type":"article","og_title":"SOBRE A FEDROS - F\u00e9d\u00e9ration Romane de S\u00e9miotique","og_url":"https:\/\/asso.unilim.fr\/fedros\/pt-br\/sobre-a-fedros\/","og_site_name":"F\u00e9d\u00e9ration Romane de S\u00e9miotique","article_publisher":"https:\/\/www.facebook.com\/fedrosemioticaromanza","article_modified_time":"2020-06-11T20:49:04+00:00","twitter_card":"summary_large_image","twitter_misc":{"Est. reading time":"1 minute"},"schema":{"@context":"https:\/\/schema.org","@graph":[{"@type":"WebPage","@id":"https:\/\/asso.unilim.fr\/fedros\/pt-br\/sobre-a-fedros\/","url":"https:\/\/asso.unilim.fr\/fedros\/pt-br\/sobre-a-fedros\/","name":"SOBRE A FEDROS - F\u00e9d\u00e9ration Romane de S\u00e9miotique","isPartOf":{"@id":"https:\/\/asso.unilim.fr\/fedros\/es\/#website"},"datePublished":"2020-03-17T19:16:00+00:00","dateModified":"2020-06-11T20:49:04+00:00","breadcrumb":{"@id":"https:\/\/asso.unilim.fr\/fedros\/pt-br\/sobre-a-fedros\/#breadcrumb"},"inLanguage":"pt-BR","potentialAction":[{"@type":"ReadAction","target":["https:\/\/asso.unilim.fr\/fedros\/pt-br\/sobre-a-fedros\/"]}]},{"@type":"BreadcrumbList","@id":"https:\/\/asso.unilim.fr\/fedros\/pt-br\/sobre-a-fedros\/#breadcrumb","itemListElement":[{"@type":"ListItem","position":1,"name":"Accueil","item":"https:\/\/asso.unilim.fr\/fedros\/"},{"@type":"ListItem","position":2,"name":"SOBRE A FEDROS"}]},{"@type":"WebSite","@id":"https:\/\/asso.unilim.fr\/fedros\/es\/#website","url":"https:\/\/asso.unilim.fr\/fedros\/es\/","name":"F\u00e9d\u00e9ration Romane de S\u00e9miotique","description":"","publisher":{"@id":"https:\/\/asso.unilim.fr\/fedros\/es\/#organization"},"potentialAction":[{"@type":"SearchAction","target":{"@type":"EntryPoint","urlTemplate":"https:\/\/asso.unilim.fr\/fedros\/es\/?s={search_term_string}"},"query-input":{"@type":"PropertyValueSpecification","valueRequired":true,"valueName":"search_term_string"}}],"inLanguage":"pt-BR"},{"@type":"Organization","@id":"https:\/\/asso.unilim.fr\/fedros\/es\/#organization","name":"F\u00e9d\u00e9ration Romane de S\u00e9miotique","url":"https:\/\/asso.unilim.fr\/fedros\/es\/","logo":{"@type":"ImageObject","inLanguage":"pt-BR","@id":"https:\/\/asso.unilim.fr\/fedros\/es\/#\/schema\/logo\/image\/","url":"https:\/\/asso.unilim.fr\/fedros\/wp-content\/uploads\/sites\/12\/2020\/04\/FRSLOGO-sans-nom.png","contentUrl":"https:\/\/asso.unilim.fr\/fedros\/wp-content\/uploads\/sites\/12\/2020\/04\/FRSLOGO-sans-nom.png","width":624,"height":624,"caption":"F\u00e9d\u00e9ration Romane de S\u00e9miotique"},"image":{"@id":"https:\/\/asso.unilim.fr\/fedros\/es\/#\/schema\/logo\/image\/"},"sameAs":["https:\/\/www.facebook.com\/fedrosemioticaromanza","https:\/\/www.youtube.com\/channel\/UCaCtzbiSKoIKaZlc9DErntA"]}]}},"_links":{"self":[{"href":"https:\/\/asso.unilim.fr\/fedros\/pt-br\/wp-json\/wp\/v2\/pages\/466","targetHints":{"allow":["GET"]}}],"collection":[{"href":"https:\/\/asso.unilim.fr\/fedros\/pt-br\/wp-json\/wp\/v2\/pages"}],"about":[{"href":"https:\/\/asso.unilim.fr\/fedros\/pt-br\/wp-json\/wp\/v2\/types\/page"}],"author":[{"embeddable":true,"href":"https:\/\/asso.unilim.fr\/fedros\/pt-br\/wp-json\/wp\/v2\/users\/104"}],"replies":[{"embeddable":true,"href":"https:\/\/asso.unilim.fr\/fedros\/pt-br\/wp-json\/wp\/v2\/comments?post=466"}],"version-history":[{"count":0,"href":"https:\/\/asso.unilim.fr\/fedros\/pt-br\/wp-json\/wp\/v2\/pages\/466\/revisions"}],"wp:attachment":[{"href":"https:\/\/asso.unilim.fr\/fedros\/pt-br\/wp-json\/wp\/v2\/media?parent=466"}],"curies":[{"name":"wp","href":"https:\/\/api.w.org\/{rel}","templated":true}]}}