{"id":1693,"date":"2020-06-11T22:33:23","date_gmt":"2020-06-11T20:33:23","guid":{"rendered":"http:\/\/asso.unilim.fr\/fedros\/le-conseil\/"},"modified":"2020-06-11T22:46:34","modified_gmt":"2020-06-11T20:46:34","slug":"o-conselho","status":"publish","type":"page","link":"https:\/\/asso.unilim.fr\/fedros\/pt-br\/o-conselho\/","title":{"rendered":"O Conselho"},"content":{"rendered":"<p>Juan Alonso, PHIL\u00e9POL (Universit\u00e9 Paris Descartes Paris 5)<\/p>\n<p>Seldag Bankir (SemIstanbul)<\/p>\n<p>Pier Luigi Basso, CS (Universit\u00e9 Louis Lumi\u00e8re Lyon 2)<\/p>\n<p>Denis Bertrand, LHE (Universit\u00e9 Vincennes Saint-Denis Paris 8)<\/p>\n<p>Anne Beyaert, MICA (Universit\u00e9 Bordeaux Montaigne)<\/p>\n<p>Luciana Chen, (CPS-PUC, Sao Paulo)<\/p>\n<p>Marion Colas-Blaise, SIERMA (Universit\u00e9 de Luxembourg)<\/p>\n<p>Lucia Corrain, S\u00e9miotique Visuelle (Universit\u00e9 de Bologne et Universit\u00e9 de Sienne)<\/p>\n<p>Maria Giulia Dondero, SLR (Universit\u00e9 de Li\u00e8ge)<\/p>\n<p>Nicola Dusi, MVS UNIMORE (Universit\u00e9 de Mod\u00e8ne)<\/p>\n<p>Jacques Fontanille, (CeReS, Limoges)<\/p>\n<p>Gianfranco Marrone, CsS (Universit\u00e9 de Palerme)<\/p>\n<p>Anna-Maria Lorusso, TraMe (Universit\u00e9 de Bologne, Italie)<\/p>\n<p>Renata Mancini, SeDI (Universit\u00e9 F\u00e9d\u00e9rale Fluminense de Niteroi, Br\u00e9sil)<\/p>\n<p>Francesco Marsciani, CUBE (Universit\u00e9 de Bologne)<\/p>\n<p>Anouar Mbensila, LTeD (Universit\u00e9 de Mekn\u00e9s)<\/p>\n<p>Tiziana Miggliore, Centre Eco (Universit\u00e9 d\u2019Urbino)<\/p>\n<p>Paolo Peverini (LARS, Rome)<\/p>\n<p>Oscar Quezada Macchiavello, EIS (Universidad de Lima)<\/p>\n<p>Shairi Hamid Reza, CRST (Universit\u00e9 Modares T\u00e9h\u00e9ran)<\/p>\n<p>Maria Luisa Solis, SES (Benem\u00e9rita Universidad Aut\u00f3noma de Puebla)<\/p>\n","protected":false},"excerpt":{"rendered":"<p>Juan Alonso, PHIL\u00e9POL (Universit\u00e9 Paris Descartes Paris 5) Seldag Bankir (SemIstanbul) Pier Luigi Basso, CS (Universit\u00e9 Louis Lumi\u00e8re Lyon 2) Denis Bertrand, LHE (Universit\u00e9 Vincennes Saint-Denis Paris 8) Anne Beyaert, MICA (Universit\u00e9 Bordeaux Montaigne) Luciana Chen, (CPS-PUC, Sao Paulo) Marion Colas-Blaise, SIERMA (Universit\u00e9 de Luxembourg) Lucia Corrain, S\u00e9miotique Visuelle (Universit\u00e9 de Bologne et Universit\u00e9 de [&hellip;]<\/p>\n","protected":false},"author":104,"featured_media":0,"parent":0,"menu_order":0,"comment_status":"closed","ping_status":"closed","template":"","meta":{"footnotes":""},"class_list":["post-1693","page","type-page","status-publish","hentry"],"yoast_head":"<!-- This site is optimized with the Yoast SEO plugin v26.3 - https:\/\/yoast.com\/wordpress\/plugins\/seo\/ -->\n<title>O Conselho - F\u00e9d\u00e9ration Romane de S\u00e9miotique<\/title>\n<meta name=\"robots\" content=\"index, follow, max-snippet:-1, max-image-preview:large, max-video-preview:-1\" \/>\n<link rel=\"canonical\" href=\"https:\/\/asso.unilim.fr\/fedros\/pt-br\/o-conselho\/\" \/>\n<meta property=\"og:locale\" content=\"pt_BR\" \/>\n<meta property=\"og:type\" content=\"article\" \/>\n<meta property=\"og:title\" content=\"O Conselho - F\u00e9d\u00e9ration Romane de S\u00e9miotique\" \/>\n<meta property=\"og:description\" content=\"Juan Alonso, PHIL\u00e9POL (Universit\u00e9 Paris Descartes Paris 5) Seldag Bankir (SemIstanbul) Pier Luigi Basso, CS (Universit\u00e9 Louis Lumi\u00e8re Lyon 2) Denis Bertrand, LHE (Universit\u00e9 Vincennes Saint-Denis Paris 8) Anne Beyaert, MICA (Universit\u00e9 Bordeaux Montaigne) Luciana Chen, (CPS-PUC, Sao Paulo) Marion Colas-Blaise, SIERMA (Universit\u00e9 de Luxembourg) Lucia Corrain, S\u00e9miotique Visuelle (Universit\u00e9 de Bologne et Universit\u00e9 de [&hellip;]\" \/>\n<meta property=\"og:url\" content=\"https:\/\/asso.unilim.fr\/fedros\/pt-br\/o-conselho\/\" \/>\n<meta property=\"og:site_name\" content=\"F\u00e9d\u00e9ration Romane de S\u00e9miotique\" \/>\n<meta property=\"article:publisher\" content=\"https:\/\/www.facebook.com\/fedrosemioticaromanza\" \/>\n<meta property=\"article:modified_time\" content=\"2020-06-11T20:46:34+00:00\" \/>\n<meta name=\"twitter:card\" content=\"summary_large_image\" \/>\n<meta name=\"twitter:label1\" content=\"Est. reading time\" \/>\n\t<meta name=\"twitter:data1\" content=\"1 minute\" \/>\n<script type=\"application\/ld+json\" class=\"yoast-schema-graph\">{\"@context\":\"https:\/\/schema.org\",\"@graph\":[{\"@type\":\"WebPage\",\"@id\":\"https:\/\/asso.unilim.fr\/fedros\/pt-br\/o-conselho\/\",\"url\":\"https:\/\/asso.unilim.fr\/fedros\/pt-br\/o-conselho\/\",\"name\":\"O Conselho - F\u00e9d\u00e9ration Romane de S\u00e9miotique\",\"isPartOf\":{\"@id\":\"https:\/\/asso.unilim.fr\/fedros\/es\/#website\"},\"datePublished\":\"2020-06-11T20:33:23+00:00\",\"dateModified\":\"2020-06-11T20:46:34+00:00\",\"breadcrumb\":{\"@id\":\"https:\/\/asso.unilim.fr\/fedros\/pt-br\/o-conselho\/#breadcrumb\"},\"inLanguage\":\"pt-BR\",\"potentialAction\":[{\"@type\":\"ReadAction\",\"target\":[\"https:\/\/asso.unilim.fr\/fedros\/pt-br\/o-conselho\/\"]}]},{\"@type\":\"BreadcrumbList\",\"@id\":\"https:\/\/asso.unilim.fr\/fedros\/pt-br\/o-conselho\/#breadcrumb\",\"itemListElement\":[{\"@type\":\"ListItem\",\"position\":1,\"name\":\"Accueil\",\"item\":\"https:\/\/asso.unilim.fr\/fedros\/\"},{\"@type\":\"ListItem\",\"position\":2,\"name\":\"O Conselho\"}]},{\"@type\":\"WebSite\",\"@id\":\"https:\/\/asso.unilim.fr\/fedros\/es\/#website\",\"url\":\"https:\/\/asso.unilim.fr\/fedros\/es\/\",\"name\":\"F\u00e9d\u00e9ration Romane de S\u00e9miotique\",\"description\":\"\",\"publisher\":{\"@id\":\"https:\/\/asso.unilim.fr\/fedros\/es\/#organization\"},\"potentialAction\":[{\"@type\":\"SearchAction\",\"target\":{\"@type\":\"EntryPoint\",\"urlTemplate\":\"https:\/\/asso.unilim.fr\/fedros\/es\/?s={search_term_string}\"},\"query-input\":{\"@type\":\"PropertyValueSpecification\",\"valueRequired\":true,\"valueName\":\"search_term_string\"}}],\"inLanguage\":\"pt-BR\"},{\"@type\":\"Organization\",\"@id\":\"https:\/\/asso.unilim.fr\/fedros\/es\/#organization\",\"name\":\"F\u00e9d\u00e9ration Romane de S\u00e9miotique\",\"url\":\"https:\/\/asso.unilim.fr\/fedros\/es\/\",\"logo\":{\"@type\":\"ImageObject\",\"inLanguage\":\"pt-BR\",\"@id\":\"https:\/\/asso.unilim.fr\/fedros\/es\/#\/schema\/logo\/image\/\",\"url\":\"https:\/\/asso.unilim.fr\/fedros\/wp-content\/uploads\/sites\/12\/2020\/04\/FRSLOGO-sans-nom.png\",\"contentUrl\":\"https:\/\/asso.unilim.fr\/fedros\/wp-content\/uploads\/sites\/12\/2020\/04\/FRSLOGO-sans-nom.png\",\"width\":624,\"height\":624,\"caption\":\"F\u00e9d\u00e9ration Romane de S\u00e9miotique\"},\"image\":{\"@id\":\"https:\/\/asso.unilim.fr\/fedros\/es\/#\/schema\/logo\/image\/\"},\"sameAs\":[\"https:\/\/www.facebook.com\/fedrosemioticaromanza\",\"https:\/\/www.youtube.com\/channel\/UCaCtzbiSKoIKaZlc9DErntA\"]}]}<\/script>\n<!-- \/ Yoast SEO plugin. -->","yoast_head_json":{"title":"O Conselho - F\u00e9d\u00e9ration Romane de S\u00e9miotique","robots":{"index":"index","follow":"follow","max-snippet":"max-snippet:-1","max-image-preview":"max-image-preview:large","max-video-preview":"max-video-preview:-1"},"canonical":"https:\/\/asso.unilim.fr\/fedros\/pt-br\/o-conselho\/","og_locale":"pt_BR","og_type":"article","og_title":"O Conselho - F\u00e9d\u00e9ration Romane de S\u00e9miotique","og_description":"Juan Alonso, PHIL\u00e9POL (Universit\u00e9 Paris Descartes Paris 5) Seldag Bankir (SemIstanbul) Pier Luigi Basso, CS (Universit\u00e9 Louis Lumi\u00e8re Lyon 2) Denis Bertrand, LHE (Universit\u00e9 Vincennes Saint-Denis Paris 8) Anne Beyaert, MICA (Universit\u00e9 Bordeaux Montaigne) Luciana Chen, (CPS-PUC, Sao Paulo) Marion Colas-Blaise, SIERMA (Universit\u00e9 de Luxembourg) Lucia Corrain, S\u00e9miotique Visuelle (Universit\u00e9 de Bologne et Universit\u00e9 de [&hellip;]","og_url":"https:\/\/asso.unilim.fr\/fedros\/pt-br\/o-conselho\/","og_site_name":"F\u00e9d\u00e9ration Romane de S\u00e9miotique","article_publisher":"https:\/\/www.facebook.com\/fedrosemioticaromanza","article_modified_time":"2020-06-11T20:46:34+00:00","twitter_card":"summary_large_image","twitter_misc":{"Est. reading time":"1 minute"},"schema":{"@context":"https:\/\/schema.org","@graph":[{"@type":"WebPage","@id":"https:\/\/asso.unilim.fr\/fedros\/pt-br\/o-conselho\/","url":"https:\/\/asso.unilim.fr\/fedros\/pt-br\/o-conselho\/","name":"O Conselho - F\u00e9d\u00e9ration Romane de S\u00e9miotique","isPartOf":{"@id":"https:\/\/asso.unilim.fr\/fedros\/es\/#website"},"datePublished":"2020-06-11T20:33:23+00:00","dateModified":"2020-06-11T20:46:34+00:00","breadcrumb":{"@id":"https:\/\/asso.unilim.fr\/fedros\/pt-br\/o-conselho\/#breadcrumb"},"inLanguage":"pt-BR","potentialAction":[{"@type":"ReadAction","target":["https:\/\/asso.unilim.fr\/fedros\/pt-br\/o-conselho\/"]}]},{"@type":"BreadcrumbList","@id":"https:\/\/asso.unilim.fr\/fedros\/pt-br\/o-conselho\/#breadcrumb","itemListElement":[{"@type":"ListItem","position":1,"name":"Accueil","item":"https:\/\/asso.unilim.fr\/fedros\/"},{"@type":"ListItem","position":2,"name":"O Conselho"}]},{"@type":"WebSite","@id":"https:\/\/asso.unilim.fr\/fedros\/es\/#website","url":"https:\/\/asso.unilim.fr\/fedros\/es\/","name":"F\u00e9d\u00e9ration Romane de S\u00e9miotique","description":"","publisher":{"@id":"https:\/\/asso.unilim.fr\/fedros\/es\/#organization"},"potentialAction":[{"@type":"SearchAction","target":{"@type":"EntryPoint","urlTemplate":"https:\/\/asso.unilim.fr\/fedros\/es\/?s={search_term_string}"},"query-input":{"@type":"PropertyValueSpecification","valueRequired":true,"valueName":"search_term_string"}}],"inLanguage":"pt-BR"},{"@type":"Organization","@id":"https:\/\/asso.unilim.fr\/fedros\/es\/#organization","name":"F\u00e9d\u00e9ration Romane de S\u00e9miotique","url":"https:\/\/asso.unilim.fr\/fedros\/es\/","logo":{"@type":"ImageObject","inLanguage":"pt-BR","@id":"https:\/\/asso.unilim.fr\/fedros\/es\/#\/schema\/logo\/image\/","url":"https:\/\/asso.unilim.fr\/fedros\/wp-content\/uploads\/sites\/12\/2020\/04\/FRSLOGO-sans-nom.png","contentUrl":"https:\/\/asso.unilim.fr\/fedros\/wp-content\/uploads\/sites\/12\/2020\/04\/FRSLOGO-sans-nom.png","width":624,"height":624,"caption":"F\u00e9d\u00e9ration Romane de S\u00e9miotique"},"image":{"@id":"https:\/\/asso.unilim.fr\/fedros\/es\/#\/schema\/logo\/image\/"},"sameAs":["https:\/\/www.facebook.com\/fedrosemioticaromanza","https:\/\/www.youtube.com\/channel\/UCaCtzbiSKoIKaZlc9DErntA"]}]}},"_links":{"self":[{"href":"https:\/\/asso.unilim.fr\/fedros\/pt-br\/wp-json\/wp\/v2\/pages\/1693","targetHints":{"allow":["GET"]}}],"collection":[{"href":"https:\/\/asso.unilim.fr\/fedros\/pt-br\/wp-json\/wp\/v2\/pages"}],"about":[{"href":"https:\/\/asso.unilim.fr\/fedros\/pt-br\/wp-json\/wp\/v2\/types\/page"}],"author":[{"embeddable":true,"href":"https:\/\/asso.unilim.fr\/fedros\/pt-br\/wp-json\/wp\/v2\/users\/104"}],"replies":[{"embeddable":true,"href":"https:\/\/asso.unilim.fr\/fedros\/pt-br\/wp-json\/wp\/v2\/comments?post=1693"}],"version-history":[{"count":0,"href":"https:\/\/asso.unilim.fr\/fedros\/pt-br\/wp-json\/wp\/v2\/pages\/1693\/revisions"}],"wp:attachment":[{"href":"https:\/\/asso.unilim.fr\/fedros\/pt-br\/wp-json\/wp\/v2\/media?parent=1693"}],"curies":[{"name":"wp","href":"https:\/\/api.w.org\/{rel}","templated":true}]}}