{"id":927,"date":"2020-05-13T03:00:00","date_gmt":"2019-12-03T15:45:08","guid":{"rendered":"http:\/\/asso.unilim.fr\/fedros\/mentions-legales-2\/"},"modified":"2020-05-13T04:03:57","modified_gmt":"2020-05-13T02:03:57","slug":"menzioni-legali","status":"publish","type":"page","link":"https:\/\/asso.unilim.fr\/fedros\/it\/menzioni-legali\/","title":{"rendered":"Menzioni legali"},"content":{"rendered":"        <div class=\"container-fluid  \" style=\"\">\n                      <div class=\"container\">\n                <div class=\"row \" style=\"margin-top: 30px;margin-bottom: 30px\">        <div class=\"col-md-12 \">\n                    <div class=\"clearfix ul-element-text \">\n            \n<h3>Editore, responsabile di pubblicazione<\/h3>\n<p>Questa pagina \u00e8 il sito ufficiale della&nbsp;Federazione Romanza di Semiotica<\/p>\n<h3>Direttore di pubblicazione<\/h3>\n<p>Alain C\u00e9l\u00e9rier , Pr\u00e9sident de l&#8217;Universit\u00e9. Contact : <a title=\"presidence@unilim.fr\" href=\"mailto:presidence@unilim.fr\" target=\"_blank\" rel=\"noopener noreferrer\" data-mce-href=\"mailto:presidence@unilim.fr\">presidence@unilim.fr<\/a><\/p>\n<h3>Responsabile Editoriale<\/h3>\n<p>Federazione Romanza di Semiotica&nbsp;Contatti :&nbsp;lasemioromane@gmail.com<\/p>\n<h3>Realizzazione<\/h3>\n<p>Alexandre Provin Sbabo<\/p>\n<h3>Hosting<\/h3>\n<address><strong>Direction du Syst\u00e8me d&#8217;Information de l&#8217;Universit\u00e9 de Limoges<\/strong><br \/> 123 Av. Albert Thomas<br \/> 87060 Limoges Cedex<br \/> <abbr title=\"T\u00e9l\u00e9phone\">T\u00e9l :<\/abbr> 05 87 08 08 00 <abbr title=\"T\u00e9l\u00e9copie\">Fax :<\/abbr> 05 55 45 75 95 <strong>Courriel<\/strong><br \/> <a href=\"mailto:webmaster@unilim.fr\" target=\"_blank\" rel=\"noopener noreferrer\" data-mce-href=\"mailto:webmaster@unilim.fr\">webmaster@unilim.fr<\/a><\/address>\n<h3>Accesso al sito<\/h3>\n<p>L\u2019utilizzatore del sito internet:&nbsp;https:\/\/asso.unilim.fr\/fedros\/it\/ dichiara di disporre delle competenze e dei mezzi necessari per l\u2019accesso e l\u2019utilizzo di questo sito internet..<\/p>\n<h3>Diritto d\u2019autore \u2013 Copyright<\/h3>\n<p>Questo sito, nella sua totalit\u00e0, sottost\u00e0 alla legislazione francese e internazionale in materia di diritto d\u2019autore e di propriet\u00e0 intellettuale. Tutti i diritti d\u2019autore sono riservati, compresi i documenti scaricabili, le immagini iconografiche e fotografiche. Ogni tipo di riproduzione, completa o parziale di questo sito su un supporto digitale, qualsiasi esso sia, \u00e8 formalmente vietata senza previa autorizzazione del Magnifico Rettore dell\u2019Universit\u00e0 nelle funzioni di direttore di pubblicazione. Nel caso, si prega di scrivere al Servizio Comunicazione che si incaricher\u00e0 di trasmettere la vostra richiesta e di comunicare la risposta del direttore di pubblicazione. La riproduzione dei testi di questo sito su supporto cartaceo \u00e8 autorizzata, nella fattispecie per ragioni pedagogiche, rispettando le tre condizioni che seguono :<\/p>\n<ul>\n<li>diffusione gratuita,<\/li>\n<li>rispetto dell\u2019integrit\u00e0 dei documenti riprodotti : nessuna modica n\u00e9 alterazione di qualsiasi tipo,<\/li>\n<li>citazione chiara e leggibile delle fonti come indicato nella formula seguente, per esempio : &#8220;questo documento proviene dal sito internet :https:\/\/asso.unilim.fr\/fedros\/it\/. I diritti di riproduzione sono riservati e strettamente limitati. L\u2019indirizzo internet del sito della Federazione Romanza di Semiotica deve imperativamente comparire nella referenza.<\/li>\n<\/ul>\n<p>Per altre forme di utilizzazione, si prega di contattarci. I link presenti in questo sito web in direzione di altre risorse presenti sulla rete, non sono di responsabilit\u00e0 dell\u2019universit\u00e0 di Limoges. Agli utilizzatori e visitatori del sito \u00e8 vietato creare un link in direzione di questo sito web senza previa autorizzazione scritta del Magnifico Rettore dell\u2019Universit\u00e0 di Limoges. In questo caso, si prega di inviare una mail a com@unilim.fr o di scrivere a :<\/p>\n<address><strong>Monsieur le Pr\u00e9sident<\/strong><br \/> 33,Rue Fran\u00e7ois Mitterrand BP 23204<br \/> 87032 Limoges CEDEX 01<br \/><\/address>\n<h3>Pubblicazioni \u2013 Attualit\u00e0<\/h3>\n<p>I documenti diffusi in versione digitale su questo sito potrebbero essere aggiornati nell\u2019intervallo che intercorre tra la presa in visione e il loro download. Di conseguenza, si raccomanda di verificarne la validit\u00e0.<\/p>\n<h3>Contenuto del sito<\/h3>\n<p>La&nbsp;Federazione Romanza di Semiotica mette a disposizione degli utenti del sito web&nbsp;https:\/\/asso.unilim.fr\/fedros\/it\/ degli strumenti e delle informazioni disponibili e verificate, ma non sar\u00e0 mai da considerarsi responsabile di errori o della mancanza di alcune informazioni. Si pregano gli utenti di comunicare eventuali omissioni, errori, o correzioni da apportare, inviando una mail all\u2019indirizzo&nbsp;lasemioromane@gmail.com<\/p>\n        <\/div>\n                <\/div>\n        <\/div>\n            <\/div>\n                  <\/div>\n        \n","protected":false},"excerpt":{"rendered":"","protected":false},"author":1,"featured_media":0,"parent":0,"menu_order":0,"comment_status":"closed","ping_status":"closed","template":"page-le.php","meta":{"footnotes":""},"class_list":["post-927","page","type-page","status-publish","hentry"],"yoast_head":"<!-- This site is optimized with the Yoast SEO plugin v26.3 - https:\/\/yoast.com\/wordpress\/plugins\/seo\/ -->\n<title>Menzioni legali - F\u00e9d\u00e9ration Romane de S\u00e9miotique<\/title>\n<meta name=\"robots\" content=\"index, follow, max-snippet:-1, max-image-preview:large, max-video-preview:-1\" \/>\n<link rel=\"canonical\" href=\"https:\/\/asso.unilim.fr\/fedros\/it\/menzioni-legali\/\" \/>\n<meta property=\"og:locale\" content=\"it_IT\" \/>\n<meta property=\"og:type\" content=\"article\" \/>\n<meta property=\"og:title\" content=\"Menzioni legali - F\u00e9d\u00e9ration Romane de S\u00e9miotique\" \/>\n<meta property=\"og:url\" content=\"https:\/\/asso.unilim.fr\/fedros\/it\/menzioni-legali\/\" \/>\n<meta property=\"og:site_name\" content=\"F\u00e9d\u00e9ration Romane de S\u00e9miotique\" \/>\n<meta property=\"article:publisher\" content=\"https:\/\/www.facebook.com\/fedrosemioticaromanza\" \/>\n<meta property=\"article:modified_time\" content=\"2020-05-13T02:03:57+00:00\" \/>\n<meta name=\"twitter:card\" content=\"summary_large_image\" \/>\n<meta name=\"twitter:label1\" content=\"Est. reading time\" \/>\n\t<meta name=\"twitter:data1\" content=\"3 minutes\" \/>\n<script type=\"application\/ld+json\" class=\"yoast-schema-graph\">{\"@context\":\"https:\/\/schema.org\",\"@graph\":[{\"@type\":\"WebPage\",\"@id\":\"https:\/\/asso.unilim.fr\/fedros\/it\/menzioni-legali\/\",\"url\":\"https:\/\/asso.unilim.fr\/fedros\/it\/menzioni-legali\/\",\"name\":\"Menzioni legali - F\u00e9d\u00e9ration Romane de S\u00e9miotique\",\"isPartOf\":{\"@id\":\"https:\/\/asso.unilim.fr\/fedros\/es\/#website\"},\"datePublished\":\"2019-12-03T15:45:08+00:00\",\"dateModified\":\"2020-05-13T02:03:57+00:00\",\"breadcrumb\":{\"@id\":\"https:\/\/asso.unilim.fr\/fedros\/it\/menzioni-legali\/#breadcrumb\"},\"inLanguage\":\"it-IT\",\"potentialAction\":[{\"@type\":\"ReadAction\",\"target\":[\"https:\/\/asso.unilim.fr\/fedros\/it\/menzioni-legali\/\"]}]},{\"@type\":\"BreadcrumbList\",\"@id\":\"https:\/\/asso.unilim.fr\/fedros\/it\/menzioni-legali\/#breadcrumb\",\"itemListElement\":[{\"@type\":\"ListItem\",\"position\":1,\"name\":\"Accueil\",\"item\":\"https:\/\/asso.unilim.fr\/fedros\/\"},{\"@type\":\"ListItem\",\"position\":2,\"name\":\"Menzioni legali\"}]},{\"@type\":\"WebSite\",\"@id\":\"https:\/\/asso.unilim.fr\/fedros\/es\/#website\",\"url\":\"https:\/\/asso.unilim.fr\/fedros\/es\/\",\"name\":\"F\u00e9d\u00e9ration Romane de S\u00e9miotique\",\"description\":\"\",\"publisher\":{\"@id\":\"https:\/\/asso.unilim.fr\/fedros\/es\/#organization\"},\"potentialAction\":[{\"@type\":\"SearchAction\",\"target\":{\"@type\":\"EntryPoint\",\"urlTemplate\":\"https:\/\/asso.unilim.fr\/fedros\/es\/?s={search_term_string}\"},\"query-input\":{\"@type\":\"PropertyValueSpecification\",\"valueRequired\":true,\"valueName\":\"search_term_string\"}}],\"inLanguage\":\"it-IT\"},{\"@type\":\"Organization\",\"@id\":\"https:\/\/asso.unilim.fr\/fedros\/es\/#organization\",\"name\":\"F\u00e9d\u00e9ration Romane de S\u00e9miotique\",\"url\":\"https:\/\/asso.unilim.fr\/fedros\/es\/\",\"logo\":{\"@type\":\"ImageObject\",\"inLanguage\":\"it-IT\",\"@id\":\"https:\/\/asso.unilim.fr\/fedros\/es\/#\/schema\/logo\/image\/\",\"url\":\"https:\/\/asso.unilim.fr\/fedros\/wp-content\/uploads\/sites\/12\/2020\/04\/FRSLOGO-sans-nom.png\",\"contentUrl\":\"https:\/\/asso.unilim.fr\/fedros\/wp-content\/uploads\/sites\/12\/2020\/04\/FRSLOGO-sans-nom.png\",\"width\":624,\"height\":624,\"caption\":\"F\u00e9d\u00e9ration Romane de S\u00e9miotique\"},\"image\":{\"@id\":\"https:\/\/asso.unilim.fr\/fedros\/es\/#\/schema\/logo\/image\/\"},\"sameAs\":[\"https:\/\/www.facebook.com\/fedrosemioticaromanza\",\"https:\/\/www.youtube.com\/channel\/UCaCtzbiSKoIKaZlc9DErntA\"]}]}<\/script>\n<!-- \/ Yoast SEO plugin. -->","yoast_head_json":{"title":"Menzioni legali - F\u00e9d\u00e9ration Romane de S\u00e9miotique","robots":{"index":"index","follow":"follow","max-snippet":"max-snippet:-1","max-image-preview":"max-image-preview:large","max-video-preview":"max-video-preview:-1"},"canonical":"https:\/\/asso.unilim.fr\/fedros\/it\/menzioni-legali\/","og_locale":"it_IT","og_type":"article","og_title":"Menzioni legali - F\u00e9d\u00e9ration Romane de S\u00e9miotique","og_url":"https:\/\/asso.unilim.fr\/fedros\/it\/menzioni-legali\/","og_site_name":"F\u00e9d\u00e9ration Romane de S\u00e9miotique","article_publisher":"https:\/\/www.facebook.com\/fedrosemioticaromanza","article_modified_time":"2020-05-13T02:03:57+00:00","twitter_card":"summary_large_image","twitter_misc":{"Est. reading time":"3 minutes"},"schema":{"@context":"https:\/\/schema.org","@graph":[{"@type":"WebPage","@id":"https:\/\/asso.unilim.fr\/fedros\/it\/menzioni-legali\/","url":"https:\/\/asso.unilim.fr\/fedros\/it\/menzioni-legali\/","name":"Menzioni legali - F\u00e9d\u00e9ration Romane de S\u00e9miotique","isPartOf":{"@id":"https:\/\/asso.unilim.fr\/fedros\/es\/#website"},"datePublished":"2019-12-03T15:45:08+00:00","dateModified":"2020-05-13T02:03:57+00:00","breadcrumb":{"@id":"https:\/\/asso.unilim.fr\/fedros\/it\/menzioni-legali\/#breadcrumb"},"inLanguage":"it-IT","potentialAction":[{"@type":"ReadAction","target":["https:\/\/asso.unilim.fr\/fedros\/it\/menzioni-legali\/"]}]},{"@type":"BreadcrumbList","@id":"https:\/\/asso.unilim.fr\/fedros\/it\/menzioni-legali\/#breadcrumb","itemListElement":[{"@type":"ListItem","position":1,"name":"Accueil","item":"https:\/\/asso.unilim.fr\/fedros\/"},{"@type":"ListItem","position":2,"name":"Menzioni legali"}]},{"@type":"WebSite","@id":"https:\/\/asso.unilim.fr\/fedros\/es\/#website","url":"https:\/\/asso.unilim.fr\/fedros\/es\/","name":"F\u00e9d\u00e9ration Romane de S\u00e9miotique","description":"","publisher":{"@id":"https:\/\/asso.unilim.fr\/fedros\/es\/#organization"},"potentialAction":[{"@type":"SearchAction","target":{"@type":"EntryPoint","urlTemplate":"https:\/\/asso.unilim.fr\/fedros\/es\/?s={search_term_string}"},"query-input":{"@type":"PropertyValueSpecification","valueRequired":true,"valueName":"search_term_string"}}],"inLanguage":"it-IT"},{"@type":"Organization","@id":"https:\/\/asso.unilim.fr\/fedros\/es\/#organization","name":"F\u00e9d\u00e9ration Romane de S\u00e9miotique","url":"https:\/\/asso.unilim.fr\/fedros\/es\/","logo":{"@type":"ImageObject","inLanguage":"it-IT","@id":"https:\/\/asso.unilim.fr\/fedros\/es\/#\/schema\/logo\/image\/","url":"https:\/\/asso.unilim.fr\/fedros\/wp-content\/uploads\/sites\/12\/2020\/04\/FRSLOGO-sans-nom.png","contentUrl":"https:\/\/asso.unilim.fr\/fedros\/wp-content\/uploads\/sites\/12\/2020\/04\/FRSLOGO-sans-nom.png","width":624,"height":624,"caption":"F\u00e9d\u00e9ration Romane de S\u00e9miotique"},"image":{"@id":"https:\/\/asso.unilim.fr\/fedros\/es\/#\/schema\/logo\/image\/"},"sameAs":["https:\/\/www.facebook.com\/fedrosemioticaromanza","https:\/\/www.youtube.com\/channel\/UCaCtzbiSKoIKaZlc9DErntA"]}]}},"_links":{"self":[{"href":"https:\/\/asso.unilim.fr\/fedros\/it\/wp-json\/wp\/v2\/pages\/927","targetHints":{"allow":["GET"]}}],"collection":[{"href":"https:\/\/asso.unilim.fr\/fedros\/it\/wp-json\/wp\/v2\/pages"}],"about":[{"href":"https:\/\/asso.unilim.fr\/fedros\/it\/wp-json\/wp\/v2\/types\/page"}],"author":[{"embeddable":true,"href":"https:\/\/asso.unilim.fr\/fedros\/it\/wp-json\/wp\/v2\/users\/1"}],"replies":[{"embeddable":true,"href":"https:\/\/asso.unilim.fr\/fedros\/it\/wp-json\/wp\/v2\/comments?post=927"}],"version-history":[{"count":0,"href":"https:\/\/asso.unilim.fr\/fedros\/it\/wp-json\/wp\/v2\/pages\/927\/revisions"}],"wp:attachment":[{"href":"https:\/\/asso.unilim.fr\/fedros\/it\/wp-json\/wp\/v2\/media?parent=927"}],"curies":[{"name":"wp","href":"https:\/\/api.w.org\/{rel}","templated":true}]}}