{"id":891,"date":"2020-05-20T03:00:00","date_gmt":"2020-04-08T02:44:52","guid":{"rendered":"http:\/\/asso.unilim.fr\/fedros\/le-conseil-2\/"},"modified":"2024-01-15T11:41:30","modified_gmt":"2024-01-15T10:41:30","slug":"direttori","status":"publish","type":"page","link":"https:\/\/asso.unilim.fr\/fedros\/it\/direttori\/","title":{"rendered":"Direttori"},"content":{"rendered":"                        <div class=\"container-fluid bg-grad-right-gray-lighter ul-element-page-header \">\n                            <div class=\"container\">\n                                <div class=\"row\">\n                                    <div class=\"col-xs-12 hidden-xs text-dark\">\n                                                                            <\/div>\n                                    <div class=\"col-xs-0 hidden-xs\">\n                                                                            <\/div>\n\n                                                                            <div class=\"col-sm-12 text-dark\">\n\n                                                                                                    <h1 class=\"blog-title text-primary ul-bold\">Direttori                                                                                                            <\/h1>\n\n                                                    <br\/>\n                                                \n\n\n                                                \n                                                                                        <\/div>\n                                    \n                                <\/div>\n                            <\/div>\n                        <\/div>\n                                <div class=\"container-fluid  \" style=\"\">\n                      <div class=\"container\">\n                <div class=\"row \" style=\"margin-top: 30px;margin-bottom: 30px\">        <div class=\"col-sm-4 \">\n                    <div class=\"ul-element-image \">\n            <a href=\"https:\/\/asso.unilim.fr\/fedros\/wp-content\/uploads\/sites\/12\/2020\/04\/Foto-del-25-03-20-alle-10.25-1.jpeg\" target=\"\"  rel=\"lightbox\">\n                <img decoding=\"async\" class=\"img-responsive\" src=\"https:\/\/asso.unilim.fr\/fedros\/wp-content\/uploads\/sites\/12\/2020\/04\/Foto-del-25-03-20-alle-10.25-1.jpeg\"\/>\n            <\/a>\n        <\/div>\n                <\/div>\n                <div class=\"col-sm-8 \">\n                    <div class=\"clearfix ul-element-text \">\n            \n<h3 class=\"ul-bold\"><strong>PEZZINI, Isabella<\/strong><\/h3>\n<h4 class=\"ul-bold\">Presidente<\/h4>\n<p>Sapienza Universit\u00e0 di Roma<\/p>\n<p>Laboratorio Romano di Semiotica (LARS)<\/p>\n<p>Website:\u00a0<a href=\"http:\/\/www.isabellapezzini.it\">www.isabellapezzini.it<\/a><\/p>\n<p>Contact:\u00a0lasemioromane@gmail.com<\/p>\n        <\/div>\n                <\/div>\n        <\/div>\n            <\/div>\n                  <\/div>\n                <div class=\"container-fluid  \" style=\"\">\n                      <div class=\"container\">\n                <div class=\"row \" style=\"margin-top: 30px;margin-bottom: 30px\">        <div class=\"col-sm-4 \">\n                    <div class=\"ul-element-image \">\n            <a href=\"https:\/\/asso.unilim.fr\/fedros\/wp-content\/uploads\/sites\/12\/2020\/05\/Ana-quadrado-2.jpg\" target=\"\"  rel=\"lightbox\">\n                <img decoding=\"async\" class=\"img-responsive\" src=\"https:\/\/asso.unilim.fr\/fedros\/wp-content\/uploads\/sites\/12\/2020\/05\/Ana-quadrado-2.jpg\"\/>\n            <\/a>\n        <\/div>\n                <\/div>\n                <div class=\"col-sm-8 \">\n                    <div class=\"clearfix ul-element-text \">\n            \n<h3 class=\"ul-bold\"><strong>OLIVEIRA, Ana Claudia Alves de<\/strong><\/h3>\n<h4 class=\"ul-bold\">Vicepresidente<\/h4>\n<p>Pontif\u00edcia Universidade Cat\u00f3lica de S\u00e3o Paulo (PUC-SP)<\/p>\n<p>Centro de Pesquisas Sociossemi\u00f3ticas (CPS)<\/p>\n<p>Website:\u00a0<a href=\"http:\/\/lattes.cnpq.br\/2458418074368433\">http:\/\/lattes.cnpq.br\/2458418074368433<\/a><\/p>\n<p>Contact:\u00a0anaclaudiamei@hotmail.com<\/p>\n        <\/div>\n                <\/div>\n        <\/div>\n            <\/div>\n                  <\/div>\n                <div class=\"container-fluid  \" style=\"\">\n                      <div class=\"container\">\n                <div class=\"row \" style=\"margin-top: 30px;margin-bottom: 30px\">        <div class=\"col-sm-4 \">\n                    <div class=\"ul-element-image \">\n            <a href=\"https:\/\/asso.unilim.fr\/fedros\/wp-content\/uploads\/sites\/12\/2020\/10\/Foto-Pev.png\" target=\"\"  rel=\"lightbox\">\n                <img decoding=\"async\" class=\"img-responsive\" src=\"https:\/\/asso.unilim.fr\/fedros\/wp-content\/uploads\/sites\/12\/2020\/10\/Foto-Pev.png\"\/>\n            <\/a>\n        <\/div>\n                <\/div>\n                <div class=\"col-sm-8 \">\n                    <div class=\"clearfix ul-element-text \">\n            \n<h3 class=\"ul-bold\"><strong>PEVERINI, Paolo<\/strong><\/h3>\n<h4 class=\"ul-bold\">Segretario general<\/h4>\n<p>Universit\u00e0 Luiss &#8220;Guido Carli&#8221; (LUISS)<\/p>\n<p>Laboratorio Romano di Semiotica (LARS)<\/p>\n<p>Website:\u00a0<a href=\"http:\/\/docenti.luiss.it\/peverini\/\">http:\/\/docenti.luiss.it\/peverini\/<\/a><\/p>\n<p>Contact:\u00a0ppeverini@luiss.it<\/p>\n        <\/div>\n                <\/div>\n        <\/div>\n            <\/div>\n                  <\/div>\n                <div class=\"container-fluid  \" style=\"\">\n                      <div class=\"container\">\n                <div class=\"row \" style=\"margin-top: 30px;margin-bottom: 30px\">        <div class=\"col-sm-4 \">\n                    <div class=\"ul-element-image \">\n            <a href=\"https:\/\/asso.unilim.fr\/fedros\/wp-content\/uploads\/sites\/12\/2020\/04\/Nedret-Oztokat-Image-carre-1.jpeg\" target=\"\"  rel=\"lightbox\">\n                <img decoding=\"async\" class=\"img-responsive\" src=\"https:\/\/asso.unilim.fr\/fedros\/wp-content\/uploads\/sites\/12\/2020\/04\/Nedret-Oztokat-Image-carre-1.jpeg\"\/>\n            <\/a>\n        <\/div>\n                <\/div>\n                <div class=\"col-sm-8 \">\n                    <div class=\"clearfix ul-element-text \">\n            \n<h3 class=\"ul-bold\"><strong>KILICERI, Nedret \u00d6ztokat\u00a0<\/strong><\/h3>\n<h4 class=\"ul-bold\">Vice Segretario Generale<\/h4>\n<p><span style=\"background-color: transparent\">Universit\u00e9 d&#8217;Istanbul<\/span><\/p>\n<p><span style=\"background-color: transparent\">SemiotIST<\/span><\/p>\n<p>Website:\u00a0<a href=\"https:\/\/avesis.istanbul.edu.tr\/nedret.oztokat\/\">https:\/\/avesis.istanbul.edu.tr\/nedret.oztokat\/<\/a><\/p>\n<p>Contact:\u00a0nedretoztokat@yahoo.fr<\/p>\n        <\/div>\n                <\/div>\n        <\/div>\n            <\/div>\n                  <\/div>\n                <div class=\"container-fluid  \" style=\"\">\n                      <div class=\"container\">\n                <div class=\"row \" style=\"margin-top: 30px;margin-bottom: 30px\">        <div class=\"col-sm-4 \">\n                    <div class=\"ul-element-image \">\n            <a href=\"https:\/\/asso.unilim.fr\/fedros\/wp-content\/uploads\/sites\/12\/2024\/01\/IMG_0027.jpeg\" target=\"\"  rel=\"lightbox\">\n                <img decoding=\"async\" class=\"img-responsive\" src=\"https:\/\/asso.unilim.fr\/fedros\/wp-content\/uploads\/sites\/12\/2024\/01\/IMG_0027.jpeg\"\/>\n            <\/a>\n        <\/div>\n                <\/div>\n                <div class=\"col-sm-8 \">\n                    <div class=\"clearfix ul-element-text \">\n            \n<h3 class=\"ul-bold\"><strong>De Luca, Valeria<\/strong><\/h3>\n<h4 class=\"ul-bold\">Vice Segretario Generale<\/h4>\n<p>Universit\u00e9 de Limoges (UNILIM)<\/p>\n<p>Centre de Recherches S\u00e9miotiques (CeReS)<\/p>\n<p>Website: <a href=\"https:\/\/unilim.academia.edu\/ValeriaDeLuca\" target=\"_blank\" rel=\"noopener\">https:\/\/unilim.academia.edu\/ValeriaDeLuca<\/a><\/p>\n<p>Contact: valeria.de-luca@unilim.fr<\/p>\n        <\/div>\n                <\/div>\n        <\/div>\n            <\/div>\n                  <\/div>\n                <div class=\"container-fluid  \" style=\"\">\n                      <div class=\"container\">\n                <div class=\"row \" style=\"margin-top: 30px;margin-bottom: 30px\">        <div class=\"col-sm-4 \">\n                    <div class=\"ul-element-image \">\n            <a href=\"https:\/\/asso.unilim.fr\/fedros\/wp-content\/uploads\/sites\/12\/2024\/01\/IMG_0023-2.jpeg\" target=\"\"  rel=\"lightbox\">\n                <img decoding=\"async\" class=\"img-responsive\" src=\"https:\/\/asso.unilim.fr\/fedros\/wp-content\/uploads\/sites\/12\/2024\/01\/IMG_0023-2.jpeg\"\/>\n            <\/a>\n        <\/div>\n                <\/div>\n                <div class=\"col-sm-8 \">\n                    <div class=\"clearfix ul-element-text \">\n            \n<h3 class=\"ul-bold\"><strong>SBABO, Alexandre Provin\u00a0<\/strong><\/h3>\n<h4 class=\"ul-bold\">Tesorier<\/h4>\n<p><span style=\"background-color: transparent\">Universit\u00e9 Paris-Est Cr\u00e9teil<\/span><\/p>\n<p><span style=\"background-color: transparent\">Centre d\u2019\u00e9tude des discours, images, textes, \u00e9crits et communication (CEDITEC) \/ Centre de Recherches S\u00e9miotiques (CeReS)<\/span><\/p>\n<p>Website: <a href=\"https:\/\/u-pec.academia.edu\/AlexandreSbabo\" target=\"_blank\" rel=\"noopener\">https:\/\/u-pec.academia.edu\/AlexandreSbabo<\/a><\/p>\n<p>Contact: alexandre_sbabo@hotmail.com<\/p>\n        <\/div>\n                <\/div>\n        <\/div>\n            <\/div>\n                  <\/div>\n        \n","protected":false},"excerpt":{"rendered":"","protected":false},"author":104,"featured_media":0,"parent":0,"menu_order":0,"comment_status":"closed","ping_status":"closed","template":"page-le.php","meta":{"footnotes":""},"class_list":["post-891","page","type-page","status-publish","hentry"],"yoast_head":"<!-- This site is optimized with the Yoast SEO plugin v26.3 - https:\/\/yoast.com\/wordpress\/plugins\/seo\/ -->\n<title>Direttori - F\u00e9d\u00e9ration Romane de S\u00e9miotique<\/title>\n<meta name=\"robots\" content=\"index, follow, max-snippet:-1, max-image-preview:large, max-video-preview:-1\" \/>\n<link rel=\"canonical\" href=\"https:\/\/asso.unilim.fr\/fedros\/it\/direttori\/\" \/>\n<meta property=\"og:locale\" content=\"it_IT\" \/>\n<meta property=\"og:type\" content=\"article\" \/>\n<meta property=\"og:title\" content=\"Direttori - F\u00e9d\u00e9ration Romane de S\u00e9miotique\" \/>\n<meta property=\"og:url\" content=\"https:\/\/asso.unilim.fr\/fedros\/it\/direttori\/\" \/>\n<meta property=\"og:site_name\" content=\"F\u00e9d\u00e9ration Romane de S\u00e9miotique\" \/>\n<meta property=\"article:publisher\" content=\"https:\/\/www.facebook.com\/fedrosemioticaromanza\" \/>\n<meta property=\"article:modified_time\" content=\"2024-01-15T10:41:30+00:00\" \/>\n<meta name=\"twitter:card\" content=\"summary_large_image\" \/>\n<meta name=\"twitter:label1\" content=\"Est. reading time\" \/>\n\t<meta name=\"twitter:data1\" content=\"2 minutes\" \/>\n<script type=\"application\/ld+json\" class=\"yoast-schema-graph\">{\"@context\":\"https:\/\/schema.org\",\"@graph\":[{\"@type\":\"WebPage\",\"@id\":\"https:\/\/asso.unilim.fr\/fedros\/it\/direttori\/\",\"url\":\"https:\/\/asso.unilim.fr\/fedros\/it\/direttori\/\",\"name\":\"Direttori - F\u00e9d\u00e9ration Romane de S\u00e9miotique\",\"isPartOf\":{\"@id\":\"https:\/\/asso.unilim.fr\/fedros\/es\/#website\"},\"datePublished\":\"2020-04-08T02:44:52+00:00\",\"dateModified\":\"2024-01-15T10:41:30+00:00\",\"breadcrumb\":{\"@id\":\"https:\/\/asso.unilim.fr\/fedros\/it\/direttori\/#breadcrumb\"},\"inLanguage\":\"it-IT\",\"potentialAction\":[{\"@type\":\"ReadAction\",\"target\":[\"https:\/\/asso.unilim.fr\/fedros\/it\/direttori\/\"]}]},{\"@type\":\"BreadcrumbList\",\"@id\":\"https:\/\/asso.unilim.fr\/fedros\/it\/direttori\/#breadcrumb\",\"itemListElement\":[{\"@type\":\"ListItem\",\"position\":1,\"name\":\"Accueil\",\"item\":\"https:\/\/asso.unilim.fr\/fedros\/\"},{\"@type\":\"ListItem\",\"position\":2,\"name\":\"Direttori\"}]},{\"@type\":\"WebSite\",\"@id\":\"https:\/\/asso.unilim.fr\/fedros\/es\/#website\",\"url\":\"https:\/\/asso.unilim.fr\/fedros\/es\/\",\"name\":\"F\u00e9d\u00e9ration Romane de S\u00e9miotique\",\"description\":\"\",\"publisher\":{\"@id\":\"https:\/\/asso.unilim.fr\/fedros\/es\/#organization\"},\"potentialAction\":[{\"@type\":\"SearchAction\",\"target\":{\"@type\":\"EntryPoint\",\"urlTemplate\":\"https:\/\/asso.unilim.fr\/fedros\/es\/?s={search_term_string}\"},\"query-input\":{\"@type\":\"PropertyValueSpecification\",\"valueRequired\":true,\"valueName\":\"search_term_string\"}}],\"inLanguage\":\"it-IT\"},{\"@type\":\"Organization\",\"@id\":\"https:\/\/asso.unilim.fr\/fedros\/es\/#organization\",\"name\":\"F\u00e9d\u00e9ration Romane de S\u00e9miotique\",\"url\":\"https:\/\/asso.unilim.fr\/fedros\/es\/\",\"logo\":{\"@type\":\"ImageObject\",\"inLanguage\":\"it-IT\",\"@id\":\"https:\/\/asso.unilim.fr\/fedros\/es\/#\/schema\/logo\/image\/\",\"url\":\"https:\/\/asso.unilim.fr\/fedros\/wp-content\/uploads\/sites\/12\/2020\/04\/FRSLOGO-sans-nom.png\",\"contentUrl\":\"https:\/\/asso.unilim.fr\/fedros\/wp-content\/uploads\/sites\/12\/2020\/04\/FRSLOGO-sans-nom.png\",\"width\":624,\"height\":624,\"caption\":\"F\u00e9d\u00e9ration Romane de S\u00e9miotique\"},\"image\":{\"@id\":\"https:\/\/asso.unilim.fr\/fedros\/es\/#\/schema\/logo\/image\/\"},\"sameAs\":[\"https:\/\/www.facebook.com\/fedrosemioticaromanza\",\"https:\/\/www.youtube.com\/channel\/UCaCtzbiSKoIKaZlc9DErntA\"]}]}<\/script>\n<!-- \/ Yoast SEO plugin. -->","yoast_head_json":{"title":"Direttori - F\u00e9d\u00e9ration Romane de S\u00e9miotique","robots":{"index":"index","follow":"follow","max-snippet":"max-snippet:-1","max-image-preview":"max-image-preview:large","max-video-preview":"max-video-preview:-1"},"canonical":"https:\/\/asso.unilim.fr\/fedros\/it\/direttori\/","og_locale":"it_IT","og_type":"article","og_title":"Direttori - F\u00e9d\u00e9ration Romane de S\u00e9miotique","og_url":"https:\/\/asso.unilim.fr\/fedros\/it\/direttori\/","og_site_name":"F\u00e9d\u00e9ration Romane de S\u00e9miotique","article_publisher":"https:\/\/www.facebook.com\/fedrosemioticaromanza","article_modified_time":"2024-01-15T10:41:30+00:00","twitter_card":"summary_large_image","twitter_misc":{"Est. reading time":"2 minutes"},"schema":{"@context":"https:\/\/schema.org","@graph":[{"@type":"WebPage","@id":"https:\/\/asso.unilim.fr\/fedros\/it\/direttori\/","url":"https:\/\/asso.unilim.fr\/fedros\/it\/direttori\/","name":"Direttori - F\u00e9d\u00e9ration Romane de S\u00e9miotique","isPartOf":{"@id":"https:\/\/asso.unilim.fr\/fedros\/es\/#website"},"datePublished":"2020-04-08T02:44:52+00:00","dateModified":"2024-01-15T10:41:30+00:00","breadcrumb":{"@id":"https:\/\/asso.unilim.fr\/fedros\/it\/direttori\/#breadcrumb"},"inLanguage":"it-IT","potentialAction":[{"@type":"ReadAction","target":["https:\/\/asso.unilim.fr\/fedros\/it\/direttori\/"]}]},{"@type":"BreadcrumbList","@id":"https:\/\/asso.unilim.fr\/fedros\/it\/direttori\/#breadcrumb","itemListElement":[{"@type":"ListItem","position":1,"name":"Accueil","item":"https:\/\/asso.unilim.fr\/fedros\/"},{"@type":"ListItem","position":2,"name":"Direttori"}]},{"@type":"WebSite","@id":"https:\/\/asso.unilim.fr\/fedros\/es\/#website","url":"https:\/\/asso.unilim.fr\/fedros\/es\/","name":"F\u00e9d\u00e9ration Romane de S\u00e9miotique","description":"","publisher":{"@id":"https:\/\/asso.unilim.fr\/fedros\/es\/#organization"},"potentialAction":[{"@type":"SearchAction","target":{"@type":"EntryPoint","urlTemplate":"https:\/\/asso.unilim.fr\/fedros\/es\/?s={search_term_string}"},"query-input":{"@type":"PropertyValueSpecification","valueRequired":true,"valueName":"search_term_string"}}],"inLanguage":"it-IT"},{"@type":"Organization","@id":"https:\/\/asso.unilim.fr\/fedros\/es\/#organization","name":"F\u00e9d\u00e9ration Romane de S\u00e9miotique","url":"https:\/\/asso.unilim.fr\/fedros\/es\/","logo":{"@type":"ImageObject","inLanguage":"it-IT","@id":"https:\/\/asso.unilim.fr\/fedros\/es\/#\/schema\/logo\/image\/","url":"https:\/\/asso.unilim.fr\/fedros\/wp-content\/uploads\/sites\/12\/2020\/04\/FRSLOGO-sans-nom.png","contentUrl":"https:\/\/asso.unilim.fr\/fedros\/wp-content\/uploads\/sites\/12\/2020\/04\/FRSLOGO-sans-nom.png","width":624,"height":624,"caption":"F\u00e9d\u00e9ration Romane de S\u00e9miotique"},"image":{"@id":"https:\/\/asso.unilim.fr\/fedros\/es\/#\/schema\/logo\/image\/"},"sameAs":["https:\/\/www.facebook.com\/fedrosemioticaromanza","https:\/\/www.youtube.com\/channel\/UCaCtzbiSKoIKaZlc9DErntA"]}]}},"_links":{"self":[{"href":"https:\/\/asso.unilim.fr\/fedros\/it\/wp-json\/wp\/v2\/pages\/891","targetHints":{"allow":["GET"]}}],"collection":[{"href":"https:\/\/asso.unilim.fr\/fedros\/it\/wp-json\/wp\/v2\/pages"}],"about":[{"href":"https:\/\/asso.unilim.fr\/fedros\/it\/wp-json\/wp\/v2\/types\/page"}],"author":[{"embeddable":true,"href":"https:\/\/asso.unilim.fr\/fedros\/it\/wp-json\/wp\/v2\/users\/104"}],"replies":[{"embeddable":true,"href":"https:\/\/asso.unilim.fr\/fedros\/it\/wp-json\/wp\/v2\/comments?post=891"}],"version-history":[{"count":0,"href":"https:\/\/asso.unilim.fr\/fedros\/it\/wp-json\/wp\/v2\/pages\/891\/revisions"}],"wp:attachment":[{"href":"https:\/\/asso.unilim.fr\/fedros\/it\/wp-json\/wp\/v2\/media?parent=891"}],"curies":[{"name":"wp","href":"https:\/\/api.w.org\/{rel}","templated":true}]}}