{"id":434,"date":"2020-06-03T22:00:00","date_gmt":"2020-03-17T16:45:22","guid":{"rendered":"http:\/\/asso.unilim.fr\/fedros\/?page_id=434"},"modified":"2025-02-26T10:49:34","modified_gmt":"2025-02-26T09:49:34","slug":"centri-di-ricerca","status":"publish","type":"page","link":"https:\/\/asso.unilim.fr\/fedros\/it\/centri-di-ricerca\/","title":{"rendered":"CENTRI DI RICERCA"},"content":{"rendered":"                        <div class=\"container-fluid bg-grad-right-gray-lighter ul-element-page-header \">\n                            <div class=\"container\">\n                                <div class=\"row\">\n                                    <div class=\"col-xs-12 hidden-xs text-dark\">\n                                                                            <\/div>\n                                    <div class=\"col-xs-0 hidden-xs\">\n                                                                            <\/div>\n\n                                                                            <div class=\"col-sm-12 text-dark\">\n\n                                                                                                    <h1 class=\"blog-title text-primary ul-bold\">CENTRI DI RICERCA                                                                                                            <\/h1>\n\n                                                    <br\/>\n                                                \n\n\n                                                \n                                                                                        <\/div>\n                                    \n                                <\/div>\n                            <\/div>\n                        <\/div>\n                                <div class=\"container-fluid  \" style=\"\">\n                      <div class=\"container\">\n                <div class=\"row \" style=\"margin-top: 30px;margin-bottom: 30px\">        <div class=\"col-sm-12 \">\n                    <div class=\"ul-element-tab \">\n            <ul class=\"nav nav-tabs\" role=\"tablist\" id=\"object3189\">\n                <li class=\"active\"><a href=\"#object3242\" role=\"tab\" data-toggle=\"tab\">BELGIO<\/a><\/li><li class=\"\"><a href=\"#object3253\" role=\"tab\" data-toggle=\"tab\">BRASILE<\/a><\/li><li class=\"\"><a href=\"#object3264\" role=\"tab\" data-toggle=\"tab\">FRANCIA<\/a><\/li><li class=\"\"><a href=\"#object777\" role=\"tab\" data-toggle=\"tab\">GRECIA<\/a><\/li><li class=\"\"><a href=\"#object3275\" role=\"tab\" data-toggle=\"tab\">IRAN<\/a><\/li><li class=\"\"><a href=\"#object3286\" role=\"tab\" data-toggle=\"tab\">ITALIA<\/a><\/li><li class=\"\"><a href=\"#object3297\" role=\"tab\" data-toggle=\"tab\">LUSSEMBURGO<\/a><\/li><li class=\"\"><a href=\"#object3308\" role=\"tab\" data-toggle=\"tab\">MAROCCO<\/a><\/li><li class=\"\"><a href=\"#object3319\" role=\"tab\" data-toggle=\"tab\">MESSICO<\/a><\/li><li class=\"\"><a href=\"#object3330\" role=\"tab\" data-toggle=\"tab\">PER\u00d9<\/a><\/li><li class=\"\"><a href=\"#object3341\" role=\"tab\" data-toggle=\"tab\">TURCHIA<\/a><\/li>            <\/ul>\n            <div class=\"tab-content\">\n                <div class=\"tab-pane active\" id=\"object3242\"><strong><a href=\"https:\/\/ceserh.hypotheses.org\/\">CENTRE DE S\u00c9MIOTIQUE &amp; RH\u00c9TORIQUE (CESERH) &#8211; UNIVERSIT\u00c9 DE LI\u00c8GE<\/a><\/strong><\/div><div class=\"tab-pane \" id=\"object3253\"><strong><a href=\"https:\/\/www.pucsp.br\/cps\/\">CENTRO DE PESQUISAS SOCIOSSEMI\u00d3TICAS (CPS) &#8211; PONTIF\u00cdCIA UNIVERSIDADE CAT\u00d3LICA DE S\u00c3O PAULO<\/a><\/strong><\/p>\n<p><strong><a href=\"http:\/\/www.sedi.uff.br\">GRUPO DE PESQUISA EM SEMI\u00d3TICA E DISCURSO (SeDi) &#8211; UNIVERSIDADE FEDERAL FLUMINENSE<\/a><\/strong><\/p>\n<p><strong><a href=\"http:\/\/semiotica.fflch.usp.br\/\">GRUPO DE ESTUDOS SEMI\u00d3TICOS DA FFLCH-USP (GES-USP)<\/a><\/strong><\/p><\/div><div class=\"tab-pane \" id=\"object3264\"><strong><a href=\"https:\/\/www.unilim.fr\/ceres\/\">CENTRE DE RECHERCHES SEMIOTIQUES (CERES) &#8211; UNIVERSIT\u00c9 DE LIMOGES<\/a><\/strong><\/p>\n<p><strong><a href=\"http:\/\/icar.cnrs.fr\/recherche\/cedilles\/cedilles-landes\/\">CONFLUENCES SEMIOTIQUES, LanDES, \u00c9QUIPE CEDILLES \u2013 ICAR UNIVERSIT\u00c9 DE LYON<\/a><\/strong><\/p>\n<p><strong><a href=\"http:\/\/philosophieparisdescartes.fr\/\">GROUPE DE SEMIOTIQUE DU PHIL\u00e9POL &#8211; UNIVERSIT\u00c9 DE PARIS 5<\/a><\/strong><\/p>\n<p><strong><a href=\"https:\/\/lhe.univ-paris8.fr\/\">LITT\u00c9RATURE, HISTOIRES, ESTH\u00c9TIQUE (LHE) &#8211; UNIVERSIT\u00c9 DE PARIS 8<\/a><\/strong><\/p>\n<p><strong><a href=\"https:\/\/mica.u-bordeaux-montaigne.fr\/\">M\u00c9DIATION, INFORMATION, COMMUNICATION, ART (MICA) &#8211; UNIVERSIT\u00c9 BORDEAUX MONTAIGNE<\/a><\/strong><\/p><\/div><div class=\"tab-pane \" id=\"object777\"><p><strong><a href=\"https:\/\/semiolab.frl.auth.gr\/index.php\/en\/\" target=\"_blank\" rel=\"noopener\">SEMIOLAB &#8211; ARISTOTLE UNIVERSITY OF THESSALONIKI<\/a><\/strong><\/p><\/div><div class=\"tab-pane \" id=\"object3275\"><strong><a href=\"mailto:shairih@gmail.com\">CERCLE S\u00c9MIOTIQUE DE T\u00c9H\u00c9RAN (CRST) &#8211; UNIVERSIT\u00c9 TARBIAT MODARES<\/a><\/strong><\/div><div class=\"tab-pane \" id=\"object3286\"><strong><a href=\"https:\/\/www.semio-cross.it\/\">CENTRO DI RICERCA &#8220;OMAR CALABRESE&#8221; DI SEMIOTICA E SCIENZE DELL&#8217;IMMAGINE (CROSS) &#8211; UNIVERSIT\u00c0 DI BOLOGNA\/UNIVERSIT\u00c0 DI SIENA\/ UNIVERSIT\u00c0 IUAV DI VENEZIA<\/a><\/strong><\/p>\n<p><strong><a href=\"https:\/\/dfc.unibo.it\/it\/ricerca\">CENTRO DI STUDI INTERDISCIPLINARE SU MEMORIE E TRAUMI CULTURALI (TRAME) &#8211; UNIVERSIT\u00c0 DI BOLOGNA<\/a><\/strong><\/p>\n<p><strong><a href=\"https:\/\/www.circe.unito.it\/it\">CENTRO INTERDIPARTIMENTALE DI RICERCA SULLA COMUNICAZIONE (CIRCe) &#8211; UNIVERSIT\u00c0 DEGLI STUDI DI TORINO<\/a><\/strong><\/p>\n<p><strong><a href=\"https:\/\/semiotica.uniurb.it\/\">CENTRO INTERNAZIONALE DI SCIENZE SEMIOTICHE UMBERTO ECO (CISS) &#8211; UNIVERSIT\u00c0 DI URBINO<\/a><\/strong><\/p>\n<p><strong><a href=\"https:\/\/www.etnosemiotica.net\/\">CENTRO UNIVERSITARIO BOLOGNESE DI ETNOSEMIOTICA (CUBE) &#8211; UNIVERSIT\u00c0 DI BOLOGNA<\/a><\/strong><\/p>\n<p><strong><a href=\"https:\/\/www.circolosemiologicosiciliano.it\/\">CIRCOLO SEMIOLOGICO SICILIANO (CSS) &#8211; UNIVERSIT\u00c0 DI PALERMO<\/a><\/strong><\/p>\n<p><strong><a href=\"https:\/\/www.dce.unimore.it\/site\/home\/dipartimento\/strutture-del-dipartimento\/centri-di-ricerca-e-laboratori\/articolo900032961.html\">GRUPPO DI RICERCA UNIMORE SU MEDIA E VISUAL STUDIES &#8211; UNIVERSIT\u00c0 DEGLI STUDI DI MODENA E REGGIO EMILIA<\/a><\/strong><\/p>\n<p><strong><a href=\"https:\/\/www.facebook.com\/larsemiotica\">LABORATORIO ROMANO DI SEMIOTICA (LARS) &#8211; UNIVERSIT\u00c0 LA SAPIENZA DI ROMA<\/a><\/strong><\/div><div class=\"tab-pane \" id=\"object3297\"><strong><a href=\"https:\/\/wwwfr.uni.lu\/recherche\/fhse\/dhum\/romance_studies_media_arts\">INSTITUT D\u2019\u00c9TUDES ROMANES, M\u00c9DIAS ET ARTS (SIERMA) &#8211; UNIVERSIT\u00c9 DU LUXEMBOURG<\/a><\/strong><\/div><div class=\"tab-pane \" id=\"object3308\"><strong><a href=\"mailto:m.larouz@umi.ac.ma\">LANGAGES, TEXTES ET DISCOURS (LTED) &#8211; UNIVERSIT\u00c9 DE MEKN\u00c8S<\/a><\/strong><\/div><div class=\"tab-pane \" id=\"object3319\"><strong><a href=\"http:\/\/www.semiotica.buap.mx\/\">SEMI\u00d3TICA Y ESTUDIOS DE LA SIGNIFICACI\u00d3N BENEM\u00c9RITA (SES) &#8211; UNIVERSIDAD AUT\u00d3NOMA DE PUEBLA<\/a><\/strong><\/div><div class=\"tab-pane \" id=\"object3330\"><strong><a href=\"http:\/\/www.ulima.edu.pe\/instituto-de-investigacion-cientifica\/grupo-de-investigacion-semiotica\">GRUPO DE INVESTIGACI\u00d3N SEMI\u00d3TICA (GRIS) &#8211; UNIVERSIDAD DE LIMA<\/a><\/strong><\/div><div class=\"tab-pane \" id=\"object3341\"><strong><a href=\"mailto:semiotistamboul@gmail.com\">SEMIOTIST &#8211; UNIVERSIT\u00c9 D&#8217;ISTANBUL<\/a><\/strong><\/div>            <\/div>\n        <\/div>\n                <\/div>\n        <\/div>\n            <\/div>\n                  <\/div>\n                <div class=\"container-fluid  \" style=\"\">\n                      <div class=\"container\">\n                <div class=\"row \" style=\"margin-top: 30px;margin-bottom: 30px\">        <div class=\"col-sm-12 \">\n                    <div class=\"ul-element-image \">\n            <a href=\"https:\/\/asso.unilim.fr\/fedros\/wp-content\/uploads\/sites\/12\/2021\/02\/Infografica-Fedros.png\" target=\"\"  rel=\"lightbox\">\n                <img decoding=\"async\" class=\"img-responsive\" src=\"https:\/\/asso.unilim.fr\/fedros\/wp-content\/uploads\/sites\/12\/2021\/02\/Infografica-Fedros.png\"\/>\n            <\/a>\n        <\/div>\n                <\/div>\n        <\/div>\n            <\/div>\n                  <\/div>\n        \n","protected":false},"excerpt":{"rendered":"","protected":false},"author":104,"featured_media":0,"parent":0,"menu_order":0,"comment_status":"closed","ping_status":"closed","template":"page-le.php","meta":{"footnotes":""},"class_list":["post-434","page","type-page","status-publish","hentry"],"yoast_head":"<!-- This site is optimized with the Yoast SEO plugin v26.3 - https:\/\/yoast.com\/wordpress\/plugins\/seo\/ -->\n<title>CENTRI DI RICERCA - F\u00e9d\u00e9ration Romane de S\u00e9miotique<\/title>\n<meta name=\"robots\" content=\"index, follow, max-snippet:-1, max-image-preview:large, max-video-preview:-1\" \/>\n<link rel=\"canonical\" href=\"https:\/\/asso.unilim.fr\/fedros\/it\/centri-di-ricerca\/\" \/>\n<meta property=\"og:locale\" content=\"it_IT\" \/>\n<meta property=\"og:type\" content=\"article\" \/>\n<meta property=\"og:title\" content=\"CENTRI DI RICERCA - F\u00e9d\u00e9ration Romane de S\u00e9miotique\" \/>\n<meta property=\"og:url\" content=\"https:\/\/asso.unilim.fr\/fedros\/it\/centri-di-ricerca\/\" \/>\n<meta property=\"og:site_name\" content=\"F\u00e9d\u00e9ration Romane de S\u00e9miotique\" \/>\n<meta property=\"article:publisher\" content=\"https:\/\/www.facebook.com\/fedrosemioticaromanza\" \/>\n<meta property=\"article:modified_time\" content=\"2025-02-26T09:49:34+00:00\" \/>\n<meta name=\"twitter:card\" content=\"summary_large_image\" \/>\n<meta name=\"twitter:label1\" content=\"Est. reading time\" \/>\n\t<meta name=\"twitter:data1\" content=\"2 minutes\" \/>\n<script type=\"application\/ld+json\" class=\"yoast-schema-graph\">{\"@context\":\"https:\/\/schema.org\",\"@graph\":[{\"@type\":\"WebPage\",\"@id\":\"https:\/\/asso.unilim.fr\/fedros\/it\/centri-di-ricerca\/\",\"url\":\"https:\/\/asso.unilim.fr\/fedros\/it\/centri-di-ricerca\/\",\"name\":\"CENTRI DI RICERCA - F\u00e9d\u00e9ration Romane de S\u00e9miotique\",\"isPartOf\":{\"@id\":\"https:\/\/asso.unilim.fr\/fedros\/es\/#website\"},\"datePublished\":\"2020-03-17T16:45:22+00:00\",\"dateModified\":\"2025-02-26T09:49:34+00:00\",\"breadcrumb\":{\"@id\":\"https:\/\/asso.unilim.fr\/fedros\/it\/centri-di-ricerca\/#breadcrumb\"},\"inLanguage\":\"it-IT\",\"potentialAction\":[{\"@type\":\"ReadAction\",\"target\":[\"https:\/\/asso.unilim.fr\/fedros\/it\/centri-di-ricerca\/\"]}]},{\"@type\":\"BreadcrumbList\",\"@id\":\"https:\/\/asso.unilim.fr\/fedros\/it\/centri-di-ricerca\/#breadcrumb\",\"itemListElement\":[{\"@type\":\"ListItem\",\"position\":1,\"name\":\"Accueil\",\"item\":\"https:\/\/asso.unilim.fr\/fedros\/\"},{\"@type\":\"ListItem\",\"position\":2,\"name\":\"CENTRI DI RICERCA\"}]},{\"@type\":\"WebSite\",\"@id\":\"https:\/\/asso.unilim.fr\/fedros\/es\/#website\",\"url\":\"https:\/\/asso.unilim.fr\/fedros\/es\/\",\"name\":\"F\u00e9d\u00e9ration Romane de S\u00e9miotique\",\"description\":\"\",\"publisher\":{\"@id\":\"https:\/\/asso.unilim.fr\/fedros\/es\/#organization\"},\"potentialAction\":[{\"@type\":\"SearchAction\",\"target\":{\"@type\":\"EntryPoint\",\"urlTemplate\":\"https:\/\/asso.unilim.fr\/fedros\/es\/?s={search_term_string}\"},\"query-input\":{\"@type\":\"PropertyValueSpecification\",\"valueRequired\":true,\"valueName\":\"search_term_string\"}}],\"inLanguage\":\"it-IT\"},{\"@type\":\"Organization\",\"@id\":\"https:\/\/asso.unilim.fr\/fedros\/es\/#organization\",\"name\":\"F\u00e9d\u00e9ration Romane de S\u00e9miotique\",\"url\":\"https:\/\/asso.unilim.fr\/fedros\/es\/\",\"logo\":{\"@type\":\"ImageObject\",\"inLanguage\":\"it-IT\",\"@id\":\"https:\/\/asso.unilim.fr\/fedros\/es\/#\/schema\/logo\/image\/\",\"url\":\"https:\/\/asso.unilim.fr\/fedros\/wp-content\/uploads\/sites\/12\/2020\/04\/FRSLOGO-sans-nom.png\",\"contentUrl\":\"https:\/\/asso.unilim.fr\/fedros\/wp-content\/uploads\/sites\/12\/2020\/04\/FRSLOGO-sans-nom.png\",\"width\":624,\"height\":624,\"caption\":\"F\u00e9d\u00e9ration Romane de S\u00e9miotique\"},\"image\":{\"@id\":\"https:\/\/asso.unilim.fr\/fedros\/es\/#\/schema\/logo\/image\/\"},\"sameAs\":[\"https:\/\/www.facebook.com\/fedrosemioticaromanza\",\"https:\/\/www.youtube.com\/channel\/UCaCtzbiSKoIKaZlc9DErntA\"]}]}<\/script>\n<!-- \/ Yoast SEO plugin. -->","yoast_head_json":{"title":"CENTRI DI RICERCA - F\u00e9d\u00e9ration Romane de S\u00e9miotique","robots":{"index":"index","follow":"follow","max-snippet":"max-snippet:-1","max-image-preview":"max-image-preview:large","max-video-preview":"max-video-preview:-1"},"canonical":"https:\/\/asso.unilim.fr\/fedros\/it\/centri-di-ricerca\/","og_locale":"it_IT","og_type":"article","og_title":"CENTRI DI RICERCA - F\u00e9d\u00e9ration Romane de S\u00e9miotique","og_url":"https:\/\/asso.unilim.fr\/fedros\/it\/centri-di-ricerca\/","og_site_name":"F\u00e9d\u00e9ration Romane de S\u00e9miotique","article_publisher":"https:\/\/www.facebook.com\/fedrosemioticaromanza","article_modified_time":"2025-02-26T09:49:34+00:00","twitter_card":"summary_large_image","twitter_misc":{"Est. reading time":"2 minutes"},"schema":{"@context":"https:\/\/schema.org","@graph":[{"@type":"WebPage","@id":"https:\/\/asso.unilim.fr\/fedros\/it\/centri-di-ricerca\/","url":"https:\/\/asso.unilim.fr\/fedros\/it\/centri-di-ricerca\/","name":"CENTRI DI RICERCA - F\u00e9d\u00e9ration Romane de S\u00e9miotique","isPartOf":{"@id":"https:\/\/asso.unilim.fr\/fedros\/es\/#website"},"datePublished":"2020-03-17T16:45:22+00:00","dateModified":"2025-02-26T09:49:34+00:00","breadcrumb":{"@id":"https:\/\/asso.unilim.fr\/fedros\/it\/centri-di-ricerca\/#breadcrumb"},"inLanguage":"it-IT","potentialAction":[{"@type":"ReadAction","target":["https:\/\/asso.unilim.fr\/fedros\/it\/centri-di-ricerca\/"]}]},{"@type":"BreadcrumbList","@id":"https:\/\/asso.unilim.fr\/fedros\/it\/centri-di-ricerca\/#breadcrumb","itemListElement":[{"@type":"ListItem","position":1,"name":"Accueil","item":"https:\/\/asso.unilim.fr\/fedros\/"},{"@type":"ListItem","position":2,"name":"CENTRI DI RICERCA"}]},{"@type":"WebSite","@id":"https:\/\/asso.unilim.fr\/fedros\/es\/#website","url":"https:\/\/asso.unilim.fr\/fedros\/es\/","name":"F\u00e9d\u00e9ration Romane de S\u00e9miotique","description":"","publisher":{"@id":"https:\/\/asso.unilim.fr\/fedros\/es\/#organization"},"potentialAction":[{"@type":"SearchAction","target":{"@type":"EntryPoint","urlTemplate":"https:\/\/asso.unilim.fr\/fedros\/es\/?s={search_term_string}"},"query-input":{"@type":"PropertyValueSpecification","valueRequired":true,"valueName":"search_term_string"}}],"inLanguage":"it-IT"},{"@type":"Organization","@id":"https:\/\/asso.unilim.fr\/fedros\/es\/#organization","name":"F\u00e9d\u00e9ration Romane de S\u00e9miotique","url":"https:\/\/asso.unilim.fr\/fedros\/es\/","logo":{"@type":"ImageObject","inLanguage":"it-IT","@id":"https:\/\/asso.unilim.fr\/fedros\/es\/#\/schema\/logo\/image\/","url":"https:\/\/asso.unilim.fr\/fedros\/wp-content\/uploads\/sites\/12\/2020\/04\/FRSLOGO-sans-nom.png","contentUrl":"https:\/\/asso.unilim.fr\/fedros\/wp-content\/uploads\/sites\/12\/2020\/04\/FRSLOGO-sans-nom.png","width":624,"height":624,"caption":"F\u00e9d\u00e9ration Romane de S\u00e9miotique"},"image":{"@id":"https:\/\/asso.unilim.fr\/fedros\/es\/#\/schema\/logo\/image\/"},"sameAs":["https:\/\/www.facebook.com\/fedrosemioticaromanza","https:\/\/www.youtube.com\/channel\/UCaCtzbiSKoIKaZlc9DErntA"]}]}},"_links":{"self":[{"href":"https:\/\/asso.unilim.fr\/fedros\/it\/wp-json\/wp\/v2\/pages\/434","targetHints":{"allow":["GET"]}}],"collection":[{"href":"https:\/\/asso.unilim.fr\/fedros\/it\/wp-json\/wp\/v2\/pages"}],"about":[{"href":"https:\/\/asso.unilim.fr\/fedros\/it\/wp-json\/wp\/v2\/types\/page"}],"author":[{"embeddable":true,"href":"https:\/\/asso.unilim.fr\/fedros\/it\/wp-json\/wp\/v2\/users\/104"}],"replies":[{"embeddable":true,"href":"https:\/\/asso.unilim.fr\/fedros\/it\/wp-json\/wp\/v2\/comments?post=434"}],"version-history":[{"count":1,"href":"https:\/\/asso.unilim.fr\/fedros\/it\/wp-json\/wp\/v2\/pages\/434\/revisions"}],"predecessor-version":[{"id":10191,"href":"https:\/\/asso.unilim.fr\/fedros\/it\/wp-json\/wp\/v2\/pages\/434\/revisions\/10191"}],"wp:attachment":[{"href":"https:\/\/asso.unilim.fr\/fedros\/it\/wp-json\/wp\/v2\/media?parent=434"}],"curies":[{"name":"wp","href":"https:\/\/api.w.org\/{rel}","templated":true}]}}