{"id":928,"date":"2020-05-13T03:00:00","date_gmt":"2019-12-03T15:45:08","guid":{"rendered":"http:\/\/asso.unilim.fr\/fedros\/mentions-legales-2\/"},"modified":"2020-06-05T20:41:50","modified_gmt":"2020-06-05T18:41:50","slug":"menciones-legales","status":"publish","type":"page","link":"https:\/\/asso.unilim.fr\/fedros\/es\/menciones-legales\/","title":{"rendered":"Menciones legales"},"content":{"rendered":"        <div class=\"container-fluid  \" style=\"\">\n                      <div class=\"container\">\n                <div class=\"row \" style=\"margin-top: 30px;margin-bottom: 30px\">        <div class=\"col-md-12 \">\n                    <div class=\"clearfix ul-element-text \">\n            \n<h3>Editor, responsable de la publicaci\u00f3n<\/h3>\n<p>Este sitio web es el sitio oficial de:&nbsp;Federaci\u00f3n Rom\u00e1nica de Semi\u00f3tica<\/p>\n<h3>Director de publicaci\u00f3n<\/h3>\n<p>Alain C\u00e9l\u00e9rier , Pr\u00e9sident de l&#8217;Universit\u00e9. Contact : <a title=\"presidence@unilim.fr\" href=\"mailto:presidence@unilim.fr\" target=\"_blank\" rel=\"noopener noreferrer\" data-mce-href=\"mailto:presidence@unilim.fr\">presidence@unilim.fr<\/a><\/p>\n<h3>Responsabilidad editorial<\/h3>\n<p>Federaci\u00f3n Rom\u00e1nica de Semi\u00f3tica&nbsp;Contact :&nbsp;lasemioromane@gmail.com<\/p>\n<h3>Realizaci\u00f3n<\/h3>\n<p>Alexandre Provin Sbabo<\/p>\n<h3>Alojamiento<\/h3>\n<address><strong>Direction du Syst\u00e8me d&#8217;Information de l&#8217;Universit\u00e9 de Limoges<\/strong><br \/> 123 Av. Albert Thomas<br \/> 87060 Limoges Cedex<br \/> <abbr title=\"T\u00e9l\u00e9phone\">T\u00e9l :<\/abbr> 05 87 08 08 00 <abbr title=\"T\u00e9l\u00e9copie\">Fax :<\/abbr> 05 55 45 75 95 <strong>Courriel<\/strong><br \/> <a href=\"mailto:webmaster@unilim.fr\" target=\"_blank\" rel=\"noopener noreferrer\" data-mce-href=\"mailto:webmaster@unilim.fr\">webmaster@unilim.fr<\/a><\/address>\n<h3>Acceso al sitio<\/h3>\n<p>El usuario del sitio internet: https:\/\/asso.unilim.fr\/fedros\/es\/ reconoce disponer de la competencia y de los medios necesarios para acceder y utilizar el sitio internet.<\/p>\n<h3>Derechos de autor \u2013 Copyright<\/h3>\n<p>El conjunto de esta p\u00e1gina compete a la legislaci\u00f3n francesa e internacional sobre los derechos de autor y de la propiedad intelectual. Todos los derechos de reproducci\u00f3n est\u00e1n reservados, incluso para los documentos descargables y las representaciones iconogr\u00e1ficas y fotogr\u00e1ficas. La reproducci\u00f3n de todo o parte de este sitio en un soporte electr\u00f3nico, cualquiera que sea, est\u00e1 formalmente prohibida, salvo autorizaci\u00f3n expresa del Presidente de la universidad, que es igualmente director de publicaci\u00f3n. Puede usted escribir al Servicio Comunicaci\u00f3n, el cual se encarar\u00e1 de transmitir su petici\u00f3n y le informar\u00e1 de la respuesta del director de publicaci\u00f3n. La reproducci\u00f3n de los textos de este sitio en un soporte papel est\u00e1 autorizada, particularmente en el marco pedag\u00f3gico, bajo reserva del respeto de las tres condiciones siguientes:<\/p>\n<ul>\n<li>gratuidad de la difusi\u00f3n,<\/li>\n<li>respeto de la integridad de los documentos reproducidos : sin modificaci\u00f3n ni alteraci\u00f3n de ninguna clase,<\/li>\n<li>citaci\u00f3n clara y legible de la fuente bajo la forma siguiente, por ejemplo : \u201ceste documento proviene del sitio internet :&nbsp;https:\/\/asso.unilim.fr\/fedros\/es\/ Los derechos de reproducci\u00f3n est\u00e1n reservados y estrictamente limitados\u201d. La direcci\u00f3n internet del sitio&nbsp;Federaci\u00f3n Rom\u00e1nica de Semi\u00f3tica debe imperativamente figurar en la referencia.gratuit\u00e9 de la diffusion,<\/li>\n<\/ul>\n<p>Para otras utilizaciones, cons\u00faltenos. Los enlaces hipertexto instalados en el marco del presente sitio web en direcci\u00f3n a otras fuentes presentes en la red internet, no pueden comprometer la responsabilidad de la Universidad de Limoges. Los usuarios y visitantes del sitio web no pueden instalar un hiperenlace en direcci\u00f3n a este sitio sin la autorizaci\u00f3n escrita expresa y previa del Presidente de la Universidad de Limoges. Para ello env\u00ede un mail a com@unilim.fr o escriba a:<\/p>\n<address><strong>Monsieur le Pr\u00e9sident<\/strong><br \/> 33,Rue Fran\u00e7ois Mitterrand BP 23204<br \/> 87032 Limoges CEDEX 01<br \/><\/address>\n<h3>Publicaciones \u2013 Actualidades<\/h3>\n<p>Los documentos difundidos en versi\u00f3n electr\u00f3nica en este sitio pueden ser objeto de actualizaciones entre el momento en el que usted los ha descargado y en el que usted toma conocimiento de ellas. En consecuencia, le recomendamos verificar su validez..<\/p>\n<h3>Contenido del sitio<\/h3>\n<p>La&nbsp;Federaci\u00f3n Rom\u00e1nica de Semi\u00f3tica pone a disposici\u00f3n de los usuarios del&nbsp;sitio web&nbsp;https:\/\/asso.unilim.fr\/fedros\/es\/ informaciones y herramientas disponibles y verificadas, pero no podr\u00e1 ser tenido por responsable de los errores o de la indisponibilidad de ciertas informaciones. Agradecemos a los usuarios del sitio que nos hagan part\u00edcipes de eventuales omisiones, errores o correcciones a aportar, dirigiendo un email al administrador del sitio a la direcci\u00f3n&nbsp;lasemioromane@gmail.com.<\/p>\n        <\/div>\n                <\/div>\n        <\/div>\n            <\/div>\n                  <\/div>\n        \n","protected":false},"excerpt":{"rendered":"","protected":false},"author":1,"featured_media":0,"parent":0,"menu_order":0,"comment_status":"closed","ping_status":"closed","template":"page-le.php","meta":{"footnotes":""},"class_list":["post-928","page","type-page","status-publish","hentry"],"yoast_head":"<!-- This site is optimized with the Yoast SEO plugin v26.3 - https:\/\/yoast.com\/wordpress\/plugins\/seo\/ -->\n<title>Menciones legales - F\u00e9d\u00e9ration Romane de S\u00e9miotique<\/title>\n<meta name=\"robots\" content=\"index, follow, max-snippet:-1, max-image-preview:large, max-video-preview:-1\" \/>\n<link rel=\"canonical\" href=\"https:\/\/asso.unilim.fr\/fedros\/es\/menciones-legales\/\" \/>\n<meta property=\"og:locale\" content=\"es_ES\" \/>\n<meta property=\"og:type\" content=\"article\" \/>\n<meta property=\"og:title\" content=\"Menciones legales - F\u00e9d\u00e9ration Romane de S\u00e9miotique\" \/>\n<meta property=\"og:url\" content=\"https:\/\/asso.unilim.fr\/fedros\/es\/menciones-legales\/\" \/>\n<meta property=\"og:site_name\" content=\"F\u00e9d\u00e9ration Romane de S\u00e9miotique\" \/>\n<meta property=\"article:publisher\" content=\"https:\/\/www.facebook.com\/fedrosemioticaromanza\" \/>\n<meta property=\"article:modified_time\" content=\"2020-06-05T18:41:50+00:00\" \/>\n<meta name=\"twitter:card\" content=\"summary_large_image\" \/>\n<meta name=\"twitter:label1\" content=\"Est. reading time\" \/>\n\t<meta name=\"twitter:data1\" content=\"3 minutes\" \/>\n<script type=\"application\/ld+json\" class=\"yoast-schema-graph\">{\"@context\":\"https:\/\/schema.org\",\"@graph\":[{\"@type\":\"WebPage\",\"@id\":\"https:\/\/asso.unilim.fr\/fedros\/es\/menciones-legales\/\",\"url\":\"https:\/\/asso.unilim.fr\/fedros\/es\/menciones-legales\/\",\"name\":\"Menciones legales - F\u00e9d\u00e9ration Romane de S\u00e9miotique\",\"isPartOf\":{\"@id\":\"https:\/\/asso.unilim.fr\/fedros\/es\/#website\"},\"datePublished\":\"2019-12-03T15:45:08+00:00\",\"dateModified\":\"2020-06-05T18:41:50+00:00\",\"breadcrumb\":{\"@id\":\"https:\/\/asso.unilim.fr\/fedros\/es\/menciones-legales\/#breadcrumb\"},\"inLanguage\":\"es-ES\",\"potentialAction\":[{\"@type\":\"ReadAction\",\"target\":[\"https:\/\/asso.unilim.fr\/fedros\/es\/menciones-legales\/\"]}]},{\"@type\":\"BreadcrumbList\",\"@id\":\"https:\/\/asso.unilim.fr\/fedros\/es\/menciones-legales\/#breadcrumb\",\"itemListElement\":[{\"@type\":\"ListItem\",\"position\":1,\"name\":\"Accueil\",\"item\":\"https:\/\/asso.unilim.fr\/fedros\/\"},{\"@type\":\"ListItem\",\"position\":2,\"name\":\"Menciones legales\"}]},{\"@type\":\"WebSite\",\"@id\":\"https:\/\/asso.unilim.fr\/fedros\/es\/#website\",\"url\":\"https:\/\/asso.unilim.fr\/fedros\/es\/\",\"name\":\"F\u00e9d\u00e9ration Romane de S\u00e9miotique\",\"description\":\"\",\"publisher\":{\"@id\":\"https:\/\/asso.unilim.fr\/fedros\/es\/#organization\"},\"potentialAction\":[{\"@type\":\"SearchAction\",\"target\":{\"@type\":\"EntryPoint\",\"urlTemplate\":\"https:\/\/asso.unilim.fr\/fedros\/es\/?s={search_term_string}\"},\"query-input\":{\"@type\":\"PropertyValueSpecification\",\"valueRequired\":true,\"valueName\":\"search_term_string\"}}],\"inLanguage\":\"es-ES\"},{\"@type\":\"Organization\",\"@id\":\"https:\/\/asso.unilim.fr\/fedros\/es\/#organization\",\"name\":\"F\u00e9d\u00e9ration Romane de S\u00e9miotique\",\"url\":\"https:\/\/asso.unilim.fr\/fedros\/es\/\",\"logo\":{\"@type\":\"ImageObject\",\"inLanguage\":\"es-ES\",\"@id\":\"https:\/\/asso.unilim.fr\/fedros\/es\/#\/schema\/logo\/image\/\",\"url\":\"https:\/\/asso.unilim.fr\/fedros\/wp-content\/uploads\/sites\/12\/2020\/04\/FRSLOGO-sans-nom.png\",\"contentUrl\":\"https:\/\/asso.unilim.fr\/fedros\/wp-content\/uploads\/sites\/12\/2020\/04\/FRSLOGO-sans-nom.png\",\"width\":624,\"height\":624,\"caption\":\"F\u00e9d\u00e9ration Romane de S\u00e9miotique\"},\"image\":{\"@id\":\"https:\/\/asso.unilim.fr\/fedros\/es\/#\/schema\/logo\/image\/\"},\"sameAs\":[\"https:\/\/www.facebook.com\/fedrosemioticaromanza\",\"https:\/\/www.youtube.com\/channel\/UCaCtzbiSKoIKaZlc9DErntA\"]}]}<\/script>\n<!-- \/ Yoast SEO plugin. -->","yoast_head_json":{"title":"Menciones legales - F\u00e9d\u00e9ration Romane de S\u00e9miotique","robots":{"index":"index","follow":"follow","max-snippet":"max-snippet:-1","max-image-preview":"max-image-preview:large","max-video-preview":"max-video-preview:-1"},"canonical":"https:\/\/asso.unilim.fr\/fedros\/es\/menciones-legales\/","og_locale":"es_ES","og_type":"article","og_title":"Menciones legales - F\u00e9d\u00e9ration Romane de S\u00e9miotique","og_url":"https:\/\/asso.unilim.fr\/fedros\/es\/menciones-legales\/","og_site_name":"F\u00e9d\u00e9ration Romane de S\u00e9miotique","article_publisher":"https:\/\/www.facebook.com\/fedrosemioticaromanza","article_modified_time":"2020-06-05T18:41:50+00:00","twitter_card":"summary_large_image","twitter_misc":{"Est. reading time":"3 minutes"},"schema":{"@context":"https:\/\/schema.org","@graph":[{"@type":"WebPage","@id":"https:\/\/asso.unilim.fr\/fedros\/es\/menciones-legales\/","url":"https:\/\/asso.unilim.fr\/fedros\/es\/menciones-legales\/","name":"Menciones legales - F\u00e9d\u00e9ration Romane de S\u00e9miotique","isPartOf":{"@id":"https:\/\/asso.unilim.fr\/fedros\/es\/#website"},"datePublished":"2019-12-03T15:45:08+00:00","dateModified":"2020-06-05T18:41:50+00:00","breadcrumb":{"@id":"https:\/\/asso.unilim.fr\/fedros\/es\/menciones-legales\/#breadcrumb"},"inLanguage":"es-ES","potentialAction":[{"@type":"ReadAction","target":["https:\/\/asso.unilim.fr\/fedros\/es\/menciones-legales\/"]}]},{"@type":"BreadcrumbList","@id":"https:\/\/asso.unilim.fr\/fedros\/es\/menciones-legales\/#breadcrumb","itemListElement":[{"@type":"ListItem","position":1,"name":"Accueil","item":"https:\/\/asso.unilim.fr\/fedros\/"},{"@type":"ListItem","position":2,"name":"Menciones legales"}]},{"@type":"WebSite","@id":"https:\/\/asso.unilim.fr\/fedros\/es\/#website","url":"https:\/\/asso.unilim.fr\/fedros\/es\/","name":"F\u00e9d\u00e9ration Romane de S\u00e9miotique","description":"","publisher":{"@id":"https:\/\/asso.unilim.fr\/fedros\/es\/#organization"},"potentialAction":[{"@type":"SearchAction","target":{"@type":"EntryPoint","urlTemplate":"https:\/\/asso.unilim.fr\/fedros\/es\/?s={search_term_string}"},"query-input":{"@type":"PropertyValueSpecification","valueRequired":true,"valueName":"search_term_string"}}],"inLanguage":"es-ES"},{"@type":"Organization","@id":"https:\/\/asso.unilim.fr\/fedros\/es\/#organization","name":"F\u00e9d\u00e9ration Romane de S\u00e9miotique","url":"https:\/\/asso.unilim.fr\/fedros\/es\/","logo":{"@type":"ImageObject","inLanguage":"es-ES","@id":"https:\/\/asso.unilim.fr\/fedros\/es\/#\/schema\/logo\/image\/","url":"https:\/\/asso.unilim.fr\/fedros\/wp-content\/uploads\/sites\/12\/2020\/04\/FRSLOGO-sans-nom.png","contentUrl":"https:\/\/asso.unilim.fr\/fedros\/wp-content\/uploads\/sites\/12\/2020\/04\/FRSLOGO-sans-nom.png","width":624,"height":624,"caption":"F\u00e9d\u00e9ration Romane de S\u00e9miotique"},"image":{"@id":"https:\/\/asso.unilim.fr\/fedros\/es\/#\/schema\/logo\/image\/"},"sameAs":["https:\/\/www.facebook.com\/fedrosemioticaromanza","https:\/\/www.youtube.com\/channel\/UCaCtzbiSKoIKaZlc9DErntA"]}]}},"_links":{"self":[{"href":"https:\/\/asso.unilim.fr\/fedros\/es\/wp-json\/wp\/v2\/pages\/928","targetHints":{"allow":["GET"]}}],"collection":[{"href":"https:\/\/asso.unilim.fr\/fedros\/es\/wp-json\/wp\/v2\/pages"}],"about":[{"href":"https:\/\/asso.unilim.fr\/fedros\/es\/wp-json\/wp\/v2\/types\/page"}],"author":[{"embeddable":true,"href":"https:\/\/asso.unilim.fr\/fedros\/es\/wp-json\/wp\/v2\/users\/1"}],"replies":[{"embeddable":true,"href":"https:\/\/asso.unilim.fr\/fedros\/es\/wp-json\/wp\/v2\/comments?post=928"}],"version-history":[{"count":0,"href":"https:\/\/asso.unilim.fr\/fedros\/es\/wp-json\/wp\/v2\/pages\/928\/revisions"}],"wp:attachment":[{"href":"https:\/\/asso.unilim.fr\/fedros\/es\/wp-json\/wp\/v2\/media?parent=928"}],"curies":[{"name":"wp","href":"https:\/\/api.w.org\/{rel}","templated":true}]}}