{"id":382,"date":"2020-05-13T03:00:00","date_gmt":"2020-03-16T16:09:25","guid":{"rendered":"http:\/\/asso.unilim.fr\/fedros\/?page_id=382"},"modified":"2020-05-13T20:18:34","modified_gmt":"2020-05-13T18:18:34","slug":"legal-information","status":"publish","type":"page","link":"https:\/\/asso.unilim.fr\/fedros\/en\/legal-information\/","title":{"rendered":"Legal information"},"content":{"rendered":"        <div class=\"container-fluid  \" style=\"\">\n                      <div class=\"container\">\n                <div class=\"row \" style=\"margin-top: 30px;margin-bottom: 30px\">        <div class=\"col-md-12 \">\n                    <div class=\"clearfix ul-element-text \">\n            \n        <div class=\"container-fluid  \" style=\"\">\n                      <div class=\"container\">\n                <div class=\"row \" style=\"margin-top: 30px;margin-bottom: 30px\"><\/div>\n            <\/div>\n                  <\/div>\n                <div class=\"col-md-12 \">\n                    <\/div>\n                <div class=\"clearfix ul-element-text \">\n                    <\/div>\n        \n<h3>Publisher, Publication manager<\/h3>\n<p>This website is the official website&nbsp;:&nbsp;Romance Federation of Semiotics<\/p>\n<h3>Publication manager<\/h3>\n<p>Alain C\u00e9l\u00e9rier , Pr\u00e9sident de l&#8217;Universit\u00e9. Contact : <a title=\"presidence@unilim.fr\" href=\"mailto:presidence@unilim.fr\" target=\"_blank\" rel=\"noopener noreferrer\" data-mce-href=\"mailto:presidence@unilim.fr\">presidence@unilim.fr<\/a><\/p>\n<h3>Editorial management<\/h3>\n<p>Romance Federation of Semiotics&nbsp;Contact :&nbsp;lasemioromane@gmail.com<\/p>\n<h3>Produced by<\/h3>\n<p>Alexandre Provin Sbabo<\/p>\n<h3>Photo credits<\/h3>\n<p>Romance Federation of Semiotic<\/p>\n<h3>Hosted by<\/h3>\n<address><strong>Direction du Syst\u00e8me d&#8217;Information de l&#8217;Universit\u00e9 de Limoges<\/strong><br \/> 123 Av. Albert Thomas<br \/> 87060 Limoges Cedex<br \/> <abbr title=\"T\u00e9l\u00e9phone\">T\u00e9l :<\/abbr> 05 87 08 08 00 <abbr title=\"T\u00e9l\u00e9copie\">Fax :<\/abbr> 05 55 45 75 95 <strong>Courriel<\/strong><br \/> <a href=\"mailto:webmaster@unilim.fr\" target=\"_blank\" rel=\"noopener noreferrer\" data-mce-href=\"mailto:webmaster@unilim.fr\">webmaster@unilim.fr<\/a><\/address>\n<h3>Site access<br \/><\/h3>\n<p>The website user of this website : https:\/\/asso.unilim.fr\/fedros\/en\/&nbsp;hereby acknowledges that he possesses the skills and resources required to access this website.&nbsp;<\/p>\n<h3>Copyright<\/h3>\n<p>This entire website is covered by French and international copyright and intellectual property rights legislation. All reproduction rights are reserved, including for downloadable documents and iconographic or photographic representations. The representation of all or part of this website on any electronic medium of any form is formally prohibited unless expressly authorised by the University President, who is also the publication manager. You may write to the Communication Department who will pass on your request and will notify you of the reply from the publication manager. Reproduction of text from this website on a paper medium is authorised, particularly for educational purposes, subject to compliance with the following three conditions:<\/p>\n<p>\u2013 The said text must be distributed free of charge,<br \/>\u2013 The integrity of the reproduced document must be guaranteed: no modifications or alterations of any kind are permitted,<br \/>\u2013 A clear, legible mention of the source, (taking the following form for example): \u201cThis document has been obtained from the following website:&nbsp;https:\/\/asso.unilim.fr\/fedros\/en\/ the reproduction rights are reserved and strictly limited\u201d. The web address of the&nbsp;Romance Federation of Semiotics must imperatively be included in this reference.<\/p>\n<p>For other uses, please contact us.<br \/>The University of Limoges may not be considered liable for the hypertext links used on the website, pointing to other Internet resources. Users and visitors to the website may not establish a hypertext link to this website without the express prior written consent of the President of the University of Limoges. To obtain this, please e-mail&nbsp;com@unilim.fr &nbsp;or write to:<\/p>\n<p>The President<br \/>33, Rue Fran\u00e7ois Mitterrand BP 23204<br \/>87032 Limoges CEDEX 01<\/p>\n<h3>Publications \u2013 News<\/h3>\n<p>The documents distributed in electronic form on this website may have been updated since you downloaded them or became aware of them. Consequently, we recommend that you verify their validity.<\/p>\n<h3>Website content<\/h3>\n<p>The&nbsp;Romance Federation of Semiotics provides to the users of this website&nbsp;https:\/\/asso.unilim.fr\/fedros\/en\/ verified and available information resources but it may not be considered liable for any errors or non-availability of certain information. We request that users of the website notify us of any omissions, errors or corrections to be made, by e-mailing the webmaster for the website at the following address: lasemioromane@gmail.com.<\/p>\n        <\/div>\n                <\/div>\n        <\/div>\n            <\/div>\n                  <\/div>\n        \n","protected":false},"excerpt":{"rendered":"","protected":false},"author":104,"featured_media":0,"parent":0,"menu_order":0,"comment_status":"closed","ping_status":"closed","template":"page-le.php","meta":{"footnotes":""},"class_list":["post-382","page","type-page","status-publish","hentry"],"yoast_head":"<!-- This site is optimized with the Yoast SEO plugin v26.3 - https:\/\/yoast.com\/wordpress\/plugins\/seo\/ -->\n<title>Legal information - F\u00e9d\u00e9ration Romane de S\u00e9miotique<\/title>\n<meta name=\"robots\" content=\"index, follow, max-snippet:-1, max-image-preview:large, max-video-preview:-1\" \/>\n<link rel=\"canonical\" href=\"https:\/\/asso.unilim.fr\/fedros\/en\/legal-information\/\" \/>\n<meta property=\"og:locale\" content=\"en_US\" \/>\n<meta property=\"og:type\" content=\"article\" \/>\n<meta property=\"og:title\" content=\"Legal information - F\u00e9d\u00e9ration Romane de S\u00e9miotique\" \/>\n<meta property=\"og:url\" content=\"https:\/\/asso.unilim.fr\/fedros\/en\/legal-information\/\" \/>\n<meta property=\"og:site_name\" content=\"F\u00e9d\u00e9ration Romane de S\u00e9miotique\" \/>\n<meta property=\"article:publisher\" content=\"https:\/\/www.facebook.com\/fedrosemioticaromanza\" \/>\n<meta property=\"article:modified_time\" content=\"2020-05-13T18:18:34+00:00\" \/>\n<meta name=\"twitter:card\" content=\"summary_large_image\" \/>\n<meta name=\"twitter:label1\" content=\"Est. reading time\" \/>\n\t<meta name=\"twitter:data1\" content=\"3 minutes\" \/>\n<script type=\"application\/ld+json\" class=\"yoast-schema-graph\">{\"@context\":\"https:\/\/schema.org\",\"@graph\":[{\"@type\":\"WebPage\",\"@id\":\"https:\/\/asso.unilim.fr\/fedros\/en\/legal-information\/\",\"url\":\"https:\/\/asso.unilim.fr\/fedros\/en\/legal-information\/\",\"name\":\"Legal information - F\u00e9d\u00e9ration Romane de S\u00e9miotique\",\"isPartOf\":{\"@id\":\"https:\/\/asso.unilim.fr\/fedros\/es\/#website\"},\"datePublished\":\"2020-03-16T16:09:25+00:00\",\"dateModified\":\"2020-05-13T18:18:34+00:00\",\"breadcrumb\":{\"@id\":\"https:\/\/asso.unilim.fr\/fedros\/en\/legal-information\/#breadcrumb\"},\"inLanguage\":\"en-US\",\"potentialAction\":[{\"@type\":\"ReadAction\",\"target\":[\"https:\/\/asso.unilim.fr\/fedros\/en\/legal-information\/\"]}]},{\"@type\":\"BreadcrumbList\",\"@id\":\"https:\/\/asso.unilim.fr\/fedros\/en\/legal-information\/#breadcrumb\",\"itemListElement\":[{\"@type\":\"ListItem\",\"position\":1,\"name\":\"Accueil\",\"item\":\"https:\/\/asso.unilim.fr\/fedros\/\"},{\"@type\":\"ListItem\",\"position\":2,\"name\":\"Legal information\"}]},{\"@type\":\"WebSite\",\"@id\":\"https:\/\/asso.unilim.fr\/fedros\/es\/#website\",\"url\":\"https:\/\/asso.unilim.fr\/fedros\/es\/\",\"name\":\"F\u00e9d\u00e9ration Romane de S\u00e9miotique\",\"description\":\"\",\"publisher\":{\"@id\":\"https:\/\/asso.unilim.fr\/fedros\/es\/#organization\"},\"potentialAction\":[{\"@type\":\"SearchAction\",\"target\":{\"@type\":\"EntryPoint\",\"urlTemplate\":\"https:\/\/asso.unilim.fr\/fedros\/es\/?s={search_term_string}\"},\"query-input\":{\"@type\":\"PropertyValueSpecification\",\"valueRequired\":true,\"valueName\":\"search_term_string\"}}],\"inLanguage\":\"en-US\"},{\"@type\":\"Organization\",\"@id\":\"https:\/\/asso.unilim.fr\/fedros\/es\/#organization\",\"name\":\"F\u00e9d\u00e9ration Romane de S\u00e9miotique\",\"url\":\"https:\/\/asso.unilim.fr\/fedros\/es\/\",\"logo\":{\"@type\":\"ImageObject\",\"inLanguage\":\"en-US\",\"@id\":\"https:\/\/asso.unilim.fr\/fedros\/es\/#\/schema\/logo\/image\/\",\"url\":\"https:\/\/asso.unilim.fr\/fedros\/wp-content\/uploads\/sites\/12\/2020\/04\/FRSLOGO-sans-nom.png\",\"contentUrl\":\"https:\/\/asso.unilim.fr\/fedros\/wp-content\/uploads\/sites\/12\/2020\/04\/FRSLOGO-sans-nom.png\",\"width\":624,\"height\":624,\"caption\":\"F\u00e9d\u00e9ration Romane de S\u00e9miotique\"},\"image\":{\"@id\":\"https:\/\/asso.unilim.fr\/fedros\/es\/#\/schema\/logo\/image\/\"},\"sameAs\":[\"https:\/\/www.facebook.com\/fedrosemioticaromanza\",\"https:\/\/www.youtube.com\/channel\/UCaCtzbiSKoIKaZlc9DErntA\"]}]}<\/script>\n<!-- \/ Yoast SEO plugin. -->","yoast_head_json":{"title":"Legal information - F\u00e9d\u00e9ration Romane de S\u00e9miotique","robots":{"index":"index","follow":"follow","max-snippet":"max-snippet:-1","max-image-preview":"max-image-preview:large","max-video-preview":"max-video-preview:-1"},"canonical":"https:\/\/asso.unilim.fr\/fedros\/en\/legal-information\/","og_locale":"en_US","og_type":"article","og_title":"Legal information - F\u00e9d\u00e9ration Romane de S\u00e9miotique","og_url":"https:\/\/asso.unilim.fr\/fedros\/en\/legal-information\/","og_site_name":"F\u00e9d\u00e9ration Romane de S\u00e9miotique","article_publisher":"https:\/\/www.facebook.com\/fedrosemioticaromanza","article_modified_time":"2020-05-13T18:18:34+00:00","twitter_card":"summary_large_image","twitter_misc":{"Est. reading time":"3 minutes"},"schema":{"@context":"https:\/\/schema.org","@graph":[{"@type":"WebPage","@id":"https:\/\/asso.unilim.fr\/fedros\/en\/legal-information\/","url":"https:\/\/asso.unilim.fr\/fedros\/en\/legal-information\/","name":"Legal information - F\u00e9d\u00e9ration Romane de S\u00e9miotique","isPartOf":{"@id":"https:\/\/asso.unilim.fr\/fedros\/es\/#website"},"datePublished":"2020-03-16T16:09:25+00:00","dateModified":"2020-05-13T18:18:34+00:00","breadcrumb":{"@id":"https:\/\/asso.unilim.fr\/fedros\/en\/legal-information\/#breadcrumb"},"inLanguage":"en-US","potentialAction":[{"@type":"ReadAction","target":["https:\/\/asso.unilim.fr\/fedros\/en\/legal-information\/"]}]},{"@type":"BreadcrumbList","@id":"https:\/\/asso.unilim.fr\/fedros\/en\/legal-information\/#breadcrumb","itemListElement":[{"@type":"ListItem","position":1,"name":"Accueil","item":"https:\/\/asso.unilim.fr\/fedros\/"},{"@type":"ListItem","position":2,"name":"Legal information"}]},{"@type":"WebSite","@id":"https:\/\/asso.unilim.fr\/fedros\/es\/#website","url":"https:\/\/asso.unilim.fr\/fedros\/es\/","name":"F\u00e9d\u00e9ration Romane de S\u00e9miotique","description":"","publisher":{"@id":"https:\/\/asso.unilim.fr\/fedros\/es\/#organization"},"potentialAction":[{"@type":"SearchAction","target":{"@type":"EntryPoint","urlTemplate":"https:\/\/asso.unilim.fr\/fedros\/es\/?s={search_term_string}"},"query-input":{"@type":"PropertyValueSpecification","valueRequired":true,"valueName":"search_term_string"}}],"inLanguage":"en-US"},{"@type":"Organization","@id":"https:\/\/asso.unilim.fr\/fedros\/es\/#organization","name":"F\u00e9d\u00e9ration Romane de S\u00e9miotique","url":"https:\/\/asso.unilim.fr\/fedros\/es\/","logo":{"@type":"ImageObject","inLanguage":"en-US","@id":"https:\/\/asso.unilim.fr\/fedros\/es\/#\/schema\/logo\/image\/","url":"https:\/\/asso.unilim.fr\/fedros\/wp-content\/uploads\/sites\/12\/2020\/04\/FRSLOGO-sans-nom.png","contentUrl":"https:\/\/asso.unilim.fr\/fedros\/wp-content\/uploads\/sites\/12\/2020\/04\/FRSLOGO-sans-nom.png","width":624,"height":624,"caption":"F\u00e9d\u00e9ration Romane de S\u00e9miotique"},"image":{"@id":"https:\/\/asso.unilim.fr\/fedros\/es\/#\/schema\/logo\/image\/"},"sameAs":["https:\/\/www.facebook.com\/fedrosemioticaromanza","https:\/\/www.youtube.com\/channel\/UCaCtzbiSKoIKaZlc9DErntA"]}]}},"_links":{"self":[{"href":"https:\/\/asso.unilim.fr\/fedros\/en\/wp-json\/wp\/v2\/pages\/382","targetHints":{"allow":["GET"]}}],"collection":[{"href":"https:\/\/asso.unilim.fr\/fedros\/en\/wp-json\/wp\/v2\/pages"}],"about":[{"href":"https:\/\/asso.unilim.fr\/fedros\/en\/wp-json\/wp\/v2\/types\/page"}],"author":[{"embeddable":true,"href":"https:\/\/asso.unilim.fr\/fedros\/en\/wp-json\/wp\/v2\/users\/104"}],"replies":[{"embeddable":true,"href":"https:\/\/asso.unilim.fr\/fedros\/en\/wp-json\/wp\/v2\/comments?post=382"}],"version-history":[{"count":0,"href":"https:\/\/asso.unilim.fr\/fedros\/en\/wp-json\/wp\/v2\/pages\/382\/revisions"}],"wp:attachment":[{"href":"https:\/\/asso.unilim.fr\/fedros\/en\/wp-json\/wp\/v2\/media?parent=382"}],"curies":[{"name":"wp","href":"https:\/\/api.w.org\/{rel}","templated":true}]}}