{"id":55,"date":"2018-10-15T09:45:49","date_gmt":"2018-10-15T09:45:49","guid":{"rendered":"http:\/\/asso.unilim.fr\/fablab19\/nos-partenaires\/"},"modified":"2018-10-15T12:05:25","modified_gmt":"2018-10-15T10:05:25","slug":"nos-partenaires","status":"publish","type":"page","link":"https:\/\/asso.unilim.fr\/fablab19\/nos-partenaires\/","title":{"rendered":"Nos partenaires"},"content":{"rendered":"        <div class=\"container-fluid  \" style=\"\">\n                      <div class=\"container\">\n                <div class=\"row \" style=\"margin-top: 30px;margin-bottom: 30px\">        <div class=\"col-sm-6 \">\n            \n        \n        <div class=\"ul-element-header text-left  \">\n\n            <h2 class=\"ul-bold  bg-primary\" style=\"padding:10px;\">\n                                LES PARTENAIRES ET GROUPES D\u2019ACTEURS ASSOCIES                            <\/h2>\n        <\/div>\n                <div class=\"clearfix ul-element-text \">\n            \n<p>L\u2019Universit\u00e9 de Limoges et l&rsquo;IUT du Limousin : contribuent&nbsp; \u00e0&nbsp; la structuration&nbsp; globale&nbsp; du&nbsp; projet&nbsp; en&nbsp; focalisant&nbsp; leur&nbsp; attention&nbsp; sur&nbsp; le&nbsp; volet \u00ab \u00e9tudiant\/formation \u00bb : identification des&nbsp; besoins et des attentes, organisation et co\u00fbt du projet.<\/p>\n<p>L\u2019agence&nbsp; EDF&nbsp; \u00ab une&nbsp; rivi\u00e8re,&nbsp; un&nbsp; territoire&nbsp; DEVELOPPEMENT \u00bb&nbsp;&nbsp; Vall\u00e9e&nbsp; de&nbsp; la Dordogne, La Chambre de Commerce et d\u2019Industrie de la Corr\u00e8ze: contribuent&nbsp; \u00e0&nbsp; l\u2019int\u00e9gration&nbsp; d\u2019entreprises&nbsp; locales&nbsp; et&nbsp; participent&nbsp; \u00e0&nbsp; la structuration&nbsp; global&nbsp; du&nbsp; projet&nbsp; en&nbsp; focalisant&nbsp; leur&nbsp; attention&nbsp; sur&nbsp; le&nbsp; volet \u00ab entreprises \u00bb :&nbsp; identification&nbsp; des&nbsp; besoins&nbsp; et&nbsp; des&nbsp; attentes,&nbsp; organisation et&nbsp; co\u00fbt du projet.<\/p>\n<p>Le p\u00f4le de comp\u00e9titivit\u00e9 Elopsys: mobilis\u00e9 afin&nbsp; d\u2019apporter&nbsp; son&nbsp; expertise&nbsp; au&nbsp; projet&nbsp; et&nbsp; de&nbsp; favoriser&nbsp; le&nbsp; rayonnement&nbsp; de l\u2019initiative.<\/p>\n<p>&nbsp;<\/p>\n<p>&nbsp;<\/p>\n<p><\/p>\n<p><\/p>\n        <\/div>\n                <\/div>\n                <div class=\"col-sm-6 \">\n            \n        \n        <div class=\"ul-element-header text-left  \">\n\n            <h2 class=\"ul-bold  bg-primary\" style=\"padding:10px;\">\n                                Partenaires financiers                            <\/h2>\n        <\/div>\n                <div class=\"clearfix ul-element-text \">\n            \n<p><\/p>\n<p style=\"padding-left: 30px\"><strong>La r\u00e9gion Limousin <\/strong><br \/><strong>La CGPME <\/strong><br \/><strong>Le CFASUP&nbsp;<\/strong> <\/p>\n<p><\/p>\n<p><\/p>\n        <\/div>\n                <\/div>\n        <\/div>\n            <\/div>\n                  <\/div>\n        \n","protected":false},"excerpt":{"rendered":"","protected":false},"author":89,"featured_media":0,"parent":0,"menu_order":0,"comment_status":"closed","ping_status":"closed","template":"page-le.php","meta":{"footnotes":""},"class_list":["post-55","page","type-page","status-publish","hentry"],"yoast_head":"<!-- This site is optimized with the Yoast SEO plugin v26.3 - https:\/\/yoast.com\/wordpress\/plugins\/seo\/ -->\n<title>Nos partenaires - FABLAB19<\/title>\n<meta name=\"robots\" content=\"index, follow, max-snippet:-1, max-image-preview:large, max-video-preview:-1\" \/>\n<link rel=\"canonical\" href=\"https:\/\/asso.unilim.fr\/fablab19\/nos-partenaires\/\" \/>\n<meta property=\"og:locale\" content=\"fr_FR\" \/>\n<meta property=\"og:type\" content=\"article\" \/>\n<meta property=\"og:title\" content=\"Nos partenaires - FABLAB19\" \/>\n<meta property=\"og:url\" content=\"https:\/\/asso.unilim.fr\/fablab19\/nos-partenaires\/\" \/>\n<meta property=\"og:site_name\" content=\"FABLAB19\" \/>\n<meta property=\"article:modified_time\" content=\"2018-10-15T10:05:25+00:00\" \/>\n<meta name=\"twitter:card\" content=\"summary_large_image\" \/>\n<meta name=\"twitter:label1\" content=\"Dur\u00e9e de lecture estim\u00e9e\" \/>\n\t<meta name=\"twitter:data1\" content=\"1 minute\" \/>\n<script type=\"application\/ld+json\" class=\"yoast-schema-graph\">{\"@context\":\"https:\/\/schema.org\",\"@graph\":[{\"@type\":\"WebPage\",\"@id\":\"https:\/\/asso.unilim.fr\/fablab19\/nos-partenaires\/\",\"url\":\"https:\/\/asso.unilim.fr\/fablab19\/nos-partenaires\/\",\"name\":\"Nos partenaires - FABLAB19\",\"isPartOf\":{\"@id\":\"https:\/\/asso.unilim.fr\/fablab19\/#website\"},\"datePublished\":\"2018-10-15T09:45:49+00:00\",\"dateModified\":\"2018-10-15T10:05:25+00:00\",\"breadcrumb\":{\"@id\":\"https:\/\/asso.unilim.fr\/fablab19\/nos-partenaires\/#breadcrumb\"},\"inLanguage\":\"fr-FR\",\"potentialAction\":[{\"@type\":\"ReadAction\",\"target\":[\"https:\/\/asso.unilim.fr\/fablab19\/nos-partenaires\/\"]}]},{\"@type\":\"BreadcrumbList\",\"@id\":\"https:\/\/asso.unilim.fr\/fablab19\/nos-partenaires\/#breadcrumb\",\"itemListElement\":[{\"@type\":\"ListItem\",\"position\":1,\"name\":\"Accueil\",\"item\":\"https:\/\/asso.unilim.fr\/fablab19\/\"},{\"@type\":\"ListItem\",\"position\":2,\"name\":\"Nos partenaires\"}]},{\"@type\":\"WebSite\",\"@id\":\"https:\/\/asso.unilim.fr\/fablab19\/#website\",\"url\":\"https:\/\/asso.unilim.fr\/fablab19\/\",\"name\":\"FABLAB19\",\"description\":\"Fablab19 source de r\u00e9ussites\",\"potentialAction\":[{\"@type\":\"SearchAction\",\"target\":{\"@type\":\"EntryPoint\",\"urlTemplate\":\"https:\/\/asso.unilim.fr\/fablab19\/?s={search_term_string}\"},\"query-input\":{\"@type\":\"PropertyValueSpecification\",\"valueRequired\":true,\"valueName\":\"search_term_string\"}}],\"inLanguage\":\"fr-FR\"}]}<\/script>\n<!-- \/ Yoast SEO plugin. -->","yoast_head_json":{"title":"Nos partenaires - FABLAB19","robots":{"index":"index","follow":"follow","max-snippet":"max-snippet:-1","max-image-preview":"max-image-preview:large","max-video-preview":"max-video-preview:-1"},"canonical":"https:\/\/asso.unilim.fr\/fablab19\/nos-partenaires\/","og_locale":"fr_FR","og_type":"article","og_title":"Nos partenaires - FABLAB19","og_url":"https:\/\/asso.unilim.fr\/fablab19\/nos-partenaires\/","og_site_name":"FABLAB19","article_modified_time":"2018-10-15T10:05:25+00:00","twitter_card":"summary_large_image","twitter_misc":{"Dur\u00e9e de lecture estim\u00e9e":"1 minute"},"schema":{"@context":"https:\/\/schema.org","@graph":[{"@type":"WebPage","@id":"https:\/\/asso.unilim.fr\/fablab19\/nos-partenaires\/","url":"https:\/\/asso.unilim.fr\/fablab19\/nos-partenaires\/","name":"Nos partenaires - FABLAB19","isPartOf":{"@id":"https:\/\/asso.unilim.fr\/fablab19\/#website"},"datePublished":"2018-10-15T09:45:49+00:00","dateModified":"2018-10-15T10:05:25+00:00","breadcrumb":{"@id":"https:\/\/asso.unilim.fr\/fablab19\/nos-partenaires\/#breadcrumb"},"inLanguage":"fr-FR","potentialAction":[{"@type":"ReadAction","target":["https:\/\/asso.unilim.fr\/fablab19\/nos-partenaires\/"]}]},{"@type":"BreadcrumbList","@id":"https:\/\/asso.unilim.fr\/fablab19\/nos-partenaires\/#breadcrumb","itemListElement":[{"@type":"ListItem","position":1,"name":"Accueil","item":"https:\/\/asso.unilim.fr\/fablab19\/"},{"@type":"ListItem","position":2,"name":"Nos partenaires"}]},{"@type":"WebSite","@id":"https:\/\/asso.unilim.fr\/fablab19\/#website","url":"https:\/\/asso.unilim.fr\/fablab19\/","name":"FABLAB19","description":"Fablab19 source de r\u00e9ussites","potentialAction":[{"@type":"SearchAction","target":{"@type":"EntryPoint","urlTemplate":"https:\/\/asso.unilim.fr\/fablab19\/?s={search_term_string}"},"query-input":{"@type":"PropertyValueSpecification","valueRequired":true,"valueName":"search_term_string"}}],"inLanguage":"fr-FR"}]}},"_links":{"self":[{"href":"https:\/\/asso.unilim.fr\/fablab19\/wp-json\/wp\/v2\/pages\/55","targetHints":{"allow":["GET"]}}],"collection":[{"href":"https:\/\/asso.unilim.fr\/fablab19\/wp-json\/wp\/v2\/pages"}],"about":[{"href":"https:\/\/asso.unilim.fr\/fablab19\/wp-json\/wp\/v2\/types\/page"}],"author":[{"embeddable":true,"href":"https:\/\/asso.unilim.fr\/fablab19\/wp-json\/wp\/v2\/users\/89"}],"replies":[{"embeddable":true,"href":"https:\/\/asso.unilim.fr\/fablab19\/wp-json\/wp\/v2\/comments?post=55"}],"version-history":[{"count":0,"href":"https:\/\/asso.unilim.fr\/fablab19\/wp-json\/wp\/v2\/pages\/55\/revisions"}],"wp:attachment":[{"href":"https:\/\/asso.unilim.fr\/fablab19\/wp-json\/wp\/v2\/media?parent=55"}],"curies":[{"name":"wp","href":"https:\/\/api.w.org\/{rel}","templated":true}]}}