{"id":301,"date":"2020-08-28T00:00:00","date_gmt":"2019-02-07T00:00:00","guid":{"rendered":"http:\/\/asso.unilim.fr\/fablab19\/equipements\/charge-active\/"},"modified":"2021-04-13T16:30:38","modified_gmt":"2021-04-13T14:30:38","slug":"charge-active","status":"publish","type":"page","link":"https:\/\/asso.unilim.fr\/fablab19\/equipements\/charge-active\/","title":{"rendered":"Charge Active"},"content":{"rendered":"        <div class=\"container-fluid  \" style=\"\">\n                      <div class=\"container\">\n                <div class=\"row \" style=\"margin-top: 30px;margin-bottom: 30px\">        <div class=\"col-sm-8 \">\n                    <div class=\"\">\n                        <div class=\"panel panel-primary\">\n                              <div class=\"panel-heading\">\n                    <h3 class=\"panel-title\"><i class=\"fa fa-fw fa-line-chart\"><\/i>Charge Active 40A<\/h3>\n                <\/div>\n                              <div class=\"panel-body\">\n                  \n<h4 class=\"ul-bold\">Cet appareil est destin&eacute; &agrave; tester les alimentations&nbsp; basse tension.<\/h4>\n<p>Il remplace avantageusement les r&eacute;sistances de puissance que l&rsquo;on utilise habituellement&nbsp;pour tester la r&eacute;gulation ou la limitation en intensit&eacute; d&rsquo;une alimentation. Le mode Modul&eacute; permet une analyse du comportement en dynamique.&nbsp;<\/p>\n<h3 class=\"ul-bold\">Pour une utilisation sans risque de ce dipositif&nbsp; merci de prendre contact avec le concepteur Thierry A.<\/h3>\n<p>on<a href=\"https:\/\/www.unilim.fr\/fablab19\/wp-content\/uploads\/sites\/8\/2019\/02\/ChargeActiveAvelino.jpg\" class=\"\"><img loading=\"lazy\" decoding=\"async\" alt=\"\" src=\"https:\/\/www.unilim.fr\/fablab19\/wp-content\/uploads\/sites\/8\/2019\/02\/ChargeActiveAvelino.jpg\" class=\"alignnone wp-image-299\" width=\"626\" height=\"435\" srcset=\"https:\/\/www.unilim.fr\/fablab19\/wp-content\/uploads\/sites\/8\/2019\/02\/ChargeActiveAvelino.jpg 1089w, https:\/\/www.unilim.fr\/fablab19\/wp-content\/uploads\/sites\/8\/2019\/02\/ChargeActiveAvelino-300x209.jpg 300w, https:\/\/www.unilim.fr\/fablab19\/wp-content\/uploads\/sites\/8\/2019\/02\/ChargeActiveAvelino-768x534.jpg 768w, https:\/\/www.unilim.fr\/fablab19\/wp-content\/uploads\/sites\/8\/2019\/02\/ChargeActiveAvelino-1024x712.jpg 1024w\" sizes=\"auto, (max-width: 626px) 100vw, 626px\" \/><\/a><\/p>\n                <\/div>\n                          <\/div>\n                    <\/div>\n                <\/div>\n                <div class=\"col-sm-4 \">\n                    <div class=\"ul-element-image \">\n            <a href=\"https:\/\/www.unilim.fr\/fablab19\/wp-content\/uploads\/sites\/8\/2019\/02\/ChargeActiveAvelino1.jpg\" target=\"\"  rel=\"lightbox\">\n                <img decoding=\"async\" class=\"img-responsive\" src=\"https:\/\/www.unilim.fr\/fablab19\/wp-content\/uploads\/sites\/8\/2019\/02\/ChargeActiveAvelino1.jpg\"\/>\n            <\/a>\n        <\/div>\n                <div class=\"\">\n                        <div class=\"panel panel-primary\">\n                              <div class=\"panel-heading\">\n                    <h3 class=\"panel-title\"><i class=\"fa fa-fw fa-file-pdf-o\"><\/i>Documents \u00e0 t\u00e9l\u00e9charger<\/h3>\n                <\/div>\n                              <div class=\"panel-body\">\n                  \n<p>Fiche technique et manuel utilisateur de la .<a href=\"https:\/\/www.unilim.fr\/fablab19\/wp-content\/uploads\/sites\/8\/2019\/02\/ChargeActiveAvelino.pdf\" target=\"_blank\" rel=\"noopener noreferrer\">Charge Active<\/a><\/p>\n<p>Dossier technique&nbsp; <a href=\"https:\/\/www.unilim.fr\/fablab19\/wp-content\/uploads\/sites\/8\/2020\/08\/Dossier_ChargeActive.pdf\" target=\"_blank\" rel=\"noopener noreferrer\">( Dossier complet )<\/a><\/p>\n                <\/div>\n                          <\/div>\n                    <\/div>\n                <div class=\"\">\n                        <div class=\"panel panel-primary\">\n                              <div class=\"panel-heading\">\n                    <h3 class=\"panel-title\"><i class=\"fa fa-fw fa-\"><\/i>Notice utilisateur<\/h3>\n                <\/div>\n                              <div class=\"panel-body\">\n                  \n<h4 class=\"ul-bold\">Le commutateur de fonctions comporte trois positions.<\/h4>\n<h4 class=\"ul-bold\">1 &#8211; R&eacute;sistance constante<\/h4>\n<p>La tension de r&eacute;f&eacute;rence permettant d&rsquo;obtenir la tension de consigne est la tension d&rsquo;entr&eacute;e donn&eacute;e par l&rsquo;alimentation sous<br \/>test. Si cette derni&egrave;re varie, la consigne varie, entra&icirc;nant une variation de courant dans les m&ecirc;mes proportions : DU \/ DI =<br \/>R. La charge se comporte comme une r&eacute;sistance de valeur fixe, choisie par les potentiom&egrave;tres de consigne.<\/p>\n<h4 class=\"ul-bold\">2 &#8211; Courant constant<\/h4>\n<p>La tension de consigne est fix&eacute;e par une r&eacute;f&eacute;rence de tension constante. Le courant impos&eacute; par la charge &agrave; l&rsquo;alimentation<br \/>sous test est donc constant, et ind&eacute;pendant de la tension pr&eacute;sent&eacute;e par celle-ci.<br \/>Un voltm&egrave;tre connect&eacute; &agrave; la prise BNC situ&eacute;e dans la partie inf&eacute;rieure droite de la face avant, permet de r&eacute;gler, si besoin, le<br \/>d&eacute;bit avant que l&rsquo;alimentation sous test ne soit raccord&eacute;e. La tension sur cette sortie repr&eacute;sente le d&eacute;bit au taux de 5 A \/ V.<br \/>Un commutateur et deux prises 2mm permettent d&rsquo;effectuer la mesure de la tension aux bornes de l&rsquo;alimentation sous<br \/>test, la chute de tension dans les c&acirc;bles de liaison &eacute;tant ainsi ignor&eacute;e.<\/p>\n<h4 class=\"ul-bold\">3 &#8211; Courant modul&eacute;<\/h4>\n<p>La tension de consigne est pr&eacute;lev&eacute;e &agrave; la sortie d&rsquo;un g&eacute;n&eacute;rateur pouvant d&eacute;livrer un signal rectangulaire ou triangulaire.<br \/>Trois potentiom&egrave;tres d&eacute;terminent son amplitude, son offset et sa fr&eacute;quence. Un oscilloscope connect&eacute; &agrave; la prise BNC<br \/>inf&eacute;rieure droite permettra de visualiser le r&eacute;gime du d&eacute;bit impos&eacute; &agrave; l&rsquo;alimentation sous test (toujours au taux de 5A \/ V)<br \/>avant la connexion de celle-ci. A noter que les potentiom&egrave;tres de consigne sont toujours actifs dans cette<br \/>configuration.<br \/>La visualisation de la variation DU de la tension pr&eacute;sent&eacute;e par l&rsquo;alimentation sous test permettra, pour un DI connu, de<br \/>calculer sa r&eacute;sistance dynamique r = DU \/ DI, ainsi que d&rsquo;appr&eacute;cier le comportement de sa r&eacute;gulation<br \/>(suroscillations, overshoot, etc).<\/p>\n                <\/div>\n                          <\/div>\n                    <\/div>\n                <\/div>\n        <\/div>\n            <\/div>\n                  <\/div>\n        \n","protected":false},"excerpt":{"rendered":"","protected":false},"author":89,"featured_media":306,"parent":111,"menu_order":0,"comment_status":"closed","ping_status":"closed","template":"page-le.php","meta":{"footnotes":""},"class_list":["post-301","page","type-page","status-publish","has-post-thumbnail","hentry"],"yoast_head":"<!-- This site is optimized with the Yoast SEO plugin v26.3 - https:\/\/yoast.com\/wordpress\/plugins\/seo\/ -->\n<title>Charge Active - FABLAB19<\/title>\n<meta name=\"robots\" content=\"index, follow, max-snippet:-1, max-image-preview:large, max-video-preview:-1\" \/>\n<link rel=\"canonical\" href=\"https:\/\/asso.unilim.fr\/fablab19\/equipements\/charge-active\/\" \/>\n<meta property=\"og:locale\" content=\"fr_FR\" \/>\n<meta property=\"og:type\" content=\"article\" \/>\n<meta property=\"og:title\" content=\"Charge Active - FABLAB19\" \/>\n<meta property=\"og:url\" content=\"https:\/\/asso.unilim.fr\/fablab19\/equipements\/charge-active\/\" \/>\n<meta property=\"og:site_name\" content=\"FABLAB19\" \/>\n<meta property=\"article:modified_time\" content=\"2021-04-13T14:30:38+00:00\" \/>\n<meta property=\"og:image\" content=\"https:\/\/www.unilim.fr\/fablab19\/wp-content\/uploads\/sites\/8\/2019\/02\/ChargeActiveAvelino1.jpg\" \/>\n\t<meta property=\"og:image:width\" content=\"1106\" \/>\n\t<meta property=\"og:image:height\" content=\"739\" \/>\n\t<meta property=\"og:image:type\" content=\"image\/jpeg\" \/>\n<meta name=\"twitter:card\" content=\"summary_large_image\" \/>\n<meta name=\"twitter:label1\" content=\"Dur\u00e9e de lecture estim\u00e9e\" \/>\n\t<meta name=\"twitter:data1\" content=\"3 minutes\" \/>\n<script type=\"application\/ld+json\" class=\"yoast-schema-graph\">{\"@context\":\"https:\/\/schema.org\",\"@graph\":[{\"@type\":\"WebPage\",\"@id\":\"https:\/\/asso.unilim.fr\/fablab19\/equipements\/charge-active\/\",\"url\":\"https:\/\/asso.unilim.fr\/fablab19\/equipements\/charge-active\/\",\"name\":\"Charge Active - FABLAB19\",\"isPartOf\":{\"@id\":\"https:\/\/asso.unilim.fr\/fablab19\/#website\"},\"primaryImageOfPage\":{\"@id\":\"https:\/\/asso.unilim.fr\/fablab19\/equipements\/charge-active\/#primaryimage\"},\"image\":{\"@id\":\"https:\/\/asso.unilim.fr\/fablab19\/equipements\/charge-active\/#primaryimage\"},\"thumbnailUrl\":\"https:\/\/www.unilim.fr\/fablab19\/wp-content\/uploads\/sites\/8\/2019\/02\/ChargeActiveAvelino1.jpg\",\"datePublished\":\"2019-02-07T00:00:00+00:00\",\"dateModified\":\"2021-04-13T14:30:38+00:00\",\"breadcrumb\":{\"@id\":\"https:\/\/asso.unilim.fr\/fablab19\/equipements\/charge-active\/#breadcrumb\"},\"inLanguage\":\"fr-FR\",\"potentialAction\":[{\"@type\":\"ReadAction\",\"target\":[\"https:\/\/asso.unilim.fr\/fablab19\/equipements\/charge-active\/\"]}]},{\"@type\":\"ImageObject\",\"inLanguage\":\"fr-FR\",\"@id\":\"https:\/\/asso.unilim.fr\/fablab19\/equipements\/charge-active\/#primaryimage\",\"url\":\"https:\/\/www.unilim.fr\/fablab19\/wp-content\/uploads\/sites\/8\/2019\/02\/ChargeActiveAvelino1.jpg\",\"contentUrl\":\"https:\/\/www.unilim.fr\/fablab19\/wp-content\/uploads\/sites\/8\/2019\/02\/ChargeActiveAvelino1.jpg\",\"width\":1106,\"height\":739},{\"@type\":\"BreadcrumbList\",\"@id\":\"https:\/\/asso.unilim.fr\/fablab19\/equipements\/charge-active\/#breadcrumb\",\"itemListElement\":[{\"@type\":\"ListItem\",\"position\":1,\"name\":\"Accueil\",\"item\":\"https:\/\/asso.unilim.fr\/fablab19\/\"},{\"@type\":\"ListItem\",\"position\":2,\"name\":\"Equipements\",\"item\":\"https:\/\/asso.unilim.fr\/fablab19\/equipements\/\"},{\"@type\":\"ListItem\",\"position\":3,\"name\":\"Charge Active\"}]},{\"@type\":\"WebSite\",\"@id\":\"https:\/\/asso.unilim.fr\/fablab19\/#website\",\"url\":\"https:\/\/asso.unilim.fr\/fablab19\/\",\"name\":\"FABLAB19\",\"description\":\"Fablab19 source de r\u00e9ussites\",\"potentialAction\":[{\"@type\":\"SearchAction\",\"target\":{\"@type\":\"EntryPoint\",\"urlTemplate\":\"https:\/\/asso.unilim.fr\/fablab19\/?s={search_term_string}\"},\"query-input\":{\"@type\":\"PropertyValueSpecification\",\"valueRequired\":true,\"valueName\":\"search_term_string\"}}],\"inLanguage\":\"fr-FR\"}]}<\/script>\n<!-- \/ Yoast SEO plugin. -->","yoast_head_json":{"title":"Charge Active - FABLAB19","robots":{"index":"index","follow":"follow","max-snippet":"max-snippet:-1","max-image-preview":"max-image-preview:large","max-video-preview":"max-video-preview:-1"},"canonical":"https:\/\/asso.unilim.fr\/fablab19\/equipements\/charge-active\/","og_locale":"fr_FR","og_type":"article","og_title":"Charge Active - FABLAB19","og_url":"https:\/\/asso.unilim.fr\/fablab19\/equipements\/charge-active\/","og_site_name":"FABLAB19","article_modified_time":"2021-04-13T14:30:38+00:00","og_image":[{"width":1106,"height":739,"url":"https:\/\/www.unilim.fr\/fablab19\/wp-content\/uploads\/sites\/8\/2019\/02\/ChargeActiveAvelino1.jpg","type":"image\/jpeg"}],"twitter_card":"summary_large_image","twitter_misc":{"Dur\u00e9e de lecture estim\u00e9e":"3 minutes"},"schema":{"@context":"https:\/\/schema.org","@graph":[{"@type":"WebPage","@id":"https:\/\/asso.unilim.fr\/fablab19\/equipements\/charge-active\/","url":"https:\/\/asso.unilim.fr\/fablab19\/equipements\/charge-active\/","name":"Charge Active - FABLAB19","isPartOf":{"@id":"https:\/\/asso.unilim.fr\/fablab19\/#website"},"primaryImageOfPage":{"@id":"https:\/\/asso.unilim.fr\/fablab19\/equipements\/charge-active\/#primaryimage"},"image":{"@id":"https:\/\/asso.unilim.fr\/fablab19\/equipements\/charge-active\/#primaryimage"},"thumbnailUrl":"https:\/\/www.unilim.fr\/fablab19\/wp-content\/uploads\/sites\/8\/2019\/02\/ChargeActiveAvelino1.jpg","datePublished":"2019-02-07T00:00:00+00:00","dateModified":"2021-04-13T14:30:38+00:00","breadcrumb":{"@id":"https:\/\/asso.unilim.fr\/fablab19\/equipements\/charge-active\/#breadcrumb"},"inLanguage":"fr-FR","potentialAction":[{"@type":"ReadAction","target":["https:\/\/asso.unilim.fr\/fablab19\/equipements\/charge-active\/"]}]},{"@type":"ImageObject","inLanguage":"fr-FR","@id":"https:\/\/asso.unilim.fr\/fablab19\/equipements\/charge-active\/#primaryimage","url":"https:\/\/www.unilim.fr\/fablab19\/wp-content\/uploads\/sites\/8\/2019\/02\/ChargeActiveAvelino1.jpg","contentUrl":"https:\/\/www.unilim.fr\/fablab19\/wp-content\/uploads\/sites\/8\/2019\/02\/ChargeActiveAvelino1.jpg","width":1106,"height":739},{"@type":"BreadcrumbList","@id":"https:\/\/asso.unilim.fr\/fablab19\/equipements\/charge-active\/#breadcrumb","itemListElement":[{"@type":"ListItem","position":1,"name":"Accueil","item":"https:\/\/asso.unilim.fr\/fablab19\/"},{"@type":"ListItem","position":2,"name":"Equipements","item":"https:\/\/asso.unilim.fr\/fablab19\/equipements\/"},{"@type":"ListItem","position":3,"name":"Charge Active"}]},{"@type":"WebSite","@id":"https:\/\/asso.unilim.fr\/fablab19\/#website","url":"https:\/\/asso.unilim.fr\/fablab19\/","name":"FABLAB19","description":"Fablab19 source de r\u00e9ussites","potentialAction":[{"@type":"SearchAction","target":{"@type":"EntryPoint","urlTemplate":"https:\/\/asso.unilim.fr\/fablab19\/?s={search_term_string}"},"query-input":{"@type":"PropertyValueSpecification","valueRequired":true,"valueName":"search_term_string"}}],"inLanguage":"fr-FR"}]}},"_links":{"self":[{"href":"https:\/\/asso.unilim.fr\/fablab19\/wp-json\/wp\/v2\/pages\/301","targetHints":{"allow":["GET"]}}],"collection":[{"href":"https:\/\/asso.unilim.fr\/fablab19\/wp-json\/wp\/v2\/pages"}],"about":[{"href":"https:\/\/asso.unilim.fr\/fablab19\/wp-json\/wp\/v2\/types\/page"}],"author":[{"embeddable":true,"href":"https:\/\/asso.unilim.fr\/fablab19\/wp-json\/wp\/v2\/users\/89"}],"replies":[{"embeddable":true,"href":"https:\/\/asso.unilim.fr\/fablab19\/wp-json\/wp\/v2\/comments?post=301"}],"version-history":[{"count":0,"href":"https:\/\/asso.unilim.fr\/fablab19\/wp-json\/wp\/v2\/pages\/301\/revisions"}],"up":[{"embeddable":true,"href":"https:\/\/asso.unilim.fr\/fablab19\/wp-json\/wp\/v2\/pages\/111"}],"wp:featuredmedia":[{"embeddable":true,"href":"https:\/\/asso.unilim.fr\/fablab19\/wp-json\/wp\/v2\/media\/306"}],"wp:attachment":[{"href":"https:\/\/asso.unilim.fr\/fablab19\/wp-json\/wp\/v2\/media?parent=301"}],"curies":[{"name":"wp","href":"https:\/\/api.w.org\/{rel}","templated":true}]}}