{"id":278,"date":"2019-01-25T00:00:00","date_gmt":"2019-01-25T00:00:00","guid":{"rendered":"http:\/\/asso.unilim.fr\/fablab19\/camera-thermique\/"},"modified":"2020-06-24T16:06:04","modified_gmt":"2020-06-24T14:06:04","slug":"camera-thermique","status":"publish","type":"page","link":"https:\/\/asso.unilim.fr\/fablab19\/camera-thermique\/","title":{"rendered":"Camera thermique"},"content":{"rendered":"        <div class=\"container-fluid  \" style=\"\">\n                      <div class=\"container\">\n                <div class=\"row \" style=\"margin-top: 30px;margin-bottom: 30px\">        <div class=\"col-sm-6 \">\n                    <div class=\"\">\n                        <div class=\"panel panel-primary\">\n                              <div class=\"panel-heading\">\n                    <h3 class=\"panel-title\"><i class=\"fa fa-fw fa-\"><\/i>Camera infrarouge - FLIR E50<\/h3>\n                <\/div>\n                              <div class=\"panel-body\">\n                  \n<p><a href=\"https:\/\/www.unilim.fr\/fablab19\/wp-content\/uploads\/sites\/8\/2020\/06\/camera_flir.jpg\" class=\"\"><img loading=\"lazy\" decoding=\"async\" alt=\"\" src=\"https:\/\/www.unilim.fr\/fablab19\/wp-content\/uploads\/sites\/8\/2020\/06\/camera_flir.jpg\" class=\"alignnone wp-image-638\" style=\"float: left\" width=\"141\" height=\"104\" srcset=\"https:\/\/www.unilim.fr\/fablab19\/wp-content\/uploads\/sites\/8\/2020\/06\/camera_flir.jpg 341w, https:\/\/www.unilim.fr\/fablab19\/wp-content\/uploads\/sites\/8\/2020\/06\/camera_flir-300x221.jpg 300w\" sizes=\"auto, (max-width: 141px) 100vw, 141px\" \/><\/a>Appareil utilisable sous conditions<br \/>L&rsquo;appareil&nbsp; offre une plage de temp&eacute;ratures de -20 &deg;C &agrave; +650 &deg;C (-4 &agrave; +1 202 &deg;F) avec une pr&eacute;cision de &plusmn;2 %. La r&eacute;solution de 240 x 180 pixels offre une qualit&eacute; d&rsquo;image infrarouge int&eacute;ressante&nbsp; et une cam&eacute;ra num&eacute;rique de 3 m&eacute;gapixels fournit des incrustations d&rsquo;images fixes permettant la superposition des images visibles et thermiques pour faciliter l&rsquo;identification.<\/p>\n<p>Affichage : &eacute;cran tactile, LCD 3,5&Prime;, 320 &acute; 240 pixels<br \/>R&eacute;solution IR : 240 x 180 pixels<br \/>R&eacute;solution MSX : 320 x 240 pixels<br \/>Champ de vision (FOV) : 25 &deg; x 19 &deg;<br \/>Fr&eacute;quence d&rsquo;images : 60 Hz<br \/>Pr&eacute;cision : 2 %<br \/>Zoom : zoom num&eacute;rique 2 x et 4 x, y compris la fonction panoramique<br \/>Interfaces : USB mini-B, USB-A, Bluetooth, Wi-Fi, vid&eacute;o composite<br \/>Autonomie de la batterie : 4 heures environ<\/p>\n<\/p>\n                <\/div>\n                          <\/div>\n                    <\/div>\n                <\/div>\n                <div class=\"col-sm-6 \">\n                    <div class=\"\">\n                        <div class=\"panel panel-primary\">\n                              <div class=\"panel-heading\">\n                    <h3 class=\"panel-title\"><i class=\"fa fa-fw fa-\"><\/i>Param\u00e8tres d'\u00e9missivit\u00e9s<\/h3>\n                <\/div>\n                              <div class=\"panel-body\">\n                  \n<p>Retrouver&nbsp; le tableau complet sur&nbsp; L<a href=\"http:\/\/www.thethermograpiclibrary.org\/index.php?title=Tableau_%C3%A9missivit%C3%A9s_en_thermographie\" target=\"_blank\" rel=\"noopener noreferrer\">e site WEB Thermographic librairy<\/a><\/p>\n<h2><span class=\"mw-headline\" id=\"Tableau_r.C3.A9capitulatif_des_.C3.A9missivit.C3.A9s_en_thermographie_infrarouge\"> Tableau r&eacute;capitulatif des &eacute;missivit&eacute;s en thermographie infrarouge<\/span><\/h2>\n<p>Pierre brute propre0.85-0.938 &#8211; 104<\/p>\n<table class=\"tinymce-table-class\">\n<tbody>\n<tr>\n<th scope=\"col\">Description du mat&eacute;riau<\/th>\n<th scope=\"col\">&Eacute;missivit&eacute; report&eacute;e<\/th>\n<th scope=\"col\">Longueur d&rsquo;onde &micro;m<\/th>\n<\/tr>\n<tr>\n<td>Acier doux<\/td>\n<td>0.20 &#8211; 0.32<\/td>\n<td><\/td>\n<\/tr>\n<tr>\n<td>Acier inoxydable (boulon)<\/td>\n<td>0.32<\/td>\n<td>3.4 &#8211; 5<\/td>\n<\/tr>\n<tr>\n<td>Acier inoxydable oxyd&eacute; &agrave; 800&deg;C<\/td>\n<td>0.85<\/td>\n<td><\/td>\n<\/tr>\n<tr>\n<td>Acier oxyd&eacute;<\/td>\n<td>0.7 &#8211; 0.9<\/td>\n<td><\/td>\n<\/tr>\n<tr>\n<td>Acier poli<\/td>\n<td>0.07<\/td>\n<td><\/td>\n<\/tr>\n<tr>\n<td>Acier doux terni<\/td>\n<td>0.70<\/td>\n<td>3.4 &#8211; 5<\/td>\n<\/tr>\n<tr>\n<td>Alumine<\/td>\n<td>0.8<\/td>\n<td><\/td>\n<\/tr>\n<tr>\n<td>Clinquant d&rsquo;aluminium<\/td>\n<td>0.04<\/td>\n<td><\/td>\n<\/tr>\n<tr>\n<td>Feuille d&rsquo;aluminium<\/td>\n<td>0.09 \/ 0.04<\/td>\n<td>3 \/ 10<\/td>\n<\/tr>\n<tr>\n<td>Aluminium anodis&eacute;<\/td>\n<td>0.77<\/td>\n<td><\/td>\n<\/tr>\n<tr>\n<td>Aluminium abras&eacute;<\/td>\n<td>0.83 &#8211; 0.94<\/td>\n<td>2 &#8211; 5.6<\/td>\n<\/tr>\n<tr>\n<td>Aluminium oxyd&eacute;<\/td>\n<td>0.2 &#8211; 0.55<\/td>\n<td>3.4 &#8211; 5<\/td>\n<\/tr>\n<tr>\n<td>Bois dur dans le sens des fibres<\/td>\n<td>0.68 &#8211; 0.73<\/td>\n<td>2 &#8211; 5.6<\/td>\n<\/tr>\n<tr>\n<td>Bois naturel<\/td>\n<td>0.90 &#8211; 0.95<\/td>\n<td><\/td>\n<\/tr>\n<tr>\n<td>Bois de ch&ecirc;ne<\/td>\n<td>0.90<\/td>\n<td><\/td>\n<\/tr>\n<tr>\n<td>Bois vernis<\/td>\n<td>0.93<\/td>\n<td>3.4-5<\/td>\n<\/tr>\n<tr>\n<td>Brique &agrave; l&rsquo;argile (r&eacute;fractaire)<\/td>\n<td>0.59 &#8211; 0.85<\/td>\n<td>2 &#8211; 5.6<\/td>\n<\/tr>\n<tr>\n<td>Brique d&rsquo;alumine<\/td>\n<td>0.68<\/td>\n<td>2 &#8211; 5.6<\/td>\n<\/tr>\n<tr>\n<td>Brique commune \/ vitrifi&eacute;e<\/td>\n<td>0.81 &#8211; 0.86<\/td>\n<td>2 -5.6<\/td>\n<\/tr>\n<tr>\n<td>Brique &agrave; ma&ccedil;onner<\/td>\n<td>0.94<\/td>\n<td>5<\/td>\n<\/tr>\n<tr>\n<td>Brique flamm&eacute;e<\/td>\n<td>0.88<\/td>\n<td>8 &#8211; 14<\/td>\n<\/tr>\n<tr>\n<td>Brique rouge<\/td>\n<td>0.9 &#8211; 0.93<\/td>\n<td><\/td>\n<\/tr>\n<tr>\n<td>Bronze poli<\/td>\n<td>0.1<\/td>\n<td><\/td>\n<\/tr>\n<tr>\n<td>Bronze poreux\/rugueux<\/td>\n<td>0.55<\/td>\n<td>8 &#8211; 14<\/td>\n<\/tr>\n<tr>\n<td>Cadmium<\/td>\n<td>0.02<\/td>\n<td><\/td>\n<\/tr>\n<tr>\n<td>Calcaire<\/td>\n<td>0.95 &#8211; 0.96<\/td>\n<td>5<\/td>\n<\/tr>\n<tr>\n<td>Caoutchouc<\/td>\n<td>0.95<\/td>\n<td>8 &#8211; 14<\/td>\n<\/tr>\n<tr>\n<td>Cuivre d&eacute;pos&eacute; &eacute;lectriquement<\/td>\n<td>0.03<\/td>\n<td>8 &#8211; 14<\/td>\n<\/tr>\n<tr>\n<td>Cuivre poli<\/td>\n<td>0.023 &#8211; 0.052<\/td>\n<td>8 &#8211; 14<\/td>\n<\/tr>\n<tr>\n<td>Cuivre recuit<\/td>\n<td>0.07<\/td>\n<td>8 &#8211; 14<\/td>\n<\/tr>\n<tr>\n<td>Eau<\/td>\n<td>0.95 &#8211; 0.963<\/td>\n<td><\/td>\n<\/tr>\n<tr>\n<td>&Eacute;tain<\/td>\n<td>0.05 &#8211; 0.07<\/td>\n<td>8 &#8211; 14<\/td>\n<\/tr>\n<tr>\n<td>Fer forg&eacute; lisse<\/td>\n<td>0.30<\/td>\n<td><\/td>\n<\/tr>\n<tr>\n<td>Fer forg&eacute; terne<\/td>\n<td>0.70<\/td>\n<td><\/td>\n<\/tr>\n<tr>\n<td>Fer en lingot rugueux<\/td>\n<td>0.87 &#8211; 0.95<\/td>\n<td>8 &#8211; 14<\/td>\n<\/tr>\n<tr>\n<td>Fer oxyd&eacute;<\/td>\n<td>0.5 &#8211; 0.9<\/td>\n<td>8 &#8211; 14<\/td>\n<\/tr>\n<tr>\n<td>Fer lamin&eacute;<\/td>\n<td>0.77<\/td>\n<td>8 &#8211; 14<\/td>\n<\/tr>\n<tr>\n<td>Fer poli<\/td>\n<td>0.14 &#8211; 0.38<\/td>\n<td><\/td>\n<\/tr>\n<tr>\n<td>Fer rouill&eacute;<\/td>\n<td>0.61<\/td>\n<td>2 &#8211; 5.6<\/td>\n<\/tr>\n<tr>\n<td>Fibre de verre<\/td>\n<td>0.750<\/td>\n<td><\/td>\n<\/tr>\n<tr>\n<td>Peau humaine<\/td>\n<td>0.98<\/td>\n<td>8 &#8211; 14<\/td>\n<td><\/td>\n<\/tr>\n<tr>\n<td>Peinture aluminium<\/td>\n<td>0.45<\/td>\n<td><\/td>\n<\/tr>\n<tr>\n<td>Peinture blanche<\/td>\n<td>0.77<\/td>\n<td>3.4 &#8211; 5<\/td>\n<\/tr>\n<tr>\n<td>PVC pour gaine de c&acirc;bles<\/td>\n<td>0.95<\/td>\n<td>3.4 &#8211; 5<\/td>\n<\/tr>\n<tr>\n<td>PVC<\/td>\n<td>0.91<\/td>\n<td>8 &#8211; 14<\/td>\n<\/tr>\n<tr>\n<td>Zinc poli<\/td>\n<td>0.03<\/td>\n<td><\/td>\n<\/tr>\n<\/tbody>\n<\/table>\n                <\/div>\n                          <\/div>\n                    <\/div>\n                <\/div>\n        <\/div>\n            <\/div>\n                  <\/div>\n        \n","protected":false},"excerpt":{"rendered":"","protected":false},"author":89,"featured_media":638,"parent":0,"menu_order":0,"comment_status":"closed","ping_status":"closed","template":"page-le.php","meta":{"footnotes":""},"class_list":["post-278","page","type-page","status-publish","has-post-thumbnail","hentry"],"yoast_head":"<!-- This site is optimized with the Yoast SEO plugin v26.3 - https:\/\/yoast.com\/wordpress\/plugins\/seo\/ -->\n<title>Camera thermique - FABLAB19<\/title>\n<meta name=\"robots\" content=\"index, follow, max-snippet:-1, max-image-preview:large, max-video-preview:-1\" \/>\n<link rel=\"canonical\" href=\"https:\/\/asso.unilim.fr\/fablab19\/camera-thermique\/\" \/>\n<meta property=\"og:locale\" content=\"fr_FR\" \/>\n<meta property=\"og:type\" content=\"article\" \/>\n<meta property=\"og:title\" content=\"Camera thermique - FABLAB19\" \/>\n<meta property=\"og:url\" content=\"https:\/\/asso.unilim.fr\/fablab19\/camera-thermique\/\" \/>\n<meta property=\"og:site_name\" content=\"FABLAB19\" \/>\n<meta property=\"article:modified_time\" content=\"2020-06-24T14:06:04+00:00\" \/>\n<meta property=\"og:image\" content=\"https:\/\/www.unilim.fr\/fablab19\/wp-content\/uploads\/sites\/8\/2020\/06\/camera_flir.jpg\" \/>\n\t<meta property=\"og:image:width\" content=\"341\" \/>\n\t<meta property=\"og:image:height\" content=\"251\" \/>\n\t<meta property=\"og:image:type\" content=\"image\/jpeg\" \/>\n<meta name=\"twitter:card\" content=\"summary_large_image\" \/>\n<meta name=\"twitter:label1\" content=\"Dur\u00e9e de lecture estim\u00e9e\" \/>\n\t<meta name=\"twitter:data1\" content=\"2 minutes\" \/>\n<script type=\"application\/ld+json\" class=\"yoast-schema-graph\">{\"@context\":\"https:\/\/schema.org\",\"@graph\":[{\"@type\":\"WebPage\",\"@id\":\"https:\/\/asso.unilim.fr\/fablab19\/camera-thermique\/\",\"url\":\"https:\/\/asso.unilim.fr\/fablab19\/camera-thermique\/\",\"name\":\"Camera thermique - FABLAB19\",\"isPartOf\":{\"@id\":\"https:\/\/asso.unilim.fr\/fablab19\/#website\"},\"primaryImageOfPage\":{\"@id\":\"https:\/\/asso.unilim.fr\/fablab19\/camera-thermique\/#primaryimage\"},\"image\":{\"@id\":\"https:\/\/asso.unilim.fr\/fablab19\/camera-thermique\/#primaryimage\"},\"thumbnailUrl\":\"https:\/\/www.unilim.fr\/fablab19\/wp-content\/uploads\/sites\/8\/2020\/06\/camera_flir.jpg\",\"datePublished\":\"2019-01-25T00:00:00+00:00\",\"dateModified\":\"2020-06-24T14:06:04+00:00\",\"breadcrumb\":{\"@id\":\"https:\/\/asso.unilim.fr\/fablab19\/camera-thermique\/#breadcrumb\"},\"inLanguage\":\"fr-FR\",\"potentialAction\":[{\"@type\":\"ReadAction\",\"target\":[\"https:\/\/asso.unilim.fr\/fablab19\/camera-thermique\/\"]}]},{\"@type\":\"ImageObject\",\"inLanguage\":\"fr-FR\",\"@id\":\"https:\/\/asso.unilim.fr\/fablab19\/camera-thermique\/#primaryimage\",\"url\":\"https:\/\/www.unilim.fr\/fablab19\/wp-content\/uploads\/sites\/8\/2020\/06\/camera_flir.jpg\",\"contentUrl\":\"https:\/\/www.unilim.fr\/fablab19\/wp-content\/uploads\/sites\/8\/2020\/06\/camera_flir.jpg\",\"width\":341,\"height\":251},{\"@type\":\"BreadcrumbList\",\"@id\":\"https:\/\/asso.unilim.fr\/fablab19\/camera-thermique\/#breadcrumb\",\"itemListElement\":[{\"@type\":\"ListItem\",\"position\":1,\"name\":\"Accueil\",\"item\":\"https:\/\/asso.unilim.fr\/fablab19\/\"},{\"@type\":\"ListItem\",\"position\":2,\"name\":\"Camera thermique\"}]},{\"@type\":\"WebSite\",\"@id\":\"https:\/\/asso.unilim.fr\/fablab19\/#website\",\"url\":\"https:\/\/asso.unilim.fr\/fablab19\/\",\"name\":\"FABLAB19\",\"description\":\"Fablab19 source de r\u00e9ussites\",\"potentialAction\":[{\"@type\":\"SearchAction\",\"target\":{\"@type\":\"EntryPoint\",\"urlTemplate\":\"https:\/\/asso.unilim.fr\/fablab19\/?s={search_term_string}\"},\"query-input\":{\"@type\":\"PropertyValueSpecification\",\"valueRequired\":true,\"valueName\":\"search_term_string\"}}],\"inLanguage\":\"fr-FR\"}]}<\/script>\n<!-- \/ Yoast SEO plugin. -->","yoast_head_json":{"title":"Camera thermique - FABLAB19","robots":{"index":"index","follow":"follow","max-snippet":"max-snippet:-1","max-image-preview":"max-image-preview:large","max-video-preview":"max-video-preview:-1"},"canonical":"https:\/\/asso.unilim.fr\/fablab19\/camera-thermique\/","og_locale":"fr_FR","og_type":"article","og_title":"Camera thermique - FABLAB19","og_url":"https:\/\/asso.unilim.fr\/fablab19\/camera-thermique\/","og_site_name":"FABLAB19","article_modified_time":"2020-06-24T14:06:04+00:00","og_image":[{"width":341,"height":251,"url":"https:\/\/www.unilim.fr\/fablab19\/wp-content\/uploads\/sites\/8\/2020\/06\/camera_flir.jpg","type":"image\/jpeg"}],"twitter_card":"summary_large_image","twitter_misc":{"Dur\u00e9e de lecture estim\u00e9e":"2 minutes"},"schema":{"@context":"https:\/\/schema.org","@graph":[{"@type":"WebPage","@id":"https:\/\/asso.unilim.fr\/fablab19\/camera-thermique\/","url":"https:\/\/asso.unilim.fr\/fablab19\/camera-thermique\/","name":"Camera thermique - FABLAB19","isPartOf":{"@id":"https:\/\/asso.unilim.fr\/fablab19\/#website"},"primaryImageOfPage":{"@id":"https:\/\/asso.unilim.fr\/fablab19\/camera-thermique\/#primaryimage"},"image":{"@id":"https:\/\/asso.unilim.fr\/fablab19\/camera-thermique\/#primaryimage"},"thumbnailUrl":"https:\/\/www.unilim.fr\/fablab19\/wp-content\/uploads\/sites\/8\/2020\/06\/camera_flir.jpg","datePublished":"2019-01-25T00:00:00+00:00","dateModified":"2020-06-24T14:06:04+00:00","breadcrumb":{"@id":"https:\/\/asso.unilim.fr\/fablab19\/camera-thermique\/#breadcrumb"},"inLanguage":"fr-FR","potentialAction":[{"@type":"ReadAction","target":["https:\/\/asso.unilim.fr\/fablab19\/camera-thermique\/"]}]},{"@type":"ImageObject","inLanguage":"fr-FR","@id":"https:\/\/asso.unilim.fr\/fablab19\/camera-thermique\/#primaryimage","url":"https:\/\/www.unilim.fr\/fablab19\/wp-content\/uploads\/sites\/8\/2020\/06\/camera_flir.jpg","contentUrl":"https:\/\/www.unilim.fr\/fablab19\/wp-content\/uploads\/sites\/8\/2020\/06\/camera_flir.jpg","width":341,"height":251},{"@type":"BreadcrumbList","@id":"https:\/\/asso.unilim.fr\/fablab19\/camera-thermique\/#breadcrumb","itemListElement":[{"@type":"ListItem","position":1,"name":"Accueil","item":"https:\/\/asso.unilim.fr\/fablab19\/"},{"@type":"ListItem","position":2,"name":"Camera thermique"}]},{"@type":"WebSite","@id":"https:\/\/asso.unilim.fr\/fablab19\/#website","url":"https:\/\/asso.unilim.fr\/fablab19\/","name":"FABLAB19","description":"Fablab19 source de r\u00e9ussites","potentialAction":[{"@type":"SearchAction","target":{"@type":"EntryPoint","urlTemplate":"https:\/\/asso.unilim.fr\/fablab19\/?s={search_term_string}"},"query-input":{"@type":"PropertyValueSpecification","valueRequired":true,"valueName":"search_term_string"}}],"inLanguage":"fr-FR"}]}},"_links":{"self":[{"href":"https:\/\/asso.unilim.fr\/fablab19\/wp-json\/wp\/v2\/pages\/278","targetHints":{"allow":["GET"]}}],"collection":[{"href":"https:\/\/asso.unilim.fr\/fablab19\/wp-json\/wp\/v2\/pages"}],"about":[{"href":"https:\/\/asso.unilim.fr\/fablab19\/wp-json\/wp\/v2\/types\/page"}],"author":[{"embeddable":true,"href":"https:\/\/asso.unilim.fr\/fablab19\/wp-json\/wp\/v2\/users\/89"}],"replies":[{"embeddable":true,"href":"https:\/\/asso.unilim.fr\/fablab19\/wp-json\/wp\/v2\/comments?post=278"}],"version-history":[{"count":0,"href":"https:\/\/asso.unilim.fr\/fablab19\/wp-json\/wp\/v2\/pages\/278\/revisions"}],"wp:featuredmedia":[{"embeddable":true,"href":"https:\/\/asso.unilim.fr\/fablab19\/wp-json\/wp\/v2\/media\/638"}],"wp:attachment":[{"href":"https:\/\/asso.unilim.fr\/fablab19\/wp-json\/wp\/v2\/media?parent=278"}],"curies":[{"name":"wp","href":"https:\/\/api.w.org\/{rel}","templated":true}]}}