{"id":111,"date":"2024-01-25T23:00:00","date_gmt":"2018-10-17T07:36:10","guid":{"rendered":"http:\/\/asso.unilim.fr\/fablab19\/equipements\/"},"modified":"2024-05-14T11:05:06","modified_gmt":"2024-05-14T09:05:06","slug":"equipements","status":"publish","type":"page","link":"https:\/\/asso.unilim.fr\/fablab19\/equipements\/","title":{"rendered":"Equipements"},"content":{"rendered":"        <div class=\"container-fluid  \" style=\"\">\n                      <div class=\"container\">\n                <div class=\"row \" style=\"margin-top: 30px;margin-bottom: 30px\">        <div class=\"col-sm-7 \">\n                    <div class=\"\">\n                        <div class=\"panel panel-warning\">\n                              <div class=\"panel-heading\">\n                    <h3 class=\"panel-title\"><i class=\"fa fa-fw fa-calendar\"><\/i>R\u00e9servation mat\u00e9riel<\/h3>\n                <\/div>\n                              <div class=\"panel-body\">\n                  \n<p><strong>Le service de r&eacute;servation<\/strong> est limit&eacute; aux adh&eacute;rents form&eacute;s &agrave; l&rsquo;utilisation du mat&eacute;riel<\/p>\n<p><strong><a href=\"https:\/\/docs.google.com\/spreadsheets\/d\/1fNvQdES3unCGf3Gv3g5HD497xVlbGd_E6jiOXiXgJ68\/edit?usp=sharing\" target=\"_blank\" rel=\"noopener noreferrer\">Tableau Excel de r&eacute;servation<\/a><\/strong><\/p>\n<\/p>\n                <\/div>\n                          <\/div>\n                    <\/div>\n                <div class=\"\">\n                        <div class=\"panel panel-primary\">\n                              <div class=\"panel-heading\">\n                    <h3 class=\"panel-title\"><i class=\"fa fa-fw fa-cogs\"><\/i>Equipements du fablab19<\/h3>\n                <\/div>\n                              <div class=\"panel-body\">\n                  \n<h5 class=\"ul-bold\"><a href=\"https:\/\/www.unilim.fr\/fablab19\/wp-content\/uploads\/sites\/8\/2018\/10\/imprimante3D.jpg\" class=\"\"><img loading=\"lazy\" decoding=\"async\" alt=\"\" src=\"https:\/\/www.unilim.fr\/fablab19\/wp-content\/uploads\/sites\/8\/2018\/10\/imprimante3D-300x221.jpg\" class=\"alignnone wp-image-117\" style=\"float: right\" width=\"300\" height=\"221\" srcset=\"https:\/\/www.unilim.fr\/fablab19\/wp-content\/uploads\/sites\/8\/2018\/10\/imprimante3D-300x221.jpg 300w, https:\/\/www.unilim.fr\/fablab19\/wp-content\/uploads\/sites\/8\/2018\/10\/imprimante3D-768x567.jpg 768w, https:\/\/www.unilim.fr\/fablab19\/wp-content\/uploads\/sites\/8\/2018\/10\/imprimante3D.jpg 848w\" sizes=\"auto, (max-width: 300px) 100vw, 300px\" \/><\/a>Depuis sa cr&eacute;ation le Fablab19 s&rsquo;est dot&eacute; d&rsquo;un certain nombre d&rsquo;&eacute;quipements.<\/h5>\n<ul>\n<li>Gravure m&eacute;canique et Table CNC<\/li>\n<li>Impression 3D<\/li>\n<li>Outils informatiques<\/li>\n<li>Espace soudage<\/li>\n<li>Usinage et d&eacute;coupe Laser<\/li>\n<li>Mesure et tests<\/li>\n<li>D&eacute;coupe &agrave; fil chaud<\/li>\n<li>Thermoformeuse<\/li>\n<li>Charge Active<\/li>\n<li>D&eacute;coupe vinyle<\/li>\n<li>A&eacute;rographe<\/li>\n<\/ul>\n<p>&nbsp;Retrouvez une fiche pour chacune&nbsp; des rubriques dans le menu <strong>Equipements<\/strong><\/p>\n<p><span style=\"text-decoration: underline\"><strong>_________________________________________________<\/strong><\/span><\/p>\n<p class=\"ul-bold\"><span style=\"text-decoration: underline\"><strong>Note aux &nbsp; Adh&eacute;rents:<\/strong><\/span> <em>Attention , l&rsquo;utilisation des&nbsp; machines n&eacute;cessite une formation afin d&rsquo;assurer la s&eacute;curit&eacute; de tous et d&rsquo;&eacute;viter la casse.&nbsp;<\/em><\/p>\n<h3 class=\"ul-bold\"><em> N&rsquo;essayez donc pas&nbsp; de vous lancer seul sans l&rsquo;encadrement d&rsquo;un ancien ayant la connaissance et l&rsquo;exp&eacute;rience de nos machines.! Merci<\/em><\/h3>\n<\/p>\n<p>&nbsp;<\/p>\n<\/p>\n                <\/div>\n                          <\/div>\n                    <\/div>\n                <\/div>\n                <div class=\"col-sm-5 \">\n                    <div class=\"clearfix ul-element-text \">\n            \n<h4 class=\"ul-bold\">Vous \u00eates adh\u00e9rent et souhaitez contacter un manager&nbsp; concernant un \u00e9quipement ? <br \/><\/h4>\n<p><strong>Utilisez ce formulaire.<\/strong><\/p>\n        <\/div>\n                <div class=\"\">\n            <hr\/>\n        <\/div>\n                <div class=\"clearfix ul-element-text \">\n            \n\n<div class=\"wpcf7 no-js\" id=\"wpcf7-f551-o1\" lang=\"fr-FR\" dir=\"ltr\" data-wpcf7-id=\"551\">\n<div class=\"screen-reader-response\"><p role=\"status\" aria-live=\"polite\" aria-atomic=\"true\"><\/p> <ul><\/ul><\/div>\n<form action=\"\/fablab19\/wp-json\/wp\/v2\/pages\/111\/#wpcf7-f551-o1\" method=\"post\" class=\"wpcf7-form init\" aria-label=\"Formulaire de contact\" novalidate=\"novalidate\" data-status=\"init\">\n<fieldset class=\"hidden-fields-container\"><input type=\"hidden\" name=\"_wpcf7\" value=\"551\" \/><input type=\"hidden\" name=\"_wpcf7_version\" value=\"6.1.3\" \/><input type=\"hidden\" name=\"_wpcf7_locale\" value=\"fr_FR\" \/><input type=\"hidden\" name=\"_wpcf7_unit_tag\" value=\"wpcf7-f551-o1\" \/><input type=\"hidden\" name=\"_wpcf7_container_post\" value=\"0\" \/><input type=\"hidden\" name=\"_wpcf7_posted_data_hash\" value=\"\" \/>\n<\/fieldset>\n<p><label> Entrez votre Nom<br \/>\n<span class=\"wpcf7-form-control-wrap\" data-name=\"your-name\"><input size=\"40\" maxlength=\"400\" class=\"wpcf7-form-control wpcf7-text wpcf7-validates-as-required\" aria-required=\"true\" aria-invalid=\"false\" value=\"\" type=\"text\" name=\"your-name\" \/><\/span> <\/label>\n<\/p>\n<p><label> veuillez renseigner votre adresse mail<br \/>\n<span class=\"wpcf7-form-control-wrap\" data-name=\"your-email\"><input size=\"40\" maxlength=\"400\" class=\"wpcf7-form-control wpcf7-email wpcf7-validates-as-required wpcf7-text wpcf7-validates-as-email\" aria-required=\"true\" aria-invalid=\"false\" value=\"\" type=\"email\" name=\"your-email\" \/><\/span> <\/label>\n<\/p>\n<p><label> Objet<br \/>\n<span class=\"wpcf7-form-control-wrap\" data-name=\"your-subject\"><input size=\"40\" maxlength=\"400\" class=\"wpcf7-form-control wpcf7-text wpcf7-validates-as-required\" aria-required=\"true\" aria-invalid=\"false\" value=\"\" type=\"text\" name=\"your-subject\" \/><\/span> <\/label>\n<\/p>\n<p><label> Votre message<br \/>\n<span class=\"wpcf7-form-control-wrap\" data-name=\"your-message\"><textarea cols=\"40\" rows=\"10\" maxlength=\"2000\" class=\"wpcf7-form-control wpcf7-textarea\" aria-invalid=\"false\" name=\"your-message\"><\/textarea><\/span> <\/label>\n<\/p>\n<p><input class=\"wpcf7-form-control wpcf7-submit has-spinner\" type=\"submit\" value=\"Envoyer\" \/>\n<\/p><div class=\"wpcf7-response-output\" aria-hidden=\"true\"><\/div>\n<\/form>\n<\/div>\n\n        <\/div>\n                        \n                <div class=\"row ul-fix-height ul-element-post ul-element-post--col  \">\n                                                <div class=\"col-sm-4\">\n                            <div class=\"bg-gray-lighter ul-fix-height-to-me\">\n                                <article class=\"\" id=\"post-1106\"  role=\"article\" >\n\n                                    <a href=\"https:\/\/asso.unilim.fr\/fablab19\/2024\/09\/30\/formation-initiation-logiciel-de-cao-fusion-360\/\" rel=\"bookmark\" title=\"formation initiation logiciel de CAO FUSION 360.\" class=\"\">\n                                                                                                                                    <img loading=\"lazy\" decoding=\"async\" width=\"640\" height=\"480\" src=\"https:\/\/www.unilim.fr\/fablab19\/wp-content\/uploads\/sites\/8\/2024\/09\/Fusion360-640x480.jpg\" class=\"img-responsive wp-post-image\" alt=\"\" \/>                                                                                                                                                                    <\/a>\n\n                                                                        <p class=\"bg-primary text-light text-right ul-bold\" style=\"padding:10px;\">\n                                        <a href=\"https:\/\/asso.unilim.fr\/fablab19\/category\/actualite\/\" rel=\"category tag\">Actualit\u00e9<\/a> | <a href=\"https:\/\/asso.unilim.fr\/fablab19\/category\/equipements\/\" rel=\"category tag\">Equipements<\/a> | <a href=\"https:\/\/asso.unilim.fr\/fablab19\/category\/actualite\/presse\/\" rel=\"category tag\">Presse<\/a> | <a href=\"https:\/\/asso.unilim.fr\/fablab19\/category\/realisations\/\" rel=\"category tag\">R\u00e9alisations<\/a> | <a href=\"https:\/\/asso.unilim.fr\/fablab19\/category\/ressources\/\" rel=\"category tag\">Ressources<\/a>                                        <\/p>\n                                    \n                                    <div class=\"content panel-body\" style=\"padding:10px;\">\n                                        \n                                        <h4 class=\"ul-bold\">\n                                            <a class=\"text-gray header-readmore-arrow\" href=\"https:\/\/asso.unilim.fr\/fablab19\/2024\/09\/30\/formation-initiation-logiciel-de-cao-fusion-360\/\" rel=\"bookmark\" title=\"formation initiation logiciel de CAO FUSION 360.\">\n                                                formation initiation logiciel de CAO FUSION 360.&nbsp;<i class='text-primary fa fa-location-arrow hidden'><\/i>\n                                            <\/a>\n\n                                        <\/h4>\n\n                                                                                    <p>\n                                                Suite \u00e0 certaines demandes, nous lan\u00e7ons une formation de base au logiciel de CAO FUSION 360 pour nos adh\u00e9rents . Nous pr\u00e9voyons 2 fois 2h <a href='https:\/\/asso.unilim.fr\/fablab19\/2024\/09\/30\/formation-initiation-logiciel-de-cao-fusion-360\/' alt='Lire la suite' class='text-readmore-arrow'>[...]<\/a>                                            <\/p>\n                                        \n                                                                            <\/div>\n                                <\/article>\n                            <\/div>\n                        <\/div>\n                                                                        <div class=\"col-sm-4\">\n                            <div class=\"bg-gray-lighter ul-fix-height-to-me\">\n                                <article class=\"\" id=\"post-1099\"  role=\"article\" >\n\n                                    <a href=\"https:\/\/asso.unilim.fr\/fablab19\/2024\/09\/16\/le-fablab19-au-forum-des-associations\/\" rel=\"bookmark\" title=\"Le Fablab19 au forum des associations 2024\" class=\"\">\n                                                                                                                                    <img loading=\"lazy\" decoding=\"async\" width=\"602\" height=\"480\" src=\"https:\/\/www.unilim.fr\/fablab19\/wp-content\/uploads\/sites\/8\/2024\/09\/Forum_asso_2024-602x480.jpg\" class=\"img-responsive wp-post-image\" alt=\"\" \/>                                                                                                                                                                    <\/a>\n\n                                                                        <p class=\"bg-primary text-light text-right ul-bold\" style=\"padding:10px;\">\n                                        <a href=\"https:\/\/asso.unilim.fr\/fablab19\/category\/actualite\/\" rel=\"category tag\">Actualit\u00e9<\/a> | <a href=\"https:\/\/asso.unilim.fr\/fablab19\/category\/equipements\/\" rel=\"category tag\">Equipements<\/a> | <a href=\"https:\/\/asso.unilim.fr\/fablab19\/category\/actualite\/presse\/\" rel=\"category tag\">Presse<\/a>                                        <\/p>\n                                    \n                                    <div class=\"content panel-body\" style=\"padding:10px;\">\n                                        \n                                        <h4 class=\"ul-bold\">\n                                            <a class=\"text-gray header-readmore-arrow\" href=\"https:\/\/asso.unilim.fr\/fablab19\/2024\/09\/16\/le-fablab19-au-forum-des-associations\/\" rel=\"bookmark\" title=\"Le Fablab19 au forum des associations 2024\">\n                                                Le Fablab19 au forum des associations 2024&nbsp;<i class='text-primary fa fa-location-arrow hidden'><\/i>\n                                            <\/a>\n\n                                        <\/h4>\n\n                                                                                    <p>\n                                                Ce Dimanche 15 septembre, le fablab19 \u00e9tait pr\u00e9sent au forum des associations et Alexandre\u00a0 pr\u00e9sentait une CNC construite par ses soins. <a href='https:\/\/asso.unilim.fr\/fablab19\/2024\/09\/16\/le-fablab19-au-forum-des-associations\/' alt='Lire la suite' class='text-readmore-arrow'>[...]<\/a>                                            <\/p>\n                                        \n                                                                            <\/div>\n                                <\/article>\n                            <\/div>\n                        <\/div>\n                                                                        <div class=\"col-sm-4\">\n                            <div class=\"bg-gray-lighter ul-fix-height-to-me\">\n                                <article class=\"\" id=\"post-1092\"  role=\"article\" >\n\n                                    <a href=\"https:\/\/asso.unilim.fr\/fablab19\/2024\/09\/05\/nouvelle-machine-dimpression-3d\/\" rel=\"bookmark\" title=\"Nouvelle machine d&rsquo;impression 3D\" class=\"\">\n                                                                                                                                    <img loading=\"lazy\" decoding=\"async\" width=\"512\" height=\"480\" src=\"https:\/\/www.unilim.fr\/fablab19\/wp-content\/uploads\/sites\/8\/2024\/09\/Bambulab_X1-512x480.jpg\" class=\"img-responsive wp-post-image\" alt=\"\" \/>                                                                                                                                                                    <\/a>\n\n                                                                        <p class=\"bg-primary text-light text-right ul-bold\" style=\"padding:10px;\">\n                                        <a href=\"https:\/\/asso.unilim.fr\/fablab19\/category\/actualite\/\" rel=\"category tag\">Actualit\u00e9<\/a> | <a href=\"https:\/\/asso.unilim.fr\/fablab19\/category\/equipements\/\" rel=\"category tag\">Equipements<\/a> | <a href=\"https:\/\/asso.unilim.fr\/fablab19\/category\/actualite\/presse\/\" rel=\"category tag\">Presse<\/a> | <a href=\"https:\/\/asso.unilim.fr\/fablab19\/category\/projets\/\" rel=\"category tag\">Projets<\/a> | <a href=\"https:\/\/asso.unilim.fr\/fablab19\/category\/realisations\/\" rel=\"category tag\">R\u00e9alisations<\/a>                                        <\/p>\n                                    \n                                    <div class=\"content panel-body\" style=\"padding:10px;\">\n                                        \n                                        <h4 class=\"ul-bold\">\n                                            <a class=\"text-gray header-readmore-arrow\" href=\"https:\/\/asso.unilim.fr\/fablab19\/2024\/09\/05\/nouvelle-machine-dimpression-3d\/\" rel=\"bookmark\" title=\"Nouvelle machine d&rsquo;impression 3D\">\n                                                Nouvelle machine d&rsquo;impression 3D&nbsp;<i class='text-primary fa fa-location-arrow hidden'><\/i>\n                                            <\/a>\n\n                                        <\/h4>\n\n                                                                                    <p>\n                                                En cette rentr\u00e9e de\u00a0 septembre 2024, le fablab19 vient de se doter d&rsquo;une nouvelle machine d&rsquo;impression 3D. C&rsquo;est une Bambu <a href='https:\/\/asso.unilim.fr\/fablab19\/2024\/09\/05\/nouvelle-machine-dimpression-3d\/' alt='Lire la suite' class='text-readmore-arrow'>[...]<\/a>                                            <\/p>\n                                        \n                                                                            <\/div>\n                                <\/article>\n                            <\/div>\n                        <\/div>\n                                                                    <\/div>\n                        <\/div>\n        <\/div>\n            <\/div>\n                  <\/div>\n        \n","protected":false},"excerpt":{"rendered":"","protected":false},"author":89,"featured_media":213,"parent":0,"menu_order":0,"comment_status":"closed","ping_status":"closed","template":"page-le.php","meta":{"footnotes":""},"class_list":["post-111","page","type-page","status-publish","has-post-thumbnail","hentry"],"yoast_head":"<!-- This site is optimized with the Yoast SEO plugin v26.3 - https:\/\/yoast.com\/wordpress\/plugins\/seo\/ -->\n<title>Equipements - FABLAB19<\/title>\n<meta name=\"robots\" content=\"index, follow, max-snippet:-1, max-image-preview:large, max-video-preview:-1\" \/>\n<link rel=\"canonical\" href=\"https:\/\/asso.unilim.fr\/fablab19\/equipements\/\" \/>\n<meta property=\"og:locale\" content=\"fr_FR\" \/>\n<meta property=\"og:type\" content=\"article\" \/>\n<meta property=\"og:title\" content=\"Equipements - FABLAB19\" \/>\n<meta property=\"og:url\" content=\"https:\/\/asso.unilim.fr\/fablab19\/equipements\/\" \/>\n<meta property=\"og:site_name\" content=\"FABLAB19\" \/>\n<meta property=\"article:modified_time\" content=\"2024-05-14T09:05:06+00:00\" \/>\n<meta property=\"og:image\" content=\"https:\/\/www.unilim.fr\/fablab19\/wp-content\/uploads\/sites\/8\/2018\/11\/ds1064b.jpg\" \/>\n\t<meta property=\"og:image:width\" content=\"550\" \/>\n\t<meta property=\"og:image:height\" content=\"330\" \/>\n\t<meta property=\"og:image:type\" content=\"image\/jpeg\" \/>\n<meta name=\"twitter:card\" content=\"summary_large_image\" \/>\n<meta name=\"twitter:label1\" content=\"Dur\u00e9e de lecture estim\u00e9e\" \/>\n\t<meta name=\"twitter:data1\" content=\"2 minutes\" \/>\n<script type=\"application\/ld+json\" class=\"yoast-schema-graph\">{\"@context\":\"https:\/\/schema.org\",\"@graph\":[{\"@type\":\"WebPage\",\"@id\":\"https:\/\/asso.unilim.fr\/fablab19\/equipements\/\",\"url\":\"https:\/\/asso.unilim.fr\/fablab19\/equipements\/\",\"name\":\"Equipements - FABLAB19\",\"isPartOf\":{\"@id\":\"https:\/\/asso.unilim.fr\/fablab19\/#website\"},\"primaryImageOfPage\":{\"@id\":\"https:\/\/asso.unilim.fr\/fablab19\/equipements\/#primaryimage\"},\"image\":{\"@id\":\"https:\/\/asso.unilim.fr\/fablab19\/equipements\/#primaryimage\"},\"thumbnailUrl\":\"https:\/\/www.unilim.fr\/fablab19\/wp-content\/uploads\/sites\/8\/2018\/11\/ds1064b.jpg\",\"datePublished\":\"2018-10-17T07:36:10+00:00\",\"dateModified\":\"2024-05-14T09:05:06+00:00\",\"breadcrumb\":{\"@id\":\"https:\/\/asso.unilim.fr\/fablab19\/equipements\/#breadcrumb\"},\"inLanguage\":\"fr-FR\",\"potentialAction\":[{\"@type\":\"ReadAction\",\"target\":[\"https:\/\/asso.unilim.fr\/fablab19\/equipements\/\"]}]},{\"@type\":\"ImageObject\",\"inLanguage\":\"fr-FR\",\"@id\":\"https:\/\/asso.unilim.fr\/fablab19\/equipements\/#primaryimage\",\"url\":\"https:\/\/www.unilim.fr\/fablab19\/wp-content\/uploads\/sites\/8\/2018\/11\/ds1064b.jpg\",\"contentUrl\":\"https:\/\/www.unilim.fr\/fablab19\/wp-content\/uploads\/sites\/8\/2018\/11\/ds1064b.jpg\",\"width\":550,\"height\":330},{\"@type\":\"BreadcrumbList\",\"@id\":\"https:\/\/asso.unilim.fr\/fablab19\/equipements\/#breadcrumb\",\"itemListElement\":[{\"@type\":\"ListItem\",\"position\":1,\"name\":\"Accueil\",\"item\":\"https:\/\/asso.unilim.fr\/fablab19\/\"},{\"@type\":\"ListItem\",\"position\":2,\"name\":\"Equipements\"}]},{\"@type\":\"WebSite\",\"@id\":\"https:\/\/asso.unilim.fr\/fablab19\/#website\",\"url\":\"https:\/\/asso.unilim.fr\/fablab19\/\",\"name\":\"FABLAB19\",\"description\":\"Fablab19 source de r\u00e9ussites\",\"potentialAction\":[{\"@type\":\"SearchAction\",\"target\":{\"@type\":\"EntryPoint\",\"urlTemplate\":\"https:\/\/asso.unilim.fr\/fablab19\/?s={search_term_string}\"},\"query-input\":{\"@type\":\"PropertyValueSpecification\",\"valueRequired\":true,\"valueName\":\"search_term_string\"}}],\"inLanguage\":\"fr-FR\"}]}<\/script>\n<!-- \/ Yoast SEO plugin. -->","yoast_head_json":{"title":"Equipements - FABLAB19","robots":{"index":"index","follow":"follow","max-snippet":"max-snippet:-1","max-image-preview":"max-image-preview:large","max-video-preview":"max-video-preview:-1"},"canonical":"https:\/\/asso.unilim.fr\/fablab19\/equipements\/","og_locale":"fr_FR","og_type":"article","og_title":"Equipements - FABLAB19","og_url":"https:\/\/asso.unilim.fr\/fablab19\/equipements\/","og_site_name":"FABLAB19","article_modified_time":"2024-05-14T09:05:06+00:00","og_image":[{"width":550,"height":330,"url":"https:\/\/www.unilim.fr\/fablab19\/wp-content\/uploads\/sites\/8\/2018\/11\/ds1064b.jpg","type":"image\/jpeg"}],"twitter_card":"summary_large_image","twitter_misc":{"Dur\u00e9e de lecture estim\u00e9e":"2 minutes"},"schema":{"@context":"https:\/\/schema.org","@graph":[{"@type":"WebPage","@id":"https:\/\/asso.unilim.fr\/fablab19\/equipements\/","url":"https:\/\/asso.unilim.fr\/fablab19\/equipements\/","name":"Equipements - FABLAB19","isPartOf":{"@id":"https:\/\/asso.unilim.fr\/fablab19\/#website"},"primaryImageOfPage":{"@id":"https:\/\/asso.unilim.fr\/fablab19\/equipements\/#primaryimage"},"image":{"@id":"https:\/\/asso.unilim.fr\/fablab19\/equipements\/#primaryimage"},"thumbnailUrl":"https:\/\/www.unilim.fr\/fablab19\/wp-content\/uploads\/sites\/8\/2018\/11\/ds1064b.jpg","datePublished":"2018-10-17T07:36:10+00:00","dateModified":"2024-05-14T09:05:06+00:00","breadcrumb":{"@id":"https:\/\/asso.unilim.fr\/fablab19\/equipements\/#breadcrumb"},"inLanguage":"fr-FR","potentialAction":[{"@type":"ReadAction","target":["https:\/\/asso.unilim.fr\/fablab19\/equipements\/"]}]},{"@type":"ImageObject","inLanguage":"fr-FR","@id":"https:\/\/asso.unilim.fr\/fablab19\/equipements\/#primaryimage","url":"https:\/\/www.unilim.fr\/fablab19\/wp-content\/uploads\/sites\/8\/2018\/11\/ds1064b.jpg","contentUrl":"https:\/\/www.unilim.fr\/fablab19\/wp-content\/uploads\/sites\/8\/2018\/11\/ds1064b.jpg","width":550,"height":330},{"@type":"BreadcrumbList","@id":"https:\/\/asso.unilim.fr\/fablab19\/equipements\/#breadcrumb","itemListElement":[{"@type":"ListItem","position":1,"name":"Accueil","item":"https:\/\/asso.unilim.fr\/fablab19\/"},{"@type":"ListItem","position":2,"name":"Equipements"}]},{"@type":"WebSite","@id":"https:\/\/asso.unilim.fr\/fablab19\/#website","url":"https:\/\/asso.unilim.fr\/fablab19\/","name":"FABLAB19","description":"Fablab19 source de r\u00e9ussites","potentialAction":[{"@type":"SearchAction","target":{"@type":"EntryPoint","urlTemplate":"https:\/\/asso.unilim.fr\/fablab19\/?s={search_term_string}"},"query-input":{"@type":"PropertyValueSpecification","valueRequired":true,"valueName":"search_term_string"}}],"inLanguage":"fr-FR"}]}},"_links":{"self":[{"href":"https:\/\/asso.unilim.fr\/fablab19\/wp-json\/wp\/v2\/pages\/111","targetHints":{"allow":["GET"]}}],"collection":[{"href":"https:\/\/asso.unilim.fr\/fablab19\/wp-json\/wp\/v2\/pages"}],"about":[{"href":"https:\/\/asso.unilim.fr\/fablab19\/wp-json\/wp\/v2\/types\/page"}],"author":[{"embeddable":true,"href":"https:\/\/asso.unilim.fr\/fablab19\/wp-json\/wp\/v2\/users\/89"}],"replies":[{"embeddable":true,"href":"https:\/\/asso.unilim.fr\/fablab19\/wp-json\/wp\/v2\/comments?post=111"}],"version-history":[{"count":0,"href":"https:\/\/asso.unilim.fr\/fablab19\/wp-json\/wp\/v2\/pages\/111\/revisions"}],"wp:featuredmedia":[{"embeddable":true,"href":"https:\/\/asso.unilim.fr\/fablab19\/wp-json\/wp\/v2\/media\/213"}],"wp:attachment":[{"href":"https:\/\/asso.unilim.fr\/fablab19\/wp-json\/wp\/v2\/media?parent=111"}],"curies":[{"name":"wp","href":"https:\/\/api.w.org\/{rel}","templated":true}]}}