{"id":91,"date":"2019-08-23T16:14:05","date_gmt":"2019-08-23T14:14:05","guid":{"rendered":"http:\/\/asso.unilim.fr\/daguesseau\/?page_id=91"},"modified":"2021-03-30T15:27:59","modified_gmt":"2021-03-30T13:27:59","slug":"le-justiciable-et-la-protection-des-ses-droits-fondamentaux-la-question-prioritaire-de-constitutionnalite","status":"publish","type":"page","link":"https:\/\/asso.unilim.fr\/daguesseau\/le-justiciable-et-la-protection-des-ses-droits-fondamentaux-la-question-prioritaire-de-constitutionnalite\/","title":{"rendered":"Le justiciable et la protection des ses droits fondamentaux : la question prioritaire de constitutionnalit\u00e9"},"content":{"rendered":"<p><strong>Le justiciable et la protection de ses droits fondamentaux : la question prioritaire de constitutionnalit\u00e9<\/strong><\/p>\n<p>Coordination \u00e9ditoriale par H\u00e9l\u00e8ne Pauliat, Laurent Berthier et Eric N\u00e9gron <img loading=\"lazy\" decoding=\"async\" class=\"size-full wp-image-92 alignleft\" src=\"https:\/\/www.daguesseau.fr\/wp-content\/uploads\/sites\/10\/2019\/08\/1.gif\" alt=\"\" width=\"120\" height=\"188\" \/><\/p>\n<p>En pr\u00e9voyant que \u00ab lorsque, \u00e0 l\u2019occasion d\u2019une instance en cours devant une juridiction, il est soutenu qu\u2019une disposition l\u00e9gislative porte atteinte aux droits et libert\u00e9s que la Constitution garantit, le Conseil constitutionnel peut \u00eatre saisi de cette question sur renvoi du Conseil d\u2019Etat ou de la Cour de cassation qui se prononce dans un d\u00e9lai d\u00e9termin\u00e9 \u00bb, l\u2019article 61-1 de la Constitution issu de la loi constitutionnelle du 23 juillet 2008 s\u2019inscrit dans une volont\u00e9 de rendre la justice constitutionnelle plus accessible. Cette r\u00e9forme enrichit ind\u00e9niablement le contentieux constitutionnel autant qu\u2019elle perturbe les habitudes proc\u00e9durales. Traditionnellement hostiles \u00e0 op\u00e9rer un contr\u00f4le de constitutionnalit\u00e9 des lois, le Conseil d\u2019Etat et la Cour de cassation sont en effet appel\u00e9s \u00e0 jouer un nouveau r\u00f4le en proc\u00e9dant, avant un \u00e9ventuel renvoi au Conseil constitutionnel, \u00e0 un premier examen de la question d\u2019inconstitutionnalit\u00e9 soulev\u00e9e en cours d\u2019instance par un justiciable. Par un tel m\u00e9canisme, le syst\u00e8me fran\u00e7ais de justice constitutionnelle se rapproche donc d\u2019un mod\u00e8le plus d\u00e9concentr\u00e9, en s\u2019alignant par la m\u00eame occasion sur ses homologues internationaux. Ainsi, la question prioritaire de constitutionnalit\u00e9 bouleverse la classification th\u00e9orique connue en mati\u00e8re de justice constitutionnelle avec ce paradoxe qu\u2019elle contribue \u00e0 revaloriser simultan\u00e9ment le r\u00f4le du juge et de l\u2019avocat.<\/p>\n<p>Le b\u00e9n\u00e9fice ind\u00e9niable d\u2019une telle proc\u00e9dure est de renforcer la d\u00e9mocratie juridictionnelle. Universitaires, magistrats, avocats, parlementaires et repr\u00e9sentants associatifs ont ainsi tent\u00e9 d\u2019apporter toute leur expertise le temps de ce colloque le 26 mars 2010. Si des r\u00e9ponses techniques ont pu \u00eatre apport\u00e9es lors des interventions magistrales, l\u2019int\u00e9r\u00eat d\u2019une telle d\u00e9marche r\u00e9side avant tout dans le croisement des exp\u00e9riences et le d\u00e9cloisonnement des approches, ce dialogue ayant \u00e9t\u00e9 fructueux quant \u00e0 une mise en perspective de cette QPC qui va modifier en profondeur les relations entre les Cours supr\u00eames de notre R\u00e9publique.<br \/>\nAu sommaire : Eric NEGRON, Propos d\u2019ouverture ; Dominique Rousseau, La r\u00e9forme de 2008, quels enjeux, quelles perspectives ? ; Natalia Bernal CANO, Le contentieux mixte initi\u00e9 par la question pr\u00e9judicielle de constitutionnalit\u00e9 en droit compar\u00e9 europ\u00e9en ; Luis POMED SANCHEZ, La question d\u2019inconstitutionnalit\u00e9 en droit espagnol ; Wanda MASTOR, Le contr\u00f4le de constitutionnalit\u00e9 des lois aux Etats-Unis : pr\u00e9sentation g\u00e9n\u00e9rale ; Denys DE BECHILLON, Faut-il regretter que le Pr\u00e9ambule de la Constitution de 1958 n\u2019ait pas \u00e9t\u00e9 modifi\u00e9 ? ; Nicole BORVO COHEN-SEAT, Le point de vue d\u2019une parlementaire face \u00e0 la r\u00e9forme ; Table ronde anim\u00e9e par Virginie SAINT-JAMES, Avec la participation de Jacqueline DE GUILLENCHMIDT, Jacques MOUTON, Yves ROBINEAU, David LEVY ; David LEVY, La question prioritaire de constitutionnalit\u00e9 : pistes de r\u00e9flexion pour les avocats ; Christian HUGLO, La question prioritaire de constitutionnalit\u00e9, le praticien et l\u2019environnement ; Alain BAZOT, Une perspective de naissance d\u2019un droit constitutionnel de la consommation embryonnaire ; Vincent DUSSART, La question prioritaire de constitutionnalit\u00e9 en mati\u00e8re fiscale ; Jean-Louis DEBRE, Conclusion g\u00e9n\u00e9rale.<\/p>\n<p>\u00c9diteur Presses universitaires de Limoges<br \/>\nSupport Livre broch\u00e9<br \/>\nNb de pages 174 p.<br \/>\nISBN-10 2-84287-549-4<br \/>\nISBN-13 978-2-84287-549-7<br \/>\nGTIN13 (EAN13) 9782842875497<\/p>\n","protected":false},"excerpt":{"rendered":"<p>Le justiciable et la protection de ses droits fondamentaux : la question prioritaire de constitutionnalit\u00e9 Coordination \u00e9ditoriale par H\u00e9l\u00e8ne Pauliat, Laurent Berthier et Eric N\u00e9gron En pr\u00e9voyant que \u00ab lorsque, \u00e0 l\u2019occasion d\u2019une instance en cours devant une juridiction, il est soutenu qu\u2019une disposition l\u00e9gislative porte atteinte aux droits et libert\u00e9s que la Constitution garantit, [&hellip;]<\/p>\n","protected":false},"author":97,"featured_media":0,"parent":0,"menu_order":0,"comment_status":"closed","ping_status":"closed","template":"","meta":{"footnotes":""},"class_list":["post-91","page","type-page","status-publish","hentry"],"yoast_head":"<!-- This site is optimized with the Yoast SEO plugin v26.3 - https:\/\/yoast.com\/wordpress\/plugins\/seo\/ -->\n<title>Le justiciable et la protection des ses droits fondamentaux : la question prioritaire de constitutionnalit\u00e9 - Entretiens d&#039;Aguesseau<\/title>\n<meta name=\"robots\" content=\"index, follow, max-snippet:-1, max-image-preview:large, max-video-preview:-1\" \/>\n<link rel=\"canonical\" href=\"http:\/\/asso.unilim.fr\/daguesseau\/le-justiciable-et-la-protection-des-ses-droits-fondamentaux-la-question-prioritaire-de-constitutionnalite\/\" \/>\n<meta property=\"og:locale\" content=\"fr_FR\" \/>\n<meta property=\"og:type\" content=\"article\" \/>\n<meta property=\"og:title\" content=\"Le justiciable et la protection des ses droits fondamentaux : la question prioritaire de constitutionnalit\u00e9 - Entretiens d&#039;Aguesseau\" \/>\n<meta property=\"og:description\" content=\"Le justiciable et la protection de ses droits fondamentaux : la question prioritaire de constitutionnalit\u00e9 Coordination \u00e9ditoriale par H\u00e9l\u00e8ne Pauliat, Laurent Berthier et Eric N\u00e9gron En pr\u00e9voyant que \u00ab lorsque, \u00e0 l\u2019occasion d\u2019une instance en cours devant une juridiction, il est soutenu qu\u2019une disposition l\u00e9gislative porte atteinte aux droits et libert\u00e9s que la Constitution garantit, [&hellip;]\" \/>\n<meta property=\"og:url\" content=\"http:\/\/asso.unilim.fr\/daguesseau\/le-justiciable-et-la-protection-des-ses-droits-fondamentaux-la-question-prioritaire-de-constitutionnalite\/\" \/>\n<meta property=\"og:site_name\" content=\"Entretiens d&#039;Aguesseau\" \/>\n<meta property=\"article:modified_time\" content=\"2021-03-30T13:27:59+00:00\" \/>\n<meta property=\"og:image\" content=\"https:\/\/www.daguesseau.fr\/wp-content\/uploads\/sites\/10\/2019\/08\/1.gif\" \/>\n<meta name=\"twitter:card\" content=\"summary_large_image\" \/>\n<meta name=\"twitter:label1\" content=\"Dur\u00e9e de lecture estim\u00e9e\" \/>\n\t<meta name=\"twitter:data1\" content=\"3 minutes\" \/>\n<script type=\"application\/ld+json\" class=\"yoast-schema-graph\">{\"@context\":\"https:\/\/schema.org\",\"@graph\":[{\"@type\":\"WebPage\",\"@id\":\"http:\/\/asso.unilim.fr\/daguesseau\/le-justiciable-et-la-protection-des-ses-droits-fondamentaux-la-question-prioritaire-de-constitutionnalite\/\",\"url\":\"http:\/\/asso.unilim.fr\/daguesseau\/le-justiciable-et-la-protection-des-ses-droits-fondamentaux-la-question-prioritaire-de-constitutionnalite\/\",\"name\":\"Le justiciable et la protection des ses droits fondamentaux : la question prioritaire de constitutionnalit\u00e9 - Entretiens d&#039;Aguesseau\",\"isPartOf\":{\"@id\":\"http:\/\/asso.unilim.fr\/daguesseau\/#website\"},\"primaryImageOfPage\":{\"@id\":\"http:\/\/asso.unilim.fr\/daguesseau\/le-justiciable-et-la-protection-des-ses-droits-fondamentaux-la-question-prioritaire-de-constitutionnalite\/#primaryimage\"},\"image\":{\"@id\":\"http:\/\/asso.unilim.fr\/daguesseau\/le-justiciable-et-la-protection-des-ses-droits-fondamentaux-la-question-prioritaire-de-constitutionnalite\/#primaryimage\"},\"thumbnailUrl\":\"https:\/\/www.daguesseau.fr\/wp-content\/uploads\/sites\/10\/2019\/08\/1.gif\",\"datePublished\":\"2019-08-23T14:14:05+00:00\",\"dateModified\":\"2021-03-30T13:27:59+00:00\",\"breadcrumb\":{\"@id\":\"http:\/\/asso.unilim.fr\/daguesseau\/le-justiciable-et-la-protection-des-ses-droits-fondamentaux-la-question-prioritaire-de-constitutionnalite\/#breadcrumb\"},\"inLanguage\":\"fr-FR\",\"potentialAction\":[{\"@type\":\"ReadAction\",\"target\":[\"http:\/\/asso.unilim.fr\/daguesseau\/le-justiciable-et-la-protection-des-ses-droits-fondamentaux-la-question-prioritaire-de-constitutionnalite\/\"]}]},{\"@type\":\"ImageObject\",\"inLanguage\":\"fr-FR\",\"@id\":\"http:\/\/asso.unilim.fr\/daguesseau\/le-justiciable-et-la-protection-des-ses-droits-fondamentaux-la-question-prioritaire-de-constitutionnalite\/#primaryimage\",\"url\":\"https:\/\/www.daguesseau.fr\/wp-content\/uploads\/sites\/10\/2019\/08\/1.gif\",\"contentUrl\":\"https:\/\/www.daguesseau.fr\/wp-content\/uploads\/sites\/10\/2019\/08\/1.gif\"},{\"@type\":\"BreadcrumbList\",\"@id\":\"http:\/\/asso.unilim.fr\/daguesseau\/le-justiciable-et-la-protection-des-ses-droits-fondamentaux-la-question-prioritaire-de-constitutionnalite\/#breadcrumb\",\"itemListElement\":[{\"@type\":\"ListItem\",\"position\":1,\"name\":\"Accueil\",\"item\":\"http:\/\/asso.unilim.fr\/daguesseau\/\"},{\"@type\":\"ListItem\",\"position\":2,\"name\":\"Le justiciable et la protection des ses droits fondamentaux : la question prioritaire de constitutionnalit\u00e9\"}]},{\"@type\":\"WebSite\",\"@id\":\"http:\/\/asso.unilim.fr\/daguesseau\/#website\",\"url\":\"http:\/\/asso.unilim.fr\/daguesseau\/\",\"name\":\"Entretiens d&#039;Aguesseau\",\"description\":\"universit\u00e9 ouverte source de r\u00e9ussites\",\"potentialAction\":[{\"@type\":\"SearchAction\",\"target\":{\"@type\":\"EntryPoint\",\"urlTemplate\":\"http:\/\/asso.unilim.fr\/daguesseau\/?s={search_term_string}\"},\"query-input\":{\"@type\":\"PropertyValueSpecification\",\"valueRequired\":true,\"valueName\":\"search_term_string\"}}],\"inLanguage\":\"fr-FR\"}]}<\/script>\n<!-- \/ Yoast SEO plugin. -->","yoast_head_json":{"title":"Le justiciable et la protection des ses droits fondamentaux : la question prioritaire de constitutionnalit\u00e9 - Entretiens d&#039;Aguesseau","robots":{"index":"index","follow":"follow","max-snippet":"max-snippet:-1","max-image-preview":"max-image-preview:large","max-video-preview":"max-video-preview:-1"},"canonical":"http:\/\/asso.unilim.fr\/daguesseau\/le-justiciable-et-la-protection-des-ses-droits-fondamentaux-la-question-prioritaire-de-constitutionnalite\/","og_locale":"fr_FR","og_type":"article","og_title":"Le justiciable et la protection des ses droits fondamentaux : la question prioritaire de constitutionnalit\u00e9 - Entretiens d&#039;Aguesseau","og_description":"Le justiciable et la protection de ses droits fondamentaux : la question prioritaire de constitutionnalit\u00e9 Coordination \u00e9ditoriale par H\u00e9l\u00e8ne Pauliat, Laurent Berthier et Eric N\u00e9gron En pr\u00e9voyant que \u00ab lorsque, \u00e0 l\u2019occasion d\u2019une instance en cours devant une juridiction, il est soutenu qu\u2019une disposition l\u00e9gislative porte atteinte aux droits et libert\u00e9s que la Constitution garantit, [&hellip;]","og_url":"http:\/\/asso.unilim.fr\/daguesseau\/le-justiciable-et-la-protection-des-ses-droits-fondamentaux-la-question-prioritaire-de-constitutionnalite\/","og_site_name":"Entretiens d&#039;Aguesseau","article_modified_time":"2021-03-30T13:27:59+00:00","og_image":[{"url":"https:\/\/www.daguesseau.fr\/wp-content\/uploads\/sites\/10\/2019\/08\/1.gif","type":"","width":"","height":""}],"twitter_card":"summary_large_image","twitter_misc":{"Dur\u00e9e de lecture estim\u00e9e":"3 minutes"},"schema":{"@context":"https:\/\/schema.org","@graph":[{"@type":"WebPage","@id":"http:\/\/asso.unilim.fr\/daguesseau\/le-justiciable-et-la-protection-des-ses-droits-fondamentaux-la-question-prioritaire-de-constitutionnalite\/","url":"http:\/\/asso.unilim.fr\/daguesseau\/le-justiciable-et-la-protection-des-ses-droits-fondamentaux-la-question-prioritaire-de-constitutionnalite\/","name":"Le justiciable et la protection des ses droits fondamentaux : la question prioritaire de constitutionnalit\u00e9 - Entretiens d&#039;Aguesseau","isPartOf":{"@id":"http:\/\/asso.unilim.fr\/daguesseau\/#website"},"primaryImageOfPage":{"@id":"http:\/\/asso.unilim.fr\/daguesseau\/le-justiciable-et-la-protection-des-ses-droits-fondamentaux-la-question-prioritaire-de-constitutionnalite\/#primaryimage"},"image":{"@id":"http:\/\/asso.unilim.fr\/daguesseau\/le-justiciable-et-la-protection-des-ses-droits-fondamentaux-la-question-prioritaire-de-constitutionnalite\/#primaryimage"},"thumbnailUrl":"https:\/\/www.daguesseau.fr\/wp-content\/uploads\/sites\/10\/2019\/08\/1.gif","datePublished":"2019-08-23T14:14:05+00:00","dateModified":"2021-03-30T13:27:59+00:00","breadcrumb":{"@id":"http:\/\/asso.unilim.fr\/daguesseau\/le-justiciable-et-la-protection-des-ses-droits-fondamentaux-la-question-prioritaire-de-constitutionnalite\/#breadcrumb"},"inLanguage":"fr-FR","potentialAction":[{"@type":"ReadAction","target":["http:\/\/asso.unilim.fr\/daguesseau\/le-justiciable-et-la-protection-des-ses-droits-fondamentaux-la-question-prioritaire-de-constitutionnalite\/"]}]},{"@type":"ImageObject","inLanguage":"fr-FR","@id":"http:\/\/asso.unilim.fr\/daguesseau\/le-justiciable-et-la-protection-des-ses-droits-fondamentaux-la-question-prioritaire-de-constitutionnalite\/#primaryimage","url":"https:\/\/www.daguesseau.fr\/wp-content\/uploads\/sites\/10\/2019\/08\/1.gif","contentUrl":"https:\/\/www.daguesseau.fr\/wp-content\/uploads\/sites\/10\/2019\/08\/1.gif"},{"@type":"BreadcrumbList","@id":"http:\/\/asso.unilim.fr\/daguesseau\/le-justiciable-et-la-protection-des-ses-droits-fondamentaux-la-question-prioritaire-de-constitutionnalite\/#breadcrumb","itemListElement":[{"@type":"ListItem","position":1,"name":"Accueil","item":"http:\/\/asso.unilim.fr\/daguesseau\/"},{"@type":"ListItem","position":2,"name":"Le justiciable et la protection des ses droits fondamentaux : la question prioritaire de constitutionnalit\u00e9"}]},{"@type":"WebSite","@id":"http:\/\/asso.unilim.fr\/daguesseau\/#website","url":"http:\/\/asso.unilim.fr\/daguesseau\/","name":"Entretiens d&#039;Aguesseau","description":"universit\u00e9 ouverte source de r\u00e9ussites","potentialAction":[{"@type":"SearchAction","target":{"@type":"EntryPoint","urlTemplate":"http:\/\/asso.unilim.fr\/daguesseau\/?s={search_term_string}"},"query-input":{"@type":"PropertyValueSpecification","valueRequired":true,"valueName":"search_term_string"}}],"inLanguage":"fr-FR"}]}},"_links":{"self":[{"href":"https:\/\/asso.unilim.fr\/daguesseau\/wp-json\/wp\/v2\/pages\/91","targetHints":{"allow":["GET"]}}],"collection":[{"href":"https:\/\/asso.unilim.fr\/daguesseau\/wp-json\/wp\/v2\/pages"}],"about":[{"href":"https:\/\/asso.unilim.fr\/daguesseau\/wp-json\/wp\/v2\/types\/page"}],"author":[{"embeddable":true,"href":"https:\/\/asso.unilim.fr\/daguesseau\/wp-json\/wp\/v2\/users\/97"}],"replies":[{"embeddable":true,"href":"https:\/\/asso.unilim.fr\/daguesseau\/wp-json\/wp\/v2\/comments?post=91"}],"version-history":[{"count":0,"href":"https:\/\/asso.unilim.fr\/daguesseau\/wp-json\/wp\/v2\/pages\/91\/revisions"}],"wp:attachment":[{"href":"https:\/\/asso.unilim.fr\/daguesseau\/wp-json\/wp\/v2\/media?parent=91"}],"curies":[{"name":"wp","href":"https:\/\/api.w.org\/{rel}","templated":true}]}}