{"id":84,"date":"2019-08-23T16:08:08","date_gmt":"2019-08-23T14:08:08","guid":{"rendered":"http:\/\/asso.unilim.fr\/daguesseau\/?page_id=84"},"modified":"2021-03-30T15:27:26","modified_gmt":"2021-03-30T13:27:26","slug":"84-2","status":"publish","type":"page","link":"https:\/\/asso.unilim.fr\/daguesseau\/84-2\/","title":{"rendered":"La responsabilit\u00e9 des magistrats"},"content":{"rendered":"<p><strong>La responsabilit\u00e9 des magistrats<\/strong><\/p>\n<p>Coordination \u00e9ditoriale de Simone Gaboriau et<img loading=\"lazy\" decoding=\"async\" class=\"size-full wp-image-85 alignleft\" src=\"https:\/\/www.daguesseau.fr\/wp-content\/uploads\/sites\/10\/2019\/08\/30.gif\" alt=\"\" width=\"122\" height=\"188\" \/> H\u00e9l\u00e8ne Pauliat<\/p>\n<p>L&rsquo;affaire dite d&rsquo;Outreau a relanc\u00e9 en France le d\u00e9bat sur la responsabilit\u00e9 des magistrats. Si la responsabilit\u00e9 du service public de la justice, du fait des dysfonctionnements qui peuvent l&rsquo;affecter, para\u00eet stable, la responsabilit\u00e9 personnelle, individuelle des magistrats n&rsquo;a jamais \u00e9t\u00e9 consacr\u00e9e. Le Conseil sup\u00e9rieur de la magistrature est amen\u00e9 \u00e0 conna\u00eetre des manquements commis, essentiellement aux principes d\u00e9ontologiques et se prononce alors en tant qu&rsquo;instance disciplinaire. Les mutations que conna\u00eet actuellement le m\u00e9tier de magistrat conduit \u00e0 faire peser sur lui des responsabilit\u00e9s de plus en plus lourdes, tant sur le plan administratif, civil que financier ou p\u00e9nal.<br \/>\nEst-il alors pertinent de s&rsquo;engager dans une autre voie et d&rsquo;admettre de nouveaux m\u00e9canismes de responsabilt\u00e9 ? Nos voisins europ\u00e9ens ont-ils apport\u00e9 des r\u00e9ponses sp\u00e9cifiques, compte-tenu de leur tradition juridique et du contexte politique ? C&rsquo;est sur ces diff\u00e9rentes questions que le colloque de septembre 2005 a souhait\u00e9 r\u00e9fl\u00e9chir, en confrontant les points de vue des magistrats, des avocats et des universitaires, fran\u00e7ais ou \u00e9trangers.<\/p>\n<p>Au sommaire : Simone GABORIAU, Libres propos sur la responsabilit\u00e9 des magistrats ; Guy CANIVET, La responsabilit\u00e9 des juges ; Roger ERRERA, Sur l\u2019ind\u00e9pendance de la responsabilit\u00e9 des magistrats ; Maryse DEGUERGUE, Les champs g\u00e9n\u00e9raux de la responsabilit\u00e9 et leur application aux magistrats ; Jean-Pierre MARGUENAUD, Les apports de la Convention europ\u00e9enne des droits de l\u2019homme et la jurisprudence de la Cour ; Horst HEITLAND, La responsabilit\u00e9 p\u00e9nale, civile et disciplinaire en Allemagne ; Ian CAMPBELL, La responsabilit\u00e9 des magistrats en Angleterre et Pays de Galles ; La responsabilit\u00e9 des magistrats en Angleterre et Pays de Galles. Traduction en fran\u00e7ais (E. CHEVALIER) ; Christine MATRAY, La responsabilit\u00e9 des magistrats en Belgique ; Victor MORENO-CATENA, La responsabilit\u00e9 des juges en Espagne ; Jorge COSTA, La responsabilit\u00e9 de magistrats : bref panorama de la situation au Portugal ; Daniel LUDET, Les m\u00e9canismes actuels de la responsabilit\u00e9 des magistrats doivent-ils \u00eatre modifi\u00e9s ? ; Marie-Anne FRISON-ROCHE Synth\u00e8se. La responsabilit\u00e9 des magistrats comme mise \u00e0 distance<\/p>\n<p>\u00c9diteur Presses universitaires de Limoges<br \/>\nSupport Livre broch\u00e9<br \/>\nNb de pages 242 p.<br \/>\nISBN-10 2842874617<br \/>\nISBN-13 978-2-84287-461-2<br \/>\nGTIN13 (EAN13) 9782842874612<\/p>\n","protected":false},"excerpt":{"rendered":"<p>La responsabilit\u00e9 des magistrats Coordination \u00e9ditoriale de Simone Gaboriau et H\u00e9l\u00e8ne Pauliat L&rsquo;affaire dite d&rsquo;Outreau a relanc\u00e9 en France le d\u00e9bat sur la responsabilit\u00e9 des magistrats. Si la responsabilit\u00e9 du service public de la justice, du fait des dysfonctionnements qui peuvent l&rsquo;affecter, para\u00eet stable, la responsabilit\u00e9 personnelle, individuelle des magistrats n&rsquo;a jamais \u00e9t\u00e9 consacr\u00e9e. Le [&hellip;]<\/p>\n","protected":false},"author":97,"featured_media":0,"parent":0,"menu_order":0,"comment_status":"closed","ping_status":"closed","template":"","meta":{"footnotes":""},"class_list":["post-84","page","type-page","status-publish","hentry"],"yoast_head":"<!-- This site is optimized with the Yoast SEO plugin v26.3 - https:\/\/yoast.com\/wordpress\/plugins\/seo\/ -->\n<title>La responsabilit\u00e9 des magistrats - Entretiens d&#039;Aguesseau<\/title>\n<meta name=\"robots\" content=\"index, follow, max-snippet:-1, max-image-preview:large, max-video-preview:-1\" \/>\n<link rel=\"canonical\" href=\"http:\/\/asso.unilim.fr\/daguesseau\/84-2\/\" \/>\n<meta property=\"og:locale\" content=\"fr_FR\" \/>\n<meta property=\"og:type\" content=\"article\" \/>\n<meta property=\"og:title\" content=\"La responsabilit\u00e9 des magistrats - Entretiens d&#039;Aguesseau\" \/>\n<meta property=\"og:description\" content=\"La responsabilit\u00e9 des magistrats Coordination \u00e9ditoriale de Simone Gaboriau et H\u00e9l\u00e8ne Pauliat L&rsquo;affaire dite d&rsquo;Outreau a relanc\u00e9 en France le d\u00e9bat sur la responsabilit\u00e9 des magistrats. Si la responsabilit\u00e9 du service public de la justice, du fait des dysfonctionnements qui peuvent l&rsquo;affecter, para\u00eet stable, la responsabilit\u00e9 personnelle, individuelle des magistrats n&rsquo;a jamais \u00e9t\u00e9 consacr\u00e9e. Le [&hellip;]\" \/>\n<meta property=\"og:url\" content=\"http:\/\/asso.unilim.fr\/daguesseau\/84-2\/\" \/>\n<meta property=\"og:site_name\" content=\"Entretiens d&#039;Aguesseau\" \/>\n<meta property=\"article:modified_time\" content=\"2021-03-30T13:27:26+00:00\" \/>\n<meta property=\"og:image\" content=\"https:\/\/www.daguesseau.fr\/wp-content\/uploads\/sites\/10\/2019\/08\/30.gif\" \/>\n<meta name=\"twitter:card\" content=\"summary_large_image\" \/>\n<meta name=\"twitter:label1\" content=\"Dur\u00e9e de lecture estim\u00e9e\" \/>\n\t<meta name=\"twitter:data1\" content=\"2 minutes\" \/>\n<script type=\"application\/ld+json\" class=\"yoast-schema-graph\">{\"@context\":\"https:\/\/schema.org\",\"@graph\":[{\"@type\":\"WebPage\",\"@id\":\"http:\/\/asso.unilim.fr\/daguesseau\/84-2\/\",\"url\":\"http:\/\/asso.unilim.fr\/daguesseau\/84-2\/\",\"name\":\"La responsabilit\u00e9 des magistrats - Entretiens d&#039;Aguesseau\",\"isPartOf\":{\"@id\":\"http:\/\/asso.unilim.fr\/daguesseau\/#website\"},\"primaryImageOfPage\":{\"@id\":\"http:\/\/asso.unilim.fr\/daguesseau\/84-2\/#primaryimage\"},\"image\":{\"@id\":\"http:\/\/asso.unilim.fr\/daguesseau\/84-2\/#primaryimage\"},\"thumbnailUrl\":\"https:\/\/www.daguesseau.fr\/wp-content\/uploads\/sites\/10\/2019\/08\/30.gif\",\"datePublished\":\"2019-08-23T14:08:08+00:00\",\"dateModified\":\"2021-03-30T13:27:26+00:00\",\"breadcrumb\":{\"@id\":\"http:\/\/asso.unilim.fr\/daguesseau\/84-2\/#breadcrumb\"},\"inLanguage\":\"fr-FR\",\"potentialAction\":[{\"@type\":\"ReadAction\",\"target\":[\"http:\/\/asso.unilim.fr\/daguesseau\/84-2\/\"]}]},{\"@type\":\"ImageObject\",\"inLanguage\":\"fr-FR\",\"@id\":\"http:\/\/asso.unilim.fr\/daguesseau\/84-2\/#primaryimage\",\"url\":\"https:\/\/www.daguesseau.fr\/wp-content\/uploads\/sites\/10\/2019\/08\/30.gif\",\"contentUrl\":\"https:\/\/www.daguesseau.fr\/wp-content\/uploads\/sites\/10\/2019\/08\/30.gif\"},{\"@type\":\"BreadcrumbList\",\"@id\":\"http:\/\/asso.unilim.fr\/daguesseau\/84-2\/#breadcrumb\",\"itemListElement\":[{\"@type\":\"ListItem\",\"position\":1,\"name\":\"Accueil\",\"item\":\"http:\/\/asso.unilim.fr\/daguesseau\/\"},{\"@type\":\"ListItem\",\"position\":2,\"name\":\"La responsabilit\u00e9 des magistrats\"}]},{\"@type\":\"WebSite\",\"@id\":\"http:\/\/asso.unilim.fr\/daguesseau\/#website\",\"url\":\"http:\/\/asso.unilim.fr\/daguesseau\/\",\"name\":\"Entretiens d&#039;Aguesseau\",\"description\":\"universit\u00e9 ouverte source de r\u00e9ussites\",\"potentialAction\":[{\"@type\":\"SearchAction\",\"target\":{\"@type\":\"EntryPoint\",\"urlTemplate\":\"http:\/\/asso.unilim.fr\/daguesseau\/?s={search_term_string}\"},\"query-input\":{\"@type\":\"PropertyValueSpecification\",\"valueRequired\":true,\"valueName\":\"search_term_string\"}}],\"inLanguage\":\"fr-FR\"}]}<\/script>\n<!-- \/ Yoast SEO plugin. -->","yoast_head_json":{"title":"La responsabilit\u00e9 des magistrats - Entretiens d&#039;Aguesseau","robots":{"index":"index","follow":"follow","max-snippet":"max-snippet:-1","max-image-preview":"max-image-preview:large","max-video-preview":"max-video-preview:-1"},"canonical":"http:\/\/asso.unilim.fr\/daguesseau\/84-2\/","og_locale":"fr_FR","og_type":"article","og_title":"La responsabilit\u00e9 des magistrats - Entretiens d&#039;Aguesseau","og_description":"La responsabilit\u00e9 des magistrats Coordination \u00e9ditoriale de Simone Gaboriau et H\u00e9l\u00e8ne Pauliat L&rsquo;affaire dite d&rsquo;Outreau a relanc\u00e9 en France le d\u00e9bat sur la responsabilit\u00e9 des magistrats. Si la responsabilit\u00e9 du service public de la justice, du fait des dysfonctionnements qui peuvent l&rsquo;affecter, para\u00eet stable, la responsabilit\u00e9 personnelle, individuelle des magistrats n&rsquo;a jamais \u00e9t\u00e9 consacr\u00e9e. Le [&hellip;]","og_url":"http:\/\/asso.unilim.fr\/daguesseau\/84-2\/","og_site_name":"Entretiens d&#039;Aguesseau","article_modified_time":"2021-03-30T13:27:26+00:00","og_image":[{"url":"https:\/\/www.daguesseau.fr\/wp-content\/uploads\/sites\/10\/2019\/08\/30.gif","type":"","width":"","height":""}],"twitter_card":"summary_large_image","twitter_misc":{"Dur\u00e9e de lecture estim\u00e9e":"2 minutes"},"schema":{"@context":"https:\/\/schema.org","@graph":[{"@type":"WebPage","@id":"http:\/\/asso.unilim.fr\/daguesseau\/84-2\/","url":"http:\/\/asso.unilim.fr\/daguesseau\/84-2\/","name":"La responsabilit\u00e9 des magistrats - Entretiens d&#039;Aguesseau","isPartOf":{"@id":"http:\/\/asso.unilim.fr\/daguesseau\/#website"},"primaryImageOfPage":{"@id":"http:\/\/asso.unilim.fr\/daguesseau\/84-2\/#primaryimage"},"image":{"@id":"http:\/\/asso.unilim.fr\/daguesseau\/84-2\/#primaryimage"},"thumbnailUrl":"https:\/\/www.daguesseau.fr\/wp-content\/uploads\/sites\/10\/2019\/08\/30.gif","datePublished":"2019-08-23T14:08:08+00:00","dateModified":"2021-03-30T13:27:26+00:00","breadcrumb":{"@id":"http:\/\/asso.unilim.fr\/daguesseau\/84-2\/#breadcrumb"},"inLanguage":"fr-FR","potentialAction":[{"@type":"ReadAction","target":["http:\/\/asso.unilim.fr\/daguesseau\/84-2\/"]}]},{"@type":"ImageObject","inLanguage":"fr-FR","@id":"http:\/\/asso.unilim.fr\/daguesseau\/84-2\/#primaryimage","url":"https:\/\/www.daguesseau.fr\/wp-content\/uploads\/sites\/10\/2019\/08\/30.gif","contentUrl":"https:\/\/www.daguesseau.fr\/wp-content\/uploads\/sites\/10\/2019\/08\/30.gif"},{"@type":"BreadcrumbList","@id":"http:\/\/asso.unilim.fr\/daguesseau\/84-2\/#breadcrumb","itemListElement":[{"@type":"ListItem","position":1,"name":"Accueil","item":"http:\/\/asso.unilim.fr\/daguesseau\/"},{"@type":"ListItem","position":2,"name":"La responsabilit\u00e9 des magistrats"}]},{"@type":"WebSite","@id":"http:\/\/asso.unilim.fr\/daguesseau\/#website","url":"http:\/\/asso.unilim.fr\/daguesseau\/","name":"Entretiens d&#039;Aguesseau","description":"universit\u00e9 ouverte source de r\u00e9ussites","potentialAction":[{"@type":"SearchAction","target":{"@type":"EntryPoint","urlTemplate":"http:\/\/asso.unilim.fr\/daguesseau\/?s={search_term_string}"},"query-input":{"@type":"PropertyValueSpecification","valueRequired":true,"valueName":"search_term_string"}}],"inLanguage":"fr-FR"}]}},"_links":{"self":[{"href":"https:\/\/asso.unilim.fr\/daguesseau\/wp-json\/wp\/v2\/pages\/84","targetHints":{"allow":["GET"]}}],"collection":[{"href":"https:\/\/asso.unilim.fr\/daguesseau\/wp-json\/wp\/v2\/pages"}],"about":[{"href":"https:\/\/asso.unilim.fr\/daguesseau\/wp-json\/wp\/v2\/types\/page"}],"author":[{"embeddable":true,"href":"https:\/\/asso.unilim.fr\/daguesseau\/wp-json\/wp\/v2\/users\/97"}],"replies":[{"embeddable":true,"href":"https:\/\/asso.unilim.fr\/daguesseau\/wp-json\/wp\/v2\/comments?post=84"}],"version-history":[{"count":0,"href":"https:\/\/asso.unilim.fr\/daguesseau\/wp-json\/wp\/v2\/pages\/84\/revisions"}],"wp:attachment":[{"href":"https:\/\/asso.unilim.fr\/daguesseau\/wp-json\/wp\/v2\/media?parent=84"}],"curies":[{"name":"wp","href":"https:\/\/api.w.org\/{rel}","templated":true}]}}