{"id":78,"date":"2019-08-23T16:01:54","date_gmt":"2019-08-23T14:01:54","guid":{"rendered":"http:\/\/asso.unilim.fr\/daguesseau\/?page_id=78"},"modified":"2021-03-30T15:28:35","modified_gmt":"2021-03-30T13:28:35","slug":"le-temps-la-justice-et-le-droit","status":"publish","type":"page","link":"https:\/\/asso.unilim.fr\/daguesseau\/le-temps-la-justice-et-le-droit\/","title":{"rendered":"Le temps, la justice et le droit"},"content":{"rendered":"<p><img loading=\"lazy\" decoding=\"async\" class=\"size-full wp-image-79 alignright\" src=\"https:\/\/www.daguesseau.fr\/wp-content\/uploads\/sites\/10\/2019\/08\/50.gif\" alt=\"\" width=\"125\" height=\"188\" \/><strong>Le temps, la justice et le droit\u00a0<\/strong><br \/>\nColloque tenu \u00e0 Limoges, 20 et 21 novembre 2003<\/p>\n<p>Coordination \u00e9ditoriale par Simone Gaboriau et H\u00e9l\u00e8ne Pauliat<\/p>\n<p>Plac\u00e9es sous le haut patronage du plus illustre des juristes limousins, le Chancelier d&rsquo;Aguesseau, ces rencontres souhaitent poser les grandes lignes d&rsquo;une r\u00e9flexion fondamentale sur le r\u00f4le de la Justice \u00e0 l&rsquo;aube du XXIe si\u00e8cle. Cette d\u00e9marche veut se situer au confluent des interrogations de la soci\u00e9t\u00e9 civile et des pr\u00e9occupations des praticiens et des chercheurs. L&rsquo;Association \u00ab\u00a0Les Entretiens d&rsquo;Aguesseau\u00a0\u00bb apr\u00e8s un premier colloque en 2000 sur l&rsquo;\u00e9thique des gens de justice, un deuxi\u00e8me en 2001 sur la Justice p\u00e9nale internationale, et un troisi\u00e8me en 2002 sur la Justice et la d\u00e9mocratie, a confirm\u00e9, en 2003, sa participation aux d\u00e9bats d&rsquo;actualit\u00e9 en retenant le th\u00e8me le Temps, la Justice et le Droit. Prenant e consid\u00e9ration l&#8217;emprise grandissante des exigences de la jurisprudence europ\u00e9enne mais aussi des demandes des citoyens et des justiciables, la justice se doit de concilier l&rsquo;acc\u00e9l\u00e9ration du temps juridique (multiplication des textes), l&rsquo;exigence d&rsquo;efficacit\u00e9 qui doit pr\u00e9sider \u00e0 son office et la n\u00e9cessaire s\u00e9r\u00e9nit\u00e9 inh\u00e9rente au rendu de ses d\u00e9cisions. Ces rencontres, qui se sont tenues \u00e0 Limoges les 20 et 21 novembre 2003, se sont interrog\u00e9s sur le \u00ab\u00a0temps judiciaire\u00a0\u00bb, en s&rsquo;appuyant sur des t\u00e9moignages et des interventions d&rsquo;avocats, de magistrats, d&rsquo;universitaires et de repr\u00e9sentants d&rsquo;associations, fran\u00e7ais et \u00e9trangers. En envisageant les relations de la Justice et du Temps, ces Entretiens ont soulign\u00e9 combien le temps de la justice doit \u00eatre sp\u00e9cifique. Ainsi la rapidit\u00e9 se conjugue-t-elle parfois mal avec la garantie des droits fondamentaux. La juste mesure du temps est essentielle. \u00ab\u00a0Du temps est donn\u00e9 qui permet au droit de se dire\u00a0\u00bb(Fran\u00e7ois OST).<\/p>\n<p>Au sommaire notamment : L&rsquo;importance de d&rsquo;Aguesseau pour son temps et pour le n\u00f4tre (J. Carbonnier) ; Henri-Fran\u00e7ois d&rsquo;Aguesseau et le temps de justice : l&rsquo;affaire de la Pivardi\u00e8re (J. Hoareau) ; Combien de temps faut-il pour que les lois fondamentales vivent et impr\u00e8gnent la culture l\u00e9gislative ? (P. Martens) ; Combien de temps faut-il pour faire une bonne loi (J.-M. Sauve) ; La codification, condition de p\u00e9rennit\u00e9 et d&rsquo;intelligibilit\u00e9 de la loi ? (M.-A. Latournerie) ; La vie de la loi, l&rsquo;usure du temps ; le droit transitoire des modifications jurisprudentielles (F. Ost) ; Le temps des parties ; temps du litige ou du conflit et temps de la proc\u00e9dure (J. Danet) ; Le temps de la proc\u00e9dure : regards crois\u00e9s d&rsquo;un magistrat et d&rsquo;un avou\u00e9 (S. Gaboriau et J.-P. Garnerie) ; Le temps de la d\u00e9cision de justice et de son ex\u00e9cution (P. Pauliat-Defaye) ; Le temps de la peine ; entre suj\u00e9tion temporelle et subjectivation existentielle (X. Lameyre) ; Le d\u00e9lai raisonnable et la Convention europ\u00e9enne des droits de l&rsquo;homme (F. Tulkens) ; L&rsquo;administration de la justice au service d&rsquo;une meilleure ma\u00eetrise du temps de justice : politiques europ\u00e9ennes et exp\u00e9riences \u00e9trang\u00e8res (H. Pauliat) ; Urgence et provisoire en droit priv\u00e9 (J.-M. Coulon) ; Urgence et provisoire en droit public (J.-J. Moreau) ; Les preuves \u00e0 l&rsquo;\u00e9preuve du temps : la justice \u00e0 l&rsquo;\u00e9preuve de la connaissance scientifique (C. Piva) ; D&rsquo;un tribunal temporaire \u00e0 une justice durable. Comment fermer un tribunal sans mettre fin \u00e0 la volont\u00e9 de justice ? (L&rsquo;exemple du TPIY) (C. Chartier) ; La force du pr\u00e9c\u00e9dent dans le droit anglo-saxon : l&rsquo;exemple du droit civil anglais (P. Giliker) ; La force du pr\u00e9c\u00e9dent en droit public fran\u00e7ais (B. Pacteau) ; L&rsquo;application dans le temps de la loi p\u00e9nale et de la loi fiscale : une approche compar\u00e9e \u00e0 l&rsquo;aune de la Convention europ\u00e9enne des droits de l&rsquo;homme (A. Sauviat et D. Roets).<\/p>\n<p>\u00c9diteur Presses universitaires de Limoges<br \/>\nSupport Livre broch\u00e9<br \/>\nNb de pages 374 p.<br \/>\nISBN-10 2-84287-330-0<br \/>\nISBN-13 978-2-84287-330-1<br \/>\nGTIN13 (EAN13) 9782842873301<\/p>\n","protected":false},"excerpt":{"rendered":"<p>Le temps, la justice et le droit\u00a0 Colloque tenu \u00e0 Limoges, 20 et 21 novembre 2003 Coordination \u00e9ditoriale par Simone Gaboriau et H\u00e9l\u00e8ne Pauliat Plac\u00e9es sous le haut patronage du plus illustre des juristes limousins, le Chancelier d&rsquo;Aguesseau, ces rencontres souhaitent poser les grandes lignes d&rsquo;une r\u00e9flexion fondamentale sur le r\u00f4le de la Justice \u00e0 [&hellip;]<\/p>\n","protected":false},"author":97,"featured_media":0,"parent":0,"menu_order":0,"comment_status":"closed","ping_status":"closed","template":"","meta":{"footnotes":""},"class_list":["post-78","page","type-page","status-publish","hentry"],"yoast_head":"<!-- This site is optimized with the Yoast SEO plugin v26.3 - https:\/\/yoast.com\/wordpress\/plugins\/seo\/ -->\n<title>Le temps, la justice et le droit - Entretiens d&#039;Aguesseau<\/title>\n<meta name=\"robots\" content=\"index, follow, max-snippet:-1, max-image-preview:large, max-video-preview:-1\" \/>\n<link rel=\"canonical\" href=\"http:\/\/asso.unilim.fr\/daguesseau\/le-temps-la-justice-et-le-droit\/\" \/>\n<meta property=\"og:locale\" content=\"fr_FR\" \/>\n<meta property=\"og:type\" content=\"article\" \/>\n<meta property=\"og:title\" content=\"Le temps, la justice et le droit - Entretiens d&#039;Aguesseau\" \/>\n<meta property=\"og:description\" content=\"Le temps, la justice et le droit\u00a0 Colloque tenu \u00e0 Limoges, 20 et 21 novembre 2003 Coordination \u00e9ditoriale par Simone Gaboriau et H\u00e9l\u00e8ne Pauliat Plac\u00e9es sous le haut patronage du plus illustre des juristes limousins, le Chancelier d&rsquo;Aguesseau, ces rencontres souhaitent poser les grandes lignes d&rsquo;une r\u00e9flexion fondamentale sur le r\u00f4le de la Justice \u00e0 [&hellip;]\" \/>\n<meta property=\"og:url\" content=\"http:\/\/asso.unilim.fr\/daguesseau\/le-temps-la-justice-et-le-droit\/\" \/>\n<meta property=\"og:site_name\" content=\"Entretiens d&#039;Aguesseau\" \/>\n<meta property=\"article:modified_time\" content=\"2021-03-30T13:28:35+00:00\" \/>\n<meta property=\"og:image\" content=\"https:\/\/www.daguesseau.fr\/wp-content\/uploads\/sites\/10\/2019\/08\/50.gif\" \/>\n<meta name=\"twitter:card\" content=\"summary_large_image\" \/>\n<meta name=\"twitter:label1\" content=\"Dur\u00e9e de lecture estim\u00e9e\" \/>\n\t<meta name=\"twitter:data1\" content=\"3 minutes\" \/>\n<script type=\"application\/ld+json\" class=\"yoast-schema-graph\">{\"@context\":\"https:\/\/schema.org\",\"@graph\":[{\"@type\":\"WebPage\",\"@id\":\"http:\/\/asso.unilim.fr\/daguesseau\/le-temps-la-justice-et-le-droit\/\",\"url\":\"http:\/\/asso.unilim.fr\/daguesseau\/le-temps-la-justice-et-le-droit\/\",\"name\":\"Le temps, la justice et le droit - Entretiens d&#039;Aguesseau\",\"isPartOf\":{\"@id\":\"http:\/\/asso.unilim.fr\/daguesseau\/#website\"},\"primaryImageOfPage\":{\"@id\":\"http:\/\/asso.unilim.fr\/daguesseau\/le-temps-la-justice-et-le-droit\/#primaryimage\"},\"image\":{\"@id\":\"http:\/\/asso.unilim.fr\/daguesseau\/le-temps-la-justice-et-le-droit\/#primaryimage\"},\"thumbnailUrl\":\"https:\/\/www.daguesseau.fr\/wp-content\/uploads\/sites\/10\/2019\/08\/50.gif\",\"datePublished\":\"2019-08-23T14:01:54+00:00\",\"dateModified\":\"2021-03-30T13:28:35+00:00\",\"breadcrumb\":{\"@id\":\"http:\/\/asso.unilim.fr\/daguesseau\/le-temps-la-justice-et-le-droit\/#breadcrumb\"},\"inLanguage\":\"fr-FR\",\"potentialAction\":[{\"@type\":\"ReadAction\",\"target\":[\"http:\/\/asso.unilim.fr\/daguesseau\/le-temps-la-justice-et-le-droit\/\"]}]},{\"@type\":\"ImageObject\",\"inLanguage\":\"fr-FR\",\"@id\":\"http:\/\/asso.unilim.fr\/daguesseau\/le-temps-la-justice-et-le-droit\/#primaryimage\",\"url\":\"https:\/\/www.daguesseau.fr\/wp-content\/uploads\/sites\/10\/2019\/08\/50.gif\",\"contentUrl\":\"https:\/\/www.daguesseau.fr\/wp-content\/uploads\/sites\/10\/2019\/08\/50.gif\"},{\"@type\":\"BreadcrumbList\",\"@id\":\"http:\/\/asso.unilim.fr\/daguesseau\/le-temps-la-justice-et-le-droit\/#breadcrumb\",\"itemListElement\":[{\"@type\":\"ListItem\",\"position\":1,\"name\":\"Accueil\",\"item\":\"http:\/\/asso.unilim.fr\/daguesseau\/\"},{\"@type\":\"ListItem\",\"position\":2,\"name\":\"Le temps, la justice et le droit\"}]},{\"@type\":\"WebSite\",\"@id\":\"http:\/\/asso.unilim.fr\/daguesseau\/#website\",\"url\":\"http:\/\/asso.unilim.fr\/daguesseau\/\",\"name\":\"Entretiens d&#039;Aguesseau\",\"description\":\"universit\u00e9 ouverte source de r\u00e9ussites\",\"potentialAction\":[{\"@type\":\"SearchAction\",\"target\":{\"@type\":\"EntryPoint\",\"urlTemplate\":\"http:\/\/asso.unilim.fr\/daguesseau\/?s={search_term_string}\"},\"query-input\":{\"@type\":\"PropertyValueSpecification\",\"valueRequired\":true,\"valueName\":\"search_term_string\"}}],\"inLanguage\":\"fr-FR\"}]}<\/script>\n<!-- \/ Yoast SEO plugin. -->","yoast_head_json":{"title":"Le temps, la justice et le droit - Entretiens d&#039;Aguesseau","robots":{"index":"index","follow":"follow","max-snippet":"max-snippet:-1","max-image-preview":"max-image-preview:large","max-video-preview":"max-video-preview:-1"},"canonical":"http:\/\/asso.unilim.fr\/daguesseau\/le-temps-la-justice-et-le-droit\/","og_locale":"fr_FR","og_type":"article","og_title":"Le temps, la justice et le droit - Entretiens d&#039;Aguesseau","og_description":"Le temps, la justice et le droit\u00a0 Colloque tenu \u00e0 Limoges, 20 et 21 novembre 2003 Coordination \u00e9ditoriale par Simone Gaboriau et H\u00e9l\u00e8ne Pauliat Plac\u00e9es sous le haut patronage du plus illustre des juristes limousins, le Chancelier d&rsquo;Aguesseau, ces rencontres souhaitent poser les grandes lignes d&rsquo;une r\u00e9flexion fondamentale sur le r\u00f4le de la Justice \u00e0 [&hellip;]","og_url":"http:\/\/asso.unilim.fr\/daguesseau\/le-temps-la-justice-et-le-droit\/","og_site_name":"Entretiens d&#039;Aguesseau","article_modified_time":"2021-03-30T13:28:35+00:00","og_image":[{"url":"https:\/\/www.daguesseau.fr\/wp-content\/uploads\/sites\/10\/2019\/08\/50.gif","type":"","width":"","height":""}],"twitter_card":"summary_large_image","twitter_misc":{"Dur\u00e9e de lecture estim\u00e9e":"3 minutes"},"schema":{"@context":"https:\/\/schema.org","@graph":[{"@type":"WebPage","@id":"http:\/\/asso.unilim.fr\/daguesseau\/le-temps-la-justice-et-le-droit\/","url":"http:\/\/asso.unilim.fr\/daguesseau\/le-temps-la-justice-et-le-droit\/","name":"Le temps, la justice et le droit - Entretiens d&#039;Aguesseau","isPartOf":{"@id":"http:\/\/asso.unilim.fr\/daguesseau\/#website"},"primaryImageOfPage":{"@id":"http:\/\/asso.unilim.fr\/daguesseau\/le-temps-la-justice-et-le-droit\/#primaryimage"},"image":{"@id":"http:\/\/asso.unilim.fr\/daguesseau\/le-temps-la-justice-et-le-droit\/#primaryimage"},"thumbnailUrl":"https:\/\/www.daguesseau.fr\/wp-content\/uploads\/sites\/10\/2019\/08\/50.gif","datePublished":"2019-08-23T14:01:54+00:00","dateModified":"2021-03-30T13:28:35+00:00","breadcrumb":{"@id":"http:\/\/asso.unilim.fr\/daguesseau\/le-temps-la-justice-et-le-droit\/#breadcrumb"},"inLanguage":"fr-FR","potentialAction":[{"@type":"ReadAction","target":["http:\/\/asso.unilim.fr\/daguesseau\/le-temps-la-justice-et-le-droit\/"]}]},{"@type":"ImageObject","inLanguage":"fr-FR","@id":"http:\/\/asso.unilim.fr\/daguesseau\/le-temps-la-justice-et-le-droit\/#primaryimage","url":"https:\/\/www.daguesseau.fr\/wp-content\/uploads\/sites\/10\/2019\/08\/50.gif","contentUrl":"https:\/\/www.daguesseau.fr\/wp-content\/uploads\/sites\/10\/2019\/08\/50.gif"},{"@type":"BreadcrumbList","@id":"http:\/\/asso.unilim.fr\/daguesseau\/le-temps-la-justice-et-le-droit\/#breadcrumb","itemListElement":[{"@type":"ListItem","position":1,"name":"Accueil","item":"http:\/\/asso.unilim.fr\/daguesseau\/"},{"@type":"ListItem","position":2,"name":"Le temps, la justice et le droit"}]},{"@type":"WebSite","@id":"http:\/\/asso.unilim.fr\/daguesseau\/#website","url":"http:\/\/asso.unilim.fr\/daguesseau\/","name":"Entretiens d&#039;Aguesseau","description":"universit\u00e9 ouverte source de r\u00e9ussites","potentialAction":[{"@type":"SearchAction","target":{"@type":"EntryPoint","urlTemplate":"http:\/\/asso.unilim.fr\/daguesseau\/?s={search_term_string}"},"query-input":{"@type":"PropertyValueSpecification","valueRequired":true,"valueName":"search_term_string"}}],"inLanguage":"fr-FR"}]}},"_links":{"self":[{"href":"https:\/\/asso.unilim.fr\/daguesseau\/wp-json\/wp\/v2\/pages\/78","targetHints":{"allow":["GET"]}}],"collection":[{"href":"https:\/\/asso.unilim.fr\/daguesseau\/wp-json\/wp\/v2\/pages"}],"about":[{"href":"https:\/\/asso.unilim.fr\/daguesseau\/wp-json\/wp\/v2\/types\/page"}],"author":[{"embeddable":true,"href":"https:\/\/asso.unilim.fr\/daguesseau\/wp-json\/wp\/v2\/users\/97"}],"replies":[{"embeddable":true,"href":"https:\/\/asso.unilim.fr\/daguesseau\/wp-json\/wp\/v2\/comments?post=78"}],"version-history":[{"count":0,"href":"https:\/\/asso.unilim.fr\/daguesseau\/wp-json\/wp\/v2\/pages\/78\/revisions"}],"wp:attachment":[{"href":"https:\/\/asso.unilim.fr\/daguesseau\/wp-json\/wp\/v2\/media?parent=78"}],"curies":[{"name":"wp","href":"https:\/\/api.w.org\/{rel}","templated":true}]}}