{"id":70,"date":"2019-08-23T15:55:30","date_gmt":"2019-08-23T13:55:30","guid":{"rendered":"http:\/\/asso.unilim.fr\/daguesseau\/?page_id=70"},"modified":"2021-03-30T15:25:22","modified_gmt":"2021-03-30T13:25:22","slug":"la-justice-penale-internationale","status":"publish","type":"page","link":"https:\/\/asso.unilim.fr\/daguesseau\/la-justice-penale-internationale\/","title":{"rendered":"La justice p\u00e9nale internationale"},"content":{"rendered":"<p><strong><img loading=\"lazy\" decoding=\"async\" class=\"size-full wp-image-72 alignright\" src=\"https:\/\/www.daguesseau.fr\/wp-content\/uploads\/sites\/10\/2019\/08\/70.gif\" alt=\"\" width=\"126\" height=\"188\" \/>La justice p\u00e9nale internationale<\/strong><br \/>\nColloque de Limoges, 22 et 23 novembre 2001. Avant-propos de Michel Mass\u00e9. Postface de Claude Jorda<\/p>\n<p>Coordination \u00e9ditoriale de Simone Gaboriau et H\u00e9l\u00e8ne Pauliat<\/p>\n<p>La cartographie de la justice p\u00e9nale internationale a d\u00e9but\u00e9 en Allemagne, \u00e0 Nuremberg avec la tenue du Premier Tribunal p\u00e9nal international o\u00f9 se sont jug\u00e9s les crimes commis par les nazis. Aujourd\u2019hui ce m\u00eame tribunal se tient \u00e0 La Haye o\u00f9 bient\u00f4t viendra s\u2019installer la Cour p\u00e9nale internationale. C\u2019est le conflit en ex-Yougoslavie qui d\u00e9clenche la cr\u00e9ation au Pays-Bas du Tribunal p\u00e9nal international pour la Yougoslavie (TPIY). L\u2019\u00e9motion suscit\u00e9e par les massacres et la purification ethnique d\u2019un c\u00f4t\u00e9, l\u2019impuissance de la communaut\u00e9 internationale \u00e0 mettre un terme au conflit de l\u2019autre, acc\u00e9l\u00e8re ce qui depuis Nuremberg est en d\u00e9bat : une instance de justice qui par sa nature p\u00e9nale et internationale empi\u00e8te et d\u00e9passe la souverainet\u00e9 des \u00c9tats et juge des crimes au nom des valeurs communes de l\u2019humanit\u00e9. Et \u00e0 la suite du TPIY se cr\u00e9e le Tribunal p\u00e9nal international pour le Rwanda. En mati\u00e8re de justice p\u00e9nale internationale on note une acc\u00e9l\u00e9ration des r\u00e9alisations. Qu\u2019elle doit en \u00eatre sa direction ? Celle-ci se situe quelque part entre \u00e9thique et politique, entre symbolique et \u00e9thique et enfin entre pardon et r\u00e9conciliation comme tentent de le montrer l\u2019ensemble des r\u00e9flexions et des t\u00e9moignages (Rwanda, Bosnie, Cambodge qui se dit le grand oubli\u00e9 de la justice p\u00e9nale internationale, depuis maintenant 22 ans, date de la chute du r\u00e9gime sanguinaire des Khmers rouges) regroup\u00e9s dans le livre.<\/p>\n<p>Au sommaire notamment : Les moments d\u2019un droit (M. Mass\u00e9) ; Accompagner Oradour (M. Kiener) ; De l\u2019indicible \u00e0 la parole de la justice (S. Gaboriau) ; La justice p\u00e9nale internationale de Nuremberg \u00e0 la Haye (H. Ascensio) ; La position de l\u2019Etat fran\u00e7ais face \u00e0 la justice p\u00e9nale internationale et les perspectives d\u2019\u00e9volution (P.-A. Lag\u00e8ze) ; Raison d\u2019Etat et ordre p\u00e9nal international (J.-Fr. Lachaume) ; La contribution des ordres r\u00e9gionaux de protection des droits de l\u2019homme au d\u00e9veloppement d\u2019un monde de droit (J. Andriantsimbazovino) ; Le tribunal p\u00e9nal international (TPIY), un tribunal pour l\u2019histoire ? Carnets de voyage \u00e0 La Haye (H. Pauliat) ; Le tribunal p\u00e9nal international pour l\u2019ex-Yougoslavie : bilan et perspectives (A. S. Rodriguez) ; La d\u00e9fense devant le TPIY (X. de Roux) ; Regards sur le TPIY (R. Brauman) ; La reconstruction judiciaire au Kosovo (S. Pantz) ; Quel Etat de droit (R. Savy) ; Pourquoi combattre l\u2019impunit\u00e9 (D. Robiliard) ; Pourquoi combattre l\u2019impunit\u00e9 dans le cadre international ? La cour p\u00e9nale internationale : de l\u2019impunit\u00e9 \u00e0 la r\u00e9pression ? (C. Santulli) L\u2019exp\u00e9rience belge de la comp\u00e9tence universelle (P. Martens) ; La place des victimes et leurs moyens de faire valoir leurs droits (W. Bourdon) ; Les femmes victimes de viols et de violences sexuelles (G. Donnard) ; Le g\u00e9nocide rwandais : une justice imparfaite (F.-X. Nsanzuwera) ; Le drame cambodgien : des victimes en qu\u00eate de justice (Boun-Hor Ung) ; Les d\u00e9maeches de pardon ; l\u2019exp\u00e9rience de l\u2019Afrique du Sud (N. Poulet) ; La justice p\u00e9nale internationale, entre le devoir d\u2019exister et le droit de pardonner (S. Guinchard) ; Le TPIY, laisser une trace durable\u2026 (Cl. Jorda) ; en annexe bibliographie (A. Ant\u00e9bi) ; les textes des conventions internationales, des statuts des TPI\u2026<\/p>\n<p>&nbsp;<\/p>\n<p>\u00c9diteur Presses universitaires de Limoges<br \/>\nSupport Livre broch\u00e9<br \/>\nNb de pages 616 p.<br \/>\nISBN-10 2-84287-220-7<br \/>\nISBN-13 978-2-84287-220-5<br \/>\nGTIN13 (EAN13) 9782842872205<\/p>\n","protected":false},"excerpt":{"rendered":"<p>La justice p\u00e9nale internationale Colloque de Limoges, 22 et 23 novembre 2001. Avant-propos de Michel Mass\u00e9. Postface de Claude Jorda Coordination \u00e9ditoriale de Simone Gaboriau et H\u00e9l\u00e8ne Pauliat La cartographie de la justice p\u00e9nale internationale a d\u00e9but\u00e9 en Allemagne, \u00e0 Nuremberg avec la tenue du Premier Tribunal p\u00e9nal international o\u00f9 se sont jug\u00e9s les crimes [&hellip;]<\/p>\n","protected":false},"author":97,"featured_media":0,"parent":0,"menu_order":0,"comment_status":"closed","ping_status":"closed","template":"","meta":{"footnotes":""},"class_list":["post-70","page","type-page","status-publish","hentry"],"yoast_head":"<!-- This site is optimized with the Yoast SEO plugin v26.3 - https:\/\/yoast.com\/wordpress\/plugins\/seo\/ -->\n<title>La justice p\u00e9nale internationale - Entretiens d&#039;Aguesseau<\/title>\n<meta name=\"robots\" content=\"index, follow, max-snippet:-1, max-image-preview:large, max-video-preview:-1\" \/>\n<link rel=\"canonical\" href=\"http:\/\/asso.unilim.fr\/daguesseau\/la-justice-penale-internationale\/\" \/>\n<meta property=\"og:locale\" content=\"fr_FR\" \/>\n<meta property=\"og:type\" content=\"article\" \/>\n<meta property=\"og:title\" content=\"La justice p\u00e9nale internationale - Entretiens d&#039;Aguesseau\" \/>\n<meta property=\"og:description\" content=\"La justice p\u00e9nale internationale Colloque de Limoges, 22 et 23 novembre 2001. Avant-propos de Michel Mass\u00e9. Postface de Claude Jorda Coordination \u00e9ditoriale de Simone Gaboriau et H\u00e9l\u00e8ne Pauliat La cartographie de la justice p\u00e9nale internationale a d\u00e9but\u00e9 en Allemagne, \u00e0 Nuremberg avec la tenue du Premier Tribunal p\u00e9nal international o\u00f9 se sont jug\u00e9s les crimes [&hellip;]\" \/>\n<meta property=\"og:url\" content=\"http:\/\/asso.unilim.fr\/daguesseau\/la-justice-penale-internationale\/\" \/>\n<meta property=\"og:site_name\" content=\"Entretiens d&#039;Aguesseau\" \/>\n<meta property=\"article:modified_time\" content=\"2021-03-30T13:25:22+00:00\" \/>\n<meta property=\"og:image\" content=\"https:\/\/www.daguesseau.fr\/wp-content\/uploads\/sites\/10\/2019\/08\/70.gif\" \/>\n<meta name=\"twitter:card\" content=\"summary_large_image\" \/>\n<meta name=\"twitter:label1\" content=\"Dur\u00e9e de lecture estim\u00e9e\" \/>\n\t<meta name=\"twitter:data1\" content=\"3 minutes\" \/>\n<script type=\"application\/ld+json\" class=\"yoast-schema-graph\">{\"@context\":\"https:\/\/schema.org\",\"@graph\":[{\"@type\":\"WebPage\",\"@id\":\"http:\/\/asso.unilim.fr\/daguesseau\/la-justice-penale-internationale\/\",\"url\":\"http:\/\/asso.unilim.fr\/daguesseau\/la-justice-penale-internationale\/\",\"name\":\"La justice p\u00e9nale internationale - Entretiens d&#039;Aguesseau\",\"isPartOf\":{\"@id\":\"http:\/\/asso.unilim.fr\/daguesseau\/#website\"},\"primaryImageOfPage\":{\"@id\":\"http:\/\/asso.unilim.fr\/daguesseau\/la-justice-penale-internationale\/#primaryimage\"},\"image\":{\"@id\":\"http:\/\/asso.unilim.fr\/daguesseau\/la-justice-penale-internationale\/#primaryimage\"},\"thumbnailUrl\":\"https:\/\/www.daguesseau.fr\/wp-content\/uploads\/sites\/10\/2019\/08\/70.gif\",\"datePublished\":\"2019-08-23T13:55:30+00:00\",\"dateModified\":\"2021-03-30T13:25:22+00:00\",\"breadcrumb\":{\"@id\":\"http:\/\/asso.unilim.fr\/daguesseau\/la-justice-penale-internationale\/#breadcrumb\"},\"inLanguage\":\"fr-FR\",\"potentialAction\":[{\"@type\":\"ReadAction\",\"target\":[\"http:\/\/asso.unilim.fr\/daguesseau\/la-justice-penale-internationale\/\"]}]},{\"@type\":\"ImageObject\",\"inLanguage\":\"fr-FR\",\"@id\":\"http:\/\/asso.unilim.fr\/daguesseau\/la-justice-penale-internationale\/#primaryimage\",\"url\":\"https:\/\/www.daguesseau.fr\/wp-content\/uploads\/sites\/10\/2019\/08\/70.gif\",\"contentUrl\":\"https:\/\/www.daguesseau.fr\/wp-content\/uploads\/sites\/10\/2019\/08\/70.gif\"},{\"@type\":\"BreadcrumbList\",\"@id\":\"http:\/\/asso.unilim.fr\/daguesseau\/la-justice-penale-internationale\/#breadcrumb\",\"itemListElement\":[{\"@type\":\"ListItem\",\"position\":1,\"name\":\"Accueil\",\"item\":\"http:\/\/asso.unilim.fr\/daguesseau\/\"},{\"@type\":\"ListItem\",\"position\":2,\"name\":\"La justice p\u00e9nale internationale\"}]},{\"@type\":\"WebSite\",\"@id\":\"http:\/\/asso.unilim.fr\/daguesseau\/#website\",\"url\":\"http:\/\/asso.unilim.fr\/daguesseau\/\",\"name\":\"Entretiens d&#039;Aguesseau\",\"description\":\"universit\u00e9 ouverte source de r\u00e9ussites\",\"potentialAction\":[{\"@type\":\"SearchAction\",\"target\":{\"@type\":\"EntryPoint\",\"urlTemplate\":\"http:\/\/asso.unilim.fr\/daguesseau\/?s={search_term_string}\"},\"query-input\":{\"@type\":\"PropertyValueSpecification\",\"valueRequired\":true,\"valueName\":\"search_term_string\"}}],\"inLanguage\":\"fr-FR\"}]}<\/script>\n<!-- \/ Yoast SEO plugin. -->","yoast_head_json":{"title":"La justice p\u00e9nale internationale - Entretiens d&#039;Aguesseau","robots":{"index":"index","follow":"follow","max-snippet":"max-snippet:-1","max-image-preview":"max-image-preview:large","max-video-preview":"max-video-preview:-1"},"canonical":"http:\/\/asso.unilim.fr\/daguesseau\/la-justice-penale-internationale\/","og_locale":"fr_FR","og_type":"article","og_title":"La justice p\u00e9nale internationale - Entretiens d&#039;Aguesseau","og_description":"La justice p\u00e9nale internationale Colloque de Limoges, 22 et 23 novembre 2001. Avant-propos de Michel Mass\u00e9. Postface de Claude Jorda Coordination \u00e9ditoriale de Simone Gaboriau et H\u00e9l\u00e8ne Pauliat La cartographie de la justice p\u00e9nale internationale a d\u00e9but\u00e9 en Allemagne, \u00e0 Nuremberg avec la tenue du Premier Tribunal p\u00e9nal international o\u00f9 se sont jug\u00e9s les crimes [&hellip;]","og_url":"http:\/\/asso.unilim.fr\/daguesseau\/la-justice-penale-internationale\/","og_site_name":"Entretiens d&#039;Aguesseau","article_modified_time":"2021-03-30T13:25:22+00:00","og_image":[{"url":"https:\/\/www.daguesseau.fr\/wp-content\/uploads\/sites\/10\/2019\/08\/70.gif","type":"","width":"","height":""}],"twitter_card":"summary_large_image","twitter_misc":{"Dur\u00e9e de lecture estim\u00e9e":"3 minutes"},"schema":{"@context":"https:\/\/schema.org","@graph":[{"@type":"WebPage","@id":"http:\/\/asso.unilim.fr\/daguesseau\/la-justice-penale-internationale\/","url":"http:\/\/asso.unilim.fr\/daguesseau\/la-justice-penale-internationale\/","name":"La justice p\u00e9nale internationale - Entretiens d&#039;Aguesseau","isPartOf":{"@id":"http:\/\/asso.unilim.fr\/daguesseau\/#website"},"primaryImageOfPage":{"@id":"http:\/\/asso.unilim.fr\/daguesseau\/la-justice-penale-internationale\/#primaryimage"},"image":{"@id":"http:\/\/asso.unilim.fr\/daguesseau\/la-justice-penale-internationale\/#primaryimage"},"thumbnailUrl":"https:\/\/www.daguesseau.fr\/wp-content\/uploads\/sites\/10\/2019\/08\/70.gif","datePublished":"2019-08-23T13:55:30+00:00","dateModified":"2021-03-30T13:25:22+00:00","breadcrumb":{"@id":"http:\/\/asso.unilim.fr\/daguesseau\/la-justice-penale-internationale\/#breadcrumb"},"inLanguage":"fr-FR","potentialAction":[{"@type":"ReadAction","target":["http:\/\/asso.unilim.fr\/daguesseau\/la-justice-penale-internationale\/"]}]},{"@type":"ImageObject","inLanguage":"fr-FR","@id":"http:\/\/asso.unilim.fr\/daguesseau\/la-justice-penale-internationale\/#primaryimage","url":"https:\/\/www.daguesseau.fr\/wp-content\/uploads\/sites\/10\/2019\/08\/70.gif","contentUrl":"https:\/\/www.daguesseau.fr\/wp-content\/uploads\/sites\/10\/2019\/08\/70.gif"},{"@type":"BreadcrumbList","@id":"http:\/\/asso.unilim.fr\/daguesseau\/la-justice-penale-internationale\/#breadcrumb","itemListElement":[{"@type":"ListItem","position":1,"name":"Accueil","item":"http:\/\/asso.unilim.fr\/daguesseau\/"},{"@type":"ListItem","position":2,"name":"La justice p\u00e9nale internationale"}]},{"@type":"WebSite","@id":"http:\/\/asso.unilim.fr\/daguesseau\/#website","url":"http:\/\/asso.unilim.fr\/daguesseau\/","name":"Entretiens d&#039;Aguesseau","description":"universit\u00e9 ouverte source de r\u00e9ussites","potentialAction":[{"@type":"SearchAction","target":{"@type":"EntryPoint","urlTemplate":"http:\/\/asso.unilim.fr\/daguesseau\/?s={search_term_string}"},"query-input":{"@type":"PropertyValueSpecification","valueRequired":true,"valueName":"search_term_string"}}],"inLanguage":"fr-FR"}]}},"_links":{"self":[{"href":"https:\/\/asso.unilim.fr\/daguesseau\/wp-json\/wp\/v2\/pages\/70","targetHints":{"allow":["GET"]}}],"collection":[{"href":"https:\/\/asso.unilim.fr\/daguesseau\/wp-json\/wp\/v2\/pages"}],"about":[{"href":"https:\/\/asso.unilim.fr\/daguesseau\/wp-json\/wp\/v2\/types\/page"}],"author":[{"embeddable":true,"href":"https:\/\/asso.unilim.fr\/daguesseau\/wp-json\/wp\/v2\/users\/97"}],"replies":[{"embeddable":true,"href":"https:\/\/asso.unilim.fr\/daguesseau\/wp-json\/wp\/v2\/comments?post=70"}],"version-history":[{"count":0,"href":"https:\/\/asso.unilim.fr\/daguesseau\/wp-json\/wp\/v2\/pages\/70\/revisions"}],"wp:attachment":[{"href":"https:\/\/asso.unilim.fr\/daguesseau\/wp-json\/wp\/v2\/media?parent=70"}],"curies":[{"name":"wp","href":"https:\/\/api.w.org\/{rel}","templated":true}]}}