{"id":64,"date":"2019-08-23T15:40:53","date_gmt":"2019-08-23T13:40:53","guid":{"rendered":"http:\/\/asso.unilim.fr\/daguesseau\/?page_id=64"},"modified":"2019-10-10T12:01:06","modified_gmt":"2019-10-10T10:01:06","slug":"biographie-dhenri-francois-daguesseau","status":"publish","type":"page","link":"https:\/\/asso.unilim.fr\/daguesseau\/biographie-dhenri-francois-daguesseau\/","title":{"rendered":"Biographie d&rsquo;Henri-Fran\u00e7ois d&rsquo;Aguesseau"},"content":{"rendered":"<p>&nbsp;<\/p>\n<p>&nbsp;<\/p>\n<p><img loading=\"lazy\" decoding=\"async\" class=\"wp-image-143 size-16-9-paysage aligncenter\" src=\"http:\/\/www.unilim.fr\/daguesseau\/wp-content\/uploads\/sites\/10\/2019\/10\/Statue_of_dAguesseau_Palais_Bourbon_Paris_28_July_2015-640x360.jpg\" alt=\"\" width=\"640\" height=\"360\" srcset=\"https:\/\/www.daguesseau.fr\/wp-content\/uploads\/sites\/10\/2019\/10\/Statue_of_dAguesseau_Palais_Bourbon_Paris_28_July_2015-640x360.jpg 640w, https:\/\/www.daguesseau.fr\/wp-content\/uploads\/sites\/10\/2019\/10\/Statue_of_dAguesseau_Palais_Bourbon_Paris_28_July_2015-354x200.jpg 354w\" sizes=\"auto, (max-width: 640px) 100vw, 640px\" \/><\/p>\n<p>&nbsp;<\/p>\n<p>&nbsp;<\/p>\n<p style=\"text-align: left\">Henri Fran\u00e7ois d\u2019Aguesseau naquit \u00e0 Limoges le 27 novembre 1668 dans une famille de parlementaires anoblis \u00e0 la fin du XVIe si\u00e8cle. Son p\u00e8re \u00e9tait alors intendant du Limousin, ce qui explique sa naissance \u00e0 Limoges, sa m\u00e8re Claire Eug\u00e9nie Le Picart de P\u00e9rigny \u00e9tait la ni\u00e8ce de l\u2019avocat g\u00e9n\u00e9ral au Parlement de Paris Omer Talon.<\/p>\n<p style=\"text-align: left\">Grand lecteur de Descartes, il en retint la rigueur et la clart\u00e9 qu\u2019il appliqua \u00e0 la science juridique, \u00e0 l\u2019image de Jean Domat, jurisconsulte qui exercera sur lui une profonde influence. Il devint avocat du roi au Parquet du Ch\u00e2telet en 1689 puis avocat g\u00e9n\u00e9ral au Parlement de Paris en 1691, fonctions dans lesquelles il devint un ma\u00eetre dans l\u2019art oratoire. \u00c9lev\u00e9 dans un milieu jans\u00e9niste, il en fut lui m\u00eame tr\u00e8s proche, comme la plupart des parlementaires de son temps. Il fut nomm\u00e9 Chancelier en 1717 et assuma cette charge jusqu\u2019au 27 novembre 1750, date \u00e0 laquelle il d\u00e9missionna de ses fonctions et prit sa retraite. Malgr\u00e9 deux \u00e9pisodes de disgr\u00e2ce (1718-1720 pour opposition au syst\u00e8me de Law et 1722-1727 lors de l\u2019arriv\u00e9e du cardinal Dubois aux fonctions de ministre principal), il put accomplir de profondes r\u00e9formes dans ses fonctions de Chancelier. S\u2019il ne tenta pas v\u00e9ritablement d\u2019unifier le droit civil, qui conserva \u00e0 cette \u00e9poque une grande dimension identitaire \u00e0 laquelle les communaut\u00e9s et territoires attachaient un grand prix, du moins parvint-il \u00e0 simplifier les r\u00e8gles appliqu\u00e9es en mati\u00e8re de donations (1731), de testament (1735) et de substitution (1747). Les grandes ordonnances d\u2019Henri Fran\u00e7ois d\u2019Aguesseau marqu\u00e8rent ind\u00e9niablement une \u00e9tape majeure dans l\u2019unification du droit que seule, par la suite, la R\u00e9volution parvint \u00e0 r\u00e9aliser. On lui doit \u00e9galement des \u00e9volutions significatives en mati\u00e8re de proc\u00e9dure, et surtout d\u2019avoir fix\u00e9 les principales r\u00e8gles du recours en cassation (1738).<\/p>\n<p style=\"text-align: left\">\u00c0 c\u00f4t\u00e9 de cette \u0153uvre l\u00e9gislative, Henri Fran\u00e7ois d\u2019Aguesseau r\u00e9digea un grand nombre d\u2019ouvrages pour son propre usage, car ses hautes fonctions lui imposaient une r\u00e9serve qui en interdisait la publication. C\u2019est donc apr\u00e8s sa mort que ses textes commenc\u00e8rent \u00e0 \u00eatre connus. Une premi\u00e8re \u00e9dition de ses \u0152uvres en 13 volumes parut entre 1759 et 1789. Tr\u00e8s rapidement, ils furent admir\u00e9s, car son \u0153uvre mettait en lumi\u00e8re la raison juridique qui innervait l\u2019ancien droit. Sa bonne connaissance du cart\u00e9sianisme en fit aussi un auteur \u00ab\u00a0moderne\u00a0\u00bb qui jeta les fondements d\u2019un nouvel ordre juridique centr\u00e9 sur la loi, l\u2019intangibilit\u00e9 de l\u2019ordre juridique ou le principe de coll\u00e9gialit\u00e9.<\/p>\n<p style=\"text-align: left\">Henri Fran\u00e7ois d\u2019Aguesseau \u00e9tait issu d\u2019un milieu \u00e9rudit et \u00e9clair\u00e9. Il exprimait des id\u00e9es qui furent reprises par les Lumi\u00e8res et mises en \u0153uvre en partie par la bourgeoisie impliqu\u00e9e dans le processus r\u00e9volutionnaire, en particulier le rejet de la f\u00e9odalit\u00e9 et la prise de conscience de la constitution d\u2019une unit\u00e9 nationale. Ses id\u00e9es religieuses le portaient vers une certaine rigueur jans\u00e9niste mais son exp\u00e9rience de la vie politique et administrative le conduisirent \u00e0 prendre des positions gallicanes, contribuant \u00e0 int\u00e9grer l\u2019\u00c9glise dans l\u2019\u00c9tat, ce pourquoi on a pu voir en lui l\u2019un des inspirateurs de la constitution civile du clerg\u00e9. Henri Fran\u00e7ois d\u2019Aguesseau mourut \u00e0 Paris le 9 f\u00e9vrier 1751. Il avait alors 82 ans\u00a0; son \u00e9pouse, Anne Fran\u00e7oise Lef\u00e8vre d\u2019Ormesson avait disparu depuis longtemps en 1735. Il laissait le souvenir d\u2019un homme de m\u00e9rite et de vertu, d\u2019orateur et de grand juriste. Plusieurs monuments t\u00e9moignent des hommages qui lui furent rendus, en particulier des statues \u00e0 son effigie et un m\u00e9daillon de c\u00e9ramique int\u00e9gr\u00e9 dans la fa\u00e7ade de l\u2019H\u00f4tel de ville de Limoges, sa ville natale qui donna aussi son nom \u00e0 une rue proche du Palais de justice.<\/p>\n<p style=\"text-align: right\"><em>Notice r\u00e9dig\u00e9e par Pascal Plas, OMIJ, Directeur de la Chaire d\u2019excellence Gestion du conflit et de l\u2019apr\u00e8s-conflit<\/em><\/p>\n","protected":false},"excerpt":{"rendered":"<p>&nbsp; &nbsp; &nbsp; &nbsp; Henri Fran\u00e7ois d\u2019Aguesseau naquit \u00e0 Limoges le 27 novembre 1668 dans une famille de parlementaires anoblis \u00e0 la fin du XVIe si\u00e8cle. Son p\u00e8re \u00e9tait alors intendant du Limousin, ce qui explique sa naissance \u00e0 Limoges, sa m\u00e8re Claire Eug\u00e9nie Le Picart de P\u00e9rigny \u00e9tait la ni\u00e8ce de l\u2019avocat g\u00e9n\u00e9ral au [&hellip;]<\/p>\n","protected":false},"author":97,"featured_media":0,"parent":0,"menu_order":0,"comment_status":"closed","ping_status":"closed","template":"","meta":{"footnotes":""},"class_list":["post-64","page","type-page","status-publish","hentry"],"yoast_head":"<!-- This site is optimized with the Yoast SEO plugin v26.3 - https:\/\/yoast.com\/wordpress\/plugins\/seo\/ -->\n<title>Biographie d&#039;Henri-Fran\u00e7ois d&#039;Aguesseau - Entretiens d&#039;Aguesseau<\/title>\n<meta name=\"robots\" content=\"index, follow, max-snippet:-1, max-image-preview:large, max-video-preview:-1\" \/>\n<link rel=\"canonical\" href=\"http:\/\/asso.unilim.fr\/daguesseau\/biographie-dhenri-francois-daguesseau\/\" \/>\n<meta property=\"og:locale\" content=\"fr_FR\" \/>\n<meta property=\"og:type\" content=\"article\" \/>\n<meta property=\"og:title\" content=\"Biographie d&#039;Henri-Fran\u00e7ois d&#039;Aguesseau - Entretiens d&#039;Aguesseau\" \/>\n<meta property=\"og:description\" content=\"&nbsp; &nbsp; &nbsp; &nbsp; Henri Fran\u00e7ois d\u2019Aguesseau naquit \u00e0 Limoges le 27 novembre 1668 dans une famille de parlementaires anoblis \u00e0 la fin du XVIe si\u00e8cle. Son p\u00e8re \u00e9tait alors intendant du Limousin, ce qui explique sa naissance \u00e0 Limoges, sa m\u00e8re Claire Eug\u00e9nie Le Picart de P\u00e9rigny \u00e9tait la ni\u00e8ce de l\u2019avocat g\u00e9n\u00e9ral au [&hellip;]\" \/>\n<meta property=\"og:url\" content=\"http:\/\/asso.unilim.fr\/daguesseau\/biographie-dhenri-francois-daguesseau\/\" \/>\n<meta property=\"og:site_name\" content=\"Entretiens d&#039;Aguesseau\" \/>\n<meta property=\"article:modified_time\" content=\"2019-10-10T10:01:06+00:00\" \/>\n<meta property=\"og:image\" content=\"http:\/\/www.unilim.fr\/daguesseau\/wp-content\/uploads\/sites\/10\/2019\/10\/Statue_of_dAguesseau_Palais_Bourbon_Paris_28_July_2015-640x360.jpg\" \/>\n<meta name=\"twitter:card\" content=\"summary_large_image\" \/>\n<meta name=\"twitter:label1\" content=\"Dur\u00e9e de lecture estim\u00e9e\" \/>\n\t<meta name=\"twitter:data1\" content=\"3 minutes\" \/>\n<script type=\"application\/ld+json\" class=\"yoast-schema-graph\">{\"@context\":\"https:\/\/schema.org\",\"@graph\":[{\"@type\":\"WebPage\",\"@id\":\"http:\/\/asso.unilim.fr\/daguesseau\/biographie-dhenri-francois-daguesseau\/\",\"url\":\"http:\/\/asso.unilim.fr\/daguesseau\/biographie-dhenri-francois-daguesseau\/\",\"name\":\"Biographie d'Henri-Fran\u00e7ois d'Aguesseau - Entretiens d&#039;Aguesseau\",\"isPartOf\":{\"@id\":\"http:\/\/asso.unilim.fr\/daguesseau\/#website\"},\"primaryImageOfPage\":{\"@id\":\"http:\/\/asso.unilim.fr\/daguesseau\/biographie-dhenri-francois-daguesseau\/#primaryimage\"},\"image\":{\"@id\":\"http:\/\/asso.unilim.fr\/daguesseau\/biographie-dhenri-francois-daguesseau\/#primaryimage\"},\"thumbnailUrl\":\"http:\/\/www.unilim.fr\/daguesseau\/wp-content\/uploads\/sites\/10\/2019\/10\/Statue_of_dAguesseau_Palais_Bourbon_Paris_28_July_2015-640x360.jpg\",\"datePublished\":\"2019-08-23T13:40:53+00:00\",\"dateModified\":\"2019-10-10T10:01:06+00:00\",\"breadcrumb\":{\"@id\":\"http:\/\/asso.unilim.fr\/daguesseau\/biographie-dhenri-francois-daguesseau\/#breadcrumb\"},\"inLanguage\":\"fr-FR\",\"potentialAction\":[{\"@type\":\"ReadAction\",\"target\":[\"http:\/\/asso.unilim.fr\/daguesseau\/biographie-dhenri-francois-daguesseau\/\"]}]},{\"@type\":\"ImageObject\",\"inLanguage\":\"fr-FR\",\"@id\":\"http:\/\/asso.unilim.fr\/daguesseau\/biographie-dhenri-francois-daguesseau\/#primaryimage\",\"url\":\"http:\/\/www.unilim.fr\/daguesseau\/wp-content\/uploads\/sites\/10\/2019\/10\/Statue_of_dAguesseau_Palais_Bourbon_Paris_28_July_2015-640x360.jpg\",\"contentUrl\":\"http:\/\/www.unilim.fr\/daguesseau\/wp-content\/uploads\/sites\/10\/2019\/10\/Statue_of_dAguesseau_Palais_Bourbon_Paris_28_July_2015-640x360.jpg\"},{\"@type\":\"BreadcrumbList\",\"@id\":\"http:\/\/asso.unilim.fr\/daguesseau\/biographie-dhenri-francois-daguesseau\/#breadcrumb\",\"itemListElement\":[{\"@type\":\"ListItem\",\"position\":1,\"name\":\"Accueil\",\"item\":\"http:\/\/asso.unilim.fr\/daguesseau\/\"},{\"@type\":\"ListItem\",\"position\":2,\"name\":\"Biographie d&rsquo;Henri-Fran\u00e7ois d&rsquo;Aguesseau\"}]},{\"@type\":\"WebSite\",\"@id\":\"http:\/\/asso.unilim.fr\/daguesseau\/#website\",\"url\":\"http:\/\/asso.unilim.fr\/daguesseau\/\",\"name\":\"Entretiens d&#039;Aguesseau\",\"description\":\"universit\u00e9 ouverte source de r\u00e9ussites\",\"potentialAction\":[{\"@type\":\"SearchAction\",\"target\":{\"@type\":\"EntryPoint\",\"urlTemplate\":\"http:\/\/asso.unilim.fr\/daguesseau\/?s={search_term_string}\"},\"query-input\":{\"@type\":\"PropertyValueSpecification\",\"valueRequired\":true,\"valueName\":\"search_term_string\"}}],\"inLanguage\":\"fr-FR\"}]}<\/script>\n<!-- \/ Yoast SEO plugin. -->","yoast_head_json":{"title":"Biographie d'Henri-Fran\u00e7ois d'Aguesseau - Entretiens d&#039;Aguesseau","robots":{"index":"index","follow":"follow","max-snippet":"max-snippet:-1","max-image-preview":"max-image-preview:large","max-video-preview":"max-video-preview:-1"},"canonical":"http:\/\/asso.unilim.fr\/daguesseau\/biographie-dhenri-francois-daguesseau\/","og_locale":"fr_FR","og_type":"article","og_title":"Biographie d'Henri-Fran\u00e7ois d'Aguesseau - Entretiens d&#039;Aguesseau","og_description":"&nbsp; &nbsp; &nbsp; &nbsp; Henri Fran\u00e7ois d\u2019Aguesseau naquit \u00e0 Limoges le 27 novembre 1668 dans une famille de parlementaires anoblis \u00e0 la fin du XVIe si\u00e8cle. Son p\u00e8re \u00e9tait alors intendant du Limousin, ce qui explique sa naissance \u00e0 Limoges, sa m\u00e8re Claire Eug\u00e9nie Le Picart de P\u00e9rigny \u00e9tait la ni\u00e8ce de l\u2019avocat g\u00e9n\u00e9ral au [&hellip;]","og_url":"http:\/\/asso.unilim.fr\/daguesseau\/biographie-dhenri-francois-daguesseau\/","og_site_name":"Entretiens d&#039;Aguesseau","article_modified_time":"2019-10-10T10:01:06+00:00","og_image":[{"url":"http:\/\/www.unilim.fr\/daguesseau\/wp-content\/uploads\/sites\/10\/2019\/10\/Statue_of_dAguesseau_Palais_Bourbon_Paris_28_July_2015-640x360.jpg","type":"","width":"","height":""}],"twitter_card":"summary_large_image","twitter_misc":{"Dur\u00e9e de lecture estim\u00e9e":"3 minutes"},"schema":{"@context":"https:\/\/schema.org","@graph":[{"@type":"WebPage","@id":"http:\/\/asso.unilim.fr\/daguesseau\/biographie-dhenri-francois-daguesseau\/","url":"http:\/\/asso.unilim.fr\/daguesseau\/biographie-dhenri-francois-daguesseau\/","name":"Biographie d'Henri-Fran\u00e7ois d'Aguesseau - Entretiens d&#039;Aguesseau","isPartOf":{"@id":"http:\/\/asso.unilim.fr\/daguesseau\/#website"},"primaryImageOfPage":{"@id":"http:\/\/asso.unilim.fr\/daguesseau\/biographie-dhenri-francois-daguesseau\/#primaryimage"},"image":{"@id":"http:\/\/asso.unilim.fr\/daguesseau\/biographie-dhenri-francois-daguesseau\/#primaryimage"},"thumbnailUrl":"http:\/\/www.unilim.fr\/daguesseau\/wp-content\/uploads\/sites\/10\/2019\/10\/Statue_of_dAguesseau_Palais_Bourbon_Paris_28_July_2015-640x360.jpg","datePublished":"2019-08-23T13:40:53+00:00","dateModified":"2019-10-10T10:01:06+00:00","breadcrumb":{"@id":"http:\/\/asso.unilim.fr\/daguesseau\/biographie-dhenri-francois-daguesseau\/#breadcrumb"},"inLanguage":"fr-FR","potentialAction":[{"@type":"ReadAction","target":["http:\/\/asso.unilim.fr\/daguesseau\/biographie-dhenri-francois-daguesseau\/"]}]},{"@type":"ImageObject","inLanguage":"fr-FR","@id":"http:\/\/asso.unilim.fr\/daguesseau\/biographie-dhenri-francois-daguesseau\/#primaryimage","url":"http:\/\/www.unilim.fr\/daguesseau\/wp-content\/uploads\/sites\/10\/2019\/10\/Statue_of_dAguesseau_Palais_Bourbon_Paris_28_July_2015-640x360.jpg","contentUrl":"http:\/\/www.unilim.fr\/daguesseau\/wp-content\/uploads\/sites\/10\/2019\/10\/Statue_of_dAguesseau_Palais_Bourbon_Paris_28_July_2015-640x360.jpg"},{"@type":"BreadcrumbList","@id":"http:\/\/asso.unilim.fr\/daguesseau\/biographie-dhenri-francois-daguesseau\/#breadcrumb","itemListElement":[{"@type":"ListItem","position":1,"name":"Accueil","item":"http:\/\/asso.unilim.fr\/daguesseau\/"},{"@type":"ListItem","position":2,"name":"Biographie d&rsquo;Henri-Fran\u00e7ois d&rsquo;Aguesseau"}]},{"@type":"WebSite","@id":"http:\/\/asso.unilim.fr\/daguesseau\/#website","url":"http:\/\/asso.unilim.fr\/daguesseau\/","name":"Entretiens d&#039;Aguesseau","description":"universit\u00e9 ouverte source de r\u00e9ussites","potentialAction":[{"@type":"SearchAction","target":{"@type":"EntryPoint","urlTemplate":"http:\/\/asso.unilim.fr\/daguesseau\/?s={search_term_string}"},"query-input":{"@type":"PropertyValueSpecification","valueRequired":true,"valueName":"search_term_string"}}],"inLanguage":"fr-FR"}]}},"_links":{"self":[{"href":"https:\/\/asso.unilim.fr\/daguesseau\/wp-json\/wp\/v2\/pages\/64","targetHints":{"allow":["GET"]}}],"collection":[{"href":"https:\/\/asso.unilim.fr\/daguesseau\/wp-json\/wp\/v2\/pages"}],"about":[{"href":"https:\/\/asso.unilim.fr\/daguesseau\/wp-json\/wp\/v2\/types\/page"}],"author":[{"embeddable":true,"href":"https:\/\/asso.unilim.fr\/daguesseau\/wp-json\/wp\/v2\/users\/97"}],"replies":[{"embeddable":true,"href":"https:\/\/asso.unilim.fr\/daguesseau\/wp-json\/wp\/v2\/comments?post=64"}],"version-history":[{"count":0,"href":"https:\/\/asso.unilim.fr\/daguesseau\/wp-json\/wp\/v2\/pages\/64\/revisions"}],"wp:attachment":[{"href":"https:\/\/asso.unilim.fr\/daguesseau\/wp-json\/wp\/v2\/media?parent=64"}],"curies":[{"name":"wp","href":"https:\/\/api.w.org\/{rel}","templated":true}]}}