{"id":627,"date":"2021-12-16T10:58:29","date_gmt":"2021-12-16T09:58:29","guid":{"rendered":"http:\/\/asso.unilim.fr\/daguesseau\/?page_id=627"},"modified":"2021-12-16T10:58:29","modified_gmt":"2021-12-16T09:58:29","slug":"justice-en-mutation","status":"publish","type":"page","link":"https:\/\/asso.unilim.fr\/daguesseau\/justice-en-mutation\/","title":{"rendered":"Justice en mutation"},"content":{"rendered":"<p style=\"text-align: left\"><strong>Justice en mutation<\/strong><\/p>\n<p style=\"text-align: left\">Colloque tenu \u00e0 Limoges le 6 d\u00e9cembre 2019<\/p>\n<p style=\"text-align: left\">Coordination \u00e9ditoriale par H\u00e9l\u00e8ne Pauliat, Pierre Valleix et Laurent Berthier <a href=\"http:\/\/www.daguesseau.fr\/daguesseau\/?attachment_id=628\" rel=\"attachment wp-att-628\"><img loading=\"lazy\" decoding=\"async\" class=\"size-medium wp-image-628 alignright\" src=\"https:\/\/www.daguesseau.fr\/wp-content\/uploads\/sites\/10\/2021\/12\/84287-843-6-193x300.jpg\" alt=\"\" width=\"193\" height=\"300\" srcset=\"https:\/\/www.daguesseau.fr\/wp-content\/uploads\/sites\/10\/2021\/12\/84287-843-6-193x300.jpg 193w, https:\/\/www.daguesseau.fr\/wp-content\/uploads\/sites\/10\/2021\/12\/84287-843-6-659x1024.jpg 659w, https:\/\/www.daguesseau.fr\/wp-content\/uploads\/sites\/10\/2021\/12\/84287-843-6-768x1193.jpg 768w, https:\/\/www.daguesseau.fr\/wp-content\/uploads\/sites\/10\/2021\/12\/84287-843-6-989x1536.jpg 989w, https:\/\/www.daguesseau.fr\/wp-content\/uploads\/sites\/10\/2021\/12\/84287-843-6-1318x2048.jpg 1318w, https:\/\/www.daguesseau.fr\/wp-content\/uploads\/sites\/10\/2021\/12\/84287-843-6-scaled.jpg 1648w\" sizes=\"auto, (max-width: 193px) 100vw, 193px\" \/><\/a><\/p>\n<p style=\"text-align: left\">En 2019, l\u2019association Les Entretiens d\u2019Aguesseau a orient\u00e9 ses travaux sur le th\u00e8me de la justice du XXIe si\u00e8cle, dont les \u00e9volutions affectent \u00e0 la fois l\u2019organisation, le fonctionnement, la gouvernance. L\u2019action entreprise depuis plusieurs ann\u00e9es par les ministres de la justice \u2013 que l\u2019on songe sp\u00e9cialement \u00e0 la loi de modernisation de la justice du XXIe si\u00e8cle du 18 novembre 2016 ou, plus r\u00e9cemment, \u00e0 la loi de programmation et de r\u00e9forme pour la justice du 23\u00a0mars 2019\u00a0\u2013 t\u00e9moignent du souci constant de la simplifier, d\u2019en faciliter l\u2019acc\u00e8s, de la rendre plus efficace.<\/p>\n<p style=\"text-align: left\">Comment ces exigences se concr\u00e9tisent-elles, et que signifient-elles\u00a0? Le colloque du 6\u00a0d\u00e9cembre 2019 \u2013 articul\u00e9 autour de trois tables rondes consacr\u00e9es \u00e0 la simplification de la justice, \u00e0 l\u2019impact du num\u00e9rique sur la justice, ainsi qu\u2019\u00e0 la nouvelle gouvernance et \u00e0 la qualit\u00e9 de la justice \u2013 a donn\u00e9 l\u2019occasion aux acteurs de la justice et aux universitaires de dresser un \u00e9tat des lieux des mutations en cours et de d\u00e9terminer dans quelle mesure ces derni\u00e8res permettent de rendre le meilleur service possible au justiciable.<\/p>\n<p style=\"text-align: left\">\u00c9dition : Presses Universitaires de Limoges (PULIM)<\/p>\n<p style=\"text-align: left\">Collection : Entretiens d\u2019Aguesseau<br \/>\nAnn\u00e9e de publication : 2021<br \/>\nLangue : Fran\u00e7ais<br \/>\nISBN 10 2-84287-843-6<br \/>\nISBN 139782842878436<\/p>\n","protected":false},"excerpt":{"rendered":"<p>Justice en mutation Colloque tenu \u00e0 Limoges le 6 d\u00e9cembre 2019 Coordination \u00e9ditoriale par H\u00e9l\u00e8ne Pauliat, Pierre Valleix et Laurent Berthier En 2019, l\u2019association Les Entretiens d\u2019Aguesseau a orient\u00e9 ses travaux sur le th\u00e8me de la justice du XXIe si\u00e8cle, dont les \u00e9volutions affectent \u00e0 la fois l\u2019organisation, le fonctionnement, la gouvernance. L\u2019action entreprise depuis [&hellip;]<\/p>\n","protected":false},"author":97,"featured_media":0,"parent":0,"menu_order":0,"comment_status":"closed","ping_status":"closed","template":"","meta":{"footnotes":""},"class_list":["post-627","page","type-page","status-publish","hentry"],"yoast_head":"<!-- This site is optimized with the Yoast SEO plugin v26.3 - https:\/\/yoast.com\/wordpress\/plugins\/seo\/ -->\n<title>Justice en mutation - Entretiens d&#039;Aguesseau<\/title>\n<meta name=\"robots\" content=\"index, follow, max-snippet:-1, max-image-preview:large, max-video-preview:-1\" \/>\n<link rel=\"canonical\" href=\"http:\/\/asso.unilim.fr\/daguesseau\/justice-en-mutation\/\" \/>\n<meta property=\"og:locale\" content=\"fr_FR\" \/>\n<meta property=\"og:type\" content=\"article\" \/>\n<meta property=\"og:title\" content=\"Justice en mutation - Entretiens d&#039;Aguesseau\" \/>\n<meta property=\"og:description\" content=\"Justice en mutation Colloque tenu \u00e0 Limoges le 6 d\u00e9cembre 2019 Coordination \u00e9ditoriale par H\u00e9l\u00e8ne Pauliat, Pierre Valleix et Laurent Berthier En 2019, l\u2019association Les Entretiens d\u2019Aguesseau a orient\u00e9 ses travaux sur le th\u00e8me de la justice du XXIe si\u00e8cle, dont les \u00e9volutions affectent \u00e0 la fois l\u2019organisation, le fonctionnement, la gouvernance. L\u2019action entreprise depuis [&hellip;]\" \/>\n<meta property=\"og:url\" content=\"http:\/\/asso.unilim.fr\/daguesseau\/justice-en-mutation\/\" \/>\n<meta property=\"og:site_name\" content=\"Entretiens d&#039;Aguesseau\" \/>\n<meta property=\"og:image\" content=\"https:\/\/www.daguesseau.fr\/wp-content\/uploads\/sites\/10\/2021\/12\/84287-843-6-193x300.jpg\" \/>\n<meta name=\"twitter:card\" content=\"summary_large_image\" \/>\n<meta name=\"twitter:label1\" content=\"Dur\u00e9e de lecture estim\u00e9e\" \/>\n\t<meta name=\"twitter:data1\" content=\"1 minute\" \/>\n<script type=\"application\/ld+json\" class=\"yoast-schema-graph\">{\"@context\":\"https:\/\/schema.org\",\"@graph\":[{\"@type\":\"WebPage\",\"@id\":\"http:\/\/asso.unilim.fr\/daguesseau\/justice-en-mutation\/\",\"url\":\"http:\/\/asso.unilim.fr\/daguesseau\/justice-en-mutation\/\",\"name\":\"Justice en mutation - Entretiens d&#039;Aguesseau\",\"isPartOf\":{\"@id\":\"http:\/\/asso.unilim.fr\/daguesseau\/#website\"},\"primaryImageOfPage\":{\"@id\":\"http:\/\/asso.unilim.fr\/daguesseau\/justice-en-mutation\/#primaryimage\"},\"image\":{\"@id\":\"http:\/\/asso.unilim.fr\/daguesseau\/justice-en-mutation\/#primaryimage\"},\"thumbnailUrl\":\"https:\/\/www.daguesseau.fr\/wp-content\/uploads\/sites\/10\/2021\/12\/84287-843-6-193x300.jpg\",\"datePublished\":\"2021-12-16T09:58:29+00:00\",\"breadcrumb\":{\"@id\":\"http:\/\/asso.unilim.fr\/daguesseau\/justice-en-mutation\/#breadcrumb\"},\"inLanguage\":\"fr-FR\",\"potentialAction\":[{\"@type\":\"ReadAction\",\"target\":[\"http:\/\/asso.unilim.fr\/daguesseau\/justice-en-mutation\/\"]}]},{\"@type\":\"ImageObject\",\"inLanguage\":\"fr-FR\",\"@id\":\"http:\/\/asso.unilim.fr\/daguesseau\/justice-en-mutation\/#primaryimage\",\"url\":\"https:\/\/www.daguesseau.fr\/wp-content\/uploads\/sites\/10\/2021\/12\/84287-843-6-193x300.jpg\",\"contentUrl\":\"https:\/\/www.daguesseau.fr\/wp-content\/uploads\/sites\/10\/2021\/12\/84287-843-6-193x300.jpg\"},{\"@type\":\"BreadcrumbList\",\"@id\":\"http:\/\/asso.unilim.fr\/daguesseau\/justice-en-mutation\/#breadcrumb\",\"itemListElement\":[{\"@type\":\"ListItem\",\"position\":1,\"name\":\"Accueil\",\"item\":\"http:\/\/asso.unilim.fr\/daguesseau\/\"},{\"@type\":\"ListItem\",\"position\":2,\"name\":\"Justice en mutation\"}]},{\"@type\":\"WebSite\",\"@id\":\"http:\/\/asso.unilim.fr\/daguesseau\/#website\",\"url\":\"http:\/\/asso.unilim.fr\/daguesseau\/\",\"name\":\"Entretiens d&#039;Aguesseau\",\"description\":\"universit\u00e9 ouverte source de r\u00e9ussites\",\"potentialAction\":[{\"@type\":\"SearchAction\",\"target\":{\"@type\":\"EntryPoint\",\"urlTemplate\":\"http:\/\/asso.unilim.fr\/daguesseau\/?s={search_term_string}\"},\"query-input\":{\"@type\":\"PropertyValueSpecification\",\"valueRequired\":true,\"valueName\":\"search_term_string\"}}],\"inLanguage\":\"fr-FR\"}]}<\/script>\n<!-- \/ Yoast SEO plugin. -->","yoast_head_json":{"title":"Justice en mutation - Entretiens d&#039;Aguesseau","robots":{"index":"index","follow":"follow","max-snippet":"max-snippet:-1","max-image-preview":"max-image-preview:large","max-video-preview":"max-video-preview:-1"},"canonical":"http:\/\/asso.unilim.fr\/daguesseau\/justice-en-mutation\/","og_locale":"fr_FR","og_type":"article","og_title":"Justice en mutation - Entretiens d&#039;Aguesseau","og_description":"Justice en mutation Colloque tenu \u00e0 Limoges le 6 d\u00e9cembre 2019 Coordination \u00e9ditoriale par H\u00e9l\u00e8ne Pauliat, Pierre Valleix et Laurent Berthier En 2019, l\u2019association Les Entretiens d\u2019Aguesseau a orient\u00e9 ses travaux sur le th\u00e8me de la justice du XXIe si\u00e8cle, dont les \u00e9volutions affectent \u00e0 la fois l\u2019organisation, le fonctionnement, la gouvernance. L\u2019action entreprise depuis [&hellip;]","og_url":"http:\/\/asso.unilim.fr\/daguesseau\/justice-en-mutation\/","og_site_name":"Entretiens d&#039;Aguesseau","og_image":[{"url":"https:\/\/www.daguesseau.fr\/wp-content\/uploads\/sites\/10\/2021\/12\/84287-843-6-193x300.jpg","type":"","width":"","height":""}],"twitter_card":"summary_large_image","twitter_misc":{"Dur\u00e9e de lecture estim\u00e9e":"1 minute"},"schema":{"@context":"https:\/\/schema.org","@graph":[{"@type":"WebPage","@id":"http:\/\/asso.unilim.fr\/daguesseau\/justice-en-mutation\/","url":"http:\/\/asso.unilim.fr\/daguesseau\/justice-en-mutation\/","name":"Justice en mutation - Entretiens d&#039;Aguesseau","isPartOf":{"@id":"http:\/\/asso.unilim.fr\/daguesseau\/#website"},"primaryImageOfPage":{"@id":"http:\/\/asso.unilim.fr\/daguesseau\/justice-en-mutation\/#primaryimage"},"image":{"@id":"http:\/\/asso.unilim.fr\/daguesseau\/justice-en-mutation\/#primaryimage"},"thumbnailUrl":"https:\/\/www.daguesseau.fr\/wp-content\/uploads\/sites\/10\/2021\/12\/84287-843-6-193x300.jpg","datePublished":"2021-12-16T09:58:29+00:00","breadcrumb":{"@id":"http:\/\/asso.unilim.fr\/daguesseau\/justice-en-mutation\/#breadcrumb"},"inLanguage":"fr-FR","potentialAction":[{"@type":"ReadAction","target":["http:\/\/asso.unilim.fr\/daguesseau\/justice-en-mutation\/"]}]},{"@type":"ImageObject","inLanguage":"fr-FR","@id":"http:\/\/asso.unilim.fr\/daguesseau\/justice-en-mutation\/#primaryimage","url":"https:\/\/www.daguesseau.fr\/wp-content\/uploads\/sites\/10\/2021\/12\/84287-843-6-193x300.jpg","contentUrl":"https:\/\/www.daguesseau.fr\/wp-content\/uploads\/sites\/10\/2021\/12\/84287-843-6-193x300.jpg"},{"@type":"BreadcrumbList","@id":"http:\/\/asso.unilim.fr\/daguesseau\/justice-en-mutation\/#breadcrumb","itemListElement":[{"@type":"ListItem","position":1,"name":"Accueil","item":"http:\/\/asso.unilim.fr\/daguesseau\/"},{"@type":"ListItem","position":2,"name":"Justice en mutation"}]},{"@type":"WebSite","@id":"http:\/\/asso.unilim.fr\/daguesseau\/#website","url":"http:\/\/asso.unilim.fr\/daguesseau\/","name":"Entretiens d&#039;Aguesseau","description":"universit\u00e9 ouverte source de r\u00e9ussites","potentialAction":[{"@type":"SearchAction","target":{"@type":"EntryPoint","urlTemplate":"http:\/\/asso.unilim.fr\/daguesseau\/?s={search_term_string}"},"query-input":{"@type":"PropertyValueSpecification","valueRequired":true,"valueName":"search_term_string"}}],"inLanguage":"fr-FR"}]}},"_links":{"self":[{"href":"https:\/\/asso.unilim.fr\/daguesseau\/wp-json\/wp\/v2\/pages\/627","targetHints":{"allow":["GET"]}}],"collection":[{"href":"https:\/\/asso.unilim.fr\/daguesseau\/wp-json\/wp\/v2\/pages"}],"about":[{"href":"https:\/\/asso.unilim.fr\/daguesseau\/wp-json\/wp\/v2\/types\/page"}],"author":[{"embeddable":true,"href":"https:\/\/asso.unilim.fr\/daguesseau\/wp-json\/wp\/v2\/users\/97"}],"replies":[{"embeddable":true,"href":"https:\/\/asso.unilim.fr\/daguesseau\/wp-json\/wp\/v2\/comments?post=627"}],"version-history":[{"count":0,"href":"https:\/\/asso.unilim.fr\/daguesseau\/wp-json\/wp\/v2\/pages\/627\/revisions"}],"wp:attachment":[{"href":"https:\/\/asso.unilim.fr\/daguesseau\/wp-json\/wp\/v2\/media?parent=627"}],"curies":[{"name":"wp","href":"https:\/\/api.w.org\/{rel}","templated":true}]}}