{"id":5,"date":"2019-03-20T23:00:00","date_gmt":"2019-03-21T08:50:03","guid":{"rendered":"http:\/\/asso.unilim.fr\/daguesseau\/mentions-legales\/"},"modified":"2019-11-06T19:39:09","modified_gmt":"2019-11-06T18:39:09","slug":"mentions-legales","status":"publish","type":"page","link":"https:\/\/asso.unilim.fr\/daguesseau\/mentions-legales\/","title":{"rendered":"Mentions l\u00e9gales"},"content":{"rendered":"        <div class=\"container-fluid  \" style=\"\">\n                      <div class=\"container\">\n                <div class=\"row \" style=\"margin-top: 30px;margin-bottom: 30px\"><\/div>\n            <\/div>\n                  <\/div>\n                <div class=\"col-md-12 \">\n                    <\/div>\n                <div class=\"clearfix ul-element-text \">\n                    <\/div>\n        \n<h3>Editeur, responsable de la publication<\/h3>\n<p>Ce site web est le site officiel de : <code>Association Les Entretiens d'Aguesseau\u00a0<\/code><\/p>\n<h3>Directeur de publication<\/h3>\n<p>Alain C\u00e9l\u00e9rier , Pr\u00e9sident de l&rsquo;Universit\u00e9.<br \/>\nContact : <a title=\"presidence@unilim.fr\" href=\"mailto:presidence@unilim.fr\" target=\"_blank\" rel=\"noopener noreferrer\">presidence@unilim.fr<\/a><\/p>\n<h3>Responsabilit\u00e9 \u00e9ditoriale<\/h3>\n<p><code>Caroline Boyer-Capelle\u00a0<\/code><br \/>\nContact : <code>caroline.boyer-capelle@unilim.fr<\/code><\/p>\n<h3>R\u00e9alisation<\/h3>\n<p>Association Les Entretiens d&rsquo;Aguesseau<\/p>\n<h3>Cr\u00e9dits photographiques<\/h3>\n<p><code>Association Les Entretiens d'Aguesseau\u00a0<\/code><\/p>\n<h3>H\u00e9bergeur<\/h3>\n<address><strong>Direction du Syst\u00e8me d&rsquo;Information de l&rsquo;Universit\u00e9 de Limoges<\/strong><br \/>\n123 Av. Albert Thomas<br \/>\n87060 Limoges Cedex<br \/>\n<abbr title=\"T\u00e9l\u00e9phone\">T\u00e9l :<\/abbr> 05 87 08 08 00<br \/>\n<abbr title=\"T\u00e9l\u00e9copie\">Fax :<\/abbr> 05 55 45 75 95<br \/>\n<strong>Courriel<\/strong><br \/>\n<a href=\"mailto:webmaster@unilim.fr\" target=\"_blank\" rel=\"noopener noreferrer\">webmaster@unilim.fr<\/a><\/address>\n<h3>Acc\u00e8s au site<\/h3>\n<p>L&rsquo;utilisateur du site internet : www. daguesseau.fr reconna\u00eet disposer de la comp\u00e9tence et des moyens n\u00e9cessaires pour acc\u00e9der et utiliser ce site internet.<code><\/code><\/p>\n<h3>Protection des donn\u00e9es personnelles<\/h3>\n<p>Des donn\u00e9es \u00e0 caract\u00e8re personnel (nom, pr\u00e9nom, fonction, adresses mail) sont susceptibles d\u2019\u00eatre collect\u00e9es par l\u2019Association <em>Les Entretiens d\u2019Aguesseau<\/em> dans le cadre de participation \u00e0 des \u00e9v\u00e9nements. Ces donn\u00e9es sont destin\u00e9es \u00e0 l\u2019\u00e9quipe du secr\u00e9tariat g\u00e9n\u00e9ral de l\u2019association. A la fin d&rsquo;un \u00e9v\u00e9nement, la liste des donn\u00e9es requises \u00e0 l&rsquo;inscription est supprim\u00e9e. Aucun transfert des donn\u00e9es hors de l\u2019Union Europ\u00e9enne n\u2019est r\u00e9alis\u00e9.<\/p>\n<p>Conform\u00e9ment aux dispositions l\u00e9gales et r\u00e8glementaires applicables, en particulier la loi n\u00b0 78-17 du 6 janvier modifi\u00e9e relative \u00e0 l\u2019informatique, aux fichiers et aux libert\u00e9s et le r\u00e8glement europ\u00e9en n\u00b0 2016\/679\/UE du 27 avril 2016, vous pouvez acc\u00e9der et obtenir copie des donn\u00e9es vous concernant, les faire rectifier ou les faire effacer. Vous disposez \u00e9galement d&rsquo;un droit d\u2019opposition, de limitation du traitement de vos donn\u00e9es ainsi que du droit \u00e0 la portabilit\u00e9.<\/p>\n<p>Pour exercer ces droits ou pour toute question sur le traitement de vos donn\u00e9es, vous pouvez contacter la d\u00e9l\u00e9gu\u00e9e \u00e0 la protection des donn\u00e9es par voie \u00e9lectronique : dpd@unilim.fr, ou par courrier postal \u00e0 l\u2019Universit\u00e9 de Limoges, 33 rue Fran\u00e7ois Mitterrand, 87031, Limoges Cedex 01.<\/p>\n<h3>Droit d&rsquo;auteur &#8211; Copyright<\/h3>\n<p>L&rsquo;ensemble de ce site rel\u00e8ve de la l\u00e9gislation fran\u00e7aise et internationale sur le droit d&rsquo;auteur et la propri\u00e9t\u00e9 intellectuelle. Tous les droits de reproduction sont r\u00e9serv\u00e9s, y compris pour les documents t\u00e9l\u00e9chargeables et les repr\u00e9sentations iconographiques et photographiques. La reproduction de tout ou partie de ce site sur un support \u00e9lectronique quel qu&rsquo;il soit est formellement interdite sauf autorisation expresse du Pr\u00e9sident de l&rsquo;universit\u00e9 qui est \u00e9galement directeur de publication. Vous pouvez \u00e9crire au Service Communication qui se chargera de transmettre votre demande et vous fera part de la r\u00e9ponse du directeur de publication.<br \/>\nLa reproduction des textes de ce site sur un support papier est autoris\u00e9e, tout particuli\u00e8rement dans le cadre p\u00e9dagogique, sous r\u00e9serve du respect des trois conditions suivantes :<\/p>\n<ul>\n<li>gratuit\u00e9 de la diffusion,<\/li>\n<li>respect de l&rsquo;int\u00e9grit\u00e9 des documents reproduits : pas de modification ni alt\u00e9ration d&rsquo;aucune sorte,<\/li>\n<li>citation claire et lisible de la source sous la forme suivante, par exemple : \u00ab\u00a0ce document provient du site internet : http:\/\/www. daguesseau.fr. Les droits de reproduction sont r\u00e9serv\u00e9s et strictement limit\u00e9s\u00a0\u00bb. L&rsquo;adresse internet du site du Association Entretien d&rsquo;Aguesseau (indiquez le nom de la composante, du laboratoire, de l&rsquo;institut\u2026) doit imp\u00e9rativement figurer dans la r\u00e9f\u00e9rence.<\/li>\n<\/ul>\n<p>Pour d&rsquo;autres utilisations, veuillez nous consulter.<br \/>\nLes liens hypertextes mis en place dans le cadre du pr\u00e9sent site web en direction d&rsquo;autres ressources pr\u00e9sentes sur le r\u00e9seau internet, ne sauraient engager la responsabilit\u00e9 de l&rsquo;Universit\u00e9 de Limoges.<br \/>\nLes utilisateurs et visiteurs du site web ne peuvent mettre en place un hyperlien en direction de ce site sans l&rsquo;autorisation \u00e9crite expresse et pr\u00e9alable du Pr\u00e9sident de l&rsquo;Universit\u00e9 de Limoges. Pour cela merci d&rsquo;adresser un mail \u00e0 <a title=\"com@unilim.fr\" href=\"mailto:com@unilim.fr\" target=\"_blank\" rel=\"noopener noreferrer\">com@unilim.fr<\/a> ou \u00e9crire \u00e0 :<\/p>\n<address><strong>Monsieur le Pr\u00e9sident<\/strong><br \/>\n33,Rue Fran\u00e7ois Mitterrand BP 23204<br \/>\n87032 Limoges CEDEX 01<\/address>\n<h3>Publications &#8211; Actualit\u00e9s<\/h3>\n<p>Les documents diffus\u00e9s en version \u00e9lectronique sur ce site peuvent avoir fait l&rsquo;objet de mises \u00e0 jour entre le moment o\u00f9 vous les avez t\u00e9l\u00e9charg\u00e9s et celui o\u00f9 vous en prenez connaissance. En cons\u00e9quence, nous vous recommandons d&rsquo;en v\u00e9rifier la validit\u00e9.<\/p>\n<h3>Contenu du site<\/h3>\n<p>L&rsquo;association Les Entretiens d&rsquo;Aguesseau met \u00e0 disposition des utilisateurs du site web www. daguesseau.fr des informations et outils disponibles et v\u00e9rifi\u00e9s, mais il ne saurait \u00eatre tenu pour responsable des erreurs ou de l&rsquo;indisponibilit\u00e9 de certaines informations.<br \/>\nNous remercions les utilisateurs du site de nous faire part d&rsquo;\u00e9ventuelles omissions, erreurs ou corrections \u00e0 apporter, en adressant un courriel au webmestre du site \u00e0 l&rsquo;adresse webmaster-daguesseau@unilim.fr<\/p>\n","protected":false},"excerpt":{"rendered":"<p>Editeur, responsable de la publication Ce site web est le site officiel de : Association Les Entretiens d&rsquo;Aguesseau\u00a0 Directeur de publication Alain C\u00e9l\u00e9rier , Pr\u00e9sident de l&rsquo;Universit\u00e9. Contact : presidence@unilim.fr Responsabilit\u00e9 \u00e9ditoriale Caroline Boyer-Capelle\u00a0 Contact : caroline.boyer-capelle@unilim.fr R\u00e9alisation Association Les Entretiens d&rsquo;Aguesseau Cr\u00e9dits photographiques Association Les Entretiens d&rsquo;Aguesseau\u00a0 H\u00e9bergeur Direction du Syst\u00e8me d&rsquo;Information de l&rsquo;Universit\u00e9 [&hellip;]<\/p>\n","protected":false},"author":1,"featured_media":0,"parent":0,"menu_order":0,"comment_status":"closed","ping_status":"closed","template":"page-le.php","meta":{"footnotes":""},"class_list":["post-5","page","type-page","status-publish","hentry"],"yoast_head":"<!-- This site is optimized with the Yoast SEO plugin v26.3 - https:\/\/yoast.com\/wordpress\/plugins\/seo\/ -->\n<title>Mentions l\u00e9gales - Entretiens d&#039;Aguesseau<\/title>\n<meta name=\"robots\" content=\"index, follow, max-snippet:-1, max-image-preview:large, max-video-preview:-1\" \/>\n<link rel=\"canonical\" href=\"http:\/\/asso.unilim.fr\/daguesseau\/mentions-legales\/\" \/>\n<meta property=\"og:locale\" content=\"fr_FR\" \/>\n<meta property=\"og:type\" content=\"article\" \/>\n<meta property=\"og:title\" content=\"Mentions l\u00e9gales - Entretiens d&#039;Aguesseau\" \/>\n<meta property=\"og:description\" content=\"Editeur, responsable de la publication Ce site web est le site officiel de : Association Les Entretiens d&#039;Aguesseau\u00a0 Directeur de publication Alain C\u00e9l\u00e9rier , Pr\u00e9sident de l&rsquo;Universit\u00e9. Contact : presidence@unilim.fr Responsabilit\u00e9 \u00e9ditoriale Caroline Boyer-Capelle\u00a0 Contact : caroline.boyer-capelle@unilim.fr R\u00e9alisation Association Les Entretiens d&rsquo;Aguesseau Cr\u00e9dits photographiques Association Les Entretiens d&#039;Aguesseau\u00a0 H\u00e9bergeur Direction du Syst\u00e8me d&rsquo;Information de l&rsquo;Universit\u00e9 [&hellip;]\" \/>\n<meta property=\"og:url\" content=\"http:\/\/asso.unilim.fr\/daguesseau\/mentions-legales\/\" \/>\n<meta property=\"og:site_name\" content=\"Entretiens d&#039;Aguesseau\" \/>\n<meta property=\"article:modified_time\" content=\"2019-11-06T18:39:09+00:00\" \/>\n<meta name=\"twitter:card\" content=\"summary_large_image\" \/>\n<meta name=\"twitter:label1\" content=\"Dur\u00e9e de lecture estim\u00e9e\" \/>\n\t<meta name=\"twitter:data1\" content=\"4 minutes\" \/>\n<script type=\"application\/ld+json\" class=\"yoast-schema-graph\">{\"@context\":\"https:\/\/schema.org\",\"@graph\":[{\"@type\":\"WebPage\",\"@id\":\"http:\/\/asso.unilim.fr\/daguesseau\/mentions-legales\/\",\"url\":\"http:\/\/asso.unilim.fr\/daguesseau\/mentions-legales\/\",\"name\":\"Mentions l\u00e9gales - Entretiens d&#039;Aguesseau\",\"isPartOf\":{\"@id\":\"http:\/\/asso.unilim.fr\/daguesseau\/#website\"},\"datePublished\":\"2019-03-21T08:50:03+00:00\",\"dateModified\":\"2019-11-06T18:39:09+00:00\",\"breadcrumb\":{\"@id\":\"http:\/\/asso.unilim.fr\/daguesseau\/mentions-legales\/#breadcrumb\"},\"inLanguage\":\"fr-FR\",\"potentialAction\":[{\"@type\":\"ReadAction\",\"target\":[\"http:\/\/asso.unilim.fr\/daguesseau\/mentions-legales\/\"]}]},{\"@type\":\"BreadcrumbList\",\"@id\":\"http:\/\/asso.unilim.fr\/daguesseau\/mentions-legales\/#breadcrumb\",\"itemListElement\":[{\"@type\":\"ListItem\",\"position\":1,\"name\":\"Accueil\",\"item\":\"http:\/\/asso.unilim.fr\/daguesseau\/\"},{\"@type\":\"ListItem\",\"position\":2,\"name\":\"Mentions l\u00e9gales\"}]},{\"@type\":\"WebSite\",\"@id\":\"http:\/\/asso.unilim.fr\/daguesseau\/#website\",\"url\":\"http:\/\/asso.unilim.fr\/daguesseau\/\",\"name\":\"Entretiens d&#039;Aguesseau\",\"description\":\"universit\u00e9 ouverte source de r\u00e9ussites\",\"potentialAction\":[{\"@type\":\"SearchAction\",\"target\":{\"@type\":\"EntryPoint\",\"urlTemplate\":\"http:\/\/asso.unilim.fr\/daguesseau\/?s={search_term_string}\"},\"query-input\":{\"@type\":\"PropertyValueSpecification\",\"valueRequired\":true,\"valueName\":\"search_term_string\"}}],\"inLanguage\":\"fr-FR\"}]}<\/script>\n<!-- \/ Yoast SEO plugin. -->","yoast_head_json":{"title":"Mentions l\u00e9gales - Entretiens d&#039;Aguesseau","robots":{"index":"index","follow":"follow","max-snippet":"max-snippet:-1","max-image-preview":"max-image-preview:large","max-video-preview":"max-video-preview:-1"},"canonical":"http:\/\/asso.unilim.fr\/daguesseau\/mentions-legales\/","og_locale":"fr_FR","og_type":"article","og_title":"Mentions l\u00e9gales - Entretiens d&#039;Aguesseau","og_description":"Editeur, responsable de la publication Ce site web est le site officiel de : Association Les Entretiens d'Aguesseau\u00a0 Directeur de publication Alain C\u00e9l\u00e9rier , Pr\u00e9sident de l&rsquo;Universit\u00e9. Contact : presidence@unilim.fr Responsabilit\u00e9 \u00e9ditoriale Caroline Boyer-Capelle\u00a0 Contact : caroline.boyer-capelle@unilim.fr R\u00e9alisation Association Les Entretiens d&rsquo;Aguesseau Cr\u00e9dits photographiques Association Les Entretiens d'Aguesseau\u00a0 H\u00e9bergeur Direction du Syst\u00e8me d&rsquo;Information de l&rsquo;Universit\u00e9 [&hellip;]","og_url":"http:\/\/asso.unilim.fr\/daguesseau\/mentions-legales\/","og_site_name":"Entretiens d&#039;Aguesseau","article_modified_time":"2019-11-06T18:39:09+00:00","twitter_card":"summary_large_image","twitter_misc":{"Dur\u00e9e de lecture estim\u00e9e":"4 minutes"},"schema":{"@context":"https:\/\/schema.org","@graph":[{"@type":"WebPage","@id":"http:\/\/asso.unilim.fr\/daguesseau\/mentions-legales\/","url":"http:\/\/asso.unilim.fr\/daguesseau\/mentions-legales\/","name":"Mentions l\u00e9gales - Entretiens d&#039;Aguesseau","isPartOf":{"@id":"http:\/\/asso.unilim.fr\/daguesseau\/#website"},"datePublished":"2019-03-21T08:50:03+00:00","dateModified":"2019-11-06T18:39:09+00:00","breadcrumb":{"@id":"http:\/\/asso.unilim.fr\/daguesseau\/mentions-legales\/#breadcrumb"},"inLanguage":"fr-FR","potentialAction":[{"@type":"ReadAction","target":["http:\/\/asso.unilim.fr\/daguesseau\/mentions-legales\/"]}]},{"@type":"BreadcrumbList","@id":"http:\/\/asso.unilim.fr\/daguesseau\/mentions-legales\/#breadcrumb","itemListElement":[{"@type":"ListItem","position":1,"name":"Accueil","item":"http:\/\/asso.unilim.fr\/daguesseau\/"},{"@type":"ListItem","position":2,"name":"Mentions l\u00e9gales"}]},{"@type":"WebSite","@id":"http:\/\/asso.unilim.fr\/daguesseau\/#website","url":"http:\/\/asso.unilim.fr\/daguesseau\/","name":"Entretiens d&#039;Aguesseau","description":"universit\u00e9 ouverte source de r\u00e9ussites","potentialAction":[{"@type":"SearchAction","target":{"@type":"EntryPoint","urlTemplate":"http:\/\/asso.unilim.fr\/daguesseau\/?s={search_term_string}"},"query-input":{"@type":"PropertyValueSpecification","valueRequired":true,"valueName":"search_term_string"}}],"inLanguage":"fr-FR"}]}},"_links":{"self":[{"href":"https:\/\/asso.unilim.fr\/daguesseau\/wp-json\/wp\/v2\/pages\/5","targetHints":{"allow":["GET"]}}],"collection":[{"href":"https:\/\/asso.unilim.fr\/daguesseau\/wp-json\/wp\/v2\/pages"}],"about":[{"href":"https:\/\/asso.unilim.fr\/daguesseau\/wp-json\/wp\/v2\/types\/page"}],"author":[{"embeddable":true,"href":"https:\/\/asso.unilim.fr\/daguesseau\/wp-json\/wp\/v2\/users\/1"}],"replies":[{"embeddable":true,"href":"https:\/\/asso.unilim.fr\/daguesseau\/wp-json\/wp\/v2\/comments?post=5"}],"version-history":[{"count":0,"href":"https:\/\/asso.unilim.fr\/daguesseau\/wp-json\/wp\/v2\/pages\/5\/revisions"}],"wp:attachment":[{"href":"https:\/\/asso.unilim.fr\/daguesseau\/wp-json\/wp\/v2\/media?parent=5"}],"curies":[{"name":"wp","href":"https:\/\/api.w.org\/{rel}","templated":true}]}}