{"id":171,"date":"2019-10-10T18:22:43","date_gmt":"2019-10-10T16:22:43","guid":{"rendered":"http:\/\/asso.unilim.fr\/daguesseau\/?page_id=171"},"modified":"2024-01-18T23:06:32","modified_gmt":"2024-01-18T22:06:32","slug":"colloques-les-entretiens-daguesseau","status":"publish","type":"page","link":"https:\/\/asso.unilim.fr\/daguesseau\/colloques-les-entretiens-daguesseau\/","title":{"rendered":"Colloques \u00ab\u00a0Les Entretiens d&rsquo;Aguesseau\u00a0\u00bb"},"content":{"rendered":"<p>L\u2019association \u00ab\u00a0<em>Les Entretiens d\u2019Aguesseau\u00a0<\/em>\u00bb est n\u00e9e de la volont\u00e9 de magistrats, d\u2019universitaires et d\u2019avocats, d\u00e9sireux d\u2019associer leur exp\u00e9rience afin de mettre en \u00e9vidence certaines probl\u00e9matiques contemporaines sur le sujet fondamental de la justice.<\/p>\n<p>Plac\u00e9s sous le haut patronage du plus illustre juriste limousin, le Chancelier d\u2019Aguesseau, ces \u00ab\u00a0Entretiens\u00a0\u00bb souhaitent poser les grandes lignes d\u2019une r\u00e9flexion sur l\u2019\u00e9thique professionnelle du monde judiciaire au XXI\u00e8me si\u00e8cle.<\/p>\n<p>L&rsquo;association a pour objet l\u2019organisation de colloques dont les th\u00e9matiques rel\u00e8vent de questions d&rsquo;actualit\u00e9s int\u00e9ressant l&rsquo;univers judiciaire. L&rsquo;ensemble de ces colloques a fait l&rsquo;objet d&rsquo;une publication aux Presses Universitaires de Limoges.<\/p>\n<ul>\n<li><em>L\u2019\u00e9thique des gens de justice<\/em>, PULIM, 2001<\/li>\n<li><em>La justice p\u00e9nale internationale<\/em>, PULIM, 2002<\/li>\n<li><em>Justice et d\u00e9mocratie<\/em>, PULIM, 2003<\/li>\n<li><em>Le temps, la justice et le droit<\/em>, PULIM, 2004<\/li>\n<li><em>Justice, \u00e9thique et dignit\u00e9<\/em>, PULIM, 2006<\/li>\n<li><em>La responsabilit\u00e9 des magistrats, <\/em>PULIM, 2008<\/li>\n<li><em>Justice, \u00e9thique et al\u00e9a juridique, <\/em>PULIM, 2008<\/li>\n<li><em>La parole, l&rsquo;\u00e9crit et l&rsquo;image en justice: quelle proc\u00e9dure au XXIe si\u00e8cle ?,<\/em> PULIM, 2010<\/li>\n<li><em>Le justiciable et la protection de ses droits fondamentaux : La question prioritaire de constitutionnalit\u00e9<\/em>, PULIM, 2011<\/li>\n<li><em>La prison\u00a0: quel(s) droit(s)\u00a0?<\/em>, PULIM, 2013<\/li>\n<li><em>Justice et libert\u00e9 d\u2019expression, <\/em>PULIM, 2014<\/li>\n<li><em>Famille, \u00e9thique et justice<\/em>, PULIM 2016<\/li>\n<li><em>Gens de justice au XXIe si\u00e8cle<\/em>, PULIM, 2017<\/li>\n<li><em>Justice et \u00c9tat de droit &#8211; Regards sur l&rsquo;\u00e9tat d\u2019urgence en France et \u00e0 l&rsquo;\u00e9tranger<\/em>, PULIM, 2019<\/li>\n<li><em>Justices en mutation<\/em>, PULIM, 2022<\/li>\n<li><em>La Justice face aux crises<\/em>, \u00e0 para\u00eetre aux PULIM<\/li>\n<\/ul>\n<p>&nbsp;<\/p>\n<p>&nbsp;<\/p>\n<p>&nbsp;<\/p>\n","protected":false},"excerpt":{"rendered":"<p>L\u2019association \u00ab\u00a0Les Entretiens d\u2019Aguesseau\u00a0\u00bb est n\u00e9e de la volont\u00e9 de magistrats, d\u2019universitaires et d\u2019avocats, d\u00e9sireux d\u2019associer leur exp\u00e9rience afin de mettre en \u00e9vidence certaines probl\u00e9matiques contemporaines sur le sujet fondamental de la justice. Plac\u00e9s sous le haut patronage du plus illustre juriste limousin, le Chancelier d\u2019Aguesseau, ces \u00ab\u00a0Entretiens\u00a0\u00bb souhaitent poser les grandes lignes d\u2019une r\u00e9flexion [&hellip;]<\/p>\n","protected":false},"author":97,"featured_media":0,"parent":0,"menu_order":0,"comment_status":"closed","ping_status":"closed","template":"","meta":{"footnotes":""},"class_list":["post-171","page","type-page","status-publish","hentry"],"yoast_head":"<!-- This site is optimized with the Yoast SEO plugin v26.3 - https:\/\/yoast.com\/wordpress\/plugins\/seo\/ -->\n<title>Colloques &quot;Les Entretiens d&#039;Aguesseau&quot; - Entretiens d&#039;Aguesseau<\/title>\n<meta name=\"robots\" content=\"index, follow, max-snippet:-1, max-image-preview:large, max-video-preview:-1\" \/>\n<link rel=\"canonical\" href=\"http:\/\/asso.unilim.fr\/daguesseau\/colloques-les-entretiens-daguesseau\/\" \/>\n<meta property=\"og:locale\" content=\"fr_FR\" \/>\n<meta property=\"og:type\" content=\"article\" \/>\n<meta property=\"og:title\" content=\"Colloques &quot;Les Entretiens d&#039;Aguesseau&quot; - Entretiens d&#039;Aguesseau\" \/>\n<meta property=\"og:description\" content=\"L\u2019association \u00ab\u00a0Les Entretiens d\u2019Aguesseau\u00a0\u00bb est n\u00e9e de la volont\u00e9 de magistrats, d\u2019universitaires et d\u2019avocats, d\u00e9sireux d\u2019associer leur exp\u00e9rience afin de mettre en \u00e9vidence certaines probl\u00e9matiques contemporaines sur le sujet fondamental de la justice. Plac\u00e9s sous le haut patronage du plus illustre juriste limousin, le Chancelier d\u2019Aguesseau, ces \u00ab\u00a0Entretiens\u00a0\u00bb souhaitent poser les grandes lignes d\u2019une r\u00e9flexion [&hellip;]\" \/>\n<meta property=\"og:url\" content=\"http:\/\/asso.unilim.fr\/daguesseau\/colloques-les-entretiens-daguesseau\/\" \/>\n<meta property=\"og:site_name\" content=\"Entretiens d&#039;Aguesseau\" \/>\n<meta property=\"article:modified_time\" content=\"2024-01-18T22:06:32+00:00\" \/>\n<meta name=\"twitter:card\" content=\"summary_large_image\" \/>\n<meta name=\"twitter:label1\" content=\"Dur\u00e9e de lecture estim\u00e9e\" \/>\n\t<meta name=\"twitter:data1\" content=\"1 minute\" \/>\n<script type=\"application\/ld+json\" class=\"yoast-schema-graph\">{\"@context\":\"https:\/\/schema.org\",\"@graph\":[{\"@type\":\"WebPage\",\"@id\":\"http:\/\/asso.unilim.fr\/daguesseau\/colloques-les-entretiens-daguesseau\/\",\"url\":\"http:\/\/asso.unilim.fr\/daguesseau\/colloques-les-entretiens-daguesseau\/\",\"name\":\"Colloques \\\"Les Entretiens d'Aguesseau\\\" - Entretiens d&#039;Aguesseau\",\"isPartOf\":{\"@id\":\"http:\/\/asso.unilim.fr\/daguesseau\/#website\"},\"datePublished\":\"2019-10-10T16:22:43+00:00\",\"dateModified\":\"2024-01-18T22:06:32+00:00\",\"breadcrumb\":{\"@id\":\"http:\/\/asso.unilim.fr\/daguesseau\/colloques-les-entretiens-daguesseau\/#breadcrumb\"},\"inLanguage\":\"fr-FR\",\"potentialAction\":[{\"@type\":\"ReadAction\",\"target\":[\"http:\/\/asso.unilim.fr\/daguesseau\/colloques-les-entretiens-daguesseau\/\"]}]},{\"@type\":\"BreadcrumbList\",\"@id\":\"http:\/\/asso.unilim.fr\/daguesseau\/colloques-les-entretiens-daguesseau\/#breadcrumb\",\"itemListElement\":[{\"@type\":\"ListItem\",\"position\":1,\"name\":\"Accueil\",\"item\":\"http:\/\/asso.unilim.fr\/daguesseau\/\"},{\"@type\":\"ListItem\",\"position\":2,\"name\":\"Colloques \u00ab\u00a0Les Entretiens d&rsquo;Aguesseau\u00a0\u00bb\"}]},{\"@type\":\"WebSite\",\"@id\":\"http:\/\/asso.unilim.fr\/daguesseau\/#website\",\"url\":\"http:\/\/asso.unilim.fr\/daguesseau\/\",\"name\":\"Entretiens d&#039;Aguesseau\",\"description\":\"universit\u00e9 ouverte source de r\u00e9ussites\",\"potentialAction\":[{\"@type\":\"SearchAction\",\"target\":{\"@type\":\"EntryPoint\",\"urlTemplate\":\"http:\/\/asso.unilim.fr\/daguesseau\/?s={search_term_string}\"},\"query-input\":{\"@type\":\"PropertyValueSpecification\",\"valueRequired\":true,\"valueName\":\"search_term_string\"}}],\"inLanguage\":\"fr-FR\"}]}<\/script>\n<!-- \/ Yoast SEO plugin. -->","yoast_head_json":{"title":"Colloques \"Les Entretiens d'Aguesseau\" - Entretiens d&#039;Aguesseau","robots":{"index":"index","follow":"follow","max-snippet":"max-snippet:-1","max-image-preview":"max-image-preview:large","max-video-preview":"max-video-preview:-1"},"canonical":"http:\/\/asso.unilim.fr\/daguesseau\/colloques-les-entretiens-daguesseau\/","og_locale":"fr_FR","og_type":"article","og_title":"Colloques \"Les Entretiens d'Aguesseau\" - Entretiens d&#039;Aguesseau","og_description":"L\u2019association \u00ab\u00a0Les Entretiens d\u2019Aguesseau\u00a0\u00bb est n\u00e9e de la volont\u00e9 de magistrats, d\u2019universitaires et d\u2019avocats, d\u00e9sireux d\u2019associer leur exp\u00e9rience afin de mettre en \u00e9vidence certaines probl\u00e9matiques contemporaines sur le sujet fondamental de la justice. Plac\u00e9s sous le haut patronage du plus illustre juriste limousin, le Chancelier d\u2019Aguesseau, ces \u00ab\u00a0Entretiens\u00a0\u00bb souhaitent poser les grandes lignes d\u2019une r\u00e9flexion [&hellip;]","og_url":"http:\/\/asso.unilim.fr\/daguesseau\/colloques-les-entretiens-daguesseau\/","og_site_name":"Entretiens d&#039;Aguesseau","article_modified_time":"2024-01-18T22:06:32+00:00","twitter_card":"summary_large_image","twitter_misc":{"Dur\u00e9e de lecture estim\u00e9e":"1 minute"},"schema":{"@context":"https:\/\/schema.org","@graph":[{"@type":"WebPage","@id":"http:\/\/asso.unilim.fr\/daguesseau\/colloques-les-entretiens-daguesseau\/","url":"http:\/\/asso.unilim.fr\/daguesseau\/colloques-les-entretiens-daguesseau\/","name":"Colloques \"Les Entretiens d'Aguesseau\" - Entretiens d&#039;Aguesseau","isPartOf":{"@id":"http:\/\/asso.unilim.fr\/daguesseau\/#website"},"datePublished":"2019-10-10T16:22:43+00:00","dateModified":"2024-01-18T22:06:32+00:00","breadcrumb":{"@id":"http:\/\/asso.unilim.fr\/daguesseau\/colloques-les-entretiens-daguesseau\/#breadcrumb"},"inLanguage":"fr-FR","potentialAction":[{"@type":"ReadAction","target":["http:\/\/asso.unilim.fr\/daguesseau\/colloques-les-entretiens-daguesseau\/"]}]},{"@type":"BreadcrumbList","@id":"http:\/\/asso.unilim.fr\/daguesseau\/colloques-les-entretiens-daguesseau\/#breadcrumb","itemListElement":[{"@type":"ListItem","position":1,"name":"Accueil","item":"http:\/\/asso.unilim.fr\/daguesseau\/"},{"@type":"ListItem","position":2,"name":"Colloques \u00ab\u00a0Les Entretiens d&rsquo;Aguesseau\u00a0\u00bb"}]},{"@type":"WebSite","@id":"http:\/\/asso.unilim.fr\/daguesseau\/#website","url":"http:\/\/asso.unilim.fr\/daguesseau\/","name":"Entretiens d&#039;Aguesseau","description":"universit\u00e9 ouverte source de r\u00e9ussites","potentialAction":[{"@type":"SearchAction","target":{"@type":"EntryPoint","urlTemplate":"http:\/\/asso.unilim.fr\/daguesseau\/?s={search_term_string}"},"query-input":{"@type":"PropertyValueSpecification","valueRequired":true,"valueName":"search_term_string"}}],"inLanguage":"fr-FR"}]}},"_links":{"self":[{"href":"https:\/\/asso.unilim.fr\/daguesseau\/wp-json\/wp\/v2\/pages\/171","targetHints":{"allow":["GET"]}}],"collection":[{"href":"https:\/\/asso.unilim.fr\/daguesseau\/wp-json\/wp\/v2\/pages"}],"about":[{"href":"https:\/\/asso.unilim.fr\/daguesseau\/wp-json\/wp\/v2\/types\/page"}],"author":[{"embeddable":true,"href":"https:\/\/asso.unilim.fr\/daguesseau\/wp-json\/wp\/v2\/users\/97"}],"replies":[{"embeddable":true,"href":"https:\/\/asso.unilim.fr\/daguesseau\/wp-json\/wp\/v2\/comments?post=171"}],"version-history":[{"count":0,"href":"https:\/\/asso.unilim.fr\/daguesseau\/wp-json\/wp\/v2\/pages\/171\/revisions"}],"wp:attachment":[{"href":"https:\/\/asso.unilim.fr\/daguesseau\/wp-json\/wp\/v2\/media?parent=171"}],"curies":[{"name":"wp","href":"https:\/\/api.w.org\/{rel}","templated":true}]}}