{"id":150,"date":"2019-10-10T15:25:13","date_gmt":"2019-10-10T13:25:13","guid":{"rendered":"http:\/\/asso.unilim.fr\/daguesseau\/?page_id=150"},"modified":"2021-03-29T18:23:22","modified_gmt":"2021-03-29T16:23:22","slug":"les-entretiens-daguesseau","status":"publish","type":"page","link":"https:\/\/asso.unilim.fr\/daguesseau\/les-entretiens-daguesseau\/","title":{"rendered":"Les Entretiens d&rsquo;Aguesseau"},"content":{"rendered":"<p style=\"text-align: left\">L\u2019association \u00ab <em>Les Entretiens d\u2019Aguesseau<\/em> \u00bb est n\u00e9e en 2000 de la volont\u00e9 de magistrats, d\u2019universitaires et d\u2019avocats, d\u00e9sireux d\u2019associer leur exp\u00e9rience afin de mettre en \u00e9vidence certaines probl\u00e9matiques contemporaines sur le sujet de la\u00a0 Justice. Plac\u00e9s sous le haut patronage du plus illustre juriste limousin, le Chancelier d\u2019Aguesseau, ces \u00ab Entretiens \u00bb souhaitent poser les grandes lignes d\u2019une r\u00e9flexion sur l\u2019\u00e9thique professionnelle du monde judiciaire au XXI\u00e8me si\u00e8cle.<\/p>\n<p style=\"text-align: left\">Simone Gaboriau, Pr\u00e9sidente de chambre honoraire \u00e0 la Cour d&rsquo;appel de Paris, Pr\u00e9sidente d&rsquo;honneur des \u00ab\u00a0<em>Entretiens d&rsquo;Aguesseau\u00a0\u00bb,<\/em> fut l&rsquo;une des principales protagonistes de ces initiatives.<\/p>\n<p style=\"text-align: left\">Les \u00ab <em>Entretiens d\u2019Aguesseau<\/em> \u00bb organisent tous les 18 mois un colloque\u00a0 sur une th\u00e9matique d&rsquo;actualit\u00e9 attach\u00e9e \u00e0 la Justice et remettent tous les deux ans un prix\u00a0 r\u00e9compensant des th\u00e8ses de doctorat se rapportant \u00e0 la th\u00e9matique \u00ab <em>Justices en mutations<\/em> \u00bb, envisag\u00e9e sous ses diff\u00e9rentes dimensions (proc\u00e9dure, administration de la justice, philosophie et th\u00e9orie du droit).<\/p>\n<p><img loading=\"lazy\" decoding=\"async\" class=\"aligncenter wp-image-159 size-16-9-paysage\" src=\"https:\/\/www.daguesseau.fr\/wp-content\/uploads\/sites\/10\/2019\/10\/big__MG_5811-640x360.jpg\" alt=\"\" width=\"640\" height=\"360\" \/><\/p>\n<p>&nbsp;<\/p>\n","protected":false},"excerpt":{"rendered":"<p>L\u2019association \u00ab Les Entretiens d\u2019Aguesseau \u00bb est n\u00e9e en 2000 de la volont\u00e9 de magistrats, d\u2019universitaires et d\u2019avocats, d\u00e9sireux d\u2019associer leur exp\u00e9rience afin de mettre en \u00e9vidence certaines probl\u00e9matiques contemporaines sur le sujet de la\u00a0 Justice. Plac\u00e9s sous le haut patronage du plus illustre juriste limousin, le Chancelier d\u2019Aguesseau, ces \u00ab Entretiens \u00bb souhaitent poser [&hellip;]<\/p>\n","protected":false},"author":97,"featured_media":0,"parent":0,"menu_order":0,"comment_status":"closed","ping_status":"closed","template":"","meta":{"footnotes":""},"class_list":["post-150","page","type-page","status-publish","hentry"],"yoast_head":"<!-- This site is optimized with the Yoast SEO plugin v26.3 - https:\/\/yoast.com\/wordpress\/plugins\/seo\/ -->\n<title>Les Entretiens d&#039;Aguesseau - Entretiens d&#039;Aguesseau<\/title>\n<meta name=\"robots\" content=\"index, follow, max-snippet:-1, max-image-preview:large, max-video-preview:-1\" \/>\n<link rel=\"canonical\" href=\"http:\/\/asso.unilim.fr\/daguesseau\/les-entretiens-daguesseau\/\" \/>\n<meta property=\"og:locale\" content=\"fr_FR\" \/>\n<meta property=\"og:type\" content=\"article\" \/>\n<meta property=\"og:title\" content=\"Les Entretiens d&#039;Aguesseau - Entretiens d&#039;Aguesseau\" \/>\n<meta property=\"og:description\" content=\"L\u2019association \u00ab Les Entretiens d\u2019Aguesseau \u00bb est n\u00e9e en 2000 de la volont\u00e9 de magistrats, d\u2019universitaires et d\u2019avocats, d\u00e9sireux d\u2019associer leur exp\u00e9rience afin de mettre en \u00e9vidence certaines probl\u00e9matiques contemporaines sur le sujet de la\u00a0 Justice. Plac\u00e9s sous le haut patronage du plus illustre juriste limousin, le Chancelier d\u2019Aguesseau, ces \u00ab Entretiens \u00bb souhaitent poser [&hellip;]\" \/>\n<meta property=\"og:url\" content=\"http:\/\/asso.unilim.fr\/daguesseau\/les-entretiens-daguesseau\/\" \/>\n<meta property=\"og:site_name\" content=\"Entretiens d&#039;Aguesseau\" \/>\n<meta property=\"article:modified_time\" content=\"2021-03-29T16:23:22+00:00\" \/>\n<meta property=\"og:image\" content=\"https:\/\/www.daguesseau.fr\/wp-content\/uploads\/sites\/10\/2019\/10\/big__MG_5811-640x360.jpg\" \/>\n<meta name=\"twitter:card\" content=\"summary_large_image\" \/>\n<meta name=\"twitter:label1\" content=\"Dur\u00e9e de lecture estim\u00e9e\" \/>\n\t<meta name=\"twitter:data1\" content=\"1 minute\" \/>\n<script type=\"application\/ld+json\" class=\"yoast-schema-graph\">{\"@context\":\"https:\/\/schema.org\",\"@graph\":[{\"@type\":\"WebPage\",\"@id\":\"http:\/\/asso.unilim.fr\/daguesseau\/les-entretiens-daguesseau\/\",\"url\":\"http:\/\/asso.unilim.fr\/daguesseau\/les-entretiens-daguesseau\/\",\"name\":\"Les Entretiens d'Aguesseau - Entretiens d&#039;Aguesseau\",\"isPartOf\":{\"@id\":\"http:\/\/asso.unilim.fr\/daguesseau\/#website\"},\"primaryImageOfPage\":{\"@id\":\"http:\/\/asso.unilim.fr\/daguesseau\/les-entretiens-daguesseau\/#primaryimage\"},\"image\":{\"@id\":\"http:\/\/asso.unilim.fr\/daguesseau\/les-entretiens-daguesseau\/#primaryimage\"},\"thumbnailUrl\":\"https:\/\/www.daguesseau.fr\/wp-content\/uploads\/sites\/10\/2019\/10\/big__MG_5811-640x360.jpg\",\"datePublished\":\"2019-10-10T13:25:13+00:00\",\"dateModified\":\"2021-03-29T16:23:22+00:00\",\"breadcrumb\":{\"@id\":\"http:\/\/asso.unilim.fr\/daguesseau\/les-entretiens-daguesseau\/#breadcrumb\"},\"inLanguage\":\"fr-FR\",\"potentialAction\":[{\"@type\":\"ReadAction\",\"target\":[\"http:\/\/asso.unilim.fr\/daguesseau\/les-entretiens-daguesseau\/\"]}]},{\"@type\":\"ImageObject\",\"inLanguage\":\"fr-FR\",\"@id\":\"http:\/\/asso.unilim.fr\/daguesseau\/les-entretiens-daguesseau\/#primaryimage\",\"url\":\"https:\/\/www.daguesseau.fr\/wp-content\/uploads\/sites\/10\/2019\/10\/big__MG_5811-640x360.jpg\",\"contentUrl\":\"https:\/\/www.daguesseau.fr\/wp-content\/uploads\/sites\/10\/2019\/10\/big__MG_5811-640x360.jpg\"},{\"@type\":\"BreadcrumbList\",\"@id\":\"http:\/\/asso.unilim.fr\/daguesseau\/les-entretiens-daguesseau\/#breadcrumb\",\"itemListElement\":[{\"@type\":\"ListItem\",\"position\":1,\"name\":\"Accueil\",\"item\":\"http:\/\/asso.unilim.fr\/daguesseau\/\"},{\"@type\":\"ListItem\",\"position\":2,\"name\":\"Les Entretiens d&rsquo;Aguesseau\"}]},{\"@type\":\"WebSite\",\"@id\":\"http:\/\/asso.unilim.fr\/daguesseau\/#website\",\"url\":\"http:\/\/asso.unilim.fr\/daguesseau\/\",\"name\":\"Entretiens d&#039;Aguesseau\",\"description\":\"universit\u00e9 ouverte source de r\u00e9ussites\",\"potentialAction\":[{\"@type\":\"SearchAction\",\"target\":{\"@type\":\"EntryPoint\",\"urlTemplate\":\"http:\/\/asso.unilim.fr\/daguesseau\/?s={search_term_string}\"},\"query-input\":{\"@type\":\"PropertyValueSpecification\",\"valueRequired\":true,\"valueName\":\"search_term_string\"}}],\"inLanguage\":\"fr-FR\"}]}<\/script>\n<!-- \/ Yoast SEO plugin. -->","yoast_head_json":{"title":"Les Entretiens d'Aguesseau - Entretiens d&#039;Aguesseau","robots":{"index":"index","follow":"follow","max-snippet":"max-snippet:-1","max-image-preview":"max-image-preview:large","max-video-preview":"max-video-preview:-1"},"canonical":"http:\/\/asso.unilim.fr\/daguesseau\/les-entretiens-daguesseau\/","og_locale":"fr_FR","og_type":"article","og_title":"Les Entretiens d'Aguesseau - Entretiens d&#039;Aguesseau","og_description":"L\u2019association \u00ab Les Entretiens d\u2019Aguesseau \u00bb est n\u00e9e en 2000 de la volont\u00e9 de magistrats, d\u2019universitaires et d\u2019avocats, d\u00e9sireux d\u2019associer leur exp\u00e9rience afin de mettre en \u00e9vidence certaines probl\u00e9matiques contemporaines sur le sujet de la\u00a0 Justice. Plac\u00e9s sous le haut patronage du plus illustre juriste limousin, le Chancelier d\u2019Aguesseau, ces \u00ab Entretiens \u00bb souhaitent poser [&hellip;]","og_url":"http:\/\/asso.unilim.fr\/daguesseau\/les-entretiens-daguesseau\/","og_site_name":"Entretiens d&#039;Aguesseau","article_modified_time":"2021-03-29T16:23:22+00:00","og_image":[{"url":"https:\/\/www.daguesseau.fr\/wp-content\/uploads\/sites\/10\/2019\/10\/big__MG_5811-640x360.jpg","type":"","width":"","height":""}],"twitter_card":"summary_large_image","twitter_misc":{"Dur\u00e9e de lecture estim\u00e9e":"1 minute"},"schema":{"@context":"https:\/\/schema.org","@graph":[{"@type":"WebPage","@id":"http:\/\/asso.unilim.fr\/daguesseau\/les-entretiens-daguesseau\/","url":"http:\/\/asso.unilim.fr\/daguesseau\/les-entretiens-daguesseau\/","name":"Les Entretiens d'Aguesseau - Entretiens d&#039;Aguesseau","isPartOf":{"@id":"http:\/\/asso.unilim.fr\/daguesseau\/#website"},"primaryImageOfPage":{"@id":"http:\/\/asso.unilim.fr\/daguesseau\/les-entretiens-daguesseau\/#primaryimage"},"image":{"@id":"http:\/\/asso.unilim.fr\/daguesseau\/les-entretiens-daguesseau\/#primaryimage"},"thumbnailUrl":"https:\/\/www.daguesseau.fr\/wp-content\/uploads\/sites\/10\/2019\/10\/big__MG_5811-640x360.jpg","datePublished":"2019-10-10T13:25:13+00:00","dateModified":"2021-03-29T16:23:22+00:00","breadcrumb":{"@id":"http:\/\/asso.unilim.fr\/daguesseau\/les-entretiens-daguesseau\/#breadcrumb"},"inLanguage":"fr-FR","potentialAction":[{"@type":"ReadAction","target":["http:\/\/asso.unilim.fr\/daguesseau\/les-entretiens-daguesseau\/"]}]},{"@type":"ImageObject","inLanguage":"fr-FR","@id":"http:\/\/asso.unilim.fr\/daguesseau\/les-entretiens-daguesseau\/#primaryimage","url":"https:\/\/www.daguesseau.fr\/wp-content\/uploads\/sites\/10\/2019\/10\/big__MG_5811-640x360.jpg","contentUrl":"https:\/\/www.daguesseau.fr\/wp-content\/uploads\/sites\/10\/2019\/10\/big__MG_5811-640x360.jpg"},{"@type":"BreadcrumbList","@id":"http:\/\/asso.unilim.fr\/daguesseau\/les-entretiens-daguesseau\/#breadcrumb","itemListElement":[{"@type":"ListItem","position":1,"name":"Accueil","item":"http:\/\/asso.unilim.fr\/daguesseau\/"},{"@type":"ListItem","position":2,"name":"Les Entretiens d&rsquo;Aguesseau"}]},{"@type":"WebSite","@id":"http:\/\/asso.unilim.fr\/daguesseau\/#website","url":"http:\/\/asso.unilim.fr\/daguesseau\/","name":"Entretiens d&#039;Aguesseau","description":"universit\u00e9 ouverte source de r\u00e9ussites","potentialAction":[{"@type":"SearchAction","target":{"@type":"EntryPoint","urlTemplate":"http:\/\/asso.unilim.fr\/daguesseau\/?s={search_term_string}"},"query-input":{"@type":"PropertyValueSpecification","valueRequired":true,"valueName":"search_term_string"}}],"inLanguage":"fr-FR"}]}},"_links":{"self":[{"href":"https:\/\/asso.unilim.fr\/daguesseau\/wp-json\/wp\/v2\/pages\/150","targetHints":{"allow":["GET"]}}],"collection":[{"href":"https:\/\/asso.unilim.fr\/daguesseau\/wp-json\/wp\/v2\/pages"}],"about":[{"href":"https:\/\/asso.unilim.fr\/daguesseau\/wp-json\/wp\/v2\/types\/page"}],"author":[{"embeddable":true,"href":"https:\/\/asso.unilim.fr\/daguesseau\/wp-json\/wp\/v2\/users\/97"}],"replies":[{"embeddable":true,"href":"https:\/\/asso.unilim.fr\/daguesseau\/wp-json\/wp\/v2\/comments?post=150"}],"version-history":[{"count":0,"href":"https:\/\/asso.unilim.fr\/daguesseau\/wp-json\/wp\/v2\/pages\/150\/revisions"}],"wp:attachment":[{"href":"https:\/\/asso.unilim.fr\/daguesseau\/wp-json\/wp\/v2\/media?parent=150"}],"curies":[{"name":"wp","href":"https:\/\/api.w.org\/{rel}","templated":true}]}}