{"id":110,"date":"2019-08-23T16:48:20","date_gmt":"2019-08-23T14:48:20","guid":{"rendered":"http:\/\/asso.unilim.fr\/daguesseau\/?page_id=110"},"modified":"2019-08-23T16:52:37","modified_gmt":"2019-08-23T14:52:37","slug":"gens-de-justice-au-xxieme-siecle","status":"publish","type":"page","link":"https:\/\/asso.unilim.fr\/daguesseau\/gens-de-justice-au-xxieme-siecle\/","title":{"rendered":"Gens de justice au XXI\u00e8me si\u00e8cle"},"content":{"rendered":"<p><strong><img loading=\"lazy\" decoding=\"async\" class=\"size-medium wp-image-114 alignright\" src=\"http:\/\/www.unilim.fr\/daguesseau\/wp-content\/uploads\/sites\/10\/2019\/08\/9782842877637-475x500-11-191x300.jpg\" alt=\"\" width=\"191\" height=\"300\" srcset=\"https:\/\/www.daguesseau.fr\/wp-content\/uploads\/sites\/10\/2019\/08\/9782842877637-475x500-11-191x300.jpg 191w, https:\/\/www.daguesseau.fr\/wp-content\/uploads\/sites\/10\/2019\/08\/9782842877637-475x500-11.jpg 318w\" sizes=\"auto, (max-width: 191px) 100vw, 191px\" \/>Gens de justice au XXI\u00e8me si\u00e8cle\u00a0<\/strong><\/p>\n<p>Colloque tenu \u00e0 Limoges, 18 mars 2016<\/p>\n<p>Coordination \u00e9ditoriale par H\u00e9l\u00e8ne Pauliat, Laurent Berthier et Eric N\u00e9gron<\/p>\n<p>En 2016, l&rsquo;association <em>Les Entretiens d&rsquo;Aguesseau<\/em> a orient\u00e9 ses travaux sur une th\u00e9matique sp\u00e9cifique : la situation des Gens de Justice au XXIe si\u00e8cle. Diff\u00e9rentes r\u00e9formes ont, ces derniers temps, agit\u00e9 le monde des professionnels du droit. Qu&rsquo;il s&rsquo;agisse, par exemple, de faciliter l&rsquo;installation de certaines professions lib\u00e9rales r\u00e9glement\u00e9es, de promouvoir l&rsquo;utilisation des nouvelles technologies de l&rsquo;information et de la communication ou de d\u00e9velopper les perspectives d&rsquo;inter-professionnalisation, ces \u00e9volutions interrogent. Dans un souci affich\u00e9 de modernisation, elles tendent \u00e0 modifier les perceptions que l&rsquo;on se fait traditionnellement des m\u00e9tiers et des missions des Gens de justice.<br \/>\nLe colloque du 18 mars 2016 a donn\u00e9 l&rsquo;occasion au juge, \u00e0 l&rsquo;avocat, au notaire, \u00e0 l&rsquo;huissier, \u00e0 l&rsquo;universitaire, mais aussi \u00e0 la haute fonction publique d\u2019\u00c9tat, de croiser leurs regards sur ce th\u00e8me. \u00c9voquant successivement les questions de l&rsquo;acc\u00e8s aux professions de justice, de l&rsquo;impact de l&rsquo;\u00e9volution du contentieux sur les m\u00e9tiers, de la fongibilit\u00e9 des missions et enfin celle de l&rsquo;acc\u00e8s au juge, les intervenants ont \u00e0 la fois dress\u00e9 un \u00e9tat des lieux et d\u00e9velopp\u00e9 une analyse prospective des modifications profondes touchant aujourd&rsquo;hui les professions juridiques.<\/p>\n<p>Collection : Entretiens d\u2019Aguesseau<br \/>\nAnn\u00e9e de publication : 2017<br \/>\nLangue : Fran\u00e7ais<br \/>\nISBN 10 2-84287-763-7<br \/>\nISBN 13 9782842877637<br \/>\nPages 176<\/p>\n","protected":false},"excerpt":{"rendered":"<p>Gens de justice au XXI\u00e8me si\u00e8cle\u00a0 Colloque tenu \u00e0 Limoges, 18 mars 2016 Coordination \u00e9ditoriale par H\u00e9l\u00e8ne Pauliat, Laurent Berthier et Eric N\u00e9gron En 2016, l&rsquo;association Les Entretiens d&rsquo;Aguesseau a orient\u00e9 ses travaux sur une th\u00e9matique sp\u00e9cifique : la situation des Gens de Justice au XXIe si\u00e8cle. Diff\u00e9rentes r\u00e9formes ont, ces derniers temps, agit\u00e9 le [&hellip;]<\/p>\n","protected":false},"author":97,"featured_media":0,"parent":0,"menu_order":0,"comment_status":"closed","ping_status":"closed","template":"","meta":{"footnotes":""},"class_list":["post-110","page","type-page","status-publish","hentry"],"yoast_head":"<!-- This site is optimized with the Yoast SEO plugin v26.3 - https:\/\/yoast.com\/wordpress\/plugins\/seo\/ -->\n<title>Gens de justice au XXI\u00e8me si\u00e8cle - Entretiens d&#039;Aguesseau<\/title>\n<meta name=\"robots\" content=\"index, follow, max-snippet:-1, max-image-preview:large, max-video-preview:-1\" \/>\n<link rel=\"canonical\" href=\"http:\/\/asso.unilim.fr\/daguesseau\/gens-de-justice-au-xxieme-siecle\/\" \/>\n<meta property=\"og:locale\" content=\"fr_FR\" \/>\n<meta property=\"og:type\" content=\"article\" \/>\n<meta property=\"og:title\" content=\"Gens de justice au XXI\u00e8me si\u00e8cle - Entretiens d&#039;Aguesseau\" \/>\n<meta property=\"og:description\" content=\"Gens de justice au XXI\u00e8me si\u00e8cle\u00a0 Colloque tenu \u00e0 Limoges, 18 mars 2016 Coordination \u00e9ditoriale par H\u00e9l\u00e8ne Pauliat, Laurent Berthier et Eric N\u00e9gron En 2016, l&rsquo;association Les Entretiens d&rsquo;Aguesseau a orient\u00e9 ses travaux sur une th\u00e9matique sp\u00e9cifique : la situation des Gens de Justice au XXIe si\u00e8cle. Diff\u00e9rentes r\u00e9formes ont, ces derniers temps, agit\u00e9 le [&hellip;]\" \/>\n<meta property=\"og:url\" content=\"http:\/\/asso.unilim.fr\/daguesseau\/gens-de-justice-au-xxieme-siecle\/\" \/>\n<meta property=\"og:site_name\" content=\"Entretiens d&#039;Aguesseau\" \/>\n<meta property=\"article:modified_time\" content=\"2019-08-23T14:52:37+00:00\" \/>\n<meta property=\"og:image\" content=\"http:\/\/www.unilim.fr\/daguesseau\/wp-content\/uploads\/sites\/10\/2019\/08\/9782842877637-475x500-11-191x300.jpg\" \/>\n<meta name=\"twitter:card\" content=\"summary_large_image\" \/>\n<meta name=\"twitter:label1\" content=\"Dur\u00e9e de lecture estim\u00e9e\" \/>\n\t<meta name=\"twitter:data1\" content=\"1 minute\" \/>\n<script type=\"application\/ld+json\" class=\"yoast-schema-graph\">{\"@context\":\"https:\/\/schema.org\",\"@graph\":[{\"@type\":\"WebPage\",\"@id\":\"http:\/\/asso.unilim.fr\/daguesseau\/gens-de-justice-au-xxieme-siecle\/\",\"url\":\"http:\/\/asso.unilim.fr\/daguesseau\/gens-de-justice-au-xxieme-siecle\/\",\"name\":\"Gens de justice au XXI\u00e8me si\u00e8cle - Entretiens d&#039;Aguesseau\",\"isPartOf\":{\"@id\":\"http:\/\/asso.unilim.fr\/daguesseau\/#website\"},\"primaryImageOfPage\":{\"@id\":\"http:\/\/asso.unilim.fr\/daguesseau\/gens-de-justice-au-xxieme-siecle\/#primaryimage\"},\"image\":{\"@id\":\"http:\/\/asso.unilim.fr\/daguesseau\/gens-de-justice-au-xxieme-siecle\/#primaryimage\"},\"thumbnailUrl\":\"http:\/\/www.unilim.fr\/daguesseau\/wp-content\/uploads\/sites\/10\/2019\/08\/9782842877637-475x500-11-191x300.jpg\",\"datePublished\":\"2019-08-23T14:48:20+00:00\",\"dateModified\":\"2019-08-23T14:52:37+00:00\",\"breadcrumb\":{\"@id\":\"http:\/\/asso.unilim.fr\/daguesseau\/gens-de-justice-au-xxieme-siecle\/#breadcrumb\"},\"inLanguage\":\"fr-FR\",\"potentialAction\":[{\"@type\":\"ReadAction\",\"target\":[\"http:\/\/asso.unilim.fr\/daguesseau\/gens-de-justice-au-xxieme-siecle\/\"]}]},{\"@type\":\"ImageObject\",\"inLanguage\":\"fr-FR\",\"@id\":\"http:\/\/asso.unilim.fr\/daguesseau\/gens-de-justice-au-xxieme-siecle\/#primaryimage\",\"url\":\"http:\/\/www.unilim.fr\/daguesseau\/wp-content\/uploads\/sites\/10\/2019\/08\/9782842877637-475x500-11-191x300.jpg\",\"contentUrl\":\"http:\/\/www.unilim.fr\/daguesseau\/wp-content\/uploads\/sites\/10\/2019\/08\/9782842877637-475x500-11-191x300.jpg\"},{\"@type\":\"BreadcrumbList\",\"@id\":\"http:\/\/asso.unilim.fr\/daguesseau\/gens-de-justice-au-xxieme-siecle\/#breadcrumb\",\"itemListElement\":[{\"@type\":\"ListItem\",\"position\":1,\"name\":\"Accueil\",\"item\":\"http:\/\/asso.unilim.fr\/daguesseau\/\"},{\"@type\":\"ListItem\",\"position\":2,\"name\":\"Gens de justice au XXI\u00e8me si\u00e8cle\"}]},{\"@type\":\"WebSite\",\"@id\":\"http:\/\/asso.unilim.fr\/daguesseau\/#website\",\"url\":\"http:\/\/asso.unilim.fr\/daguesseau\/\",\"name\":\"Entretiens d&#039;Aguesseau\",\"description\":\"universit\u00e9 ouverte source de r\u00e9ussites\",\"potentialAction\":[{\"@type\":\"SearchAction\",\"target\":{\"@type\":\"EntryPoint\",\"urlTemplate\":\"http:\/\/asso.unilim.fr\/daguesseau\/?s={search_term_string}\"},\"query-input\":{\"@type\":\"PropertyValueSpecification\",\"valueRequired\":true,\"valueName\":\"search_term_string\"}}],\"inLanguage\":\"fr-FR\"}]}<\/script>\n<!-- \/ Yoast SEO plugin. -->","yoast_head_json":{"title":"Gens de justice au XXI\u00e8me si\u00e8cle - Entretiens d&#039;Aguesseau","robots":{"index":"index","follow":"follow","max-snippet":"max-snippet:-1","max-image-preview":"max-image-preview:large","max-video-preview":"max-video-preview:-1"},"canonical":"http:\/\/asso.unilim.fr\/daguesseau\/gens-de-justice-au-xxieme-siecle\/","og_locale":"fr_FR","og_type":"article","og_title":"Gens de justice au XXI\u00e8me si\u00e8cle - Entretiens d&#039;Aguesseau","og_description":"Gens de justice au XXI\u00e8me si\u00e8cle\u00a0 Colloque tenu \u00e0 Limoges, 18 mars 2016 Coordination \u00e9ditoriale par H\u00e9l\u00e8ne Pauliat, Laurent Berthier et Eric N\u00e9gron En 2016, l&rsquo;association Les Entretiens d&rsquo;Aguesseau a orient\u00e9 ses travaux sur une th\u00e9matique sp\u00e9cifique : la situation des Gens de Justice au XXIe si\u00e8cle. Diff\u00e9rentes r\u00e9formes ont, ces derniers temps, agit\u00e9 le [&hellip;]","og_url":"http:\/\/asso.unilim.fr\/daguesseau\/gens-de-justice-au-xxieme-siecle\/","og_site_name":"Entretiens d&#039;Aguesseau","article_modified_time":"2019-08-23T14:52:37+00:00","og_image":[{"url":"http:\/\/www.unilim.fr\/daguesseau\/wp-content\/uploads\/sites\/10\/2019\/08\/9782842877637-475x500-11-191x300.jpg","type":"","width":"","height":""}],"twitter_card":"summary_large_image","twitter_misc":{"Dur\u00e9e de lecture estim\u00e9e":"1 minute"},"schema":{"@context":"https:\/\/schema.org","@graph":[{"@type":"WebPage","@id":"http:\/\/asso.unilim.fr\/daguesseau\/gens-de-justice-au-xxieme-siecle\/","url":"http:\/\/asso.unilim.fr\/daguesseau\/gens-de-justice-au-xxieme-siecle\/","name":"Gens de justice au XXI\u00e8me si\u00e8cle - Entretiens d&#039;Aguesseau","isPartOf":{"@id":"http:\/\/asso.unilim.fr\/daguesseau\/#website"},"primaryImageOfPage":{"@id":"http:\/\/asso.unilim.fr\/daguesseau\/gens-de-justice-au-xxieme-siecle\/#primaryimage"},"image":{"@id":"http:\/\/asso.unilim.fr\/daguesseau\/gens-de-justice-au-xxieme-siecle\/#primaryimage"},"thumbnailUrl":"http:\/\/www.unilim.fr\/daguesseau\/wp-content\/uploads\/sites\/10\/2019\/08\/9782842877637-475x500-11-191x300.jpg","datePublished":"2019-08-23T14:48:20+00:00","dateModified":"2019-08-23T14:52:37+00:00","breadcrumb":{"@id":"http:\/\/asso.unilim.fr\/daguesseau\/gens-de-justice-au-xxieme-siecle\/#breadcrumb"},"inLanguage":"fr-FR","potentialAction":[{"@type":"ReadAction","target":["http:\/\/asso.unilim.fr\/daguesseau\/gens-de-justice-au-xxieme-siecle\/"]}]},{"@type":"ImageObject","inLanguage":"fr-FR","@id":"http:\/\/asso.unilim.fr\/daguesseau\/gens-de-justice-au-xxieme-siecle\/#primaryimage","url":"http:\/\/www.unilim.fr\/daguesseau\/wp-content\/uploads\/sites\/10\/2019\/08\/9782842877637-475x500-11-191x300.jpg","contentUrl":"http:\/\/www.unilim.fr\/daguesseau\/wp-content\/uploads\/sites\/10\/2019\/08\/9782842877637-475x500-11-191x300.jpg"},{"@type":"BreadcrumbList","@id":"http:\/\/asso.unilim.fr\/daguesseau\/gens-de-justice-au-xxieme-siecle\/#breadcrumb","itemListElement":[{"@type":"ListItem","position":1,"name":"Accueil","item":"http:\/\/asso.unilim.fr\/daguesseau\/"},{"@type":"ListItem","position":2,"name":"Gens de justice au XXI\u00e8me si\u00e8cle"}]},{"@type":"WebSite","@id":"http:\/\/asso.unilim.fr\/daguesseau\/#website","url":"http:\/\/asso.unilim.fr\/daguesseau\/","name":"Entretiens d&#039;Aguesseau","description":"universit\u00e9 ouverte source de r\u00e9ussites","potentialAction":[{"@type":"SearchAction","target":{"@type":"EntryPoint","urlTemplate":"http:\/\/asso.unilim.fr\/daguesseau\/?s={search_term_string}"},"query-input":{"@type":"PropertyValueSpecification","valueRequired":true,"valueName":"search_term_string"}}],"inLanguage":"fr-FR"}]}},"_links":{"self":[{"href":"https:\/\/asso.unilim.fr\/daguesseau\/wp-json\/wp\/v2\/pages\/110","targetHints":{"allow":["GET"]}}],"collection":[{"href":"https:\/\/asso.unilim.fr\/daguesseau\/wp-json\/wp\/v2\/pages"}],"about":[{"href":"https:\/\/asso.unilim.fr\/daguesseau\/wp-json\/wp\/v2\/types\/page"}],"author":[{"embeddable":true,"href":"https:\/\/asso.unilim.fr\/daguesseau\/wp-json\/wp\/v2\/users\/97"}],"replies":[{"embeddable":true,"href":"https:\/\/asso.unilim.fr\/daguesseau\/wp-json\/wp\/v2\/comments?post=110"}],"version-history":[{"count":0,"href":"https:\/\/asso.unilim.fr\/daguesseau\/wp-json\/wp\/v2\/pages\/110\/revisions"}],"wp:attachment":[{"href":"https:\/\/asso.unilim.fr\/daguesseau\/wp-json\/wp\/v2\/media?parent=110"}],"curies":[{"name":"wp","href":"https:\/\/api.w.org\/{rel}","templated":true}]}}