{"id":80,"date":"2025-04-15T22:00:00","date_gmt":"2024-05-31T11:36:23","guid":{"rendered":"https:\/\/asso.unilim.fr\/adplim\/?page_id=80"},"modified":"2025-05-13T09:23:27","modified_gmt":"2025-05-13T07:23:27","slug":"accueil","status":"publish","type":"page","link":"https:\/\/asso.unilim.fr\/adplim\/","title":{"rendered":"Accueil"},"content":{"rendered":"        <div class=\"container-fluid  \" style=\"\">\n                      <div class=\"container\">\n                <div class=\"row \" style=\"margin-top: 30px;margin-bottom: 30px\">        <div class=\"col-sm-9 \">\n                    <div class=\"clearfix ul-element-text \">\n            \n<p style=\"text-align: justify\">ADPLim est une association de doctorants cr\u00e9\u00e9e en 2016 par des doctorants et pour les doctorants.<\/p>\n<p style=\"text-align: justify\">ADPLim a pour but de f\u00e9d\u00e9rer les doctorants des diverses composantes de l&rsquo;universit\u00e9 de Limoges par le biais d&rsquo;\u00e9v\u00e9nements festifs, culturels et sportifs. Tout cela dans le but de promouvoir l&rsquo;interdisciplinarit\u00e9 et d&rsquo;\u00e9largir les perspectives des doctorants, en leur permettant d&rsquo;explorer de nouveaux horizons propices \u00e0 des collaborations innovantes.<\/p>\n<p style=\"text-align: justify\">Ces rencontres permettent aux doctorants (parfois isol\u00e9s) de se cr\u00e9er un r\u00e9seau utile pour leur avenir. Ces activit\u00e9s les encouragent \u00e0 sortir de leur environnement de travail. L&rsquo;association favorise ainsi les \u00e9changes entre les doctorants des diff\u00e9rentes ann\u00e9es d&rsquo;\u00e9tudes afin qu&rsquo;ils puissent partager leurs exp\u00e9riences et informations utiles au bon d\u00e9roulement de leur th\u00e8se. Ce r\u00e9seau contribue ainsi \u00e0 l&rsquo;int\u00e9gration des doctorants primo-entrants au sein de l&rsquo;universit\u00e9.<\/p>\n<p style=\"text-align: justify\">\u00c0\u00a0cela s&rsquo;ajoute des actions de sensibilisation et de vulgarisation du doctorat aupr\u00e8s des \u00e9tudiants en Master dans le but de les informer sur le d\u00e9roulement d&rsquo;une th\u00e8se et de les rassurer sur les id\u00e9es pr\u00e9con\u00e7ues pouvant les freiner dans la prolongation de leurs \u00e9tudes en doctorat.<\/p>\n        <\/div>\n                <\/div>\n                <div class=\"col-sm-3 \">\n                    <div class=\"ul-element-image \">\n            <a href=\"https:\/\/asso.unilim.fr\/adplim\/wp-content\/uploads\/sites\/14\/2025\/03\/ADP-fond-blanc--300x288.png\" target=\"\"  rel=\"lightbox\">\n                <img decoding=\"async\" class=\"img-responsive\" src=\"https:\/\/asso.unilim.fr\/adplim\/wp-content\/uploads\/sites\/14\/2025\/03\/ADP-fond-blanc--300x288.png\"\/>\n            <\/a>\n        <\/div>\n                <\/div>\n        <\/div>\n            <\/div>\n                  <\/div>\n                <div class=\"container-fluid  \" style=\"\">\n                      <div class=\"container\">\n                <div class=\"row \" style=\"margin-top: 30px;margin-bottom: 30px\">        <div class=\"col-sm-12 \">\n                      <h2 class=\"text-gray\" style=\"margin-top:0; padding: 10px 0; border-top: 10px solid;\">Agenda                        <small style=\"margin-top:10px;\" class=\"pull-right\"><a href=\"https:\/\/asso.unilim.fr\/adplim\/events\/event\/\" class=\"header-readmore-arrow\"> <i class='fa fa-location-arrow'><\/i> Tous les \u00e9v\u00e9nements<\/a><\/small>\n                      <\/h2>\n          \n          <div class=\"row ul-fix-height ul-element-event show-div \">\n            \n          <\/div>\n                  <\/div>\n        <\/div>\n            <\/div>\n                  <\/div>\n        \n","protected":false},"excerpt":{"rendered":"","protected":false},"author":246,"featured_media":0,"parent":0,"menu_order":0,"comment_status":"closed","ping_status":"closed","template":"page-le.php","meta":{"footnotes":""},"class_list":["post-80","page","type-page","status-publish","hentry"],"yoast_head":"<!-- This site is optimized with the Yoast SEO plugin v26.3 - https:\/\/yoast.com\/wordpress\/plugins\/seo\/ -->\n<title>Accueil - Association des Doctorants Pluridisciplinaires de Limoges<\/title>\n<meta name=\"robots\" content=\"index, follow, max-snippet:-1, max-image-preview:large, max-video-preview:-1\" \/>\n<link rel=\"canonical\" href=\"https:\/\/asso.unilim.fr\/adplim\/\" \/>\n<meta property=\"og:locale\" content=\"fr_FR\" \/>\n<meta property=\"og:type\" content=\"article\" \/>\n<meta property=\"og:title\" content=\"Accueil - Association des Doctorants Pluridisciplinaires de Limoges\" \/>\n<meta property=\"og:url\" content=\"https:\/\/asso.unilim.fr\/adplim\/\" \/>\n<meta property=\"og:site_name\" content=\"Association des Doctorants Pluridisciplinaires de Limoges\" \/>\n<meta property=\"article:modified_time\" content=\"2025-05-13T07:23:27+00:00\" \/>\n<meta name=\"twitter:card\" content=\"summary_large_image\" \/>\n<meta name=\"twitter:label1\" content=\"Dur\u00e9e de lecture estim\u00e9e\" \/>\n\t<meta name=\"twitter:data1\" content=\"2 minutes\" \/>\n<script type=\"application\/ld+json\" class=\"yoast-schema-graph\">{\"@context\":\"https:\/\/schema.org\",\"@graph\":[{\"@type\":\"WebPage\",\"@id\":\"https:\/\/asso.unilim.fr\/adplim\/\",\"url\":\"https:\/\/asso.unilim.fr\/adplim\/\",\"name\":\"Accueil - Association des Doctorants Pluridisciplinaires de Limoges\",\"isPartOf\":{\"@id\":\"https:\/\/asso.unilim.fr\/adplim\/#website\"},\"datePublished\":\"2024-05-31T11:36:23+00:00\",\"dateModified\":\"2025-05-13T07:23:27+00:00\",\"breadcrumb\":{\"@id\":\"https:\/\/asso.unilim.fr\/adplim\/#breadcrumb\"},\"inLanguage\":\"fr-FR\",\"potentialAction\":[{\"@type\":\"ReadAction\",\"target\":[\"https:\/\/asso.unilim.fr\/adplim\/\"]}]},{\"@type\":\"BreadcrumbList\",\"@id\":\"https:\/\/asso.unilim.fr\/adplim\/#breadcrumb\",\"itemListElement\":[{\"@type\":\"ListItem\",\"position\":1,\"name\":\"Accueil\",\"item\":\"https:\/\/asso.unilim.fr\/adplim\/\"},{\"@type\":\"ListItem\",\"position\":2,\"name\":\"Accueil\"}]},{\"@type\":\"WebSite\",\"@id\":\"https:\/\/asso.unilim.fr\/adplim\/#website\",\"url\":\"https:\/\/asso.unilim.fr\/adplim\/\",\"name\":\"Association des Doctorants Pluridisciplinaires de Limoges\",\"description\":\"universit\u00e9 ouverte source de r\u00e9ussites\",\"potentialAction\":[{\"@type\":\"SearchAction\",\"target\":{\"@type\":\"EntryPoint\",\"urlTemplate\":\"https:\/\/asso.unilim.fr\/adplim\/?s={search_term_string}\"},\"query-input\":{\"@type\":\"PropertyValueSpecification\",\"valueRequired\":true,\"valueName\":\"search_term_string\"}}],\"inLanguage\":\"fr-FR\"}]}<\/script>\n<!-- \/ Yoast SEO plugin. -->","yoast_head_json":{"title":"Accueil - Association des Doctorants Pluridisciplinaires de Limoges","robots":{"index":"index","follow":"follow","max-snippet":"max-snippet:-1","max-image-preview":"max-image-preview:large","max-video-preview":"max-video-preview:-1"},"canonical":"https:\/\/asso.unilim.fr\/adplim\/","og_locale":"fr_FR","og_type":"article","og_title":"Accueil - Association des Doctorants Pluridisciplinaires de Limoges","og_url":"https:\/\/asso.unilim.fr\/adplim\/","og_site_name":"Association des Doctorants Pluridisciplinaires de Limoges","article_modified_time":"2025-05-13T07:23:27+00:00","twitter_card":"summary_large_image","twitter_misc":{"Dur\u00e9e de lecture estim\u00e9e":"2 minutes"},"schema":{"@context":"https:\/\/schema.org","@graph":[{"@type":"WebPage","@id":"https:\/\/asso.unilim.fr\/adplim\/","url":"https:\/\/asso.unilim.fr\/adplim\/","name":"Accueil - Association des Doctorants Pluridisciplinaires de Limoges","isPartOf":{"@id":"https:\/\/asso.unilim.fr\/adplim\/#website"},"datePublished":"2024-05-31T11:36:23+00:00","dateModified":"2025-05-13T07:23:27+00:00","breadcrumb":{"@id":"https:\/\/asso.unilim.fr\/adplim\/#breadcrumb"},"inLanguage":"fr-FR","potentialAction":[{"@type":"ReadAction","target":["https:\/\/asso.unilim.fr\/adplim\/"]}]},{"@type":"BreadcrumbList","@id":"https:\/\/asso.unilim.fr\/adplim\/#breadcrumb","itemListElement":[{"@type":"ListItem","position":1,"name":"Accueil","item":"https:\/\/asso.unilim.fr\/adplim\/"},{"@type":"ListItem","position":2,"name":"Accueil"}]},{"@type":"WebSite","@id":"https:\/\/asso.unilim.fr\/adplim\/#website","url":"https:\/\/asso.unilim.fr\/adplim\/","name":"Association des Doctorants Pluridisciplinaires de Limoges","description":"universit\u00e9 ouverte source de r\u00e9ussites","potentialAction":[{"@type":"SearchAction","target":{"@type":"EntryPoint","urlTemplate":"https:\/\/asso.unilim.fr\/adplim\/?s={search_term_string}"},"query-input":{"@type":"PropertyValueSpecification","valueRequired":true,"valueName":"search_term_string"}}],"inLanguage":"fr-FR"}]}},"_links":{"self":[{"href":"https:\/\/asso.unilim.fr\/adplim\/wp-json\/wp\/v2\/pages\/80","targetHints":{"allow":["GET"]}}],"collection":[{"href":"https:\/\/asso.unilim.fr\/adplim\/wp-json\/wp\/v2\/pages"}],"about":[{"href":"https:\/\/asso.unilim.fr\/adplim\/wp-json\/wp\/v2\/types\/page"}],"author":[{"embeddable":true,"href":"https:\/\/asso.unilim.fr\/adplim\/wp-json\/wp\/v2\/users\/246"}],"replies":[{"embeddable":true,"href":"https:\/\/asso.unilim.fr\/adplim\/wp-json\/wp\/v2\/comments?post=80"}],"version-history":[{"count":21,"href":"https:\/\/asso.unilim.fr\/adplim\/wp-json\/wp\/v2\/pages\/80\/revisions"}],"predecessor-version":[{"id":333,"href":"https:\/\/asso.unilim.fr\/adplim\/wp-json\/wp\/v2\/pages\/80\/revisions\/333"}],"wp:attachment":[{"href":"https:\/\/asso.unilim.fr\/adplim\/wp-json\/wp\/v2\/media?parent=80"}],"curies":[{"name":"wp","href":"https:\/\/api.w.org\/{rel}","templated":true}]}}