{"id":7,"date":"2024-05-29T22:00:00","date_gmt":"2024-05-30T12:25:42","guid":{"rendered":"https:\/\/asso.unilim.fr\/adplim\/mentions-legales\/"},"modified":"2025-03-13T11:59:05","modified_gmt":"2025-03-13T10:59:05","slug":"mentions-legales","status":"publish","type":"page","link":"https:\/\/asso.unilim.fr\/adplim\/mentions-legales\/","title":{"rendered":"Mentions l\u00e9gales"},"content":{"rendered":"        <div class=\"container-fluid  \" style=\"\">\n                      <div class=\"container\">\n                <div class=\"row \" style=\"margin-top: 30px;margin-bottom: 30px\">        <div class=\"col-md-12 \">\n                    <div class=\"clearfix ul-element-text \">\n            \n<h3>Editeur, responsable de la publication<\/h3>\n<p>Ce site web est le site officiel de : Association des Doctorants Pluridisciplinaires de Limoges<\/p>\n<h3>Directeur de publication<\/h3>\n<p>Vincent Jolivet, Pr\u00e9sident de l&rsquo;Universit\u00e9.<br \/>\nContact : <a title=\"presidence@unilim.fr\" href=\"mailto:presidence@unilim.fr\" target=\"_blank\" rel=\"noopener\">presidence@unilim.fr<\/a><\/p>\n<h3>Responsabilit\u00e9 \u00e9ditoriale<\/h3>\n<p>Ibrahim EL ABBADI, pr\u00e9sident de l&rsquo;association<\/p>\n<p>Contact : <a href=\"mailto:adp.limoges@gmail.com\">adp.limoges@gmail.com<\/a><\/p>\n<h3>R\u00e9alisation<\/h3>\n<p>Hortense MAHOUT, vice-pr\u00e9sidente de l&rsquo;association<\/p>\n<h3>Cr\u00e9dits photographiques<\/h3>\n<p data-start=\"142\" data-end=\"343\">Tous les logos pr\u00e9sents sur ce site ont \u00e9t\u00e9 cr\u00e9\u00e9s par ADPLim et sont sa propri\u00e9t\u00e9 exclusive. Toute reproduction, modification ou utilisation sans autorisation pr\u00e9alable est interdite.<\/p>\n<p data-start=\"345\" data-end=\"528\">Les photographies des membres du bureau figurant sur ce site sont publi\u00e9es avec leur accord. Toute r\u00e9utilisation ou diffusion de ces images sans autorisation expresse est interdite.<\/p>\n<p data-start=\"530\" data-end=\"666\">Pour toute demande relative aux droits d\u2019utilisation des visuels pr\u00e9sents sur ce site, veuillez contacter <a href=\"mailto:adp.limoges@gmail.com\">adp.limoges@gmail.com<\/a>.<\/p>\n<h3 data-start=\"530\" data-end=\"666\">H\u00e9bergeur<\/h3>\n<address><strong>Direction du Syst\u00e8me d&rsquo;Information de l&rsquo;Universit\u00e9 de Limoges<\/strong><br \/>\n123 Av. Albert Thomas<br \/>\n87060 Limoges Cedex<br \/>\n<abbr title=\"T\u00e9l\u00e9phone\">T\u00e9l :<\/abbr> 05 87 08 08 00<br \/>\n<abbr title=\"T\u00e9l\u00e9copie\">Fax :<\/abbr> 05 55 45 75 95<br \/>\n<strong>Courriel<\/strong><br \/>\n<a href=\"mailto:webmaster@unilim.fr\" target=\"_blank\" rel=\"noopener\">webmaster@unilim.fr<\/a><\/address>\n<h3>Acc\u00e8s au site<\/h3>\n<p>L&rsquo;utilisateur du site internet : https:\/\/asso.unilim.fr\/adplim\/\u00a0 reconna\u00eet disposer de la comp\u00e9tence et des moyens n\u00e9cessaires pour acc\u00e9der et utiliser ce site internet.<\/p>\n<h3>Droit d&rsquo;auteur &#8211; Copyright<\/h3>\n<p>L&rsquo;ensemble de ce site rel\u00e8ve de la l\u00e9gislation fran\u00e7aise et internationale sur le droit d&rsquo;auteur et la propri\u00e9t\u00e9 intellectuelle. Tous les droits de reproduction sont r\u00e9serv\u00e9s, y compris pour les documents t\u00e9l\u00e9chargeables et les repr\u00e9sentations iconographiques et photographiques. La reproduction de tout ou partie de ce site sur un support \u00e9lectronique quel qu&rsquo;il soit est formellement interdite sauf autorisation expresse du Pr\u00e9sident de l&rsquo;universit\u00e9 qui est \u00e9galement directeur de publication. Vous pouvez \u00e9crire au Service Communication qui se chargera de transmettre votre demande et vous fera part de la r\u00e9ponse du directeur de publication.<br \/>\nLa reproduction des textes de ce site sur un support papier est autoris\u00e9e, tout particuli\u00e8rement dans le cadre p\u00e9dagogique, sous r\u00e9serve du respect des trois conditions suivantes :<\/p>\n<ul>\n<li>gratuit\u00e9 de la diffusion,<\/li>\n<li>respect de l&rsquo;int\u00e9grit\u00e9 des documents reproduits : pas de modification ni alt\u00e9ration d&rsquo;aucune sorte,<\/li>\n<li>citation claire et lisible de la source sous la forme suivante, par exemple : \u00ab\u00a0ce document provient du site internet : https:\/\/asso.unilim.fr\/adplim\/. Les droits de reproduction sont r\u00e9serv\u00e9s et strictement limit\u00e9s\u00a0\u00bb. L&rsquo;adresse internet du site de l&rsquo;Association des Doctorants Pluridisciplinaires de Limoges doit imp\u00e9rativement figurer dans la r\u00e9f\u00e9rence.<\/li>\n<\/ul>\n<p>Pour d&rsquo;autres utilisations, veuillez nous consulter.<br \/>\nLes liens hypertextes mis en place dans le cadre du pr\u00e9sent site web en direction d&rsquo;autres ressources pr\u00e9sentes sur le r\u00e9seau internet, ne sauraient engager la responsabilit\u00e9 de l&rsquo;Universit\u00e9 de Limoges.<br \/>\nLes utilisateurs et visiteurs du site web ne peuvent mettre en place un hyperlien en direction de ce site sans l&rsquo;autorisation \u00e9crite expresse et pr\u00e9alable du Pr\u00e9sident de l&rsquo;Universit\u00e9 de Limoges. Pour cela merci d&rsquo;adresser un mail \u00e0 <a title=\"com@unilim.fr\" href=\"mailto:com@unilim.fr\" target=\"_blank\" rel=\"noopener\">com@unilim.fr<\/a> ou \u00e9crire \u00e0 :<\/p>\n<address><strong>Monsieur le Pr\u00e9sident<\/strong><br \/>\n33,Rue Fran\u00e7ois Mitterrand BP 23204<br \/>\n87032 Limoges CEDEX 01<\/address>\n<h3>Publications &#8211; Actualit\u00e9s<\/h3>\n<p>Les documents diffus\u00e9s en version \u00e9lectronique sur ce site peuvent avoir fait l&rsquo;objet de mises \u00e0 jour entre le moment o\u00f9 vous les avez t\u00e9l\u00e9charg\u00e9s et celui o\u00f9 vous en prenez connaissance. En cons\u00e9quence, nous vous recommandons d&rsquo;en v\u00e9rifier la validit\u00e9.<\/p>\n<h3>Contenu du site<\/h3>\n<p>L&rsquo;Association des Doctorants Pluridisciplinaires de Limoges met \u00e0 disposition des utilisateurs du site web https:\/\/asso.unilim.fr\/adplim\/ des informations et outils disponibles et v\u00e9rifi\u00e9s, mais il ne saurait \u00eatre tenu pour responsable des erreurs ou de l&rsquo;indisponibilit\u00e9 de certaines informations.<br \/>\nNous remercions les utilisateurs du site de nous faire part d&rsquo;\u00e9ventuelles omissions, erreurs ou corrections \u00e0 apporter, en adressant un courriel au webmestre du site \u00e0 l&rsquo;adresse <a href=\"mailto:adp.limoges@gmail.com\">adp.limoges@gmail.com<\/a>.<\/p>\n        <\/div>\n                <\/div>\n        <\/div>\n            <\/div>\n                  <\/div>\n        \n","protected":false},"excerpt":{"rendered":"","protected":false},"author":1,"featured_media":0,"parent":0,"menu_order":0,"comment_status":"closed","ping_status":"closed","template":"page-le.php","meta":{"footnotes":""},"class_list":["post-7","page","type-page","status-publish","hentry"],"yoast_head":"<!-- This site is optimized with the Yoast SEO plugin v26.3 - https:\/\/yoast.com\/wordpress\/plugins\/seo\/ -->\n<title>Mentions l\u00e9gales - Association des Doctorants Pluridisciplinaires de Limoges<\/title>\n<meta name=\"robots\" content=\"index, follow, max-snippet:-1, max-image-preview:large, max-video-preview:-1\" \/>\n<link rel=\"canonical\" href=\"https:\/\/asso.unilim.fr\/adplim\/mentions-legales\/\" \/>\n<meta property=\"og:locale\" content=\"fr_FR\" \/>\n<meta property=\"og:type\" content=\"article\" \/>\n<meta property=\"og:title\" content=\"Mentions l\u00e9gales - Association des Doctorants Pluridisciplinaires de Limoges\" \/>\n<meta property=\"og:url\" content=\"https:\/\/asso.unilim.fr\/adplim\/mentions-legales\/\" \/>\n<meta property=\"og:site_name\" content=\"Association des Doctorants Pluridisciplinaires de Limoges\" \/>\n<meta property=\"article:modified_time\" content=\"2025-03-13T10:59:05+00:00\" \/>\n<meta name=\"twitter:card\" content=\"summary_large_image\" \/>\n<meta name=\"twitter:label1\" content=\"Dur\u00e9e de lecture estim\u00e9e\" \/>\n\t<meta name=\"twitter:data1\" content=\"3 minutes\" \/>\n<script type=\"application\/ld+json\" class=\"yoast-schema-graph\">{\"@context\":\"https:\/\/schema.org\",\"@graph\":[{\"@type\":\"WebPage\",\"@id\":\"https:\/\/asso.unilim.fr\/adplim\/mentions-legales\/\",\"url\":\"https:\/\/asso.unilim.fr\/adplim\/mentions-legales\/\",\"name\":\"Mentions l\u00e9gales - Association des Doctorants Pluridisciplinaires de Limoges\",\"isPartOf\":{\"@id\":\"https:\/\/asso.unilim.fr\/adplim\/#website\"},\"datePublished\":\"2024-05-30T12:25:42+00:00\",\"dateModified\":\"2025-03-13T10:59:05+00:00\",\"breadcrumb\":{\"@id\":\"https:\/\/asso.unilim.fr\/adplim\/mentions-legales\/#breadcrumb\"},\"inLanguage\":\"fr-FR\",\"potentialAction\":[{\"@type\":\"ReadAction\",\"target\":[\"https:\/\/asso.unilim.fr\/adplim\/mentions-legales\/\"]}]},{\"@type\":\"BreadcrumbList\",\"@id\":\"https:\/\/asso.unilim.fr\/adplim\/mentions-legales\/#breadcrumb\",\"itemListElement\":[{\"@type\":\"ListItem\",\"position\":1,\"name\":\"Accueil\",\"item\":\"https:\/\/asso.unilim.fr\/adplim\/\"},{\"@type\":\"ListItem\",\"position\":2,\"name\":\"Mentions l\u00e9gales\"}]},{\"@type\":\"WebSite\",\"@id\":\"https:\/\/asso.unilim.fr\/adplim\/#website\",\"url\":\"https:\/\/asso.unilim.fr\/adplim\/\",\"name\":\"Association des Doctorants Pluridisciplinaires de Limoges\",\"description\":\"universit\u00e9 ouverte source de r\u00e9ussites\",\"potentialAction\":[{\"@type\":\"SearchAction\",\"target\":{\"@type\":\"EntryPoint\",\"urlTemplate\":\"https:\/\/asso.unilim.fr\/adplim\/?s={search_term_string}\"},\"query-input\":{\"@type\":\"PropertyValueSpecification\",\"valueRequired\":true,\"valueName\":\"search_term_string\"}}],\"inLanguage\":\"fr-FR\"}]}<\/script>\n<!-- \/ Yoast SEO plugin. -->","yoast_head_json":{"title":"Mentions l\u00e9gales - Association des Doctorants Pluridisciplinaires de Limoges","robots":{"index":"index","follow":"follow","max-snippet":"max-snippet:-1","max-image-preview":"max-image-preview:large","max-video-preview":"max-video-preview:-1"},"canonical":"https:\/\/asso.unilim.fr\/adplim\/mentions-legales\/","og_locale":"fr_FR","og_type":"article","og_title":"Mentions l\u00e9gales - Association des Doctorants Pluridisciplinaires de Limoges","og_url":"https:\/\/asso.unilim.fr\/adplim\/mentions-legales\/","og_site_name":"Association des Doctorants Pluridisciplinaires de Limoges","article_modified_time":"2025-03-13T10:59:05+00:00","twitter_card":"summary_large_image","twitter_misc":{"Dur\u00e9e de lecture estim\u00e9e":"3 minutes"},"schema":{"@context":"https:\/\/schema.org","@graph":[{"@type":"WebPage","@id":"https:\/\/asso.unilim.fr\/adplim\/mentions-legales\/","url":"https:\/\/asso.unilim.fr\/adplim\/mentions-legales\/","name":"Mentions l\u00e9gales - Association des Doctorants Pluridisciplinaires de Limoges","isPartOf":{"@id":"https:\/\/asso.unilim.fr\/adplim\/#website"},"datePublished":"2024-05-30T12:25:42+00:00","dateModified":"2025-03-13T10:59:05+00:00","breadcrumb":{"@id":"https:\/\/asso.unilim.fr\/adplim\/mentions-legales\/#breadcrumb"},"inLanguage":"fr-FR","potentialAction":[{"@type":"ReadAction","target":["https:\/\/asso.unilim.fr\/adplim\/mentions-legales\/"]}]},{"@type":"BreadcrumbList","@id":"https:\/\/asso.unilim.fr\/adplim\/mentions-legales\/#breadcrumb","itemListElement":[{"@type":"ListItem","position":1,"name":"Accueil","item":"https:\/\/asso.unilim.fr\/adplim\/"},{"@type":"ListItem","position":2,"name":"Mentions l\u00e9gales"}]},{"@type":"WebSite","@id":"https:\/\/asso.unilim.fr\/adplim\/#website","url":"https:\/\/asso.unilim.fr\/adplim\/","name":"Association des Doctorants Pluridisciplinaires de Limoges","description":"universit\u00e9 ouverte source de r\u00e9ussites","potentialAction":[{"@type":"SearchAction","target":{"@type":"EntryPoint","urlTemplate":"https:\/\/asso.unilim.fr\/adplim\/?s={search_term_string}"},"query-input":{"@type":"PropertyValueSpecification","valueRequired":true,"valueName":"search_term_string"}}],"inLanguage":"fr-FR"}]}},"_links":{"self":[{"href":"https:\/\/asso.unilim.fr\/adplim\/wp-json\/wp\/v2\/pages\/7","targetHints":{"allow":["GET"]}}],"collection":[{"href":"https:\/\/asso.unilim.fr\/adplim\/wp-json\/wp\/v2\/pages"}],"about":[{"href":"https:\/\/asso.unilim.fr\/adplim\/wp-json\/wp\/v2\/types\/page"}],"author":[{"embeddable":true,"href":"https:\/\/asso.unilim.fr\/adplim\/wp-json\/wp\/v2\/users\/1"}],"replies":[{"embeddable":true,"href":"https:\/\/asso.unilim.fr\/adplim\/wp-json\/wp\/v2\/comments?post=7"}],"version-history":[{"count":2,"href":"https:\/\/asso.unilim.fr\/adplim\/wp-json\/wp\/v2\/pages\/7\/revisions"}],"predecessor-version":[{"id":276,"href":"https:\/\/asso.unilim.fr\/adplim\/wp-json\/wp\/v2\/pages\/7\/revisions\/276"}],"wp:attachment":[{"href":"https:\/\/asso.unilim.fr\/adplim\/wp-json\/wp\/v2\/media?parent=7"}],"curies":[{"name":"wp","href":"https:\/\/api.w.org\/{rel}","templated":true}]}}