{"id":64,"date":"2025-03-13T00:00:00","date_gmt":"2024-05-30T16:07:43","guid":{"rendered":"https:\/\/asso.unilim.fr\/adplim\/?page_id=64"},"modified":"2025-03-13T11:23:11","modified_gmt":"2025-03-13T10:23:11","slug":"journees-dechange-des-doctorants-autour-de-linterdisciplinarite-jedi","status":"publish","type":"page","link":"https:\/\/asso.unilim.fr\/adplim\/evenements\/journees-dechange-des-doctorants-autour-de-linterdisciplinarite-jedi\/","title":{"rendered":"Journ\u00e9es d&rsquo;Echange des Doctorants autour de l&rsquo;Interdisciplinarit\u00e9"},"content":{"rendered":"        <div class=\"container-fluid  \" style=\"\">\n                      <div class=\"container\">\n                <div class=\"row \" style=\"margin-top: 30px;margin-bottom: 30px\">        <div class=\"col-sm-4 \">\n                    <div class=\"clearfix ul-element-text \">\n            \n<p style=\"text-align: center\" data-mce-style=\"text-align: center;\"><a href=\"https:\/\/asso.unilim.fr\/adplim\/wp-content\/uploads\/sites\/14\/2024\/05\/jedi.jpg\" class=\"\" data-mce-href=\"https:\/\/asso.unilim.fr\/adplim\/wp-content\/uploads\/sites\/14\/2024\/05\/jedi.jpg\"><img loading=\"lazy\" decoding=\"async\" alt=\"\" src=\"https:\/\/asso.unilim.fr\/adplim\/wp-content\/uploads\/sites\/14\/2024\/05\/jedi.jpg\" class=\"alignnone wp-image-67\" width=\"252\" height=\"253\" data-mce-src=\"https:\/\/asso.unilim.fr\/adplim\/wp-content\/uploads\/sites\/14\/2024\/05\/jedi.jpg\"><\/a><br data-mce-bogus=\"1\"><\/p>\n<p><\/p>\n        <\/div>\n                <\/div>\n                <div class=\"col-sm-8 \">\n                    <div class=\"clearfix ul-element-text \">\n            \n<p>Les Journ\u00e9es d&rsquo;Echanges des Doctorants autour de la Pluridisciplinarit\u00e9 (JEDI) sont un \u00e9v\u00e8nement phare d&rsquo;ADPLim<\/p>\n<p><span style=\"text-decoration: underline\" data-mce-style=\"text-decoration: underline;\">Mais de quoi s&rsquo;agit-il<\/span> ?<\/p>\n<p>Les JEDI sont une universit\u00e9 d&rsquo;\u00e9t\u00e9 ouverte \u00e0 tous les doctorants de l&rsquo;Unversit\u00e9 de Limoges visant \u00e0 encourager les rencontres, les \u00e9changes et la collaboration interdisciplinaire. L&rsquo;\u00e9v\u00e9nement vise plusieurs objectifs compl\u00e9mentaires, \u00e0 la fois scientifiques et sociaux :<\/p>\n<ul>\n<li><strong> R\u00e9flexion sur les th\u00e9matiques de recherche<\/strong> : Les doctorants auront l\u2019opportunit\u00e9 de r\u00e9fl\u00e9chir \u00e0 la place de leur sujet de th\u00e8se dans l\u2019environnement scientifique de l\u2019universit\u00e9, tout en explorant les b\u00e9n\u00e9fices d\u2019une approche pluridisciplinaire de la recherche.<\/li>\n<li><strong>Cr\u00e9ation de liens entre doctorants<\/strong> : Cette rencontre permet aux participants de se retrouver, d\u2019\u00e9changer et de renforcer la collaboration au sein de la communaut\u00e9 doctorale dans un cadre propice aux discussions et au r\u00e9seautage.<\/li>\n<li><strong>Valorisation de l\u2019interdisciplinarit\u00e9<\/strong> : En organisant des travaux collaboratifs autour d\u2019une th\u00e9matique sp\u00e9cifique, l\u2019\u00e9v\u00e9nement met en pratique l\u2019interdisciplinarit\u00e9, tout en \u00e9tablissant des liens avec les acteurs socio-\u00e9conomiques locaux.<\/li>\n<\/ul>\n<p><span style=\"text-decoration: underline\" data-mce-style=\"text-decoration: underline;\">Comment s&rsquo;organise l&rsquo;\u00e9v\u00e8nement<\/span> ?<\/p>\n<ul>\n<li><strong>Journ\u00e9e 1<\/strong> : Pr\u00e9sentations et ateliers de coh\u00e9sion<\/li>\n<\/ul>\n<p>La journ\u00e9e d\u00e9butera par des pr\u00e9sentations flash de doctorants participant pour la premi\u00e8re fois \u00e0 l&rsquo;\u00e9v\u00e9nement. L\u2019objectif est de vulgariser les travaux de th\u00e8se afin de les rendre accessibles \u00e0 tous les participants. En fin de journ\u00e9e, la th\u00e9matique du concours sera annonc\u00e9e, et les doctorants seront r\u00e9partis en groupes pluridisciplinaires. Un atelier ludique favorisera la coh\u00e9sion de groupe, suivi d\u2019un ap\u00e9ritif dinatoire pour encourager les \u00e9changes informels.<\/p>\n<ul>\n<li>J<strong>ourn\u00e9e 2<\/strong> : Conf\u00e9rences et concours<\/li>\n<\/ul>\n<p>La matin\u00e9e sera d\u00e9di\u00e9e \u00e0 des conf\u00e9rences pl\u00e9ni\u00e8res anim\u00e9es par des chercheurs et des professionnels, qui partageront leur expertise sur la th\u00e9matique du concours et l&rsquo;importance de l\u2019interdisciplinarit\u00e9. L\u2019apr\u00e8s-midi, les groupes de doctorants se lanceront dans le concours, en \u00e9laborant des projets autour de la th\u00e9matique annonc\u00e9e, avec le soutien des conf\u00e9renciers.<\/p>\n<ul>\n<li><strong>Journ\u00e9e 3<\/strong> : Pr\u00e9sentation des projets et remise des prix<\/li>\n<\/ul>\n<p>Le dernier jour sera consacr\u00e9 \u00e0 la pr\u00e9sentation des projets, qui seront \u00e9valu\u00e9s par un jury. Les trois projets gagnants recevront des prix, et un prix du public sera \u00e9galement attribu\u00e9. Les projets pourront \u00eatre publi\u00e9s et les laur\u00e9ats b\u00e9n\u00e9ficieront de partenariats avec des acteurs \u00e9conomiques locaux pour concr\u00e9tiser leurs projets.<\/p>\n        <\/div>\n                <\/div>\n        <\/div>\n            <\/div>\n                  <\/div>\n        \n","protected":false},"excerpt":{"rendered":"","protected":false},"author":246,"featured_media":0,"parent":56,"menu_order":0,"comment_status":"closed","ping_status":"closed","template":"page-le.php","meta":{"footnotes":""},"class_list":["post-64","page","type-page","status-publish","hentry"],"yoast_head":"<!-- This site is optimized with the Yoast SEO plugin v26.3 - https:\/\/yoast.com\/wordpress\/plugins\/seo\/ -->\n<title>Journ\u00e9es d&#039;Echange des Doctorants autour de l&#039;Interdisciplinarit\u00e9 - Association des Doctorants Pluridisciplinaires de Limoges<\/title>\n<meta name=\"robots\" content=\"index, follow, max-snippet:-1, max-image-preview:large, max-video-preview:-1\" \/>\n<link rel=\"canonical\" href=\"https:\/\/asso.unilim.fr\/adplim\/evenements\/journees-dechange-des-doctorants-autour-de-linterdisciplinarite-jedi\/\" \/>\n<meta property=\"og:locale\" content=\"fr_FR\" \/>\n<meta property=\"og:type\" content=\"article\" \/>\n<meta property=\"og:title\" content=\"Journ\u00e9es d&#039;Echange des Doctorants autour de l&#039;Interdisciplinarit\u00e9 - Association des Doctorants Pluridisciplinaires de Limoges\" \/>\n<meta property=\"og:url\" content=\"https:\/\/asso.unilim.fr\/adplim\/evenements\/journees-dechange-des-doctorants-autour-de-linterdisciplinarite-jedi\/\" \/>\n<meta property=\"og:site_name\" content=\"Association des Doctorants Pluridisciplinaires de Limoges\" \/>\n<meta property=\"article:modified_time\" content=\"2025-03-13T10:23:11+00:00\" \/>\n<meta property=\"og:image\" content=\"https:\/\/asso.unilim.fr\/adplim\/wp-content\/uploads\/sites\/14\/2024\/05\/jedi.jpg\" \/>\n\t<meta property=\"og:image:width\" content=\"224\" \/>\n\t<meta property=\"og:image:height\" content=\"225\" \/>\n\t<meta property=\"og:image:type\" content=\"image\/jpeg\" \/>\n<meta name=\"twitter:card\" content=\"summary_large_image\" \/>\n<meta name=\"twitter:label1\" content=\"Dur\u00e9e de lecture estim\u00e9e\" \/>\n\t<meta name=\"twitter:data1\" content=\"3 minutes\" \/>\n<script type=\"application\/ld+json\" class=\"yoast-schema-graph\">{\"@context\":\"https:\/\/schema.org\",\"@graph\":[{\"@type\":\"WebPage\",\"@id\":\"https:\/\/asso.unilim.fr\/adplim\/evenements\/journees-dechange-des-doctorants-autour-de-linterdisciplinarite-jedi\/\",\"url\":\"https:\/\/asso.unilim.fr\/adplim\/evenements\/journees-dechange-des-doctorants-autour-de-linterdisciplinarite-jedi\/\",\"name\":\"Journ\u00e9es d'Echange des Doctorants autour de l'Interdisciplinarit\u00e9 - Association des Doctorants Pluridisciplinaires de Limoges\",\"isPartOf\":{\"@id\":\"https:\/\/asso.unilim.fr\/adplim\/#website\"},\"primaryImageOfPage\":{\"@id\":\"https:\/\/asso.unilim.fr\/adplim\/evenements\/journees-dechange-des-doctorants-autour-de-linterdisciplinarite-jedi\/#primaryimage\"},\"image\":{\"@id\":\"https:\/\/asso.unilim.fr\/adplim\/evenements\/journees-dechange-des-doctorants-autour-de-linterdisciplinarite-jedi\/#primaryimage\"},\"thumbnailUrl\":\"https:\/\/asso.unilim.fr\/adplim\/wp-content\/uploads\/sites\/14\/2024\/05\/jedi.jpg\",\"datePublished\":\"2024-05-30T16:07:43+00:00\",\"dateModified\":\"2025-03-13T10:23:11+00:00\",\"breadcrumb\":{\"@id\":\"https:\/\/asso.unilim.fr\/adplim\/evenements\/journees-dechange-des-doctorants-autour-de-linterdisciplinarite-jedi\/#breadcrumb\"},\"inLanguage\":\"fr-FR\",\"potentialAction\":[{\"@type\":\"ReadAction\",\"target\":[\"https:\/\/asso.unilim.fr\/adplim\/evenements\/journees-dechange-des-doctorants-autour-de-linterdisciplinarite-jedi\/\"]}]},{\"@type\":\"ImageObject\",\"inLanguage\":\"fr-FR\",\"@id\":\"https:\/\/asso.unilim.fr\/adplim\/evenements\/journees-dechange-des-doctorants-autour-de-linterdisciplinarite-jedi\/#primaryimage\",\"url\":\"https:\/\/asso.unilim.fr\/adplim\/wp-content\/uploads\/sites\/14\/2024\/05\/jedi.jpg\",\"contentUrl\":\"https:\/\/asso.unilim.fr\/adplim\/wp-content\/uploads\/sites\/14\/2024\/05\/jedi.jpg\"},{\"@type\":\"BreadcrumbList\",\"@id\":\"https:\/\/asso.unilim.fr\/adplim\/evenements\/journees-dechange-des-doctorants-autour-de-linterdisciplinarite-jedi\/#breadcrumb\",\"itemListElement\":[{\"@type\":\"ListItem\",\"position\":1,\"name\":\"Accueil\",\"item\":\"https:\/\/asso.unilim.fr\/adplim\/\"},{\"@type\":\"ListItem\",\"position\":2,\"name\":\"Ev\u00e8nements\",\"item\":\"https:\/\/asso.unilim.fr\/adplim\/evenements\/\"},{\"@type\":\"ListItem\",\"position\":3,\"name\":\"Journ\u00e9es d&rsquo;Echange des Doctorants autour de l&rsquo;Interdisciplinarit\u00e9\"}]},{\"@type\":\"WebSite\",\"@id\":\"https:\/\/asso.unilim.fr\/adplim\/#website\",\"url\":\"https:\/\/asso.unilim.fr\/adplim\/\",\"name\":\"Association des Doctorants Pluridisciplinaires de Limoges\",\"description\":\"universit\u00e9 ouverte source de r\u00e9ussites\",\"potentialAction\":[{\"@type\":\"SearchAction\",\"target\":{\"@type\":\"EntryPoint\",\"urlTemplate\":\"https:\/\/asso.unilim.fr\/adplim\/?s={search_term_string}\"},\"query-input\":{\"@type\":\"PropertyValueSpecification\",\"valueRequired\":true,\"valueName\":\"search_term_string\"}}],\"inLanguage\":\"fr-FR\"}]}<\/script>\n<!-- \/ Yoast SEO plugin. -->","yoast_head_json":{"title":"Journ\u00e9es d'Echange des Doctorants autour de l'Interdisciplinarit\u00e9 - Association des Doctorants Pluridisciplinaires de Limoges","robots":{"index":"index","follow":"follow","max-snippet":"max-snippet:-1","max-image-preview":"max-image-preview:large","max-video-preview":"max-video-preview:-1"},"canonical":"https:\/\/asso.unilim.fr\/adplim\/evenements\/journees-dechange-des-doctorants-autour-de-linterdisciplinarite-jedi\/","og_locale":"fr_FR","og_type":"article","og_title":"Journ\u00e9es d'Echange des Doctorants autour de l'Interdisciplinarit\u00e9 - Association des Doctorants Pluridisciplinaires de Limoges","og_url":"https:\/\/asso.unilim.fr\/adplim\/evenements\/journees-dechange-des-doctorants-autour-de-linterdisciplinarite-jedi\/","og_site_name":"Association des Doctorants Pluridisciplinaires de Limoges","article_modified_time":"2025-03-13T10:23:11+00:00","og_image":[{"width":224,"height":225,"url":"https:\/\/asso.unilim.fr\/adplim\/wp-content\/uploads\/sites\/14\/2024\/05\/jedi.jpg","type":"image\/jpeg"}],"twitter_card":"summary_large_image","twitter_misc":{"Dur\u00e9e de lecture estim\u00e9e":"3 minutes"},"schema":{"@context":"https:\/\/schema.org","@graph":[{"@type":"WebPage","@id":"https:\/\/asso.unilim.fr\/adplim\/evenements\/journees-dechange-des-doctorants-autour-de-linterdisciplinarite-jedi\/","url":"https:\/\/asso.unilim.fr\/adplim\/evenements\/journees-dechange-des-doctorants-autour-de-linterdisciplinarite-jedi\/","name":"Journ\u00e9es d'Echange des Doctorants autour de l'Interdisciplinarit\u00e9 - Association des Doctorants Pluridisciplinaires de Limoges","isPartOf":{"@id":"https:\/\/asso.unilim.fr\/adplim\/#website"},"primaryImageOfPage":{"@id":"https:\/\/asso.unilim.fr\/adplim\/evenements\/journees-dechange-des-doctorants-autour-de-linterdisciplinarite-jedi\/#primaryimage"},"image":{"@id":"https:\/\/asso.unilim.fr\/adplim\/evenements\/journees-dechange-des-doctorants-autour-de-linterdisciplinarite-jedi\/#primaryimage"},"thumbnailUrl":"https:\/\/asso.unilim.fr\/adplim\/wp-content\/uploads\/sites\/14\/2024\/05\/jedi.jpg","datePublished":"2024-05-30T16:07:43+00:00","dateModified":"2025-03-13T10:23:11+00:00","breadcrumb":{"@id":"https:\/\/asso.unilim.fr\/adplim\/evenements\/journees-dechange-des-doctorants-autour-de-linterdisciplinarite-jedi\/#breadcrumb"},"inLanguage":"fr-FR","potentialAction":[{"@type":"ReadAction","target":["https:\/\/asso.unilim.fr\/adplim\/evenements\/journees-dechange-des-doctorants-autour-de-linterdisciplinarite-jedi\/"]}]},{"@type":"ImageObject","inLanguage":"fr-FR","@id":"https:\/\/asso.unilim.fr\/adplim\/evenements\/journees-dechange-des-doctorants-autour-de-linterdisciplinarite-jedi\/#primaryimage","url":"https:\/\/asso.unilim.fr\/adplim\/wp-content\/uploads\/sites\/14\/2024\/05\/jedi.jpg","contentUrl":"https:\/\/asso.unilim.fr\/adplim\/wp-content\/uploads\/sites\/14\/2024\/05\/jedi.jpg"},{"@type":"BreadcrumbList","@id":"https:\/\/asso.unilim.fr\/adplim\/evenements\/journees-dechange-des-doctorants-autour-de-linterdisciplinarite-jedi\/#breadcrumb","itemListElement":[{"@type":"ListItem","position":1,"name":"Accueil","item":"https:\/\/asso.unilim.fr\/adplim\/"},{"@type":"ListItem","position":2,"name":"Ev\u00e8nements","item":"https:\/\/asso.unilim.fr\/adplim\/evenements\/"},{"@type":"ListItem","position":3,"name":"Journ\u00e9es d&rsquo;Echange des Doctorants autour de l&rsquo;Interdisciplinarit\u00e9"}]},{"@type":"WebSite","@id":"https:\/\/asso.unilim.fr\/adplim\/#website","url":"https:\/\/asso.unilim.fr\/adplim\/","name":"Association des Doctorants Pluridisciplinaires de Limoges","description":"universit\u00e9 ouverte source de r\u00e9ussites","potentialAction":[{"@type":"SearchAction","target":{"@type":"EntryPoint","urlTemplate":"https:\/\/asso.unilim.fr\/adplim\/?s={search_term_string}"},"query-input":{"@type":"PropertyValueSpecification","valueRequired":true,"valueName":"search_term_string"}}],"inLanguage":"fr-FR"}]}},"_links":{"self":[{"href":"https:\/\/asso.unilim.fr\/adplim\/wp-json\/wp\/v2\/pages\/64","targetHints":{"allow":["GET"]}}],"collection":[{"href":"https:\/\/asso.unilim.fr\/adplim\/wp-json\/wp\/v2\/pages"}],"about":[{"href":"https:\/\/asso.unilim.fr\/adplim\/wp-json\/wp\/v2\/types\/page"}],"author":[{"embeddable":true,"href":"https:\/\/asso.unilim.fr\/adplim\/wp-json\/wp\/v2\/users\/246"}],"replies":[{"embeddable":true,"href":"https:\/\/asso.unilim.fr\/adplim\/wp-json\/wp\/v2\/comments?post=64"}],"version-history":[{"count":8,"href":"https:\/\/asso.unilim.fr\/adplim\/wp-json\/wp\/v2\/pages\/64\/revisions"}],"predecessor-version":[{"id":265,"href":"https:\/\/asso.unilim.fr\/adplim\/wp-json\/wp\/v2\/pages\/64\/revisions\/265"}],"up":[{"embeddable":true,"href":"https:\/\/asso.unilim.fr\/adplim\/wp-json\/wp\/v2\/pages\/56"}],"wp:attachment":[{"href":"https:\/\/asso.unilim.fr\/adplim\/wp-json\/wp\/v2\/media?parent=64"}],"curies":[{"name":"wp","href":"https:\/\/api.w.org\/{rel}","templated":true}]}}