{"id":218,"date":"2025-04-15T22:00:00","date_gmt":"2025-03-05T13:16:00","guid":{"rendered":"https:\/\/asso.unilim.fr\/adplim\/?page_id=218"},"modified":"2025-09-29T11:02:46","modified_gmt":"2025-09-29T09:02:46","slug":"session-poster-en-plein-air","status":"publish","type":"page","link":"https:\/\/asso.unilim.fr\/adplim\/evenements\/session-poster-en-plein-air\/","title":{"rendered":"Grill &amp; Chill de rentr\u00e9e"},"content":{"rendered":"        <div class=\"container-fluid  \" style=\"\">\n                      <div class=\"container\">\n                <div class=\"row \" style=\"margin-top: 30px;margin-bottom: 30px\">        <div class=\"col-sm-4 \">\n                    <div class=\"clearfix ul-element-text \">\n            \n<p style=\"text-align: center\"><a class=\"\" href=\"https:\/\/asso.unilim.fr\/adplim\/wp-content\/uploads\/sites\/14\/2025\/04\/BBQ-e1744805054423.jpeg\"><img loading=\"lazy\" decoding=\"async\" class=\"alignnone wp-image-316\" src=\"https:\/\/asso.unilim.fr\/adplim\/wp-content\/uploads\/sites\/14\/2025\/04\/BBQ-e1744805054423-300x300.jpeg\" alt=\"\" width=\"251\" height=\"251\" srcset=\"https:\/\/asso.unilim.fr\/adplim\/wp-content\/uploads\/sites\/14\/2025\/04\/BBQ-e1744805054423-300x300.jpeg 300w, https:\/\/asso.unilim.fr\/adplim\/wp-content\/uploads\/sites\/14\/2025\/04\/BBQ-e1744805054423.jpeg 588w\" sizes=\"auto, (max-width: 251px) 100vw, 251px\" \/><\/a><\/p>\n<p>&nbsp;<\/p>\n        <\/div>\n                <\/div>\n                <div class=\"col-sm-8 \">\n                    <div class=\"clearfix ul-element-text \">\n            \n<p><span style=\"text-decoration: underline\">Qu\u2019est-ce que c\u2019est<\/span> ? Le Grill &amp; Chill de rentr\u00e9e c&rsquo;est une session poster accompagn\u00e9e d&rsquo;un barbecue en plein air est un \u00e9v\u00e9nement convivial qui r\u00e9unit les \u00e9tudiants de Master et de doctorat pour \u00e9changer autour de leurs travaux de recherche. Loin du cadre formel des conf\u00e9rences, c\u2019est une occasion unique de partager ses id\u00e9es, de rencontrer d\u2019autres chercheurs et de s\u2019int\u00e9grer \u00e0 la communaut\u00e9 acad\u00e9mique dans une ambiance d\u00e9tendue.<\/p>\n<p>&nbsp;<\/p>\n<p><span style=\"text-decoration: underline\">Comment \u00e7a se passe<\/span> ? Tout se d\u00e9roule dans un cadre agr\u00e9able et propice aux \u00e9changes. Les doctorants pr\u00e9sentent leurs recherches sous forme de posters scientifiques couvrant tous les domaines. Les discussions se font en toute simplicit\u00e9, permettant aux nouveaux doctorants de s\u2019int\u00e9grer et aux \u00e9tudiants de Master de poser leurs questions sur le doctorat et le monde de la recherche.<\/p>\n<p>&nbsp;<\/p>\n<p><span style=\"text-decoration: underline\">Qu\u2019est-ce qu\u2019on y fait<\/span> ? On d\u00e9couvre des projets passionnants, on discute, on pose des questions\u2026 et surtout, on profite d\u2019un barbecue convivial avec salades et autres plats pour favoriser les \u00e9changes dans une atmosph\u00e8re chaleureuse. Rien de tel pour nouer des liens, partager des exp\u00e9riences et \u00e9largir son r\u00e9seau tout en passant un bon moment !<\/p>\n        <\/div>\n                <\/div>\n        <\/div>\n            <\/div>\n                  <\/div>\n        \n","protected":false},"excerpt":{"rendered":"","protected":false},"author":255,"featured_media":0,"parent":56,"menu_order":0,"comment_status":"closed","ping_status":"closed","template":"page-le.php","meta":{"footnotes":""},"class_list":["post-218","page","type-page","status-publish","hentry"],"yoast_head":"<!-- This site is optimized with the Yoast SEO plugin v26.3 - https:\/\/yoast.com\/wordpress\/plugins\/seo\/ -->\n<title>Grill &amp; Chill de rentr\u00e9e - Association des Doctorants Pluridisciplinaires de Limoges<\/title>\n<meta name=\"robots\" content=\"index, follow, max-snippet:-1, max-image-preview:large, max-video-preview:-1\" \/>\n<link rel=\"canonical\" href=\"https:\/\/asso.unilim.fr\/adplim\/evenements\/session-poster-en-plein-air\/\" \/>\n<meta property=\"og:locale\" content=\"fr_FR\" \/>\n<meta property=\"og:type\" content=\"article\" \/>\n<meta property=\"og:title\" content=\"Grill &amp; Chill de rentr\u00e9e - Association des Doctorants Pluridisciplinaires de Limoges\" \/>\n<meta property=\"og:url\" content=\"https:\/\/asso.unilim.fr\/adplim\/evenements\/session-poster-en-plein-air\/\" \/>\n<meta property=\"og:site_name\" content=\"Association des Doctorants Pluridisciplinaires de Limoges\" \/>\n<meta property=\"article:modified_time\" content=\"2025-09-29T09:02:46+00:00\" \/>\n<meta property=\"og:image\" content=\"https:\/\/asso.unilim.fr\/adplim\/wp-content\/uploads\/sites\/14\/2025\/04\/BBQ-e1744805054423.jpeg\" \/>\n\t<meta property=\"og:image:width\" content=\"588\" \/>\n\t<meta property=\"og:image:height\" content=\"587\" \/>\n\t<meta property=\"og:image:type\" content=\"image\/jpeg\" \/>\n<meta name=\"twitter:card\" content=\"summary_large_image\" \/>\n<meta name=\"twitter:label1\" content=\"Dur\u00e9e de lecture estim\u00e9e\" \/>\n\t<meta name=\"twitter:data1\" content=\"2 minutes\" \/>\n<script type=\"application\/ld+json\" class=\"yoast-schema-graph\">{\"@context\":\"https:\/\/schema.org\",\"@graph\":[{\"@type\":\"WebPage\",\"@id\":\"https:\/\/asso.unilim.fr\/adplim\/evenements\/session-poster-en-plein-air\/\",\"url\":\"https:\/\/asso.unilim.fr\/adplim\/evenements\/session-poster-en-plein-air\/\",\"name\":\"Grill &amp; Chill de rentr\u00e9e - Association des Doctorants Pluridisciplinaires de Limoges\",\"isPartOf\":{\"@id\":\"https:\/\/asso.unilim.fr\/adplim\/#website\"},\"primaryImageOfPage\":{\"@id\":\"https:\/\/asso.unilim.fr\/adplim\/evenements\/session-poster-en-plein-air\/#primaryimage\"},\"image\":{\"@id\":\"https:\/\/asso.unilim.fr\/adplim\/evenements\/session-poster-en-plein-air\/#primaryimage\"},\"thumbnailUrl\":\"https:\/\/asso.unilim.fr\/adplim\/wp-content\/uploads\/sites\/14\/2025\/04\/BBQ-e1744805054423-300x300.jpeg\",\"datePublished\":\"2025-03-05T13:16:00+00:00\",\"dateModified\":\"2025-09-29T09:02:46+00:00\",\"breadcrumb\":{\"@id\":\"https:\/\/asso.unilim.fr\/adplim\/evenements\/session-poster-en-plein-air\/#breadcrumb\"},\"inLanguage\":\"fr-FR\",\"potentialAction\":[{\"@type\":\"ReadAction\",\"target\":[\"https:\/\/asso.unilim.fr\/adplim\/evenements\/session-poster-en-plein-air\/\"]}]},{\"@type\":\"ImageObject\",\"inLanguage\":\"fr-FR\",\"@id\":\"https:\/\/asso.unilim.fr\/adplim\/evenements\/session-poster-en-plein-air\/#primaryimage\",\"url\":\"https:\/\/asso.unilim.fr\/adplim\/wp-content\/uploads\/sites\/14\/2025\/04\/BBQ-e1744805054423-300x300.jpeg\",\"contentUrl\":\"https:\/\/asso.unilim.fr\/adplim\/wp-content\/uploads\/sites\/14\/2025\/04\/BBQ-e1744805054423-300x300.jpeg\"},{\"@type\":\"BreadcrumbList\",\"@id\":\"https:\/\/asso.unilim.fr\/adplim\/evenements\/session-poster-en-plein-air\/#breadcrumb\",\"itemListElement\":[{\"@type\":\"ListItem\",\"position\":1,\"name\":\"Accueil\",\"item\":\"https:\/\/asso.unilim.fr\/adplim\/\"},{\"@type\":\"ListItem\",\"position\":2,\"name\":\"Ev\u00e8nements\",\"item\":\"https:\/\/asso.unilim.fr\/adplim\/evenements\/\"},{\"@type\":\"ListItem\",\"position\":3,\"name\":\"Grill &amp; Chill de rentr\u00e9e\"}]},{\"@type\":\"WebSite\",\"@id\":\"https:\/\/asso.unilim.fr\/adplim\/#website\",\"url\":\"https:\/\/asso.unilim.fr\/adplim\/\",\"name\":\"Association des Doctorants Pluridisciplinaires de Limoges\",\"description\":\"universit\u00e9 ouverte source de r\u00e9ussites\",\"potentialAction\":[{\"@type\":\"SearchAction\",\"target\":{\"@type\":\"EntryPoint\",\"urlTemplate\":\"https:\/\/asso.unilim.fr\/adplim\/?s={search_term_string}\"},\"query-input\":{\"@type\":\"PropertyValueSpecification\",\"valueRequired\":true,\"valueName\":\"search_term_string\"}}],\"inLanguage\":\"fr-FR\"}]}<\/script>\n<!-- \/ Yoast SEO plugin. -->","yoast_head_json":{"title":"Grill &amp; Chill de rentr\u00e9e - Association des Doctorants Pluridisciplinaires de Limoges","robots":{"index":"index","follow":"follow","max-snippet":"max-snippet:-1","max-image-preview":"max-image-preview:large","max-video-preview":"max-video-preview:-1"},"canonical":"https:\/\/asso.unilim.fr\/adplim\/evenements\/session-poster-en-plein-air\/","og_locale":"fr_FR","og_type":"article","og_title":"Grill &amp; Chill de rentr\u00e9e - Association des Doctorants Pluridisciplinaires de Limoges","og_url":"https:\/\/asso.unilim.fr\/adplim\/evenements\/session-poster-en-plein-air\/","og_site_name":"Association des Doctorants Pluridisciplinaires de Limoges","article_modified_time":"2025-09-29T09:02:46+00:00","og_image":[{"width":588,"height":587,"url":"https:\/\/asso.unilim.fr\/adplim\/wp-content\/uploads\/sites\/14\/2025\/04\/BBQ-e1744805054423.jpeg","type":"image\/jpeg"}],"twitter_card":"summary_large_image","twitter_misc":{"Dur\u00e9e de lecture estim\u00e9e":"2 minutes"},"schema":{"@context":"https:\/\/schema.org","@graph":[{"@type":"WebPage","@id":"https:\/\/asso.unilim.fr\/adplim\/evenements\/session-poster-en-plein-air\/","url":"https:\/\/asso.unilim.fr\/adplim\/evenements\/session-poster-en-plein-air\/","name":"Grill &amp; Chill de rentr\u00e9e - Association des Doctorants Pluridisciplinaires de Limoges","isPartOf":{"@id":"https:\/\/asso.unilim.fr\/adplim\/#website"},"primaryImageOfPage":{"@id":"https:\/\/asso.unilim.fr\/adplim\/evenements\/session-poster-en-plein-air\/#primaryimage"},"image":{"@id":"https:\/\/asso.unilim.fr\/adplim\/evenements\/session-poster-en-plein-air\/#primaryimage"},"thumbnailUrl":"https:\/\/asso.unilim.fr\/adplim\/wp-content\/uploads\/sites\/14\/2025\/04\/BBQ-e1744805054423-300x300.jpeg","datePublished":"2025-03-05T13:16:00+00:00","dateModified":"2025-09-29T09:02:46+00:00","breadcrumb":{"@id":"https:\/\/asso.unilim.fr\/adplim\/evenements\/session-poster-en-plein-air\/#breadcrumb"},"inLanguage":"fr-FR","potentialAction":[{"@type":"ReadAction","target":["https:\/\/asso.unilim.fr\/adplim\/evenements\/session-poster-en-plein-air\/"]}]},{"@type":"ImageObject","inLanguage":"fr-FR","@id":"https:\/\/asso.unilim.fr\/adplim\/evenements\/session-poster-en-plein-air\/#primaryimage","url":"https:\/\/asso.unilim.fr\/adplim\/wp-content\/uploads\/sites\/14\/2025\/04\/BBQ-e1744805054423-300x300.jpeg","contentUrl":"https:\/\/asso.unilim.fr\/adplim\/wp-content\/uploads\/sites\/14\/2025\/04\/BBQ-e1744805054423-300x300.jpeg"},{"@type":"BreadcrumbList","@id":"https:\/\/asso.unilim.fr\/adplim\/evenements\/session-poster-en-plein-air\/#breadcrumb","itemListElement":[{"@type":"ListItem","position":1,"name":"Accueil","item":"https:\/\/asso.unilim.fr\/adplim\/"},{"@type":"ListItem","position":2,"name":"Ev\u00e8nements","item":"https:\/\/asso.unilim.fr\/adplim\/evenements\/"},{"@type":"ListItem","position":3,"name":"Grill &amp; Chill de rentr\u00e9e"}]},{"@type":"WebSite","@id":"https:\/\/asso.unilim.fr\/adplim\/#website","url":"https:\/\/asso.unilim.fr\/adplim\/","name":"Association des Doctorants Pluridisciplinaires de Limoges","description":"universit\u00e9 ouverte source de r\u00e9ussites","potentialAction":[{"@type":"SearchAction","target":{"@type":"EntryPoint","urlTemplate":"https:\/\/asso.unilim.fr\/adplim\/?s={search_term_string}"},"query-input":{"@type":"PropertyValueSpecification","valueRequired":true,"valueName":"search_term_string"}}],"inLanguage":"fr-FR"}]}},"_links":{"self":[{"href":"https:\/\/asso.unilim.fr\/adplim\/wp-json\/wp\/v2\/pages\/218","targetHints":{"allow":["GET"]}}],"collection":[{"href":"https:\/\/asso.unilim.fr\/adplim\/wp-json\/wp\/v2\/pages"}],"about":[{"href":"https:\/\/asso.unilim.fr\/adplim\/wp-json\/wp\/v2\/types\/page"}],"author":[{"embeddable":true,"href":"https:\/\/asso.unilim.fr\/adplim\/wp-json\/wp\/v2\/users\/255"}],"replies":[{"embeddable":true,"href":"https:\/\/asso.unilim.fr\/adplim\/wp-json\/wp\/v2\/comments?post=218"}],"version-history":[{"count":15,"href":"https:\/\/asso.unilim.fr\/adplim\/wp-json\/wp\/v2\/pages\/218\/revisions"}],"predecessor-version":[{"id":354,"href":"https:\/\/asso.unilim.fr\/adplim\/wp-json\/wp\/v2\/pages\/218\/revisions\/354"}],"up":[{"embeddable":true,"href":"https:\/\/asso.unilim.fr\/adplim\/wp-json\/wp\/v2\/pages\/56"}],"wp:attachment":[{"href":"https:\/\/asso.unilim.fr\/adplim\/wp-json\/wp\/v2\/media?parent=218"}],"curies":[{"name":"wp","href":"https:\/\/api.w.org\/{rel}","templated":true}]}}