{"id":210,"date":"2025-04-15T22:00:00","date_gmt":"2025-03-05T13:05:11","guid":{"rendered":"https:\/\/asso.unilim.fr\/adplim\/?page_id=210"},"modified":"2025-04-16T14:07:55","modified_gmt":"2025-04-16T12:07:55","slug":"repas-de-noel","status":"publish","type":"page","link":"https:\/\/asso.unilim.fr\/adplim\/evenements\/repas-de-noel\/","title":{"rendered":"Repas de No\u00ebl"},"content":{"rendered":"        <div class=\"container-fluid  \" style=\"\">\n                      <div class=\"container\">\n                <div class=\"row \" style=\"margin-top: 30px;margin-bottom: 30px\">        <div class=\"col-sm-3 \">\n                    <div class=\"clearfix ul-element-text \">\n            \n<p><a href=\"https:\/\/asso.unilim.fr\/adplim\/wp-content\/uploads\/sites\/14\/2025\/03\/logo-Noel.jpeg\" class=\"\" data-mce-href=\"https:\/\/asso.unilim.fr\/adplim\/wp-content\/uploads\/sites\/14\/2025\/03\/logo-Noel.jpeg\"><img loading=\"lazy\" decoding=\"async\" alt=\"\" src=\"https:\/\/asso.unilim.fr\/adplim\/wp-content\/uploads\/sites\/14\/2025\/03\/logo-Noel-300x276.jpeg\" class=\"alignnone wp-image-213\" width=\"364\" height=\"335\" data-mce-src=\"https:\/\/asso.unilim.fr\/adplim\/wp-content\/uploads\/sites\/14\/2025\/03\/logo-Noel-300x276.jpeg\" data-mce-selected=\"1\" srcset=\"https:\/\/asso.unilim.fr\/adplim\/wp-content\/uploads\/sites\/14\/2025\/03\/logo-Noel-300x276.jpeg 300w, https:\/\/asso.unilim.fr\/adplim\/wp-content\/uploads\/sites\/14\/2025\/03\/logo-Noel-1024x943.jpeg 1024w, https:\/\/asso.unilim.fr\/adplim\/wp-content\/uploads\/sites\/14\/2025\/03\/logo-Noel-768x708.jpeg 768w, https:\/\/asso.unilim.fr\/adplim\/wp-content\/uploads\/sites\/14\/2025\/03\/logo-Noel-1536x1415.jpeg 1536w, https:\/\/asso.unilim.fr\/adplim\/wp-content\/uploads\/sites\/14\/2025\/03\/logo-Noel.jpeg 1600w\" sizes=\"auto, (max-width: 364px) 100vw, 364px\" \/><\/a><br data-mce-bogus=\"1\"><\/p>\n<p><\/p>\n<div id=\"mceResizeHandlen\" data-mce-bogus=\"all\" class=\"mce-resizehandle\" style=\"cursor: n-resize;margin: 0px;padding: 0px;left: 179.5px;top: -2.5px\"><\/div>\n<div id=\"mceResizeHandlee\" data-mce-bogus=\"all\" class=\"mce-resizehandle\" style=\"cursor: e-resize;margin: 0px;padding: 0px;left: 361.5px;top: 165px\"><\/div>\n<div id=\"mceResizeHandles\" data-mce-bogus=\"all\" class=\"mce-resizehandle\" style=\"cursor: s-resize;margin: 0px;padding: 0px;left: 179.5px;top: 332.5px\"><\/div>\n<div id=\"mceResizeHandlew\" data-mce-bogus=\"all\" class=\"mce-resizehandle\" style=\"cursor: w-resize;margin: 0px;padding: 0px;left: -2.5px;top: 165px\"><\/div>\n<div id=\"mceResizeHandlenw\" data-mce-bogus=\"all\" class=\"mce-resizehandle\" style=\"cursor: nw-resize;margin: 0px;padding: 0px;left: -2.5px;top: -2.5px\"><\/div>\n<div id=\"mceResizeHandlene\" data-mce-bogus=\"all\" class=\"mce-resizehandle\" style=\"cursor: ne-resize;margin: 0px;padding: 0px;left: 361.5px;top: -2.5px\"><\/div>\n<div id=\"mceResizeHandlese\" data-mce-bogus=\"all\" class=\"mce-resizehandle\" style=\"cursor: se-resize;margin: 0px;padding: 0px;left: 361.5px;top: 332.5px\"><\/div>\n<div id=\"mceResizeHandlesw\" data-mce-bogus=\"all\" class=\"mce-resizehandle\" style=\"cursor: sw-resize;margin: 0px;padding: 0px;left: -2.5px;top: 332.5px\"><\/div>\n        <\/div>\n                <\/div>\n                <div class=\"col-sm-9 \">\n                    <div class=\"clearfix ul-element-text \">\n            \n<p>&nbsp; <span style=\"text-decoration: underline\" data-mce-style=\"text-decoration: underline;\">Un repas de No\u00ebl<\/span> ?<\/p>\n<p>Le Repas de No\u00ebl est un \u00e9v\u00e9nement incontournable, con\u00e7u pour rassembler les doctorants autour d\u2019un d\u00eener festif et convivial. Son objectif principal est de favoriser les \u00e9changes transdisciplinaires et de renforcer les liens au sein de la communaut\u00e9 acad\u00e9mique. En r\u00e9unissant des chercheurs issus de diverses disciplines, ce moment privil\u00e9gi\u00e9 offre un cadre propice \u00e0 la discussion, \u00e0 l\u2019\u00e9change d\u2019id\u00e9es et au partage d\u2019exp\u00e9riences.<\/p>\n<p>Loin des contraintes formelles des conf\u00e9rences ou des s\u00e9minaires, ce repas permet de cr\u00e9er des connexions informelles et de lutter contre l\u2019isolement souvent ressenti durant le parcours doctoral. Plus qu\u2019une simple pause, cet \u00e9v\u00e9nement repr\u00e9sente une occasion pr\u00e9cieuse de tisser des liens durables entre doctorants, dans une ambiance inclusive et collaborative.<\/p>\n<p><span style=\"text-decoration: underline\" data-mce-style=\"text-decoration: underline;\">Qu&rsquo;est-ce qu&rsquo;on fait<\/span> ?<\/p>\n<p>On se retrouve dans un restaurant de Limoges, on partage un bon repas et surtout\u2026 on passe un excellent moment ensemble. Rien de plus simple !<\/p>\n        <\/div>\n                <\/div>\n        <\/div>\n            <\/div>\n                  <\/div>\n        \n","protected":false},"excerpt":{"rendered":"","protected":false},"author":255,"featured_media":0,"parent":56,"menu_order":0,"comment_status":"closed","ping_status":"closed","template":"page-le.php","meta":{"footnotes":""},"class_list":["post-210","page","type-page","status-publish","hentry"],"yoast_head":"<!-- This site is optimized with the Yoast SEO plugin v26.3 - https:\/\/yoast.com\/wordpress\/plugins\/seo\/ -->\n<title>Repas de No\u00ebl - Association des Doctorants Pluridisciplinaires de Limoges<\/title>\n<meta name=\"robots\" content=\"index, follow, max-snippet:-1, max-image-preview:large, max-video-preview:-1\" \/>\n<link rel=\"canonical\" href=\"https:\/\/asso.unilim.fr\/adplim\/evenements\/repas-de-noel\/\" \/>\n<meta property=\"og:locale\" content=\"fr_FR\" \/>\n<meta property=\"og:type\" content=\"article\" \/>\n<meta property=\"og:title\" content=\"Repas de No\u00ebl - Association des Doctorants Pluridisciplinaires de Limoges\" \/>\n<meta property=\"og:url\" content=\"https:\/\/asso.unilim.fr\/adplim\/evenements\/repas-de-noel\/\" \/>\n<meta property=\"og:site_name\" content=\"Association des Doctorants Pluridisciplinaires de Limoges\" \/>\n<meta property=\"article:modified_time\" content=\"2025-04-16T12:07:55+00:00\" \/>\n<meta property=\"og:image\" content=\"https:\/\/asso.unilim.fr\/adplim\/wp-content\/uploads\/sites\/14\/2025\/03\/logo-Noel.jpeg\" \/>\n\t<meta property=\"og:image:width\" content=\"1600\" \/>\n\t<meta property=\"og:image:height\" content=\"1474\" \/>\n\t<meta property=\"og:image:type\" content=\"image\/jpeg\" \/>\n<meta name=\"twitter:card\" content=\"summary_large_image\" \/>\n<meta name=\"twitter:label1\" content=\"Dur\u00e9e de lecture estim\u00e9e\" \/>\n\t<meta name=\"twitter:data1\" content=\"1 minute\" \/>\n<script type=\"application\/ld+json\" class=\"yoast-schema-graph\">{\"@context\":\"https:\/\/schema.org\",\"@graph\":[{\"@type\":\"WebPage\",\"@id\":\"https:\/\/asso.unilim.fr\/adplim\/evenements\/repas-de-noel\/\",\"url\":\"https:\/\/asso.unilim.fr\/adplim\/evenements\/repas-de-noel\/\",\"name\":\"Repas de No\u00ebl - Association des Doctorants Pluridisciplinaires de Limoges\",\"isPartOf\":{\"@id\":\"https:\/\/asso.unilim.fr\/adplim\/#website\"},\"primaryImageOfPage\":{\"@id\":\"https:\/\/asso.unilim.fr\/adplim\/evenements\/repas-de-noel\/#primaryimage\"},\"image\":{\"@id\":\"https:\/\/asso.unilim.fr\/adplim\/evenements\/repas-de-noel\/#primaryimage\"},\"thumbnailUrl\":\"https:\/\/asso.unilim.fr\/adplim\/wp-content\/uploads\/sites\/14\/2025\/03\/logo-Noel-300x276.jpeg\",\"datePublished\":\"2025-03-05T13:05:11+00:00\",\"dateModified\":\"2025-04-16T12:07:55+00:00\",\"breadcrumb\":{\"@id\":\"https:\/\/asso.unilim.fr\/adplim\/evenements\/repas-de-noel\/#breadcrumb\"},\"inLanguage\":\"fr-FR\",\"potentialAction\":[{\"@type\":\"ReadAction\",\"target\":[\"https:\/\/asso.unilim.fr\/adplim\/evenements\/repas-de-noel\/\"]}]},{\"@type\":\"ImageObject\",\"inLanguage\":\"fr-FR\",\"@id\":\"https:\/\/asso.unilim.fr\/adplim\/evenements\/repas-de-noel\/#primaryimage\",\"url\":\"https:\/\/asso.unilim.fr\/adplim\/wp-content\/uploads\/sites\/14\/2025\/03\/logo-Noel-300x276.jpeg\",\"contentUrl\":\"https:\/\/asso.unilim.fr\/adplim\/wp-content\/uploads\/sites\/14\/2025\/03\/logo-Noel-300x276.jpeg\"},{\"@type\":\"BreadcrumbList\",\"@id\":\"https:\/\/asso.unilim.fr\/adplim\/evenements\/repas-de-noel\/#breadcrumb\",\"itemListElement\":[{\"@type\":\"ListItem\",\"position\":1,\"name\":\"Accueil\",\"item\":\"https:\/\/asso.unilim.fr\/adplim\/\"},{\"@type\":\"ListItem\",\"position\":2,\"name\":\"Ev\u00e8nements\",\"item\":\"https:\/\/asso.unilim.fr\/adplim\/evenements\/\"},{\"@type\":\"ListItem\",\"position\":3,\"name\":\"Repas de No\u00ebl\"}]},{\"@type\":\"WebSite\",\"@id\":\"https:\/\/asso.unilim.fr\/adplim\/#website\",\"url\":\"https:\/\/asso.unilim.fr\/adplim\/\",\"name\":\"Association des Doctorants Pluridisciplinaires de Limoges\",\"description\":\"universit\u00e9 ouverte source de r\u00e9ussites\",\"potentialAction\":[{\"@type\":\"SearchAction\",\"target\":{\"@type\":\"EntryPoint\",\"urlTemplate\":\"https:\/\/asso.unilim.fr\/adplim\/?s={search_term_string}\"},\"query-input\":{\"@type\":\"PropertyValueSpecification\",\"valueRequired\":true,\"valueName\":\"search_term_string\"}}],\"inLanguage\":\"fr-FR\"}]}<\/script>\n<!-- \/ Yoast SEO plugin. -->","yoast_head_json":{"title":"Repas de No\u00ebl - Association des Doctorants Pluridisciplinaires de Limoges","robots":{"index":"index","follow":"follow","max-snippet":"max-snippet:-1","max-image-preview":"max-image-preview:large","max-video-preview":"max-video-preview:-1"},"canonical":"https:\/\/asso.unilim.fr\/adplim\/evenements\/repas-de-noel\/","og_locale":"fr_FR","og_type":"article","og_title":"Repas de No\u00ebl - Association des Doctorants Pluridisciplinaires de Limoges","og_url":"https:\/\/asso.unilim.fr\/adplim\/evenements\/repas-de-noel\/","og_site_name":"Association des Doctorants Pluridisciplinaires de Limoges","article_modified_time":"2025-04-16T12:07:55+00:00","og_image":[{"width":1600,"height":1474,"url":"https:\/\/asso.unilim.fr\/adplim\/wp-content\/uploads\/sites\/14\/2025\/03\/logo-Noel.jpeg","type":"image\/jpeg"}],"twitter_card":"summary_large_image","twitter_misc":{"Dur\u00e9e de lecture estim\u00e9e":"1 minute"},"schema":{"@context":"https:\/\/schema.org","@graph":[{"@type":"WebPage","@id":"https:\/\/asso.unilim.fr\/adplim\/evenements\/repas-de-noel\/","url":"https:\/\/asso.unilim.fr\/adplim\/evenements\/repas-de-noel\/","name":"Repas de No\u00ebl - Association des Doctorants Pluridisciplinaires de Limoges","isPartOf":{"@id":"https:\/\/asso.unilim.fr\/adplim\/#website"},"primaryImageOfPage":{"@id":"https:\/\/asso.unilim.fr\/adplim\/evenements\/repas-de-noel\/#primaryimage"},"image":{"@id":"https:\/\/asso.unilim.fr\/adplim\/evenements\/repas-de-noel\/#primaryimage"},"thumbnailUrl":"https:\/\/asso.unilim.fr\/adplim\/wp-content\/uploads\/sites\/14\/2025\/03\/logo-Noel-300x276.jpeg","datePublished":"2025-03-05T13:05:11+00:00","dateModified":"2025-04-16T12:07:55+00:00","breadcrumb":{"@id":"https:\/\/asso.unilim.fr\/adplim\/evenements\/repas-de-noel\/#breadcrumb"},"inLanguage":"fr-FR","potentialAction":[{"@type":"ReadAction","target":["https:\/\/asso.unilim.fr\/adplim\/evenements\/repas-de-noel\/"]}]},{"@type":"ImageObject","inLanguage":"fr-FR","@id":"https:\/\/asso.unilim.fr\/adplim\/evenements\/repas-de-noel\/#primaryimage","url":"https:\/\/asso.unilim.fr\/adplim\/wp-content\/uploads\/sites\/14\/2025\/03\/logo-Noel-300x276.jpeg","contentUrl":"https:\/\/asso.unilim.fr\/adplim\/wp-content\/uploads\/sites\/14\/2025\/03\/logo-Noel-300x276.jpeg"},{"@type":"BreadcrumbList","@id":"https:\/\/asso.unilim.fr\/adplim\/evenements\/repas-de-noel\/#breadcrumb","itemListElement":[{"@type":"ListItem","position":1,"name":"Accueil","item":"https:\/\/asso.unilim.fr\/adplim\/"},{"@type":"ListItem","position":2,"name":"Ev\u00e8nements","item":"https:\/\/asso.unilim.fr\/adplim\/evenements\/"},{"@type":"ListItem","position":3,"name":"Repas de No\u00ebl"}]},{"@type":"WebSite","@id":"https:\/\/asso.unilim.fr\/adplim\/#website","url":"https:\/\/asso.unilim.fr\/adplim\/","name":"Association des Doctorants Pluridisciplinaires de Limoges","description":"universit\u00e9 ouverte source de r\u00e9ussites","potentialAction":[{"@type":"SearchAction","target":{"@type":"EntryPoint","urlTemplate":"https:\/\/asso.unilim.fr\/adplim\/?s={search_term_string}"},"query-input":{"@type":"PropertyValueSpecification","valueRequired":true,"valueName":"search_term_string"}}],"inLanguage":"fr-FR"}]}},"_links":{"self":[{"href":"https:\/\/asso.unilim.fr\/adplim\/wp-json\/wp\/v2\/pages\/210","targetHints":{"allow":["GET"]}}],"collection":[{"href":"https:\/\/asso.unilim.fr\/adplim\/wp-json\/wp\/v2\/pages"}],"about":[{"href":"https:\/\/asso.unilim.fr\/adplim\/wp-json\/wp\/v2\/types\/page"}],"author":[{"embeddable":true,"href":"https:\/\/asso.unilim.fr\/adplim\/wp-json\/wp\/v2\/users\/255"}],"replies":[{"embeddable":true,"href":"https:\/\/asso.unilim.fr\/adplim\/wp-json\/wp\/v2\/comments?post=210"}],"version-history":[{"count":9,"href":"https:\/\/asso.unilim.fr\/adplim\/wp-json\/wp\/v2\/pages\/210\/revisions"}],"predecessor-version":[{"id":322,"href":"https:\/\/asso.unilim.fr\/adplim\/wp-json\/wp\/v2\/pages\/210\/revisions\/322"}],"up":[{"embeddable":true,"href":"https:\/\/asso.unilim.fr\/adplim\/wp-json\/wp\/v2\/pages\/56"}],"wp:attachment":[{"href":"https:\/\/asso.unilim.fr\/adplim\/wp-json\/wp\/v2\/media?parent=210"}],"curies":[{"name":"wp","href":"https:\/\/api.w.org\/{rel}","templated":true}]}}