{"id":154,"date":"2025-11-23T23:00:00","date_gmt":"2025-02-25T14:49:25","guid":{"rendered":"https:\/\/asso.unilim.fr\/adplim\/?page_id=154"},"modified":"2026-02-16T16:48:40","modified_gmt":"2026-02-16T15:48:40","slug":"nos-partenaires","status":"publish","type":"page","link":"https:\/\/asso.unilim.fr\/adplim\/nos-partenaires\/","title":{"rendered":"Nos partenaires"},"content":{"rendered":"        <div class=\"container-fluid  \" style=\"\">\n                      <div class=\"container\">\n                <div class=\"row \" style=\"margin-top: 30px;margin-bottom: 30px\">        <div class=\"col-sm-8 \">\n                    <div class=\"clearfix ul-element-text \">\n            \n<h3 class=\"ul-bold\">L&rsquo;Antre Jeux<\/h3>\n<p><em>25 Rue Raspail, 87000 Limoges<\/em><\/p>\n<p style=\"text-align: justify\" data-mce-style=\"text-align: justify;\">L&rsquo;Antre Jeux est un bar \u00e0 jeux. Vous y retrouverez des jeux d&rsquo;\u00e9nigmes, d&rsquo;ambiances, d&rsquo;adresse et m\u00eame des jeux solitaires ou \u00e0 deux ! Des planches ap\u00e9ros et cocktails maison sont propos\u00e9s !<\/p>\n<p style=\"text-align: justify\" data-mce-style=\"text-align: justify;\">Gr\u00e2ce \u00e0 votre carte adh\u00e9rent, vous profitez de :<\/p>\n<ul>\n<li style=\"text-align: justify\" data-mce-style=\"text-align: justify;\">Le demi de cadette blonde \u00e0 2,70\u20ac et la pinte \u00e0 5\u20ac<\/li>\n<li style=\"text-align: justify\" data-mce-style=\"text-align: justify;\">Le demi de cidre brut \u00e0 2,70\u20ac et la pinte \u00e0 5\u20ac<\/li>\n<li style=\"text-align: justify\" data-mce-style=\"text-align: justify;\">Le soda limousin \u00e0 2,70\u20ac<\/li>\n<li style=\"text-align: justify\" data-mce-style=\"text-align: justify;\">Les th\u00e9s et infusions \u00e0 3\u20ac<\/li>\n<\/ul>\n<p><a href=\"https:\/\/www.instagram.com\/lantrejeux\/?hl=fr\" target=\"_blank\" data-mce-href=\"https:\/\/www.instagram.com\/lantrejeux\/?hl=fr\">Voir leur instagram<\/a><br data-mce-bogus=\"1\"><\/p>\n        <\/div>\n                <\/div>\n                <div class=\"col-sm-4 \">\n                    <div class=\"clearfix ul-element-text \">\n            \n<p><a href=\"https:\/\/asso.unilim.fr\/adplim\/wp-content\/uploads\/sites\/14\/2025\/02\/Logo-LAntre-Jeux-e1741861811742.jpg\" class=\"\" data-mce-href=\"https:\/\/asso.unilim.fr\/adplim\/wp-content\/uploads\/sites\/14\/2025\/02\/Logo-LAntre-Jeux-e1741861811742.jpg\"><img loading=\"lazy\" decoding=\"async\" alt=\"\" src=\"https:\/\/asso.unilim.fr\/adplim\/wp-content\/uploads\/sites\/14\/2025\/02\/Logo-LAntre-Jeux-e1741861811742-300x300.jpg\" class=\"alignnone wp-image-158\" width=\"215\" height=\"215\" data-mce-src=\"https:\/\/asso.unilim.fr\/adplim\/wp-content\/uploads\/sites\/14\/2025\/02\/Logo-LAntre-Jeux-e1741861811742-300x300.jpg\" style=\"margin-left: auto;margin-right: auto\" data-mce-style=\"display: block; margin-left: auto; margin-right: auto;\" srcset=\"https:\/\/asso.unilim.fr\/adplim\/wp-content\/uploads\/sites\/14\/2025\/02\/Logo-LAntre-Jeux-e1741861811742-300x300.jpg 300w, https:\/\/asso.unilim.fr\/adplim\/wp-content\/uploads\/sites\/14\/2025\/02\/Logo-LAntre-Jeux-e1741861811742.jpg 593w\" sizes=\"auto, (max-width: 215px) 100vw, 215px\" \/><\/a><br data-mce-bogus=\"1\"><\/p>\n<p><\/p>\n        <\/div>\n                <\/div>\n        <\/div>\n            <\/div>\n                  <\/div>\n                <div class=\"container-fluid  \" style=\"\">\n                      <div class=\"container\">\n                <div class=\"row \" style=\"margin-top: 30px;margin-bottom: 30px\">        <div class=\"col-sm-4 \">\n                    <div class=\"clearfix ul-element-text \">\n            \n<p><a href=\"https:\/\/asso.unilim.fr\/adplim\/wp-content\/uploads\/sites\/14\/2026\/02\/georgy.jpg\" class=\"\" data-mce-href=\"https:\/\/asso.unilim.fr\/adplim\/wp-content\/uploads\/sites\/14\/2026\/02\/georgy.jpg\"><img loading=\"lazy\" decoding=\"async\" alt=\"\" src=\"https:\/\/asso.unilim.fr\/adplim\/wp-content\/uploads\/sites\/14\/2026\/02\/georgy.jpg\" class=\"alignnone wp-image-393\" width=\"213\" height=\"215\" data-mce-src=\"https:\/\/asso.unilim.fr\/adplim\/wp-content\/uploads\/sites\/14\/2026\/02\/georgy.jpg\" style=\"margin-left: auto;margin-right: auto\" data-mce-style=\"display: block; margin-left: auto; margin-right: auto;\"><\/a><br data-mce-bogus=\"1\"><\/p>\n<p><\/p>\n        <\/div>\n                <\/div>\n                <div class=\"col-sm-8 \">\n                    <div class=\"clearfix ul-element-text \">\n            \n<h3 class=\"ul-bold\">Chez Georgy<\/h3>\n<p><em>17 place Denis Dussoubs, 87000 Limoges<\/em><\/p>\n<p style=\"text-align: justify\" data-mce-style=\"text-align: justify;\">Chez Georgy&nbsp;une brasserie locale qui vous proposer une cuisine simple et savoureuse avec option v\u00e9g\u00e9tarienne. L\u2019ambiance y est vivante et chaleureuse !<\/p>\n<p style=\"text-align: justify\" data-mce-style=\"text-align: justify;\">Gr\u00e2ce \u00e0 votre carte adh\u00e9rent, vous profitez de -10% sur les bi\u00e8res et toute la nourriture !<\/p>\n<p><a href=\"https:\/\/www.instagram.com\/chezgeorgy\/\" data-mce-href=\"https:\/\/www.instagram.com\/chezgeorgy\/\">Voir leur instagram<\/a><br data-mce-bogus=\"1\"><\/p>\n        <\/div>\n                <\/div>\n        <\/div>\n            <\/div>\n                  <\/div>\n                <div class=\"container-fluid  \" style=\"\">\n                      <div class=\"container\">\n                <div class=\"row \" style=\"margin-top: 30px;margin-bottom: 30px\">        <div class=\"col-sm-8 \">\n                    <div class=\"clearfix ul-element-text \">\n            \n<h3 class=\"ul-bold\">&nbsp;STEAM Escape<\/h3>\n<p style=\"text-align: justify\" data-mce-style=\"text-align: justify;\"><em>365 Rue de Toulouse, 87000 Limoges<\/em><\/p>\n<p style=\"text-align: justify\" data-mce-style=\"text-align: justify;\">STEAM Escape est une agence de voyage pas comme les autres, ici, vous pouvez voyager dans le temps ! Immerg\u00e9 dans un autre univers, coop\u00e9rez pour sauver le monde et r\u00e9solvez des \u00e9nigmes et m\u00e9canismes surprenants. Et tout \u00e7a : en seulement 1h.<\/p>\n<p style=\"text-align: justify\" data-mce-style=\"text-align: justify;\">Gr\u00e2ce \u00e0 votre carte adh\u00e9rent, profitez de -10% sur la r\u00e9servation de votre salle.<\/p>\n<p style=\"text-align: justify\" data-mce-style=\"text-align: justify;\"><a href=\"https:\/\/www.instagram.com\/steamescape_limoges\/?hl=fr\" target=\"_blank\" data-mce-href=\"https:\/\/www.instagram.com\/steamescape_limoges\/?hl=fr\">Voir leur instagram<\/a><br data-mce-bogus=\"1\"><\/p>\n        <\/div>\n                <\/div>\n                <div class=\"col-sm-4 \">\n                    <div class=\"clearfix ul-element-text \">\n            \n<p style=\"text-align: center\" data-mce-style=\"text-align: center;\"><a href=\"https:\/\/asso.unilim.fr\/adplim\/wp-content\/uploads\/sites\/14\/2025\/02\/logo2-e1741862020163.jpg\" class=\"\" data-mce-href=\"https:\/\/asso.unilim.fr\/adplim\/wp-content\/uploads\/sites\/14\/2025\/02\/logo2-e1741862020163.jpg\"><img loading=\"lazy\" decoding=\"async\" alt=\"\" src=\"https:\/\/asso.unilim.fr\/adplim\/wp-content\/uploads\/sites\/14\/2025\/02\/logo2-e1741862020163-300x150.jpg\" class=\"alignnone wp-image-159\" width=\"300\" height=\"150\" data-mce-src=\"https:\/\/asso.unilim.fr\/adplim\/wp-content\/uploads\/sites\/14\/2025\/02\/logo2-e1741862020163-300x150.jpg\" srcset=\"https:\/\/asso.unilim.fr\/adplim\/wp-content\/uploads\/sites\/14\/2025\/02\/logo2-e1741862020163-300x150.jpg 300w, https:\/\/asso.unilim.fr\/adplim\/wp-content\/uploads\/sites\/14\/2025\/02\/logo2-e1741862020163-768x384.jpg 768w, https:\/\/asso.unilim.fr\/adplim\/wp-content\/uploads\/sites\/14\/2025\/02\/logo2-e1741862020163.jpg 800w\" sizes=\"auto, (max-width: 300px) 100vw, 300px\" \/><\/a><br data-mce-bogus=\"1\"><\/p>\n<p><\/p>\n        <\/div>\n                <\/div>\n        <\/div>\n            <\/div>\n                  <\/div>\n                <div class=\"container-fluid  \" style=\"\">\n                      <div class=\"container\">\n                <div class=\"row \" style=\"margin-top: 30px;margin-bottom: 30px\">        <div class=\"col-sm-4 \">\n                    <div class=\"clearfix ul-element-text \">\n            \n<p style=\"text-align: center\" data-mce-style=\"text-align: center;\"><a href=\"https:\/\/asso.unilim.fr\/adplim\/wp-content\/uploads\/sites\/14\/2025\/02\/Logo-Kurioscape.png\" class=\"\" data-mce-href=\"https:\/\/asso.unilim.fr\/adplim\/wp-content\/uploads\/sites\/14\/2025\/02\/Logo-Kurioscape.png\"><img loading=\"lazy\" decoding=\"async\" alt=\"\" src=\"https:\/\/asso.unilim.fr\/adplim\/wp-content\/uploads\/sites\/14\/2025\/02\/Logo-Kurioscape.png\" class=\"alignnone wp-image-157\" width=\"225\" height=\"225\" data-mce-src=\"https:\/\/asso.unilim.fr\/adplim\/wp-content\/uploads\/sites\/14\/2025\/02\/Logo-Kurioscape.png\"><\/a><br data-mce-bogus=\"1\"><\/p>\n<p><\/p>\n        <\/div>\n                <\/div>\n                <div class=\"col-sm-8 \">\n                    <div class=\"clearfix ul-element-text \">\n            \n<h3 class=\"ul-bold\">Kurioscape<\/h3>\n<p style=\"text-align: justify\" data-mce-style=\"text-align: justify;\"><em>2 avenue de Locarno, 87000 Limoges<\/em><\/p>\n<p style=\"text-align: justify\" data-mce-style=\"text-align: justify;\">Escape Game aux portes du centre-ville de Limoges, Kurioscape vous transporte dans d\u2019autres lieux en d\u2019autres temps. Dans un univers immersif, une \u00e9quipe de 2 \u00e0 6 joueurs doit r\u00e9soudre une suite d\u2019\u00e9nigmes pour atteindre l\u2019objectif final en moins de 60mn.<\/p>\n<p style=\"text-align: justify\" data-mce-style=\"text-align: justify;\">Retrouvez \u00e9galement le Kuriosgame : connaissances, communication, r\u00e9flexes, comp\u00e9tition et bonne humeur, voici les ma\u00eetres mots de cette activit\u00e9.Dans une ambiance fun, ces cubes rotatifs et lumineux vont mettre vos nerfs \u00e0 rude \u00e9preuve. Notre animateur saura faire monter la pression pour que vous viviez une exp\u00e9rience intense.<\/p>\n<p style=\"text-align: justify\" data-mce-style=\"text-align: justify;\">Gr\u00e2ce \u00e0 votre carte adh\u00e9rent, profitez de 15% de r\u00e9duction sur toutes les salles. Vous b\u00e9n\u00e9ficiez \u00e9galement de 15% de r\u00e9duction sur les activit\u00e9s ext\u00e9rieures \u00e0 partir de deux \u00e9quipes.<\/p>\n<p><a href=\"https:\/\/www.instagram.com\/kurioscape\/?hl=fr\" target=\"_blank\" data-mce-href=\"https:\/\/www.instagram.com\/kurioscape\/?hl=fr\">Voir leur instagram<\/a><br data-mce-bogus=\"1\"><\/p>\n        <\/div>\n                <\/div>\n        <\/div>\n            <\/div>\n                  <\/div>\n                <div class=\"container-fluid  \" style=\"\">\n                      <div class=\"container\">\n                <div class=\"row \" style=\"margin-top: 30px;margin-bottom: 30px\">        <div class=\"col-sm-8 \">\n                    <div class=\"clearfix ul-element-text \">\n            \n<h3 class=\"ul-bold\">Le th\u00e9\u00e2tre de l&rsquo;Union<\/h3>\n<p><em>20 rue des Coop\u00e9rateurs, 87000 Limoges<\/em><\/p>\n<p style=\"text-align: justify\" data-mce-style=\"text-align: justify;\">Le Th\u00e9\u00e2tre de l\u2019Union, c\u2019est un lieu pour \u00e9couter, partager des histoires, des exp\u00e9riences, des r\u00eaves. C\u2019est un lieu pour \u00e9couter les voix des femmes, les voix des hommes, des jeunes, des anciens, des r\u00e9fugi\u00e9s, des artistes, des scientifiques, des philosophes, des r\u00e9fugi\u00e9s, des citoyens et des activistes. C\u2019est un lieu pour apprendre \u00e0 \u00e9couter, \u00e0 comprendre et \u00e0 agir. Ces projets sont con\u00e7us pour susciter des r\u00e9flexions notamment sur des enjeux contemporains.<\/p>\n<p style=\"text-align: justify\" data-mce-style=\"text-align: justify;\">Gr\u00e2ce \u00e0 votre carte adh\u00e9rent, profitez d&rsquo;une place \u00e0 6\u20ac au lieu de 22\u20ac sur tous les spectacles de la saison 2024-2025 \u00e0 l&rsquo;exception des spectacles en partenariat avec d&rsquo;autres structures culturelles, sur lesquels s&rsquo;applique parfois un tarif sp\u00e9cifique (Spectacles dans le cadre du festival Les z\u00e9brures d&rsquo;automne, Hourvari, au Sirque de Nexon, L&rsquo;esth\u00e9tique de la r\u00e9sistance, \u00e0 l&rsquo;Empreinte &#8211; Brive).<\/p>\n<p style=\"text-align: justify\" data-mce-style=\"text-align: justify;\"><a href=\"https:\/\/www.theatre-union.fr\/\" target=\"_blank\" data-mce-href=\"https:\/\/www.theatre-union.fr\/\">Voir leur site internet<\/a><br data-mce-bogus=\"1\"><\/p>\n        <\/div>\n                <\/div>\n                <div class=\"col-sm-4 \">\n                    <div class=\"clearfix ul-element-text \">\n            \n<p style=\"text-align: center\" data-mce-style=\"text-align: center;\"><a href=\"https:\/\/asso.unilim.fr\/adplim\/wp-content\/uploads\/sites\/14\/2025\/02\/image1.png\" class=\"\" data-mce-href=\"https:\/\/asso.unilim.fr\/adplim\/wp-content\/uploads\/sites\/14\/2025\/02\/image1.png\"><img loading=\"lazy\" decoding=\"async\" alt=\"\" src=\"https:\/\/asso.unilim.fr\/adplim\/wp-content\/uploads\/sites\/14\/2025\/02\/image1.png\" class=\"alignnone wp-image-165\" width=\"243\" height=\"207\" data-mce-src=\"https:\/\/asso.unilim.fr\/adplim\/wp-content\/uploads\/sites\/14\/2025\/02\/image1.png\"><\/a><br data-mce-bogus=\"1\"><\/p>\n<p><\/p>\n        <\/div>\n                <\/div>\n        <\/div>\n            <\/div>\n                  <\/div>\n        \n","protected":false},"excerpt":{"rendered":"","protected":false},"author":255,"featured_media":0,"parent":0,"menu_order":0,"comment_status":"closed","ping_status":"closed","template":"page-le.php","meta":{"footnotes":""},"class_list":["post-154","page","type-page","status-publish","hentry"],"yoast_head":"<!-- This site is optimized with the Yoast SEO plugin v26.3 - https:\/\/yoast.com\/wordpress\/plugins\/seo\/ -->\n<title>Nos partenaires - Association des Doctorants Pluridisciplinaires de Limoges<\/title>\n<meta name=\"robots\" content=\"index, follow, max-snippet:-1, max-image-preview:large, max-video-preview:-1\" \/>\n<link rel=\"canonical\" href=\"https:\/\/asso.unilim.fr\/adplim\/nos-partenaires\/\" \/>\n<meta property=\"og:locale\" content=\"fr_FR\" \/>\n<meta property=\"og:type\" content=\"article\" \/>\n<meta property=\"og:title\" content=\"Nos partenaires - Association des Doctorants Pluridisciplinaires de Limoges\" \/>\n<meta property=\"og:url\" content=\"https:\/\/asso.unilim.fr\/adplim\/nos-partenaires\/\" \/>\n<meta property=\"og:site_name\" content=\"Association des Doctorants Pluridisciplinaires de Limoges\" \/>\n<meta property=\"article:modified_time\" content=\"2026-02-16T15:48:40+00:00\" \/>\n<meta property=\"og:image\" content=\"https:\/\/asso.unilim.fr\/adplim\/wp-content\/uploads\/sites\/14\/2025\/02\/Logo-LAntre-Jeux-e1741861811742.jpg\" \/>\n\t<meta property=\"og:image:width\" content=\"593\" \/>\n\t<meta property=\"og:image:height\" content=\"593\" \/>\n\t<meta property=\"og:image:type\" content=\"image\/jpeg\" \/>\n<meta name=\"twitter:card\" content=\"summary_large_image\" \/>\n<meta name=\"twitter:label1\" content=\"Dur\u00e9e de lecture estim\u00e9e\" \/>\n\t<meta name=\"twitter:data1\" content=\"5 minutes\" \/>\n<script type=\"application\/ld+json\" class=\"yoast-schema-graph\">{\"@context\":\"https:\/\/schema.org\",\"@graph\":[{\"@type\":\"WebPage\",\"@id\":\"https:\/\/asso.unilim.fr\/adplim\/nos-partenaires\/\",\"url\":\"https:\/\/asso.unilim.fr\/adplim\/nos-partenaires\/\",\"name\":\"Nos partenaires - Association des Doctorants Pluridisciplinaires de Limoges\",\"isPartOf\":{\"@id\":\"https:\/\/asso.unilim.fr\/adplim\/#website\"},\"primaryImageOfPage\":{\"@id\":\"https:\/\/asso.unilim.fr\/adplim\/nos-partenaires\/#primaryimage\"},\"image\":{\"@id\":\"https:\/\/asso.unilim.fr\/adplim\/nos-partenaires\/#primaryimage\"},\"thumbnailUrl\":\"https:\/\/asso.unilim.fr\/adplim\/wp-content\/uploads\/sites\/14\/2025\/02\/Logo-LAntre-Jeux-e1741861811742-300x300.jpg\",\"datePublished\":\"2025-02-25T14:49:25+00:00\",\"dateModified\":\"2026-02-16T15:48:40+00:00\",\"breadcrumb\":{\"@id\":\"https:\/\/asso.unilim.fr\/adplim\/nos-partenaires\/#breadcrumb\"},\"inLanguage\":\"fr-FR\",\"potentialAction\":[{\"@type\":\"ReadAction\",\"target\":[\"https:\/\/asso.unilim.fr\/adplim\/nos-partenaires\/\"]}]},{\"@type\":\"ImageObject\",\"inLanguage\":\"fr-FR\",\"@id\":\"https:\/\/asso.unilim.fr\/adplim\/nos-partenaires\/#primaryimage\",\"url\":\"https:\/\/asso.unilim.fr\/adplim\/wp-content\/uploads\/sites\/14\/2025\/02\/Logo-LAntre-Jeux-e1741861811742-300x300.jpg\",\"contentUrl\":\"https:\/\/asso.unilim.fr\/adplim\/wp-content\/uploads\/sites\/14\/2025\/02\/Logo-LAntre-Jeux-e1741861811742-300x300.jpg\"},{\"@type\":\"BreadcrumbList\",\"@id\":\"https:\/\/asso.unilim.fr\/adplim\/nos-partenaires\/#breadcrumb\",\"itemListElement\":[{\"@type\":\"ListItem\",\"position\":1,\"name\":\"Accueil\",\"item\":\"https:\/\/asso.unilim.fr\/adplim\/\"},{\"@type\":\"ListItem\",\"position\":2,\"name\":\"Nos partenaires\"}]},{\"@type\":\"WebSite\",\"@id\":\"https:\/\/asso.unilim.fr\/adplim\/#website\",\"url\":\"https:\/\/asso.unilim.fr\/adplim\/\",\"name\":\"Association des Doctorants Pluridisciplinaires de Limoges\",\"description\":\"universit\u00e9 ouverte source de r\u00e9ussites\",\"potentialAction\":[{\"@type\":\"SearchAction\",\"target\":{\"@type\":\"EntryPoint\",\"urlTemplate\":\"https:\/\/asso.unilim.fr\/adplim\/?s={search_term_string}\"},\"query-input\":{\"@type\":\"PropertyValueSpecification\",\"valueRequired\":true,\"valueName\":\"search_term_string\"}}],\"inLanguage\":\"fr-FR\"}]}<\/script>\n<!-- \/ Yoast SEO plugin. -->","yoast_head_json":{"title":"Nos partenaires - Association des Doctorants Pluridisciplinaires de Limoges","robots":{"index":"index","follow":"follow","max-snippet":"max-snippet:-1","max-image-preview":"max-image-preview:large","max-video-preview":"max-video-preview:-1"},"canonical":"https:\/\/asso.unilim.fr\/adplim\/nos-partenaires\/","og_locale":"fr_FR","og_type":"article","og_title":"Nos partenaires - Association des Doctorants Pluridisciplinaires de Limoges","og_url":"https:\/\/asso.unilim.fr\/adplim\/nos-partenaires\/","og_site_name":"Association des Doctorants Pluridisciplinaires de Limoges","article_modified_time":"2026-02-16T15:48:40+00:00","og_image":[{"width":593,"height":593,"url":"https:\/\/asso.unilim.fr\/adplim\/wp-content\/uploads\/sites\/14\/2025\/02\/Logo-LAntre-Jeux-e1741861811742.jpg","type":"image\/jpeg"}],"twitter_card":"summary_large_image","twitter_misc":{"Dur\u00e9e de lecture estim\u00e9e":"5 minutes"},"schema":{"@context":"https:\/\/schema.org","@graph":[{"@type":"WebPage","@id":"https:\/\/asso.unilim.fr\/adplim\/nos-partenaires\/","url":"https:\/\/asso.unilim.fr\/adplim\/nos-partenaires\/","name":"Nos partenaires - Association des Doctorants Pluridisciplinaires de Limoges","isPartOf":{"@id":"https:\/\/asso.unilim.fr\/adplim\/#website"},"primaryImageOfPage":{"@id":"https:\/\/asso.unilim.fr\/adplim\/nos-partenaires\/#primaryimage"},"image":{"@id":"https:\/\/asso.unilim.fr\/adplim\/nos-partenaires\/#primaryimage"},"thumbnailUrl":"https:\/\/asso.unilim.fr\/adplim\/wp-content\/uploads\/sites\/14\/2025\/02\/Logo-LAntre-Jeux-e1741861811742-300x300.jpg","datePublished":"2025-02-25T14:49:25+00:00","dateModified":"2026-02-16T15:48:40+00:00","breadcrumb":{"@id":"https:\/\/asso.unilim.fr\/adplim\/nos-partenaires\/#breadcrumb"},"inLanguage":"fr-FR","potentialAction":[{"@type":"ReadAction","target":["https:\/\/asso.unilim.fr\/adplim\/nos-partenaires\/"]}]},{"@type":"ImageObject","inLanguage":"fr-FR","@id":"https:\/\/asso.unilim.fr\/adplim\/nos-partenaires\/#primaryimage","url":"https:\/\/asso.unilim.fr\/adplim\/wp-content\/uploads\/sites\/14\/2025\/02\/Logo-LAntre-Jeux-e1741861811742-300x300.jpg","contentUrl":"https:\/\/asso.unilim.fr\/adplim\/wp-content\/uploads\/sites\/14\/2025\/02\/Logo-LAntre-Jeux-e1741861811742-300x300.jpg"},{"@type":"BreadcrumbList","@id":"https:\/\/asso.unilim.fr\/adplim\/nos-partenaires\/#breadcrumb","itemListElement":[{"@type":"ListItem","position":1,"name":"Accueil","item":"https:\/\/asso.unilim.fr\/adplim\/"},{"@type":"ListItem","position":2,"name":"Nos partenaires"}]},{"@type":"WebSite","@id":"https:\/\/asso.unilim.fr\/adplim\/#website","url":"https:\/\/asso.unilim.fr\/adplim\/","name":"Association des Doctorants Pluridisciplinaires de Limoges","description":"universit\u00e9 ouverte source de r\u00e9ussites","potentialAction":[{"@type":"SearchAction","target":{"@type":"EntryPoint","urlTemplate":"https:\/\/asso.unilim.fr\/adplim\/?s={search_term_string}"},"query-input":{"@type":"PropertyValueSpecification","valueRequired":true,"valueName":"search_term_string"}}],"inLanguage":"fr-FR"}]}},"_links":{"self":[{"href":"https:\/\/asso.unilim.fr\/adplim\/wp-json\/wp\/v2\/pages\/154","targetHints":{"allow":["GET"]}}],"collection":[{"href":"https:\/\/asso.unilim.fr\/adplim\/wp-json\/wp\/v2\/pages"}],"about":[{"href":"https:\/\/asso.unilim.fr\/adplim\/wp-json\/wp\/v2\/types\/page"}],"author":[{"embeddable":true,"href":"https:\/\/asso.unilim.fr\/adplim\/wp-json\/wp\/v2\/users\/255"}],"replies":[{"embeddable":true,"href":"https:\/\/asso.unilim.fr\/adplim\/wp-json\/wp\/v2\/comments?post=154"}],"version-history":[{"count":12,"href":"https:\/\/asso.unilim.fr\/adplim\/wp-json\/wp\/v2\/pages\/154\/revisions"}],"predecessor-version":[{"id":394,"href":"https:\/\/asso.unilim.fr\/adplim\/wp-json\/wp\/v2\/pages\/154\/revisions\/394"}],"wp:attachment":[{"href":"https:\/\/asso.unilim.fr\/adplim\/wp-json\/wp\/v2\/media?parent=154"}],"curies":[{"name":"wp","href":"https:\/\/api.w.org\/{rel}","templated":true}]}}