{"id":130,"date":"2025-03-13T00:00:00","date_gmt":"2025-02-25T10:48:20","guid":{"rendered":"https:\/\/asso.unilim.fr\/adplim\/?page_id=130"},"modified":"2025-03-13T11:25:02","modified_gmt":"2025-03-13T10:25:02","slug":"nouvelle-page","status":"publish","type":"page","link":"https:\/\/asso.unilim.fr\/adplim\/evenements\/nouvelle-page\/","title":{"rendered":"P\u00e2ques Culture"},"content":{"rendered":"        <div class=\"container-fluid  \" style=\"\">\n                      <div class=\"container\">\n                <div class=\"row \" style=\"margin-top: 30px;margin-bottom: 30px\">        <div class=\"col-sm-3 \">\n                    <div class=\"clearfix ul-element-text \">\n            \n<p style=\"text-align: center\" data-mce-style=\"text-align: center;\"><a href=\"https:\/\/asso.unilim.fr\/adplim\/wp-content\/uploads\/sites\/14\/2025\/02\/paques-culture.png\" class=\"\" data-mce-href=\"https:\/\/asso.unilim.fr\/adplim\/wp-content\/uploads\/sites\/14\/2025\/02\/paques-culture.png\"><img loading=\"lazy\" decoding=\"async\" alt=\"\" src=\"https:\/\/asso.unilim.fr\/adplim\/wp-content\/uploads\/sites\/14\/2025\/02\/paques-culture-300x286.png\" class=\"alignnone wp-image-132\" width=\"300\" height=\"286\" data-mce-src=\"https:\/\/asso.unilim.fr\/adplim\/wp-content\/uploads\/sites\/14\/2025\/02\/paques-culture-300x286.png\" srcset=\"https:\/\/asso.unilim.fr\/adplim\/wp-content\/uploads\/sites\/14\/2025\/02\/paques-culture-300x286.png 300w, https:\/\/asso.unilim.fr\/adplim\/wp-content\/uploads\/sites\/14\/2025\/02\/paques-culture.png 329w\" sizes=\"auto, (max-width: 300px) 100vw, 300px\" \/><\/a><br data-mce-bogus=\"1\"><\/p>\n<p><\/p>\n        <\/div>\n                <\/div>\n                <div class=\"col-sm-9 \">\n                    <div class=\"clearfix ul-element-text \">\n            \n<p><span style=\"text-decoration: underline\" data-mce-style=\"text-decoration: underline;\">P\u00e2ques Culture, qu\u00e9sako<\/span> ? <\/p>\n<p>Le projet P\u00e2ques Culture a pour ambition de cr\u00e9er un \u00e9v\u00e9nement in\u00e9dit et convivial au sein de l\u2019Universit\u00e9 de Limoges, destin\u00e9 aux \u00e9tudiants en Master et en Doctorat. L\u2019objectif principal est de favoriser les rencontres et les \u00e9changes entre ces \u00e9tudiants, dans un cadre agr\u00e9able et informel, propice \u00e0 la collaboration et \u00e0 l\u2019enrichissement mutuel. <\/p>\n<p>Au-del\u00e0 de promouvoir la convivialit\u00e9 et la solidarit\u00e9 entre les \u00e9tudiants, cet \u00e9v\u00e9nement a \u00e9galement pour vocation de les sensibiliser aux opportunit\u00e9s professionnelles disponibles sur le territoire de Limoges. Il permettra d&rsquo;explorer les diff\u00e9rents choix de carri\u00e8re possibles et les comp\u00e9tences n\u00e9cessaires pour r\u00e9ussir dans leur domaine. &nbsp; <\/p>\n<p><span style=\"text-decoration: underline\" data-mce-style=\"text-decoration: underline;\">Qu&rsquo;est ce qu&rsquo;on y fait<\/span> ? <\/p>\n<p>Une chasse au tr\u00e9sors sur les campus de la facult\u00e9 est organis\u00e9e. La chasse au tr\u00e9sor durera environ 45 minutes. Au cours de cet intervalle, les \u00e9quipes devront localiser les diff\u00e9rents lieux o\u00f9 se trouvent les \u00e9nigmes, les r\u00e9soudre et reconstituer un code secret permettant de mettre fin au chronom\u00e8tre. Les \u00e9nigmes, con\u00e7ues par les doctorants sur des th\u00e9matiques en lien avec leur recherche ou le doctorat en g\u00e9n\u00e9ral (charades, r\u00e9bus, devinettes, codes \u00e0 d\u00e9chiffrer), sont r\u00e9parties dans des lieux embl\u00e9matiques du campus. <\/p>\n<p>Apr\u00e8s l\u2019effort, le r\u00e9confort : un go\u00fbter sera offert \u00e0 tous les participants, avec un choix vari\u00e9 de boissons, de mets sucr\u00e9s et de chocolats, pour permettre aux \u00e9quipes de continuer leurs \u00e9changes dans une ambiance d\u00e9tendue. Les trois premi\u00e8res \u00e9quipes re\u00e7oivent \u00e9galement des r\u00e9compenses telles que des chocolats, des troph\u00e9es, des m\u00e9dailles, ou des bons d&rsquo;achat offerts par nos partenaires. &nbsp; <\/p>\n<p><span style=\"text-decoration: underline\" data-mce-style=\"text-decoration: underline;\">En bref<\/span> ?<\/p>\n<p> En r\u00e9sum\u00e9, \u00e0 travers cet \u00e9v\u00e9nement ludique, nous souhaitons encourager les interactions entre les \u00e9tudiants de Master et de Doctorat, tout en leur fournissant des informations concr\u00e8tes sur les perspectives professionnelles envisageables \u00e0 Limoges. Ce rassemblement constitue ainsi une excellente occasion pour les \u00e9tudiants de se divertir, de se d\u00e9tendre et de d\u00e9velopper leurs connaissances sur leurs domaines de pr\u00e9dilection.<\/p>\n        <\/div>\n                <\/div>\n        <\/div>\n            <\/div>\n                  <\/div>\n        \n","protected":false},"excerpt":{"rendered":"","protected":false},"author":255,"featured_media":0,"parent":56,"menu_order":0,"comment_status":"closed","ping_status":"closed","template":"page-le.php","meta":{"footnotes":""},"class_list":["post-130","page","type-page","status-publish","hentry"],"yoast_head":"<!-- This site is optimized with the Yoast SEO plugin v26.3 - https:\/\/yoast.com\/wordpress\/plugins\/seo\/ -->\n<title>P\u00e2ques Culture - Association des Doctorants Pluridisciplinaires de Limoges<\/title>\n<meta name=\"robots\" content=\"index, follow, max-snippet:-1, max-image-preview:large, max-video-preview:-1\" \/>\n<link rel=\"canonical\" href=\"https:\/\/asso.unilim.fr\/adplim\/evenements\/nouvelle-page\/\" \/>\n<meta property=\"og:locale\" content=\"fr_FR\" \/>\n<meta property=\"og:type\" content=\"article\" \/>\n<meta property=\"og:title\" content=\"P\u00e2ques Culture - Association des Doctorants Pluridisciplinaires de Limoges\" \/>\n<meta property=\"og:url\" content=\"https:\/\/asso.unilim.fr\/adplim\/evenements\/nouvelle-page\/\" \/>\n<meta property=\"og:site_name\" content=\"Association des Doctorants Pluridisciplinaires de Limoges\" \/>\n<meta property=\"article:modified_time\" content=\"2025-03-13T10:25:02+00:00\" \/>\n<meta property=\"og:image\" content=\"https:\/\/asso.unilim.fr\/adplim\/wp-content\/uploads\/sites\/14\/2025\/02\/paques-culture.png\" \/>\n\t<meta property=\"og:image:width\" content=\"329\" \/>\n\t<meta property=\"og:image:height\" content=\"314\" \/>\n\t<meta property=\"og:image:type\" content=\"image\/png\" \/>\n<meta name=\"twitter:card\" content=\"summary_large_image\" \/>\n<meta name=\"twitter:label1\" content=\"Dur\u00e9e de lecture estim\u00e9e\" \/>\n\t<meta name=\"twitter:data1\" content=\"1 minute\" \/>\n<script type=\"application\/ld+json\" class=\"yoast-schema-graph\">{\"@context\":\"https:\/\/schema.org\",\"@graph\":[{\"@type\":\"WebPage\",\"@id\":\"https:\/\/asso.unilim.fr\/adplim\/evenements\/nouvelle-page\/\",\"url\":\"https:\/\/asso.unilim.fr\/adplim\/evenements\/nouvelle-page\/\",\"name\":\"P\u00e2ques Culture - Association des Doctorants Pluridisciplinaires de Limoges\",\"isPartOf\":{\"@id\":\"https:\/\/asso.unilim.fr\/adplim\/#website\"},\"primaryImageOfPage\":{\"@id\":\"https:\/\/asso.unilim.fr\/adplim\/evenements\/nouvelle-page\/#primaryimage\"},\"image\":{\"@id\":\"https:\/\/asso.unilim.fr\/adplim\/evenements\/nouvelle-page\/#primaryimage\"},\"thumbnailUrl\":\"https:\/\/asso.unilim.fr\/adplim\/wp-content\/uploads\/sites\/14\/2025\/02\/paques-culture-300x286.png\",\"datePublished\":\"2025-02-25T10:48:20+00:00\",\"dateModified\":\"2025-03-13T10:25:02+00:00\",\"breadcrumb\":{\"@id\":\"https:\/\/asso.unilim.fr\/adplim\/evenements\/nouvelle-page\/#breadcrumb\"},\"inLanguage\":\"fr-FR\",\"potentialAction\":[{\"@type\":\"ReadAction\",\"target\":[\"https:\/\/asso.unilim.fr\/adplim\/evenements\/nouvelle-page\/\"]}]},{\"@type\":\"ImageObject\",\"inLanguage\":\"fr-FR\",\"@id\":\"https:\/\/asso.unilim.fr\/adplim\/evenements\/nouvelle-page\/#primaryimage\",\"url\":\"https:\/\/asso.unilim.fr\/adplim\/wp-content\/uploads\/sites\/14\/2025\/02\/paques-culture-300x286.png\",\"contentUrl\":\"https:\/\/asso.unilim.fr\/adplim\/wp-content\/uploads\/sites\/14\/2025\/02\/paques-culture-300x286.png\"},{\"@type\":\"BreadcrumbList\",\"@id\":\"https:\/\/asso.unilim.fr\/adplim\/evenements\/nouvelle-page\/#breadcrumb\",\"itemListElement\":[{\"@type\":\"ListItem\",\"position\":1,\"name\":\"Accueil\",\"item\":\"https:\/\/asso.unilim.fr\/adplim\/\"},{\"@type\":\"ListItem\",\"position\":2,\"name\":\"Ev\u00e8nements\",\"item\":\"https:\/\/asso.unilim.fr\/adplim\/evenements\/\"},{\"@type\":\"ListItem\",\"position\":3,\"name\":\"P\u00e2ques Culture\"}]},{\"@type\":\"WebSite\",\"@id\":\"https:\/\/asso.unilim.fr\/adplim\/#website\",\"url\":\"https:\/\/asso.unilim.fr\/adplim\/\",\"name\":\"Association des Doctorants Pluridisciplinaires de Limoges\",\"description\":\"universit\u00e9 ouverte source de r\u00e9ussites\",\"potentialAction\":[{\"@type\":\"SearchAction\",\"target\":{\"@type\":\"EntryPoint\",\"urlTemplate\":\"https:\/\/asso.unilim.fr\/adplim\/?s={search_term_string}\"},\"query-input\":{\"@type\":\"PropertyValueSpecification\",\"valueRequired\":true,\"valueName\":\"search_term_string\"}}],\"inLanguage\":\"fr-FR\"}]}<\/script>\n<!-- \/ Yoast SEO plugin. -->","yoast_head_json":{"title":"P\u00e2ques Culture - Association des Doctorants Pluridisciplinaires de Limoges","robots":{"index":"index","follow":"follow","max-snippet":"max-snippet:-1","max-image-preview":"max-image-preview:large","max-video-preview":"max-video-preview:-1"},"canonical":"https:\/\/asso.unilim.fr\/adplim\/evenements\/nouvelle-page\/","og_locale":"fr_FR","og_type":"article","og_title":"P\u00e2ques Culture - Association des Doctorants Pluridisciplinaires de Limoges","og_url":"https:\/\/asso.unilim.fr\/adplim\/evenements\/nouvelle-page\/","og_site_name":"Association des Doctorants Pluridisciplinaires de Limoges","article_modified_time":"2025-03-13T10:25:02+00:00","og_image":[{"width":329,"height":314,"url":"https:\/\/asso.unilim.fr\/adplim\/wp-content\/uploads\/sites\/14\/2025\/02\/paques-culture.png","type":"image\/png"}],"twitter_card":"summary_large_image","twitter_misc":{"Dur\u00e9e de lecture estim\u00e9e":"1 minute"},"schema":{"@context":"https:\/\/schema.org","@graph":[{"@type":"WebPage","@id":"https:\/\/asso.unilim.fr\/adplim\/evenements\/nouvelle-page\/","url":"https:\/\/asso.unilim.fr\/adplim\/evenements\/nouvelle-page\/","name":"P\u00e2ques Culture - Association des Doctorants Pluridisciplinaires de Limoges","isPartOf":{"@id":"https:\/\/asso.unilim.fr\/adplim\/#website"},"primaryImageOfPage":{"@id":"https:\/\/asso.unilim.fr\/adplim\/evenements\/nouvelle-page\/#primaryimage"},"image":{"@id":"https:\/\/asso.unilim.fr\/adplim\/evenements\/nouvelle-page\/#primaryimage"},"thumbnailUrl":"https:\/\/asso.unilim.fr\/adplim\/wp-content\/uploads\/sites\/14\/2025\/02\/paques-culture-300x286.png","datePublished":"2025-02-25T10:48:20+00:00","dateModified":"2025-03-13T10:25:02+00:00","breadcrumb":{"@id":"https:\/\/asso.unilim.fr\/adplim\/evenements\/nouvelle-page\/#breadcrumb"},"inLanguage":"fr-FR","potentialAction":[{"@type":"ReadAction","target":["https:\/\/asso.unilim.fr\/adplim\/evenements\/nouvelle-page\/"]}]},{"@type":"ImageObject","inLanguage":"fr-FR","@id":"https:\/\/asso.unilim.fr\/adplim\/evenements\/nouvelle-page\/#primaryimage","url":"https:\/\/asso.unilim.fr\/adplim\/wp-content\/uploads\/sites\/14\/2025\/02\/paques-culture-300x286.png","contentUrl":"https:\/\/asso.unilim.fr\/adplim\/wp-content\/uploads\/sites\/14\/2025\/02\/paques-culture-300x286.png"},{"@type":"BreadcrumbList","@id":"https:\/\/asso.unilim.fr\/adplim\/evenements\/nouvelle-page\/#breadcrumb","itemListElement":[{"@type":"ListItem","position":1,"name":"Accueil","item":"https:\/\/asso.unilim.fr\/adplim\/"},{"@type":"ListItem","position":2,"name":"Ev\u00e8nements","item":"https:\/\/asso.unilim.fr\/adplim\/evenements\/"},{"@type":"ListItem","position":3,"name":"P\u00e2ques Culture"}]},{"@type":"WebSite","@id":"https:\/\/asso.unilim.fr\/adplim\/#website","url":"https:\/\/asso.unilim.fr\/adplim\/","name":"Association des Doctorants Pluridisciplinaires de Limoges","description":"universit\u00e9 ouverte source de r\u00e9ussites","potentialAction":[{"@type":"SearchAction","target":{"@type":"EntryPoint","urlTemplate":"https:\/\/asso.unilim.fr\/adplim\/?s={search_term_string}"},"query-input":{"@type":"PropertyValueSpecification","valueRequired":true,"valueName":"search_term_string"}}],"inLanguage":"fr-FR"}]}},"_links":{"self":[{"href":"https:\/\/asso.unilim.fr\/adplim\/wp-json\/wp\/v2\/pages\/130","targetHints":{"allow":["GET"]}}],"collection":[{"href":"https:\/\/asso.unilim.fr\/adplim\/wp-json\/wp\/v2\/pages"}],"about":[{"href":"https:\/\/asso.unilim.fr\/adplim\/wp-json\/wp\/v2\/types\/page"}],"author":[{"embeddable":true,"href":"https:\/\/asso.unilim.fr\/adplim\/wp-json\/wp\/v2\/users\/255"}],"replies":[{"embeddable":true,"href":"https:\/\/asso.unilim.fr\/adplim\/wp-json\/wp\/v2\/comments?post=130"}],"version-history":[{"count":11,"href":"https:\/\/asso.unilim.fr\/adplim\/wp-json\/wp\/v2\/pages\/130\/revisions"}],"predecessor-version":[{"id":267,"href":"https:\/\/asso.unilim.fr\/adplim\/wp-json\/wp\/v2\/pages\/130\/revisions\/267"}],"up":[{"embeddable":true,"href":"https:\/\/asso.unilim.fr\/adplim\/wp-json\/wp\/v2\/pages\/56"}],"wp:attachment":[{"href":"https:\/\/asso.unilim.fr\/adplim\/wp-json\/wp\/v2\/media?parent=130"}],"curies":[{"name":"wp","href":"https:\/\/api.w.org\/{rel}","templated":true}]}}