{"id":101,"date":"2025-04-14T22:00:00","date_gmt":"2024-05-31T13:44:55","guid":{"rendered":"https:\/\/asso.unilim.fr\/adplim\/?page_id=101"},"modified":"2025-11-24T19:57:06","modified_gmt":"2025-11-24T18:57:06","slug":"contact-2","status":"publish","type":"page","link":"https:\/\/asso.unilim.fr\/adplim\/contact-2\/","title":{"rendered":"Adh\u00e9sion"},"content":{"rendered":"        <div class=\"container-fluid  \" style=\"\">\n                      <div class=\"container\">\n                <div class=\"row \" style=\"margin-top: 30px;margin-bottom: 30px\">        <div class=\"col-md-12 \">\n                    <div class=\"clearfix ul-element-text \">\n            \n<p><span style=\"text-decoration: underline\">Adh\u00e9rer \u00e0 ADPLim c&rsquo;est quoi<\/span> ? C&rsquo;est pay\u00e9 10 euros pour l&rsquo;ann\u00e9e universitaire en \u00e9change de :<\/p>\n<ul>\n<li><strong>Goodies<\/strong> offerts,<\/li>\n<li><strong>R\u00e9ductions<\/strong>\u00a0 sur nos \u00e9v\u00e8nements,<\/li>\n<li><strong>Avantages<\/strong> chez nos partenaires.<\/li>\n<\/ul>\n<p><span style=\"text-decoration: underline\">Comment adh\u00e9rer<\/span> ? Deux options s&rsquo;offrent \u00e0 vous :<\/p>\n<ul>\n<li>Vous contacter l&rsquo;un des membres du bureau (ou vous venez \u00e0 un \u00e9v\u00e8nement) pour payer votre adh\u00e9sion en liquide<\/li>\n<li>Vous utiliser le paiement via Hello Asso (lien disponible dans la bio Instagram)<\/li>\n<\/ul>\n<p><a href=\"https:\/\/www.helloasso.com\/associations\/adplim\/adhesions\/adhesion-2025-2026\"><img loading=\"lazy\" decoding=\"async\" class=\"wp-image-375 alignleft\" src=\"https:\/\/asso.unilim.fr\/adplim\/wp-content\/uploads\/sites\/14\/2025\/11\/qr-code-adhesion-300x300.jpg\" alt=\"\" width=\"168\" height=\"168\" srcset=\"https:\/\/asso.unilim.fr\/adplim\/wp-content\/uploads\/sites\/14\/2025\/11\/qr-code-adhesion-300x300.jpg 300w, https:\/\/asso.unilim.fr\/adplim\/wp-content\/uploads\/sites\/14\/2025\/11\/qr-code-adhesion.jpg 600w\" sizes=\"auto, (max-width: 168px) 100vw, 168px\" \/><\/a><\/p>\n<p>&nbsp;<\/p>\n<p>&nbsp;<\/p>\n<p><span style=\"text-decoration: underline\">Pour l&rsquo;ann\u00e9e 2025-2026<\/span>\u00a0:<\/p>\n<p><a href=\"https:\/\/www.helloasso.com\/associations\/adplim\/adhesions\/adhesion-2025-2026\">https:\/\/www.helloasso.com\/associations\/adplim\/adhesions\/<\/a><a href=\"https:\/\/www.helloasso.com\/associations\/adplim\/adhesions\/adhesion-2025-2026\">adhesion-2025-2026<\/a><\/p>\n<p>&nbsp;<\/p>\n        <\/div>\n                <\/div>\n        <\/div>\n            <\/div>\n                  <\/div>\n        \n","protected":false},"excerpt":{"rendered":"","protected":false},"author":246,"featured_media":0,"parent":0,"menu_order":0,"comment_status":"closed","ping_status":"closed","template":"page-le.php","meta":{"footnotes":""},"class_list":["post-101","page","type-page","status-publish","hentry"],"yoast_head":"<!-- This site is optimized with the Yoast SEO plugin v26.3 - https:\/\/yoast.com\/wordpress\/plugins\/seo\/ -->\n<title>Adh\u00e9sion - Association des Doctorants Pluridisciplinaires de Limoges<\/title>\n<meta name=\"robots\" content=\"index, follow, max-snippet:-1, max-image-preview:large, max-video-preview:-1\" \/>\n<link rel=\"canonical\" href=\"https:\/\/asso.unilim.fr\/adplim\/contact-2\/\" \/>\n<meta property=\"og:locale\" content=\"fr_FR\" \/>\n<meta property=\"og:type\" content=\"article\" \/>\n<meta property=\"og:title\" content=\"Adh\u00e9sion - Association des Doctorants Pluridisciplinaires de Limoges\" \/>\n<meta property=\"og:url\" content=\"https:\/\/asso.unilim.fr\/adplim\/contact-2\/\" \/>\n<meta property=\"og:site_name\" content=\"Association des Doctorants Pluridisciplinaires de Limoges\" \/>\n<meta property=\"article:modified_time\" content=\"2025-11-24T18:57:06+00:00\" \/>\n<meta property=\"og:image\" content=\"https:\/\/asso.unilim.fr\/adplim\/wp-content\/uploads\/sites\/14\/2025\/11\/qr-code-adhesion.jpg\" \/>\n\t<meta property=\"og:image:width\" content=\"600\" \/>\n\t<meta property=\"og:image:height\" content=\"600\" \/>\n\t<meta property=\"og:image:type\" content=\"image\/jpeg\" \/>\n<meta name=\"twitter:card\" content=\"summary_large_image\" \/>\n<meta name=\"twitter:label1\" content=\"Dur\u00e9e de lecture estim\u00e9e\" \/>\n\t<meta name=\"twitter:data1\" content=\"1 minute\" \/>\n<script type=\"application\/ld+json\" class=\"yoast-schema-graph\">{\"@context\":\"https:\/\/schema.org\",\"@graph\":[{\"@type\":\"WebPage\",\"@id\":\"https:\/\/asso.unilim.fr\/adplim\/contact-2\/\",\"url\":\"https:\/\/asso.unilim.fr\/adplim\/contact-2\/\",\"name\":\"Adh\u00e9sion - Association des Doctorants Pluridisciplinaires de Limoges\",\"isPartOf\":{\"@id\":\"https:\/\/asso.unilim.fr\/adplim\/#website\"},\"primaryImageOfPage\":{\"@id\":\"https:\/\/asso.unilim.fr\/adplim\/contact-2\/#primaryimage\"},\"image\":{\"@id\":\"https:\/\/asso.unilim.fr\/adplim\/contact-2\/#primaryimage\"},\"thumbnailUrl\":\"https:\/\/asso.unilim.fr\/adplim\/wp-content\/uploads\/sites\/14\/2025\/11\/qr-code-adhesion-300x300.jpg\",\"datePublished\":\"2024-05-31T13:44:55+00:00\",\"dateModified\":\"2025-11-24T18:57:06+00:00\",\"breadcrumb\":{\"@id\":\"https:\/\/asso.unilim.fr\/adplim\/contact-2\/#breadcrumb\"},\"inLanguage\":\"fr-FR\",\"potentialAction\":[{\"@type\":\"ReadAction\",\"target\":[\"https:\/\/asso.unilim.fr\/adplim\/contact-2\/\"]}]},{\"@type\":\"ImageObject\",\"inLanguage\":\"fr-FR\",\"@id\":\"https:\/\/asso.unilim.fr\/adplim\/contact-2\/#primaryimage\",\"url\":\"https:\/\/asso.unilim.fr\/adplim\/wp-content\/uploads\/sites\/14\/2025\/11\/qr-code-adhesion-300x300.jpg\",\"contentUrl\":\"https:\/\/asso.unilim.fr\/adplim\/wp-content\/uploads\/sites\/14\/2025\/11\/qr-code-adhesion-300x300.jpg\"},{\"@type\":\"BreadcrumbList\",\"@id\":\"https:\/\/asso.unilim.fr\/adplim\/contact-2\/#breadcrumb\",\"itemListElement\":[{\"@type\":\"ListItem\",\"position\":1,\"name\":\"Accueil\",\"item\":\"https:\/\/asso.unilim.fr\/adplim\/\"},{\"@type\":\"ListItem\",\"position\":2,\"name\":\"Adh\u00e9sion\"}]},{\"@type\":\"WebSite\",\"@id\":\"https:\/\/asso.unilim.fr\/adplim\/#website\",\"url\":\"https:\/\/asso.unilim.fr\/adplim\/\",\"name\":\"Association des Doctorants Pluridisciplinaires de Limoges\",\"description\":\"universit\u00e9 ouverte source de r\u00e9ussites\",\"potentialAction\":[{\"@type\":\"SearchAction\",\"target\":{\"@type\":\"EntryPoint\",\"urlTemplate\":\"https:\/\/asso.unilim.fr\/adplim\/?s={search_term_string}\"},\"query-input\":{\"@type\":\"PropertyValueSpecification\",\"valueRequired\":true,\"valueName\":\"search_term_string\"}}],\"inLanguage\":\"fr-FR\"}]}<\/script>\n<!-- \/ Yoast SEO plugin. -->","yoast_head_json":{"title":"Adh\u00e9sion - Association des Doctorants Pluridisciplinaires de Limoges","robots":{"index":"index","follow":"follow","max-snippet":"max-snippet:-1","max-image-preview":"max-image-preview:large","max-video-preview":"max-video-preview:-1"},"canonical":"https:\/\/asso.unilim.fr\/adplim\/contact-2\/","og_locale":"fr_FR","og_type":"article","og_title":"Adh\u00e9sion - Association des Doctorants Pluridisciplinaires de Limoges","og_url":"https:\/\/asso.unilim.fr\/adplim\/contact-2\/","og_site_name":"Association des Doctorants Pluridisciplinaires de Limoges","article_modified_time":"2025-11-24T18:57:06+00:00","og_image":[{"width":600,"height":600,"url":"https:\/\/asso.unilim.fr\/adplim\/wp-content\/uploads\/sites\/14\/2025\/11\/qr-code-adhesion.jpg","type":"image\/jpeg"}],"twitter_card":"summary_large_image","twitter_misc":{"Dur\u00e9e de lecture estim\u00e9e":"1 minute"},"schema":{"@context":"https:\/\/schema.org","@graph":[{"@type":"WebPage","@id":"https:\/\/asso.unilim.fr\/adplim\/contact-2\/","url":"https:\/\/asso.unilim.fr\/adplim\/contact-2\/","name":"Adh\u00e9sion - Association des Doctorants Pluridisciplinaires de Limoges","isPartOf":{"@id":"https:\/\/asso.unilim.fr\/adplim\/#website"},"primaryImageOfPage":{"@id":"https:\/\/asso.unilim.fr\/adplim\/contact-2\/#primaryimage"},"image":{"@id":"https:\/\/asso.unilim.fr\/adplim\/contact-2\/#primaryimage"},"thumbnailUrl":"https:\/\/asso.unilim.fr\/adplim\/wp-content\/uploads\/sites\/14\/2025\/11\/qr-code-adhesion-300x300.jpg","datePublished":"2024-05-31T13:44:55+00:00","dateModified":"2025-11-24T18:57:06+00:00","breadcrumb":{"@id":"https:\/\/asso.unilim.fr\/adplim\/contact-2\/#breadcrumb"},"inLanguage":"fr-FR","potentialAction":[{"@type":"ReadAction","target":["https:\/\/asso.unilim.fr\/adplim\/contact-2\/"]}]},{"@type":"ImageObject","inLanguage":"fr-FR","@id":"https:\/\/asso.unilim.fr\/adplim\/contact-2\/#primaryimage","url":"https:\/\/asso.unilim.fr\/adplim\/wp-content\/uploads\/sites\/14\/2025\/11\/qr-code-adhesion-300x300.jpg","contentUrl":"https:\/\/asso.unilim.fr\/adplim\/wp-content\/uploads\/sites\/14\/2025\/11\/qr-code-adhesion-300x300.jpg"},{"@type":"BreadcrumbList","@id":"https:\/\/asso.unilim.fr\/adplim\/contact-2\/#breadcrumb","itemListElement":[{"@type":"ListItem","position":1,"name":"Accueil","item":"https:\/\/asso.unilim.fr\/adplim\/"},{"@type":"ListItem","position":2,"name":"Adh\u00e9sion"}]},{"@type":"WebSite","@id":"https:\/\/asso.unilim.fr\/adplim\/#website","url":"https:\/\/asso.unilim.fr\/adplim\/","name":"Association des Doctorants Pluridisciplinaires de Limoges","description":"universit\u00e9 ouverte source de r\u00e9ussites","potentialAction":[{"@type":"SearchAction","target":{"@type":"EntryPoint","urlTemplate":"https:\/\/asso.unilim.fr\/adplim\/?s={search_term_string}"},"query-input":{"@type":"PropertyValueSpecification","valueRequired":true,"valueName":"search_term_string"}}],"inLanguage":"fr-FR"}]}},"_links":{"self":[{"href":"https:\/\/asso.unilim.fr\/adplim\/wp-json\/wp\/v2\/pages\/101","targetHints":{"allow":["GET"]}}],"collection":[{"href":"https:\/\/asso.unilim.fr\/adplim\/wp-json\/wp\/v2\/pages"}],"about":[{"href":"https:\/\/asso.unilim.fr\/adplim\/wp-json\/wp\/v2\/types\/page"}],"author":[{"embeddable":true,"href":"https:\/\/asso.unilim.fr\/adplim\/wp-json\/wp\/v2\/users\/246"}],"replies":[{"embeddable":true,"href":"https:\/\/asso.unilim.fr\/adplim\/wp-json\/wp\/v2\/comments?post=101"}],"version-history":[{"count":10,"href":"https:\/\/asso.unilim.fr\/adplim\/wp-json\/wp\/v2\/pages\/101\/revisions"}],"predecessor-version":[{"id":376,"href":"https:\/\/asso.unilim.fr\/adplim\/wp-json\/wp\/v2\/pages\/101\/revisions\/376"}],"wp:attachment":[{"href":"https:\/\/asso.unilim.fr\/adplim\/wp-json\/wp\/v2\/media?parent=101"}],"curies":[{"name":"wp","href":"https:\/\/api.w.org\/{rel}","templated":true}]}}